{"id":1005,"date":"2025-03-11T19:04:43","date_gmt":"2025-03-11T18:04:43","guid":{"rendered":"https:\/\/da-resin-art.com\/?post_type=product&#038;p=1005"},"modified":"2026-02-10T19:14:26","modified_gmt":"2026-02-10T18:14:26","slug":"zegar-scienny-kuper","status":"publish","type":"product","link":"https:\/\/da-resin-art.com\/en\/produkt\/zegar-scienny-kuper\/","title":{"rendered":"Zegar \u015bcienny 50 cm &#8220;Kuper&#8221;"},"content":{"rendered":"\t\t<div data-elementor-type=\"product-post\" data-elementor-id=\"1005\" class=\"elementor elementor-1005\" data-elementor-post-type=\"product\">\n\t\t\t\t\t\t<section class=\"elementor-section elementor-top-section elementor-element elementor-element-1c05077 elementor-section-boxed elementor-section-height-default elementor-section-height-default\" data-id=\"1c05077\" data-element_type=\"section\">\n\t\t\t\t\t\t<div class=\"elementor-container elementor-column-gap-default\">\n\t\t\t\t\t<div class=\"elementor-column elementor-col-100 elementor-top-column elementor-element elementor-element-18dc669\" data-id=\"18dc669\" data-element_type=\"column\">\n\t\t\t<div class=\"elementor-widget-wrap elementor-element-populated\">\n\t\t\t\t\t\t<div class=\"elementor-element elementor-element-0aadb0f elementor-widget elementor-widget-image\" data-id=\"0aadb0f\" data-element_type=\"widget\" data-widget_type=\"image.default\">\n\t\t\t\t<div class=\"elementor-widget-container\">\n\t\t\t\t\t\t\t\t\t\t\t\t\t\t\t<img fetchpriority=\"high\" decoding=\"async\" width=\"1024\" height=\"576\" src=\"https:\/\/da-resin-art.com\/wp-content\/uploads\/2025\/03\/zegar-da-resin-art-kuper-1-4-1024x576.jpg\" class=\"attachment-large size-large wp-image-1009\" alt=\"zegar z \u017cywicy na zam\u00f3wienie czarny kuper\" srcset=\"https:\/\/da-resin-art.com\/wp-content\/uploads\/2025\/03\/zegar-da-resin-art-kuper-1-4-1024x576.jpg 1024w, https:\/\/da-resin-art.com\/wp-content\/uploads\/2025\/03\/zegar-da-resin-art-kuper-1-4-300x169.jpg 300w, https:\/\/da-resin-art.com\/wp-content\/uploads\/2025\/03\/zegar-da-resin-art-kuper-1-4-768x432.jpg 768w, https:\/\/da-resin-art.com\/wp-content\/uploads\/2025\/03\/zegar-da-resin-art-kuper-1-4-1536x864.jpg 1536w, https:\/\/da-resin-art.com\/wp-content\/uploads\/2025\/03\/zegar-da-resin-art-kuper-1-4-2048x1152.jpg 2048w, https:\/\/da-resin-art.com\/wp-content\/uploads\/2025\/03\/zegar-da-resin-art-kuper-1-4-600x338.jpg 600w\" sizes=\"(max-width: 1024px) 100vw, 1024px\" \/>\t\t\t\t\t\t\t\t\t\t\t\t\t\t\t<\/div>\n\t\t\t\t<\/div>\n\t\t\t\t\t<\/div>\n\t\t<\/div>\n\t\t\t\t\t<\/div>\n\t\t<\/section>\n\t\t\t\t<section class=\"elementor-section elementor-top-section elementor-element elementor-element-4e326855 elementor-section-boxed elementor-section-height-default elementor-section-height-default\" data-id=\"4e326855\" data-element_type=\"section\">\n\t\t\t\t\t\t<div class=\"elementor-container elementor-column-gap-default\">\n\t\t\t\t\t<div class=\"elementor-column elementor-col-100 elementor-top-column elementor-element elementor-element-42c485c1\" data-id=\"42c485c1\" data-element_type=\"column\">\n\t\t\t<div class=\"elementor-widget-wrap elementor-element-populated\">\n\t\t\t\t\t\t<div class=\"elementor-element elementor-element-67d3cb9 elementor-widget elementor-widget-text-editor\" data-id=\"67d3cb9\" data-element_type=\"widget\" data-widget_type=\"text-editor.default\">\n\t\t\t\t<div class=\"elementor-widget-container\">\n\t\t\t\t\t\t\t\t\t<p>\ud83d\udda4 \u015arednica 50 cm.<\/p><p>\ud83d\udda4Baza &#8211; MDF.<\/p><p>\ud83d\udda4 Zegar \u015bcienny &#8220;Kuper&#8221; &#8211; wz\u00f3r wykonany z \u017cywicy epoksydowej.<\/p><p>\ud83d\udda4 Rzymskie cyfry i podzia\u0142y.<\/p><p>\ud83d\udda4 Cichy mechanizm zegara.\u00a0<\/p>\t\t\t\t\t\t\t\t<\/div>\n\t\t\t\t<\/div>\n\t\t\t\t\t<\/div>\n\t\t<\/div>\n\t\t\t\t\t<\/div>\n\t\t<\/section>\n\t\t\t\t<section class=\"elementor-section elementor-top-section elementor-element elementor-element-1705c5e elementor-section-boxed elementor-section-height-default elementor-section-height-default\" data-id=\"1705c5e\" data-element_type=\"section\">\n\t\t\t\t\t\t<div class=\"elementor-container elementor-column-gap-default\">\n\t\t\t\t\t<div class=\"elementor-column elementor-col-33 elementor-top-column elementor-element elementor-element-e345a69\" data-id=\"e345a69\" data-element_type=\"column\">\n\t\t\t<div class=\"elementor-widget-wrap elementor-element-populated\">\n\t\t\t\t\t\t<div class=\"elementor-element elementor-element-d042564 elementor-widget elementor-widget-video\" data-id=\"d042564\" data-element_type=\"widget\" data-settings=\"{&quot;youtube_url&quot;:&quot;https:\\\/\\\/youtube.com\\\/watch?v=WHJKVX_gT3A?feature=share&quot;,&quot;video_type&quot;:&quot;youtube&quot;,&quot;controls&quot;:&quot;yes&quot;}\" data-widget_type=\"video.default\">\n\t\t\t\t<div class=\"elementor-widget-container\">\n\t\t\t\t\t\t\t<div class=\"elementor-wrapper elementor-open-inline\">\n\t\t\t<div class=\"elementor-video\"><\/div>\t\t<\/div>\n\t\t\t\t\t\t<\/div>\n\t\t\t\t<\/div>\n\t\t\t\t\t<\/div>\n\t\t<\/div>\n\t\t\t\t<div class=\"elementor-column elementor-col-33 elementor-top-column elementor-element elementor-element-d6da29c\" data-id=\"d6da29c\" data-element_type=\"column\">\n\t\t\t<div class=\"elementor-widget-wrap elementor-element-populated\">\n\t\t\t\t\t\t<div class=\"elementor-element elementor-element-65de88c elementor-widget elementor-widget-image\" data-id=\"65de88c\" data-element_type=\"widget\" data-widget_type=\"image.default\">\n\t\t\t\t<div class=\"elementor-widget-container\">\n\t\t\t\t\t\t\t\t\t\t\t\t\t\t\t<img decoding=\"async\" width=\"571\" height=\"1024\" src=\"https:\/\/da-resin-art.com\/wp-content\/uploads\/2025\/03\/zegar-da-resin-art-kuper-1-6-571x1024.jpg\" class=\"attachment-large size-large wp-image-1010\" alt=\"\" srcset=\"https:\/\/da-resin-art.com\/wp-content\/uploads\/2025\/03\/zegar-da-resin-art-kuper-1-6-571x1024.jpg 571w, https:\/\/da-resin-art.com\/wp-content\/uploads\/2025\/03\/zegar-da-resin-art-kuper-1-6-167x300.jpg 167w, https:\/\/da-resin-art.com\/wp-content\/uploads\/2025\/03\/zegar-da-resin-art-kuper-1-6-768x1376.jpg 768w, https:\/\/da-resin-art.com\/wp-content\/uploads\/2025\/03\/zegar-da-resin-art-kuper-1-6-857x1536.jpg 857w, https:\/\/da-resin-art.com\/wp-content\/uploads\/2025\/03\/zegar-da-resin-art-kuper-1-6-600x1075.jpg 600w, https:\/\/da-resin-art.com\/wp-content\/uploads\/2025\/03\/zegar-da-resin-art-kuper-1-6.jpg 900w\" sizes=\"(max-width: 571px) 100vw, 571px\" \/>\t\t\t\t\t\t\t\t\t\t\t\t\t\t\t<\/div>\n\t\t\t\t<\/div>\n\t\t\t\t\t<\/div>\n\t\t<\/div>\n\t\t\t\t<div class=\"elementor-column elementor-col-33 elementor-top-column elementor-element elementor-element-f8aab89\" data-id=\"f8aab89\" data-element_type=\"column\">\n\t\t\t<div class=\"elementor-widget-wrap elementor-element-populated\">\n\t\t\t\t\t\t<div class=\"elementor-element elementor-element-d89be88 elementor-widget elementor-widget-image\" data-id=\"d89be88\" data-element_type=\"widget\" data-widget_type=\"image.default\">\n\t\t\t\t<div class=\"elementor-widget-container\">\n\t\t\t\t\t\t\t\t\t\t\t\t\t\t\t<img decoding=\"async\" width=\"571\" height=\"1024\" src=\"https:\/\/da-resin-art.com\/wp-content\/uploads\/2025\/03\/zegar-da-resin-art-kuper-1-1-571x1024.jpg\" class=\"attachment-large size-large wp-image-1011\" alt=\"zegar z \u017cywicy na zam\u00f3wienie czarny kuper\" srcset=\"https:\/\/da-resin-art.com\/wp-content\/uploads\/2025\/03\/zegar-da-resin-art-kuper-1-1-571x1024.jpg 571w, https:\/\/da-resin-art.com\/wp-content\/uploads\/2025\/03\/zegar-da-resin-art-kuper-1-1-167x300.jpg 167w, https:\/\/da-resin-art.com\/wp-content\/uploads\/2025\/03\/zegar-da-resin-art-kuper-1-1-768x1376.jpg 768w, https:\/\/da-resin-art.com\/wp-content\/uploads\/2025\/03\/zegar-da-resin-art-kuper-1-1-857x1536.jpg 857w, https:\/\/da-resin-art.com\/wp-content\/uploads\/2025\/03\/zegar-da-resin-art-kuper-1-1-600x1075.jpg 600w, https:\/\/da-resin-art.com\/wp-content\/uploads\/2025\/03\/zegar-da-resin-art-kuper-1-1.jpg 900w\" sizes=\"(max-width: 571px) 100vw, 571px\" \/>\t\t\t\t\t\t\t\t\t\t\t\t\t\t\t<\/div>\n\t\t\t\t<\/div>\n\t\t\t\t\t<\/div>\n\t\t<\/div>\n\t\t\t\t\t<\/div>\n\t\t<\/section>\n\t\t\t\t<section class=\"elementor-section elementor-top-section elementor-element elementor-element-de9aa7f elementor-section-boxed elementor-section-height-default elementor-section-height-default\" data-id=\"de9aa7f\" data-element_type=\"section\">\n\t\t\t\t\t\t<div class=\"elementor-container elementor-column-gap-default\">\n\t\t\t\t\t<div class=\"elementor-column elementor-col-100 elementor-top-column elementor-element elementor-element-a0b9f94\" data-id=\"a0b9f94\" data-element_type=\"column\">\n\t\t\t<div class=\"elementor-widget-wrap elementor-element-populated\">\n\t\t\t\t\t\t<div class=\"elementor-element elementor-element-68b2ab8 elementor-widget elementor-widget-text-editor\" data-id=\"68b2ab8\" data-element_type=\"widget\" data-widget_type=\"text-editor.default\">\n\t\t\t\t<div class=\"elementor-widget-container\">\n\t\t\t\t\t\t\t\t\t<h3 data-start=\"0\" data-end=\"63\">Zegar \u015bcienny <strong data-start=\"18\" data-end=\"29\">&#8220;Kuper&#8221;<\/strong> \u2013 klasyka w nowoczesnym wydaniu<\/h3><p data-start=\"65\" data-end=\"294\">Monumentalny, 50-centymetrowy zegar \u015bcienny <strong data-start=\"109\" data-end=\"120\">&#8220;Kuper&#8221;<\/strong> to eleganckie po\u0142\u0105czenie klasyki i wsp\u00f3\u0142czesnego designu. Wykonany z \u017cywicy epoksydowej w marmurowym wzorze, zachwyca g\u0142\u0119bi\u0105 czerni i ciep\u0142ymi odcieniami miedzi oraz be\u017cu.<\/p><p data-start=\"296\" data-end=\"419\">Rzymskie cyfry z podzia\u0142ami dodaj\u0105 mu ponadczasowego charakteru, a cichy mechanizm zapewnia spok\u00f3j i komfort u\u017cytkowania.<\/p><p data-start=\"421\" data-end=\"570\" data-is-last-node=\"\" data-is-only-node=\"\"><strong data-start=\"421\" data-end=\"432\">&#8220;Kuper&#8221;<\/strong> to wi\u0119cej ni\u017c zegar \u2013 to stylowa ozdoba, kt\u00f3ra nada wn\u0119trzu wyj\u0105tkowy charakter i luksusowy akcent. Wybierz elegancj\u0119 i wyrafinowanie!<\/p>\t\t\t\t\t\t\t\t<\/div>\n\t\t\t\t<\/div>\n\t\t\t\t\t<\/div>\n\t\t<\/div>\n\t\t\t\t\t<\/div>\n\t\t<\/section>\n\t\t\t\t<section class=\"elementor-section elementor-top-section elementor-element elementor-element-e6cc6e8 elementor-section-boxed elementor-section-height-default elementor-section-height-default\" data-id=\"e6cc6e8\" data-element_type=\"section\">\n\t\t\t\t\t\t<div class=\"elementor-container elementor-column-gap-default\">\n\t\t\t\t\t<div class=\"elementor-column elementor-col-33 elementor-top-column elementor-element elementor-element-ca6c748\" data-id=\"ca6c748\" data-element_type=\"column\">\n\t\t\t<div class=\"elementor-widget-wrap elementor-element-populated\">\n\t\t\t\t\t\t<div class=\"elementor-element elementor-element-f8a13bc elementor-widget elementor-widget-image\" data-id=\"f8a13bc\" data-element_type=\"widget\" data-widget_type=\"image.default\">\n\t\t\t\t<div class=\"elementor-widget-container\">\n\t\t\t\t\t\t\t\t\t\t\t\t\t\t\t<img loading=\"lazy\" decoding=\"async\" width=\"576\" height=\"1024\" src=\"https:\/\/da-resin-art.com\/wp-content\/uploads\/2025\/03\/zegar-da-resin-art-kuper-1-2-576x1024.jpg\" class=\"attachment-large size-large wp-image-1012\" alt=\"\" srcset=\"https:\/\/da-resin-art.com\/wp-content\/uploads\/2025\/03\/zegar-da-resin-art-kuper-1-2-576x1024.jpg 576w, https:\/\/da-resin-art.com\/wp-content\/uploads\/2025\/03\/zegar-da-resin-art-kuper-1-2-169x300.jpg 169w, https:\/\/da-resin-art.com\/wp-content\/uploads\/2025\/03\/zegar-da-resin-art-kuper-1-2-768x1365.jpg 768w, https:\/\/da-resin-art.com\/wp-content\/uploads\/2025\/03\/zegar-da-resin-art-kuper-1-2-864x1536.jpg 864w, https:\/\/da-resin-art.com\/wp-content\/uploads\/2025\/03\/zegar-da-resin-art-kuper-1-2-1152x2048.jpg 1152w, https:\/\/da-resin-art.com\/wp-content\/uploads\/2025\/03\/zegar-da-resin-art-kuper-1-2-600x1067.jpg 600w, https:\/\/da-resin-art.com\/wp-content\/uploads\/2025\/03\/zegar-da-resin-art-kuper-1-2-scaled.jpg 1440w\" sizes=\"(max-width: 576px) 100vw, 576px\" \/>\t\t\t\t\t\t\t\t\t\t\t\t\t\t\t<\/div>\n\t\t\t\t<\/div>\n\t\t\t\t\t<\/div>\n\t\t<\/div>\n\t\t\t\t<div class=\"elementor-column elementor-col-33 elementor-top-column elementor-element elementor-element-2d77b49\" data-id=\"2d77b49\" data-element_type=\"column\">\n\t\t\t<div class=\"elementor-widget-wrap elementor-element-populated\">\n\t\t\t\t\t\t<div class=\"elementor-element elementor-element-ebc2c3f elementor-widget elementor-widget-image\" data-id=\"ebc2c3f\" data-element_type=\"widget\" data-widget_type=\"image.default\">\n\t\t\t\t<div class=\"elementor-widget-container\">\n\t\t\t\t\t\t\t\t\t\t\t\t\t\t\t<img loading=\"lazy\" decoding=\"async\" width=\"571\" height=\"1024\" src=\"https:\/\/da-resin-art.com\/wp-content\/uploads\/2025\/03\/zegar-da-resin-art-kuper-1-5-571x1024.jpg\" class=\"attachment-large size-large wp-image-1013\" alt=\"\" srcset=\"https:\/\/da-resin-art.com\/wp-content\/uploads\/2025\/03\/zegar-da-resin-art-kuper-1-5-571x1024.jpg 571w, https:\/\/da-resin-art.com\/wp-content\/uploads\/2025\/03\/zegar-da-resin-art-kuper-1-5-167x300.jpg 167w, https:\/\/da-resin-art.com\/wp-content\/uploads\/2025\/03\/zegar-da-resin-art-kuper-1-5-768x1376.jpg 768w, https:\/\/da-resin-art.com\/wp-content\/uploads\/2025\/03\/zegar-da-resin-art-kuper-1-5-857x1536.jpg 857w, https:\/\/da-resin-art.com\/wp-content\/uploads\/2025\/03\/zegar-da-resin-art-kuper-1-5-600x1075.jpg 600w, https:\/\/da-resin-art.com\/wp-content\/uploads\/2025\/03\/zegar-da-resin-art-kuper-1-5.jpg 900w\" sizes=\"(max-width: 571px) 100vw, 571px\" \/>\t\t\t\t\t\t\t\t\t\t\t\t\t\t\t<\/div>\n\t\t\t\t<\/div>\n\t\t\t\t\t<\/div>\n\t\t<\/div>\n\t\t\t\t<div class=\"elementor-column elementor-col-33 elementor-top-column elementor-element elementor-element-d167be2\" data-id=\"d167be2\" data-element_type=\"column\">\n\t\t\t<div class=\"elementor-widget-wrap elementor-element-populated\">\n\t\t\t\t\t\t<div class=\"elementor-element elementor-element-f797468 elementor-widget elementor-widget-image\" data-id=\"f797468\" data-element_type=\"widget\" data-widget_type=\"image.default\">\n\t\t\t\t<div class=\"elementor-widget-container\">\n\t\t\t\t\t\t\t\t\t\t\t\t\t\t\t<img loading=\"lazy\" decoding=\"async\" width=\"576\" height=\"1024\" src=\"https:\/\/da-resin-art.com\/wp-content\/uploads\/2025\/03\/zegar-da-resin-art-kuper-1-3-576x1024.jpg\" class=\"attachment-large size-large wp-image-1014\" alt=\"\" srcset=\"https:\/\/da-resin-art.com\/wp-content\/uploads\/2025\/03\/zegar-da-resin-art-kuper-1-3-576x1024.jpg 576w, https:\/\/da-resin-art.com\/wp-content\/uploads\/2025\/03\/zegar-da-resin-art-kuper-1-3-169x300.jpg 169w, https:\/\/da-resin-art.com\/wp-content\/uploads\/2025\/03\/zegar-da-resin-art-kuper-1-3-768x1365.jpg 768w, https:\/\/da-resin-art.com\/wp-content\/uploads\/2025\/03\/zegar-da-resin-art-kuper-1-3-864x1536.jpg 864w, https:\/\/da-resin-art.com\/wp-content\/uploads\/2025\/03\/zegar-da-resin-art-kuper-1-3-1152x2048.jpg 1152w, https:\/\/da-resin-art.com\/wp-content\/uploads\/2025\/03\/zegar-da-resin-art-kuper-1-3-600x1067.jpg 600w, https:\/\/da-resin-art.com\/wp-content\/uploads\/2025\/03\/zegar-da-resin-art-kuper-1-3-scaled.jpg 1440w\" sizes=\"(max-width: 576px) 100vw, 576px\" \/>\t\t\t\t\t\t\t\t\t\t\t\t\t\t\t<\/div>\n\t\t\t\t<\/div>\n\t\t\t\t\t<\/div>\n\t\t<\/div>\n\t\t\t\t\t<\/div>\n\t\t<\/section>\n\t\t\t\t<\/div>\n\t\t","protected":false},"excerpt":{"rendered":"<p data-start=\"0\" data-end=\"140\">50 cm. Zegar \u015bcienny <strong>&#8220;Kuper&#8221;<\/strong> &#8211; wz\u00f3r wykonany z \u017cywicy w stylu marmur: na czarnym tle kolory kuper i be\u017cowy, rzymskie cyfry z podzia\u0142ami. Ciczy mechanizm zegara.<\/p>\n<ul data-start=\"142\" data-end=\"704\" data-is-last-node=\"\">\n<li data-start=\"142\" data-end=\"271\">Zegar \u015bcienny <strong data-start=\"14\" data-end=\"25\">&#8220;Kuper&#8221;<\/strong> to eleganckie po\u0142\u0105czenie klasycznego stylu i nowoczesnego designu, wykonane z \u017cywicy epoksydowej w marmurowym wzorze.<\/li>\n<li data-start=\"272\" data-end=\"401\">Szlachetna kolorystyka \u2013 g\u0142\u0119bokie czarne t\u0142o z akcentami miedzianego (<em data-start=\"216\" data-end=\"223\">kuper<\/em>) i be\u017cu \u2013 nadaje mu wyrafinowany charakter.<\/li>\n<li data-start=\"402\" data-end=\"511\"><strong data-start=\"404\" data-end=\"423\">Cichy mechanizm<\/strong> gwarantuje spok\u00f3j i komfort, sprawiaj\u0105c, \u017ce zegar idealnie pasuje do ka\u017cdego wn\u0119trza.<\/li>\n<li data-start=\"402\" data-end=\"511\"><strong>Rzymskie cyfry z podzia\u0142ami<\/strong> podkre\u015blaj\u0105 klasyczn\u0105 estetyk\u0119.<\/li>\n<li data-start=\"512\" data-end=\"626\"><b>To<\/b>\u00a0nie tylko zegar, ale r\u00f3wnie\u017c dekoracyjny akcent, kt\u00f3ry podkre\u015bli styl i elegancj\u0119 Twojego domu.<\/li>\n<li data-start=\"512\" data-end=\"626\">Wybierz ponadczasow\u0105 elegancj\u0119 \u2013 postaw na <strong data-start=\"520\" data-end=\"531\">&#8220;Kuper&#8221;<\/strong>! \u23f3\u2728<\/li>\n<\/ul>\n","protected":false},"featured_media":1006,"template":"","meta":{"_acf_changed":false,"_kadence_starter_templates_imported_post":false,"_kad_post_transparent":"default","_kad_post_title":"","_kad_post_layout":"default","_kad_post_sidebar_id":"","_kad_post_content_style":"default","_kad_post_vertical_padding":"default","_kad_post_feature":"","_kad_post_feature_position":"","_kad_post_header":false,"_kad_post_footer":false},"product_brand":[],"product_cat":[18],"product_tag":[38,29],"class_list":{"0":"post-1005","1":"product","2":"type-product","3":"status-publish","4":"has-post-thumbnail","6":"product_cat-galeria","7":"product_tag-sprzedany","8":"product_tag-wszystko","10":"first","11":"outofstock","12":"shipping-taxable","13":"purchasable","14":"product-type-simple","15":"entry","16":"content-bg","17":"loop-entry"},"acf":[],"_links":{"self":[{"href":"https:\/\/da-resin-art.com\/en\/wp-json\/wp\/v2\/product\/1005","targetHints":{"allow":["GET"]}}],"collection":[{"href":"https:\/\/da-resin-art.com\/en\/wp-json\/wp\/v2\/product"}],"about":[{"href":"https:\/\/da-resin-art.com\/en\/wp-json\/wp\/v2\/types\/product"}],"version-history":[{"count":10,"href":"https:\/\/da-resin-art.com\/en\/wp-json\/wp\/v2\/product\/1005\/revisions"}],"predecessor-version":[{"id":4279,"href":"https:\/\/da-resin-art.com\/en\/wp-json\/wp\/v2\/product\/1005\/revisions\/4279"}],"wp:featuredmedia":[{"embeddable":true,"href":"https:\/\/da-resin-art.com\/en\/wp-json\/wp\/v2\/media\/1006"}],"wp:attachment":[{"href":"https:\/\/da-resin-art.com\/en\/wp-json\/wp\/v2\/media?parent=1005"}],"wp:term":[{"taxonomy":"product_brand","embeddable":true,"href":"https:\/\/da-resin-art.com\/en\/wp-json\/wp\/v2\/product_brand?post=1005"},{"taxonomy":"product_cat","embeddable":true,"href":"https:\/\/da-resin-art.com\/en\/wp-json\/wp\/v2\/product_cat?post=1005"},{"taxonomy":"product_tag","embeddable":true,"href":"https:\/\/da-resin-art.com\/en\/wp-json\/wp\/v2\/product_tag?post=1005"}],"curies":[{"name":"wp","href":"https:\/\/api.w.org\/{rel}","templated":true}]}}