{"id":1047,"date":"2025-03-11T20:23:30","date_gmt":"2025-03-11T19:23:30","guid":{"rendered":"https:\/\/da-resin-art.com\/?post_type=product&#038;p=1047"},"modified":"2026-02-10T19:12:52","modified_gmt":"2026-02-10T18:12:52","slug":"zegar-scienny-ocean","status":"publish","type":"product","link":"https:\/\/da-resin-art.com\/en\/produkt\/zegar-scienny-ocean\/","title":{"rendered":"Zegar \u015bcienny 40 cm &#8220;Ocean&#8221;"},"content":{"rendered":"\t\t<div data-elementor-type=\"product-post\" data-elementor-id=\"1047\" class=\"elementor elementor-1047\" data-elementor-post-type=\"product\">\n\t\t\t\t\t\t<section class=\"elementor-section elementor-top-section elementor-element elementor-element-1c05077 elementor-section-boxed elementor-section-height-default elementor-section-height-default\" data-id=\"1c05077\" data-element_type=\"section\">\n\t\t\t\t\t\t<div class=\"elementor-container elementor-column-gap-default\">\n\t\t\t\t\t<div class=\"elementor-column elementor-col-100 elementor-top-column elementor-element elementor-element-18dc669\" data-id=\"18dc669\" data-element_type=\"column\">\n\t\t\t<div class=\"elementor-widget-wrap elementor-element-populated\">\n\t\t\t\t\t\t<div class=\"elementor-element elementor-element-0aadb0f elementor-widget elementor-widget-image\" data-id=\"0aadb0f\" data-element_type=\"widget\" data-widget_type=\"image.default\">\n\t\t\t\t<div class=\"elementor-widget-container\">\n\t\t\t\t\t\t\t\t\t\t\t\t\t\t\t<img fetchpriority=\"high\" decoding=\"async\" width=\"1024\" height=\"576\" src=\"https:\/\/da-resin-art.com\/wp-content\/uploads\/2025\/03\/zegar-da-resin-art-ocean-1-3-1024x576.jpg\" class=\"attachment-large size-large wp-image-1050\" alt=\"Zegar \u015bcienny z \u017cywicy z \u017cywicy z efektem fal morskich\" srcset=\"https:\/\/da-resin-art.com\/wp-content\/uploads\/2025\/03\/zegar-da-resin-art-ocean-1-3-1024x576.jpg 1024w, https:\/\/da-resin-art.com\/wp-content\/uploads\/2025\/03\/zegar-da-resin-art-ocean-1-3-300x169.jpg 300w, https:\/\/da-resin-art.com\/wp-content\/uploads\/2025\/03\/zegar-da-resin-art-ocean-1-3-768x432.jpg 768w, https:\/\/da-resin-art.com\/wp-content\/uploads\/2025\/03\/zegar-da-resin-art-ocean-1-3-1536x864.jpg 1536w, https:\/\/da-resin-art.com\/wp-content\/uploads\/2025\/03\/zegar-da-resin-art-ocean-1-3-600x338.jpg 600w, https:\/\/da-resin-art.com\/wp-content\/uploads\/2025\/03\/zegar-da-resin-art-ocean-1-3.jpg 2000w\" sizes=\"(max-width: 1024px) 100vw, 1024px\" \/>\t\t\t\t\t\t\t\t\t\t\t\t\t\t\t<\/div>\n\t\t\t\t<\/div>\n\t\t\t\t\t<\/div>\n\t\t<\/div>\n\t\t\t\t\t<\/div>\n\t\t<\/section>\n\t\t\t\t<section class=\"elementor-section elementor-top-section elementor-element elementor-element-4e326855 elementor-section-boxed elementor-section-height-default elementor-section-height-default\" data-id=\"4e326855\" data-element_type=\"section\">\n\t\t\t\t\t\t<div class=\"elementor-container elementor-column-gap-default\">\n\t\t\t\t\t<div class=\"elementor-column elementor-col-100 elementor-top-column elementor-element elementor-element-42c485c1\" data-id=\"42c485c1\" data-element_type=\"column\">\n\t\t\t<div class=\"elementor-widget-wrap elementor-element-populated\">\n\t\t\t\t\t\t<div class=\"elementor-element elementor-element-67d3cb9 elementor-widget elementor-widget-text-editor\" data-id=\"67d3cb9\" data-element_type=\"widget\" data-widget_type=\"text-editor.default\">\n\t\t\t\t<div class=\"elementor-widget-container\">\n\t\t\t\t\t\t\t\t\t<p>\ud83d\udda4 \u015arednica 40 cm.<\/p><p>\ud83d\udda4Baza &#8211; MDF.<\/p><p>\ud83d\udda4 Zegar \u015bcienny &#8220;Ocean&#8221; &#8211; wz\u00f3r wykonany z \u017cywicy epoksydowej.<\/p><p>\ud83d\udda4Dodatki: kamienie naturalne.<\/p><p>\ud83d\udda4 Cichy mechanizm zegara.\u00a0<\/p>\t\t\t\t\t\t\t\t<\/div>\n\t\t\t\t<\/div>\n\t\t\t\t\t<\/div>\n\t\t<\/div>\n\t\t\t\t\t<\/div>\n\t\t<\/section>\n\t\t\t\t<section class=\"elementor-section elementor-top-section elementor-element elementor-element-1705c5e elementor-section-boxed elementor-section-height-default elementor-section-height-default\" data-id=\"1705c5e\" data-element_type=\"section\">\n\t\t\t\t\t\t<div class=\"elementor-container elementor-column-gap-default\">\n\t\t\t\t\t<div class=\"elementor-column elementor-col-33 elementor-top-column elementor-element elementor-element-e345a69\" data-id=\"e345a69\" data-element_type=\"column\">\n\t\t\t<div class=\"elementor-widget-wrap elementor-element-populated\">\n\t\t\t\t\t\t<div class=\"elementor-element elementor-element-d042564 elementor-widget elementor-widget-video\" data-id=\"d042564\" data-element_type=\"widget\" data-settings=\"{&quot;youtube_url&quot;:&quot;https:\\\/\\\/youtube.com\\\/watch?v=xOLXsJn-3uI?feature=share&quot;,&quot;video_type&quot;:&quot;youtube&quot;,&quot;controls&quot;:&quot;yes&quot;}\" data-widget_type=\"video.default\">\n\t\t\t\t<div class=\"elementor-widget-container\">\n\t\t\t\t\t\t\t<div class=\"elementor-wrapper elementor-open-inline\">\n\t\t\t<div class=\"elementor-video\"><\/div>\t\t<\/div>\n\t\t\t\t\t\t<\/div>\n\t\t\t\t<\/div>\n\t\t\t\t\t<\/div>\n\t\t<\/div>\n\t\t\t\t<div class=\"elementor-column elementor-col-33 elementor-top-column elementor-element elementor-element-d6da29c\" data-id=\"d6da29c\" data-element_type=\"column\">\n\t\t\t<div class=\"elementor-widget-wrap elementor-element-populated\">\n\t\t\t\t\t\t<div class=\"elementor-element elementor-element-65de88c elementor-widget elementor-widget-image\" data-id=\"65de88c\" data-element_type=\"widget\" data-widget_type=\"image.default\">\n\t\t\t\t<div class=\"elementor-widget-container\">\n\t\t\t\t\t\t\t\t\t\t\t\t\t\t\t<img decoding=\"async\" width=\"682\" height=\"1024\" src=\"https:\/\/da-resin-art.com\/wp-content\/uploads\/2025\/03\/zegar-da-resin-art-ocean-1-2-682x1024.jpg\" class=\"attachment-large size-large wp-image-1051\" alt=\"Zegar \u015bcienny z \u017cywicy z \u017cywicy z efektem fal morskich\" srcset=\"https:\/\/da-resin-art.com\/wp-content\/uploads\/2025\/03\/zegar-da-resin-art-ocean-1-2-682x1024.jpg 682w, https:\/\/da-resin-art.com\/wp-content\/uploads\/2025\/03\/zegar-da-resin-art-ocean-1-2-200x300.jpg 200w, https:\/\/da-resin-art.com\/wp-content\/uploads\/2025\/03\/zegar-da-resin-art-ocean-1-2-768x1152.jpg 768w, https:\/\/da-resin-art.com\/wp-content\/uploads\/2025\/03\/zegar-da-resin-art-ocean-1-2-1024x1536.jpg 1024w, https:\/\/da-resin-art.com\/wp-content\/uploads\/2025\/03\/zegar-da-resin-art-ocean-1-2-1365x2048.jpg 1365w, https:\/\/da-resin-art.com\/wp-content\/uploads\/2025\/03\/zegar-da-resin-art-ocean-1-2-600x900.jpg 600w, https:\/\/da-resin-art.com\/wp-content\/uploads\/2025\/03\/zegar-da-resin-art-ocean-1-2-scaled.jpg 1706w\" sizes=\"(max-width: 682px) 100vw, 682px\" \/>\t\t\t\t\t\t\t\t\t\t\t\t\t\t\t<\/div>\n\t\t\t\t<\/div>\n\t\t\t\t\t<\/div>\n\t\t<\/div>\n\t\t\t\t<div class=\"elementor-column elementor-col-33 elementor-top-column elementor-element elementor-element-f8aab89\" data-id=\"f8aab89\" data-element_type=\"column\">\n\t\t\t<div class=\"elementor-widget-wrap elementor-element-populated\">\n\t\t\t\t\t\t<div class=\"elementor-element elementor-element-d89be88 elementor-widget elementor-widget-image\" data-id=\"d89be88\" data-element_type=\"widget\" data-widget_type=\"image.default\">\n\t\t\t\t<div class=\"elementor-widget-container\">\n\t\t\t\t\t\t\t\t\t\t\t\t\t\t\t<img decoding=\"async\" width=\"606\" height=\"1024\" src=\"https:\/\/da-resin-art.com\/wp-content\/uploads\/2025\/03\/zegar-da-resin-art-ocean-1-4-606x1024.jpg\" class=\"attachment-large size-large wp-image-1052\" alt=\"\" srcset=\"https:\/\/da-resin-art.com\/wp-content\/uploads\/2025\/03\/zegar-da-resin-art-ocean-1-4-606x1024.jpg 606w, https:\/\/da-resin-art.com\/wp-content\/uploads\/2025\/03\/zegar-da-resin-art-ocean-1-4-178x300.jpg 178w, https:\/\/da-resin-art.com\/wp-content\/uploads\/2025\/03\/zegar-da-resin-art-ocean-1-4-768x1298.jpg 768w, https:\/\/da-resin-art.com\/wp-content\/uploads\/2025\/03\/zegar-da-resin-art-ocean-1-4-909x1536.jpg 909w, https:\/\/da-resin-art.com\/wp-content\/uploads\/2025\/03\/zegar-da-resin-art-ocean-1-4-1212x2048.jpg 1212w, https:\/\/da-resin-art.com\/wp-content\/uploads\/2025\/03\/zegar-da-resin-art-ocean-1-4-600x1014.jpg 600w, https:\/\/da-resin-art.com\/wp-content\/uploads\/2025\/03\/zegar-da-resin-art-ocean-1-4-scaled.jpg 1515w\" sizes=\"(max-width: 606px) 100vw, 606px\" \/>\t\t\t\t\t\t\t\t\t\t\t\t\t\t\t<\/div>\n\t\t\t\t<\/div>\n\t\t\t\t\t<\/div>\n\t\t<\/div>\n\t\t\t\t\t<\/div>\n\t\t<\/section>\n\t\t\t\t<section class=\"elementor-section elementor-top-section elementor-element elementor-element-de9aa7f elementor-section-boxed elementor-section-height-default elementor-section-height-default\" data-id=\"de9aa7f\" data-element_type=\"section\">\n\t\t\t\t\t\t<div class=\"elementor-container elementor-column-gap-default\">\n\t\t\t\t\t<div class=\"elementor-column elementor-col-100 elementor-top-column elementor-element elementor-element-a0b9f94\" data-id=\"a0b9f94\" data-element_type=\"column\">\n\t\t\t<div class=\"elementor-widget-wrap elementor-element-populated\">\n\t\t\t\t\t\t<div class=\"elementor-element elementor-element-68b2ab8 elementor-widget elementor-widget-text-editor\" data-id=\"68b2ab8\" data-element_type=\"widget\" data-widget_type=\"text-editor.default\">\n\t\t\t\t<div class=\"elementor-widget-container\">\n\t\t\t\t\t\t\t\t\t<h3 data-start=\"0\" data-end=\"62\">Zegar \u015bcienny <strong data-start=\"18\" data-end=\"29\">&#8220;Ocean&#8221;<\/strong> \u2013 \u017cywio\u0142 wody zakl\u0119ty w czasie<\/h3><p data-start=\"64\" data-end=\"333\">Imponuj\u0105cy, 40-centymetrowy zegar \u015bcienny <strong data-start=\"106\" data-end=\"117\">&#8220;Ocean&#8221;<\/strong> to harmonijne po\u0142\u0105czenie sztuki i natury. Wykonany z \u017cywicy epoksydowej, zachwyca efektem <strong data-start=\"208\" data-end=\"231\">tr\u00f3jwymiarowych fal<\/strong>, kt\u00f3re w g\u0142\u0119bokim granacie oceanu rozbijaj\u0105 si\u0119 o czarny, wulkaniczny brzeg z naturalnego kamienia.<\/p><p data-start=\"335\" data-end=\"506\">Rzymskie cyfry z podzia\u0142ami podkre\u015blaj\u0105 ponadczasowy styl, a cichy mechanizm zapewnia komfort u\u017cytkowania, wprowadzaj\u0105c do wn\u0119trza atmosfer\u0119 spokoju i morskiej harmonii.<\/p><p data-start=\"508\" data-end=\"666\" data-is-last-node=\"\" data-is-only-node=\"\"><strong data-start=\"508\" data-end=\"519\">&#8220;Ocean&#8221;<\/strong> to nie tylko zegar \u2013 to wyj\u0105tkowy element dekoracyjny, kt\u00f3ry wprowadzi do Twojego domu pot\u0119g\u0119 wody i magi\u0119 natury. Zanurz si\u0119 w pi\u0119knie oceanu!<\/p>\t\t\t\t\t\t\t\t<\/div>\n\t\t\t\t<\/div>\n\t\t\t\t\t<\/div>\n\t\t<\/div>\n\t\t\t\t\t<\/div>\n\t\t<\/section>\n\t\t\t\t<section class=\"elementor-section elementor-top-section elementor-element elementor-element-e6cc6e8 elementor-section-boxed elementor-section-height-default elementor-section-height-default\" data-id=\"e6cc6e8\" data-element_type=\"section\">\n\t\t\t\t\t\t<div class=\"elementor-container elementor-column-gap-default\">\n\t\t\t\t\t<div class=\"elementor-column elementor-col-33 elementor-top-column elementor-element elementor-element-ca6c748\" data-id=\"ca6c748\" data-element_type=\"column\">\n\t\t\t<div class=\"elementor-widget-wrap elementor-element-populated\">\n\t\t\t\t\t\t<div class=\"elementor-element elementor-element-f8a13bc elementor-widget elementor-widget-image\" data-id=\"f8a13bc\" data-element_type=\"widget\" data-widget_type=\"image.default\">\n\t\t\t\t<div class=\"elementor-widget-container\">\n\t\t\t\t\t\t\t\t\t\t\t\t\t\t\t<img loading=\"lazy\" decoding=\"async\" width=\"768\" height=\"1024\" src=\"https:\/\/da-resin-art.com\/wp-content\/uploads\/2025\/03\/zegar-da-resin-art-ocean-1-1-768x1024.jpg\" class=\"attachment-large size-large wp-image-1053\" alt=\"\" srcset=\"https:\/\/da-resin-art.com\/wp-content\/uploads\/2025\/03\/zegar-da-resin-art-ocean-1-1-768x1024.jpg 768w, https:\/\/da-resin-art.com\/wp-content\/uploads\/2025\/03\/zegar-da-resin-art-ocean-1-1-225x300.jpg 225w, https:\/\/da-resin-art.com\/wp-content\/uploads\/2025\/03\/zegar-da-resin-art-ocean-1-1-1152x1536.jpg 1152w, https:\/\/da-resin-art.com\/wp-content\/uploads\/2025\/03\/zegar-da-resin-art-ocean-1-1-1536x2048.jpg 1536w, https:\/\/da-resin-art.com\/wp-content\/uploads\/2025\/03\/zegar-da-resin-art-ocean-1-1-600x800.jpg 600w, https:\/\/da-resin-art.com\/wp-content\/uploads\/2025\/03\/zegar-da-resin-art-ocean-1-1-scaled.jpg 1920w\" sizes=\"(max-width: 768px) 100vw, 768px\" \/>\t\t\t\t\t\t\t\t\t\t\t\t\t\t\t<\/div>\n\t\t\t\t<\/div>\n\t\t\t\t\t<\/div>\n\t\t<\/div>\n\t\t\t\t<div class=\"elementor-column elementor-col-33 elementor-top-column elementor-element elementor-element-2d77b49\" data-id=\"2d77b49\" data-element_type=\"column\">\n\t\t\t<div class=\"elementor-widget-wrap elementor-element-populated\">\n\t\t\t\t\t\t<div class=\"elementor-element elementor-element-ebc2c3f elementor-widget elementor-widget-image\" data-id=\"ebc2c3f\" data-element_type=\"widget\" data-widget_type=\"image.default\">\n\t\t\t\t<div class=\"elementor-widget-container\">\n\t\t\t\t\t\t\t\t\t\t\t\t\t\t\t<img loading=\"lazy\" decoding=\"async\" width=\"768\" height=\"1024\" src=\"https:\/\/da-resin-art.com\/wp-content\/uploads\/2025\/03\/zegar-da-resin-art-ocean-1-5-768x1024.jpg\" class=\"attachment-large size-large wp-image-1054\" alt=\"\" srcset=\"https:\/\/da-resin-art.com\/wp-content\/uploads\/2025\/03\/zegar-da-resin-art-ocean-1-5-768x1024.jpg 768w, https:\/\/da-resin-art.com\/wp-content\/uploads\/2025\/03\/zegar-da-resin-art-ocean-1-5-225x300.jpg 225w, https:\/\/da-resin-art.com\/wp-content\/uploads\/2025\/03\/zegar-da-resin-art-ocean-1-5-1152x1536.jpg 1152w, https:\/\/da-resin-art.com\/wp-content\/uploads\/2025\/03\/zegar-da-resin-art-ocean-1-5-1536x2048.jpg 1536w, https:\/\/da-resin-art.com\/wp-content\/uploads\/2025\/03\/zegar-da-resin-art-ocean-1-5-600x800.jpg 600w, https:\/\/da-resin-art.com\/wp-content\/uploads\/2025\/03\/zegar-da-resin-art-ocean-1-5-scaled.jpg 1920w\" sizes=\"(max-width: 768px) 100vw, 768px\" \/>\t\t\t\t\t\t\t\t\t\t\t\t\t\t\t<\/div>\n\t\t\t\t<\/div>\n\t\t\t\t\t<\/div>\n\t\t<\/div>\n\t\t\t\t<div class=\"elementor-column elementor-col-33 elementor-top-column elementor-element elementor-element-d167be2\" data-id=\"d167be2\" data-element_type=\"column\">\n\t\t\t<div class=\"elementor-widget-wrap elementor-element-populated\">\n\t\t\t\t\t\t<div class=\"elementor-element elementor-element-f797468 elementor-widget elementor-widget-image\" data-id=\"f797468\" data-element_type=\"widget\" data-widget_type=\"image.default\">\n\t\t\t\t<div class=\"elementor-widget-container\">\n\t\t\t\t\t\t\t\t\t\t\t\t\t\t\t<img loading=\"lazy\" decoding=\"async\" width=\"768\" height=\"1024\" src=\"https:\/\/da-resin-art.com\/wp-content\/uploads\/2025\/03\/zegar-da-resin-art-ocean-1-7-768x1024.jpg\" class=\"attachment-large size-large wp-image-1056\" alt=\"Zegar \u015bcienny z \u017cywicy z \u017cywicy z efektem fal morskich\" srcset=\"https:\/\/da-resin-art.com\/wp-content\/uploads\/2025\/03\/zegar-da-resin-art-ocean-1-7-768x1024.jpg 768w, https:\/\/da-resin-art.com\/wp-content\/uploads\/2025\/03\/zegar-da-resin-art-ocean-1-7-225x300.jpg 225w, https:\/\/da-resin-art.com\/wp-content\/uploads\/2025\/03\/zegar-da-resin-art-ocean-1-7-1152x1536.jpg 1152w, https:\/\/da-resin-art.com\/wp-content\/uploads\/2025\/03\/zegar-da-resin-art-ocean-1-7-1536x2048.jpg 1536w, https:\/\/da-resin-art.com\/wp-content\/uploads\/2025\/03\/zegar-da-resin-art-ocean-1-7-600x800.jpg 600w, https:\/\/da-resin-art.com\/wp-content\/uploads\/2025\/03\/zegar-da-resin-art-ocean-1-7-scaled.jpg 1920w\" sizes=\"(max-width: 768px) 100vw, 768px\" \/>\t\t\t\t\t\t\t\t\t\t\t\t\t\t\t<\/div>\n\t\t\t\t<\/div>\n\t\t\t\t\t<\/div>\n\t\t<\/div>\n\t\t\t\t\t<\/div>\n\t\t<\/section>\n\t\t\t\t<\/div>\n\t\t","protected":false},"excerpt":{"rendered":"<p data-start=\"0\" data-end=\"140\">40 cm. <strong>Zegar \u015bcienny &#8220;Ocean&#8221;<\/strong> &#8211; wz\u00f3r wykonany z \u017cywicy z efektem fal, g\u0142\u0119boki granatowy kolor z bia\u0142ymi falami, uderzaj\u0105cymi o czarny wulkaniczny brzeg. Rzymskie cyfry z podzia\u0142ami. Ciczy mechanizm zegara.<\/p>\n<ul data-start=\"142\" data-end=\"704\" data-is-last-node=\"\">\n<li data-start=\"142\" data-end=\"271\">Zegar \u015bcienny <strong data-start=\"14\" data-end=\"25\">&#8220;Ocean&#8221;<\/strong> to unikalne po\u0142\u0105czenie nowoczesnego designu i naturalnej inspiracji, wykonane z \u017cywicy epoksydowej.<\/li>\n<li data-start=\"272\" data-end=\"401\">Hipnotyzuj\u0105cy efekt <strong data-start=\"148\" data-end=\"171\">tr\u00f3jwymiarowych fal<\/strong> w g\u0142\u0119bokim granatowym odcieniu kontrastuje z bia\u0142\u0105 pian\u0105, uderzaj\u0105c\u0105 o czarny, wulkaniczny brzeg wykonany z naturalnych kamieni.<\/li>\n<li data-start=\"402\" data-end=\"511\"><strong data-start=\"404\" data-end=\"423\">Cichy mechanizm<\/strong> gwarantuje spok\u00f3j i komfort, sprawiaj\u0105c, \u017ce zegar idealnie pasuje do ka\u017cdego wn\u0119trza.<\/li>\n<li data-start=\"402\" data-end=\"511\"><strong>Rzymskie cyfry z podzia\u0142ami<\/strong> dodaj\u0105 mu klasycznego uroku, a <strong>kamenie<\/strong> tworz\u0105 pi\u0119kny efekt 3D.<\/li>\n<li data-start=\"512\" data-end=\"626\"><strong data-start=\"422\" data-end=\"433\">&#8220;Ocean&#8221;<\/strong> to wi\u0119cej ni\u017c zegar \u2013 to wyj\u0105tkowa dekoracja, kt\u00f3ra wniesie do Twojego wn\u0119trza si\u0142\u0119 natury i niepowtarzalny klimat morskich fal.<\/li>\n<li data-start=\"512\" data-end=\"626\">Poczuj g\u0142\u0119bi\u0119 oceanu i magi\u0119 \u017cywio\u0142\u00f3w \u2013 postaw na <strong data-start=\"615\" data-end=\"626\">&#8220;Ocean&#8221;<\/strong>!<\/li>\n<\/ul>\n","protected":false},"featured_media":1048,"template":"","meta":{"_acf_changed":false,"_kadence_starter_templates_imported_post":false,"_kad_post_transparent":"default","_kad_post_title":"","_kad_post_layout":"default","_kad_post_sidebar_id":"","_kad_post_content_style":"default","_kad_post_vertical_padding":"default","_kad_post_feature":"","_kad_post_feature_position":"","_kad_post_header":false,"_kad_post_footer":false},"product_brand":[],"product_cat":[18],"product_tag":[38,29],"class_list":{"0":"post-1047","1":"product","2":"type-product","3":"status-publish","4":"has-post-thumbnail","6":"product_cat-galeria","7":"product_tag-sprzedany","8":"product_tag-wszystko","10":"first","11":"outofstock","12":"shipping-taxable","13":"purchasable","14":"product-type-simple","15":"entry","16":"content-bg","17":"loop-entry"},"acf":[],"_links":{"self":[{"href":"https:\/\/da-resin-art.com\/en\/wp-json\/wp\/v2\/product\/1047","targetHints":{"allow":["GET"]}}],"collection":[{"href":"https:\/\/da-resin-art.com\/en\/wp-json\/wp\/v2\/product"}],"about":[{"href":"https:\/\/da-resin-art.com\/en\/wp-json\/wp\/v2\/types\/product"}],"version-history":[{"count":10,"href":"https:\/\/da-resin-art.com\/en\/wp-json\/wp\/v2\/product\/1047\/revisions"}],"predecessor-version":[{"id":4276,"href":"https:\/\/da-resin-art.com\/en\/wp-json\/wp\/v2\/product\/1047\/revisions\/4276"}],"wp:featuredmedia":[{"embeddable":true,"href":"https:\/\/da-resin-art.com\/en\/wp-json\/wp\/v2\/media\/1048"}],"wp:attachment":[{"href":"https:\/\/da-resin-art.com\/en\/wp-json\/wp\/v2\/media?parent=1047"}],"wp:term":[{"taxonomy":"product_brand","embeddable":true,"href":"https:\/\/da-resin-art.com\/en\/wp-json\/wp\/v2\/product_brand?post=1047"},{"taxonomy":"product_cat","embeddable":true,"href":"https:\/\/da-resin-art.com\/en\/wp-json\/wp\/v2\/product_cat?post=1047"},{"taxonomy":"product_tag","embeddable":true,"href":"https:\/\/da-resin-art.com\/en\/wp-json\/wp\/v2\/product_tag?post=1047"}],"curies":[{"name":"wp","href":"https:\/\/api.w.org\/{rel}","templated":true}]}}