{"id":1396,"date":"2025-03-26T18:15:25","date_gmt":"2025-03-26T17:15:25","guid":{"rendered":"https:\/\/da-resin-art.com\/?post_type=product&#038;p=1396"},"modified":"2026-02-10T19:07:41","modified_gmt":"2026-02-10T18:07:41","slug":"zegar-scienny-kuper-2","status":"publish","type":"product","link":"https:\/\/da-resin-art.com\/en\/produkt\/zegar-scienny-kuper-2\/","title":{"rendered":"Zegar \u015bcienny 40 cm &#8220;Kuper&#8221; 2"},"content":{"rendered":"\t\t<div data-elementor-type=\"product-post\" data-elementor-id=\"1396\" class=\"elementor elementor-1396\" data-elementor-post-type=\"product\">\n\t\t\t\t\t\t<section class=\"elementor-section elementor-top-section elementor-element elementor-element-1c05077 elementor-section-boxed elementor-section-height-default elementor-section-height-default\" data-id=\"1c05077\" data-element_type=\"section\">\n\t\t\t\t\t\t<div class=\"elementor-container elementor-column-gap-default\">\n\t\t\t\t\t<div class=\"elementor-column elementor-col-100 elementor-top-column elementor-element elementor-element-18dc669\" data-id=\"18dc669\" data-element_type=\"column\">\n\t\t\t<div class=\"elementor-widget-wrap elementor-element-populated\">\n\t\t\t\t\t\t<div class=\"elementor-element elementor-element-0aadb0f elementor-widget elementor-widget-image\" data-id=\"0aadb0f\" data-element_type=\"widget\" data-widget_type=\"image.default\">\n\t\t\t\t<div class=\"elementor-widget-container\">\n\t\t\t\t\t\t\t\t\t\t\t\t\t\t\t<img fetchpriority=\"high\" decoding=\"async\" width=\"1024\" height=\"576\" src=\"https:\/\/da-resin-art.com\/wp-content\/uploads\/2025\/03\/zegary-da-resin-art-kuper-1-40-cm-1-1024x576.jpg\" class=\"attachment-large size-large wp-image-1399\" alt=\"zegar z \u017cywicy r\u0119cznie robiony czarny kuper\" srcset=\"https:\/\/da-resin-art.com\/wp-content\/uploads\/2025\/03\/zegary-da-resin-art-kuper-1-40-cm-1-1024x576.jpg 1024w, https:\/\/da-resin-art.com\/wp-content\/uploads\/2025\/03\/zegary-da-resin-art-kuper-1-40-cm-1-300x169.jpg 300w, https:\/\/da-resin-art.com\/wp-content\/uploads\/2025\/03\/zegary-da-resin-art-kuper-1-40-cm-1-768x432.jpg 768w, https:\/\/da-resin-art.com\/wp-content\/uploads\/2025\/03\/zegary-da-resin-art-kuper-1-40-cm-1-600x338.jpg 600w, https:\/\/da-resin-art.com\/wp-content\/uploads\/2025\/03\/zegary-da-resin-art-kuper-1-40-cm-1-rotated.jpg 1422w\" sizes=\"(max-width: 1024px) 100vw, 1024px\" \/>\t\t\t\t\t\t\t\t\t\t\t\t\t\t\t<\/div>\n\t\t\t\t<\/div>\n\t\t\t\t\t<\/div>\n\t\t<\/div>\n\t\t\t\t\t<\/div>\n\t\t<\/section>\n\t\t\t\t<section class=\"elementor-section elementor-top-section elementor-element elementor-element-4e326855 elementor-section-boxed elementor-section-height-default elementor-section-height-default\" data-id=\"4e326855\" data-element_type=\"section\">\n\t\t\t\t\t\t<div class=\"elementor-container elementor-column-gap-default\">\n\t\t\t\t\t<div class=\"elementor-column elementor-col-100 elementor-top-column elementor-element elementor-element-42c485c1\" data-id=\"42c485c1\" data-element_type=\"column\">\n\t\t\t<div class=\"elementor-widget-wrap elementor-element-populated\">\n\t\t\t\t\t\t<div class=\"elementor-element elementor-element-67d3cb9 elementor-widget elementor-widget-text-editor\" data-id=\"67d3cb9\" data-element_type=\"widget\" data-widget_type=\"text-editor.default\">\n\t\t\t\t<div class=\"elementor-widget-container\">\n\t\t\t\t\t\t\t\t\t<p>\ud83d\udda4 \u015arednica 40 cm.<\/p><p>\ud83d\udda4Baza &#8211; MDF.<\/p><p>\ud83d\udda4 Zegar \u015bcienny &#8220;Kuper&#8221; &#8211; wz\u00f3r wykonany z \u017cywicy epoksydowej.<\/p><p>\ud83d\udda4 Arabskie cyfry -dekoracyjny zestaw.<\/p><p>\ud83d\udda4 Cichy mechanizm zegara.\u00a0<\/p>\t\t\t\t\t\t\t\t<\/div>\n\t\t\t\t<\/div>\n\t\t\t\t\t<\/div>\n\t\t<\/div>\n\t\t\t\t\t<\/div>\n\t\t<\/section>\n\t\t\t\t<section class=\"elementor-section elementor-top-section elementor-element elementor-element-1705c5e elementor-section-boxed elementor-section-height-default elementor-section-height-default\" data-id=\"1705c5e\" data-element_type=\"section\">\n\t\t\t\t\t\t<div class=\"elementor-container elementor-column-gap-default\">\n\t\t\t\t\t<div class=\"elementor-column elementor-col-33 elementor-top-column elementor-element elementor-element-e345a69\" data-id=\"e345a69\" data-element_type=\"column\">\n\t\t\t<div class=\"elementor-widget-wrap elementor-element-populated\">\n\t\t\t\t\t\t<div class=\"elementor-element elementor-element-d042564 elementor-widget elementor-widget-video\" data-id=\"d042564\" data-element_type=\"widget\" data-settings=\"{&quot;youtube_url&quot;:&quot;https:\\\/\\\/youtube.com\\\/watch?v=3wwAnEBkq8s?feature=share&quot;,&quot;video_type&quot;:&quot;youtube&quot;,&quot;controls&quot;:&quot;yes&quot;}\" data-widget_type=\"video.default\">\n\t\t\t\t<div class=\"elementor-widget-container\">\n\t\t\t\t\t\t\t<div class=\"elementor-wrapper elementor-open-inline\">\n\t\t\t<div class=\"elementor-video\"><\/div>\t\t<\/div>\n\t\t\t\t\t\t<\/div>\n\t\t\t\t<\/div>\n\t\t\t\t\t<\/div>\n\t\t<\/div>\n\t\t\t\t<div class=\"elementor-column elementor-col-33 elementor-top-column elementor-element elementor-element-d6da29c\" data-id=\"d6da29c\" data-element_type=\"column\">\n\t\t\t<div class=\"elementor-widget-wrap elementor-element-populated\">\n\t\t\t\t\t\t<div class=\"elementor-element elementor-element-65de88c elementor-widget elementor-widget-image\" data-id=\"65de88c\" data-element_type=\"widget\" data-widget_type=\"image.default\">\n\t\t\t\t<div class=\"elementor-widget-container\">\n\t\t\t\t\t\t\t\t\t\t\t\t\t\t\t<img decoding=\"async\" width=\"576\" height=\"1024\" src=\"https:\/\/da-resin-art.com\/wp-content\/uploads\/2025\/03\/zegary-da-resin-art-kuper-1-40-cm-3-576x1024.jpg\" class=\"attachment-large size-large wp-image-1400\" alt=\"zegar z \u017cywicy r\u0119cznie robiony czarny kuper\" srcset=\"https:\/\/da-resin-art.com\/wp-content\/uploads\/2025\/03\/zegary-da-resin-art-kuper-1-40-cm-3-576x1024.jpg 576w, https:\/\/da-resin-art.com\/wp-content\/uploads\/2025\/03\/zegary-da-resin-art-kuper-1-40-cm-3-169x300.jpg 169w, https:\/\/da-resin-art.com\/wp-content\/uploads\/2025\/03\/zegary-da-resin-art-kuper-1-40-cm-3-768x1365.jpg 768w, https:\/\/da-resin-art.com\/wp-content\/uploads\/2025\/03\/zegary-da-resin-art-kuper-1-40-cm-3-600x1067.jpg 600w, https:\/\/da-resin-art.com\/wp-content\/uploads\/2025\/03\/zegary-da-resin-art-kuper-1-40-cm-3.jpg 800w\" sizes=\"(max-width: 576px) 100vw, 576px\" \/>\t\t\t\t\t\t\t\t\t\t\t\t\t\t\t<\/div>\n\t\t\t\t<\/div>\n\t\t\t\t\t<\/div>\n\t\t<\/div>\n\t\t\t\t<div class=\"elementor-column elementor-col-33 elementor-top-column elementor-element elementor-element-f8aab89\" data-id=\"f8aab89\" data-element_type=\"column\">\n\t\t\t<div class=\"elementor-widget-wrap elementor-element-populated\">\n\t\t\t\t\t\t<div class=\"elementor-element elementor-element-d89be88 elementor-widget elementor-widget-image\" data-id=\"d89be88\" data-element_type=\"widget\" data-widget_type=\"image.default\">\n\t\t\t\t<div class=\"elementor-widget-container\">\n\t\t\t\t\t\t\t\t\t\t\t\t\t\t\t<img decoding=\"async\" width=\"576\" height=\"1024\" src=\"https:\/\/da-resin-art.com\/wp-content\/uploads\/2025\/03\/zegary-da-resin-art-kuper-1-40-cm-2-576x1024.jpg\" class=\"attachment-large size-large wp-image-1401\" alt=\"zegar z \u017cywicy r\u0119cznie robiony czarny kuper\" srcset=\"https:\/\/da-resin-art.com\/wp-content\/uploads\/2025\/03\/zegary-da-resin-art-kuper-1-40-cm-2-576x1024.jpg 576w, https:\/\/da-resin-art.com\/wp-content\/uploads\/2025\/03\/zegary-da-resin-art-kuper-1-40-cm-2-169x300.jpg 169w, https:\/\/da-resin-art.com\/wp-content\/uploads\/2025\/03\/zegary-da-resin-art-kuper-1-40-cm-2-768x1365.jpg 768w, https:\/\/da-resin-art.com\/wp-content\/uploads\/2025\/03\/zegary-da-resin-art-kuper-1-40-cm-2-600x1067.jpg 600w, https:\/\/da-resin-art.com\/wp-content\/uploads\/2025\/03\/zegary-da-resin-art-kuper-1-40-cm-2.jpg 800w\" sizes=\"(max-width: 576px) 100vw, 576px\" \/>\t\t\t\t\t\t\t\t\t\t\t\t\t\t\t<\/div>\n\t\t\t\t<\/div>\n\t\t\t\t\t<\/div>\n\t\t<\/div>\n\t\t\t\t\t<\/div>\n\t\t<\/section>\n\t\t\t\t<section class=\"elementor-section elementor-top-section elementor-element elementor-element-de9aa7f elementor-section-boxed elementor-section-height-default elementor-section-height-default\" data-id=\"de9aa7f\" data-element_type=\"section\">\n\t\t\t\t\t\t<div class=\"elementor-container elementor-column-gap-default\">\n\t\t\t\t\t<div class=\"elementor-column elementor-col-100 elementor-top-column elementor-element elementor-element-a0b9f94\" data-id=\"a0b9f94\" data-element_type=\"column\">\n\t\t\t<div class=\"elementor-widget-wrap elementor-element-populated\">\n\t\t\t\t\t\t<div class=\"elementor-element elementor-element-68b2ab8 elementor-widget elementor-widget-text-editor\" data-id=\"68b2ab8\" data-element_type=\"widget\" data-widget_type=\"text-editor.default\">\n\t\t\t\t<div class=\"elementor-widget-container\">\n\t\t\t\t\t\t\t\t\t<h3 data-start=\"0\" data-end=\"59\">Zegar \u015bcienny <strong data-start=\"18\" data-end=\"29\">&#8220;Kuper&#8221;<\/strong> \u2013 elegancja w stylu marmuru<\/h3><p data-start=\"61\" data-end=\"327\">Stylowy, <strong data-start=\"70\" data-end=\"89\">40-centymetrowy<\/strong> zegar \u015bcienny <strong data-start=\"104\" data-end=\"115\">&#8220;Kuper&#8221;<\/strong> to po\u0142\u0105czenie nowoczesnej sztuki i klasycznej harmonii. Wykonany z \u017cywicy epoksydowej, zachwyca <strong data-start=\"212\" data-end=\"237\">g\u0142\u0119bokim czarnym t\u0142em<\/strong>, na kt\u00f3rym subtelnie przeplataj\u0105 si\u0119 <strong data-start=\"275\" data-end=\"301\">kuper i be\u017cowe akcenty<\/strong>, tworz\u0105c efekt marmuru.<\/p><p data-start=\"329\" data-end=\"523\"><strong data-start=\"329\" data-end=\"371\">Niestandardowy dekoracyjny zestaw cyfr<\/strong> nadaje mu unikalnego charakteru, podkre\u015blaj\u0105c jego artystyczny styl. Cichy mechanizm zapewnia komfort u\u017cytkowania i doskona\u0142\u0105 harmoni\u0119 w przestrzeni.<\/p><p data-start=\"525\" data-end=\"711\" data-is-last-node=\"\" data-is-only-node=\"\"><strong data-start=\"525\" data-end=\"536\">&#8220;Kuper&#8221;<\/strong> to nie tylko zegar \u2013 to wyj\u0105tkowy element dekoracyjny, kt\u00f3ry wniesie do Twojego wn\u0119trza luksus i niepowtarzalny styl. Pozw\u00f3l mu doda\u0107 wyj\u0105tkowego uroku Twojej przestrzeni!<\/p>\t\t\t\t\t\t\t\t<\/div>\n\t\t\t\t<\/div>\n\t\t\t\t\t<\/div>\n\t\t<\/div>\n\t\t\t\t\t<\/div>\n\t\t<\/section>\n\t\t\t\t<section class=\"elementor-section elementor-top-section elementor-element elementor-element-e6cc6e8 elementor-section-boxed elementor-section-height-default elementor-section-height-default\" data-id=\"e6cc6e8\" data-element_type=\"section\">\n\t\t\t\t\t\t<div class=\"elementor-container elementor-column-gap-default\">\n\t\t\t\t\t<div class=\"elementor-column elementor-col-33 elementor-top-column elementor-element elementor-element-ca6c748\" data-id=\"ca6c748\" data-element_type=\"column\">\n\t\t\t<div class=\"elementor-widget-wrap elementor-element-populated\">\n\t\t\t\t\t\t<div class=\"elementor-element elementor-element-f8a13bc elementor-widget elementor-widget-image\" data-id=\"f8a13bc\" data-element_type=\"widget\" data-widget_type=\"image.default\">\n\t\t\t\t<div class=\"elementor-widget-container\">\n\t\t\t\t\t\t\t\t\t\t\t\t\t\t\t<img loading=\"lazy\" decoding=\"async\" width=\"576\" height=\"1024\" src=\"https:\/\/da-resin-art.com\/wp-content\/uploads\/2025\/03\/zegary-da-resin-art-kuper-1-40-cm-8-576x1024.jpg\" class=\"attachment-large size-large wp-image-1406\" alt=\"zegar z \u017cywicy r\u0119cznie robiony czarny kuper\" srcset=\"https:\/\/da-resin-art.com\/wp-content\/uploads\/2025\/03\/zegary-da-resin-art-kuper-1-40-cm-8-576x1024.jpg 576w, https:\/\/da-resin-art.com\/wp-content\/uploads\/2025\/03\/zegary-da-resin-art-kuper-1-40-cm-8-169x300.jpg 169w, https:\/\/da-resin-art.com\/wp-content\/uploads\/2025\/03\/zegary-da-resin-art-kuper-1-40-cm-8-768x1365.jpg 768w, https:\/\/da-resin-art.com\/wp-content\/uploads\/2025\/03\/zegary-da-resin-art-kuper-1-40-cm-8-600x1067.jpg 600w, https:\/\/da-resin-art.com\/wp-content\/uploads\/2025\/03\/zegary-da-resin-art-kuper-1-40-cm-8.jpg 800w\" sizes=\"(max-width: 576px) 100vw, 576px\" \/>\t\t\t\t\t\t\t\t\t\t\t\t\t\t\t<\/div>\n\t\t\t\t<\/div>\n\t\t\t\t\t<\/div>\n\t\t<\/div>\n\t\t\t\t<div class=\"elementor-column elementor-col-33 elementor-top-column elementor-element elementor-element-2d77b49\" data-id=\"2d77b49\" data-element_type=\"column\">\n\t\t\t<div class=\"elementor-widget-wrap elementor-element-populated\">\n\t\t\t\t\t\t<div class=\"elementor-element elementor-element-ebc2c3f elementor-widget elementor-widget-image\" data-id=\"ebc2c3f\" data-element_type=\"widget\" data-widget_type=\"image.default\">\n\t\t\t\t<div class=\"elementor-widget-container\">\n\t\t\t\t\t\t\t\t\t\t\t\t\t\t\t<img loading=\"lazy\" decoding=\"async\" width=\"576\" height=\"1024\" src=\"https:\/\/da-resin-art.com\/wp-content\/uploads\/2025\/03\/zegary-da-resin-art-kuper-1-40-cm-9-576x1024.jpg\" class=\"attachment-large size-large wp-image-1407\" alt=\"zegar z \u017cywicy r\u0119cznie robiony czarny kuper\" srcset=\"https:\/\/da-resin-art.com\/wp-content\/uploads\/2025\/03\/zegary-da-resin-art-kuper-1-40-cm-9-576x1024.jpg 576w, https:\/\/da-resin-art.com\/wp-content\/uploads\/2025\/03\/zegary-da-resin-art-kuper-1-40-cm-9-169x300.jpg 169w, https:\/\/da-resin-art.com\/wp-content\/uploads\/2025\/03\/zegary-da-resin-art-kuper-1-40-cm-9-768x1366.jpg 768w, https:\/\/da-resin-art.com\/wp-content\/uploads\/2025\/03\/zegary-da-resin-art-kuper-1-40-cm-9-600x1067.jpg 600w, https:\/\/da-resin-art.com\/wp-content\/uploads\/2025\/03\/zegary-da-resin-art-kuper-1-40-cm-9.jpg 800w\" sizes=\"(max-width: 576px) 100vw, 576px\" \/>\t\t\t\t\t\t\t\t\t\t\t\t\t\t\t<\/div>\n\t\t\t\t<\/div>\n\t\t\t\t\t<\/div>\n\t\t<\/div>\n\t\t\t\t<div class=\"elementor-column elementor-col-33 elementor-top-column elementor-element elementor-element-d167be2\" data-id=\"d167be2\" data-element_type=\"column\">\n\t\t\t<div class=\"elementor-widget-wrap elementor-element-populated\">\n\t\t\t\t\t\t<div class=\"elementor-element elementor-element-f797468 elementor-widget elementor-widget-image\" data-id=\"f797468\" data-element_type=\"widget\" data-widget_type=\"image.default\">\n\t\t\t\t<div class=\"elementor-widget-container\">\n\t\t\t\t\t\t\t\t\t\t\t\t\t\t\t<img loading=\"lazy\" decoding=\"async\" width=\"576\" height=\"1024\" src=\"https:\/\/da-resin-art.com\/wp-content\/uploads\/2025\/03\/zegary-da-resin-art-kuper-1-40-cm-7-576x1024.jpg\" class=\"attachment-large size-large wp-image-1405\" alt=\"zegar z \u017cywicy r\u0119cznie robiony czarny kuper\" srcset=\"https:\/\/da-resin-art.com\/wp-content\/uploads\/2025\/03\/zegary-da-resin-art-kuper-1-40-cm-7-576x1024.jpg 576w, https:\/\/da-resin-art.com\/wp-content\/uploads\/2025\/03\/zegary-da-resin-art-kuper-1-40-cm-7-169x300.jpg 169w, https:\/\/da-resin-art.com\/wp-content\/uploads\/2025\/03\/zegary-da-resin-art-kuper-1-40-cm-7-768x1365.jpg 768w, https:\/\/da-resin-art.com\/wp-content\/uploads\/2025\/03\/zegary-da-resin-art-kuper-1-40-cm-7-600x1067.jpg 600w, https:\/\/da-resin-art.com\/wp-content\/uploads\/2025\/03\/zegary-da-resin-art-kuper-1-40-cm-7.jpg 800w\" sizes=\"(max-width: 576px) 100vw, 576px\" \/>\t\t\t\t\t\t\t\t\t\t\t\t\t\t\t<\/div>\n\t\t\t\t<\/div>\n\t\t\t\t\t<\/div>\n\t\t<\/div>\n\t\t\t\t\t<\/div>\n\t\t<\/section>\n\t\t\t\t<section class=\"elementor-section elementor-top-section elementor-element elementor-element-97faab3 elementor-section-boxed elementor-section-height-default elementor-section-height-default\" data-id=\"97faab3\" data-element_type=\"section\">\n\t\t\t\t\t\t<div class=\"elementor-container elementor-column-gap-default\">\n\t\t\t\t\t<div class=\"elementor-column elementor-col-33 elementor-top-column elementor-element elementor-element-d558d71\" data-id=\"d558d71\" data-element_type=\"column\">\n\t\t\t<div class=\"elementor-widget-wrap elementor-element-populated\">\n\t\t\t\t\t\t<div class=\"elementor-element elementor-element-6e0f945 elementor-widget elementor-widget-image\" data-id=\"6e0f945\" data-element_type=\"widget\" data-widget_type=\"image.default\">\n\t\t\t\t<div class=\"elementor-widget-container\">\n\t\t\t\t\t\t\t\t\t\t\t\t\t\t\t<img loading=\"lazy\" decoding=\"async\" width=\"576\" height=\"1024\" src=\"https:\/\/da-resin-art.com\/wp-content\/uploads\/2025\/03\/zegary-da-resin-art-kuper-1-40-cm-6-576x1024.jpg\" class=\"attachment-large size-large wp-image-1404\" alt=\"zegar z \u017cywicy r\u0119cznie robiony czarny kuper\" srcset=\"https:\/\/da-resin-art.com\/wp-content\/uploads\/2025\/03\/zegary-da-resin-art-kuper-1-40-cm-6-576x1024.jpg 576w, https:\/\/da-resin-art.com\/wp-content\/uploads\/2025\/03\/zegary-da-resin-art-kuper-1-40-cm-6-169x300.jpg 169w, https:\/\/da-resin-art.com\/wp-content\/uploads\/2025\/03\/zegary-da-resin-art-kuper-1-40-cm-6-768x1365.jpg 768w, https:\/\/da-resin-art.com\/wp-content\/uploads\/2025\/03\/zegary-da-resin-art-kuper-1-40-cm-6-600x1067.jpg 600w, https:\/\/da-resin-art.com\/wp-content\/uploads\/2025\/03\/zegary-da-resin-art-kuper-1-40-cm-6.jpg 800w\" sizes=\"(max-width: 576px) 100vw, 576px\" \/>\t\t\t\t\t\t\t\t\t\t\t\t\t\t\t<\/div>\n\t\t\t\t<\/div>\n\t\t\t\t\t<\/div>\n\t\t<\/div>\n\t\t\t\t<div class=\"elementor-column elementor-col-33 elementor-top-column elementor-element elementor-element-fb88ec8\" data-id=\"fb88ec8\" data-element_type=\"column\">\n\t\t\t<div class=\"elementor-widget-wrap elementor-element-populated\">\n\t\t\t\t\t\t<div class=\"elementor-element elementor-element-4a961db elementor-widget elementor-widget-image\" data-id=\"4a961db\" data-element_type=\"widget\" data-widget_type=\"image.default\">\n\t\t\t\t<div class=\"elementor-widget-container\">\n\t\t\t\t\t\t\t\t\t\t\t\t\t\t\t<img loading=\"lazy\" decoding=\"async\" width=\"576\" height=\"1024\" src=\"https:\/\/da-resin-art.com\/wp-content\/uploads\/2025\/03\/zegary-da-resin-art-kuper-1-40-cm-4-576x1024.jpg\" class=\"attachment-large size-large wp-image-1402\" alt=\"zegar z \u017cywicy r\u0119cznie robiony czarny kuper\" srcset=\"https:\/\/da-resin-art.com\/wp-content\/uploads\/2025\/03\/zegary-da-resin-art-kuper-1-40-cm-4-576x1024.jpg 576w, https:\/\/da-resin-art.com\/wp-content\/uploads\/2025\/03\/zegary-da-resin-art-kuper-1-40-cm-4-169x300.jpg 169w, https:\/\/da-resin-art.com\/wp-content\/uploads\/2025\/03\/zegary-da-resin-art-kuper-1-40-cm-4-768x1365.jpg 768w, https:\/\/da-resin-art.com\/wp-content\/uploads\/2025\/03\/zegary-da-resin-art-kuper-1-40-cm-4-600x1067.jpg 600w, https:\/\/da-resin-art.com\/wp-content\/uploads\/2025\/03\/zegary-da-resin-art-kuper-1-40-cm-4.jpg 800w\" sizes=\"(max-width: 576px) 100vw, 576px\" \/>\t\t\t\t\t\t\t\t\t\t\t\t\t\t\t<\/div>\n\t\t\t\t<\/div>\n\t\t\t\t\t<\/div>\n\t\t<\/div>\n\t\t\t\t<div class=\"elementor-column elementor-col-33 elementor-top-column elementor-element elementor-element-02f45f6\" data-id=\"02f45f6\" data-element_type=\"column\">\n\t\t\t<div class=\"elementor-widget-wrap elementor-element-populated\">\n\t\t\t\t\t\t<div class=\"elementor-element elementor-element-6a1bce4 elementor-widget elementor-widget-image\" data-id=\"6a1bce4\" data-element_type=\"widget\" data-widget_type=\"image.default\">\n\t\t\t\t<div class=\"elementor-widget-container\">\n\t\t\t\t\t\t\t\t\t\t\t\t\t\t\t<img loading=\"lazy\" decoding=\"async\" width=\"576\" height=\"1024\" src=\"https:\/\/da-resin-art.com\/wp-content\/uploads\/2025\/03\/zegary-da-resin-art-kuper-1-40-cm-5-576x1024.jpg\" class=\"attachment-large size-large wp-image-1403\" alt=\"zegar z \u017cywicy r\u0119cznie robiony czarny kuper\" srcset=\"https:\/\/da-resin-art.com\/wp-content\/uploads\/2025\/03\/zegary-da-resin-art-kuper-1-40-cm-5-576x1024.jpg 576w, https:\/\/da-resin-art.com\/wp-content\/uploads\/2025\/03\/zegary-da-resin-art-kuper-1-40-cm-5-169x300.jpg 169w, https:\/\/da-resin-art.com\/wp-content\/uploads\/2025\/03\/zegary-da-resin-art-kuper-1-40-cm-5-768x1365.jpg 768w, https:\/\/da-resin-art.com\/wp-content\/uploads\/2025\/03\/zegary-da-resin-art-kuper-1-40-cm-5-600x1067.jpg 600w, https:\/\/da-resin-art.com\/wp-content\/uploads\/2025\/03\/zegary-da-resin-art-kuper-1-40-cm-5.jpg 800w\" sizes=\"(max-width: 576px) 100vw, 576px\" \/>\t\t\t\t\t\t\t\t\t\t\t\t\t\t\t<\/div>\n\t\t\t\t<\/div>\n\t\t\t\t\t<\/div>\n\t\t<\/div>\n\t\t\t\t\t<\/div>\n\t\t<\/section>\n\t\t\t\t<\/div>\n\t\t","protected":false},"excerpt":{"rendered":"<p data-start=\"0\" data-end=\"140\">40 cm. Zegar \u015bcienny <strong>&#8220;Kuper&#8221;<\/strong> &#8211; wz\u00f3r wykonany z \u017cywicy w stylu marmur: na czarnym tle kolory kuper i be\u017cowy, niestandardowy dekoracyjny zestaw cyfer. Ciczy mechanizm zegara.<\/p>\n<ul data-start=\"142\" data-end=\"704\" data-is-last-node=\"\">\n<li data-start=\"142\" data-end=\"271\">Zegar \u015bcienny <strong data-start=\"14\" data-end=\"25\">&#8220;Kuper&#8221;<\/strong> to eleganckie po\u0142\u0105czenie nowoczesnego designu i klasycznej estetyki, wykonane z \u017cywicy epoksydowej.<\/li>\n<li data-start=\"142\" data-end=\"271\">G\u0142\u0119bokie <strong data-start=\"137\" data-end=\"151\">czarne t\u0142o<\/strong> w stylu marmuru prze\u0142amuj\u0105 <strong data-start=\"179\" data-end=\"205\">kuper i be\u017cowe akcenty<\/strong>, tworz\u0105c unikalny, wyrafinowany wz\u00f3r.<\/li>\n<li data-start=\"142\" data-end=\"271\">Oryginalny <strong data-start=\"257\" data-end=\"287\">niestandardowy zestaw cyfr<\/strong> dodaje zegarowi dekoracyjnego charakteru, a <strong data-start=\"332\" data-end=\"351\">cichy mechanizm<\/strong> zapewnia komfort u\u017cytkowania.<\/li>\n<li data-start=\"142\" data-end=\"271\"><strong data-start=\"384\" data-end=\"395\">&#8220;Kuper&#8221;<\/strong> to wi\u0119cej ni\u017c zegar \u2013 to stylowy akcent, kt\u00f3ry podkre\u015bli elegancj\u0119 Twojego wn\u0119trza. Wybierz ponadczasowe pi\u0119kno i unikalny design!<\/li>\n<\/ul>\n","protected":false},"featured_media":1397,"template":"","meta":{"_acf_changed":false,"_kadence_starter_templates_imported_post":false,"_kad_post_transparent":"default","_kad_post_title":"","_kad_post_layout":"default","_kad_post_sidebar_id":"","_kad_post_content_style":"default","_kad_post_vertical_padding":"default","_kad_post_feature":"","_kad_post_feature_position":"","_kad_post_header":false,"_kad_post_footer":false},"product_brand":[],"product_cat":[18],"product_tag":[38,29],"class_list":{"0":"post-1396","1":"product","2":"type-product","3":"status-publish","4":"has-post-thumbnail","6":"product_cat-galeria","7":"product_tag-sprzedany","8":"product_tag-wszystko","10":"first","11":"outofstock","12":"shipping-taxable","13":"purchasable","14":"product-type-simple","15":"entry","16":"content-bg","17":"loop-entry"},"acf":[],"_links":{"self":[{"href":"https:\/\/da-resin-art.com\/en\/wp-json\/wp\/v2\/product\/1396","targetHints":{"allow":["GET"]}}],"collection":[{"href":"https:\/\/da-resin-art.com\/en\/wp-json\/wp\/v2\/product"}],"about":[{"href":"https:\/\/da-resin-art.com\/en\/wp-json\/wp\/v2\/types\/product"}],"version-history":[{"count":10,"href":"https:\/\/da-resin-art.com\/en\/wp-json\/wp\/v2\/product\/1396\/revisions"}],"predecessor-version":[{"id":4256,"href":"https:\/\/da-resin-art.com\/en\/wp-json\/wp\/v2\/product\/1396\/revisions\/4256"}],"wp:featuredmedia":[{"embeddable":true,"href":"https:\/\/da-resin-art.com\/en\/wp-json\/wp\/v2\/media\/1397"}],"wp:attachment":[{"href":"https:\/\/da-resin-art.com\/en\/wp-json\/wp\/v2\/media?parent=1396"}],"wp:term":[{"taxonomy":"product_brand","embeddable":true,"href":"https:\/\/da-resin-art.com\/en\/wp-json\/wp\/v2\/product_brand?post=1396"},{"taxonomy":"product_cat","embeddable":true,"href":"https:\/\/da-resin-art.com\/en\/wp-json\/wp\/v2\/product_cat?post=1396"},{"taxonomy":"product_tag","embeddable":true,"href":"https:\/\/da-resin-art.com\/en\/wp-json\/wp\/v2\/product_tag?post=1396"}],"curies":[{"name":"wp","href":"https:\/\/api.w.org\/{rel}","templated":true}]}}