{"id":149,"date":"2024-12-20T23:36:03","date_gmt":"2024-12-20T22:36:03","guid":{"rendered":"https:\/\/da-resin-art.com\/?post_type=product&#038;p=149"},"modified":"2026-02-10T19:16:01","modified_gmt":"2026-02-10T18:16:01","slug":"ekskluzywny-zegar-scienny-handmade-love-blue-z-zywicy-40-cm-cichy","status":"publish","type":"product","link":"https:\/\/da-resin-art.com\/en\/produkt\/ekskluzywny-zegar-scienny-handmade-love-blue-z-zywicy-40-cm-cichy\/","title":{"rendered":"Zegar \u015bcienny 49&#215;39 cm \u201eGeoda\u201d"},"content":{"rendered":"\t\t<div data-elementor-type=\"product-post\" data-elementor-id=\"149\" class=\"elementor elementor-149\" data-elementor-post-type=\"product\">\n\t\t\t\t\t\t<section class=\"elementor-section elementor-top-section elementor-element elementor-element-8205ee5 elementor-section-boxed elementor-section-height-default elementor-section-height-default\" data-id=\"8205ee5\" data-element_type=\"section\">\n\t\t\t\t\t\t<div class=\"elementor-container elementor-column-gap-default\">\n\t\t\t\t\t<div class=\"elementor-column elementor-col-100 elementor-top-column elementor-element elementor-element-c462869\" data-id=\"c462869\" data-element_type=\"column\">\n\t\t\t<div class=\"elementor-widget-wrap elementor-element-populated\">\n\t\t\t\t\t\t<div class=\"elementor-element elementor-element-f4b2376 elementor-widget elementor-widget-image\" data-id=\"f4b2376\" data-element_type=\"widget\" data-widget_type=\"image.default\">\n\t\t\t\t<div class=\"elementor-widget-container\">\n\t\t\t\t\t\t\t\t\t\t\t\t\t\t\t<img fetchpriority=\"high\" decoding=\"async\" width=\"2560\" height=\"1440\" src=\"https:\/\/da-resin-art.com\/wp-content\/uploads\/2025\/01\/zegar-geoga-szara-da-resin-art-7-scaled.jpg\" class=\"attachment-full size-full wp-image-429\" alt=\"zegar z \u017cywic\u0105 geoda szary jasny da resin art\" srcset=\"https:\/\/da-resin-art.com\/wp-content\/uploads\/2025\/01\/zegar-geoga-szara-da-resin-art-7-scaled.jpg 2560w, https:\/\/da-resin-art.com\/wp-content\/uploads\/2025\/01\/zegar-geoga-szara-da-resin-art-7-300x169.jpg 300w, https:\/\/da-resin-art.com\/wp-content\/uploads\/2025\/01\/zegar-geoga-szara-da-resin-art-7-1024x576.jpg 1024w, https:\/\/da-resin-art.com\/wp-content\/uploads\/2025\/01\/zegar-geoga-szara-da-resin-art-7-768x432.jpg 768w, https:\/\/da-resin-art.com\/wp-content\/uploads\/2025\/01\/zegar-geoga-szara-da-resin-art-7-1536x864.jpg 1536w, https:\/\/da-resin-art.com\/wp-content\/uploads\/2025\/01\/zegar-geoga-szara-da-resin-art-7-2048x1152.jpg 2048w, https:\/\/da-resin-art.com\/wp-content\/uploads\/2025\/01\/zegar-geoga-szara-da-resin-art-7-600x338.jpg 600w\" sizes=\"(max-width: 2560px) 100vw, 2560px\" \/>\t\t\t\t\t\t\t\t\t\t\t\t\t\t\t<\/div>\n\t\t\t\t<\/div>\n\t\t\t\t<div class=\"elementor-element elementor-element-28e70e3 elementor-widget elementor-widget-text-editor\" data-id=\"28e70e3\" data-element_type=\"widget\" data-widget_type=\"text-editor.default\">\n\t\t\t\t<div class=\"elementor-widget-container\">\n\t\t\t\t\t\t\t\t\t<p>\ud83d\udda4Rozmiary: 49&#215;39 cm.<\/p><p>\ud83d\udda4 Zegar \u015bcienny &#8220;Geoda&#8221; &#8211; wz\u00f3r wykonany z \u017cywicy epoksydowej.<\/p><p>\ud83d\udda4 Dodatki &#8211; naturalne kamienie: magnezyt, labradoryt, kryszta\u0142.<\/p><p>\ud83d\udda4 Cichy mechanizm zegara.<\/p>\t\t\t\t\t\t\t\t<\/div>\n\t\t\t\t<\/div>\n\t\t\t\t\t<\/div>\n\t\t<\/div>\n\t\t\t\t\t<\/div>\n\t\t<\/section>\n\t\t\t\t<section class=\"elementor-section elementor-top-section elementor-element elementor-element-245f47e elementor-section-boxed elementor-section-height-default elementor-section-height-default\" data-id=\"245f47e\" data-element_type=\"section\">\n\t\t\t\t\t\t<div class=\"elementor-container elementor-column-gap-default\">\n\t\t\t\t\t<div class=\"elementor-column elementor-col-33 elementor-top-column elementor-element elementor-element-7bfe312\" data-id=\"7bfe312\" data-element_type=\"column\">\n\t\t\t<div class=\"elementor-widget-wrap elementor-element-populated\">\n\t\t\t\t\t\t<div class=\"elementor-element elementor-element-e300917 elementor-widget elementor-widget-video\" data-id=\"e300917\" data-element_type=\"widget\" data-settings=\"{&quot;youtube_url&quot;:&quot;https:\\\/\\\/youtube.com\\\/watch?v=v48x2Rlmznk?feature=share&quot;,&quot;video_type&quot;:&quot;youtube&quot;,&quot;controls&quot;:&quot;yes&quot;}\" data-widget_type=\"video.default\">\n\t\t\t\t<div class=\"elementor-widget-container\">\n\t\t\t\t\t\t\t<div class=\"elementor-wrapper elementor-open-inline\">\n\t\t\t<div class=\"elementor-video\"><\/div>\t\t<\/div>\n\t\t\t\t\t\t<\/div>\n\t\t\t\t<\/div>\n\t\t\t\t\t<\/div>\n\t\t<\/div>\n\t\t\t\t<div class=\"elementor-column elementor-col-33 elementor-top-column elementor-element elementor-element-9a3e860\" data-id=\"9a3e860\" data-element_type=\"column\">\n\t\t\t<div class=\"elementor-widget-wrap elementor-element-populated\">\n\t\t\t\t\t\t<div class=\"elementor-element elementor-element-6343683 elementor-widget elementor-widget-image\" data-id=\"6343683\" data-element_type=\"widget\" data-widget_type=\"image.default\">\n\t\t\t\t<div class=\"elementor-widget-container\">\n\t\t\t\t\t\t\t\t\t\t\t\t\t\t\t<img decoding=\"async\" width=\"576\" height=\"1024\" src=\"https:\/\/da-resin-art.com\/wp-content\/uploads\/2025\/01\/zegar-geoga-szara-da-resin-art-2-576x1024.jpg\" class=\"attachment-large size-large wp-image-424\" alt=\"zegar z \u017cywic\u0105 geoda szary jasny da resin art\" srcset=\"https:\/\/da-resin-art.com\/wp-content\/uploads\/2025\/01\/zegar-geoga-szara-da-resin-art-2-576x1024.jpg 576w, https:\/\/da-resin-art.com\/wp-content\/uploads\/2025\/01\/zegar-geoga-szara-da-resin-art-2-169x300.jpg 169w, https:\/\/da-resin-art.com\/wp-content\/uploads\/2025\/01\/zegar-geoga-szara-da-resin-art-2-768x1365.jpg 768w, https:\/\/da-resin-art.com\/wp-content\/uploads\/2025\/01\/zegar-geoga-szara-da-resin-art-2-864x1536.jpg 864w, https:\/\/da-resin-art.com\/wp-content\/uploads\/2025\/01\/zegar-geoga-szara-da-resin-art-2-1152x2048.jpg 1152w, https:\/\/da-resin-art.com\/wp-content\/uploads\/2025\/01\/zegar-geoga-szara-da-resin-art-2-600x1067.jpg 600w, https:\/\/da-resin-art.com\/wp-content\/uploads\/2025\/01\/zegar-geoga-szara-da-resin-art-2-scaled.jpg 1440w\" sizes=\"(max-width: 576px) 100vw, 576px\" \/>\t\t\t\t\t\t\t\t\t\t\t\t\t\t\t<\/div>\n\t\t\t\t<\/div>\n\t\t\t\t\t<\/div>\n\t\t<\/div>\n\t\t\t\t<div class=\"elementor-column elementor-col-33 elementor-top-column elementor-element elementor-element-2b9333a\" data-id=\"2b9333a\" data-element_type=\"column\">\n\t\t\t<div class=\"elementor-widget-wrap elementor-element-populated\">\n\t\t\t\t\t\t<div class=\"elementor-element elementor-element-956347b elementor-widget elementor-widget-image\" data-id=\"956347b\" data-element_type=\"widget\" data-widget_type=\"image.default\">\n\t\t\t\t<div class=\"elementor-widget-container\">\n\t\t\t\t\t\t\t\t\t\t\t\t\t\t\t<img decoding=\"async\" width=\"576\" height=\"1024\" src=\"https:\/\/da-resin-art.com\/wp-content\/uploads\/2025\/01\/zegar-geoga-szara-da-resin-art-6-576x1024.jpg\" class=\"attachment-large size-large wp-image-425\" alt=\"zegar z \u017cywic\u0105 geoda szary jasny da resin art\" srcset=\"https:\/\/da-resin-art.com\/wp-content\/uploads\/2025\/01\/zegar-geoga-szara-da-resin-art-6-576x1024.jpg 576w, https:\/\/da-resin-art.com\/wp-content\/uploads\/2025\/01\/zegar-geoga-szara-da-resin-art-6-169x300.jpg 169w, https:\/\/da-resin-art.com\/wp-content\/uploads\/2025\/01\/zegar-geoga-szara-da-resin-art-6-768x1366.jpg 768w, https:\/\/da-resin-art.com\/wp-content\/uploads\/2025\/01\/zegar-geoga-szara-da-resin-art-6-864x1536.jpg 864w, https:\/\/da-resin-art.com\/wp-content\/uploads\/2025\/01\/zegar-geoga-szara-da-resin-art-6-1151x2048.jpg 1151w, https:\/\/da-resin-art.com\/wp-content\/uploads\/2025\/01\/zegar-geoga-szara-da-resin-art-6-600x1067.jpg 600w, https:\/\/da-resin-art.com\/wp-content\/uploads\/2025\/01\/zegar-geoga-szara-da-resin-art-6-scaled.jpg 1439w\" sizes=\"(max-width: 576px) 100vw, 576px\" \/>\t\t\t\t\t\t\t\t\t\t\t\t\t\t\t<\/div>\n\t\t\t\t<\/div>\n\t\t\t\t\t<\/div>\n\t\t<\/div>\n\t\t\t\t\t<\/div>\n\t\t<\/section>\n\t\t\t\t<section class=\"elementor-section elementor-top-section elementor-element elementor-element-2bbe043 elementor-section-boxed elementor-section-height-default elementor-section-height-default\" data-id=\"2bbe043\" data-element_type=\"section\">\n\t\t\t\t\t\t<div class=\"elementor-container elementor-column-gap-default\">\n\t\t\t\t\t<div class=\"elementor-column elementor-col-100 elementor-top-column elementor-element elementor-element-cec7208\" data-id=\"cec7208\" data-element_type=\"column\">\n\t\t\t<div class=\"elementor-widget-wrap elementor-element-populated\">\n\t\t\t\t\t\t<div class=\"elementor-element elementor-element-c236044 elementor-widget elementor-widget-text-editor\" data-id=\"c236044\" data-element_type=\"widget\" data-widget_type=\"text-editor.default\">\n\t\t\t\t<div class=\"elementor-widget-container\">\n\t\t\t\t\t\t\t\t\t<p>\u2728 <strong>Zegar \u015bcienny &#8220;Geoda&#8221; \u2013 sztuka, kt\u00f3ra odmierza czas z klas\u0105!<\/strong> \u2728\u23f3<\/p><p>Unikalny design inspirowany natur\u0105, wykonany z \u017cywicy epoksydowej i naturalnych kamieni \u2013 magnezytu, labradorytu i kryszta\u0142u. Cichy mechanizm zapewnia harmoni\u0119, a elegancki kszta\u0142t geody zachwyca swoj\u0105 form\u0105.<\/p><p>\ud83d\udd39 <strong>Niepowtarzalna dekoracja do Twojego wn\u0119trza!<\/strong> \ud83d\udd39<\/p><p>\ud83d\uded2 <strong>Kup teraz lub zam\u00f3w personalizowany model dopasowany do Twojego stylu!<\/strong><\/p>\t\t\t\t\t\t\t\t<\/div>\n\t\t\t\t<\/div>\n\t\t\t\t\t<\/div>\n\t\t<\/div>\n\t\t\t\t\t<\/div>\n\t\t<\/section>\n\t\t\t\t<section class=\"elementor-section elementor-top-section elementor-element elementor-element-b646a4c elementor-section-boxed elementor-section-height-default elementor-section-height-default\" data-id=\"b646a4c\" data-element_type=\"section\">\n\t\t\t\t\t\t<div class=\"elementor-container elementor-column-gap-default\">\n\t\t\t\t\t<div class=\"elementor-column elementor-col-33 elementor-top-column elementor-element elementor-element-7a5013b\" data-id=\"7a5013b\" data-element_type=\"column\">\n\t\t\t<div class=\"elementor-widget-wrap elementor-element-populated\">\n\t\t\t\t\t\t<div class=\"elementor-element elementor-element-1447e7b elementor-widget elementor-widget-image\" data-id=\"1447e7b\" data-element_type=\"widget\" data-widget_type=\"image.default\">\n\t\t\t\t<div class=\"elementor-widget-container\">\n\t\t\t\t\t\t\t\t\t\t\t\t\t\t\t<img loading=\"lazy\" decoding=\"async\" width=\"576\" height=\"1024\" src=\"https:\/\/da-resin-art.com\/wp-content\/uploads\/2025\/01\/zegar-geoga-szara-da-resin-art-3-576x1024.jpg\" class=\"attachment-large size-large wp-image-426\" alt=\"zegar z \u017cywic\u0105 geoda szary jasny da resin art\" srcset=\"https:\/\/da-resin-art.com\/wp-content\/uploads\/2025\/01\/zegar-geoga-szara-da-resin-art-3-576x1024.jpg 576w, https:\/\/da-resin-art.com\/wp-content\/uploads\/2025\/01\/zegar-geoga-szara-da-resin-art-3-169x300.jpg 169w, https:\/\/da-resin-art.com\/wp-content\/uploads\/2025\/01\/zegar-geoga-szara-da-resin-art-3-768x1365.jpg 768w, https:\/\/da-resin-art.com\/wp-content\/uploads\/2025\/01\/zegar-geoga-szara-da-resin-art-3-864x1536.jpg 864w, https:\/\/da-resin-art.com\/wp-content\/uploads\/2025\/01\/zegar-geoga-szara-da-resin-art-3-1152x2048.jpg 1152w, https:\/\/da-resin-art.com\/wp-content\/uploads\/2025\/01\/zegar-geoga-szara-da-resin-art-3-600x1067.jpg 600w, https:\/\/da-resin-art.com\/wp-content\/uploads\/2025\/01\/zegar-geoga-szara-da-resin-art-3-scaled.jpg 1440w\" sizes=\"(max-width: 576px) 100vw, 576px\" \/>\t\t\t\t\t\t\t\t\t\t\t\t\t\t\t<\/div>\n\t\t\t\t<\/div>\n\t\t\t\t\t<\/div>\n\t\t<\/div>\n\t\t\t\t<div class=\"elementor-column elementor-col-33 elementor-top-column elementor-element elementor-element-10f214f\" data-id=\"10f214f\" data-element_type=\"column\">\n\t\t\t<div class=\"elementor-widget-wrap elementor-element-populated\">\n\t\t\t\t\t\t<div class=\"elementor-element elementor-element-24f4d64 elementor-widget elementor-widget-image\" data-id=\"24f4d64\" data-element_type=\"widget\" data-widget_type=\"image.default\">\n\t\t\t\t<div class=\"elementor-widget-container\">\n\t\t\t\t\t\t\t\t\t\t\t\t\t\t\t<img loading=\"lazy\" decoding=\"async\" width=\"576\" height=\"1024\" src=\"https:\/\/da-resin-art.com\/wp-content\/uploads\/2025\/01\/zegar-geoga-szara-da-resin-art-4-576x1024.jpg\" class=\"attachment-large size-large wp-image-427\" alt=\"zegar z \u017cywic\u0105 geoda szary jasny da resin art\" srcset=\"https:\/\/da-resin-art.com\/wp-content\/uploads\/2025\/01\/zegar-geoga-szara-da-resin-art-4-576x1024.jpg 576w, https:\/\/da-resin-art.com\/wp-content\/uploads\/2025\/01\/zegar-geoga-szara-da-resin-art-4-169x300.jpg 169w, https:\/\/da-resin-art.com\/wp-content\/uploads\/2025\/01\/zegar-geoga-szara-da-resin-art-4-768x1365.jpg 768w, https:\/\/da-resin-art.com\/wp-content\/uploads\/2025\/01\/zegar-geoga-szara-da-resin-art-4-864x1536.jpg 864w, https:\/\/da-resin-art.com\/wp-content\/uploads\/2025\/01\/zegar-geoga-szara-da-resin-art-4-1152x2048.jpg 1152w, https:\/\/da-resin-art.com\/wp-content\/uploads\/2025\/01\/zegar-geoga-szara-da-resin-art-4-600x1067.jpg 600w, https:\/\/da-resin-art.com\/wp-content\/uploads\/2025\/01\/zegar-geoga-szara-da-resin-art-4-scaled.jpg 1440w\" sizes=\"(max-width: 576px) 100vw, 576px\" \/>\t\t\t\t\t\t\t\t\t\t\t\t\t\t\t<\/div>\n\t\t\t\t<\/div>\n\t\t\t\t\t<\/div>\n\t\t<\/div>\n\t\t\t\t<div class=\"elementor-column elementor-col-33 elementor-top-column elementor-element elementor-element-b83f5f1\" data-id=\"b83f5f1\" data-element_type=\"column\">\n\t\t\t<div class=\"elementor-widget-wrap elementor-element-populated\">\n\t\t\t\t\t\t<div class=\"elementor-element elementor-element-f94388c elementor-widget elementor-widget-image\" data-id=\"f94388c\" data-element_type=\"widget\" data-widget_type=\"image.default\">\n\t\t\t\t<div class=\"elementor-widget-container\">\n\t\t\t\t\t\t\t\t\t\t\t\t\t\t\t<img loading=\"lazy\" decoding=\"async\" width=\"576\" height=\"1024\" src=\"https:\/\/da-resin-art.com\/wp-content\/uploads\/2025\/01\/zegar-geoga-szara-da-resin-art-5-576x1024.jpg\" class=\"attachment-large size-large wp-image-428\" alt=\"zegar z \u017cywic\u0105 geoda szary jasny da resin art\" srcset=\"https:\/\/da-resin-art.com\/wp-content\/uploads\/2025\/01\/zegar-geoga-szara-da-resin-art-5-576x1024.jpg 576w, https:\/\/da-resin-art.com\/wp-content\/uploads\/2025\/01\/zegar-geoga-szara-da-resin-art-5-169x300.jpg 169w, https:\/\/da-resin-art.com\/wp-content\/uploads\/2025\/01\/zegar-geoga-szara-da-resin-art-5-768x1365.jpg 768w, https:\/\/da-resin-art.com\/wp-content\/uploads\/2025\/01\/zegar-geoga-szara-da-resin-art-5-864x1536.jpg 864w, https:\/\/da-resin-art.com\/wp-content\/uploads\/2025\/01\/zegar-geoga-szara-da-resin-art-5-1152x2048.jpg 1152w, https:\/\/da-resin-art.com\/wp-content\/uploads\/2025\/01\/zegar-geoga-szara-da-resin-art-5-600x1067.jpg 600w, https:\/\/da-resin-art.com\/wp-content\/uploads\/2025\/01\/zegar-geoga-szara-da-resin-art-5-scaled.jpg 1440w\" sizes=\"(max-width: 576px) 100vw, 576px\" \/>\t\t\t\t\t\t\t\t\t\t\t\t\t\t\t<\/div>\n\t\t\t\t<\/div>\n\t\t\t\t\t<\/div>\n\t\t<\/div>\n\t\t\t\t\t<\/div>\n\t\t<\/section>\n\t\t\t\t<section class=\"elementor-section elementor-top-section elementor-element elementor-element-c856d19 elementor-section-boxed elementor-section-height-default elementor-section-height-default\" data-id=\"c856d19\" data-element_type=\"section\">\n\t\t\t\t\t\t<div class=\"elementor-container elementor-column-gap-default\">\n\t\t\t\t\t<div class=\"elementor-column elementor-col-100 elementor-top-column elementor-element elementor-element-e437ad0\" data-id=\"e437ad0\" data-element_type=\"column\">\n\t\t\t<div class=\"elementor-widget-wrap elementor-element-populated\">\n\t\t\t\t\t\t<div class=\"elementor-element elementor-element-d98a81e elementor-widget elementor-widget-image\" data-id=\"d98a81e\" data-element_type=\"widget\" data-widget_type=\"image.default\">\n\t\t\t\t<div class=\"elementor-widget-container\">\n\t\t\t\t\t\t\t\t\t\t\t\t\t\t\t<img loading=\"lazy\" decoding=\"async\" width=\"1632\" height=\"1632\" src=\"https:\/\/da-resin-art.com\/wp-content\/uploads\/2025\/01\/wall-cklock-6.4.1.jpg\" class=\"attachment-full size-full wp-image-423\" alt=\"zegar z \u017cywic\u0105 geoda szary jasny da resin art\" srcset=\"https:\/\/da-resin-art.com\/wp-content\/uploads\/2025\/01\/wall-cklock-6.4.1.jpg 1632w, https:\/\/da-resin-art.com\/wp-content\/uploads\/2025\/01\/wall-cklock-6.4.1-300x300.jpg 300w, https:\/\/da-resin-art.com\/wp-content\/uploads\/2025\/01\/wall-cklock-6.4.1-1024x1024.jpg 1024w, https:\/\/da-resin-art.com\/wp-content\/uploads\/2025\/01\/wall-cklock-6.4.1-150x150.jpg 150w, https:\/\/da-resin-art.com\/wp-content\/uploads\/2025\/01\/wall-cklock-6.4.1-768x768.jpg 768w, https:\/\/da-resin-art.com\/wp-content\/uploads\/2025\/01\/wall-cklock-6.4.1-1536x1536.jpg 1536w, https:\/\/da-resin-art.com\/wp-content\/uploads\/2025\/01\/wall-cklock-6.4.1-600x600.jpg 600w, https:\/\/da-resin-art.com\/wp-content\/uploads\/2025\/01\/wall-cklock-6.4.1-100x100.jpg 100w\" sizes=\"(max-width: 1632px) 100vw, 1632px\" \/>\t\t\t\t\t\t\t\t\t\t\t\t\t\t\t<\/div>\n\t\t\t\t<\/div>\n\t\t\t\t\t<\/div>\n\t\t<\/div>\n\t\t\t\t\t<\/div>\n\t\t<\/section>\n\t\t\t\t<\/div>\n\t\t","protected":false},"excerpt":{"rendered":"<p>49&#215;39 cm. Zegar \u015bcienny &#8220;Geoda&#8221; &#8211; wz\u00f3r wykonany z \u017cywicy epoksydowej. Dodatki &#8211; naturalne kamienie: magnezyt, labradoryt, kryszta\u0142. Cichy mechanizm zegara.<\/p>\n<ul>\n<li><strong>Zegar \u015bcienny z \u017cywic\u0105 \u201eGeoda\u201d<\/strong>\u00a0to niezwyk\u0142e dzie\u0142o inspirowane pi\u0119knem naturalnych form, wykonane z \u017cywicy epoksydowej z dodatkiem magnezytu, labradorytu i kryszta\u0142u.<\/li>\n<li>Unikalny krzta\u0142t geody przyci\u0105ga wzrok i wprowadza do wn\u0119trza aur\u0119 elegancji.<\/li>\n<li>Cichy mechanizm sprawia, \u017ce zegar dzia\u0142a bezszelestnie, idealnie pasuj\u0105c do przestrzeni, w kt\u00f3rych liczy si\u0119 harmonia.<\/li>\n<li>Naturalne kamienie dodaj\u0105 elegancji, tworz\u0105c wyj\u0105tkowy akcent dekoracyjny w Twoim domu lub biurze.<\/li>\n<li>Wybierz zegar z \u017cywicy \u201eGeoda\u201d \u2013 funkcjonaln\u0105 sztuk\u0119, kt\u00f3ra odmierza czas z klas\u0105 i zachwyca ka\u017cdego dnia!<\/li>\n<\/ul>\n","protected":false},"featured_media":328,"template":"","meta":{"_acf_changed":false,"_kadence_starter_templates_imported_post":false,"_kad_post_transparent":"default","_kad_post_title":"","_kad_post_layout":"default","_kad_post_sidebar_id":"","_kad_post_content_style":"default","_kad_post_vertical_padding":"default","_kad_post_feature":"","_kad_post_feature_position":"","_kad_post_header":false,"_kad_post_footer":false},"product_brand":[],"product_cat":[18],"product_tag":[38,29],"class_list":{"0":"post-149","1":"product","2":"type-product","3":"status-publish","4":"has-post-thumbnail","6":"product_cat-galeria","7":"product_tag-sprzedany","8":"product_tag-wszystko","10":"first","11":"outofstock","12":"sold-individually","13":"shipping-taxable","14":"purchasable","15":"product-type-simple","16":"entry","17":"content-bg","18":"loop-entry"},"acf":[],"_links":{"self":[{"href":"https:\/\/da-resin-art.com\/en\/wp-json\/wp\/v2\/product\/149","targetHints":{"allow":["GET"]}}],"collection":[{"href":"https:\/\/da-resin-art.com\/en\/wp-json\/wp\/v2\/product"}],"about":[{"href":"https:\/\/da-resin-art.com\/en\/wp-json\/wp\/v2\/types\/product"}],"version-history":[{"count":26,"href":"https:\/\/da-resin-art.com\/en\/wp-json\/wp\/v2\/product\/149\/revisions"}],"predecessor-version":[{"id":4287,"href":"https:\/\/da-resin-art.com\/en\/wp-json\/wp\/v2\/product\/149\/revisions\/4287"}],"wp:featuredmedia":[{"embeddable":true,"href":"https:\/\/da-resin-art.com\/en\/wp-json\/wp\/v2\/media\/328"}],"wp:attachment":[{"href":"https:\/\/da-resin-art.com\/en\/wp-json\/wp\/v2\/media?parent=149"}],"wp:term":[{"taxonomy":"product_brand","embeddable":true,"href":"https:\/\/da-resin-art.com\/en\/wp-json\/wp\/v2\/product_brand?post=149"},{"taxonomy":"product_cat","embeddable":true,"href":"https:\/\/da-resin-art.com\/en\/wp-json\/wp\/v2\/product_cat?post=149"},{"taxonomy":"product_tag","embeddable":true,"href":"https:\/\/da-resin-art.com\/en\/wp-json\/wp\/v2\/product_tag?post=149"}],"curies":[{"name":"wp","href":"https:\/\/api.w.org\/{rel}","templated":true}]}}