{"id":1818,"date":"2025-03-30T11:38:37","date_gmt":"2025-03-30T09:38:37","guid":{"rendered":"https:\/\/da-resin-art.com\/?post_type=product&#038;p=1818"},"modified":"2026-02-10T19:02:03","modified_gmt":"2026-02-10T18:02:03","slug":"zegar-scienny-jasna-brzoskwinia","status":"publish","type":"product","link":"https:\/\/da-resin-art.com\/en\/produkt\/zegar-scienny-jasna-brzoskwinia\/","title":{"rendered":"Zegar \u015bcienny 50 cm &#8220;Jasna brzoskwinia&#8221;"},"content":{"rendered":"\t\t<div data-elementor-type=\"product-post\" data-elementor-id=\"1818\" class=\"elementor elementor-1818\" data-elementor-post-type=\"product\">\n\t\t\t\t\t\t<section class=\"elementor-section elementor-top-section elementor-element elementor-element-1c05077 elementor-section-boxed elementor-section-height-default elementor-section-height-default\" data-id=\"1c05077\" data-element_type=\"section\">\n\t\t\t\t\t\t<div class=\"elementor-container elementor-column-gap-default\">\n\t\t\t\t\t<div class=\"elementor-column elementor-col-100 elementor-top-column elementor-element elementor-element-18dc669\" data-id=\"18dc669\" data-element_type=\"column\">\n\t\t\t<div class=\"elementor-widget-wrap elementor-element-populated\">\n\t\t\t\t\t\t<div class=\"elementor-element elementor-element-0aadb0f elementor-widget elementor-widget-image\" data-id=\"0aadb0f\" data-element_type=\"widget\" data-widget_type=\"image.default\">\n\t\t\t\t<div class=\"elementor-widget-container\">\n\t\t\t\t\t\t\t\t\t\t\t\t\t\t\t<img fetchpriority=\"high\" decoding=\"async\" width=\"1024\" height=\"576\" src=\"https:\/\/da-resin-art.com\/wp-content\/uploads\/2025\/03\/zegary-da-resin-art-jasna-brzoskwinia-geoda-3-1024x576.jpg\" class=\"attachment-large size-large wp-image-1823\" alt=\"Zegar \u015bcienny z \u017cywicy Jasna brzoskwinia\" srcset=\"https:\/\/da-resin-art.com\/wp-content\/uploads\/2025\/03\/zegary-da-resin-art-jasna-brzoskwinia-geoda-3-1024x576.jpg 1024w, https:\/\/da-resin-art.com\/wp-content\/uploads\/2025\/03\/zegary-da-resin-art-jasna-brzoskwinia-geoda-3-300x169.jpg 300w, https:\/\/da-resin-art.com\/wp-content\/uploads\/2025\/03\/zegary-da-resin-art-jasna-brzoskwinia-geoda-3-768x432.jpg 768w, https:\/\/da-resin-art.com\/wp-content\/uploads\/2025\/03\/zegary-da-resin-art-jasna-brzoskwinia-geoda-3-600x338.jpg 600w, https:\/\/da-resin-art.com\/wp-content\/uploads\/2025\/03\/zegary-da-resin-art-jasna-brzoskwinia-geoda-3-rotated.jpg 1422w\" sizes=\"(max-width: 1024px) 100vw, 1024px\" \/>\t\t\t\t\t\t\t\t\t\t\t\t\t\t\t<\/div>\n\t\t\t\t<\/div>\n\t\t\t\t\t<\/div>\n\t\t<\/div>\n\t\t\t\t\t<\/div>\n\t\t<\/section>\n\t\t\t\t<section class=\"elementor-section elementor-top-section elementor-element elementor-element-4e326855 elementor-section-boxed elementor-section-height-default elementor-section-height-default\" data-id=\"4e326855\" data-element_type=\"section\">\n\t\t\t\t\t\t<div class=\"elementor-container elementor-column-gap-default\">\n\t\t\t\t\t<div class=\"elementor-column elementor-col-100 elementor-top-column elementor-element elementor-element-42c485c1\" data-id=\"42c485c1\" data-element_type=\"column\">\n\t\t\t<div class=\"elementor-widget-wrap elementor-element-populated\">\n\t\t\t\t\t\t<div class=\"elementor-element elementor-element-67d3cb9 elementor-widget elementor-widget-text-editor\" data-id=\"67d3cb9\" data-element_type=\"widget\" data-widget_type=\"text-editor.default\">\n\t\t\t\t<div class=\"elementor-widget-container\">\n\t\t\t\t\t\t\t\t\t<p>\ud83d\udda4Baza &#8211; MDF.<\/p><p>\ud83d\udda4 Zegar \u015bcienny &#8220;Jasna brzoskwinia&#8221; &#8211; wz\u00f3r wykonany z \u017cywicy epoksydowej.<\/p><p>\ud83d\udda4 Z\u0142ote rzymskie cyfry i wskaz\u00f3wki z lustrzanego plexi.<\/p><p>\ud83d\udda4 Dodatki kamienie: kryszta\u0142y g\u00f3rskie oraz magnezyt.<\/p><p>\ud83d\udda4 Cichy mechanizm zegara.\u00a0<\/p>\t\t\t\t\t\t\t\t<\/div>\n\t\t\t\t<\/div>\n\t\t\t\t\t<\/div>\n\t\t<\/div>\n\t\t\t\t\t<\/div>\n\t\t<\/section>\n\t\t\t\t<section class=\"elementor-section elementor-top-section elementor-element elementor-element-1705c5e elementor-section-boxed elementor-section-height-default elementor-section-height-default\" data-id=\"1705c5e\" data-element_type=\"section\">\n\t\t\t\t\t\t<div class=\"elementor-container elementor-column-gap-default\">\n\t\t\t\t\t<div class=\"elementor-column elementor-col-33 elementor-top-column elementor-element elementor-element-e345a69\" data-id=\"e345a69\" data-element_type=\"column\">\n\t\t\t<div class=\"elementor-widget-wrap elementor-element-populated\">\n\t\t\t\t\t\t<div class=\"elementor-element elementor-element-d042564 elementor-widget elementor-widget-video\" data-id=\"d042564\" data-element_type=\"widget\" data-settings=\"{&quot;youtube_url&quot;:&quot;https:\\\/\\\/youtube.com\\\/watch?v=DIUIYg430Us?feature=share&quot;,&quot;video_type&quot;:&quot;youtube&quot;,&quot;controls&quot;:&quot;yes&quot;}\" data-widget_type=\"video.default\">\n\t\t\t\t<div class=\"elementor-widget-container\">\n\t\t\t\t\t\t\t<div class=\"elementor-wrapper elementor-open-inline\">\n\t\t\t<div class=\"elementor-video\"><\/div>\t\t<\/div>\n\t\t\t\t\t\t<\/div>\n\t\t\t\t<\/div>\n\t\t\t\t\t<\/div>\n\t\t<\/div>\n\t\t\t\t<div class=\"elementor-column elementor-col-33 elementor-top-column elementor-element elementor-element-d6da29c\" data-id=\"d6da29c\" data-element_type=\"column\">\n\t\t\t<div class=\"elementor-widget-wrap elementor-element-populated\">\n\t\t\t\t\t\t<div class=\"elementor-element elementor-element-65de88c elementor-widget elementor-widget-image\" data-id=\"65de88c\" data-element_type=\"widget\" data-widget_type=\"image.default\">\n\t\t\t\t<div class=\"elementor-widget-container\">\n\t\t\t\t\t\t\t\t\t\t\t\t\t\t\t<img decoding=\"async\" width=\"576\" height=\"1024\" src=\"https:\/\/da-resin-art.com\/wp-content\/uploads\/2025\/03\/zegary-da-resin-art-jasna-brzoskwinia-geoda-2-576x1024.jpg\" class=\"attachment-large size-large wp-image-1829\" alt=\"Zegar \u015bcienny z \u017cywicy Jasna brzoskwinia\" srcset=\"https:\/\/da-resin-art.com\/wp-content\/uploads\/2025\/03\/zegary-da-resin-art-jasna-brzoskwinia-geoda-2-576x1024.jpg 576w, https:\/\/da-resin-art.com\/wp-content\/uploads\/2025\/03\/zegary-da-resin-art-jasna-brzoskwinia-geoda-2-169x300.jpg 169w, https:\/\/da-resin-art.com\/wp-content\/uploads\/2025\/03\/zegary-da-resin-art-jasna-brzoskwinia-geoda-2-768x1365.jpg 768w, https:\/\/da-resin-art.com\/wp-content\/uploads\/2025\/03\/zegary-da-resin-art-jasna-brzoskwinia-geoda-2-600x1067.jpg 600w, https:\/\/da-resin-art.com\/wp-content\/uploads\/2025\/03\/zegary-da-resin-art-jasna-brzoskwinia-geoda-2.jpg 800w\" sizes=\"(max-width: 576px) 100vw, 576px\" \/>\t\t\t\t\t\t\t\t\t\t\t\t\t\t\t<\/div>\n\t\t\t\t<\/div>\n\t\t\t\t\t<\/div>\n\t\t<\/div>\n\t\t\t\t<div class=\"elementor-column elementor-col-33 elementor-top-column elementor-element elementor-element-f8aab89\" data-id=\"f8aab89\" data-element_type=\"column\">\n\t\t\t<div class=\"elementor-widget-wrap elementor-element-populated\">\n\t\t\t\t\t\t<div class=\"elementor-element elementor-element-d89be88 elementor-widget elementor-widget-image\" data-id=\"d89be88\" data-element_type=\"widget\" data-widget_type=\"image.default\">\n\t\t\t\t<div class=\"elementor-widget-container\">\n\t\t\t\t\t\t\t\t\t\t\t\t\t\t\t<img decoding=\"async\" width=\"576\" height=\"1024\" src=\"https:\/\/da-resin-art.com\/wp-content\/uploads\/2025\/03\/zegary-da-resin-art-jasna-brzoskwinia-geoda-1-576x1024.jpg\" class=\"attachment-large size-large wp-image-1826\" alt=\"Zegar \u015bcienny z \u017cywicy Jasna brzoskwinia\" srcset=\"https:\/\/da-resin-art.com\/wp-content\/uploads\/2025\/03\/zegary-da-resin-art-jasna-brzoskwinia-geoda-1-576x1024.jpg 576w, https:\/\/da-resin-art.com\/wp-content\/uploads\/2025\/03\/zegary-da-resin-art-jasna-brzoskwinia-geoda-1-169x300.jpg 169w, https:\/\/da-resin-art.com\/wp-content\/uploads\/2025\/03\/zegary-da-resin-art-jasna-brzoskwinia-geoda-1-768x1366.jpg 768w, https:\/\/da-resin-art.com\/wp-content\/uploads\/2025\/03\/zegary-da-resin-art-jasna-brzoskwinia-geoda-1-600x1067.jpg 600w, https:\/\/da-resin-art.com\/wp-content\/uploads\/2025\/03\/zegary-da-resin-art-jasna-brzoskwinia-geoda-1.jpg 800w\" sizes=\"(max-width: 576px) 100vw, 576px\" \/>\t\t\t\t\t\t\t\t\t\t\t\t\t\t\t<\/div>\n\t\t\t\t<\/div>\n\t\t\t\t\t<\/div>\n\t\t<\/div>\n\t\t\t\t\t<\/div>\n\t\t<\/section>\n\t\t\t\t<section class=\"elementor-section elementor-top-section elementor-element elementor-element-de9aa7f elementor-section-boxed elementor-section-height-default elementor-section-height-default\" data-id=\"de9aa7f\" data-element_type=\"section\">\n\t\t\t\t\t\t<div class=\"elementor-container elementor-column-gap-default\">\n\t\t\t\t\t<div class=\"elementor-column elementor-col-100 elementor-top-column elementor-element elementor-element-a0b9f94\" data-id=\"a0b9f94\" data-element_type=\"column\">\n\t\t\t<div class=\"elementor-widget-wrap elementor-element-populated\">\n\t\t\t\t\t\t<div class=\"elementor-element elementor-element-68b2ab8 elementor-widget elementor-widget-text-editor\" data-id=\"68b2ab8\" data-element_type=\"widget\" data-widget_type=\"text-editor.default\">\n\t\t\t\t<div class=\"elementor-widget-container\">\n\t\t\t\t\t\t\t\t\t<h3 class=\"\" data-start=\"0\" data-end=\"43\"><strong data-start=\"4\" data-end=\"41\">Zegar \u015bcienny z \u017cywicy \u201eJasna Brzoskwinia\u201d<\/strong><\/h3><p class=\"\" data-start=\"45\" data-end=\"452\">Ten wyj\u0105tkowy zegar w kszta\u0142cie geody to po\u0142\u0105czenie sztuki i funkcjonalno\u015bci. Wykonany z \u017cywicy epoksydowej, zachwyca ciep\u0142ymi, brzoskwiniowymi tonami, kt\u00f3re subtelnie przechodz\u0105 w delikatne, per\u0142owe akcenty. Z\u0142ote rzymskie cyfry oraz podzia\u0142y z lustrzanego plexi dodaj\u0105 mu elegancji i luksusowego charakteru. Precyzyjne z\u0142ote wskaz\u00f3wki komponuj\u0105 si\u0119 harmonijnie z ca\u0142o\u015bci\u0105, podkre\u015blaj\u0105c wyj\u0105tkowy design.<\/p><p class=\"\" data-start=\"454\" data-end=\"720\">Naturalne dodatki, takie jak magnezyt i kryszta\u0142 g\u00f3rski, nadaj\u0105 zegarowi niepowtarzalnej struktury i g\u0142\u0119bi, sprawiaj\u0105c, \u017ce wygl\u0105da jak prawdziwa geoda. Wyposa\u017cony w <strong data-start=\"619\" data-end=\"638\">cichy mechanizm<\/strong>, jest idealnym wyborem dla os\u00f3b ceni\u0105cych sobie zar\u00f3wno estetyk\u0119, jak i spok\u00f3j.<\/p><p class=\"\" data-start=\"722\" data-end=\"827\">Perfekcyjnie wpasuje si\u0119 w nowoczesne, glamour oraz klasyczne wn\u0119trza, stanowi\u0105c niezwyk\u0142\u0105 ozdob\u0119 \u015bciany.<\/p>\t\t\t\t\t\t\t\t<\/div>\n\t\t\t\t<\/div>\n\t\t\t\t\t<\/div>\n\t\t<\/div>\n\t\t\t\t\t<\/div>\n\t\t<\/section>\n\t\t\t\t<section class=\"elementor-section elementor-top-section elementor-element elementor-element-e6cc6e8 elementor-section-boxed elementor-section-height-default elementor-section-height-default\" data-id=\"e6cc6e8\" data-element_type=\"section\">\n\t\t\t\t\t\t<div class=\"elementor-container elementor-column-gap-default\">\n\t\t\t\t\t<div class=\"elementor-column elementor-col-33 elementor-top-column elementor-element elementor-element-ca6c748\" data-id=\"ca6c748\" data-element_type=\"column\">\n\t\t\t<div class=\"elementor-widget-wrap elementor-element-populated\">\n\t\t\t\t\t\t<div class=\"elementor-element elementor-element-f8a13bc elementor-widget elementor-widget-image\" data-id=\"f8a13bc\" data-element_type=\"widget\" data-widget_type=\"image.default\">\n\t\t\t\t<div class=\"elementor-widget-container\">\n\t\t\t\t\t\t\t\t\t\t\t\t\t\t\t<img loading=\"lazy\" decoding=\"async\" width=\"576\" height=\"1024\" src=\"https:\/\/da-resin-art.com\/wp-content\/uploads\/2025\/03\/zegary-da-resin-art-jasna-brzoskwinia-geoda-4-576x1024.jpg\" class=\"attachment-large size-large wp-image-1833\" alt=\"Zegar \u015bcienny z \u017cywicy Jasna brzoskwinia\" srcset=\"https:\/\/da-resin-art.com\/wp-content\/uploads\/2025\/03\/zegary-da-resin-art-jasna-brzoskwinia-geoda-4-576x1024.jpg 576w, https:\/\/da-resin-art.com\/wp-content\/uploads\/2025\/03\/zegary-da-resin-art-jasna-brzoskwinia-geoda-4-169x300.jpg 169w, https:\/\/da-resin-art.com\/wp-content\/uploads\/2025\/03\/zegary-da-resin-art-jasna-brzoskwinia-geoda-4-768x1365.jpg 768w, https:\/\/da-resin-art.com\/wp-content\/uploads\/2025\/03\/zegary-da-resin-art-jasna-brzoskwinia-geoda-4-600x1067.jpg 600w, https:\/\/da-resin-art.com\/wp-content\/uploads\/2025\/03\/zegary-da-resin-art-jasna-brzoskwinia-geoda-4.jpg 800w\" sizes=\"(max-width: 576px) 100vw, 576px\" \/>\t\t\t\t\t\t\t\t\t\t\t\t\t\t\t<\/div>\n\t\t\t\t<\/div>\n\t\t\t\t\t<\/div>\n\t\t<\/div>\n\t\t\t\t<div class=\"elementor-column elementor-col-33 elementor-top-column elementor-element elementor-element-2d77b49\" data-id=\"2d77b49\" data-element_type=\"column\">\n\t\t\t<div class=\"elementor-widget-wrap elementor-element-populated\">\n\t\t\t\t\t\t<div class=\"elementor-element elementor-element-ebc2c3f elementor-widget elementor-widget-image\" data-id=\"ebc2c3f\" data-element_type=\"widget\" data-widget_type=\"image.default\">\n\t\t\t\t<div class=\"elementor-widget-container\">\n\t\t\t\t\t\t\t\t\t\t\t\t\t\t\t<img loading=\"lazy\" decoding=\"async\" width=\"576\" height=\"1024\" src=\"https:\/\/da-resin-art.com\/wp-content\/uploads\/2025\/03\/zegary-da-resin-art-jasna-brzoskwinia-geoda-8-576x1024.jpg\" class=\"attachment-large size-large wp-image-1845\" alt=\"Zegar \u015bcienny z \u017cywicy Jasna brzoskwinia\" srcset=\"https:\/\/da-resin-art.com\/wp-content\/uploads\/2025\/03\/zegary-da-resin-art-jasna-brzoskwinia-geoda-8-576x1024.jpg 576w, https:\/\/da-resin-art.com\/wp-content\/uploads\/2025\/03\/zegary-da-resin-art-jasna-brzoskwinia-geoda-8-169x300.jpg 169w, https:\/\/da-resin-art.com\/wp-content\/uploads\/2025\/03\/zegary-da-resin-art-jasna-brzoskwinia-geoda-8-768x1365.jpg 768w, https:\/\/da-resin-art.com\/wp-content\/uploads\/2025\/03\/zegary-da-resin-art-jasna-brzoskwinia-geoda-8-600x1067.jpg 600w, https:\/\/da-resin-art.com\/wp-content\/uploads\/2025\/03\/zegary-da-resin-art-jasna-brzoskwinia-geoda-8.jpg 800w\" sizes=\"(max-width: 576px) 100vw, 576px\" \/>\t\t\t\t\t\t\t\t\t\t\t\t\t\t\t<\/div>\n\t\t\t\t<\/div>\n\t\t\t\t\t<\/div>\n\t\t<\/div>\n\t\t\t\t<div class=\"elementor-column elementor-col-33 elementor-top-column elementor-element elementor-element-d167be2\" data-id=\"d167be2\" data-element_type=\"column\">\n\t\t\t<div class=\"elementor-widget-wrap elementor-element-populated\">\n\t\t\t\t\t\t<div class=\"elementor-element elementor-element-f797468 elementor-widget elementor-widget-image\" data-id=\"f797468\" data-element_type=\"widget\" data-widget_type=\"image.default\">\n\t\t\t\t<div class=\"elementor-widget-container\">\n\t\t\t\t\t\t\t\t\t\t\t\t\t\t\t<img loading=\"lazy\" decoding=\"async\" width=\"576\" height=\"1024\" src=\"https:\/\/da-resin-art.com\/wp-content\/uploads\/2025\/03\/zegary-da-resin-art-jasna-brzoskwinia-geoda-6-576x1024.jpg\" class=\"attachment-large size-large wp-image-1839\" alt=\"Zegar \u015bcienny z \u017cywicy Jasna brzoskwinia\" srcset=\"https:\/\/da-resin-art.com\/wp-content\/uploads\/2025\/03\/zegary-da-resin-art-jasna-brzoskwinia-geoda-6-576x1024.jpg 576w, https:\/\/da-resin-art.com\/wp-content\/uploads\/2025\/03\/zegary-da-resin-art-jasna-brzoskwinia-geoda-6-169x300.jpg 169w, https:\/\/da-resin-art.com\/wp-content\/uploads\/2025\/03\/zegary-da-resin-art-jasna-brzoskwinia-geoda-6-768x1365.jpg 768w, https:\/\/da-resin-art.com\/wp-content\/uploads\/2025\/03\/zegary-da-resin-art-jasna-brzoskwinia-geoda-6-600x1067.jpg 600w, https:\/\/da-resin-art.com\/wp-content\/uploads\/2025\/03\/zegary-da-resin-art-jasna-brzoskwinia-geoda-6.jpg 800w\" sizes=\"(max-width: 576px) 100vw, 576px\" \/>\t\t\t\t\t\t\t\t\t\t\t\t\t\t\t<\/div>\n\t\t\t\t<\/div>\n\t\t\t\t\t<\/div>\n\t\t<\/div>\n\t\t\t\t\t<\/div>\n\t\t<\/section>\n\t\t\t\t<section class=\"elementor-section elementor-top-section elementor-element elementor-element-a6d68d9 elementor-section-boxed elementor-section-height-default elementor-section-height-default\" data-id=\"a6d68d9\" data-element_type=\"section\">\n\t\t\t\t\t\t<div class=\"elementor-container elementor-column-gap-default\">\n\t\t\t\t\t<div class=\"elementor-column elementor-col-33 elementor-top-column elementor-element elementor-element-3b6a0de\" data-id=\"3b6a0de\" data-element_type=\"column\">\n\t\t\t<div class=\"elementor-widget-wrap elementor-element-populated\">\n\t\t\t\t\t\t<div class=\"elementor-element elementor-element-d65dd49 elementor-widget elementor-widget-image\" data-id=\"d65dd49\" data-element_type=\"widget\" data-widget_type=\"image.default\">\n\t\t\t\t<div class=\"elementor-widget-container\">\n\t\t\t\t\t\t\t\t\t\t\t\t\t\t\t<img loading=\"lazy\" decoding=\"async\" width=\"576\" height=\"1024\" src=\"https:\/\/da-resin-art.com\/wp-content\/uploads\/2025\/03\/zegary-da-resin-art-jasna-brzoskwinia-geoda-7-576x1024.jpg\" class=\"attachment-large size-large wp-image-1842\" alt=\"Zegar \u015bcienny z \u017cywicy Jasna brzoskwinia\" srcset=\"https:\/\/da-resin-art.com\/wp-content\/uploads\/2025\/03\/zegary-da-resin-art-jasna-brzoskwinia-geoda-7-576x1024.jpg 576w, https:\/\/da-resin-art.com\/wp-content\/uploads\/2025\/03\/zegary-da-resin-art-jasna-brzoskwinia-geoda-7-169x300.jpg 169w, https:\/\/da-resin-art.com\/wp-content\/uploads\/2025\/03\/zegary-da-resin-art-jasna-brzoskwinia-geoda-7-768x1365.jpg 768w, https:\/\/da-resin-art.com\/wp-content\/uploads\/2025\/03\/zegary-da-resin-art-jasna-brzoskwinia-geoda-7-600x1067.jpg 600w, https:\/\/da-resin-art.com\/wp-content\/uploads\/2025\/03\/zegary-da-resin-art-jasna-brzoskwinia-geoda-7.jpg 800w\" sizes=\"(max-width: 576px) 100vw, 576px\" \/>\t\t\t\t\t\t\t\t\t\t\t\t\t\t\t<\/div>\n\t\t\t\t<\/div>\n\t\t\t\t\t<\/div>\n\t\t<\/div>\n\t\t\t\t<div class=\"elementor-column elementor-col-33 elementor-top-column elementor-element elementor-element-d673687\" data-id=\"d673687\" data-element_type=\"column\">\n\t\t\t<div class=\"elementor-widget-wrap elementor-element-populated\">\n\t\t\t\t\t\t<div class=\"elementor-element elementor-element-5b41fcb elementor-widget elementor-widget-image\" data-id=\"5b41fcb\" data-element_type=\"widget\" data-widget_type=\"image.default\">\n\t\t\t\t<div class=\"elementor-widget-container\">\n\t\t\t\t\t\t\t\t\t\t\t\t\t\t\t<img loading=\"lazy\" decoding=\"async\" width=\"576\" height=\"1024\" src=\"https:\/\/da-resin-art.com\/wp-content\/uploads\/2025\/03\/zegary-da-resin-art-jasna-brzoskwinia-geoda-9-576x1024.jpg\" class=\"attachment-large size-large wp-image-1848\" alt=\"Zegar \u015bcienny z \u017cywicy Jasna brzoskwinia\" srcset=\"https:\/\/da-resin-art.com\/wp-content\/uploads\/2025\/03\/zegary-da-resin-art-jasna-brzoskwinia-geoda-9-576x1024.jpg 576w, https:\/\/da-resin-art.com\/wp-content\/uploads\/2025\/03\/zegary-da-resin-art-jasna-brzoskwinia-geoda-9-169x300.jpg 169w, https:\/\/da-resin-art.com\/wp-content\/uploads\/2025\/03\/zegary-da-resin-art-jasna-brzoskwinia-geoda-9-768x1366.jpg 768w, https:\/\/da-resin-art.com\/wp-content\/uploads\/2025\/03\/zegary-da-resin-art-jasna-brzoskwinia-geoda-9-600x1067.jpg 600w, https:\/\/da-resin-art.com\/wp-content\/uploads\/2025\/03\/zegary-da-resin-art-jasna-brzoskwinia-geoda-9.jpg 800w\" sizes=\"(max-width: 576px) 100vw, 576px\" \/>\t\t\t\t\t\t\t\t\t\t\t\t\t\t\t<\/div>\n\t\t\t\t<\/div>\n\t\t\t\t\t<\/div>\n\t\t<\/div>\n\t\t\t\t<div class=\"elementor-column elementor-col-33 elementor-top-column elementor-element elementor-element-776cb9f\" data-id=\"776cb9f\" data-element_type=\"column\">\n\t\t\t<div class=\"elementor-widget-wrap elementor-element-populated\">\n\t\t\t\t\t\t<div class=\"elementor-element elementor-element-d2f7fdf elementor-widget elementor-widget-image\" data-id=\"d2f7fdf\" data-element_type=\"widget\" data-widget_type=\"image.default\">\n\t\t\t\t<div class=\"elementor-widget-container\">\n\t\t\t\t\t\t\t\t\t\t\t\t\t\t\t<img loading=\"lazy\" decoding=\"async\" width=\"576\" height=\"1024\" src=\"https:\/\/da-resin-art.com\/wp-content\/uploads\/2025\/03\/zegary-da-resin-art-jasna-brzoskwinia-geoda-5-576x1024.jpg\" class=\"attachment-large size-large wp-image-1836\" alt=\"Zegar \u015bcienny z \u017cywicy Jasna brzoskwinia\" srcset=\"https:\/\/da-resin-art.com\/wp-content\/uploads\/2025\/03\/zegary-da-resin-art-jasna-brzoskwinia-geoda-5-576x1024.jpg 576w, https:\/\/da-resin-art.com\/wp-content\/uploads\/2025\/03\/zegary-da-resin-art-jasna-brzoskwinia-geoda-5-169x300.jpg 169w, https:\/\/da-resin-art.com\/wp-content\/uploads\/2025\/03\/zegary-da-resin-art-jasna-brzoskwinia-geoda-5-768x1365.jpg 768w, https:\/\/da-resin-art.com\/wp-content\/uploads\/2025\/03\/zegary-da-resin-art-jasna-brzoskwinia-geoda-5-600x1067.jpg 600w, https:\/\/da-resin-art.com\/wp-content\/uploads\/2025\/03\/zegary-da-resin-art-jasna-brzoskwinia-geoda-5.jpg 800w\" sizes=\"(max-width: 576px) 100vw, 576px\" \/>\t\t\t\t\t\t\t\t\t\t\t\t\t\t\t<\/div>\n\t\t\t\t<\/div>\n\t\t\t\t\t<\/div>\n\t\t<\/div>\n\t\t\t\t\t<\/div>\n\t\t<\/section>\n\t\t\t\t<\/div>\n\t\t","protected":false},"excerpt":{"rendered":"<p data-pm-slice=\"1 1 []\"><strong>Zegar \u015bcienny &#8220;Jasna brzoskwinia&#8221;<\/strong> z \u017cywicy w krzta\u0142cie Geoda, z\u0142ote rzymskie cyfry z lustrzanego plexi oraz wskaz\u00f3wki, dodatki: magnezyt i kryszta\u0142 g\u00f3rski. Cichy mechanizm zegara.<\/p>\n<ul data-start=\"142\" data-end=\"704\" data-is-last-node=\"\">\n<li data-start=\"142\" data-end=\"271\">Zegar \u015bcienny <strong data-start=\"87\" data-end=\"110\">&#8220;Jasna brzoskwinia&#8221;<\/strong> to wyj\u0105tkowy projekt inspirowany naturalnym pi\u0119knem geod, wykonany z \u017cywicy epoksydowej.<\/li>\n<li data-start=\"142\" data-end=\"271\">Jego <strong data-start=\"207\" data-end=\"229\">organiczny kszta\u0142t<\/strong> oraz <strong data-start=\"235\" data-end=\"261\">brzoskwiniowe odcienie<\/strong> nadaj\u0105 mu subtelny, a zarazem luksusowy charakter.<\/li>\n<li data-start=\"142\" data-end=\"271\"><strong data-start=\"315\" data-end=\"351\">Z\u0142ote rzymskie cyfry i wskaz\u00f3wki<\/strong>, wykonane z <strong data-start=\"364\" data-end=\"385\">lustrzanego plexi<\/strong>, dodaj\u0105 elegancji i podkre\u015blaj\u0105 unikalny design.<\/li>\n<li data-start=\"142\" data-end=\"271\">Dodatki w postaci <strong data-start=\"455\" data-end=\"490\">magnezytu i kryszta\u0142u g\u00f3rskiego<\/strong> nadaj\u0105 mu g\u0142\u0119bi i energetycznego wyrazu.<\/li>\n<li data-start=\"142\" data-end=\"271\">Cichy mechanizm zapewnia komfort u\u017cytkowania, czyni\u0105c zegar harmonijnym elementem stylowego wn\u0119trza.<\/li>\n<li data-start=\"142\" data-end=\"271\"><strong data-start=\"637\" data-end=\"660\">&#8220;Jasna brzoskwinia&#8221;<\/strong> to nie tylko zegar \u2013 to dzie\u0142o sztuki, kt\u00f3re przyci\u0105ga wzrok i wnosi do przestrzeni naturalne pi\u0119kno.<\/li>\n<\/ul>\n","protected":false},"featured_media":1819,"template":"","meta":{"_acf_changed":false,"_kadence_starter_templates_imported_post":false,"_kad_post_transparent":"default","_kad_post_title":"","_kad_post_layout":"default","_kad_post_sidebar_id":"","_kad_post_content_style":"default","_kad_post_vertical_padding":"default","_kad_post_feature":"","_kad_post_feature_position":"","_kad_post_header":false,"_kad_post_footer":false},"product_brand":[],"product_cat":[18],"product_tag":[38,29],"class_list":{"0":"post-1818","1":"product","2":"type-product","3":"status-publish","4":"has-post-thumbnail","6":"product_cat-galeria","7":"product_tag-sprzedany","8":"product_tag-wszystko","10":"first","11":"outofstock","12":"shipping-taxable","13":"purchasable","14":"product-type-simple","15":"entry","16":"content-bg","17":"loop-entry"},"acf":[],"_links":{"self":[{"href":"https:\/\/da-resin-art.com\/en\/wp-json\/wp\/v2\/product\/1818","targetHints":{"allow":["GET"]}}],"collection":[{"href":"https:\/\/da-resin-art.com\/en\/wp-json\/wp\/v2\/product"}],"about":[{"href":"https:\/\/da-resin-art.com\/en\/wp-json\/wp\/v2\/types\/product"}],"version-history":[{"count":9,"href":"https:\/\/da-resin-art.com\/en\/wp-json\/wp\/v2\/product\/1818\/revisions"}],"predecessor-version":[{"id":4238,"href":"https:\/\/da-resin-art.com\/en\/wp-json\/wp\/v2\/product\/1818\/revisions\/4238"}],"wp:featuredmedia":[{"embeddable":true,"href":"https:\/\/da-resin-art.com\/en\/wp-json\/wp\/v2\/media\/1819"}],"wp:attachment":[{"href":"https:\/\/da-resin-art.com\/en\/wp-json\/wp\/v2\/media?parent=1818"}],"wp:term":[{"taxonomy":"product_brand","embeddable":true,"href":"https:\/\/da-resin-art.com\/en\/wp-json\/wp\/v2\/product_brand?post=1818"},{"taxonomy":"product_cat","embeddable":true,"href":"https:\/\/da-resin-art.com\/en\/wp-json\/wp\/v2\/product_cat?post=1818"},{"taxonomy":"product_tag","embeddable":true,"href":"https:\/\/da-resin-art.com\/en\/wp-json\/wp\/v2\/product_tag?post=1818"}],"curies":[{"name":"wp","href":"https:\/\/api.w.org\/{rel}","templated":true}]}}