{"id":1955,"date":"2025-05-09T22:22:04","date_gmt":"2025-05-09T20:22:04","guid":{"rendered":"https:\/\/da-resin-art.com\/?post_type=product&#038;p=1955"},"modified":"2026-02-10T19:01:39","modified_gmt":"2026-02-10T18:01:39","slug":"zegar-scienny-krolewski-szmaragd","status":"publish","type":"product","link":"https:\/\/da-resin-art.com\/en\/produkt\/zegar-scienny-krolewski-szmaragd\/","title":{"rendered":"Zegar \u015bcienny 50 cm &#8220;Kr\u00f3lewski szmaragd&#8221;"},"content":{"rendered":"\t\t<div data-elementor-type=\"product-post\" data-elementor-id=\"1955\" class=\"elementor elementor-1955\" data-elementor-post-type=\"product\">\n\t\t\t\t\t\t<section class=\"elementor-section elementor-top-section elementor-element elementor-element-1c05077 elementor-section-boxed elementor-section-height-default elementor-section-height-default\" data-id=\"1c05077\" data-element_type=\"section\">\n\t\t\t\t\t\t<div class=\"elementor-container elementor-column-gap-default\">\n\t\t\t\t\t<div class=\"elementor-column elementor-col-100 elementor-top-column elementor-element elementor-element-18dc669\" data-id=\"18dc669\" data-element_type=\"column\">\n\t\t\t<div class=\"elementor-widget-wrap elementor-element-populated\">\n\t\t\t\t\t\t<div class=\"elementor-element elementor-element-0aadb0f elementor-widget elementor-widget-image\" data-id=\"0aadb0f\" data-element_type=\"widget\" data-widget_type=\"image.default\">\n\t\t\t\t<div class=\"elementor-widget-container\">\n\t\t\t\t\t\t\t\t\t\t\t\t\t\t\t<img fetchpriority=\"high\" decoding=\"async\" width=\"1024\" height=\"576\" src=\"https:\/\/da-resin-art.com\/wp-content\/uploads\/2025\/05\/zegary-da-resinart-czarno-zielono-zloty-50-cm-2-1024x576.jpg\" class=\"attachment-large size-large wp-image-1961\" alt=\"zegar \u015bcienny z \u017cywicy kwadratowy czarny zielony z\u0142oto\" srcset=\"https:\/\/da-resin-art.com\/wp-content\/uploads\/2025\/05\/zegary-da-resinart-czarno-zielono-zloty-50-cm-2-1024x576.jpg 1024w, https:\/\/da-resin-art.com\/wp-content\/uploads\/2025\/05\/zegary-da-resinart-czarno-zielono-zloty-50-cm-2-300x169.jpg 300w, https:\/\/da-resin-art.com\/wp-content\/uploads\/2025\/05\/zegary-da-resinart-czarno-zielono-zloty-50-cm-2-768x432.jpg 768w, https:\/\/da-resin-art.com\/wp-content\/uploads\/2025\/05\/zegary-da-resinart-czarno-zielono-zloty-50-cm-2-600x338.jpg 600w, https:\/\/da-resin-art.com\/wp-content\/uploads\/2025\/05\/zegary-da-resinart-czarno-zielono-zloty-50-cm-2.jpg 1500w\" sizes=\"(max-width: 1024px) 100vw, 1024px\" \/>\t\t\t\t\t\t\t\t\t\t\t\t\t\t\t<\/div>\n\t\t\t\t<\/div>\n\t\t\t\t\t<\/div>\n\t\t<\/div>\n\t\t\t\t\t<\/div>\n\t\t<\/section>\n\t\t\t\t<section class=\"elementor-section elementor-top-section elementor-element elementor-element-4e326855 elementor-section-boxed elementor-section-height-default elementor-section-height-default\" data-id=\"4e326855\" data-element_type=\"section\">\n\t\t\t\t\t\t<div class=\"elementor-container elementor-column-gap-default\">\n\t\t\t\t\t<div class=\"elementor-column elementor-col-100 elementor-top-column elementor-element elementor-element-42c485c1\" data-id=\"42c485c1\" data-element_type=\"column\">\n\t\t\t<div class=\"elementor-widget-wrap elementor-element-populated\">\n\t\t\t\t\t\t<div class=\"elementor-element elementor-element-67d3cb9 elementor-widget elementor-widget-text-editor\" data-id=\"67d3cb9\" data-element_type=\"widget\" data-widget_type=\"text-editor.default\">\n\t\t\t\t<div class=\"elementor-widget-container\">\n\t\t\t\t\t\t\t\t\t<p>\ud83d\udda4Baza &#8211; MDF.<\/p>\n<p>\ud83d\udda4 Zegar \u015bcienny &#8220;Kr\u00f3lewski szmaragd&#8221; &#8211; wz\u00f3r wykonany z \u017cywicy epoksydowej.<\/p>\n<p>\ud83d\udda4 Z\u0142ote arabskie cyfry i wskaz\u00f3wki z lustrzanego plexi.<\/p>\n<p>\ud83d\udda4 Dodatki: kruszone szk\u0142o i naturalne kamienie sokole oko.<\/p>\n<p>\ud83d\udda4 Cichy mechanizm zegara.&nbsp;<\/p>\t\t\t\t\t\t\t\t<\/div>\n\t\t\t\t<\/div>\n\t\t\t\t\t<\/div>\n\t\t<\/div>\n\t\t\t\t\t<\/div>\n\t\t<\/section>\n\t\t\t\t<section class=\"elementor-section elementor-top-section elementor-element elementor-element-1705c5e elementor-section-boxed elementor-section-height-default elementor-section-height-default\" data-id=\"1705c5e\" data-element_type=\"section\">\n\t\t\t\t\t\t<div class=\"elementor-container elementor-column-gap-default\">\n\t\t\t\t\t<div class=\"elementor-column elementor-col-33 elementor-top-column elementor-element elementor-element-e345a69\" data-id=\"e345a69\" data-element_type=\"column\">\n\t\t\t<div class=\"elementor-widget-wrap elementor-element-populated\">\n\t\t\t\t\t\t<div class=\"elementor-element elementor-element-d042564 elementor-widget elementor-widget-video\" data-id=\"d042564\" data-element_type=\"widget\" data-settings=\"{&quot;youtube_url&quot;:&quot;https:\\\/\\\/youtube.com\\\/watch?v=6pdbR62QykM?feature=share&quot;,&quot;video_type&quot;:&quot;youtube&quot;,&quot;controls&quot;:&quot;yes&quot;}\" data-widget_type=\"video.default\">\n\t\t\t\t<div class=\"elementor-widget-container\">\n\t\t\t\t\t\t\t<div class=\"elementor-wrapper elementor-open-inline\">\n\t\t\t<div class=\"elementor-video\"><\/div>\t\t<\/div>\n\t\t\t\t\t\t<\/div>\n\t\t\t\t<\/div>\n\t\t\t\t\t<\/div>\n\t\t<\/div>\n\t\t\t\t<div class=\"elementor-column elementor-col-33 elementor-top-column elementor-element elementor-element-d6da29c\" data-id=\"d6da29c\" data-element_type=\"column\">\n\t\t\t<div class=\"elementor-widget-wrap elementor-element-populated\">\n\t\t\t\t\t\t<div class=\"elementor-element elementor-element-65de88c elementor-widget elementor-widget-image\" data-id=\"65de88c\" data-element_type=\"widget\" data-widget_type=\"image.default\">\n\t\t\t\t<div class=\"elementor-widget-container\">\n\t\t\t\t\t\t\t\t\t\t\t\t\t\t\t<img decoding=\"async\" width=\"575\" height=\"1024\" src=\"https:\/\/da-resin-art.com\/wp-content\/uploads\/2025\/05\/zegary-da-resinart-czarno-zielono-zloty-50-cm-8-575x1024.jpg\" class=\"attachment-large size-large wp-image-1979\" alt=\"zegar \u015bcienny z \u017cywicy kwadratowy czarny zielony z\u0142oto\" srcset=\"https:\/\/da-resin-art.com\/wp-content\/uploads\/2025\/05\/zegary-da-resinart-czarno-zielono-zloty-50-cm-8-575x1024.jpg 575w, https:\/\/da-resin-art.com\/wp-content\/uploads\/2025\/05\/zegary-da-resinart-czarno-zielono-zloty-50-cm-8-169x300.jpg 169w, https:\/\/da-resin-art.com\/wp-content\/uploads\/2025\/05\/zegary-da-resinart-czarno-zielono-zloty-50-cm-8-768x1367.jpg 768w, https:\/\/da-resin-art.com\/wp-content\/uploads\/2025\/05\/zegary-da-resinart-czarno-zielono-zloty-50-cm-8-600x1068.jpg 600w, https:\/\/da-resin-art.com\/wp-content\/uploads\/2025\/05\/zegary-da-resinart-czarno-zielono-zloty-50-cm-8.jpg 843w\" sizes=\"(max-width: 575px) 100vw, 575px\" \/>\t\t\t\t\t\t\t\t\t\t\t\t\t\t\t<\/div>\n\t\t\t\t<\/div>\n\t\t\t\t\t<\/div>\n\t\t<\/div>\n\t\t\t\t<div class=\"elementor-column elementor-col-33 elementor-top-column elementor-element elementor-element-f8aab89\" data-id=\"f8aab89\" data-element_type=\"column\">\n\t\t\t<div class=\"elementor-widget-wrap elementor-element-populated\">\n\t\t\t\t\t\t<div class=\"elementor-element elementor-element-d89be88 elementor-widget elementor-widget-image\" data-id=\"d89be88\" data-element_type=\"widget\" data-widget_type=\"image.default\">\n\t\t\t\t<div class=\"elementor-widget-container\">\n\t\t\t\t\t\t\t\t\t\t\t\t\t\t\t<img decoding=\"async\" width=\"576\" height=\"1024\" src=\"https:\/\/da-resin-art.com\/wp-content\/uploads\/2025\/05\/zegary-da-resinart-czarno-zielono-zloty-50-cm-5-576x1024.jpg\" class=\"attachment-large size-large wp-image-1970\" alt=\"zegar \u015bcienny z \u017cywicy kwadratowy czarny zielony z\u0142oto\" srcset=\"https:\/\/da-resin-art.com\/wp-content\/uploads\/2025\/05\/zegary-da-resinart-czarno-zielono-zloty-50-cm-5-576x1024.jpg 576w, https:\/\/da-resin-art.com\/wp-content\/uploads\/2025\/05\/zegary-da-resinart-czarno-zielono-zloty-50-cm-5-169x300.jpg 169w, https:\/\/da-resin-art.com\/wp-content\/uploads\/2025\/05\/zegary-da-resinart-czarno-zielono-zloty-50-cm-5-768x1365.jpg 768w, https:\/\/da-resin-art.com\/wp-content\/uploads\/2025\/05\/zegary-da-resinart-czarno-zielono-zloty-50-cm-5-600x1066.jpg 600w, https:\/\/da-resin-art.com\/wp-content\/uploads\/2025\/05\/zegary-da-resinart-czarno-zielono-zloty-50-cm-5.jpg 844w\" sizes=\"(max-width: 576px) 100vw, 576px\" \/>\t\t\t\t\t\t\t\t\t\t\t\t\t\t\t<\/div>\n\t\t\t\t<\/div>\n\t\t\t\t\t<\/div>\n\t\t<\/div>\n\t\t\t\t\t<\/div>\n\t\t<\/section>\n\t\t\t\t<section class=\"elementor-section elementor-top-section elementor-element elementor-element-de9aa7f elementor-section-boxed elementor-section-height-default elementor-section-height-default\" data-id=\"de9aa7f\" data-element_type=\"section\">\n\t\t\t\t\t\t<div class=\"elementor-container elementor-column-gap-default\">\n\t\t\t\t\t<div class=\"elementor-column elementor-col-100 elementor-top-column elementor-element elementor-element-a0b9f94\" data-id=\"a0b9f94\" data-element_type=\"column\">\n\t\t\t<div class=\"elementor-widget-wrap elementor-element-populated\">\n\t\t\t\t\t\t<div class=\"elementor-element elementor-element-68b2ab8 elementor-widget elementor-widget-text-editor\" data-id=\"68b2ab8\" data-element_type=\"widget\" data-widget_type=\"text-editor.default\">\n\t\t\t\t<div class=\"elementor-widget-container\">\n\t\t\t\t\t\t\t\t\t<p class=\"\" data-start=\"0\" data-end=\"209\">50 cm. Zegar \u015bcienny <strong data-start=\"21\" data-end=\"45\">&#8220;KR\u00d3LEWSKI SZMARAGD&#8221;<\/strong> \u2013 wz\u00f3r wykonany z \u017cywicy epoksydowej. Dodatki: <strong data-start=\"93\" data-end=\"142\">kruszone szk\u0142o, kamie\u0144 naturalny \u2013 sokole oko<\/strong>. Z\u0142ote arabskie cyfry z lustrzanego plexi. Cichy mechanizm zegara.<\/p><ul data-start=\"211\" data-end=\"762\" data-is-last-node=\"\" data-is-only-node=\"\"><li class=\"\" data-start=\"211\" data-end=\"337\"><p class=\"\" data-start=\"213\" data-end=\"337\">Zegar \u015bcienny <strong data-start=\"227\" data-end=\"251\">&#8220;KR\u00d3LEWSKI SZMARAGD&#8221;<\/strong> zachwyca g\u0142\u0119bok\u0105, butelkowozielon\u0105 kolorystyk\u0105, osadzon\u0105 na eleganckim czarnym tle.<\/p><\/li><li class=\"\" data-start=\"338\" data-end=\"444\"><p class=\"\" data-start=\"340\" data-end=\"444\"><strong data-start=\"340\" data-end=\"357\">Z\u0142ote akcenty<\/strong> i lustrzane <strong data-start=\"370\" data-end=\"388\" data-is-only-node=\"\">arabskie cyfry<\/strong> nadaj\u0105 mu luksusowego charakteru i wyrazistego stylu.<\/p><\/li><li class=\"\" data-start=\"445\" data-end=\"557\"><p class=\"\" data-start=\"447\" data-end=\"557\">Wz\u00f3r wzbogacony o <strong data-start=\"465\" data-end=\"483\">kruszone szk\u0142o<\/strong> i <strong data-start=\"486\" data-end=\"510\">naturalne sokole oko<\/strong> tworzy wra\u017cenie geody pe\u0142nej energii i si\u0142y.<\/p><\/li><li class=\"\" data-start=\"558\" data-end=\"668\"><p class=\"\" data-start=\"560\" data-end=\"668\"><strong data-start=\"560\" data-end=\"579\">Cichy mechanizm<\/strong> zapewnia spok\u00f3j, czyni\u0105c zegar idealnym zar\u00f3wno do salonu, jak i przestrzeni biurowej.<\/p><\/li><li class=\"\" data-start=\"669\" data-end=\"762\"><p class=\"\" data-start=\"671\" data-end=\"762\">Postaw na kr\u00f3lewski styl i magnetyzm kamieni \u2013 wybierz zegar <strong data-start=\"732\" data-end=\"756\">&#8220;KR\u00d3LEWSKI SZMARAGD&#8221;<\/strong>! \ud83d\udc9a\ud83d\udc51<\/p><\/li><\/ul>\t\t\t\t\t\t\t\t<\/div>\n\t\t\t\t<\/div>\n\t\t\t\t\t<\/div>\n\t\t<\/div>\n\t\t\t\t\t<\/div>\n\t\t<\/section>\n\t\t\t\t<section class=\"elementor-section elementor-top-section elementor-element elementor-element-e6cc6e8 elementor-section-boxed elementor-section-height-default elementor-section-height-default\" data-id=\"e6cc6e8\" data-element_type=\"section\">\n\t\t\t\t\t\t<div class=\"elementor-container elementor-column-gap-default\">\n\t\t\t\t\t<div class=\"elementor-column elementor-col-33 elementor-top-column elementor-element elementor-element-ca6c748\" data-id=\"ca6c748\" data-element_type=\"column\">\n\t\t\t<div class=\"elementor-widget-wrap elementor-element-populated\">\n\t\t\t\t\t\t<div class=\"elementor-element elementor-element-f8a13bc elementor-widget elementor-widget-image\" data-id=\"f8a13bc\" data-element_type=\"widget\" data-widget_type=\"image.default\">\n\t\t\t\t<div class=\"elementor-widget-container\">\n\t\t\t\t\t\t\t\t\t\t\t\t\t\t\t<img loading=\"lazy\" decoding=\"async\" width=\"576\" height=\"1024\" src=\"https:\/\/da-resin-art.com\/wp-content\/uploads\/2025\/05\/zegary-da-resinart-czarno-zielono-zloty-50-cm-3-576x1024.jpg\" class=\"attachment-large size-large wp-image-1964\" alt=\"zegar \u015bcienny z \u017cywicy kwadratowy czarny zielony z\u0142oto\" srcset=\"https:\/\/da-resin-art.com\/wp-content\/uploads\/2025\/05\/zegary-da-resinart-czarno-zielono-zloty-50-cm-3-576x1024.jpg 576w, https:\/\/da-resin-art.com\/wp-content\/uploads\/2025\/05\/zegary-da-resinart-czarno-zielono-zloty-50-cm-3-169x300.jpg 169w, https:\/\/da-resin-art.com\/wp-content\/uploads\/2025\/05\/zegary-da-resinart-czarno-zielono-zloty-50-cm-3-768x1365.jpg 768w, https:\/\/da-resin-art.com\/wp-content\/uploads\/2025\/05\/zegary-da-resinart-czarno-zielono-zloty-50-cm-3-600x1066.jpg 600w, https:\/\/da-resin-art.com\/wp-content\/uploads\/2025\/05\/zegary-da-resinart-czarno-zielono-zloty-50-cm-3.jpg 844w\" sizes=\"(max-width: 576px) 100vw, 576px\" \/>\t\t\t\t\t\t\t\t\t\t\t\t\t\t\t<\/div>\n\t\t\t\t<\/div>\n\t\t\t\t\t<\/div>\n\t\t<\/div>\n\t\t\t\t<div class=\"elementor-column elementor-col-33 elementor-top-column elementor-element elementor-element-2d77b49\" data-id=\"2d77b49\" data-element_type=\"column\">\n\t\t\t<div class=\"elementor-widget-wrap elementor-element-populated\">\n\t\t\t\t\t\t<div class=\"elementor-element elementor-element-ebc2c3f elementor-widget elementor-widget-image\" data-id=\"ebc2c3f\" data-element_type=\"widget\" data-widget_type=\"image.default\">\n\t\t\t\t<div class=\"elementor-widget-container\">\n\t\t\t\t\t\t\t\t\t\t\t\t\t\t\t<img loading=\"lazy\" decoding=\"async\" width=\"576\" height=\"1024\" src=\"https:\/\/da-resin-art.com\/wp-content\/uploads\/2025\/05\/zegary-da-resinart-czarno-zielono-zloty-50-cm-4-576x1024.jpg\" class=\"attachment-large size-large wp-image-1967\" alt=\"zegar \u015bcienny z \u017cywicy kwadratowy czarny zielony z\u0142oto\" srcset=\"https:\/\/da-resin-art.com\/wp-content\/uploads\/2025\/05\/zegary-da-resinart-czarno-zielono-zloty-50-cm-4-576x1024.jpg 576w, https:\/\/da-resin-art.com\/wp-content\/uploads\/2025\/05\/zegary-da-resinart-czarno-zielono-zloty-50-cm-4-169x300.jpg 169w, https:\/\/da-resin-art.com\/wp-content\/uploads\/2025\/05\/zegary-da-resinart-czarno-zielono-zloty-50-cm-4-768x1365.jpg 768w, https:\/\/da-resin-art.com\/wp-content\/uploads\/2025\/05\/zegary-da-resinart-czarno-zielono-zloty-50-cm-4-600x1066.jpg 600w, https:\/\/da-resin-art.com\/wp-content\/uploads\/2025\/05\/zegary-da-resinart-czarno-zielono-zloty-50-cm-4.jpg 844w\" sizes=\"(max-width: 576px) 100vw, 576px\" \/>\t\t\t\t\t\t\t\t\t\t\t\t\t\t\t<\/div>\n\t\t\t\t<\/div>\n\t\t\t\t\t<\/div>\n\t\t<\/div>\n\t\t\t\t<div class=\"elementor-column elementor-col-33 elementor-top-column elementor-element elementor-element-d167be2\" data-id=\"d167be2\" data-element_type=\"column\">\n\t\t\t<div class=\"elementor-widget-wrap elementor-element-populated\">\n\t\t\t\t\t\t<div class=\"elementor-element elementor-element-f797468 elementor-widget elementor-widget-image\" data-id=\"f797468\" data-element_type=\"widget\" data-widget_type=\"image.default\">\n\t\t\t\t<div class=\"elementor-widget-container\">\n\t\t\t\t\t\t\t\t\t\t\t\t\t\t\t<img loading=\"lazy\" decoding=\"async\" width=\"576\" height=\"1024\" src=\"https:\/\/da-resin-art.com\/wp-content\/uploads\/2025\/05\/zegary-da-resinart-czarno-zielono-zloty-50-cm-7-576x1024.jpg\" class=\"attachment-large size-large wp-image-1976\" alt=\"zegar \u015bcienny z \u017cywicy kwadratowy czarny zielony z\u0142oto\" srcset=\"https:\/\/da-resin-art.com\/wp-content\/uploads\/2025\/05\/zegary-da-resinart-czarno-zielono-zloty-50-cm-7-576x1024.jpg 576w, https:\/\/da-resin-art.com\/wp-content\/uploads\/2025\/05\/zegary-da-resinart-czarno-zielono-zloty-50-cm-7-169x300.jpg 169w, https:\/\/da-resin-art.com\/wp-content\/uploads\/2025\/05\/zegary-da-resinart-czarno-zielono-zloty-50-cm-7-768x1365.jpg 768w, https:\/\/da-resin-art.com\/wp-content\/uploads\/2025\/05\/zegary-da-resinart-czarno-zielono-zloty-50-cm-7-600x1066.jpg 600w, https:\/\/da-resin-art.com\/wp-content\/uploads\/2025\/05\/zegary-da-resinart-czarno-zielono-zloty-50-cm-7.jpg 844w\" sizes=\"(max-width: 576px) 100vw, 576px\" \/>\t\t\t\t\t\t\t\t\t\t\t\t\t\t\t<\/div>\n\t\t\t\t<\/div>\n\t\t\t\t\t<\/div>\n\t\t<\/div>\n\t\t\t\t\t<\/div>\n\t\t<\/section>\n\t\t\t\t<section class=\"elementor-section elementor-top-section elementor-element elementor-element-a6d68d9 elementor-section-boxed elementor-section-height-default elementor-section-height-default\" data-id=\"a6d68d9\" data-element_type=\"section\">\n\t\t\t\t\t\t<div class=\"elementor-container elementor-column-gap-default\">\n\t\t\t\t\t<div class=\"elementor-column elementor-col-33 elementor-top-column elementor-element elementor-element-3b6a0de\" data-id=\"3b6a0de\" data-element_type=\"column\">\n\t\t\t<div class=\"elementor-widget-wrap elementor-element-populated\">\n\t\t\t\t\t\t<div class=\"elementor-element elementor-element-d65dd49 elementor-widget elementor-widget-image\" data-id=\"d65dd49\" data-element_type=\"widget\" data-widget_type=\"image.default\">\n\t\t\t\t<div class=\"elementor-widget-container\">\n\t\t\t\t\t\t\t\t\t\t\t\t\t\t\t<img loading=\"lazy\" decoding=\"async\" width=\"576\" height=\"1024\" src=\"https:\/\/da-resin-art.com\/wp-content\/uploads\/2025\/05\/zegary-da-resinart-czarno-zielono-zloty-50-cm-6-576x1024.jpg\" class=\"attachment-large size-large wp-image-1973\" alt=\"zegar \u015bcienny z \u017cywicy kwadratowy czarny zielony z\u0142oto\" srcset=\"https:\/\/da-resin-art.com\/wp-content\/uploads\/2025\/05\/zegary-da-resinart-czarno-zielono-zloty-50-cm-6-576x1024.jpg 576w, https:\/\/da-resin-art.com\/wp-content\/uploads\/2025\/05\/zegary-da-resinart-czarno-zielono-zloty-50-cm-6-169x300.jpg 169w, https:\/\/da-resin-art.com\/wp-content\/uploads\/2025\/05\/zegary-da-resinart-czarno-zielono-zloty-50-cm-6-768x1365.jpg 768w, https:\/\/da-resin-art.com\/wp-content\/uploads\/2025\/05\/zegary-da-resinart-czarno-zielono-zloty-50-cm-6-600x1066.jpg 600w, https:\/\/da-resin-art.com\/wp-content\/uploads\/2025\/05\/zegary-da-resinart-czarno-zielono-zloty-50-cm-6.jpg 844w\" sizes=\"(max-width: 576px) 100vw, 576px\" \/>\t\t\t\t\t\t\t\t\t\t\t\t\t\t\t<\/div>\n\t\t\t\t<\/div>\n\t\t\t\t\t<\/div>\n\t\t<\/div>\n\t\t\t\t<div class=\"elementor-column elementor-col-33 elementor-top-column elementor-element elementor-element-d673687\" data-id=\"d673687\" data-element_type=\"column\">\n\t\t\t<div class=\"elementor-widget-wrap elementor-element-populated\">\n\t\t\t\t\t\t<div class=\"elementor-element elementor-element-5b41fcb elementor-widget elementor-widget-image\" data-id=\"5b41fcb\" data-element_type=\"widget\" data-widget_type=\"image.default\">\n\t\t\t\t<div class=\"elementor-widget-container\">\n\t\t\t\t\t\t\t\t\t\t\t\t\t\t\t<img loading=\"lazy\" decoding=\"async\" width=\"576\" height=\"1024\" src=\"https:\/\/da-resin-art.com\/wp-content\/uploads\/2025\/05\/zegary-da-resinart-czarno-zielono-zloty-50-cm-9-576x1024.jpg\" class=\"attachment-large size-large wp-image-1982\" alt=\"zegar \u015bcienny z \u017cywicy kwadratowy czarny zielony z\u0142oto\" srcset=\"https:\/\/da-resin-art.com\/wp-content\/uploads\/2025\/05\/zegary-da-resinart-czarno-zielono-zloty-50-cm-9-576x1024.jpg 576w, https:\/\/da-resin-art.com\/wp-content\/uploads\/2025\/05\/zegary-da-resinart-czarno-zielono-zloty-50-cm-9-169x300.jpg 169w, https:\/\/da-resin-art.com\/wp-content\/uploads\/2025\/05\/zegary-da-resinart-czarno-zielono-zloty-50-cm-9-768x1365.jpg 768w, https:\/\/da-resin-art.com\/wp-content\/uploads\/2025\/05\/zegary-da-resinart-czarno-zielono-zloty-50-cm-9-600x1066.jpg 600w, https:\/\/da-resin-art.com\/wp-content\/uploads\/2025\/05\/zegary-da-resinart-czarno-zielono-zloty-50-cm-9.jpg 844w\" sizes=\"(max-width: 576px) 100vw, 576px\" \/>\t\t\t\t\t\t\t\t\t\t\t\t\t\t\t<\/div>\n\t\t\t\t<\/div>\n\t\t\t\t\t<\/div>\n\t\t<\/div>\n\t\t\t\t<div class=\"elementor-column elementor-col-33 elementor-top-column elementor-element elementor-element-776cb9f\" data-id=\"776cb9f\" data-element_type=\"column\">\n\t\t\t<div class=\"elementor-widget-wrap elementor-element-populated\">\n\t\t\t\t\t\t<div class=\"elementor-element elementor-element-d2f7fdf elementor-widget elementor-widget-image\" data-id=\"d2f7fdf\" data-element_type=\"widget\" data-widget_type=\"image.default\">\n\t\t\t\t<div class=\"elementor-widget-container\">\n\t\t\t\t\t\t\t\t\t\t\t\t\t\t\t<img loading=\"lazy\" decoding=\"async\" width=\"576\" height=\"1024\" src=\"https:\/\/da-resin-art.com\/wp-content\/uploads\/2025\/05\/zegary-da-resinart-czarno-zielono-zloty-50-cm-10-576x1024.jpg\" class=\"attachment-large size-large wp-image-1985\" alt=\"\" srcset=\"https:\/\/da-resin-art.com\/wp-content\/uploads\/2025\/05\/zegary-da-resinart-czarno-zielono-zloty-50-cm-10-576x1024.jpg 576w, https:\/\/da-resin-art.com\/wp-content\/uploads\/2025\/05\/zegary-da-resinart-czarno-zielono-zloty-50-cm-10-169x300.jpg 169w, https:\/\/da-resin-art.com\/wp-content\/uploads\/2025\/05\/zegary-da-resinart-czarno-zielono-zloty-50-cm-10-768x1365.jpg 768w, https:\/\/da-resin-art.com\/wp-content\/uploads\/2025\/05\/zegary-da-resinart-czarno-zielono-zloty-50-cm-10-600x1066.jpg 600w, https:\/\/da-resin-art.com\/wp-content\/uploads\/2025\/05\/zegary-da-resinart-czarno-zielono-zloty-50-cm-10.jpg 844w\" sizes=\"(max-width: 576px) 100vw, 576px\" \/>\t\t\t\t\t\t\t\t\t\t\t\t\t\t\t<\/div>\n\t\t\t\t<\/div>\n\t\t\t\t\t<\/div>\n\t\t<\/div>\n\t\t\t\t\t<\/div>\n\t\t<\/section>\n\t\t\t\t<\/div>\n\t\t","protected":false},"excerpt":{"rendered":"<p data-pm-slice=\"1 1 []\"><strong>Zegar \u015bcienny &#8220;Kr\u00f3lewski szmaragd&#8221;<\/strong> z \u017cywicy.<\/p>\n<p class=\"\" data-start=\"0\" data-end=\"229\">\u2705\ufe0f <strong data-start=\"3\" data-end=\"16\">Rozmiar:<\/strong> 50 x 50 cm<br data-start=\"18\" data-end=\"21\" \/>\u2705\ufe0f <strong data-start=\"24\" data-end=\"50\">Cichy mechanizm zegara<\/strong><br data-start=\"50\" data-end=\"53\" \/>\u2705\ufe0f <strong data-start=\"56\" data-end=\"125\">Butelkowa ziele\u0144, g\u0142\u0119boki szmaragd i z\u0142ote akcenty na czarnym tle<\/strong><br data-start=\"125\" data-end=\"128\" \/>\u2705\ufe0f <strong data-start=\"131\" data-end=\"175\">Z\u0142ote arabskie cyfry z lustrzanego plexi<\/strong><br data-start=\"175\" data-end=\"178\" \/>\u2705\ufe0f <strong data-start=\"181\" data-end=\"224\">Dodatki: kruszone szk\u0142o oraz sokole oko<\/strong> \ud83d\udc8e<\/p>\n<p class=\"\" data-start=\"231\" data-end=\"618\">Zegar \u015bcienny <strong data-start=\"245\" data-end=\"269\">\u201eKr\u00f3lewski szmaragd\u201d<\/strong> to prawdziwa bi\u017cuteria dla Twojej \u015bciany \u2013 wykonany z \u017cywicy epoksydowej, zachwyca szlachetn\u0105 kolorystyk\u0105 i bogatymi detalami.<br data-start=\"396\" data-end=\"399\" \/><strong data-start=\"399\" data-end=\"424\">Z\u0142ote cyfry i akcenty<\/strong> dodaj\u0105 mu presti\u017cu, a <strong data-start=\"447\" data-end=\"461\">sokole oko<\/strong> i <strong data-start=\"464\" data-end=\"482\">kruszone szk\u0142o<\/strong> wzmacniaj\u0105 efekt luksusu.<br data-start=\"508\" data-end=\"511\" \/><strong data-start=\"511\" data-end=\"530\">Cichy mechanizm<\/strong> gwarantuje spok\u00f3j, a ca\u0142o\u015b\u0107 tworzy kompozycj\u0119, kt\u00f3ra emanuje elegancj\u0105 i si\u0142\u0105 natury.<\/p>\n<p class=\"\" data-start=\"620\" data-end=\"694\">Idealny wyb\u00f3r dla tych, kt\u00f3rzy ceni\u0105 kr\u00f3lewski styl i odwa\u017cne wn\u0119trza. \ud83d\udc51\u2728<\/p>\n","protected":false},"featured_media":1956,"template":"","meta":{"_acf_changed":false,"_kadence_starter_templates_imported_post":false,"_kad_post_transparent":"default","_kad_post_title":"","_kad_post_layout":"default","_kad_post_sidebar_id":"","_kad_post_content_style":"default","_kad_post_vertical_padding":"default","_kad_post_feature":"","_kad_post_feature_position":"","_kad_post_header":false,"_kad_post_footer":false},"product_brand":[],"product_cat":[18],"product_tag":[28,29],"class_list":{"0":"post-1955","1":"product","2":"type-product","3":"status-publish","4":"has-post-thumbnail","6":"product_cat-galeria","7":"product_tag-dostepne","8":"product_tag-wszystko","10":"first","11":"instock","12":"shipping-taxable","13":"purchasable","14":"product-type-simple","15":"entry","16":"content-bg","17":"loop-entry"},"acf":[],"_links":{"self":[{"href":"https:\/\/da-resin-art.com\/en\/wp-json\/wp\/v2\/product\/1955","targetHints":{"allow":["GET"]}}],"collection":[{"href":"https:\/\/da-resin-art.com\/en\/wp-json\/wp\/v2\/product"}],"about":[{"href":"https:\/\/da-resin-art.com\/en\/wp-json\/wp\/v2\/types\/product"}],"version-history":[{"count":9,"href":"https:\/\/da-resin-art.com\/en\/wp-json\/wp\/v2\/product\/1955\/revisions"}],"predecessor-version":[{"id":4236,"href":"https:\/\/da-resin-art.com\/en\/wp-json\/wp\/v2\/product\/1955\/revisions\/4236"}],"wp:featuredmedia":[{"embeddable":true,"href":"https:\/\/da-resin-art.com\/en\/wp-json\/wp\/v2\/media\/1956"}],"wp:attachment":[{"href":"https:\/\/da-resin-art.com\/en\/wp-json\/wp\/v2\/media?parent=1955"}],"wp:term":[{"taxonomy":"product_brand","embeddable":true,"href":"https:\/\/da-resin-art.com\/en\/wp-json\/wp\/v2\/product_brand?post=1955"},{"taxonomy":"product_cat","embeddable":true,"href":"https:\/\/da-resin-art.com\/en\/wp-json\/wp\/v2\/product_cat?post=1955"},{"taxonomy":"product_tag","embeddable":true,"href":"https:\/\/da-resin-art.com\/en\/wp-json\/wp\/v2\/product_tag?post=1955"}],"curies":[{"name":"wp","href":"https:\/\/api.w.org\/{rel}","templated":true}]}}