{"id":1996,"date":"2025-05-09T22:52:36","date_gmt":"2025-05-09T20:52:36","guid":{"rendered":"https:\/\/da-resin-art.com\/?post_type=product&#038;p=1996"},"modified":"2026-02-10T19:01:27","modified_gmt":"2026-02-10T18:01:27","slug":"zegar-scienny-szara-geoda-56-66-cm","status":"publish","type":"product","link":"https:\/\/da-resin-art.com\/en\/produkt\/zegar-scienny-szara-geoda-56-66-cm\/","title":{"rendered":"Zegar \u015bcienny 56 x 66 cm &#8220;Srebrna Geoda&#8221;"},"content":{"rendered":"\t\t<div data-elementor-type=\"product-post\" data-elementor-id=\"1996\" class=\"elementor elementor-1996\" data-elementor-post-type=\"product\">\n\t\t\t\t\t\t<section class=\"elementor-section elementor-top-section elementor-element elementor-element-1c05077 elementor-section-boxed elementor-section-height-default elementor-section-height-default\" data-id=\"1c05077\" data-element_type=\"section\">\n\t\t\t\t\t\t<div class=\"elementor-container elementor-column-gap-default\">\n\t\t\t\t\t<div class=\"elementor-column elementor-col-100 elementor-top-column elementor-element elementor-element-18dc669\" data-id=\"18dc669\" data-element_type=\"column\">\n\t\t\t<div class=\"elementor-widget-wrap elementor-element-populated\">\n\t\t\t\t\t\t<div class=\"elementor-element elementor-element-0aadb0f elementor-widget elementor-widget-image\" data-id=\"0aadb0f\" data-element_type=\"widget\" data-widget_type=\"image.default\">\n\t\t\t\t<div class=\"elementor-widget-container\">\n\t\t\t\t\t\t\t\t\t\t\t\t\t\t\t<img fetchpriority=\"high\" decoding=\"async\" width=\"1024\" height=\"576\" src=\"https:\/\/da-resin-art.com\/wp-content\/uploads\/2025\/05\/zegary-da-resin-art-szara-geoda-56-66-cm-2-1024x576.jpg\" class=\"attachment-large size-large wp-image-2002\" alt=\"Zegar \u015bcienny z \u017cywicy Srebrna Geoda jasny szary\" srcset=\"https:\/\/da-resin-art.com\/wp-content\/uploads\/2025\/05\/zegary-da-resin-art-szara-geoda-56-66-cm-2-1024x576.jpg 1024w, https:\/\/da-resin-art.com\/wp-content\/uploads\/2025\/05\/zegary-da-resin-art-szara-geoda-56-66-cm-2-300x169.jpg 300w, https:\/\/da-resin-art.com\/wp-content\/uploads\/2025\/05\/zegary-da-resin-art-szara-geoda-56-66-cm-2-768x432.jpg 768w, https:\/\/da-resin-art.com\/wp-content\/uploads\/2025\/05\/zegary-da-resin-art-szara-geoda-56-66-cm-2-600x338.jpg 600w, https:\/\/da-resin-art.com\/wp-content\/uploads\/2025\/05\/zegary-da-resin-art-szara-geoda-56-66-cm-2.jpg 1500w\" sizes=\"(max-width: 1024px) 100vw, 1024px\" \/>\t\t\t\t\t\t\t\t\t\t\t\t\t\t\t<\/div>\n\t\t\t\t<\/div>\n\t\t\t\t\t<\/div>\n\t\t<\/div>\n\t\t\t\t\t<\/div>\n\t\t<\/section>\n\t\t\t\t<section class=\"elementor-section elementor-top-section elementor-element elementor-element-4e326855 elementor-section-boxed elementor-section-height-default elementor-section-height-default\" data-id=\"4e326855\" data-element_type=\"section\">\n\t\t\t\t\t\t<div class=\"elementor-container elementor-column-gap-default\">\n\t\t\t\t\t<div class=\"elementor-column elementor-col-100 elementor-top-column elementor-element elementor-element-42c485c1\" data-id=\"42c485c1\" data-element_type=\"column\">\n\t\t\t<div class=\"elementor-widget-wrap elementor-element-populated\">\n\t\t\t\t\t\t<div class=\"elementor-element elementor-element-67d3cb9 elementor-widget elementor-widget-text-editor\" data-id=\"67d3cb9\" data-element_type=\"widget\" data-widget_type=\"text-editor.default\">\n\t\t\t\t<div class=\"elementor-widget-container\">\n\t\t\t\t\t\t\t\t\t<p>\ud83d\udda4Baza &#8211; MDF.<\/p><p>\ud83d\udda4 Zegar \u015bcienny &#8220;Srebrna Geoda&#8221; &#8211; wz\u00f3r wykonany z \u017cywicy epoksydowej.<\/p><p>\ud83d\udda4 Srebrne rzymskie cyfry i wskaz\u00f3wki z lustrzanego plexi.<\/p><p>\ud83d\udda4 Dodatki: kruszone szk\u0142o i naturalne kamienie ksi\u0119\u017cycowe oraz hematyt.<\/p><p>\ud83d\udda4 Cichy mechanizm zegara.\u00a0<\/p>\t\t\t\t\t\t\t\t<\/div>\n\t\t\t\t<\/div>\n\t\t\t\t\t<\/div>\n\t\t<\/div>\n\t\t\t\t\t<\/div>\n\t\t<\/section>\n\t\t\t\t<section class=\"elementor-section elementor-top-section elementor-element elementor-element-1705c5e elementor-section-boxed elementor-section-height-default elementor-section-height-default\" data-id=\"1705c5e\" data-element_type=\"section\">\n\t\t\t\t\t\t<div class=\"elementor-container elementor-column-gap-default\">\n\t\t\t\t\t<div class=\"elementor-column elementor-col-33 elementor-top-column elementor-element elementor-element-e345a69\" data-id=\"e345a69\" data-element_type=\"column\">\n\t\t\t<div class=\"elementor-widget-wrap elementor-element-populated\">\n\t\t\t\t\t\t<div class=\"elementor-element elementor-element-d042564 elementor-widget elementor-widget-video\" data-id=\"d042564\" data-element_type=\"widget\" data-settings=\"{&quot;youtube_url&quot;:&quot;https:\\\/\\\/youtube.com\\\/watch?v=EN1tvT2egzA?feature=share&quot;,&quot;video_type&quot;:&quot;youtube&quot;,&quot;controls&quot;:&quot;yes&quot;}\" data-widget_type=\"video.default\">\n\t\t\t\t<div class=\"elementor-widget-container\">\n\t\t\t\t\t\t\t<div class=\"elementor-wrapper elementor-open-inline\">\n\t\t\t<div class=\"elementor-video\"><\/div>\t\t<\/div>\n\t\t\t\t\t\t<\/div>\n\t\t\t\t<\/div>\n\t\t\t\t\t<\/div>\n\t\t<\/div>\n\t\t\t\t<div class=\"elementor-column elementor-col-33 elementor-top-column elementor-element elementor-element-d6da29c\" data-id=\"d6da29c\" data-element_type=\"column\">\n\t\t\t<div class=\"elementor-widget-wrap elementor-element-populated\">\n\t\t\t\t\t\t<div class=\"elementor-element elementor-element-65de88c elementor-widget elementor-widget-image\" data-id=\"65de88c\" data-element_type=\"widget\" data-widget_type=\"image.default\">\n\t\t\t\t<div class=\"elementor-widget-container\">\n\t\t\t\t\t\t\t\t\t\t\t\t\t\t\t<img decoding=\"async\" width=\"575\" height=\"1024\" src=\"https:\/\/da-resin-art.com\/wp-content\/uploads\/2025\/05\/zegary-da-resin-art-szara-geoda-56-66-cm-6-575x1024.jpg\" class=\"attachment-large size-large wp-image-2014\" alt=\"Zegar \u015bcienny z \u017cywicy Srebrna Geoda jasny szary\" srcset=\"https:\/\/da-resin-art.com\/wp-content\/uploads\/2025\/05\/zegary-da-resin-art-szara-geoda-56-66-cm-6-575x1024.jpg 575w, https:\/\/da-resin-art.com\/wp-content\/uploads\/2025\/05\/zegary-da-resin-art-szara-geoda-56-66-cm-6-169x300.jpg 169w, https:\/\/da-resin-art.com\/wp-content\/uploads\/2025\/05\/zegary-da-resin-art-szara-geoda-56-66-cm-6-768x1367.jpg 768w, https:\/\/da-resin-art.com\/wp-content\/uploads\/2025\/05\/zegary-da-resin-art-szara-geoda-56-66-cm-6-600x1068.jpg 600w, https:\/\/da-resin-art.com\/wp-content\/uploads\/2025\/05\/zegary-da-resin-art-szara-geoda-56-66-cm-6.jpg 843w\" sizes=\"(max-width: 575px) 100vw, 575px\" \/>\t\t\t\t\t\t\t\t\t\t\t\t\t\t\t<\/div>\n\t\t\t\t<\/div>\n\t\t\t\t\t<\/div>\n\t\t<\/div>\n\t\t\t\t<div class=\"elementor-column elementor-col-33 elementor-top-column elementor-element elementor-element-f8aab89\" data-id=\"f8aab89\" data-element_type=\"column\">\n\t\t\t<div class=\"elementor-widget-wrap elementor-element-populated\">\n\t\t\t\t\t\t<div class=\"elementor-element elementor-element-d89be88 elementor-widget elementor-widget-image\" data-id=\"d89be88\" data-element_type=\"widget\" data-widget_type=\"image.default\">\n\t\t\t\t<div class=\"elementor-widget-container\">\n\t\t\t\t\t\t\t\t\t\t\t\t\t\t\t<img decoding=\"async\" width=\"576\" height=\"1024\" src=\"https:\/\/da-resin-art.com\/wp-content\/uploads\/2025\/05\/zegary-da-resin-art-szara-geoda-56-66-cm-10-576x1024.jpg\" class=\"attachment-large size-large wp-image-2026\" alt=\"Zegar \u015bcienny z \u017cywicy Srebrna Geoda jasny szary\" srcset=\"https:\/\/da-resin-art.com\/wp-content\/uploads\/2025\/05\/zegary-da-resin-art-szara-geoda-56-66-cm-10-576x1024.jpg 576w, https:\/\/da-resin-art.com\/wp-content\/uploads\/2025\/05\/zegary-da-resin-art-szara-geoda-56-66-cm-10-169x300.jpg 169w, https:\/\/da-resin-art.com\/wp-content\/uploads\/2025\/05\/zegary-da-resin-art-szara-geoda-56-66-cm-10-768x1365.jpg 768w, https:\/\/da-resin-art.com\/wp-content\/uploads\/2025\/05\/zegary-da-resin-art-szara-geoda-56-66-cm-10-600x1066.jpg 600w, https:\/\/da-resin-art.com\/wp-content\/uploads\/2025\/05\/zegary-da-resin-art-szara-geoda-56-66-cm-10.jpg 844w\" sizes=\"(max-width: 576px) 100vw, 576px\" \/>\t\t\t\t\t\t\t\t\t\t\t\t\t\t\t<\/div>\n\t\t\t\t<\/div>\n\t\t\t\t\t<\/div>\n\t\t<\/div>\n\t\t\t\t\t<\/div>\n\t\t<\/section>\n\t\t\t\t<section class=\"elementor-section elementor-top-section elementor-element elementor-element-de9aa7f elementor-section-boxed elementor-section-height-default elementor-section-height-default\" data-id=\"de9aa7f\" data-element_type=\"section\">\n\t\t\t\t\t\t<div class=\"elementor-container elementor-column-gap-default\">\n\t\t\t\t\t<div class=\"elementor-column elementor-col-100 elementor-top-column elementor-element elementor-element-a0b9f94\" data-id=\"a0b9f94\" data-element_type=\"column\">\n\t\t\t<div class=\"elementor-widget-wrap elementor-element-populated\">\n\t\t\t\t\t\t<div class=\"elementor-element elementor-element-68b2ab8 elementor-widget elementor-widget-text-editor\" data-id=\"68b2ab8\" data-element_type=\"widget\" data-widget_type=\"text-editor.default\">\n\t\t\t\t<div class=\"elementor-widget-container\">\n\t\t\t\t\t\t\t\t\t<p class=\"\" data-start=\"0\" data-end=\"230\">56*66 cm. Zegar \u015bcienny <strong data-start=\"21\" data-end=\"40\">&#8220;SREBRNA GEODA&#8221;<\/strong> \u2013 wz\u00f3r wykonany z \u017cywicy epoksydowej. Dodatki: <strong data-start=\"88\" data-end=\"149\">kruszone szk\u0142o, kamienie naturalne \u2013 ksi\u0119\u017cycowy i hematyt<\/strong>. Srebrne rzymskie cyfry i wskaz\u00f3wki z lustrzanego plexi. Cichy mechanizm zegara.<\/p><ul data-start=\"232\" data-end=\"778\" data-is-last-node=\"\" data-is-only-node=\"\"><li class=\"\" data-start=\"232\" data-end=\"387\"><p class=\"\" data-start=\"234\" data-end=\"387\">Zegar \u015bcienny <strong data-start=\"248\" data-end=\"267\">&#8220;SREBRNA GEODA&#8221;<\/strong> to elegancka kompozycja <strong data-start=\"292\" data-end=\"331\">bieli, szaro\u015bci i per\u0142owych odcieni<\/strong>, zamkni\u0119ta w nowoczesnej formie z \u017cywicy epoksydowej.<\/p><\/li><li class=\"\" data-start=\"388\" data-end=\"488\"><p class=\"\" data-start=\"390\" data-end=\"488\"><strong data-start=\"390\" data-end=\"429\">Srebrne lustrzane cyfry i wskaz\u00f3wki<\/strong> dodaj\u0105 blasku, podkre\u015blaj\u0105c jego wyrafinowany charakter.<\/p><\/li><li class=\"\" data-start=\"489\" data-end=\"591\"><p class=\"\" data-start=\"491\" data-end=\"591\"><strong data-start=\"491\" data-end=\"509\">Kruszone szk\u0142o<\/strong> oraz kamienie <strong data-start=\"524\" data-end=\"548\" data-is-only-node=\"\">ksi\u0119\u017cycowy i hematyt<\/strong> tworz\u0105 magiczny klimat.<\/p><\/li><li class=\"\" data-start=\"592\" data-end=\"696\"><p class=\"\" data-start=\"594\" data-end=\"696\"><strong data-start=\"594\" data-end=\"613\">Cichy mechanizm<\/strong> zapewnia komfort u\u017cytkowania \u2013 idealny do wn\u0119trz, gdzie liczy si\u0119 spok\u00f3j i styl.<\/p><\/li><li class=\"\" data-start=\"697\" data-end=\"778\"><p class=\"\" data-start=\"699\" data-end=\"778\">Wybierz elegancj\u0119 w ch\u0142odnym wydaniu \u2013 postaw na zegar <strong data-start=\"754\" data-end=\"773\">&#8220;SREBRNA GEODA&#8221;<\/strong>! \ud83c\udf19\u2728<\/p><\/li><\/ul>\t\t\t\t\t\t\t\t<\/div>\n\t\t\t\t<\/div>\n\t\t\t\t\t<\/div>\n\t\t<\/div>\n\t\t\t\t\t<\/div>\n\t\t<\/section>\n\t\t\t\t<section class=\"elementor-section elementor-top-section elementor-element elementor-element-e6cc6e8 elementor-section-boxed elementor-section-height-default elementor-section-height-default\" data-id=\"e6cc6e8\" data-element_type=\"section\">\n\t\t\t\t\t\t<div class=\"elementor-container elementor-column-gap-default\">\n\t\t\t\t\t<div class=\"elementor-column elementor-col-33 elementor-top-column elementor-element elementor-element-ca6c748\" data-id=\"ca6c748\" data-element_type=\"column\">\n\t\t\t<div class=\"elementor-widget-wrap elementor-element-populated\">\n\t\t\t\t\t\t<div class=\"elementor-element elementor-element-f8a13bc elementor-widget elementor-widget-image\" data-id=\"f8a13bc\" data-element_type=\"widget\" data-widget_type=\"image.default\">\n\t\t\t\t<div class=\"elementor-widget-container\">\n\t\t\t\t\t\t\t\t\t\t\t\t\t\t\t<img loading=\"lazy\" decoding=\"async\" width=\"576\" height=\"1024\" src=\"https:\/\/da-resin-art.com\/wp-content\/uploads\/2025\/05\/zegary-da-resin-art-szara-geoda-56-66-cm-3-576x1024.jpg\" class=\"attachment-large size-large wp-image-2005\" alt=\"Zegar \u015bcienny z \u017cywicy Srebrna Geoda jasny szary\" srcset=\"https:\/\/da-resin-art.com\/wp-content\/uploads\/2025\/05\/zegary-da-resin-art-szara-geoda-56-66-cm-3-576x1024.jpg 576w, https:\/\/da-resin-art.com\/wp-content\/uploads\/2025\/05\/zegary-da-resin-art-szara-geoda-56-66-cm-3-169x300.jpg 169w, https:\/\/da-resin-art.com\/wp-content\/uploads\/2025\/05\/zegary-da-resin-art-szara-geoda-56-66-cm-3-768x1365.jpg 768w, https:\/\/da-resin-art.com\/wp-content\/uploads\/2025\/05\/zegary-da-resin-art-szara-geoda-56-66-cm-3-600x1066.jpg 600w, https:\/\/da-resin-art.com\/wp-content\/uploads\/2025\/05\/zegary-da-resin-art-szara-geoda-56-66-cm-3.jpg 844w\" sizes=\"(max-width: 576px) 100vw, 576px\" \/>\t\t\t\t\t\t\t\t\t\t\t\t\t\t\t<\/div>\n\t\t\t\t<\/div>\n\t\t\t\t\t<\/div>\n\t\t<\/div>\n\t\t\t\t<div class=\"elementor-column elementor-col-33 elementor-top-column elementor-element elementor-element-2d77b49\" data-id=\"2d77b49\" data-element_type=\"column\">\n\t\t\t<div class=\"elementor-widget-wrap elementor-element-populated\">\n\t\t\t\t\t\t<div class=\"elementor-element elementor-element-ebc2c3f elementor-widget elementor-widget-image\" data-id=\"ebc2c3f\" data-element_type=\"widget\" data-widget_type=\"image.default\">\n\t\t\t\t<div class=\"elementor-widget-container\">\n\t\t\t\t\t\t\t\t\t\t\t\t\t\t\t<img loading=\"lazy\" decoding=\"async\" width=\"575\" height=\"1024\" src=\"https:\/\/da-resin-art.com\/wp-content\/uploads\/2025\/05\/zegary-da-resin-art-szara-geoda-56-66-cm-5-575x1024.jpg\" class=\"attachment-large size-large wp-image-2011\" alt=\"Zegar \u015bcienny z \u017cywicy Srebrna Geoda jasny szary\" srcset=\"https:\/\/da-resin-art.com\/wp-content\/uploads\/2025\/05\/zegary-da-resin-art-szara-geoda-56-66-cm-5-575x1024.jpg 575w, https:\/\/da-resin-art.com\/wp-content\/uploads\/2025\/05\/zegary-da-resin-art-szara-geoda-56-66-cm-5-169x300.jpg 169w, https:\/\/da-resin-art.com\/wp-content\/uploads\/2025\/05\/zegary-da-resin-art-szara-geoda-56-66-cm-5-768x1367.jpg 768w, https:\/\/da-resin-art.com\/wp-content\/uploads\/2025\/05\/zegary-da-resin-art-szara-geoda-56-66-cm-5-600x1068.jpg 600w, https:\/\/da-resin-art.com\/wp-content\/uploads\/2025\/05\/zegary-da-resin-art-szara-geoda-56-66-cm-5.jpg 843w\" sizes=\"(max-width: 575px) 100vw, 575px\" \/>\t\t\t\t\t\t\t\t\t\t\t\t\t\t\t<\/div>\n\t\t\t\t<\/div>\n\t\t\t\t\t<\/div>\n\t\t<\/div>\n\t\t\t\t<div class=\"elementor-column elementor-col-33 elementor-top-column elementor-element elementor-element-d167be2\" data-id=\"d167be2\" data-element_type=\"column\">\n\t\t\t<div class=\"elementor-widget-wrap elementor-element-populated\">\n\t\t\t\t\t\t<div class=\"elementor-element elementor-element-f797468 elementor-widget elementor-widget-image\" data-id=\"f797468\" data-element_type=\"widget\" data-widget_type=\"image.default\">\n\t\t\t\t<div class=\"elementor-widget-container\">\n\t\t\t\t\t\t\t\t\t\t\t\t\t\t\t<img loading=\"lazy\" decoding=\"async\" width=\"576\" height=\"1024\" src=\"https:\/\/da-resin-art.com\/wp-content\/uploads\/2025\/05\/zegary-da-resin-art-szara-geoda-56-66-cm-12-576x1024.jpg\" class=\"attachment-large size-large wp-image-2032\" alt=\"Zegar \u015bcienny z \u017cywicy Srebrna Geoda jasny szary\" srcset=\"https:\/\/da-resin-art.com\/wp-content\/uploads\/2025\/05\/zegary-da-resin-art-szara-geoda-56-66-cm-12-576x1024.jpg 576w, https:\/\/da-resin-art.com\/wp-content\/uploads\/2025\/05\/zegary-da-resin-art-szara-geoda-56-66-cm-12-169x300.jpg 169w, https:\/\/da-resin-art.com\/wp-content\/uploads\/2025\/05\/zegary-da-resin-art-szara-geoda-56-66-cm-12-768x1365.jpg 768w, https:\/\/da-resin-art.com\/wp-content\/uploads\/2025\/05\/zegary-da-resin-art-szara-geoda-56-66-cm-12-600x1066.jpg 600w, https:\/\/da-resin-art.com\/wp-content\/uploads\/2025\/05\/zegary-da-resin-art-szara-geoda-56-66-cm-12.jpg 844w\" sizes=\"(max-width: 576px) 100vw, 576px\" \/>\t\t\t\t\t\t\t\t\t\t\t\t\t\t\t<\/div>\n\t\t\t\t<\/div>\n\t\t\t\t\t<\/div>\n\t\t<\/div>\n\t\t\t\t\t<\/div>\n\t\t<\/section>\n\t\t\t\t<section class=\"elementor-section elementor-top-section elementor-element elementor-element-a6d68d9 elementor-section-boxed elementor-section-height-default elementor-section-height-default\" data-id=\"a6d68d9\" data-element_type=\"section\">\n\t\t\t\t\t\t<div class=\"elementor-container elementor-column-gap-default\">\n\t\t\t\t\t<div class=\"elementor-column elementor-col-33 elementor-top-column elementor-element elementor-element-3b6a0de\" data-id=\"3b6a0de\" data-element_type=\"column\">\n\t\t\t<div class=\"elementor-widget-wrap elementor-element-populated\">\n\t\t\t\t\t\t<div class=\"elementor-element elementor-element-d65dd49 elementor-widget elementor-widget-image\" data-id=\"d65dd49\" data-element_type=\"widget\" data-widget_type=\"image.default\">\n\t\t\t\t<div class=\"elementor-widget-container\">\n\t\t\t\t\t\t\t\t\t\t\t\t\t\t\t<img loading=\"lazy\" decoding=\"async\" width=\"576\" height=\"1024\" src=\"https:\/\/da-resin-art.com\/wp-content\/uploads\/2025\/05\/zegary-da-resin-art-szara-geoda-56-66-cm-9-576x1024.jpg\" class=\"attachment-large size-large wp-image-2023\" alt=\"Zegar \u015bcienny z \u017cywicy Srebrna Geoda jasny szary\" srcset=\"https:\/\/da-resin-art.com\/wp-content\/uploads\/2025\/05\/zegary-da-resin-art-szara-geoda-56-66-cm-9-576x1024.jpg 576w, https:\/\/da-resin-art.com\/wp-content\/uploads\/2025\/05\/zegary-da-resin-art-szara-geoda-56-66-cm-9-169x300.jpg 169w, https:\/\/da-resin-art.com\/wp-content\/uploads\/2025\/05\/zegary-da-resin-art-szara-geoda-56-66-cm-9-768x1365.jpg 768w, https:\/\/da-resin-art.com\/wp-content\/uploads\/2025\/05\/zegary-da-resin-art-szara-geoda-56-66-cm-9-600x1066.jpg 600w, https:\/\/da-resin-art.com\/wp-content\/uploads\/2025\/05\/zegary-da-resin-art-szara-geoda-56-66-cm-9.jpg 844w\" sizes=\"(max-width: 576px) 100vw, 576px\" \/>\t\t\t\t\t\t\t\t\t\t\t\t\t\t\t<\/div>\n\t\t\t\t<\/div>\n\t\t\t\t\t<\/div>\n\t\t<\/div>\n\t\t\t\t<div class=\"elementor-column elementor-col-33 elementor-top-column elementor-element elementor-element-d673687\" data-id=\"d673687\" data-element_type=\"column\">\n\t\t\t<div class=\"elementor-widget-wrap elementor-element-populated\">\n\t\t\t\t\t\t<div class=\"elementor-element elementor-element-5b41fcb elementor-widget elementor-widget-image\" data-id=\"5b41fcb\" data-element_type=\"widget\" data-widget_type=\"image.default\">\n\t\t\t\t<div class=\"elementor-widget-container\">\n\t\t\t\t\t\t\t\t\t\t\t\t\t\t\t<img loading=\"lazy\" decoding=\"async\" width=\"575\" height=\"1024\" src=\"https:\/\/da-resin-art.com\/wp-content\/uploads\/2025\/05\/zegary-da-resin-art-szara-geoda-56-66-cm-7-575x1024.jpg\" class=\"attachment-large size-large wp-image-2017\" alt=\"Zegar \u015bcienny z \u017cywicy Srebrna Geoda jasny szary\" srcset=\"https:\/\/da-resin-art.com\/wp-content\/uploads\/2025\/05\/zegary-da-resin-art-szara-geoda-56-66-cm-7-575x1024.jpg 575w, https:\/\/da-resin-art.com\/wp-content\/uploads\/2025\/05\/zegary-da-resin-art-szara-geoda-56-66-cm-7-169x300.jpg 169w, https:\/\/da-resin-art.com\/wp-content\/uploads\/2025\/05\/zegary-da-resin-art-szara-geoda-56-66-cm-7-768x1367.jpg 768w, https:\/\/da-resin-art.com\/wp-content\/uploads\/2025\/05\/zegary-da-resin-art-szara-geoda-56-66-cm-7-600x1068.jpg 600w, https:\/\/da-resin-art.com\/wp-content\/uploads\/2025\/05\/zegary-da-resin-art-szara-geoda-56-66-cm-7.jpg 843w\" sizes=\"(max-width: 575px) 100vw, 575px\" \/>\t\t\t\t\t\t\t\t\t\t\t\t\t\t\t<\/div>\n\t\t\t\t<\/div>\n\t\t\t\t\t<\/div>\n\t\t<\/div>\n\t\t\t\t<div class=\"elementor-column elementor-col-33 elementor-top-column elementor-element elementor-element-776cb9f\" data-id=\"776cb9f\" data-element_type=\"column\">\n\t\t\t<div class=\"elementor-widget-wrap elementor-element-populated\">\n\t\t\t\t\t\t<div class=\"elementor-element elementor-element-d2f7fdf elementor-widget elementor-widget-image\" data-id=\"d2f7fdf\" data-element_type=\"widget\" data-widget_type=\"image.default\">\n\t\t\t\t<div class=\"elementor-widget-container\">\n\t\t\t\t\t\t\t\t\t\t\t\t\t\t\t<img loading=\"lazy\" decoding=\"async\" width=\"576\" height=\"1024\" src=\"https:\/\/da-resin-art.com\/wp-content\/uploads\/2025\/05\/zegary-da-resin-art-szara-geoda-56-66-cm-4-576x1024.jpg\" class=\"attachment-large size-large wp-image-2008\" alt=\"Zegar \u015bcienny z \u017cywicy Srebrna Geoda jasny szary\" srcset=\"https:\/\/da-resin-art.com\/wp-content\/uploads\/2025\/05\/zegary-da-resin-art-szara-geoda-56-66-cm-4-576x1024.jpg 576w, https:\/\/da-resin-art.com\/wp-content\/uploads\/2025\/05\/zegary-da-resin-art-szara-geoda-56-66-cm-4-169x300.jpg 169w, https:\/\/da-resin-art.com\/wp-content\/uploads\/2025\/05\/zegary-da-resin-art-szara-geoda-56-66-cm-4-768x1365.jpg 768w, https:\/\/da-resin-art.com\/wp-content\/uploads\/2025\/05\/zegary-da-resin-art-szara-geoda-56-66-cm-4-600x1066.jpg 600w, https:\/\/da-resin-art.com\/wp-content\/uploads\/2025\/05\/zegary-da-resin-art-szara-geoda-56-66-cm-4.jpg 844w\" sizes=\"(max-width: 576px) 100vw, 576px\" \/>\t\t\t\t\t\t\t\t\t\t\t\t\t\t\t<\/div>\n\t\t\t\t<\/div>\n\t\t\t\t\t<\/div>\n\t\t<\/div>\n\t\t\t\t\t<\/div>\n\t\t<\/section>\n\t\t\t\t<\/div>\n\t\t","protected":false},"excerpt":{"rendered":"<p data-pm-slice=\"1 1 []\"><strong>Zegar \u015bcienny &#8220;Srebrna Geoda&#8221;<\/strong> z \u017cywicy.<\/p>\n<p class=\"\" data-start=\"0\" data-end=\"229\">\u2705\ufe0f <strong data-start=\"3\" data-end=\"16\">Rozmiar:<\/strong> 56 x 66 cm<br \/>\n\u2705\ufe0f <strong data-start=\"24\" data-end=\"50\">Cichy mechanizm zegara<\/strong><br data-start=\"50\" data-end=\"53\" \/>\u2705\ufe0f <strong data-start=\"56\" data-end=\"118\">Bia\u0142o-szare per\u0142owe tony z migocz\u0105cymi srebrnymi akcentami<\/strong><br data-start=\"118\" data-end=\"121\" \/>\u2705\ufe0f <strong data-start=\"124\" data-end=\"182\">Srebrne rzymskie cyfry i wskaz\u00f3wki z lustrzanego plexi<\/strong><br data-start=\"182\" data-end=\"185\" \/>\u2705\ufe0f <strong data-start=\"188\" data-end=\"244\">Dodatki: kruszone szk\u0142o, kamie\u0144 ksi\u0119\u017cycowy i hematyt<\/strong> \ud83c\udf19\u2728<\/p>\n<p class=\"\" data-start=\"252\" data-end=\"608\">Zegar \u015bcienny <strong data-start=\"266\" data-end=\"285\">\u201eSrebrna Geoda\u201d<\/strong> to elegancka forma inspirowana natur\u0105 \u2013 wykonany z \u017cywicy w kszta\u0142cie geody, przyci\u0105ga subtelnym blaskiem i harmonijn\u0105 kompozycj\u0105.<br data-start=\"416\" data-end=\"419\" \/><strong data-start=\"419\" data-end=\"437\">Srebrne detale<\/strong> i <strong data-start=\"440\" data-end=\"462\">naturalne kamienie<\/strong> wprowadzaj\u0105 do wn\u0119trza spok\u00f3j, r\u00f3wnowag\u0119 i szczypt\u0119 magii.<br data-start=\"521\" data-end=\"524\" \/>To nie tylko zegar, to <strong data-start=\"547\" data-end=\"568\">szlachetna ozdoba<\/strong>, kt\u00f3ra doda klasy ka\u017cdej przestrzeni.<\/p>\n<p class=\"\" data-start=\"610\" data-end=\"674\">Idealny dla fan\u00f3w eterycznego pi\u0119kna i nowoczesnego designu. \u23f3\ud83d\udcab<\/p>\n","protected":false},"featured_media":1997,"template":"","meta":{"_acf_changed":false,"_kadence_starter_templates_imported_post":false,"_kad_post_transparent":"default","_kad_post_title":"","_kad_post_layout":"default","_kad_post_sidebar_id":"","_kad_post_content_style":"default","_kad_post_vertical_padding":"default","_kad_post_feature":"","_kad_post_feature_position":"","_kad_post_header":false,"_kad_post_footer":false},"product_brand":[],"product_cat":[18],"product_tag":[38,29],"class_list":{"0":"post-1996","1":"product","2":"type-product","3":"status-publish","4":"has-post-thumbnail","6":"product_cat-galeria","7":"product_tag-sprzedany","8":"product_tag-wszystko","10":"first","11":"outofstock","12":"shipping-taxable","13":"purchasable","14":"product-type-simple","15":"entry","16":"content-bg","17":"loop-entry"},"acf":[],"_links":{"self":[{"href":"https:\/\/da-resin-art.com\/en\/wp-json\/wp\/v2\/product\/1996","targetHints":{"allow":["GET"]}}],"collection":[{"href":"https:\/\/da-resin-art.com\/en\/wp-json\/wp\/v2\/product"}],"about":[{"href":"https:\/\/da-resin-art.com\/en\/wp-json\/wp\/v2\/types\/product"}],"version-history":[{"count":6,"href":"https:\/\/da-resin-art.com\/en\/wp-json\/wp\/v2\/product\/1996\/revisions"}],"predecessor-version":[{"id":4235,"href":"https:\/\/da-resin-art.com\/en\/wp-json\/wp\/v2\/product\/1996\/revisions\/4235"}],"wp:featuredmedia":[{"embeddable":true,"href":"https:\/\/da-resin-art.com\/en\/wp-json\/wp\/v2\/media\/1997"}],"wp:attachment":[{"href":"https:\/\/da-resin-art.com\/en\/wp-json\/wp\/v2\/media?parent=1996"}],"wp:term":[{"taxonomy":"product_brand","embeddable":true,"href":"https:\/\/da-resin-art.com\/en\/wp-json\/wp\/v2\/product_brand?post=1996"},{"taxonomy":"product_cat","embeddable":true,"href":"https:\/\/da-resin-art.com\/en\/wp-json\/wp\/v2\/product_cat?post=1996"},{"taxonomy":"product_tag","embeddable":true,"href":"https:\/\/da-resin-art.com\/en\/wp-json\/wp\/v2\/product_tag?post=1996"}],"curies":[{"name":"wp","href":"https:\/\/api.w.org\/{rel}","templated":true}]}}