{"id":2112,"date":"2025-05-10T00:15:41","date_gmt":"2025-05-09T22:15:41","guid":{"rendered":"https:\/\/da-resin-art.com\/?post_type=product&#038;p=2112"},"modified":"2026-02-10T19:01:02","modified_gmt":"2026-02-10T18:01:02","slug":"zegar-scienny-polska-godlo-80-cm","status":"publish","type":"product","link":"https:\/\/da-resin-art.com\/en\/produkt\/zegar-scienny-polska-godlo-80-cm\/","title":{"rendered":"Zegar \u015bcienny 80 cm &#8220;Polska&#8221; z god\u0142em"},"content":{"rendered":"\t\t<div data-elementor-type=\"product-post\" data-elementor-id=\"2112\" class=\"elementor elementor-2112\" data-elementor-post-type=\"product\">\n\t\t\t\t\t\t<section class=\"elementor-section elementor-top-section elementor-element elementor-element-1c05077 elementor-section-boxed elementor-section-height-default elementor-section-height-default\" data-id=\"1c05077\" data-element_type=\"section\">\n\t\t\t\t\t\t<div class=\"elementor-container elementor-column-gap-default\">\n\t\t\t\t\t<div class=\"elementor-column elementor-col-100 elementor-top-column elementor-element elementor-element-18dc669\" data-id=\"18dc669\" data-element_type=\"column\">\n\t\t\t<div class=\"elementor-widget-wrap elementor-element-populated\">\n\t\t\t\t\t\t<div class=\"elementor-element elementor-element-0aadb0f elementor-widget elementor-widget-image\" data-id=\"0aadb0f\" data-element_type=\"widget\" data-widget_type=\"image.default\">\n\t\t\t\t<div class=\"elementor-widget-container\">\n\t\t\t\t\t\t\t\t\t\t\t\t\t\t\t<img fetchpriority=\"high\" decoding=\"async\" width=\"1024\" height=\"576\" src=\"https:\/\/da-resin-art.com\/wp-content\/uploads\/2025\/05\/zegary-da-resin-art-polska-80-cm-2-1024x576.jpg\" class=\"attachment-large size-large wp-image-2118\" alt=\"zegar \u015bcienny z \u017cywicy Polska god\u0142o czerwony czarny z\u0142oto\" srcset=\"https:\/\/da-resin-art.com\/wp-content\/uploads\/2025\/05\/zegary-da-resin-art-polska-80-cm-2-1024x576.jpg 1024w, https:\/\/da-resin-art.com\/wp-content\/uploads\/2025\/05\/zegary-da-resin-art-polska-80-cm-2-300x169.jpg 300w, https:\/\/da-resin-art.com\/wp-content\/uploads\/2025\/05\/zegary-da-resin-art-polska-80-cm-2-768x432.jpg 768w, https:\/\/da-resin-art.com\/wp-content\/uploads\/2025\/05\/zegary-da-resin-art-polska-80-cm-2-600x338.jpg 600w, https:\/\/da-resin-art.com\/wp-content\/uploads\/2025\/05\/zegary-da-resin-art-polska-80-cm-2.jpg 1500w\" sizes=\"(max-width: 1024px) 100vw, 1024px\" \/>\t\t\t\t\t\t\t\t\t\t\t\t\t\t\t<\/div>\n\t\t\t\t<\/div>\n\t\t\t\t\t<\/div>\n\t\t<\/div>\n\t\t\t\t\t<\/div>\n\t\t<\/section>\n\t\t\t\t<section class=\"elementor-section elementor-top-section elementor-element elementor-element-4e326855 elementor-section-boxed elementor-section-height-default elementor-section-height-default\" data-id=\"4e326855\" data-element_type=\"section\">\n\t\t\t\t\t\t<div class=\"elementor-container elementor-column-gap-default\">\n\t\t\t\t\t<div class=\"elementor-column elementor-col-100 elementor-top-column elementor-element elementor-element-42c485c1\" data-id=\"42c485c1\" data-element_type=\"column\">\n\t\t\t<div class=\"elementor-widget-wrap elementor-element-populated\">\n\t\t\t\t\t\t<div class=\"elementor-element elementor-element-67d3cb9 elementor-widget elementor-widget-text-editor\" data-id=\"67d3cb9\" data-element_type=\"widget\" data-widget_type=\"text-editor.default\">\n\t\t\t\t<div class=\"elementor-widget-container\">\n\t\t\t\t\t\t\t\t\t<p>\ud83d\udda4 Rozmiary &#8211; 80 cm.<\/p><p>\ud83d\udda4Baza &#8211; MDF.<\/p><p>\ud83d\udda4 Zegar \u015bcienny &#8220;Polska&#8221; &#8211; wz\u00f3r wykonany z \u017cywicy epoksydowej.<\/p><p>\ud83d\udda4Dodatki: god\u0142o &#8211; orze\u0142 Polski.<\/p><p>\ud83d\udda4 Cichy mechanizm zegara.\u00a0<\/p>\t\t\t\t\t\t\t\t<\/div>\n\t\t\t\t<\/div>\n\t\t\t\t\t<\/div>\n\t\t<\/div>\n\t\t\t\t\t<\/div>\n\t\t<\/section>\n\t\t\t\t<section class=\"elementor-section elementor-top-section elementor-element elementor-element-1705c5e elementor-section-boxed elementor-section-height-default elementor-section-height-default\" data-id=\"1705c5e\" data-element_type=\"section\">\n\t\t\t\t\t\t<div class=\"elementor-container elementor-column-gap-default\">\n\t\t\t\t\t<div class=\"elementor-column elementor-col-33 elementor-top-column elementor-element elementor-element-e345a69\" data-id=\"e345a69\" data-element_type=\"column\">\n\t\t\t<div class=\"elementor-widget-wrap elementor-element-populated\">\n\t\t\t\t\t\t<div class=\"elementor-element elementor-element-d042564 elementor-widget elementor-widget-video\" data-id=\"d042564\" data-element_type=\"widget\" data-settings=\"{&quot;youtube_url&quot;:&quot;https:\\\/\\\/youtube.com\\\/watch?v=e5Leb_rRPlw?feature=share&quot;,&quot;video_type&quot;:&quot;youtube&quot;,&quot;controls&quot;:&quot;yes&quot;}\" data-widget_type=\"video.default\">\n\t\t\t\t<div class=\"elementor-widget-container\">\n\t\t\t\t\t\t\t<div class=\"elementor-wrapper elementor-open-inline\">\n\t\t\t<div class=\"elementor-video\"><\/div>\t\t<\/div>\n\t\t\t\t\t\t<\/div>\n\t\t\t\t<\/div>\n\t\t\t\t\t<\/div>\n\t\t<\/div>\n\t\t\t\t<div class=\"elementor-column elementor-col-33 elementor-top-column elementor-element elementor-element-d6da29c\" data-id=\"d6da29c\" data-element_type=\"column\">\n\t\t\t<div class=\"elementor-widget-wrap elementor-element-populated\">\n\t\t\t\t\t\t<div class=\"elementor-element elementor-element-65de88c elementor-widget elementor-widget-image\" data-id=\"65de88c\" data-element_type=\"widget\" data-widget_type=\"image.default\">\n\t\t\t\t<div class=\"elementor-widget-container\">\n\t\t\t\t\t\t\t\t\t\t\t\t\t\t\t<img decoding=\"async\" width=\"562\" height=\"1000\" src=\"https:\/\/da-resin-art.com\/wp-content\/uploads\/2025\/05\/zegary-da-resin-art-polska-80-cm-7.jpg\" class=\"attachment-large size-large wp-image-2133\" alt=\"\" srcset=\"https:\/\/da-resin-art.com\/wp-content\/uploads\/2025\/05\/zegary-da-resin-art-polska-80-cm-7.jpg 562w, https:\/\/da-resin-art.com\/wp-content\/uploads\/2025\/05\/zegary-da-resin-art-polska-80-cm-7-169x300.jpg 169w\" sizes=\"(max-width: 562px) 100vw, 562px\" \/>\t\t\t\t\t\t\t\t\t\t\t\t\t\t\t<\/div>\n\t\t\t\t<\/div>\n\t\t\t\t\t<\/div>\n\t\t<\/div>\n\t\t\t\t<div class=\"elementor-column elementor-col-33 elementor-top-column elementor-element elementor-element-f8aab89\" data-id=\"f8aab89\" data-element_type=\"column\">\n\t\t\t<div class=\"elementor-widget-wrap elementor-element-populated\">\n\t\t\t\t\t\t<div class=\"elementor-element elementor-element-d89be88 elementor-widget elementor-widget-image\" data-id=\"d89be88\" data-element_type=\"widget\" data-widget_type=\"image.default\">\n\t\t\t\t<div class=\"elementor-widget-container\">\n\t\t\t\t\t\t\t\t\t\t\t\t\t\t\t<img decoding=\"async\" width=\"563\" height=\"1000\" src=\"https:\/\/da-resin-art.com\/wp-content\/uploads\/2025\/05\/zegary-da-resin-art-polska-80-cm-4.jpg\" class=\"attachment-large size-large wp-image-2124\" alt=\"zegar \u015bcienny z \u017cywicy Polska god\u0142o czerwony czarny z\u0142oto\" srcset=\"https:\/\/da-resin-art.com\/wp-content\/uploads\/2025\/05\/zegary-da-resin-art-polska-80-cm-4.jpg 563w, https:\/\/da-resin-art.com\/wp-content\/uploads\/2025\/05\/zegary-da-resin-art-polska-80-cm-4-169x300.jpg 169w\" sizes=\"(max-width: 563px) 100vw, 563px\" \/>\t\t\t\t\t\t\t\t\t\t\t\t\t\t\t<\/div>\n\t\t\t\t<\/div>\n\t\t\t\t\t<\/div>\n\t\t<\/div>\n\t\t\t\t\t<\/div>\n\t\t<\/section>\n\t\t\t\t<section class=\"elementor-section elementor-top-section elementor-element elementor-element-de9aa7f elementor-section-boxed elementor-section-height-default elementor-section-height-default\" data-id=\"de9aa7f\" data-element_type=\"section\">\n\t\t\t\t\t\t<div class=\"elementor-container elementor-column-gap-default\">\n\t\t\t\t\t<div class=\"elementor-column elementor-col-100 elementor-top-column elementor-element elementor-element-a0b9f94\" data-id=\"a0b9f94\" data-element_type=\"column\">\n\t\t\t<div class=\"elementor-widget-wrap elementor-element-populated\">\n\t\t\t\t\t\t<div class=\"elementor-element elementor-element-68b2ab8 elementor-widget elementor-widget-text-editor\" data-id=\"68b2ab8\" data-element_type=\"widget\" data-widget_type=\"text-editor.default\">\n\t\t\t\t<div class=\"elementor-widget-container\">\n\t\t\t\t\t\t\t\t\t<h3 data-start=\"0\" data-end=\"58\">Zegar \u015bcienny <strong data-start=\"18\" data-end=\"30\">&#8220;Polska&#8221;<\/strong> \u2013 symbol dumy i elegancji<\/h3><p class=\"\" data-start=\"0\" data-end=\"303\">80 cm. Zegar \u015bcienny <strong data-start=\"21\" data-end=\"33\">&#8220;POLSKA&#8221;<\/strong> w kszta\u0142cie mapy Polski \u2013 wz\u00f3r wykonany z \u017cywicy epoksydowej. Kolorystyka: <strong data-start=\"109\" data-end=\"128\">czarno-czerwona<\/strong> z <strong data-start=\"131\" data-end=\"152\">z\u0142otymi akcentami<\/strong>. Dodatki: <strong data-start=\"163\" data-end=\"192\">du\u017cy orze\u0142 \u2013 god\u0142o Polski<\/strong> z lustrzanego z\u0142otego plexi, <strong data-start=\"222\" data-end=\"258\">z\u0142ote rzymskie cyfry i wskaz\u00f3wki<\/strong> z lustrzanego plexi. Cichy mechanizm zegara.<\/p><ul data-start=\"305\" data-end=\"834\" data-is-last-node=\"\" data-is-only-node=\"\"><li class=\"\" data-start=\"305\" data-end=\"426\"><p class=\"\" data-start=\"307\" data-end=\"426\">Zegar \u015bcienny <strong data-start=\"321\" data-end=\"333\">&#8220;POLSKA&#8221;<\/strong> to po\u0142\u0105czenie patriotyzmu, sztuki i nowoczesnego designu \u2013 w kszta\u0142cie mapy naszego kraju.<\/p><\/li><li class=\"\" data-start=\"427\" data-end=\"528\"><p class=\"\" data-start=\"429\" data-end=\"528\">G\u0142\u0119boka <strong data-start=\"437\" data-end=\"463\">czarno-czerwona paleta<\/strong> z <strong data-start=\"466\" data-end=\"486\">z\u0142otymi detalami<\/strong> tworzy mocny, wyrazisty efekt wizualny.<\/p><\/li><li class=\"\" data-start=\"529\" data-end=\"625\"><p class=\"\" data-start=\"531\" data-end=\"625\">Centralnym punktem kompozycji jest <strong data-start=\"566\" data-end=\"581\">z\u0142oty orze\u0142<\/strong>, dumnie reprezentuj\u0105cy narodowe warto\u015bci.<\/p><\/li><li class=\"\" data-start=\"626\" data-end=\"741\"><p class=\"\" data-start=\"628\" data-end=\"741\"><strong data-start=\"628\" data-end=\"659\">Lustrzane cyfry i wskaz\u00f3wki<\/strong> dodaj\u0105 elegancji i szlachetno\u015bci, a <strong data-start=\"696\" data-end=\"715\" data-is-only-node=\"\">cichy mechanizm<\/strong> dba o harmoni\u0119 wn\u0119trza.<\/p><\/li><\/ul>\t\t\t\t\t\t\t\t<\/div>\n\t\t\t\t<\/div>\n\t\t\t\t\t<\/div>\n\t\t<\/div>\n\t\t\t\t\t<\/div>\n\t\t<\/section>\n\t\t\t\t<section class=\"elementor-section elementor-top-section elementor-element elementor-element-e6cc6e8 elementor-section-boxed elementor-section-height-default elementor-section-height-default\" data-id=\"e6cc6e8\" data-element_type=\"section\">\n\t\t\t\t\t\t<div class=\"elementor-container elementor-column-gap-default\">\n\t\t\t\t\t<div class=\"elementor-column elementor-col-33 elementor-top-column elementor-element elementor-element-ca6c748\" data-id=\"ca6c748\" data-element_type=\"column\">\n\t\t\t<div class=\"elementor-widget-wrap elementor-element-populated\">\n\t\t\t\t\t\t<div class=\"elementor-element elementor-element-f8a13bc elementor-widget elementor-widget-image\" data-id=\"f8a13bc\" data-element_type=\"widget\" data-widget_type=\"image.default\">\n\t\t\t\t<div class=\"elementor-widget-container\">\n\t\t\t\t\t\t\t\t\t\t\t\t\t\t\t<img loading=\"lazy\" decoding=\"async\" width=\"563\" height=\"1000\" src=\"https:\/\/da-resin-art.com\/wp-content\/uploads\/2025\/05\/zegary-da-resin-art-polska-80-cm-3.jpg\" class=\"attachment-large size-large wp-image-2121\" alt=\"zegar \u015bcienny z \u017cywicy Polska god\u0142o czerwony czarny z\u0142oto\" srcset=\"https:\/\/da-resin-art.com\/wp-content\/uploads\/2025\/05\/zegary-da-resin-art-polska-80-cm-3.jpg 563w, https:\/\/da-resin-art.com\/wp-content\/uploads\/2025\/05\/zegary-da-resin-art-polska-80-cm-3-169x300.jpg 169w\" sizes=\"(max-width: 563px) 100vw, 563px\" \/>\t\t\t\t\t\t\t\t\t\t\t\t\t\t\t<\/div>\n\t\t\t\t<\/div>\n\t\t\t\t\t<\/div>\n\t\t<\/div>\n\t\t\t\t<div class=\"elementor-column elementor-col-33 elementor-top-column elementor-element elementor-element-2d77b49\" data-id=\"2d77b49\" data-element_type=\"column\">\n\t\t\t<div class=\"elementor-widget-wrap elementor-element-populated\">\n\t\t\t\t\t\t<div class=\"elementor-element elementor-element-ebc2c3f elementor-widget elementor-widget-image\" data-id=\"ebc2c3f\" data-element_type=\"widget\" data-widget_type=\"image.default\">\n\t\t\t\t<div class=\"elementor-widget-container\">\n\t\t\t\t\t\t\t\t\t\t\t\t\t\t\t<img loading=\"lazy\" decoding=\"async\" width=\"562\" height=\"1000\" src=\"https:\/\/da-resin-art.com\/wp-content\/uploads\/2025\/05\/zegary-da-resin-art-polska-80-cm-6.jpg\" class=\"attachment-large size-large wp-image-2130\" alt=\"zegar \u015bcienny z \u017cywicy Polska god\u0142o czerwony czarny z\u0142oto\" srcset=\"https:\/\/da-resin-art.com\/wp-content\/uploads\/2025\/05\/zegary-da-resin-art-polska-80-cm-6.jpg 562w, https:\/\/da-resin-art.com\/wp-content\/uploads\/2025\/05\/zegary-da-resin-art-polska-80-cm-6-169x300.jpg 169w\" sizes=\"(max-width: 562px) 100vw, 562px\" \/>\t\t\t\t\t\t\t\t\t\t\t\t\t\t\t<\/div>\n\t\t\t\t<\/div>\n\t\t\t\t\t<\/div>\n\t\t<\/div>\n\t\t\t\t<div class=\"elementor-column elementor-col-33 elementor-top-column elementor-element elementor-element-d167be2\" data-id=\"d167be2\" data-element_type=\"column\">\n\t\t\t<div class=\"elementor-widget-wrap elementor-element-populated\">\n\t\t\t\t\t\t<div class=\"elementor-element elementor-element-f797468 elementor-widget elementor-widget-image\" data-id=\"f797468\" data-element_type=\"widget\" data-widget_type=\"image.default\">\n\t\t\t\t<div class=\"elementor-widget-container\">\n\t\t\t\t\t\t\t\t\t\t\t\t\t\t\t<img loading=\"lazy\" decoding=\"async\" width=\"563\" height=\"1000\" src=\"https:\/\/da-resin-art.com\/wp-content\/uploads\/2025\/05\/zegary-da-resin-art-polska-80-cm-5.jpg\" class=\"attachment-large size-large wp-image-2127\" alt=\"zegar \u015bcienny z \u017cywicy Polska god\u0142o czerwony czarny z\u0142oto\" srcset=\"https:\/\/da-resin-art.com\/wp-content\/uploads\/2025\/05\/zegary-da-resin-art-polska-80-cm-5.jpg 563w, https:\/\/da-resin-art.com\/wp-content\/uploads\/2025\/05\/zegary-da-resin-art-polska-80-cm-5-169x300.jpg 169w\" sizes=\"(max-width: 563px) 100vw, 563px\" \/>\t\t\t\t\t\t\t\t\t\t\t\t\t\t\t<\/div>\n\t\t\t\t<\/div>\n\t\t\t\t\t<\/div>\n\t\t<\/div>\n\t\t\t\t\t<\/div>\n\t\t<\/section>\n\t\t\t\t<\/div>\n\t\t","protected":false},"excerpt":{"rendered":"<p class=\"\" data-start=\"0\" data-end=\"284\">\u2705\ufe0f <strong data-start=\"3\" data-end=\"43\">Wymiary: 80 cm \u2013 kszta\u0142t mapy Polski<\/strong><br data-start=\"43\" data-end=\"46\" \/>\u2705\ufe0f <strong data-start=\"49\" data-end=\"75\">Cichy mechanizm zegara<\/strong><br data-start=\"75\" data-end=\"78\" \/>\u2705\ufe0f <strong data-start=\"81\" data-end=\"146\">Kolorystyka: czarno-czerwona z intensywnymi z\u0142otymi akcentami<\/strong><br data-start=\"146\" data-end=\"149\" \/>\u2705\ufe0f <strong data-start=\"152\" data-end=\"208\">Z\u0142ote rzymskie cyfry i wskaz\u00f3wki z lustrzanego plexi<\/strong><br data-start=\"208\" data-end=\"211\" \/>\u2705\ufe0f <strong data-start=\"214\" data-end=\"278\">Dodatki: du\u017cy orze\u0142 \u2013 god\u0142o Polski wykonane ze z\u0142otego plexi<\/strong> \ud83e\udd85\u2728<\/p>\n<p class=\"\" data-start=\"286\" data-end=\"547\">Zegar \u015bcienny <strong data-start=\"300\" data-end=\"312\">\u201ePolska\u201d<\/strong> to prawdziwy ho\u0142d dla narodowego ducha w artystycznej formie.<br data-start=\"374\" data-end=\"377\" \/>R\u0119cznie wykonany w kszta\u0142cie mapy, \u0142\u0105czy g\u0142\u0119bokie barwy z b\u0142yskiem z\u0142ota i symbolem dumy narodowej \u2013 or\u0142em.<br data-start=\"484\" data-end=\"487\" \/>To nie tylko zegar, to manifest to\u017csamo\u015bci, stylu i pasji.<\/p>\n<p class=\"\" data-start=\"549\" data-end=\"611\"><strong data-start=\"549\" data-end=\"605\">Zegar dla prawdziwego patrioty.<\/strong> \u23f3\ud83c\uddf5\ud83c\uddf1<\/p>\n","protected":false},"featured_media":2113,"template":"","meta":{"_acf_changed":false,"_kadence_starter_templates_imported_post":false,"_kad_post_transparent":"default","_kad_post_title":"","_kad_post_layout":"default","_kad_post_sidebar_id":"","_kad_post_content_style":"default","_kad_post_vertical_padding":"default","_kad_post_feature":"","_kad_post_feature_position":"","_kad_post_header":false,"_kad_post_footer":false},"product_brand":[],"product_cat":[18],"product_tag":[38,29],"class_list":{"0":"post-2112","1":"product","2":"type-product","3":"status-publish","4":"has-post-thumbnail","6":"product_cat-galeria","7":"product_tag-sprzedany","8":"product_tag-wszystko","10":"first","11":"outofstock","12":"shipping-taxable","13":"purchasable","14":"product-type-simple","15":"entry","16":"content-bg","17":"loop-entry"},"acf":[],"_links":{"self":[{"href":"https:\/\/da-resin-art.com\/en\/wp-json\/wp\/v2\/product\/2112","targetHints":{"allow":["GET"]}}],"collection":[{"href":"https:\/\/da-resin-art.com\/en\/wp-json\/wp\/v2\/product"}],"about":[{"href":"https:\/\/da-resin-art.com\/en\/wp-json\/wp\/v2\/types\/product"}],"version-history":[{"count":6,"href":"https:\/\/da-resin-art.com\/en\/wp-json\/wp\/v2\/product\/2112\/revisions"}],"predecessor-version":[{"id":4232,"href":"https:\/\/da-resin-art.com\/en\/wp-json\/wp\/v2\/product\/2112\/revisions\/4232"}],"wp:featuredmedia":[{"embeddable":true,"href":"https:\/\/da-resin-art.com\/en\/wp-json\/wp\/v2\/media\/2113"}],"wp:attachment":[{"href":"https:\/\/da-resin-art.com\/en\/wp-json\/wp\/v2\/media?parent=2112"}],"wp:term":[{"taxonomy":"product_brand","embeddable":true,"href":"https:\/\/da-resin-art.com\/en\/wp-json\/wp\/v2\/product_brand?post=2112"},{"taxonomy":"product_cat","embeddable":true,"href":"https:\/\/da-resin-art.com\/en\/wp-json\/wp\/v2\/product_cat?post=2112"},{"taxonomy":"product_tag","embeddable":true,"href":"https:\/\/da-resin-art.com\/en\/wp-json\/wp\/v2\/product_tag?post=2112"}],"curies":[{"name":"wp","href":"https:\/\/api.w.org\/{rel}","templated":true}]}}