{"id":2308,"date":"2025-06-23T21:06:49","date_gmt":"2025-06-23T19:06:49","guid":{"rendered":"https:\/\/da-resin-art.com\/?post_type=product&#038;p=2308"},"modified":"2026-02-10T18:58:58","modified_gmt":"2026-02-10T17:58:58","slug":"zegar-scienny-czerwono-czarny-osmiokat","status":"publish","type":"product","link":"https:\/\/da-resin-art.com\/en\/produkt\/zegar-scienny-czerwono-czarny-osmiokat\/","title":{"rendered":"Zegar \u015bcienny 50 cm z logo Perkun"},"content":{"rendered":"\t\t<div data-elementor-type=\"product-post\" data-elementor-id=\"2308\" class=\"elementor elementor-2308\" data-elementor-post-type=\"product\">\n\t\t\t\t\t\t<section class=\"elementor-section elementor-top-section elementor-element elementor-element-1c05077 elementor-section-boxed elementor-section-height-default elementor-section-height-default\" data-id=\"1c05077\" data-element_type=\"section\">\n\t\t\t\t\t\t<div class=\"elementor-container elementor-column-gap-default\">\n\t\t\t\t\t<div class=\"elementor-column elementor-col-100 elementor-top-column elementor-element elementor-element-18dc669\" data-id=\"18dc669\" data-element_type=\"column\">\n\t\t\t<div class=\"elementor-widget-wrap elementor-element-populated\">\n\t\t\t\t\t\t<div class=\"elementor-element elementor-element-0aadb0f elementor-widget elementor-widget-image\" data-id=\"0aadb0f\" data-element_type=\"widget\" data-widget_type=\"image.default\">\n\t\t\t\t<div class=\"elementor-widget-container\">\n\t\t\t\t\t\t\t\t\t\t\t\t\t\t\t<img fetchpriority=\"high\" decoding=\"async\" width=\"1000\" height=\"563\" src=\"https:\/\/da-resin-art.com\/wp-content\/uploads\/2025\/06\/zegary-da-resinart-czarno-srebrno-czerwony-50-cm-3-rotated.jpg\" class=\"attachment-large size-large wp-image-2315\" alt=\"zegar z \u017cywicy w kszta\u0142cie o\u015bmiok\u0105ta dla klubu strzelecko-kolekcjonerskiego Perkun\" srcset=\"https:\/\/da-resin-art.com\/wp-content\/uploads\/2025\/06\/zegary-da-resinart-czarno-srebrno-czerwony-50-cm-3-rotated.jpg 1000w, https:\/\/da-resin-art.com\/wp-content\/uploads\/2025\/06\/zegary-da-resinart-czarno-srebrno-czerwony-50-cm-3-300x169.jpg 300w, https:\/\/da-resin-art.com\/wp-content\/uploads\/2025\/06\/zegary-da-resinart-czarno-srebrno-czerwony-50-cm-3-768x432.jpg 768w, https:\/\/da-resin-art.com\/wp-content\/uploads\/2025\/06\/zegary-da-resinart-czarno-srebrno-czerwony-50-cm-3-600x338.jpg 600w\" sizes=\"(max-width: 1000px) 100vw, 1000px\" \/>\t\t\t\t\t\t\t\t\t\t\t\t\t\t\t<\/div>\n\t\t\t\t<\/div>\n\t\t\t\t\t<\/div>\n\t\t<\/div>\n\t\t\t\t\t<\/div>\n\t\t<\/section>\n\t\t\t\t<section class=\"elementor-section elementor-top-section elementor-element elementor-element-4e326855 elementor-section-boxed elementor-section-height-default elementor-section-height-default\" data-id=\"4e326855\" data-element_type=\"section\">\n\t\t\t\t\t\t<div class=\"elementor-container elementor-column-gap-default\">\n\t\t\t\t\t<div class=\"elementor-column elementor-col-100 elementor-top-column elementor-element elementor-element-42c485c1\" data-id=\"42c485c1\" data-element_type=\"column\">\n\t\t\t<div class=\"elementor-widget-wrap elementor-element-populated\">\n\t\t\t\t\t\t<div class=\"elementor-element elementor-element-67d3cb9 elementor-widget elementor-widget-text-editor\" data-id=\"67d3cb9\" data-element_type=\"widget\" data-widget_type=\"text-editor.default\">\n\t\t\t\t<div class=\"elementor-widget-container\">\n\t\t\t\t\t\t\t\t\t<p>\ud83d\udda4\u015arednica &#8211; 50 cm.<\/p><p>\ud83d\udda4Baza &#8211; MDF.<\/p><p>\ud83d\udda4 Zegar \u015bcienny z logotypem &#8211; wz\u00f3r wykonany z \u017cywicy epoksydowej.<\/p><p>\ud83d\udda4 Srebrne arabskie cyfry i wskaz\u00f3wki z lustrzanego plexi.<\/p><p>\ud83d\udda4 Dodatki: logo naklejka.<\/p><p>\ud83d\udda4 Cichy mechanizm zegara.\u00a0<\/p>\t\t\t\t\t\t\t\t<\/div>\n\t\t\t\t<\/div>\n\t\t\t\t\t<\/div>\n\t\t<\/div>\n\t\t\t\t\t<\/div>\n\t\t<\/section>\n\t\t\t\t<section class=\"elementor-section elementor-top-section elementor-element elementor-element-1705c5e elementor-section-boxed elementor-section-height-default elementor-section-height-default\" data-id=\"1705c5e\" data-element_type=\"section\">\n\t\t\t\t\t\t<div class=\"elementor-container elementor-column-gap-default\">\n\t\t\t\t\t<div class=\"elementor-column elementor-col-33 elementor-top-column elementor-element elementor-element-e345a69\" data-id=\"e345a69\" data-element_type=\"column\">\n\t\t\t<div class=\"elementor-widget-wrap elementor-element-populated\">\n\t\t\t\t\t\t<div class=\"elementor-element elementor-element-d042564 elementor-widget elementor-widget-video\" data-id=\"d042564\" data-element_type=\"widget\" data-settings=\"{&quot;youtube_url&quot;:&quot;https:\\\/\\\/youtube.com\\\/watch?v=rbMS9OBezmY?feature=share&quot;,&quot;video_type&quot;:&quot;youtube&quot;,&quot;controls&quot;:&quot;yes&quot;}\" data-widget_type=\"video.default\">\n\t\t\t\t<div class=\"elementor-widget-container\">\n\t\t\t\t\t\t\t<div class=\"elementor-wrapper elementor-open-inline\">\n\t\t\t<div class=\"elementor-video\"><\/div>\t\t<\/div>\n\t\t\t\t\t\t<\/div>\n\t\t\t\t<\/div>\n\t\t\t\t\t<\/div>\n\t\t<\/div>\n\t\t\t\t<div class=\"elementor-column elementor-col-33 elementor-top-column elementor-element elementor-element-d6da29c\" data-id=\"d6da29c\" data-element_type=\"column\">\n\t\t\t<div class=\"elementor-widget-wrap elementor-element-populated\">\n\t\t\t\t\t\t<div class=\"elementor-element elementor-element-65de88c elementor-widget elementor-widget-image\" data-id=\"65de88c\" data-element_type=\"widget\" data-widget_type=\"image.default\">\n\t\t\t\t<div class=\"elementor-widget-container\">\n\t\t\t\t\t\t\t\t\t\t\t\t\t\t\t<img decoding=\"async\" width=\"563\" height=\"1000\" src=\"https:\/\/da-resin-art.com\/wp-content\/uploads\/2025\/06\/zegary-da-resinart-czarno-srebrno-czerwony-50-cm-6.jpg\" class=\"attachment-large size-large wp-image-2324\" alt=\"zegar z \u017cywicy w kszta\u0142cie o\u015bmiok\u0105ta dla klubu strzelecko-kolekcjonerskiego Perkun\" srcset=\"https:\/\/da-resin-art.com\/wp-content\/uploads\/2025\/06\/zegary-da-resinart-czarno-srebrno-czerwony-50-cm-6.jpg 563w, https:\/\/da-resin-art.com\/wp-content\/uploads\/2025\/06\/zegary-da-resinart-czarno-srebrno-czerwony-50-cm-6-169x300.jpg 169w\" sizes=\"(max-width: 563px) 100vw, 563px\" \/>\t\t\t\t\t\t\t\t\t\t\t\t\t\t\t<\/div>\n\t\t\t\t<\/div>\n\t\t\t\t\t<\/div>\n\t\t<\/div>\n\t\t\t\t<div class=\"elementor-column elementor-col-33 elementor-top-column elementor-element elementor-element-f8aab89\" data-id=\"f8aab89\" data-element_type=\"column\">\n\t\t\t<div class=\"elementor-widget-wrap elementor-element-populated\">\n\t\t\t\t\t\t<div class=\"elementor-element elementor-element-d89be88 elementor-widget elementor-widget-image\" data-id=\"d89be88\" data-element_type=\"widget\" data-widget_type=\"image.default\">\n\t\t\t\t<div class=\"elementor-widget-container\">\n\t\t\t\t\t\t\t\t\t\t\t\t\t\t\t<img decoding=\"async\" width=\"563\" height=\"1000\" src=\"https:\/\/da-resin-art.com\/wp-content\/uploads\/2025\/06\/zegary-da-resinart-czarno-srebrno-czerwony-50-cm-5.jpg\" class=\"attachment-large size-large wp-image-2321\" alt=\"zegar z \u017cywicy w kszta\u0142cie o\u015bmiok\u0105ta dla klubu strzelecko-kolekcjonerskiego Perkun\" srcset=\"https:\/\/da-resin-art.com\/wp-content\/uploads\/2025\/06\/zegary-da-resinart-czarno-srebrno-czerwony-50-cm-5.jpg 563w, https:\/\/da-resin-art.com\/wp-content\/uploads\/2025\/06\/zegary-da-resinart-czarno-srebrno-czerwony-50-cm-5-169x300.jpg 169w\" sizes=\"(max-width: 563px) 100vw, 563px\" \/>\t\t\t\t\t\t\t\t\t\t\t\t\t\t\t<\/div>\n\t\t\t\t<\/div>\n\t\t\t\t\t<\/div>\n\t\t<\/div>\n\t\t\t\t\t<\/div>\n\t\t<\/section>\n\t\t\t\t<section class=\"elementor-section elementor-top-section elementor-element elementor-element-de9aa7f elementor-section-boxed elementor-section-height-default elementor-section-height-default\" data-id=\"de9aa7f\" data-element_type=\"section\">\n\t\t\t\t\t\t<div class=\"elementor-container elementor-column-gap-default\">\n\t\t\t\t\t<div class=\"elementor-column elementor-col-100 elementor-top-column elementor-element elementor-element-a0b9f94\" data-id=\"a0b9f94\" data-element_type=\"column\">\n\t\t\t<div class=\"elementor-widget-wrap elementor-element-populated\">\n\t\t\t\t\t\t<div class=\"elementor-element elementor-element-68b2ab8 elementor-widget elementor-widget-text-editor\" data-id=\"68b2ab8\" data-element_type=\"widget\" data-widget_type=\"text-editor.default\">\n\t\t\t\t<div class=\"elementor-widget-container\">\n\t\t\t\t\t\t\t\t\t<p class=\"\" data-start=\"0\" data-end=\"213\">50 cm. Zegar \u015bcienny\u00a0z \u017cywicy w kszta\u0142cie o\u015bmiok\u0105ta dla klubu strzelecko-kolekcjonerskiego Perkun\u00a0\u2013 wz\u00f3r wykonany z \u017cywicy epoksydowej.<\/p><ul data-start=\"215\" data-end=\"763\" data-is-last-node=\"\" data-is-only-node=\"\"><li class=\"\" data-start=\"215\" data-end=\"345\"><p class=\"\" data-start=\"217\" data-end=\"345\">Zegar \u015bcienny przyci\u0105ga wzrok intensywn\u0105 kolorystyk\u0105 i dynamicznym kontrastem czerwieni z czerni\u0105 i srebrem.<\/p><\/li><li class=\"\" data-start=\"346\" data-end=\"463\"><p class=\"\" data-start=\"348\" data-end=\"463\"><strong data-start=\"348\" data-end=\"365\">Srebrne akcenty<\/strong> nadaj\u0105 mu elegancji, <strong data-start=\"389\" data-end=\"420\" data-is-only-node=\"\">lustrzane cyfry i wskaz\u00f3wki<\/strong>.<\/p><\/li><li class=\"\" data-start=\"556\" data-end=\"667\"><p class=\"\" data-start=\"558\" data-end=\"667\"><strong data-start=\"558\" data-end=\"577\">Cichy mechanizm<\/strong> sprawia, \u017ce to idealny wyb\u00f3r do wn\u0119trz, gdzie liczy si\u0119 zar\u00f3wno estetyka, jak i spok\u00f3j.<\/p><\/li><\/ul>\t\t\t\t\t\t\t\t<\/div>\n\t\t\t\t<\/div>\n\t\t\t\t\t<\/div>\n\t\t<\/div>\n\t\t\t\t\t<\/div>\n\t\t<\/section>\n\t\t\t\t<section class=\"elementor-section elementor-top-section elementor-element elementor-element-e6cc6e8 elementor-section-boxed elementor-section-height-default elementor-section-height-default\" data-id=\"e6cc6e8\" data-element_type=\"section\">\n\t\t\t\t\t\t<div class=\"elementor-container elementor-column-gap-default\">\n\t\t\t\t\t<div class=\"elementor-column elementor-col-33 elementor-top-column elementor-element elementor-element-ca6c748\" data-id=\"ca6c748\" data-element_type=\"column\">\n\t\t\t<div class=\"elementor-widget-wrap elementor-element-populated\">\n\t\t\t\t\t\t<div class=\"elementor-element elementor-element-f8a13bc elementor-widget elementor-widget-image\" data-id=\"f8a13bc\" data-element_type=\"widget\" data-widget_type=\"image.default\">\n\t\t\t\t<div class=\"elementor-widget-container\">\n\t\t\t\t\t\t\t\t\t\t\t\t\t\t\t<img loading=\"lazy\" decoding=\"async\" width=\"563\" height=\"1000\" src=\"https:\/\/da-resin-art.com\/wp-content\/uploads\/2025\/06\/zegary-da-resinart-czarno-srebrno-czerwony-50-cm-1.jpg\" class=\"attachment-large size-large wp-image-2309\" alt=\"zegar z \u017cywicy w kszta\u0142cie o\u015bmiok\u0105ta dla klubu strzelecko-kolekcjonerskiego Perkun\" srcset=\"https:\/\/da-resin-art.com\/wp-content\/uploads\/2025\/06\/zegary-da-resinart-czarno-srebrno-czerwony-50-cm-1.jpg 563w, https:\/\/da-resin-art.com\/wp-content\/uploads\/2025\/06\/zegary-da-resinart-czarno-srebrno-czerwony-50-cm-1-169x300.jpg 169w\" sizes=\"(max-width: 563px) 100vw, 563px\" \/>\t\t\t\t\t\t\t\t\t\t\t\t\t\t\t<\/div>\n\t\t\t\t<\/div>\n\t\t\t\t\t<\/div>\n\t\t<\/div>\n\t\t\t\t<div class=\"elementor-column elementor-col-33 elementor-top-column elementor-element elementor-element-2d77b49\" data-id=\"2d77b49\" data-element_type=\"column\">\n\t\t\t<div class=\"elementor-widget-wrap elementor-element-populated\">\n\t\t\t\t\t\t<div class=\"elementor-element elementor-element-ebc2c3f elementor-widget elementor-widget-image\" data-id=\"ebc2c3f\" data-element_type=\"widget\" data-widget_type=\"image.default\">\n\t\t\t\t<div class=\"elementor-widget-container\">\n\t\t\t\t\t\t\t\t\t\t\t\t\t\t\t<img loading=\"lazy\" decoding=\"async\" width=\"563\" height=\"1000\" src=\"https:\/\/da-resin-art.com\/wp-content\/uploads\/2025\/06\/zegary-da-resinart-czarno-srebrno-czerwony-50-cm-7.jpg\" class=\"attachment-large size-large wp-image-2327\" alt=\"zegar z \u017cywicy w kszta\u0142cie o\u015bmiok\u0105ta dla klubu strzelecko-kolekcjonerskiego Perkun\" srcset=\"https:\/\/da-resin-art.com\/wp-content\/uploads\/2025\/06\/zegary-da-resinart-czarno-srebrno-czerwony-50-cm-7.jpg 563w, https:\/\/da-resin-art.com\/wp-content\/uploads\/2025\/06\/zegary-da-resinart-czarno-srebrno-czerwony-50-cm-7-169x300.jpg 169w\" sizes=\"(max-width: 563px) 100vw, 563px\" \/>\t\t\t\t\t\t\t\t\t\t\t\t\t\t\t<\/div>\n\t\t\t\t<\/div>\n\t\t\t\t\t<\/div>\n\t\t<\/div>\n\t\t\t\t<div class=\"elementor-column elementor-col-33 elementor-top-column elementor-element elementor-element-d167be2\" data-id=\"d167be2\" data-element_type=\"column\">\n\t\t\t<div class=\"elementor-widget-wrap elementor-element-populated\">\n\t\t\t\t\t\t<div class=\"elementor-element elementor-element-f797468 elementor-widget elementor-widget-image\" data-id=\"f797468\" data-element_type=\"widget\" data-widget_type=\"image.default\">\n\t\t\t\t<div class=\"elementor-widget-container\">\n\t\t\t\t\t\t\t\t\t\t\t\t\t\t\t<img loading=\"lazy\" decoding=\"async\" width=\"563\" height=\"1000\" src=\"https:\/\/da-resin-art.com\/wp-content\/uploads\/2025\/06\/zegary-da-resinart-czarno-srebrno-czerwony-50-cm-2.jpg\" class=\"attachment-large size-large wp-image-2312\" alt=\"zegar z \u017cywicy w kszta\u0142cie o\u015bmiok\u0105ta dla klubu strzelecko-kolekcjonerskiego Perkun\" srcset=\"https:\/\/da-resin-art.com\/wp-content\/uploads\/2025\/06\/zegary-da-resinart-czarno-srebrno-czerwony-50-cm-2.jpg 563w, https:\/\/da-resin-art.com\/wp-content\/uploads\/2025\/06\/zegary-da-resinart-czarno-srebrno-czerwony-50-cm-2-169x300.jpg 169w\" sizes=\"(max-width: 563px) 100vw, 563px\" \/>\t\t\t\t\t\t\t\t\t\t\t\t\t\t\t<\/div>\n\t\t\t\t<\/div>\n\t\t\t\t\t<\/div>\n\t\t<\/div>\n\t\t\t\t\t<\/div>\n\t\t<\/section>\n\t\t\t\t<\/div>\n\t\t","protected":false},"excerpt":{"rendered":"<p class=\"\" data-start=\"0\" data-end=\"240\">\u2705\ufe0f <strong data-start=\"3\" data-end=\"22\">\u015arednica: 50 cm<\/strong><br data-start=\"22\" data-end=\"25\" \/>\u2705\ufe0f <strong data-start=\"28\" data-end=\"54\">Cichy mechanizm zegara<\/strong><br data-start=\"54\" data-end=\"57\" \/>\u2705\ufe0f <strong data-start=\"60\" data-end=\"124\">Wyrazista czerwono-czarna paleta ze srebrem<\/strong><br data-start=\"124\" data-end=\"127\" \/>\u2705\ufe0f <strong data-start=\"130\" data-end=\"186\">Srebrne arabskie cyfry i wskaz\u00f3wki z lustrzanego plexi<\/strong><br data-start=\"186\" data-end=\"189\" \/>\u2705\ufe0f <strong data-start=\"192\" data-end=\"235\">Dodatki: logo klubu Perkun<\/strong><\/p>\n<p class=\"\" data-start=\"242\" data-end=\"531\">Unikatowy zegar z \u017cywicy epoksydowej \u2013 50 cm, w kszta\u0142cie o\u015bmiok\u0105ta, w intensywnych barwach czerwieni, czerni i srebra, stworzony specjalnie dla cz\u0142onka klubu strzelecko-kolekcjonerskiego Perkun.<\/p>\n<p class=\"\" data-start=\"533\" data-end=\"594\">Dla tych, kt\u00f3rzy lubi\u0105, gdy design m\u00f3wi wi\u0119cej ni\u017c s\u0142owa. \u23f3\ud83d\udd25<\/p>\n","protected":false},"featured_media":2318,"template":"","meta":{"_acf_changed":false,"_kadence_starter_templates_imported_post":false,"_kad_post_transparent":"default","_kad_post_title":"","_kad_post_layout":"default","_kad_post_sidebar_id":"","_kad_post_content_style":"default","_kad_post_vertical_padding":"default","_kad_post_feature":"","_kad_post_feature_position":"","_kad_post_header":false,"_kad_post_footer":false},"product_brand":[],"product_cat":[18],"product_tag":[38,29],"class_list":{"0":"post-2308","1":"product","2":"type-product","3":"status-publish","4":"has-post-thumbnail","6":"product_cat-galeria","7":"product_tag-sprzedany","8":"product_tag-wszystko","10":"first","11":"outofstock","12":"shipping-taxable","13":"purchasable","14":"product-type-simple","15":"entry","16":"content-bg","17":"loop-entry"},"acf":[],"_links":{"self":[{"href":"https:\/\/da-resin-art.com\/en\/wp-json\/wp\/v2\/product\/2308","targetHints":{"allow":["GET"]}}],"collection":[{"href":"https:\/\/da-resin-art.com\/en\/wp-json\/wp\/v2\/product"}],"about":[{"href":"https:\/\/da-resin-art.com\/en\/wp-json\/wp\/v2\/types\/product"}],"version-history":[{"count":10,"href":"https:\/\/da-resin-art.com\/en\/wp-json\/wp\/v2\/product\/2308\/revisions"}],"predecessor-version":[{"id":4227,"href":"https:\/\/da-resin-art.com\/en\/wp-json\/wp\/v2\/product\/2308\/revisions\/4227"}],"wp:featuredmedia":[{"embeddable":true,"href":"https:\/\/da-resin-art.com\/en\/wp-json\/wp\/v2\/media\/2318"}],"wp:attachment":[{"href":"https:\/\/da-resin-art.com\/en\/wp-json\/wp\/v2\/media?parent=2308"}],"wp:term":[{"taxonomy":"product_brand","embeddable":true,"href":"https:\/\/da-resin-art.com\/en\/wp-json\/wp\/v2\/product_brand?post=2308"},{"taxonomy":"product_cat","embeddable":true,"href":"https:\/\/da-resin-art.com\/en\/wp-json\/wp\/v2\/product_cat?post=2308"},{"taxonomy":"product_tag","embeddable":true,"href":"https:\/\/da-resin-art.com\/en\/wp-json\/wp\/v2\/product_tag?post=2308"}],"curies":[{"name":"wp","href":"https:\/\/api.w.org\/{rel}","templated":true}]}}