{"id":2489,"date":"2025-06-23T22:06:31","date_gmt":"2025-06-23T20:06:31","guid":{"rendered":"https:\/\/da-resin-art.com\/?post_type=product&#038;p=2489"},"modified":"2026-04-20T12:28:19","modified_gmt":"2026-04-20T10:28:19","slug":"3d-obraz-lilia-110-70-cm","status":"publish","type":"product","link":"https:\/\/da-resin-art.com\/en\/produkt\/3d-obraz-lilia-110-70-cm\/","title":{"rendered":"3D Obraz &#8220;Lilia&#8221; 110 \u00d7 70 cm"},"content":{"rendered":"\t\t<div data-elementor-type=\"product-post\" data-elementor-id=\"2489\" class=\"elementor elementor-2489\" data-elementor-post-type=\"product\">\n\t\t\t\t\t\t<section class=\"elementor-section elementor-top-section elementor-element elementor-element-1c05077 elementor-section-boxed elementor-section-height-default elementor-section-height-default\" data-id=\"1c05077\" data-element_type=\"section\">\n\t\t\t\t\t\t<div class=\"elementor-container elementor-column-gap-default\">\n\t\t\t\t\t<div class=\"elementor-column elementor-col-100 elementor-top-column elementor-element elementor-element-18dc669\" data-id=\"18dc669\" data-element_type=\"column\">\n\t\t\t<div class=\"elementor-widget-wrap elementor-element-populated\">\n\t\t\t\t\t\t<div class=\"elementor-element elementor-element-0aadb0f elementor-widget elementor-widget-image\" data-id=\"0aadb0f\" data-element_type=\"widget\" data-widget_type=\"image.default\">\n\t\t\t\t<div class=\"elementor-widget-container\">\n\t\t\t\t\t\t\t\t\t\t\t\t\t\t\t<img fetchpriority=\"high\" decoding=\"async\" width=\"1024\" height=\"576\" src=\"https:\/\/da-resin-art.com\/wp-content\/uploads\/2025\/06\/obraz-da-resinart-1-110x70-cm-1-1024x576.jpg\" class=\"attachment-large size-large wp-image-2490\" alt=\"3D obraz Lilia z past\u0105 teksturaln\u0105\" srcset=\"https:\/\/da-resin-art.com\/wp-content\/uploads\/2025\/06\/obraz-da-resinart-1-110x70-cm-1-1024x576.jpg 1024w, https:\/\/da-resin-art.com\/wp-content\/uploads\/2025\/06\/obraz-da-resinart-1-110x70-cm-1-300x169.jpg 300w, https:\/\/da-resin-art.com\/wp-content\/uploads\/2025\/06\/obraz-da-resinart-1-110x70-cm-1-768x432.jpg 768w, https:\/\/da-resin-art.com\/wp-content\/uploads\/2025\/06\/obraz-da-resinart-1-110x70-cm-1-600x338.jpg 600w, https:\/\/da-resin-art.com\/wp-content\/uploads\/2025\/06\/obraz-da-resinart-1-110x70-cm-1.jpg 1500w\" sizes=\"(max-width: 1024px) 100vw, 1024px\" \/>\t\t\t\t\t\t\t\t\t\t\t\t\t\t\t<\/div>\n\t\t\t\t<\/div>\n\t\t\t\t\t<\/div>\n\t\t<\/div>\n\t\t\t\t\t<\/div>\n\t\t<\/section>\n\t\t\t\t<section class=\"elementor-section elementor-top-section elementor-element elementor-element-4e326855 elementor-section-boxed elementor-section-height-default elementor-section-height-default\" data-id=\"4e326855\" data-element_type=\"section\">\n\t\t\t\t\t\t<div class=\"elementor-container elementor-column-gap-default\">\n\t\t\t\t\t<div class=\"elementor-column elementor-col-100 elementor-top-column elementor-element elementor-element-42c485c1\" data-id=\"42c485c1\" data-element_type=\"column\">\n\t\t\t<div class=\"elementor-widget-wrap elementor-element-populated\">\n\t\t\t\t\t\t<div class=\"elementor-element elementor-element-67d3cb9 elementor-widget elementor-widget-text-editor\" data-id=\"67d3cb9\" data-element_type=\"widget\" data-widget_type=\"text-editor.default\">\n\t\t\t\t<div class=\"elementor-widget-container\">\n\t\t\t\t\t\t\t\t\t<p><img decoding=\"async\" draggable=\"false\" role=\"img\" class=\"emoji\" alt=\"\ud83d\udda4\" src=\"https:\/\/s.w.org\/images\/core\/emoji\/17.0.2\/svg\/1f5a4.svg\"> 110\u00d770 cm.<\/p>\n<p><img decoding=\"async\" draggable=\"false\" role=\"img\" class=\"emoji\" alt=\"\ud83d\udda4\" src=\"https:\/\/s.w.org\/images\/core\/emoji\/17.0.2\/svg\/1f5a4.svg\">Baza &#8211; p\u0142otno.<\/p>\n<p><img decoding=\"async\" draggable=\"false\" role=\"img\" class=\"emoji\" alt=\"\ud83d\udda4\" src=\"https:\/\/s.w.org\/images\/core\/emoji\/17.0.2\/svg\/1f5a4.svg\"> 3D efekt z pasty strukturalnej.<\/p>\n<p><img decoding=\"async\" draggable=\"false\" role=\"img\" class=\"emoji\" alt=\"\ud83d\udda4\" src=\"https:\/\/s.w.org\/images\/core\/emoji\/17.0.2\/svg\/1f5a4.svg\"> S<span style=\"background-color: transparent;\">ubtelne be\u017ce, zgaszone r\u00f3\u017ce, g\u0142\u0119bokie niebiesko-zielone li\u015bcie \u2013 ca\u0142o\u015b\u0107 podkre\u015blona <\/span><strong style=\"background-color: transparent;\" data-start=\"594\" data-end=\"616\">akrylowymi farbami<\/strong><span style=\"background-color: transparent;\"> i wyko\u0144czona <\/span><strong style=\"background-color: transparent;\" data-start=\"630\" data-end=\"648\">srebrn\u0105 p\u0142atk\u0105<\/strong><\/p>\t\t\t\t\t\t\t\t<\/div>\n\t\t\t\t<\/div>\n\t\t\t\t\t<\/div>\n\t\t<\/div>\n\t\t\t\t\t<\/div>\n\t\t<\/section>\n\t\t\t\t<section class=\"elementor-section elementor-top-section elementor-element elementor-element-1705c5e elementor-section-boxed elementor-section-height-default elementor-section-height-default\" data-id=\"1705c5e\" data-element_type=\"section\">\n\t\t\t\t\t\t<div class=\"elementor-container elementor-column-gap-default\">\n\t\t\t\t\t<div class=\"elementor-column elementor-col-33 elementor-top-column elementor-element elementor-element-e345a69\" data-id=\"e345a69\" data-element_type=\"column\">\n\t\t\t<div class=\"elementor-widget-wrap elementor-element-populated\">\n\t\t\t\t\t\t<div class=\"elementor-element elementor-element-d042564 elementor-widget elementor-widget-video\" data-id=\"d042564\" data-element_type=\"widget\" data-settings=\"{&quot;youtube_url&quot;:&quot;https:\\\/\\\/youtube.com\\\/watch?v=T_oL-zYLnbI?feature=share&quot;,&quot;video_type&quot;:&quot;youtube&quot;,&quot;controls&quot;:&quot;yes&quot;}\" data-widget_type=\"video.default\">\n\t\t\t\t<div class=\"elementor-widget-container\">\n\t\t\t\t\t\t\t<div class=\"elementor-wrapper elementor-open-inline\">\n\t\t\t<div class=\"elementor-video\"><\/div>\t\t<\/div>\n\t\t\t\t\t\t<\/div>\n\t\t\t\t<\/div>\n\t\t\t\t\t<\/div>\n\t\t<\/div>\n\t\t\t\t<div class=\"elementor-column elementor-col-33 elementor-top-column elementor-element elementor-element-d6da29c\" data-id=\"d6da29c\" data-element_type=\"column\">\n\t\t\t<div class=\"elementor-widget-wrap elementor-element-populated\">\n\t\t\t\t\t\t<div class=\"elementor-element elementor-element-65de88c elementor-widget elementor-widget-image\" data-id=\"65de88c\" data-element_type=\"widget\" data-widget_type=\"image.default\">\n\t\t\t\t<div class=\"elementor-widget-container\">\n\t\t\t\t\t\t\t\t\t\t\t\t\t\t\t<img decoding=\"async\" width=\"563\" height=\"1000\" src=\"https:\/\/da-resin-art.com\/wp-content\/uploads\/2025\/06\/obraz-da-resinart-1-110x70-cm-9.jpg\" class=\"attachment-large size-large wp-image-2514\" alt=\"3D obraz Lilia z past\u0105 teksturaln\u0105\" srcset=\"https:\/\/da-resin-art.com\/wp-content\/uploads\/2025\/06\/obraz-da-resinart-1-110x70-cm-9.jpg 563w, https:\/\/da-resin-art.com\/wp-content\/uploads\/2025\/06\/obraz-da-resinart-1-110x70-cm-9-169x300.jpg 169w\" sizes=\"(max-width: 563px) 100vw, 563px\" \/>\t\t\t\t\t\t\t\t\t\t\t\t\t\t\t<\/div>\n\t\t\t\t<\/div>\n\t\t\t\t\t<\/div>\n\t\t<\/div>\n\t\t\t\t<div class=\"elementor-column elementor-col-33 elementor-top-column elementor-element elementor-element-f8aab89\" data-id=\"f8aab89\" data-element_type=\"column\">\n\t\t\t<div class=\"elementor-widget-wrap elementor-element-populated\">\n\t\t\t\t\t\t<div class=\"elementor-element elementor-element-d89be88 elementor-widget elementor-widget-image\" data-id=\"d89be88\" data-element_type=\"widget\" data-widget_type=\"image.default\">\n\t\t\t\t<div class=\"elementor-widget-container\">\n\t\t\t\t\t\t\t\t\t\t\t\t\t\t\t<img decoding=\"async\" width=\"563\" height=\"1000\" src=\"https:\/\/da-resin-art.com\/wp-content\/uploads\/2025\/06\/obraz-da-resinart-1-110x70-cm-10.jpg\" class=\"attachment-large size-large wp-image-2517\" alt=\"3D obraz Lilia z past\u0105 teksturaln\u0105\" srcset=\"https:\/\/da-resin-art.com\/wp-content\/uploads\/2025\/06\/obraz-da-resinart-1-110x70-cm-10.jpg 563w, https:\/\/da-resin-art.com\/wp-content\/uploads\/2025\/06\/obraz-da-resinart-1-110x70-cm-10-169x300.jpg 169w\" sizes=\"(max-width: 563px) 100vw, 563px\" \/>\t\t\t\t\t\t\t\t\t\t\t\t\t\t\t<\/div>\n\t\t\t\t<\/div>\n\t\t\t\t\t<\/div>\n\t\t<\/div>\n\t\t\t\t\t<\/div>\n\t\t<\/section>\n\t\t\t\t<section class=\"elementor-section elementor-top-section elementor-element elementor-element-de9aa7f elementor-section-boxed elementor-section-height-default elementor-section-height-default\" data-id=\"de9aa7f\" data-element_type=\"section\">\n\t\t\t\t\t\t<div class=\"elementor-container elementor-column-gap-default\">\n\t\t\t\t\t<div class=\"elementor-column elementor-col-100 elementor-top-column elementor-element elementor-element-a0b9f94\" data-id=\"a0b9f94\" data-element_type=\"column\">\n\t\t\t<div class=\"elementor-widget-wrap elementor-element-populated\">\n\t\t\t\t\t\t<div class=\"elementor-element elementor-element-68b2ab8 elementor-widget elementor-widget-text-editor\" data-id=\"68b2ab8\" data-element_type=\"widget\" data-widget_type=\"text-editor.default\">\n\t\t\t\t<div class=\"elementor-widget-container\">\n\t\t\t\t\t\t\t\t\t<p data-start=\"0\" data-end=\"334\">Obraz <strong data-start=\"6\" data-end=\"17\">\u201eLilia\u201d<\/strong> to co\u015b wi\u0119cej ni\u017c dekoracja \u2014 to historia opowiedziana kolorem, faktur\u0105 i \u015bwiat\u0142em. Stworzony na zam\u00f3wienie, aby harmonijnie dope\u0142nia\u0107 wn\u0119trze, \u0142\u0105czy w sobie subtelno\u015b\u0107 be\u017c\u00f3w i r\u00f3\u017cu z g\u0142\u0119bi\u0105 zieleni i b\u0142\u0119kitu.<\/p><p>\ud83d\udc69\u200d\ud83c\udfa8 Obraz stworzony farbami akrylowymi z efektem 3D dzi\u0119ki pa\u015bcie strukturalnej. Klientka zam\u00f3wi\u0142a dzie\u0142o do swojej sypialni, w kt\u00f3rej jedna ze \u015bcian ma fototapety z kwiatami i ro\u015blinno\u015bci\u0105. Ten w\u0142a\u015bnie motyw pos\u0142u\u017cy\u0142 nam jako inspiracja, aby obraz idealnie wsp\u00f3\u0142gra\u0142 z wn\u0119trzem.<\/p><p>W Photoshopie przygotowa\u0142am szkic \u2013 wybra\u0142am jeden z kwiat\u00f3w z tapety, li\u015bcie, stworzy\u0142am kompozycj\u0119 i po akceptacji klientki\u2026 zacz\u0119\u0142am dzia\u0142a\u0107!\u00a0<span style=\"background-color: transparent;\">Najpierw zakupy: porz\u0105dne p\u0142\u00f3tno, pasta, farby i inne niezb\u0119dne materia\u0142y. Potem \u2013 przenosimy szkic na p\u0142\u00f3tno i nak\u0142adamy past\u0119. Ju\u017c na tym etapie wygl\u0105da\u0142o to niesamowicie!\u00a0<\/span><span style=\"background-color: transparent;\">Przyznam szczerze \u2013 z past\u0105 pracowa\u0142am pierwszy raz, ale od dawna marzy\u0142am o tej technice. I\u2026 Niebo mnie us\u0142ysza\u0142o, bo trafi\u0142a mi si\u0119 cudowna klientka, kt\u00f3ra w 100% mi zaufa\u0142a!<\/span><\/p><p data-start=\"0\" data-end=\"334\">Tr\u00f3jwymiarowa struktura dodaje mu \u017cycia, a srebrna p\u0142atka sprawia, \u017ce \u015bwiat\u0142o ta\u0144czy po jego powierzchni.<\/p><p data-start=\"336\" data-end=\"448\" data-is-last-node=\"\" data-is-only-node=\"\">To dzie\u0142o, kt\u00f3re wnosi spok\u00f3j, elegancj\u0119 i wyj\u0105tkowo\u015b\u0107. Bo sztuka ma moc przemiany przestrzeni \u2014 i nastroju.<\/p>\t\t\t\t\t\t\t\t<\/div>\n\t\t\t\t<\/div>\n\t\t\t\t\t<\/div>\n\t\t<\/div>\n\t\t\t\t\t<\/div>\n\t\t<\/section>\n\t\t\t\t<section class=\"elementor-section elementor-top-section elementor-element elementor-element-e6cc6e8 elementor-section-boxed elementor-section-height-default elementor-section-height-default\" data-id=\"e6cc6e8\" data-element_type=\"section\">\n\t\t\t\t\t\t<div class=\"elementor-container elementor-column-gap-default\">\n\t\t\t\t\t<div class=\"elementor-column elementor-col-33 elementor-top-column elementor-element elementor-element-ca6c748\" data-id=\"ca6c748\" data-element_type=\"column\">\n\t\t\t<div class=\"elementor-widget-wrap elementor-element-populated\">\n\t\t\t\t\t\t<div class=\"elementor-element elementor-element-f8a13bc elementor-widget elementor-widget-image\" data-id=\"f8a13bc\" data-element_type=\"widget\" data-widget_type=\"image.default\">\n\t\t\t\t<div class=\"elementor-widget-container\">\n\t\t\t\t\t\t\t\t\t\t\t\t\t\t\t<img loading=\"lazy\" decoding=\"async\" width=\"563\" height=\"1000\" src=\"https:\/\/da-resin-art.com\/wp-content\/uploads\/2025\/06\/obraz-da-resinart-1-110x70-cm-8.jpg\" class=\"attachment-large size-large wp-image-2511\" alt=\"3D obraz Lilia z past\u0105 teksturaln\u0105\" srcset=\"https:\/\/da-resin-art.com\/wp-content\/uploads\/2025\/06\/obraz-da-resinart-1-110x70-cm-8.jpg 563w, https:\/\/da-resin-art.com\/wp-content\/uploads\/2025\/06\/obraz-da-resinart-1-110x70-cm-8-169x300.jpg 169w\" sizes=\"(max-width: 563px) 100vw, 563px\" \/>\t\t\t\t\t\t\t\t\t\t\t\t\t\t\t<\/div>\n\t\t\t\t<\/div>\n\t\t\t\t\t<\/div>\n\t\t<\/div>\n\t\t\t\t<div class=\"elementor-column elementor-col-33 elementor-top-column elementor-element elementor-element-2d77b49\" data-id=\"2d77b49\" data-element_type=\"column\">\n\t\t\t<div class=\"elementor-widget-wrap elementor-element-populated\">\n\t\t\t\t\t\t<div class=\"elementor-element elementor-element-ebc2c3f elementor-widget elementor-widget-image\" data-id=\"ebc2c3f\" data-element_type=\"widget\" data-widget_type=\"image.default\">\n\t\t\t\t<div class=\"elementor-widget-container\">\n\t\t\t\t\t\t\t\t\t\t\t\t\t\t\t<img loading=\"lazy\" decoding=\"async\" width=\"563\" height=\"1000\" src=\"https:\/\/da-resin-art.com\/wp-content\/uploads\/2025\/06\/obraz-da-resinart-1-110x70-cm-7.jpg\" class=\"attachment-large size-large wp-image-2508\" alt=\"3D obraz Lilia z past\u0105 teksturaln\u0105\" srcset=\"https:\/\/da-resin-art.com\/wp-content\/uploads\/2025\/06\/obraz-da-resinart-1-110x70-cm-7.jpg 563w, https:\/\/da-resin-art.com\/wp-content\/uploads\/2025\/06\/obraz-da-resinart-1-110x70-cm-7-169x300.jpg 169w\" sizes=\"(max-width: 563px) 100vw, 563px\" \/>\t\t\t\t\t\t\t\t\t\t\t\t\t\t\t<\/div>\n\t\t\t\t<\/div>\n\t\t\t\t\t<\/div>\n\t\t<\/div>\n\t\t\t\t<div class=\"elementor-column elementor-col-33 elementor-top-column elementor-element elementor-element-d167be2\" data-id=\"d167be2\" data-element_type=\"column\">\n\t\t\t<div class=\"elementor-widget-wrap elementor-element-populated\">\n\t\t\t\t\t\t<div class=\"elementor-element elementor-element-f797468 elementor-widget elementor-widget-image\" data-id=\"f797468\" data-element_type=\"widget\" data-widget_type=\"image.default\">\n\t\t\t\t<div class=\"elementor-widget-container\">\n\t\t\t\t\t\t\t\t\t\t\t\t\t\t\t<img loading=\"lazy\" decoding=\"async\" width=\"563\" height=\"1000\" src=\"https:\/\/da-resin-art.com\/wp-content\/uploads\/2025\/06\/obraz-da-resinart-1-110x70-cm-5.jpg\" class=\"attachment-large size-large wp-image-2502\" alt=\"3D obraz Lilia z past\u0105 teksturaln\u0105\" srcset=\"https:\/\/da-resin-art.com\/wp-content\/uploads\/2025\/06\/obraz-da-resinart-1-110x70-cm-5.jpg 563w, https:\/\/da-resin-art.com\/wp-content\/uploads\/2025\/06\/obraz-da-resinart-1-110x70-cm-5-169x300.jpg 169w\" sizes=\"(max-width: 563px) 100vw, 563px\" \/>\t\t\t\t\t\t\t\t\t\t\t\t\t\t\t<\/div>\n\t\t\t\t<\/div>\n\t\t\t\t\t<\/div>\n\t\t<\/div>\n\t\t\t\t\t<\/div>\n\t\t<\/section>\n\t\t\t\t<section class=\"elementor-section elementor-top-section elementor-element elementor-element-272b592 elementor-section-boxed elementor-section-height-default elementor-section-height-default\" data-id=\"272b592\" data-element_type=\"section\">\n\t\t\t\t\t\t<div class=\"elementor-container elementor-column-gap-default\">\n\t\t\t\t\t<div class=\"elementor-column elementor-col-33 elementor-top-column elementor-element elementor-element-f7dc9c4\" data-id=\"f7dc9c4\" data-element_type=\"column\">\n\t\t\t<div class=\"elementor-widget-wrap elementor-element-populated\">\n\t\t\t\t\t\t<div class=\"elementor-element elementor-element-52a7fb0 elementor-widget elementor-widget-image\" data-id=\"52a7fb0\" data-element_type=\"widget\" data-widget_type=\"image.default\">\n\t\t\t\t<div class=\"elementor-widget-container\">\n\t\t\t\t\t\t\t\t\t\t\t\t\t\t\t<img loading=\"lazy\" decoding=\"async\" width=\"563\" height=\"1000\" src=\"https:\/\/da-resin-art.com\/wp-content\/uploads\/2025\/06\/obraz-da-resinart-1-110x70-cm-4.jpg\" class=\"attachment-large size-large wp-image-2499\" alt=\"3D obraz Lilia z past\u0105 teksturaln\u0105\" srcset=\"https:\/\/da-resin-art.com\/wp-content\/uploads\/2025\/06\/obraz-da-resinart-1-110x70-cm-4.jpg 563w, https:\/\/da-resin-art.com\/wp-content\/uploads\/2025\/06\/obraz-da-resinart-1-110x70-cm-4-169x300.jpg 169w\" sizes=\"(max-width: 563px) 100vw, 563px\" \/>\t\t\t\t\t\t\t\t\t\t\t\t\t\t\t<\/div>\n\t\t\t\t<\/div>\n\t\t\t\t\t<\/div>\n\t\t<\/div>\n\t\t\t\t<div class=\"elementor-column elementor-col-33 elementor-top-column elementor-element elementor-element-f3bcdaa\" data-id=\"f3bcdaa\" data-element_type=\"column\">\n\t\t\t<div class=\"elementor-widget-wrap elementor-element-populated\">\n\t\t\t\t\t\t<div class=\"elementor-element elementor-element-3b82953 elementor-widget elementor-widget-image\" data-id=\"3b82953\" data-element_type=\"widget\" data-widget_type=\"image.default\">\n\t\t\t\t<div class=\"elementor-widget-container\">\n\t\t\t\t\t\t\t\t\t\t\t\t\t\t\t<img loading=\"lazy\" decoding=\"async\" width=\"563\" height=\"1000\" src=\"https:\/\/da-resin-art.com\/wp-content\/uploads\/2025\/06\/obraz-da-resinart-1-110x70-cm-6.jpg\" class=\"attachment-large size-large wp-image-2505\" alt=\"3D obraz Lilia z past\u0105 teksturaln\u0105\" srcset=\"https:\/\/da-resin-art.com\/wp-content\/uploads\/2025\/06\/obraz-da-resinart-1-110x70-cm-6.jpg 563w, https:\/\/da-resin-art.com\/wp-content\/uploads\/2025\/06\/obraz-da-resinart-1-110x70-cm-6-169x300.jpg 169w\" sizes=\"(max-width: 563px) 100vw, 563px\" \/>\t\t\t\t\t\t\t\t\t\t\t\t\t\t\t<\/div>\n\t\t\t\t<\/div>\n\t\t\t\t\t<\/div>\n\t\t<\/div>\n\t\t\t\t<div class=\"elementor-column elementor-col-33 elementor-top-column elementor-element elementor-element-c728901\" data-id=\"c728901\" data-element_type=\"column\">\n\t\t\t<div class=\"elementor-widget-wrap elementor-element-populated\">\n\t\t\t\t\t\t<div class=\"elementor-element elementor-element-7a8c250 elementor-widget elementor-widget-image\" data-id=\"7a8c250\" data-element_type=\"widget\" data-widget_type=\"image.default\">\n\t\t\t\t<div class=\"elementor-widget-container\">\n\t\t\t\t\t\t\t\t\t\t\t\t\t\t\t<img loading=\"lazy\" decoding=\"async\" width=\"563\" height=\"1000\" src=\"https:\/\/da-resin-art.com\/wp-content\/uploads\/2025\/06\/obraz-da-resinart-1-110x70-cm-8.jpg\" class=\"attachment-large size-large wp-image-2511\" alt=\"3D obraz Lilia z past\u0105 teksturaln\u0105\" srcset=\"https:\/\/da-resin-art.com\/wp-content\/uploads\/2025\/06\/obraz-da-resinart-1-110x70-cm-8.jpg 563w, https:\/\/da-resin-art.com\/wp-content\/uploads\/2025\/06\/obraz-da-resinart-1-110x70-cm-8-169x300.jpg 169w\" sizes=\"(max-width: 563px) 100vw, 563px\" \/>\t\t\t\t\t\t\t\t\t\t\t\t\t\t\t<\/div>\n\t\t\t\t<\/div>\n\t\t\t\t\t<\/div>\n\t\t<\/div>\n\t\t\t\t\t<\/div>\n\t\t<\/section>\n\t\t\t\t<\/div>\n\t\t","protected":false},"excerpt":{"rendered":"<p data-start=\"101\" data-end=\"223\"><strong data-start=\"104\" data-end=\"115\">\u201eLilia\u201d<\/strong> \u2013 3d obraz stworzony na specjalne zam\u00f3wienie, by idealnie dope\u0142ni\u0107 wyj\u0105tkowy charakter wn\u0119trza Klientki.<\/p>\n<p data-start=\"225\" data-end=\"684\">\ud83c\udfa8 Malowany na p\u0142\u00f3tnie o imponuj\u0105cym rozmiarze <strong data-start=\"272\" data-end=\"287\">110 \u00d7 70 cm<\/strong>, \u0142\u0105czy elegancj\u0119 i nowoczesno\u015b\u0107.<br data-start=\"320\" data-end=\"323\" \/>\u2728 Wz\u00f3r wykonany z u\u017cyciem <strong data-start=\"349\" data-end=\"371\">pasty strukturalnej<\/strong>, co nadaje kompozycji efekt <strong data-start=\"400\" data-end=\"406\">3D<\/strong> \u2013 p\u0142atki i li\u015bcie niemal wychodz\u0105 z obrazu, tworz\u0105c niesamowity przestrzenny efekt.<br data-start=\"490\" data-end=\"493\" \/>\ud83c\udf3f Kolorystyka: subtelne be\u017ce, zgaszone r\u00f3\u017ce, g\u0142\u0119bokie niebiesko-zielone li\u015bcie \u2013 ca\u0142o\u015b\u0107 podkre\u015blona <strong data-start=\"594\" data-end=\"616\">akrylowymi farbami<\/strong> i wyko\u0144czona <strong data-start=\"630\" data-end=\"648\">srebrnymi p\u0142atkami<\/strong>, kt\u00f3re dodaj\u0105 blasku i elegancji.<\/p>\n<p data-start=\"686\" data-end=\"795\">To nie tylko obraz \u2014 to fragment natury zatrzymany w formie sztuki, stworzony z my\u015bl\u0105 o konkretnym wn\u0119trzu.<\/p>\n","protected":false},"featured_media":2493,"template":"","meta":{"_acf_changed":false,"_kadence_starter_templates_imported_post":false,"_kad_post_transparent":"default","_kad_post_title":"","_kad_post_layout":"default","_kad_post_sidebar_id":"","_kad_post_content_style":"default","_kad_post_vertical_padding":"default","_kad_post_feature":"","_kad_post_feature_position":"","_kad_post_header":false,"_kad_post_footer":false},"product_brand":[],"product_cat":[18],"product_tag":[38,29],"class_list":{"0":"post-2489","1":"product","2":"type-product","3":"status-publish","4":"has-post-thumbnail","6":"product_cat-galeria","7":"product_tag-sprzedany","8":"product_tag-wszystko","10":"first","11":"outofstock","12":"shipping-taxable","13":"purchasable","14":"product-type-simple","15":"entry","16":"content-bg","17":"loop-entry"},"acf":[],"_links":{"self":[{"href":"https:\/\/da-resin-art.com\/en\/wp-json\/wp\/v2\/product\/2489","targetHints":{"allow":["GET"]}}],"collection":[{"href":"https:\/\/da-resin-art.com\/en\/wp-json\/wp\/v2\/product"}],"about":[{"href":"https:\/\/da-resin-art.com\/en\/wp-json\/wp\/v2\/types\/product"}],"version-history":[{"count":15,"href":"https:\/\/da-resin-art.com\/en\/wp-json\/wp\/v2\/product\/2489\/revisions"}],"predecessor-version":[{"id":5215,"href":"https:\/\/da-resin-art.com\/en\/wp-json\/wp\/v2\/product\/2489\/revisions\/5215"}],"wp:featuredmedia":[{"embeddable":true,"href":"https:\/\/da-resin-art.com\/en\/wp-json\/wp\/v2\/media\/2493"}],"wp:attachment":[{"href":"https:\/\/da-resin-art.com\/en\/wp-json\/wp\/v2\/media?parent=2489"}],"wp:term":[{"taxonomy":"product_brand","embeddable":true,"href":"https:\/\/da-resin-art.com\/en\/wp-json\/wp\/v2\/product_brand?post=2489"},{"taxonomy":"product_cat","embeddable":true,"href":"https:\/\/da-resin-art.com\/en\/wp-json\/wp\/v2\/product_cat?post=2489"},{"taxonomy":"product_tag","embeddable":true,"href":"https:\/\/da-resin-art.com\/en\/wp-json\/wp\/v2\/product_tag?post=2489"}],"curies":[{"name":"wp","href":"https:\/\/api.w.org\/{rel}","templated":true}]}}