{"id":2749,"date":"2025-07-28T16:05:43","date_gmt":"2025-07-28T14:05:43","guid":{"rendered":"https:\/\/da-resin-art.com\/produkt\/mini-kurs-jak-stworzyc-zegar-z-zywica-magiczne-komorki-1\/"},"modified":"2026-03-27T11:53:58","modified_gmt":"2026-03-27T10:53:58","slug":"mini-kurs-jak-stworzyc-zegar-z-zywica-magiczne-komorki-1","status":"publish","type":"product","link":"https:\/\/da-resin-art.com\/en\/produkt\/mini-kurs-jak-stworzyc-zegar-z-zywica-magiczne-komorki-1\/","title":{"rendered":"Mini-kurs &#8211; jak stworzy\u0107 zegar z \u017cywic\u0105 &#8220;Magiczne kom\u00f3rki-1&#8221;"},"content":{"rendered":"","protected":false},"excerpt":{"rendered":"","protected":false},"featured_media":2746,"template":"","meta":{"_acf_changed":false,"_kadence_starter_templates_imported_post":false,"_kad_post_transparent":"default","_kad_post_title":"","_kad_post_layout":"default","_kad_post_sidebar_id":"","_kad_post_content_style":"default","_kad_post_vertical_padding":"default","_kad_post_feature":"","_kad_post_feature_position":"","_kad_post_header":false,"_kad_post_footer":false},"product_brand":[],"product_cat":[48],"product_tag":[],"class_list":{"0":"post-2749","1":"product","2":"type-product","3":"status-publish","4":"has-post-thumbnail","6":"product_cat-kursy-z-cena","8":"first","9":"instock","10":"sale","11":"virtual","12":"sold-individually","13":"purchasable","14":"product-type-simple","15":"entry","16":"content-bg","17":"loop-entry"},"acf":[],"_links":{"self":[{"href":"https:\/\/da-resin-art.com\/en\/wp-json\/wp\/v2\/product\/2749","targetHints":{"allow":["GET"]}}],"collection":[{"href":"https:\/\/da-resin-art.com\/en\/wp-json\/wp\/v2\/product"}],"about":[{"href":"https:\/\/da-resin-art.com\/en\/wp-json\/wp\/v2\/types\/product"}],"version-history":[{"count":1,"href":"https:\/\/da-resin-art.com\/en\/wp-json\/wp\/v2\/product\/2749\/revisions"}],"predecessor-version":[{"id":2858,"href":"https:\/\/da-resin-art.com\/en\/wp-json\/wp\/v2\/product\/2749\/revisions\/2858"}],"wp:featuredmedia":[{"embeddable":true,"href":"https:\/\/da-resin-art.com\/en\/wp-json\/wp\/v2\/media\/2746"}],"wp:attachment":[{"href":"https:\/\/da-resin-art.com\/en\/wp-json\/wp\/v2\/media?parent=2749"}],"wp:term":[{"taxonomy":"product_brand","embeddable":true,"href":"https:\/\/da-resin-art.com\/en\/wp-json\/wp\/v2\/product_brand?post=2749"},{"taxonomy":"product_cat","embeddable":true,"href":"https:\/\/da-resin-art.com\/en\/wp-json\/wp\/v2\/product_cat?post=2749"},{"taxonomy":"product_tag","embeddable":true,"href":"https:\/\/da-resin-art.com\/en\/wp-json\/wp\/v2\/product_tag?post=2749"}],"curies":[{"name":"wp","href":"https:\/\/api.w.org\/{rel}","templated":true}]}}