{"id":3751,"date":"2025-11-14T17:01:25","date_gmt":"2025-11-14T16:01:25","guid":{"rendered":"https:\/\/da-resin-art.com\/?post_type=product&#038;p=3751"},"modified":"2026-02-10T18:51:33","modified_gmt":"2026-02-10T17:51:33","slug":"zegar-scienny-zloto-i-braz-na-czarnym-2","status":"publish","type":"product","link":"https:\/\/da-resin-art.com\/en\/produkt\/zegar-scienny-zloto-i-braz-na-czarnym-2\/","title":{"rendered":"Zegar \u015bcienny 45 cm &#8220;Z\u0142oto i br\u0105z na czarnym&#8221;"},"content":{"rendered":"\t\t<div data-elementor-type=\"product-post\" data-elementor-id=\"3751\" class=\"elementor elementor-3751\" data-elementor-post-type=\"product\">\n\t\t\t\t\t\t<section class=\"elementor-section elementor-top-section elementor-element elementor-element-1c05077 elementor-section-boxed elementor-section-height-default elementor-section-height-default\" data-id=\"1c05077\" data-element_type=\"section\">\n\t\t\t\t\t\t<div class=\"elementor-container elementor-column-gap-default\">\n\t\t\t\t\t<div class=\"elementor-column elementor-col-100 elementor-top-column elementor-element elementor-element-18dc669\" data-id=\"18dc669\" data-element_type=\"column\">\n\t\t\t<div class=\"elementor-widget-wrap elementor-element-populated\">\n\t\t\t\t\t\t<div class=\"elementor-element elementor-element-0aadb0f elementor-widget elementor-widget-image\" data-id=\"0aadb0f\" data-element_type=\"widget\" data-widget_type=\"image.default\">\n\t\t\t\t<div class=\"elementor-widget-container\">\n\t\t\t\t\t\t\t\t\t\t\t\t\t\t\t<img fetchpriority=\"high\" decoding=\"async\" width=\"1024\" height=\"576\" src=\"https:\/\/da-resin-art.com\/wp-content\/uploads\/2025\/11\/zegary-da-resin-art-polska-czarno-brazowy-45-cm-4-1024x576.jpg\" class=\"attachment-large size-large wp-image-3764\" alt=\"Zegar \u015bcienny z \u017cywicy Z\u0142oto br\u0105z na czarnym\" srcset=\"https:\/\/da-resin-art.com\/wp-content\/uploads\/2025\/11\/zegary-da-resin-art-polska-czarno-brazowy-45-cm-4-1024x576.jpg 1024w, https:\/\/da-resin-art.com\/wp-content\/uploads\/2025\/11\/zegary-da-resin-art-polska-czarno-brazowy-45-cm-4-300x169.jpg 300w, https:\/\/da-resin-art.com\/wp-content\/uploads\/2025\/11\/zegary-da-resin-art-polska-czarno-brazowy-45-cm-4-768x432.jpg 768w, https:\/\/da-resin-art.com\/wp-content\/uploads\/2025\/11\/zegary-da-resin-art-polska-czarno-brazowy-45-cm-4-1536x864.jpg 1536w, https:\/\/da-resin-art.com\/wp-content\/uploads\/2025\/11\/zegary-da-resin-art-polska-czarno-brazowy-45-cm-4-24x14.jpg 24w, https:\/\/da-resin-art.com\/wp-content\/uploads\/2025\/11\/zegary-da-resin-art-polska-czarno-brazowy-45-cm-4-36x20.jpg 36w, https:\/\/da-resin-art.com\/wp-content\/uploads\/2025\/11\/zegary-da-resin-art-polska-czarno-brazowy-45-cm-4-48x27.jpg 48w, https:\/\/da-resin-art.com\/wp-content\/uploads\/2025\/11\/zegary-da-resin-art-polska-czarno-brazowy-45-cm-4-600x338.jpg 600w, https:\/\/da-resin-art.com\/wp-content\/uploads\/2025\/11\/zegary-da-resin-art-polska-czarno-brazowy-45-cm-4-89x50.jpg 89w, https:\/\/da-resin-art.com\/wp-content\/uploads\/2025\/11\/zegary-da-resin-art-polska-czarno-brazowy-45-cm-4.jpg 1920w\" sizes=\"(max-width: 1024px) 100vw, 1024px\" \/>\t\t\t\t\t\t\t\t\t\t\t\t\t\t\t<\/div>\n\t\t\t\t<\/div>\n\t\t\t\t\t<\/div>\n\t\t<\/div>\n\t\t\t\t\t<\/div>\n\t\t<\/section>\n\t\t\t\t<section class=\"elementor-section elementor-top-section elementor-element elementor-element-4e326855 elementor-section-boxed elementor-section-height-default elementor-section-height-default\" data-id=\"4e326855\" data-element_type=\"section\">\n\t\t\t\t\t\t<div class=\"elementor-container elementor-column-gap-default\">\n\t\t\t\t\t<div class=\"elementor-column elementor-col-100 elementor-top-column elementor-element elementor-element-42c485c1\" data-id=\"42c485c1\" data-element_type=\"column\">\n\t\t\t<div class=\"elementor-widget-wrap elementor-element-populated\">\n\t\t\t\t\t\t<div class=\"elementor-element elementor-element-67d3cb9 elementor-widget elementor-widget-text-editor\" data-id=\"67d3cb9\" data-element_type=\"widget\" data-widget_type=\"text-editor.default\">\n\t\t\t\t<div class=\"elementor-widget-container\">\n\t\t\t\t\t\t\t\t\t<p>\ud83d\udda4 \u015arednica 45 cm.<\/p><p>\ud83d\udda4Baza &#8211; MDF.<\/p><p>\ud83d\udda4 Zegar \u015bcienny &#8220;Z\u0142oto i br\u0105z na czarnym&#8221; &#8211; wz\u00f3r wykonany z \u017cywicy epoksydowej.<\/p><p>\ud83d\udda4 Cichy mechanizm zegara.\u00a0<\/p>\t\t\t\t\t\t\t\t<\/div>\n\t\t\t\t<\/div>\n\t\t\t\t\t<\/div>\n\t\t<\/div>\n\t\t\t\t\t<\/div>\n\t\t<\/section>\n\t\t\t\t<section class=\"elementor-section elementor-top-section elementor-element elementor-element-1705c5e elementor-section-boxed elementor-section-height-default elementor-section-height-default\" data-id=\"1705c5e\" data-element_type=\"section\">\n\t\t\t\t\t\t<div class=\"elementor-container elementor-column-gap-default\">\n\t\t\t\t\t<div class=\"elementor-column elementor-col-33 elementor-top-column elementor-element elementor-element-e345a69\" data-id=\"e345a69\" data-element_type=\"column\">\n\t\t\t<div class=\"elementor-widget-wrap elementor-element-populated\">\n\t\t\t\t\t\t<div class=\"elementor-element elementor-element-d042564 elementor-widget elementor-widget-video\" data-id=\"d042564\" data-element_type=\"widget\" data-settings=\"{&quot;youtube_url&quot;:&quot;https:\\\/\\\/youtube.com\\\/watch?v=5MJQhBetre8&quot;,&quot;video_type&quot;:&quot;youtube&quot;,&quot;controls&quot;:&quot;yes&quot;}\" data-widget_type=\"video.default\">\n\t\t\t\t<div class=\"elementor-widget-container\">\n\t\t\t\t\t\t\t<div class=\"elementor-wrapper elementor-open-inline\">\n\t\t\t<div class=\"elementor-video\"><\/div>\t\t<\/div>\n\t\t\t\t\t\t<\/div>\n\t\t\t\t<\/div>\n\t\t\t\t\t<\/div>\n\t\t<\/div>\n\t\t\t\t<div class=\"elementor-column elementor-col-33 elementor-top-column elementor-element elementor-element-d6da29c\" data-id=\"d6da29c\" data-element_type=\"column\">\n\t\t\t<div class=\"elementor-widget-wrap elementor-element-populated\">\n\t\t\t\t\t\t<div class=\"elementor-element elementor-element-65de88c elementor-widget elementor-widget-image\" data-id=\"65de88c\" data-element_type=\"widget\" data-widget_type=\"image.default\">\n\t\t\t\t<div class=\"elementor-widget-container\">\n\t\t\t\t\t\t\t\t\t\t\t\t\t\t\t<img decoding=\"async\" width=\"576\" height=\"1024\" src=\"https:\/\/da-resin-art.com\/wp-content\/uploads\/2025\/11\/zegary-da-resin-art-polska-czarno-brazowy-45-cm-7-576x1024.jpg\" class=\"attachment-large size-large wp-image-3770\" alt=\"Zegar \u015bcienny z \u017cywicy Z\u0142oto br\u0105z na czarnym\" srcset=\"https:\/\/da-resin-art.com\/wp-content\/uploads\/2025\/11\/zegary-da-resin-art-polska-czarno-brazowy-45-cm-7-576x1024.jpg 576w, https:\/\/da-resin-art.com\/wp-content\/uploads\/2025\/11\/zegary-da-resin-art-polska-czarno-brazowy-45-cm-7-169x300.jpg 169w, https:\/\/da-resin-art.com\/wp-content\/uploads\/2025\/11\/zegary-da-resin-art-polska-czarno-brazowy-45-cm-7-768x1365.jpg 768w, https:\/\/da-resin-art.com\/wp-content\/uploads\/2025\/11\/zegary-da-resin-art-polska-czarno-brazowy-45-cm-7-864x1536.jpg 864w, https:\/\/da-resin-art.com\/wp-content\/uploads\/2025\/11\/zegary-da-resin-art-polska-czarno-brazowy-45-cm-7-14x24.jpg 14w, https:\/\/da-resin-art.com\/wp-content\/uploads\/2025\/11\/zegary-da-resin-art-polska-czarno-brazowy-45-cm-7-20x36.jpg 20w, https:\/\/da-resin-art.com\/wp-content\/uploads\/2025\/11\/zegary-da-resin-art-polska-czarno-brazowy-45-cm-7-27x48.jpg 27w, https:\/\/da-resin-art.com\/wp-content\/uploads\/2025\/11\/zegary-da-resin-art-polska-czarno-brazowy-45-cm-7-600x1067.jpg 600w, https:\/\/da-resin-art.com\/wp-content\/uploads\/2025\/11\/zegary-da-resin-art-polska-czarno-brazowy-45-cm-7-28x50.jpg 28w, https:\/\/da-resin-art.com\/wp-content\/uploads\/2025\/11\/zegary-da-resin-art-polska-czarno-brazowy-45-cm-7.jpg 1080w\" sizes=\"(max-width: 576px) 100vw, 576px\" \/>\t\t\t\t\t\t\t\t\t\t\t\t\t\t\t<\/div>\n\t\t\t\t<\/div>\n\t\t\t\t\t<\/div>\n\t\t<\/div>\n\t\t\t\t<div class=\"elementor-column elementor-col-33 elementor-top-column elementor-element elementor-element-f8aab89\" data-id=\"f8aab89\" data-element_type=\"column\">\n\t\t\t<div class=\"elementor-widget-wrap elementor-element-populated\">\n\t\t\t\t\t\t<div class=\"elementor-element elementor-element-d89be88 elementor-widget elementor-widget-image\" data-id=\"d89be88\" data-element_type=\"widget\" data-widget_type=\"image.default\">\n\t\t\t\t<div class=\"elementor-widget-container\">\n\t\t\t\t\t\t\t\t\t\t\t\t\t\t\t<img decoding=\"async\" width=\"575\" height=\"1024\" src=\"https:\/\/da-resin-art.com\/wp-content\/uploads\/2025\/11\/zegary-da-resin-art-polska-czarno-brazowy-45-cm-8-575x1024.jpg\" class=\"attachment-large size-large wp-image-3773\" alt=\"Zegar \u015bcienny z \u017cywicy Z\u0142oto br\u0105z na czarnym\" srcset=\"https:\/\/da-resin-art.com\/wp-content\/uploads\/2025\/11\/zegary-da-resin-art-polska-czarno-brazowy-45-cm-8-575x1024.jpg 575w, https:\/\/da-resin-art.com\/wp-content\/uploads\/2025\/11\/zegary-da-resin-art-polska-czarno-brazowy-45-cm-8-169x300.jpg 169w, https:\/\/da-resin-art.com\/wp-content\/uploads\/2025\/11\/zegary-da-resin-art-polska-czarno-brazowy-45-cm-8-768x1367.jpg 768w, https:\/\/da-resin-art.com\/wp-content\/uploads\/2025\/11\/zegary-da-resin-art-polska-czarno-brazowy-45-cm-8-863x1536.jpg 863w, https:\/\/da-resin-art.com\/wp-content\/uploads\/2025\/11\/zegary-da-resin-art-polska-czarno-brazowy-45-cm-8-13x24.jpg 13w, https:\/\/da-resin-art.com\/wp-content\/uploads\/2025\/11\/zegary-da-resin-art-polska-czarno-brazowy-45-cm-8-20x36.jpg 20w, https:\/\/da-resin-art.com\/wp-content\/uploads\/2025\/11\/zegary-da-resin-art-polska-czarno-brazowy-45-cm-8-27x48.jpg 27w, https:\/\/da-resin-art.com\/wp-content\/uploads\/2025\/11\/zegary-da-resin-art-polska-czarno-brazowy-45-cm-8-600x1068.jpg 600w, https:\/\/da-resin-art.com\/wp-content\/uploads\/2025\/11\/zegary-da-resin-art-polska-czarno-brazowy-45-cm-8-28x50.jpg 28w, https:\/\/da-resin-art.com\/wp-content\/uploads\/2025\/11\/zegary-da-resin-art-polska-czarno-brazowy-45-cm-8.jpg 1079w\" sizes=\"(max-width: 575px) 100vw, 575px\" \/>\t\t\t\t\t\t\t\t\t\t\t\t\t\t\t<\/div>\n\t\t\t\t<\/div>\n\t\t\t\t\t<\/div>\n\t\t<\/div>\n\t\t\t\t\t<\/div>\n\t\t<\/section>\n\t\t\t\t<section class=\"elementor-section elementor-top-section elementor-element elementor-element-de9aa7f elementor-section-boxed elementor-section-height-default elementor-section-height-default\" data-id=\"de9aa7f\" data-element_type=\"section\">\n\t\t\t\t\t\t<div class=\"elementor-container elementor-column-gap-default\">\n\t\t\t\t\t<div class=\"elementor-column elementor-col-100 elementor-top-column elementor-element elementor-element-a0b9f94\" data-id=\"a0b9f94\" data-element_type=\"column\">\n\t\t\t<div class=\"elementor-widget-wrap elementor-element-populated\">\n\t\t\t\t\t\t<div class=\"elementor-element elementor-element-68b2ab8 elementor-widget elementor-widget-text-editor\" data-id=\"68b2ab8\" data-element_type=\"widget\" data-widget_type=\"text-editor.default\">\n\t\t\t\t<div class=\"elementor-widget-container\">\n\t\t\t\t\t\t\t\t\t<p class=\"\" data-start=\"0\" data-end=\"226\">45 cm. Zegar \u015bcienny <strong data-start=\"21\" data-end=\"50\">&#8220;Z\u0141OTO I BR\u0104Z NA CZARNYM&#8221;<\/strong> \u2013 wz\u00f3r wykonany z \u017cywicy epoksydowej. Z\u0142ote i br\u0105zowe akcenty na czarnym tle. <strong data-start=\"129\" data-end=\"165\">Z\u0142ote rzymskie cyfry i wskaz\u00f3wki<\/strong> z lustrzanego plexi. Cichy mechanizm zegara. <strong data-start=\"211\" data-end=\"226\">R\u0119kodzie\u0142o.<\/strong><\/p><ul data-start=\"228\" data-end=\"748\" data-is-last-node=\"\" data-is-only-node=\"\"><li class=\"\" data-start=\"228\" data-end=\"366\"><p class=\"\" data-start=\"230\" data-end=\"366\">Zegar \u015bcienny <strong data-start=\"244\" data-end=\"273\">&#8220;Z\u0141OTO I BR\u0104Z NA CZARNYM&#8221;<\/strong> to wyrafinowane po\u0142\u0105czenie g\u0142\u0119bokiej czerni z ciep\u0142ymi, metalicznymi tonami z\u0142ota i br\u0105zu.<\/p><\/li><li class=\"\" data-start=\"367\" data-end=\"464\"><p class=\"\" data-start=\"369\" data-end=\"464\"><strong data-start=\"369\" data-end=\"416\">Lustrzane, z\u0142ote rzymskie cyfry i wskaz\u00f3wki<\/strong> dodaj\u0105 mu elegancji i luksusowego charakteru.<\/p><\/li><li class=\"\" data-start=\"465\" data-end=\"549\"><p class=\"\" data-start=\"467\" data-end=\"549\">Ka\u017cdy egzemplarz to <strong data-start=\"487\" data-end=\"511\">unikatowe r\u0119kodzie\u0142o<\/strong>, w kt\u00f3rym ka\u017cdy detal ma znaczenie.<\/p><\/li><li class=\"\" data-start=\"550\" data-end=\"644\"><p class=\"\" data-start=\"552\" data-end=\"644\"><strong data-start=\"552\" data-end=\"571\">Cichy mechanizm<\/strong> zapewnia dyskretn\u0105 obecno\u015b\u0107 w ka\u017cdej przestrzeni \u2013 od salonu po biuro.<\/p><\/li><li class=\"\" data-start=\"645\" data-end=\"748\"><p class=\"\" data-start=\"647\" data-end=\"748\">Wybierz styl, kt\u00f3ry nie potrzebuje s\u0142\u00f3w \u2013 zegar <strong data-start=\"695\" data-end=\"724\">&#8220;Z\u0141OTO I BR\u0104Z NA CZARNYM&#8221;<\/strong> m\u00f3wi sam za siebie. \ud83d\udda4\u2728<\/p><\/li><\/ul>\t\t\t\t\t\t\t\t<\/div>\n\t\t\t\t<\/div>\n\t\t\t\t\t<\/div>\n\t\t<\/div>\n\t\t\t\t\t<\/div>\n\t\t<\/section>\n\t\t\t\t<section class=\"elementor-section elementor-top-section elementor-element elementor-element-e6cc6e8 elementor-section-boxed elementor-section-height-default elementor-section-height-default\" data-id=\"e6cc6e8\" data-element_type=\"section\">\n\t\t\t\t\t\t<div class=\"elementor-container elementor-column-gap-default\">\n\t\t\t\t\t<div class=\"elementor-column elementor-col-33 elementor-top-column elementor-element elementor-element-ca6c748\" data-id=\"ca6c748\" data-element_type=\"column\">\n\t\t\t<div class=\"elementor-widget-wrap elementor-element-populated\">\n\t\t\t\t\t\t<div class=\"elementor-element elementor-element-f8a13bc elementor-widget elementor-widget-image\" data-id=\"f8a13bc\" data-element_type=\"widget\" data-widget_type=\"image.default\">\n\t\t\t\t<div class=\"elementor-widget-container\">\n\t\t\t\t\t\t\t\t\t\t\t\t\t\t\t<img loading=\"lazy\" decoding=\"async\" width=\"576\" height=\"1024\" src=\"https:\/\/da-resin-art.com\/wp-content\/uploads\/2025\/11\/zegary-da-resin-art-polska-czarno-brazowy-45-cm-5-576x1024.jpg\" class=\"attachment-large size-large wp-image-3767\" alt=\"Zegar \u015bcienny z \u017cywicy Z\u0142oto br\u0105z na czarnym\" srcset=\"https:\/\/da-resin-art.com\/wp-content\/uploads\/2025\/11\/zegary-da-resin-art-polska-czarno-brazowy-45-cm-5-576x1024.jpg 576w, https:\/\/da-resin-art.com\/wp-content\/uploads\/2025\/11\/zegary-da-resin-art-polska-czarno-brazowy-45-cm-5-169x300.jpg 169w, https:\/\/da-resin-art.com\/wp-content\/uploads\/2025\/11\/zegary-da-resin-art-polska-czarno-brazowy-45-cm-5-768x1365.jpg 768w, https:\/\/da-resin-art.com\/wp-content\/uploads\/2025\/11\/zegary-da-resin-art-polska-czarno-brazowy-45-cm-5-864x1536.jpg 864w, https:\/\/da-resin-art.com\/wp-content\/uploads\/2025\/11\/zegary-da-resin-art-polska-czarno-brazowy-45-cm-5-14x24.jpg 14w, https:\/\/da-resin-art.com\/wp-content\/uploads\/2025\/11\/zegary-da-resin-art-polska-czarno-brazowy-45-cm-5-20x36.jpg 20w, https:\/\/da-resin-art.com\/wp-content\/uploads\/2025\/11\/zegary-da-resin-art-polska-czarno-brazowy-45-cm-5-27x48.jpg 27w, https:\/\/da-resin-art.com\/wp-content\/uploads\/2025\/11\/zegary-da-resin-art-polska-czarno-brazowy-45-cm-5-600x1067.jpg 600w, https:\/\/da-resin-art.com\/wp-content\/uploads\/2025\/11\/zegary-da-resin-art-polska-czarno-brazowy-45-cm-5-28x50.jpg 28w, https:\/\/da-resin-art.com\/wp-content\/uploads\/2025\/11\/zegary-da-resin-art-polska-czarno-brazowy-45-cm-5.jpg 1080w\" sizes=\"(max-width: 576px) 100vw, 576px\" \/>\t\t\t\t\t\t\t\t\t\t\t\t\t\t\t<\/div>\n\t\t\t\t<\/div>\n\t\t\t\t\t<\/div>\n\t\t<\/div>\n\t\t\t\t<div class=\"elementor-column elementor-col-33 elementor-top-column elementor-element elementor-element-2d77b49\" data-id=\"2d77b49\" data-element_type=\"column\">\n\t\t\t<div class=\"elementor-widget-wrap elementor-element-populated\">\n\t\t\t\t\t\t<div class=\"elementor-element elementor-element-ebc2c3f elementor-widget elementor-widget-image\" data-id=\"ebc2c3f\" data-element_type=\"widget\" data-widget_type=\"image.default\">\n\t\t\t\t<div class=\"elementor-widget-container\">\n\t\t\t\t\t\t\t\t\t\t\t\t\t\t\t<img loading=\"lazy\" decoding=\"async\" width=\"576\" height=\"1024\" src=\"https:\/\/da-resin-art.com\/wp-content\/uploads\/2025\/11\/zegary-da-resin-art-polska-czarno-brazowy-45-cm-2-576x1024.jpg\" class=\"attachment-large size-large wp-image-3758\" alt=\"Zegar \u015bcienny z \u017cywicy Z\u0142oto br\u0105z na czarnym\" srcset=\"https:\/\/da-resin-art.com\/wp-content\/uploads\/2025\/11\/zegary-da-resin-art-polska-czarno-brazowy-45-cm-2-576x1024.jpg 576w, https:\/\/da-resin-art.com\/wp-content\/uploads\/2025\/11\/zegary-da-resin-art-polska-czarno-brazowy-45-cm-2-169x300.jpg 169w, https:\/\/da-resin-art.com\/wp-content\/uploads\/2025\/11\/zegary-da-resin-art-polska-czarno-brazowy-45-cm-2-768x1365.jpg 768w, https:\/\/da-resin-art.com\/wp-content\/uploads\/2025\/11\/zegary-da-resin-art-polska-czarno-brazowy-45-cm-2-864x1536.jpg 864w, https:\/\/da-resin-art.com\/wp-content\/uploads\/2025\/11\/zegary-da-resin-art-polska-czarno-brazowy-45-cm-2-14x24.jpg 14w, https:\/\/da-resin-art.com\/wp-content\/uploads\/2025\/11\/zegary-da-resin-art-polska-czarno-brazowy-45-cm-2-20x36.jpg 20w, https:\/\/da-resin-art.com\/wp-content\/uploads\/2025\/11\/zegary-da-resin-art-polska-czarno-brazowy-45-cm-2-27x48.jpg 27w, https:\/\/da-resin-art.com\/wp-content\/uploads\/2025\/11\/zegary-da-resin-art-polska-czarno-brazowy-45-cm-2-600x1067.jpg 600w, https:\/\/da-resin-art.com\/wp-content\/uploads\/2025\/11\/zegary-da-resin-art-polska-czarno-brazowy-45-cm-2-28x50.jpg 28w, https:\/\/da-resin-art.com\/wp-content\/uploads\/2025\/11\/zegary-da-resin-art-polska-czarno-brazowy-45-cm-2.jpg 1080w\" sizes=\"(max-width: 576px) 100vw, 576px\" \/>\t\t\t\t\t\t\t\t\t\t\t\t\t\t\t<\/div>\n\t\t\t\t<\/div>\n\t\t\t\t\t<\/div>\n\t\t<\/div>\n\t\t\t\t<div class=\"elementor-column elementor-col-33 elementor-top-column elementor-element elementor-element-d167be2\" data-id=\"d167be2\" data-element_type=\"column\">\n\t\t\t<div class=\"elementor-widget-wrap elementor-element-populated\">\n\t\t\t\t\t\t<div class=\"elementor-element elementor-element-f797468 elementor-widget elementor-widget-image\" data-id=\"f797468\" data-element_type=\"widget\" data-widget_type=\"image.default\">\n\t\t\t\t<div class=\"elementor-widget-container\">\n\t\t\t\t\t\t\t\t\t\t\t\t\t\t\t<img loading=\"lazy\" decoding=\"async\" width=\"576\" height=\"1024\" src=\"https:\/\/da-resin-art.com\/wp-content\/uploads\/2025\/11\/zegary-da-resin-art-polska-czarno-brazowy-45-cm-3-576x1024.jpg\" class=\"attachment-large size-large wp-image-3761\" alt=\"Zegar \u015bcienny z \u017cywicy Z\u0142oto br\u0105z na czarnym\" srcset=\"https:\/\/da-resin-art.com\/wp-content\/uploads\/2025\/11\/zegary-da-resin-art-polska-czarno-brazowy-45-cm-3-576x1024.jpg 576w, https:\/\/da-resin-art.com\/wp-content\/uploads\/2025\/11\/zegary-da-resin-art-polska-czarno-brazowy-45-cm-3-169x300.jpg 169w, https:\/\/da-resin-art.com\/wp-content\/uploads\/2025\/11\/zegary-da-resin-art-polska-czarno-brazowy-45-cm-3-768x1365.jpg 768w, https:\/\/da-resin-art.com\/wp-content\/uploads\/2025\/11\/zegary-da-resin-art-polska-czarno-brazowy-45-cm-3-864x1536.jpg 864w, https:\/\/da-resin-art.com\/wp-content\/uploads\/2025\/11\/zegary-da-resin-art-polska-czarno-brazowy-45-cm-3-14x24.jpg 14w, https:\/\/da-resin-art.com\/wp-content\/uploads\/2025\/11\/zegary-da-resin-art-polska-czarno-brazowy-45-cm-3-20x36.jpg 20w, https:\/\/da-resin-art.com\/wp-content\/uploads\/2025\/11\/zegary-da-resin-art-polska-czarno-brazowy-45-cm-3-27x48.jpg 27w, https:\/\/da-resin-art.com\/wp-content\/uploads\/2025\/11\/zegary-da-resin-art-polska-czarno-brazowy-45-cm-3-600x1067.jpg 600w, https:\/\/da-resin-art.com\/wp-content\/uploads\/2025\/11\/zegary-da-resin-art-polska-czarno-brazowy-45-cm-3-28x50.jpg 28w, https:\/\/da-resin-art.com\/wp-content\/uploads\/2025\/11\/zegary-da-resin-art-polska-czarno-brazowy-45-cm-3.jpg 1080w\" sizes=\"(max-width: 576px) 100vw, 576px\" \/>\t\t\t\t\t\t\t\t\t\t\t\t\t\t\t<\/div>\n\t\t\t\t<\/div>\n\t\t\t\t\t<\/div>\n\t\t<\/div>\n\t\t\t\t\t<\/div>\n\t\t<\/section>\n\t\t\t\t<\/div>\n\t\t","protected":false},"excerpt":{"rendered":"<p class=\"\" data-start=\"0\" data-end=\"230\">\u2705\ufe0f <strong data-start=\"3\" data-end=\"22\">\u015arednica: 45 cm<\/strong><br data-start=\"22\" data-end=\"25\" \/>\u2705\ufe0f <strong data-start=\"28\" data-end=\"54\">Cichy mechanizm zegara<\/strong><br data-start=\"54\" data-end=\"57\" \/>\u2705\ufe0f <strong data-start=\"60\" data-end=\"112\">Czarne t\u0142o z eleganckimi z\u0142oto-br\u0105zowymi wzorami<\/strong><br data-start=\"112\" data-end=\"115\" \/>\u2705\ufe0f <strong data-start=\"118\" data-end=\"174\">Z\u0142ote rzymskie cyfry i wskaz\u00f3wki z lustrzanego plexi<\/strong><br data-start=\"174\" data-end=\"177\" \/>\u2705\ufe0f <strong data-start=\"180\" data-end=\"226\">Wykonanie: r\u0119kodzie\u0142o z \u017cywicy epoksydowej<\/strong> \u2728<\/p>\n<p class=\"\" data-start=\"232\" data-end=\"572\">Zegar \u015bcienny <strong data-start=\"246\" data-end=\"275\">\u201eZ\u0142oto i br\u0105z na czarnym\u201d<\/strong> to r\u0119cznie wykonany, wyrazisty akcent do wn\u0119trz z charakterem.<br data-start=\"338\" data-end=\"341\" \/>Po\u0142\u0105czenie <strong data-start=\"352\" data-end=\"373\">klasycznej czerni<\/strong>, <strong data-start=\"375\" data-end=\"417\">szlachetnych z\u0142otych i br\u0105zowych ton\u00f3w<\/strong> oraz <strong data-start=\"423\" data-end=\"443\">lustrzanych cyfr<\/strong> tworzy kompozycj\u0119 pe\u0142n\u0105 g\u0142\u0119bi i stylu.<br data-start=\"482\" data-end=\"485\" \/><strong data-start=\"485\" data-end=\"504\">Cichy mechanizm<\/strong> zapewnia komfort, a ka\u017cdy detal \u015bwiadczy o unikalno\u015bci rzemios\u0142a.<\/p>\n<p class=\"\" data-start=\"574\" data-end=\"634\">Dla tych, kt\u00f3rzy kochaj\u0105 po\u0142\u0105czenie elegancji i artyzmu. \u23f3\ud83d\udd25<\/p>\n","protected":false},"featured_media":3752,"template":"","meta":{"_acf_changed":false,"_kadence_starter_templates_imported_post":false,"_kad_post_transparent":"default","_kad_post_title":"","_kad_post_layout":"default","_kad_post_sidebar_id":"","_kad_post_content_style":"default","_kad_post_vertical_padding":"default","_kad_post_feature":"","_kad_post_feature_position":"","_kad_post_header":false,"_kad_post_footer":false},"product_brand":[],"product_cat":[18],"product_tag":[38,29],"class_list":{"0":"post-3751","1":"product","2":"type-product","3":"status-publish","4":"has-post-thumbnail","6":"product_cat-galeria","7":"product_tag-sprzedany","8":"product_tag-wszystko","10":"first","11":"outofstock","12":"shipping-taxable","13":"purchasable","14":"product-type-simple","15":"entry","16":"content-bg","17":"loop-entry"},"acf":[],"_links":{"self":[{"href":"https:\/\/da-resin-art.com\/en\/wp-json\/wp\/v2\/product\/3751","targetHints":{"allow":["GET"]}}],"collection":[{"href":"https:\/\/da-resin-art.com\/en\/wp-json\/wp\/v2\/product"}],"about":[{"href":"https:\/\/da-resin-art.com\/en\/wp-json\/wp\/v2\/types\/product"}],"version-history":[{"count":6,"href":"https:\/\/da-resin-art.com\/en\/wp-json\/wp\/v2\/product\/3751\/revisions"}],"predecessor-version":[{"id":4202,"href":"https:\/\/da-resin-art.com\/en\/wp-json\/wp\/v2\/product\/3751\/revisions\/4202"}],"wp:featuredmedia":[{"embeddable":true,"href":"https:\/\/da-resin-art.com\/en\/wp-json\/wp\/v2\/media\/3752"}],"wp:attachment":[{"href":"https:\/\/da-resin-art.com\/en\/wp-json\/wp\/v2\/media?parent=3751"}],"wp:term":[{"taxonomy":"product_brand","embeddable":true,"href":"https:\/\/da-resin-art.com\/en\/wp-json\/wp\/v2\/product_brand?post=3751"},{"taxonomy":"product_cat","embeddable":true,"href":"https:\/\/da-resin-art.com\/en\/wp-json\/wp\/v2\/product_cat?post=3751"},{"taxonomy":"product_tag","embeddable":true,"href":"https:\/\/da-resin-art.com\/en\/wp-json\/wp\/v2\/product_tag?post=3751"}],"curies":[{"name":"wp","href":"https:\/\/api.w.org\/{rel}","templated":true}]}}