{"id":3925,"date":"2026-01-08T15:51:36","date_gmt":"2026-01-08T14:51:36","guid":{"rendered":"https:\/\/da-resin-art.com\/?post_type=product&#038;p=3925"},"modified":"2026-02-10T18:50:32","modified_gmt":"2026-02-10T17:50:32","slug":"zegar-scienny-srebrno-niebieski-marmur-40-cm","status":"publish","type":"product","link":"https:\/\/da-resin-art.com\/en\/produkt\/zegar-scienny-srebrno-niebieski-marmur-40-cm\/","title":{"rendered":"Zegar \u015bcienny 40 cm &#8220;Srebrno niebieski marmur&#8221;"},"content":{"rendered":"\t\t<div data-elementor-type=\"product-post\" data-elementor-id=\"3925\" class=\"elementor elementor-3925\" data-elementor-post-type=\"product\">\n\t\t\t\t\t\t<section class=\"elementor-section elementor-top-section elementor-element elementor-element-1c05077 elementor-section-boxed elementor-section-height-default elementor-section-height-default\" data-id=\"1c05077\" data-element_type=\"section\">\n\t\t\t\t\t\t<div class=\"elementor-container elementor-column-gap-default\">\n\t\t\t\t\t<div class=\"elementor-column elementor-col-100 elementor-top-column elementor-element elementor-element-18dc669\" data-id=\"18dc669\" data-element_type=\"column\">\n\t\t\t<div class=\"elementor-widget-wrap elementor-element-populated\">\n\t\t\t\t\t\t<div class=\"elementor-element elementor-element-0aadb0f elementor-widget elementor-widget-image\" data-id=\"0aadb0f\" data-element_type=\"widget\" data-widget_type=\"image.default\">\n\t\t\t\t<div class=\"elementor-widget-container\">\n\t\t\t\t\t\t\t\t\t\t\t\t\t\t\t<img fetchpriority=\"high\" decoding=\"async\" width=\"1024\" height=\"576\" src=\"https:\/\/da-resin-art.com\/wp-content\/uploads\/2026\/01\/zegary-da-resin-art-szaro-niebieski-40-cm-3-1024x576.jpg\" class=\"attachment-large size-large wp-image-3932\" alt=\"zegar \u015bcienny srebrno niebieski marmur\" srcset=\"https:\/\/da-resin-art.com\/wp-content\/uploads\/2026\/01\/zegary-da-resin-art-szaro-niebieski-40-cm-3-1024x576.jpg 1024w, https:\/\/da-resin-art.com\/wp-content\/uploads\/2026\/01\/zegary-da-resin-art-szaro-niebieski-40-cm-3-300x169.jpg 300w, https:\/\/da-resin-art.com\/wp-content\/uploads\/2026\/01\/zegary-da-resin-art-szaro-niebieski-40-cm-3-768x432.jpg 768w, https:\/\/da-resin-art.com\/wp-content\/uploads\/2026\/01\/zegary-da-resin-art-szaro-niebieski-40-cm-3-1536x864.jpg 1536w, https:\/\/da-resin-art.com\/wp-content\/uploads\/2026\/01\/zegary-da-resin-art-szaro-niebieski-40-cm-3-24x14.jpg 24w, https:\/\/da-resin-art.com\/wp-content\/uploads\/2026\/01\/zegary-da-resin-art-szaro-niebieski-40-cm-3-36x20.jpg 36w, https:\/\/da-resin-art.com\/wp-content\/uploads\/2026\/01\/zegary-da-resin-art-szaro-niebieski-40-cm-3-48x27.jpg 48w, https:\/\/da-resin-art.com\/wp-content\/uploads\/2026\/01\/zegary-da-resin-art-szaro-niebieski-40-cm-3-600x338.jpg 600w, https:\/\/da-resin-art.com\/wp-content\/uploads\/2026\/01\/zegary-da-resin-art-szaro-niebieski-40-cm-3-89x50.jpg 89w, https:\/\/da-resin-art.com\/wp-content\/uploads\/2026\/01\/zegary-da-resin-art-szaro-niebieski-40-cm-3.jpg 1920w\" sizes=\"(max-width: 1024px) 100vw, 1024px\" \/>\t\t\t\t\t\t\t\t\t\t\t\t\t\t\t<\/div>\n\t\t\t\t<\/div>\n\t\t\t\t\t<\/div>\n\t\t<\/div>\n\t\t\t\t\t<\/div>\n\t\t<\/section>\n\t\t\t\t<section class=\"elementor-section elementor-top-section elementor-element elementor-element-4e326855 elementor-section-boxed elementor-section-height-default elementor-section-height-default\" data-id=\"4e326855\" data-element_type=\"section\">\n\t\t\t\t\t\t<div class=\"elementor-container elementor-column-gap-default\">\n\t\t\t\t\t<div class=\"elementor-column elementor-col-100 elementor-top-column elementor-element elementor-element-42c485c1\" data-id=\"42c485c1\" data-element_type=\"column\">\n\t\t\t<div class=\"elementor-widget-wrap elementor-element-populated\">\n\t\t\t\t\t\t<div class=\"elementor-element elementor-element-67d3cb9 elementor-widget elementor-widget-text-editor\" data-id=\"67d3cb9\" data-element_type=\"widget\" data-widget_type=\"text-editor.default\">\n\t\t\t\t<div class=\"elementor-widget-container\">\n\t\t\t\t\t\t\t\t\t<p><strong data-start=\"628\" data-end=\"648\">&#8220;Srebrno niebieski marmur&#8221;<\/strong> to wi\u0119cej ni\u017c zegar \u2013 to dekoracyjny element, kt\u00f3ry \u0142\u0105czy w sobie luksus, subtelno\u015b\u0107 i nowoczesno\u015b\u0107. Cichy p\u0142yn\u0105cy mechanizm zapewnia komfort u\u017cytkowania, czyni\u0105c zegar stylowym i funkcjonalnym dodatkiem do ka\u017cdej przestrzeni.<\/p>\t\t\t\t\t\t\t\t<\/div>\n\t\t\t\t<\/div>\n\t\t\t\t\t<\/div>\n\t\t<\/div>\n\t\t\t\t\t<\/div>\n\t\t<\/section>\n\t\t\t\t<section class=\"elementor-section elementor-top-section elementor-element elementor-element-1705c5e elementor-section-boxed elementor-section-height-default elementor-section-height-default\" data-id=\"1705c5e\" data-element_type=\"section\">\n\t\t\t\t\t\t<div class=\"elementor-container elementor-column-gap-default\">\n\t\t\t\t\t<div class=\"elementor-column elementor-col-33 elementor-top-column elementor-element elementor-element-e345a69\" data-id=\"e345a69\" data-element_type=\"column\">\n\t\t\t<div class=\"elementor-widget-wrap elementor-element-populated\">\n\t\t\t\t\t\t<div class=\"elementor-element elementor-element-d042564 elementor-widget elementor-widget-video\" data-id=\"d042564\" data-element_type=\"widget\" data-settings=\"{&quot;youtube_url&quot;:&quot;https:\\\/\\\/youtube.com\\\/watch?v=Bwbz_5Tv-qc&quot;,&quot;video_type&quot;:&quot;youtube&quot;,&quot;controls&quot;:&quot;yes&quot;}\" data-widget_type=\"video.default\">\n\t\t\t\t<div class=\"elementor-widget-container\">\n\t\t\t\t\t\t\t<div class=\"elementor-wrapper elementor-open-inline\">\n\t\t\t<div class=\"elementor-video\"><\/div>\t\t<\/div>\n\t\t\t\t\t\t<\/div>\n\t\t\t\t<\/div>\n\t\t\t\t\t<\/div>\n\t\t<\/div>\n\t\t\t\t<div class=\"elementor-column elementor-col-33 elementor-top-column elementor-element elementor-element-d6da29c\" data-id=\"d6da29c\" data-element_type=\"column\">\n\t\t\t<div class=\"elementor-widget-wrap elementor-element-populated\">\n\t\t\t\t\t\t<div class=\"elementor-element elementor-element-65de88c elementor-widget elementor-widget-image\" data-id=\"65de88c\" data-element_type=\"widget\" data-widget_type=\"image.default\">\n\t\t\t\t<div class=\"elementor-widget-container\">\n\t\t\t\t\t\t\t\t\t\t\t\t\t\t\t<img decoding=\"async\" width=\"576\" height=\"1024\" src=\"https:\/\/da-resin-art.com\/wp-content\/uploads\/2026\/01\/zegary-da-resin-art-szaro-niebieski-40-cm-5-576x1024.jpg\" class=\"attachment-large size-large wp-image-3938\" alt=\"zegar \u015bcienny srebrno niebieski marmur\" srcset=\"https:\/\/da-resin-art.com\/wp-content\/uploads\/2026\/01\/zegary-da-resin-art-szaro-niebieski-40-cm-5-576x1024.jpg 576w, https:\/\/da-resin-art.com\/wp-content\/uploads\/2026\/01\/zegary-da-resin-art-szaro-niebieski-40-cm-5-169x300.jpg 169w, https:\/\/da-resin-art.com\/wp-content\/uploads\/2026\/01\/zegary-da-resin-art-szaro-niebieski-40-cm-5-768x1365.jpg 768w, https:\/\/da-resin-art.com\/wp-content\/uploads\/2026\/01\/zegary-da-resin-art-szaro-niebieski-40-cm-5-864x1536.jpg 864w, https:\/\/da-resin-art.com\/wp-content\/uploads\/2026\/01\/zegary-da-resin-art-szaro-niebieski-40-cm-5-14x24.jpg 14w, https:\/\/da-resin-art.com\/wp-content\/uploads\/2026\/01\/zegary-da-resin-art-szaro-niebieski-40-cm-5-20x36.jpg 20w, https:\/\/da-resin-art.com\/wp-content\/uploads\/2026\/01\/zegary-da-resin-art-szaro-niebieski-40-cm-5-27x48.jpg 27w, https:\/\/da-resin-art.com\/wp-content\/uploads\/2026\/01\/zegary-da-resin-art-szaro-niebieski-40-cm-5-600x1067.jpg 600w, https:\/\/da-resin-art.com\/wp-content\/uploads\/2026\/01\/zegary-da-resin-art-szaro-niebieski-40-cm-5-28x50.jpg 28w, https:\/\/da-resin-art.com\/wp-content\/uploads\/2026\/01\/zegary-da-resin-art-szaro-niebieski-40-cm-5.jpg 1080w\" sizes=\"(max-width: 576px) 100vw, 576px\" \/>\t\t\t\t\t\t\t\t\t\t\t\t\t\t\t<\/div>\n\t\t\t\t<\/div>\n\t\t\t\t\t<\/div>\n\t\t<\/div>\n\t\t\t\t<div class=\"elementor-column elementor-col-33 elementor-top-column elementor-element elementor-element-f8aab89\" data-id=\"f8aab89\" data-element_type=\"column\">\n\t\t\t<div class=\"elementor-widget-wrap elementor-element-populated\">\n\t\t\t\t\t\t<div class=\"elementor-element elementor-element-d89be88 elementor-widget elementor-widget-image\" data-id=\"d89be88\" data-element_type=\"widget\" data-widget_type=\"image.default\">\n\t\t\t\t<div class=\"elementor-widget-container\">\n\t\t\t\t\t\t\t\t\t\t\t\t\t\t\t<img decoding=\"async\" width=\"576\" height=\"1024\" src=\"https:\/\/da-resin-art.com\/wp-content\/uploads\/2026\/01\/zegary-da-resin-art-szaro-niebieski-40-cm-6-576x1024.jpg\" class=\"attachment-large size-large wp-image-3941\" alt=\"zegar \u015bcienny srebrno niebieski marmur\" srcset=\"https:\/\/da-resin-art.com\/wp-content\/uploads\/2026\/01\/zegary-da-resin-art-szaro-niebieski-40-cm-6-576x1024.jpg 576w, https:\/\/da-resin-art.com\/wp-content\/uploads\/2026\/01\/zegary-da-resin-art-szaro-niebieski-40-cm-6-169x300.jpg 169w, https:\/\/da-resin-art.com\/wp-content\/uploads\/2026\/01\/zegary-da-resin-art-szaro-niebieski-40-cm-6-768x1365.jpg 768w, https:\/\/da-resin-art.com\/wp-content\/uploads\/2026\/01\/zegary-da-resin-art-szaro-niebieski-40-cm-6-864x1536.jpg 864w, https:\/\/da-resin-art.com\/wp-content\/uploads\/2026\/01\/zegary-da-resin-art-szaro-niebieski-40-cm-6-14x24.jpg 14w, https:\/\/da-resin-art.com\/wp-content\/uploads\/2026\/01\/zegary-da-resin-art-szaro-niebieski-40-cm-6-20x36.jpg 20w, https:\/\/da-resin-art.com\/wp-content\/uploads\/2026\/01\/zegary-da-resin-art-szaro-niebieski-40-cm-6-27x48.jpg 27w, https:\/\/da-resin-art.com\/wp-content\/uploads\/2026\/01\/zegary-da-resin-art-szaro-niebieski-40-cm-6-600x1067.jpg 600w, https:\/\/da-resin-art.com\/wp-content\/uploads\/2026\/01\/zegary-da-resin-art-szaro-niebieski-40-cm-6-28x50.jpg 28w, https:\/\/da-resin-art.com\/wp-content\/uploads\/2026\/01\/zegary-da-resin-art-szaro-niebieski-40-cm-6.jpg 1080w\" sizes=\"(max-width: 576px) 100vw, 576px\" \/>\t\t\t\t\t\t\t\t\t\t\t\t\t\t\t<\/div>\n\t\t\t\t<\/div>\n\t\t\t\t\t<\/div>\n\t\t<\/div>\n\t\t\t\t\t<\/div>\n\t\t<\/section>\n\t\t\t\t<section class=\"elementor-section elementor-top-section elementor-element elementor-element-de9aa7f elementor-section-boxed elementor-section-height-default elementor-section-height-default\" data-id=\"de9aa7f\" data-element_type=\"section\">\n\t\t\t\t\t\t<div class=\"elementor-container elementor-column-gap-default\">\n\t\t\t\t\t<div class=\"elementor-column elementor-col-100 elementor-top-column elementor-element elementor-element-a0b9f94\" data-id=\"a0b9f94\" data-element_type=\"column\">\n\t\t\t<div class=\"elementor-widget-wrap elementor-element-populated\">\n\t\t\t\t\t\t<div class=\"elementor-element elementor-element-68b2ab8 elementor-widget elementor-widget-text-editor\" data-id=\"68b2ab8\" data-element_type=\"widget\" data-widget_type=\"text-editor.default\">\n\t\t\t\t<div class=\"elementor-widget-container\">\n\t\t\t\t\t\t\t\t\t<h3 data-start=\"0\" data-end=\"74\">Zegar \u015bcienny&nbsp;<strong data-start=\"18\" data-end=\"47\">&#8220;Srebrno niebieski marmur&#8221;<\/strong> \u2013 luksus w ka\u017cdym detalu<\/h3>\n<p data-start=\"81\" data-end=\"323\">Zegar <strong data-start=\"87\" data-end=\"107\">&#8220;Srebrno niebieski marmur&#8221;<\/strong> to prawdziwa pere\u0142ka designu \u2014 po\u0142\u0105czenie elegancji, nowoczesno\u015bci i sztuki w jednym.<\/p>\n<p data-start=\"325\" data-end=\"558\">Bogata inkrustacja naturalnymi kamieniami nadaje mu g\u0142\u0119bi i tr\u00f3jwymiarowego efektu, kt\u00f3ry wygl\u0105da jak ruch \u015bwiat\u0142a zamkni\u0119ty w \u017cywicy.<br data-start=\"459\" data-end=\"462\">Ten zegar nie tylko pokazuje czas \u2014 on <strong data-start=\"501\" data-end=\"523\">zmienia przestrze\u0144<\/strong>, dodaj\u0105c jej charakteru i klasy.<\/p>\n<p>To dekoracja, kt\u00f3ra m\u00f3wi sama za siebie: <strong data-start=\"706\" data-end=\"744\">styl, dusza i ponadczasowe pi\u0119kno.<\/strong><\/p>\t\t\t\t\t\t\t\t<\/div>\n\t\t\t\t<\/div>\n\t\t\t\t\t<\/div>\n\t\t<\/div>\n\t\t\t\t\t<\/div>\n\t\t<\/section>\n\t\t\t\t<section class=\"elementor-section elementor-top-section elementor-element elementor-element-e6cc6e8 elementor-section-boxed elementor-section-height-default elementor-section-height-default\" data-id=\"e6cc6e8\" data-element_type=\"section\">\n\t\t\t\t\t\t<div class=\"elementor-container elementor-column-gap-default\">\n\t\t\t\t\t<div class=\"elementor-column elementor-col-33 elementor-top-column elementor-element elementor-element-ca6c748\" data-id=\"ca6c748\" data-element_type=\"column\">\n\t\t\t<div class=\"elementor-widget-wrap elementor-element-populated\">\n\t\t\t\t\t\t<div class=\"elementor-element elementor-element-f8a13bc elementor-widget elementor-widget-image\" data-id=\"f8a13bc\" data-element_type=\"widget\" data-widget_type=\"image.default\">\n\t\t\t\t<div class=\"elementor-widget-container\">\n\t\t\t\t\t\t\t\t\t\t\t\t\t\t\t<img loading=\"lazy\" decoding=\"async\" width=\"576\" height=\"1024\" src=\"https:\/\/da-resin-art.com\/wp-content\/uploads\/2026\/01\/zegary-da-resin-art-szaro-niebieski-40-cm-4-576x1024.jpg\" class=\"attachment-large size-large wp-image-3935\" alt=\"zegar \u015bcienny srebrno niebieski marmur\" srcset=\"https:\/\/da-resin-art.com\/wp-content\/uploads\/2026\/01\/zegary-da-resin-art-szaro-niebieski-40-cm-4-576x1024.jpg 576w, https:\/\/da-resin-art.com\/wp-content\/uploads\/2026\/01\/zegary-da-resin-art-szaro-niebieski-40-cm-4-169x300.jpg 169w, https:\/\/da-resin-art.com\/wp-content\/uploads\/2026\/01\/zegary-da-resin-art-szaro-niebieski-40-cm-4-768x1365.jpg 768w, https:\/\/da-resin-art.com\/wp-content\/uploads\/2026\/01\/zegary-da-resin-art-szaro-niebieski-40-cm-4-864x1536.jpg 864w, https:\/\/da-resin-art.com\/wp-content\/uploads\/2026\/01\/zegary-da-resin-art-szaro-niebieski-40-cm-4-14x24.jpg 14w, https:\/\/da-resin-art.com\/wp-content\/uploads\/2026\/01\/zegary-da-resin-art-szaro-niebieski-40-cm-4-20x36.jpg 20w, https:\/\/da-resin-art.com\/wp-content\/uploads\/2026\/01\/zegary-da-resin-art-szaro-niebieski-40-cm-4-27x48.jpg 27w, https:\/\/da-resin-art.com\/wp-content\/uploads\/2026\/01\/zegary-da-resin-art-szaro-niebieski-40-cm-4-600x1067.jpg 600w, https:\/\/da-resin-art.com\/wp-content\/uploads\/2026\/01\/zegary-da-resin-art-szaro-niebieski-40-cm-4-28x50.jpg 28w, https:\/\/da-resin-art.com\/wp-content\/uploads\/2026\/01\/zegary-da-resin-art-szaro-niebieski-40-cm-4.jpg 1080w\" sizes=\"(max-width: 576px) 100vw, 576px\" \/>\t\t\t\t\t\t\t\t\t\t\t\t\t\t\t<\/div>\n\t\t\t\t<\/div>\n\t\t\t\t\t<\/div>\n\t\t<\/div>\n\t\t\t\t<div class=\"elementor-column elementor-col-33 elementor-top-column elementor-element elementor-element-2d77b49\" data-id=\"2d77b49\" data-element_type=\"column\">\n\t\t\t<div class=\"elementor-widget-wrap elementor-element-populated\">\n\t\t\t\t\t\t<div class=\"elementor-element elementor-element-ebc2c3f elementor-widget elementor-widget-image\" data-id=\"ebc2c3f\" data-element_type=\"widget\" data-widget_type=\"image.default\">\n\t\t\t\t<div class=\"elementor-widget-container\">\n\t\t\t\t\t\t\t\t\t\t\t\t\t\t\t<img loading=\"lazy\" decoding=\"async\" width=\"576\" height=\"1024\" src=\"https:\/\/da-resin-art.com\/wp-content\/uploads\/2026\/01\/zegary-da-resin-art-szaro-niebieski-40-cm-7-576x1024.jpg\" class=\"attachment-large size-large wp-image-3949\" alt=\"\" srcset=\"https:\/\/da-resin-art.com\/wp-content\/uploads\/2026\/01\/zegary-da-resin-art-szaro-niebieski-40-cm-7-576x1024.jpg 576w, https:\/\/da-resin-art.com\/wp-content\/uploads\/2026\/01\/zegary-da-resin-art-szaro-niebieski-40-cm-7-169x300.jpg 169w, https:\/\/da-resin-art.com\/wp-content\/uploads\/2026\/01\/zegary-da-resin-art-szaro-niebieski-40-cm-7-768x1365.jpg 768w, https:\/\/da-resin-art.com\/wp-content\/uploads\/2026\/01\/zegary-da-resin-art-szaro-niebieski-40-cm-7-864x1536.jpg 864w, https:\/\/da-resin-art.com\/wp-content\/uploads\/2026\/01\/zegary-da-resin-art-szaro-niebieski-40-cm-7-14x24.jpg 14w, https:\/\/da-resin-art.com\/wp-content\/uploads\/2026\/01\/zegary-da-resin-art-szaro-niebieski-40-cm-7-20x36.jpg 20w, https:\/\/da-resin-art.com\/wp-content\/uploads\/2026\/01\/zegary-da-resin-art-szaro-niebieski-40-cm-7-27x48.jpg 27w, https:\/\/da-resin-art.com\/wp-content\/uploads\/2026\/01\/zegary-da-resin-art-szaro-niebieski-40-cm-7-600x1067.jpg 600w, https:\/\/da-resin-art.com\/wp-content\/uploads\/2026\/01\/zegary-da-resin-art-szaro-niebieski-40-cm-7-28x50.jpg 28w, https:\/\/da-resin-art.com\/wp-content\/uploads\/2026\/01\/zegary-da-resin-art-szaro-niebieski-40-cm-7.jpg 1080w\" sizes=\"(max-width: 576px) 100vw, 576px\" \/>\t\t\t\t\t\t\t\t\t\t\t\t\t\t\t<\/div>\n\t\t\t\t<\/div>\n\t\t\t\t\t<\/div>\n\t\t<\/div>\n\t\t\t\t<div class=\"elementor-column elementor-col-33 elementor-top-column elementor-element elementor-element-d167be2\" data-id=\"d167be2\" data-element_type=\"column\">\n\t\t\t<div class=\"elementor-widget-wrap elementor-element-populated\">\n\t\t\t\t\t\t<div class=\"elementor-element elementor-element-f797468 elementor-widget elementor-widget-image\" data-id=\"f797468\" data-element_type=\"widget\" data-widget_type=\"image.default\">\n\t\t\t\t<div class=\"elementor-widget-container\">\n\t\t\t\t\t\t\t\t\t\t\t\t\t\t\t<img loading=\"lazy\" decoding=\"async\" width=\"576\" height=\"1024\" src=\"https:\/\/da-resin-art.com\/wp-content\/uploads\/2026\/01\/zegary-da-resin-art-szaro-niebieski-40-cm-2-576x1024.jpg\" class=\"attachment-large size-large wp-image-3929\" alt=\"zegar \u015bcienny srebrno niebieski marmur\" srcset=\"https:\/\/da-resin-art.com\/wp-content\/uploads\/2026\/01\/zegary-da-resin-art-szaro-niebieski-40-cm-2-576x1024.jpg 576w, https:\/\/da-resin-art.com\/wp-content\/uploads\/2026\/01\/zegary-da-resin-art-szaro-niebieski-40-cm-2-169x300.jpg 169w, https:\/\/da-resin-art.com\/wp-content\/uploads\/2026\/01\/zegary-da-resin-art-szaro-niebieski-40-cm-2-768x1365.jpg 768w, https:\/\/da-resin-art.com\/wp-content\/uploads\/2026\/01\/zegary-da-resin-art-szaro-niebieski-40-cm-2-864x1536.jpg 864w, https:\/\/da-resin-art.com\/wp-content\/uploads\/2026\/01\/zegary-da-resin-art-szaro-niebieski-40-cm-2-14x24.jpg 14w, https:\/\/da-resin-art.com\/wp-content\/uploads\/2026\/01\/zegary-da-resin-art-szaro-niebieski-40-cm-2-20x36.jpg 20w, https:\/\/da-resin-art.com\/wp-content\/uploads\/2026\/01\/zegary-da-resin-art-szaro-niebieski-40-cm-2-27x48.jpg 27w, https:\/\/da-resin-art.com\/wp-content\/uploads\/2026\/01\/zegary-da-resin-art-szaro-niebieski-40-cm-2-600x1067.jpg 600w, https:\/\/da-resin-art.com\/wp-content\/uploads\/2026\/01\/zegary-da-resin-art-szaro-niebieski-40-cm-2-28x50.jpg 28w, https:\/\/da-resin-art.com\/wp-content\/uploads\/2026\/01\/zegary-da-resin-art-szaro-niebieski-40-cm-2.jpg 1080w\" sizes=\"(max-width: 576px) 100vw, 576px\" \/>\t\t\t\t\t\t\t\t\t\t\t\t\t\t\t<\/div>\n\t\t\t\t<\/div>\n\t\t\t\t\t<\/div>\n\t\t<\/div>\n\t\t\t\t\t<\/div>\n\t\t<\/section>\n\t\t\t\t<\/div>\n\t\t","protected":false},"excerpt":{"rendered":"<p data-start=\"0\" data-end=\"140\"><strong>Zegar \u015bcienny &#8220;Srebrno niebieski marmur&#8221; &#8211; <\/strong>to eleganckie po\u0142\u0105czenie nowoczesnego designu i klasycznej estetyki.<\/p>\n<p data-start=\"0\" data-end=\"140\"><img decoding=\"async\" class=\"emoji\" role=\"img\" draggable=\"false\" src=\"https:\/\/s.w.org\/images\/core\/emoji\/17.0.2\/svg\/2705.svg\" alt=\"\u2705\" \/>\ufe0f\u00a0<strong data-start=\"3\" data-end=\"16\">Rozmiar:<\/strong> <strong>40 cm \u015brednica<br \/>\n<img decoding=\"async\" class=\"emoji\" role=\"img\" draggable=\"false\" src=\"https:\/\/s.w.org\/images\/core\/emoji\/17.0.2\/svg\/2705.svg\" alt=\"\u2705\" \/>\ufe0f Baza z MDF<\/strong><br data-start=\"18\" data-end=\"21\" \/><img decoding=\"async\" class=\"emoji\" role=\"img\" draggable=\"false\" src=\"https:\/\/s.w.org\/images\/core\/emoji\/17.0.2\/svg\/2705.svg\" alt=\"\u2705\" \/>\ufe0f\u00a0<strong data-start=\"24\" data-end=\"50\">Cichy mechanizm zegara<\/strong><br data-start=\"50\" data-end=\"53\" \/><img decoding=\"async\" class=\"emoji\" role=\"img\" draggable=\"false\" src=\"https:\/\/s.w.org\/images\/core\/emoji\/17.0.2\/svg\/2705.svg\" alt=\"\u2705\" \/>\ufe0f <strong>Wz\u00f3r wykonany z \u017cywicy w kolorach bieli, Premium srebra oraz szlachetny niebieski<\/strong><br data-start=\"125\" data-end=\"128\" \/><img decoding=\"async\" class=\"emoji\" role=\"img\" draggable=\"false\" src=\"https:\/\/s.w.org\/images\/core\/emoji\/17.0.2\/svg\/2705.svg\" alt=\"\u2705\" \/>\ufe0f\u00a0<strong data-start=\"131\" data-end=\"175\">Srebrne arabskie cyfry z lustrzanego plexi<br \/>\n<img decoding=\"async\" class=\"emoji\" role=\"img\" draggable=\"false\" src=\"https:\/\/s.w.org\/images\/core\/emoji\/17.0.2\/svg\/2705.svg\" alt=\"\u2705\" \/>\ufe0f Dodatki: kruszone szk\u0142o, Magnezyt, kamie\u0144 Ksi\u0119\u017cycowy oraz Lapis lazuli<\/strong><\/p>\n","protected":false},"featured_media":3926,"template":"","meta":{"_acf_changed":false,"_kadence_starter_templates_imported_post":false,"_kad_post_transparent":"default","_kad_post_title":"","_kad_post_layout":"default","_kad_post_sidebar_id":"","_kad_post_content_style":"default","_kad_post_vertical_padding":"default","_kad_post_feature":"","_kad_post_feature_position":"","_kad_post_header":false,"_kad_post_footer":false},"product_brand":[],"product_cat":[18],"product_tag":[38,29],"class_list":{"0":"post-3925","1":"product","2":"type-product","3":"status-publish","4":"has-post-thumbnail","6":"product_cat-galeria","7":"product_tag-sprzedany","8":"product_tag-wszystko","10":"first","11":"outofstock","12":"shipping-taxable","13":"purchasable","14":"product-type-simple","15":"entry","16":"content-bg","17":"loop-entry"},"acf":[],"_links":{"self":[{"href":"https:\/\/da-resin-art.com\/en\/wp-json\/wp\/v2\/product\/3925","targetHints":{"allow":["GET"]}}],"collection":[{"href":"https:\/\/da-resin-art.com\/en\/wp-json\/wp\/v2\/product"}],"about":[{"href":"https:\/\/da-resin-art.com\/en\/wp-json\/wp\/v2\/types\/product"}],"version-history":[{"count":12,"href":"https:\/\/da-resin-art.com\/en\/wp-json\/wp\/v2\/product\/3925\/revisions"}],"predecessor-version":[{"id":4198,"href":"https:\/\/da-resin-art.com\/en\/wp-json\/wp\/v2\/product\/3925\/revisions\/4198"}],"wp:featuredmedia":[{"embeddable":true,"href":"https:\/\/da-resin-art.com\/en\/wp-json\/wp\/v2\/media\/3926"}],"wp:attachment":[{"href":"https:\/\/da-resin-art.com\/en\/wp-json\/wp\/v2\/media?parent=3925"}],"wp:term":[{"taxonomy":"product_brand","embeddable":true,"href":"https:\/\/da-resin-art.com\/en\/wp-json\/wp\/v2\/product_brand?post=3925"},{"taxonomy":"product_cat","embeddable":true,"href":"https:\/\/da-resin-art.com\/en\/wp-json\/wp\/v2\/product_cat?post=3925"},{"taxonomy":"product_tag","embeddable":true,"href":"https:\/\/da-resin-art.com\/en\/wp-json\/wp\/v2\/product_tag?post=3925"}],"curies":[{"name":"wp","href":"https:\/\/api.w.org\/{rel}","templated":true}]}}