{"id":3959,"date":"2026-01-08T16:23:37","date_gmt":"2026-01-08T15:23:37","guid":{"rendered":"https:\/\/da-resin-art.com\/?post_type=product&#038;p=3959"},"modified":"2026-02-10T18:50:22","modified_gmt":"2026-02-10T17:50:22","slug":"zegar-scienny-czarne-morze-6","status":"publish","type":"product","link":"https:\/\/da-resin-art.com\/en\/produkt\/zegar-scienny-czarne-morze-6\/","title":{"rendered":"Zegar \u015bcienny 40 cm &#8220;Czarne morze&#8221; 6"},"content":{"rendered":"\t\t<div data-elementor-type=\"product-post\" data-elementor-id=\"3959\" class=\"elementor elementor-3959\" data-elementor-post-type=\"product\">\n\t\t\t\t\t\t<section class=\"elementor-section elementor-top-section elementor-element elementor-element-1705c5e elementor-section-boxed elementor-section-height-default elementor-section-height-default\" data-id=\"1705c5e\" data-element_type=\"section\">\n\t\t\t\t\t\t<div class=\"elementor-container elementor-column-gap-default\">\n\t\t\t\t\t<div class=\"elementor-column elementor-col-33 elementor-top-column elementor-element elementor-element-e345a69\" data-id=\"e345a69\" data-element_type=\"column\">\n\t\t\t<div class=\"elementor-widget-wrap elementor-element-populated\">\n\t\t\t\t\t\t<div class=\"elementor-element elementor-element-d042564 elementor-widget elementor-widget-video\" data-id=\"d042564\" data-element_type=\"widget\" data-settings=\"{&quot;youtube_url&quot;:&quot;https:\\\/\\\/youtube.com\\\/watch?v=NpW4Jjr4EJI&quot;,&quot;video_type&quot;:&quot;youtube&quot;,&quot;controls&quot;:&quot;yes&quot;}\" data-widget_type=\"video.default\">\n\t\t\t\t<div class=\"elementor-widget-container\">\n\t\t\t\t\t\t\t<div class=\"elementor-wrapper elementor-open-inline\">\n\t\t\t<div class=\"elementor-video\"><\/div>\t\t<\/div>\n\t\t\t\t\t\t<\/div>\n\t\t\t\t<\/div>\n\t\t\t\t\t<\/div>\n\t\t<\/div>\n\t\t\t\t<div class=\"elementor-column elementor-col-33 elementor-top-column elementor-element elementor-element-d6da29c\" data-id=\"d6da29c\" data-element_type=\"column\">\n\t\t\t<div class=\"elementor-widget-wrap elementor-element-populated\">\n\t\t\t\t\t\t<div class=\"elementor-element elementor-element-65de88c elementor-widget elementor-widget-image\" data-id=\"65de88c\" data-element_type=\"widget\" data-widget_type=\"image.default\">\n\t\t\t\t<div class=\"elementor-widget-container\">\n\t\t\t\t\t\t\t\t\t\t\t\t\t\t\t<img fetchpriority=\"high\" decoding=\"async\" width=\"576\" height=\"1024\" src=\"https:\/\/da-resin-art.com\/wp-content\/uploads\/2026\/01\/zegary-da-resin-art-czarne-morze-40-cm-5-576x1024.jpg\" class=\"attachment-large size-large wp-image-3974\" alt=\"zegar z \u017cywic\u0105 czarne morze\" srcset=\"https:\/\/da-resin-art.com\/wp-content\/uploads\/2026\/01\/zegary-da-resin-art-czarne-morze-40-cm-5-576x1024.jpg 576w, https:\/\/da-resin-art.com\/wp-content\/uploads\/2026\/01\/zegary-da-resin-art-czarne-morze-40-cm-5-169x300.jpg 169w, https:\/\/da-resin-art.com\/wp-content\/uploads\/2026\/01\/zegary-da-resin-art-czarne-morze-40-cm-5-768x1365.jpg 768w, https:\/\/da-resin-art.com\/wp-content\/uploads\/2026\/01\/zegary-da-resin-art-czarne-morze-40-cm-5-864x1536.jpg 864w, https:\/\/da-resin-art.com\/wp-content\/uploads\/2026\/01\/zegary-da-resin-art-czarne-morze-40-cm-5-14x24.jpg 14w, https:\/\/da-resin-art.com\/wp-content\/uploads\/2026\/01\/zegary-da-resin-art-czarne-morze-40-cm-5-20x36.jpg 20w, https:\/\/da-resin-art.com\/wp-content\/uploads\/2026\/01\/zegary-da-resin-art-czarne-morze-40-cm-5-27x48.jpg 27w, https:\/\/da-resin-art.com\/wp-content\/uploads\/2026\/01\/zegary-da-resin-art-czarne-morze-40-cm-5-600x1067.jpg 600w, https:\/\/da-resin-art.com\/wp-content\/uploads\/2026\/01\/zegary-da-resin-art-czarne-morze-40-cm-5-28x50.jpg 28w, https:\/\/da-resin-art.com\/wp-content\/uploads\/2026\/01\/zegary-da-resin-art-czarne-morze-40-cm-5.jpg 1080w\" sizes=\"(max-width: 576px) 100vw, 576px\" \/>\t\t\t\t\t\t\t\t\t\t\t\t\t\t\t<\/div>\n\t\t\t\t<\/div>\n\t\t\t\t\t<\/div>\n\t\t<\/div>\n\t\t\t\t<div class=\"elementor-column elementor-col-33 elementor-top-column elementor-element elementor-element-f8aab89\" data-id=\"f8aab89\" data-element_type=\"column\">\n\t\t\t<div class=\"elementor-widget-wrap elementor-element-populated\">\n\t\t\t\t\t\t<div class=\"elementor-element elementor-element-d89be88 elementor-widget elementor-widget-image\" data-id=\"d89be88\" data-element_type=\"widget\" data-widget_type=\"image.default\">\n\t\t\t\t<div class=\"elementor-widget-container\">\n\t\t\t\t\t\t\t\t\t\t\t\t\t\t\t<img decoding=\"async\" width=\"576\" height=\"1024\" src=\"https:\/\/da-resin-art.com\/wp-content\/uploads\/2026\/01\/zegary-da-resin-art-czarne-morze-40-cm-2-576x1024.jpg\" class=\"attachment-large size-large wp-image-3965\" alt=\"zegar z \u017cywic\u0105 czarne morze\" srcset=\"https:\/\/da-resin-art.com\/wp-content\/uploads\/2026\/01\/zegary-da-resin-art-czarne-morze-40-cm-2-576x1024.jpg 576w, https:\/\/da-resin-art.com\/wp-content\/uploads\/2026\/01\/zegary-da-resin-art-czarne-morze-40-cm-2-169x300.jpg 169w, https:\/\/da-resin-art.com\/wp-content\/uploads\/2026\/01\/zegary-da-resin-art-czarne-morze-40-cm-2-768x1365.jpg 768w, https:\/\/da-resin-art.com\/wp-content\/uploads\/2026\/01\/zegary-da-resin-art-czarne-morze-40-cm-2-864x1536.jpg 864w, https:\/\/da-resin-art.com\/wp-content\/uploads\/2026\/01\/zegary-da-resin-art-czarne-morze-40-cm-2-14x24.jpg 14w, https:\/\/da-resin-art.com\/wp-content\/uploads\/2026\/01\/zegary-da-resin-art-czarne-morze-40-cm-2-20x36.jpg 20w, https:\/\/da-resin-art.com\/wp-content\/uploads\/2026\/01\/zegary-da-resin-art-czarne-morze-40-cm-2-27x48.jpg 27w, https:\/\/da-resin-art.com\/wp-content\/uploads\/2026\/01\/zegary-da-resin-art-czarne-morze-40-cm-2-600x1067.jpg 600w, https:\/\/da-resin-art.com\/wp-content\/uploads\/2026\/01\/zegary-da-resin-art-czarne-morze-40-cm-2-28x50.jpg 28w, https:\/\/da-resin-art.com\/wp-content\/uploads\/2026\/01\/zegary-da-resin-art-czarne-morze-40-cm-2.jpg 1080w\" sizes=\"(max-width: 576px) 100vw, 576px\" \/>\t\t\t\t\t\t\t\t\t\t\t\t\t\t\t<\/div>\n\t\t\t\t<\/div>\n\t\t\t\t\t<\/div>\n\t\t<\/div>\n\t\t\t\t\t<\/div>\n\t\t<\/section>\n\t\t\t\t<section class=\"elementor-section elementor-top-section elementor-element elementor-element-de9aa7f elementor-section-boxed elementor-section-height-default elementor-section-height-default\" data-id=\"de9aa7f\" data-element_type=\"section\">\n\t\t\t\t\t\t<div class=\"elementor-container elementor-column-gap-default\">\n\t\t\t\t\t<div class=\"elementor-column elementor-col-100 elementor-top-column elementor-element elementor-element-a0b9f94\" data-id=\"a0b9f94\" data-element_type=\"column\">\n\t\t\t<div class=\"elementor-widget-wrap elementor-element-populated\">\n\t\t\t\t\t\t<div class=\"elementor-element elementor-element-68b2ab8 elementor-widget elementor-widget-text-editor\" data-id=\"68b2ab8\" data-element_type=\"widget\" data-widget_type=\"text-editor.default\">\n\t\t\t\t<div class=\"elementor-widget-container\">\n\t\t\t\t\t\t\t\t\t<h3 data-start=\"0\" data-end=\"61\">Zegar \u015bcienny <strong data-start=\"18\" data-end=\"36\">&#8220;Czarne Morze&#8221;<\/strong> \u2013 surowe pi\u0119kno oceanu<\/h3><p data-start=\"63\" data-end=\"337\">Wyrazisty, 40-centymetrowy zegar \u015bcienny <strong data-start=\"104\" data-end=\"122\">&#8220;Czarne Morze&#8221;<\/strong> to harmonijne po\u0142\u0105czenie sztuki i natury. Wykonany z \u017cywicy epoksydowej, zachwyca efektem <strong data-start=\"213\" data-end=\"236\">tr\u00f3jwymiarowych fal<\/strong>, kt\u00f3re w g\u0142\u0119bokiej czerni morza rozbijaj\u0105 si\u0119 o wulkaniczny brzeg z naturalnych, czarnych kamieni.<\/p><p data-start=\"339\" data-end=\"460\">Rzymskie cyfry z podzia\u0142ami dodaj\u0105 mu elegancji i ponadczasowego stylu, a cichy mechanizm zapewnia komfort u\u017cytkowania.<\/p><p data-start=\"462\" data-end=\"657\" data-is-last-node=\"\" data-is-only-node=\"\"><strong data-start=\"462\" data-end=\"480\">&#8220;Czarne Morze&#8221;<\/strong> to nie tylko zegar \u2013 to wyj\u0105tkowy element dekoracyjny, kt\u00f3ry wprowadzi do Twojego wn\u0119trza pot\u0119g\u0119 natury i tajemnicz\u0105 g\u0142\u0119bi\u0119 oceanu. Zanurz si\u0119 w jego wyj\u0105tkowym charakterze!<\/p>\t\t\t\t\t\t\t\t<\/div>\n\t\t\t\t<\/div>\n\t\t\t\t\t<\/div>\n\t\t<\/div>\n\t\t\t\t\t<\/div>\n\t\t<\/section>\n\t\t\t\t<section class=\"elementor-section elementor-top-section elementor-element elementor-element-e6cc6e8 elementor-section-boxed elementor-section-height-default elementor-section-height-default\" data-id=\"e6cc6e8\" data-element_type=\"section\">\n\t\t\t\t\t\t<div class=\"elementor-container elementor-column-gap-default\">\n\t\t\t\t\t<div class=\"elementor-column elementor-col-33 elementor-top-column elementor-element elementor-element-ca6c748\" data-id=\"ca6c748\" data-element_type=\"column\">\n\t\t\t<div class=\"elementor-widget-wrap elementor-element-populated\">\n\t\t\t\t\t\t<div class=\"elementor-element elementor-element-f8a13bc elementor-widget elementor-widget-image\" data-id=\"f8a13bc\" data-element_type=\"widget\" data-widget_type=\"image.default\">\n\t\t\t\t<div class=\"elementor-widget-container\">\n\t\t\t\t\t\t\t\t\t\t\t\t\t\t\t<img decoding=\"async\" width=\"576\" height=\"1024\" src=\"https:\/\/da-resin-art.com\/wp-content\/uploads\/2026\/01\/zegary-da-resin-art-czarne-morze-40-cm-4-576x1024.jpg\" class=\"attachment-large size-large wp-image-3971\" alt=\"zegar z \u017cywic\u0105 czarne morze\" srcset=\"https:\/\/da-resin-art.com\/wp-content\/uploads\/2026\/01\/zegary-da-resin-art-czarne-morze-40-cm-4-576x1024.jpg 576w, https:\/\/da-resin-art.com\/wp-content\/uploads\/2026\/01\/zegary-da-resin-art-czarne-morze-40-cm-4-169x300.jpg 169w, https:\/\/da-resin-art.com\/wp-content\/uploads\/2026\/01\/zegary-da-resin-art-czarne-morze-40-cm-4-768x1365.jpg 768w, https:\/\/da-resin-art.com\/wp-content\/uploads\/2026\/01\/zegary-da-resin-art-czarne-morze-40-cm-4-864x1536.jpg 864w, https:\/\/da-resin-art.com\/wp-content\/uploads\/2026\/01\/zegary-da-resin-art-czarne-morze-40-cm-4-14x24.jpg 14w, https:\/\/da-resin-art.com\/wp-content\/uploads\/2026\/01\/zegary-da-resin-art-czarne-morze-40-cm-4-20x36.jpg 20w, https:\/\/da-resin-art.com\/wp-content\/uploads\/2026\/01\/zegary-da-resin-art-czarne-morze-40-cm-4-27x48.jpg 27w, https:\/\/da-resin-art.com\/wp-content\/uploads\/2026\/01\/zegary-da-resin-art-czarne-morze-40-cm-4-600x1067.jpg 600w, https:\/\/da-resin-art.com\/wp-content\/uploads\/2026\/01\/zegary-da-resin-art-czarne-morze-40-cm-4-28x50.jpg 28w, https:\/\/da-resin-art.com\/wp-content\/uploads\/2026\/01\/zegary-da-resin-art-czarne-morze-40-cm-4.jpg 1080w\" sizes=\"(max-width: 576px) 100vw, 576px\" \/>\t\t\t\t\t\t\t\t\t\t\t\t\t\t\t<\/div>\n\t\t\t\t<\/div>\n\t\t\t\t\t<\/div>\n\t\t<\/div>\n\t\t\t\t<div class=\"elementor-column elementor-col-33 elementor-top-column elementor-element elementor-element-2d77b49\" data-id=\"2d77b49\" data-element_type=\"column\">\n\t\t\t<div class=\"elementor-widget-wrap elementor-element-populated\">\n\t\t\t\t\t\t<div class=\"elementor-element elementor-element-ebc2c3f elementor-widget elementor-widget-image\" data-id=\"ebc2c3f\" data-element_type=\"widget\" data-widget_type=\"image.default\">\n\t\t\t\t<div class=\"elementor-widget-container\">\n\t\t\t\t\t\t\t\t\t\t\t\t\t\t\t<img loading=\"lazy\" decoding=\"async\" width=\"576\" height=\"1024\" src=\"https:\/\/da-resin-art.com\/wp-content\/uploads\/2026\/01\/zegary-da-resin-art-czarne-morze-40-cm-6-576x1024.jpg\" class=\"attachment-large size-large wp-image-3977\" alt=\"zegar z \u017cywic\u0105 czarne morze\" srcset=\"https:\/\/da-resin-art.com\/wp-content\/uploads\/2026\/01\/zegary-da-resin-art-czarne-morze-40-cm-6-576x1024.jpg 576w, https:\/\/da-resin-art.com\/wp-content\/uploads\/2026\/01\/zegary-da-resin-art-czarne-morze-40-cm-6-169x300.jpg 169w, https:\/\/da-resin-art.com\/wp-content\/uploads\/2026\/01\/zegary-da-resin-art-czarne-morze-40-cm-6-768x1365.jpg 768w, https:\/\/da-resin-art.com\/wp-content\/uploads\/2026\/01\/zegary-da-resin-art-czarne-morze-40-cm-6-864x1536.jpg 864w, https:\/\/da-resin-art.com\/wp-content\/uploads\/2026\/01\/zegary-da-resin-art-czarne-morze-40-cm-6-14x24.jpg 14w, https:\/\/da-resin-art.com\/wp-content\/uploads\/2026\/01\/zegary-da-resin-art-czarne-morze-40-cm-6-20x36.jpg 20w, https:\/\/da-resin-art.com\/wp-content\/uploads\/2026\/01\/zegary-da-resin-art-czarne-morze-40-cm-6-27x48.jpg 27w, https:\/\/da-resin-art.com\/wp-content\/uploads\/2026\/01\/zegary-da-resin-art-czarne-morze-40-cm-6-600x1067.jpg 600w, https:\/\/da-resin-art.com\/wp-content\/uploads\/2026\/01\/zegary-da-resin-art-czarne-morze-40-cm-6-28x50.jpg 28w, https:\/\/da-resin-art.com\/wp-content\/uploads\/2026\/01\/zegary-da-resin-art-czarne-morze-40-cm-6.jpg 1080w\" sizes=\"(max-width: 576px) 100vw, 576px\" \/>\t\t\t\t\t\t\t\t\t\t\t\t\t\t\t<\/div>\n\t\t\t\t<\/div>\n\t\t\t\t\t<\/div>\n\t\t<\/div>\n\t\t\t\t<div class=\"elementor-column elementor-col-33 elementor-top-column elementor-element elementor-element-d167be2\" data-id=\"d167be2\" data-element_type=\"column\">\n\t\t\t<div class=\"elementor-widget-wrap elementor-element-populated\">\n\t\t\t\t\t\t<div class=\"elementor-element elementor-element-f797468 elementor-widget elementor-widget-image\" data-id=\"f797468\" data-element_type=\"widget\" data-widget_type=\"image.default\">\n\t\t\t\t<div class=\"elementor-widget-container\">\n\t\t\t\t\t\t\t\t\t\t\t\t\t\t\t<img loading=\"lazy\" decoding=\"async\" width=\"576\" height=\"1024\" src=\"https:\/\/da-resin-art.com\/wp-content\/uploads\/2026\/01\/zegary-da-resin-art-czarne-morze-40-cm-3-576x1024.jpg\" class=\"attachment-large size-large wp-image-3968\" alt=\"zegar z \u017cywic\u0105 czarne morze\" srcset=\"https:\/\/da-resin-art.com\/wp-content\/uploads\/2026\/01\/zegary-da-resin-art-czarne-morze-40-cm-3-576x1024.jpg 576w, https:\/\/da-resin-art.com\/wp-content\/uploads\/2026\/01\/zegary-da-resin-art-czarne-morze-40-cm-3-169x300.jpg 169w, https:\/\/da-resin-art.com\/wp-content\/uploads\/2026\/01\/zegary-da-resin-art-czarne-morze-40-cm-3-768x1365.jpg 768w, https:\/\/da-resin-art.com\/wp-content\/uploads\/2026\/01\/zegary-da-resin-art-czarne-morze-40-cm-3-864x1536.jpg 864w, https:\/\/da-resin-art.com\/wp-content\/uploads\/2026\/01\/zegary-da-resin-art-czarne-morze-40-cm-3-14x24.jpg 14w, https:\/\/da-resin-art.com\/wp-content\/uploads\/2026\/01\/zegary-da-resin-art-czarne-morze-40-cm-3-20x36.jpg 20w, https:\/\/da-resin-art.com\/wp-content\/uploads\/2026\/01\/zegary-da-resin-art-czarne-morze-40-cm-3-27x48.jpg 27w, https:\/\/da-resin-art.com\/wp-content\/uploads\/2026\/01\/zegary-da-resin-art-czarne-morze-40-cm-3-600x1067.jpg 600w, https:\/\/da-resin-art.com\/wp-content\/uploads\/2026\/01\/zegary-da-resin-art-czarne-morze-40-cm-3-28x50.jpg 28w, https:\/\/da-resin-art.com\/wp-content\/uploads\/2026\/01\/zegary-da-resin-art-czarne-morze-40-cm-3.jpg 1080w\" sizes=\"(max-width: 576px) 100vw, 576px\" \/>\t\t\t\t\t\t\t\t\t\t\t\t\t\t\t<\/div>\n\t\t\t\t<\/div>\n\t\t\t\t\t<\/div>\n\t\t<\/div>\n\t\t\t\t\t<\/div>\n\t\t<\/section>\n\t\t\t\t<\/div>\n\t\t","protected":false},"excerpt":{"rendered":"<p><strong data-start=\"405\" data-end=\"423\">Zegar \u015bcienny &#8220;Czarne Morze&#8221;<\/strong> \u2013 to wyj\u0105tkowa dekoracja, kt\u00f3ra wniesie do Twojego wn\u0119trza si\u0142\u0119 oceanu i tajemniczy klimat.<\/p>\n<p data-start=\"0\" data-end=\"140\"><img decoding=\"async\" class=\"emoji\" role=\"img\" draggable=\"false\" src=\"https:\/\/s.w.org\/images\/core\/emoji\/17.0.2\/svg\/2705.svg\" alt=\"\u2705\" \/>\ufe0f\u00a0<strong data-start=\"3\" data-end=\"16\">Rozmiar:<\/strong> <strong>40 cm \u015brednica<br \/>\n<\/strong><img decoding=\"async\" class=\"emoji\" role=\"img\" draggable=\"false\" src=\"https:\/\/s.w.org\/images\/core\/emoji\/17.0.2\/svg\/2705.svg\" alt=\"\u2705\" \/><strong>\ufe0f Baza z MDF<\/strong><br data-start=\"18\" data-end=\"21\" \/><img decoding=\"async\" class=\"emoji\" role=\"img\" draggable=\"false\" src=\"https:\/\/s.w.org\/images\/core\/emoji\/17.0.2\/svg\/2705.svg\" alt=\"\u2705\" \/>\ufe0f\u00a0<strong data-start=\"24\" data-end=\"50\">Cichy mechanizm zegara<\/strong><br data-start=\"50\" data-end=\"53\" \/><img decoding=\"async\" class=\"emoji\" role=\"img\" draggable=\"false\" src=\"https:\/\/s.w.org\/images\/core\/emoji\/17.0.2\/svg\/2705.svg\" alt=\"\u2705\" \/>\ufe0f <strong>Wz\u00f3r wykonany z \u017cywicy epoksydowej: <\/strong>hipnotyzuj\u0105cy efekt <strong data-start=\"149\" data-end=\"172\">tr\u00f3jwymiarowych fal<\/strong> w g\u0142\u0119bokiej czerni kontrastuje z bia\u0142\u0105 pian\u0105, uderzaj\u0105c\u0105 o wulkaniczny brzeg z naturalnych, czarnych kamieni.<br \/>\n<img decoding=\"async\" class=\"emoji\" role=\"img\" draggable=\"false\" src=\"https:\/\/s.w.org\/images\/core\/emoji\/17.0.2\/svg\/2705.svg\" alt=\"\u2705\" \/>\ufe0f\u00a0<strong data-start=\"131\" data-end=\"175\">Z\u0142ote rzymskie cyfry z lustrzanego plexi<\/strong><\/p>\n","protected":false},"featured_media":3961,"template":"","meta":{"_acf_changed":false,"_kadence_starter_templates_imported_post":false,"_kad_post_transparent":"default","_kad_post_title":"","_kad_post_layout":"default","_kad_post_sidebar_id":"","_kad_post_content_style":"default","_kad_post_vertical_padding":"default","_kad_post_feature":"","_kad_post_feature_position":"","_kad_post_header":false,"_kad_post_footer":false},"product_brand":[],"product_cat":[18],"product_tag":[38,29],"class_list":{"0":"post-3959","1":"product","2":"type-product","3":"status-publish","4":"has-post-thumbnail","6":"product_cat-galeria","7":"product_tag-sprzedany","8":"product_tag-wszystko","10":"first","11":"outofstock","12":"shipping-taxable","13":"purchasable","14":"product-type-simple","15":"entry","16":"content-bg","17":"loop-entry"},"acf":[],"_links":{"self":[{"href":"https:\/\/da-resin-art.com\/en\/wp-json\/wp\/v2\/product\/3959","targetHints":{"allow":["GET"]}}],"collection":[{"href":"https:\/\/da-resin-art.com\/en\/wp-json\/wp\/v2\/product"}],"about":[{"href":"https:\/\/da-resin-art.com\/en\/wp-json\/wp\/v2\/types\/product"}],"version-history":[{"count":6,"href":"https:\/\/da-resin-art.com\/en\/wp-json\/wp\/v2\/product\/3959\/revisions"}],"predecessor-version":[{"id":4197,"href":"https:\/\/da-resin-art.com\/en\/wp-json\/wp\/v2\/product\/3959\/revisions\/4197"}],"wp:featuredmedia":[{"embeddable":true,"href":"https:\/\/da-resin-art.com\/en\/wp-json\/wp\/v2\/media\/3961"}],"wp:attachment":[{"href":"https:\/\/da-resin-art.com\/en\/wp-json\/wp\/v2\/media?parent=3959"}],"wp:term":[{"taxonomy":"product_brand","embeddable":true,"href":"https:\/\/da-resin-art.com\/en\/wp-json\/wp\/v2\/product_brand?post=3959"},{"taxonomy":"product_cat","embeddable":true,"href":"https:\/\/da-resin-art.com\/en\/wp-json\/wp\/v2\/product_cat?post=3959"},{"taxonomy":"product_tag","embeddable":true,"href":"https:\/\/da-resin-art.com\/en\/wp-json\/wp\/v2\/product_tag?post=3959"}],"curies":[{"name":"wp","href":"https:\/\/api.w.org\/{rel}","templated":true}]}}