{"id":3985,"date":"2026-01-08T16:49:33","date_gmt":"2026-01-08T15:49:33","guid":{"rendered":"https:\/\/da-resin-art.com\/?post_type=product&#038;p=3985"},"modified":"2026-03-03T12:17:37","modified_gmt":"2026-03-03T11:17:37","slug":"zegar-scienny-polska-bezowy-60-cm","status":"publish","type":"product","link":"https:\/\/da-resin-art.com\/en\/produkt\/zegar-scienny-polska-bezowy-60-cm\/","title":{"rendered":"Zegar \u015bcienny 60 cm &#8220;Polska&#8221; be\u017cowy"},"content":{"rendered":"\t\t<div data-elementor-type=\"product-post\" data-elementor-id=\"3985\" class=\"elementor elementor-3985\" data-elementor-post-type=\"product\">\n\t\t\t\t\t\t<section class=\"elementor-section elementor-top-section elementor-element elementor-element-1c05077 elementor-section-boxed elementor-section-height-default elementor-section-height-default\" data-id=\"1c05077\" data-element_type=\"section\">\n\t\t\t\t\t\t<div class=\"elementor-container elementor-column-gap-default\">\n\t\t\t\t\t<div class=\"elementor-column elementor-col-100 elementor-top-column elementor-element elementor-element-18dc669\" data-id=\"18dc669\" data-element_type=\"column\">\n\t\t\t<div class=\"elementor-widget-wrap elementor-element-populated\">\n\t\t\t\t\t\t<div class=\"elementor-element elementor-element-0aadb0f elementor-widget elementor-widget-image\" data-id=\"0aadb0f\" data-element_type=\"widget\" data-widget_type=\"image.default\">\n\t\t\t\t<div class=\"elementor-widget-container\">\n\t\t\t\t\t\t\t\t\t\t\t\t\t\t\t<img fetchpriority=\"high\" decoding=\"async\" width=\"1024\" height=\"576\" src=\"https:\/\/da-resin-art.com\/wp-content\/uploads\/2026\/01\/zegary-da-resin-art-bezowy-zloty-polska-60-cm-2-1024x576.jpg\" class=\"attachment-large size-large wp-image-3991\" alt=\"zegar \u015bcienny z \u017cywicy Polska be\u017cowy z\u0142oto\" srcset=\"https:\/\/da-resin-art.com\/wp-content\/uploads\/2026\/01\/zegary-da-resin-art-bezowy-zloty-polska-60-cm-2-1024x576.jpg 1024w, https:\/\/da-resin-art.com\/wp-content\/uploads\/2026\/01\/zegary-da-resin-art-bezowy-zloty-polska-60-cm-2-300x169.jpg 300w, https:\/\/da-resin-art.com\/wp-content\/uploads\/2026\/01\/zegary-da-resin-art-bezowy-zloty-polska-60-cm-2-768x432.jpg 768w, https:\/\/da-resin-art.com\/wp-content\/uploads\/2026\/01\/zegary-da-resin-art-bezowy-zloty-polska-60-cm-2-1536x864.jpg 1536w, https:\/\/da-resin-art.com\/wp-content\/uploads\/2026\/01\/zegary-da-resin-art-bezowy-zloty-polska-60-cm-2-24x14.jpg 24w, https:\/\/da-resin-art.com\/wp-content\/uploads\/2026\/01\/zegary-da-resin-art-bezowy-zloty-polska-60-cm-2-36x20.jpg 36w, https:\/\/da-resin-art.com\/wp-content\/uploads\/2026\/01\/zegary-da-resin-art-bezowy-zloty-polska-60-cm-2-48x27.jpg 48w, https:\/\/da-resin-art.com\/wp-content\/uploads\/2026\/01\/zegary-da-resin-art-bezowy-zloty-polska-60-cm-2-600x338.jpg 600w, https:\/\/da-resin-art.com\/wp-content\/uploads\/2026\/01\/zegary-da-resin-art-bezowy-zloty-polska-60-cm-2-89x50.jpg 89w, https:\/\/da-resin-art.com\/wp-content\/uploads\/2026\/01\/zegary-da-resin-art-bezowy-zloty-polska-60-cm-2.jpg 1920w\" sizes=\"(max-width: 1024px) 100vw, 1024px\" \/>\t\t\t\t\t\t\t\t\t\t\t\t\t\t\t<\/div>\n\t\t\t\t<\/div>\n\t\t\t\t\t<\/div>\n\t\t<\/div>\n\t\t\t\t\t<\/div>\n\t\t<\/section>\n\t\t\t\t<section class=\"elementor-section elementor-top-section elementor-element elementor-element-1705c5e elementor-section-boxed elementor-section-height-default elementor-section-height-default\" data-id=\"1705c5e\" data-element_type=\"section\">\n\t\t\t\t\t\t<div class=\"elementor-container elementor-column-gap-default\">\n\t\t\t\t\t<div class=\"elementor-column elementor-col-33 elementor-top-column elementor-element elementor-element-e345a69\" data-id=\"e345a69\" data-element_type=\"column\">\n\t\t\t<div class=\"elementor-widget-wrap elementor-element-populated\">\n\t\t\t\t\t\t<div class=\"elementor-element elementor-element-8656d9f elementor-widget elementor-widget-video\" data-id=\"8656d9f\" data-element_type=\"widget\" data-settings=\"{&quot;youtube_url&quot;:&quot;https:\\\/\\\/www.youtube.com\\\/watch?v=QP-mV-QoKw0&quot;,&quot;video_type&quot;:&quot;youtube&quot;,&quot;controls&quot;:&quot;yes&quot;}\" data-widget_type=\"video.default\">\n\t\t\t\t<div class=\"elementor-widget-container\">\n\t\t\t\t\t\t\t<div class=\"elementor-wrapper elementor-open-inline\">\n\t\t\t<div class=\"elementor-video\"><\/div>\t\t<\/div>\n\t\t\t\t\t\t<\/div>\n\t\t\t\t<\/div>\n\t\t\t\t\t<\/div>\n\t\t<\/div>\n\t\t\t\t<div class=\"elementor-column elementor-col-33 elementor-top-column elementor-element elementor-element-d6da29c\" data-id=\"d6da29c\" data-element_type=\"column\">\n\t\t\t<div class=\"elementor-widget-wrap elementor-element-populated\">\n\t\t\t\t\t\t<div class=\"elementor-element elementor-element-65de88c elementor-widget elementor-widget-image\" data-id=\"65de88c\" data-element_type=\"widget\" data-widget_type=\"image.default\">\n\t\t\t\t<div class=\"elementor-widget-container\">\n\t\t\t\t\t\t\t\t\t\t\t\t\t\t\t<img decoding=\"async\" width=\"576\" height=\"1024\" src=\"https:\/\/da-resin-art.com\/wp-content\/uploads\/2026\/01\/zegary-da-resin-art-bezowy-zloty-polska-60-cm-7-576x1024.jpg\" class=\"attachment-large size-large wp-image-4006\" alt=\"zegar \u015bcienny z \u017cywicy Polska be\u017cowy z\u0142oto\" srcset=\"https:\/\/da-resin-art.com\/wp-content\/uploads\/2026\/01\/zegary-da-resin-art-bezowy-zloty-polska-60-cm-7-576x1024.jpg 576w, https:\/\/da-resin-art.com\/wp-content\/uploads\/2026\/01\/zegary-da-resin-art-bezowy-zloty-polska-60-cm-7-169x300.jpg 169w, https:\/\/da-resin-art.com\/wp-content\/uploads\/2026\/01\/zegary-da-resin-art-bezowy-zloty-polska-60-cm-7-768x1365.jpg 768w, https:\/\/da-resin-art.com\/wp-content\/uploads\/2026\/01\/zegary-da-resin-art-bezowy-zloty-polska-60-cm-7-864x1536.jpg 864w, https:\/\/da-resin-art.com\/wp-content\/uploads\/2026\/01\/zegary-da-resin-art-bezowy-zloty-polska-60-cm-7-14x24.jpg 14w, https:\/\/da-resin-art.com\/wp-content\/uploads\/2026\/01\/zegary-da-resin-art-bezowy-zloty-polska-60-cm-7-20x36.jpg 20w, https:\/\/da-resin-art.com\/wp-content\/uploads\/2026\/01\/zegary-da-resin-art-bezowy-zloty-polska-60-cm-7-27x48.jpg 27w, https:\/\/da-resin-art.com\/wp-content\/uploads\/2026\/01\/zegary-da-resin-art-bezowy-zloty-polska-60-cm-7-600x1067.jpg 600w, https:\/\/da-resin-art.com\/wp-content\/uploads\/2026\/01\/zegary-da-resin-art-bezowy-zloty-polska-60-cm-7-28x50.jpg 28w, https:\/\/da-resin-art.com\/wp-content\/uploads\/2026\/01\/zegary-da-resin-art-bezowy-zloty-polska-60-cm-7.jpg 1080w\" sizes=\"(max-width: 576px) 100vw, 576px\" \/>\t\t\t\t\t\t\t\t\t\t\t\t\t\t\t<\/div>\n\t\t\t\t<\/div>\n\t\t\t\t\t<\/div>\n\t\t<\/div>\n\t\t\t\t<div class=\"elementor-column elementor-col-33 elementor-top-column elementor-element elementor-element-f8aab89\" data-id=\"f8aab89\" data-element_type=\"column\">\n\t\t\t<div class=\"elementor-widget-wrap elementor-element-populated\">\n\t\t\t\t\t\t<div class=\"elementor-element elementor-element-d89be88 elementor-widget elementor-widget-image\" data-id=\"d89be88\" data-element_type=\"widget\" data-widget_type=\"image.default\">\n\t\t\t\t<div class=\"elementor-widget-container\">\n\t\t\t\t\t\t\t\t\t\t\t\t\t\t\t<img decoding=\"async\" width=\"576\" height=\"1024\" src=\"https:\/\/da-resin-art.com\/wp-content\/uploads\/2026\/01\/zegary-da-resin-art-bezowy-zloty-polska-60-cm-6-576x1024.jpg\" class=\"attachment-large size-large wp-image-4003\" alt=\"zegar \u015bcienny z \u017cywicy Polska be\u017cowy z\u0142oto\" srcset=\"https:\/\/da-resin-art.com\/wp-content\/uploads\/2026\/01\/zegary-da-resin-art-bezowy-zloty-polska-60-cm-6-576x1024.jpg 576w, https:\/\/da-resin-art.com\/wp-content\/uploads\/2026\/01\/zegary-da-resin-art-bezowy-zloty-polska-60-cm-6-169x300.jpg 169w, https:\/\/da-resin-art.com\/wp-content\/uploads\/2026\/01\/zegary-da-resin-art-bezowy-zloty-polska-60-cm-6-768x1365.jpg 768w, https:\/\/da-resin-art.com\/wp-content\/uploads\/2026\/01\/zegary-da-resin-art-bezowy-zloty-polska-60-cm-6-864x1536.jpg 864w, https:\/\/da-resin-art.com\/wp-content\/uploads\/2026\/01\/zegary-da-resin-art-bezowy-zloty-polska-60-cm-6-14x24.jpg 14w, https:\/\/da-resin-art.com\/wp-content\/uploads\/2026\/01\/zegary-da-resin-art-bezowy-zloty-polska-60-cm-6-20x36.jpg 20w, https:\/\/da-resin-art.com\/wp-content\/uploads\/2026\/01\/zegary-da-resin-art-bezowy-zloty-polska-60-cm-6-27x48.jpg 27w, https:\/\/da-resin-art.com\/wp-content\/uploads\/2026\/01\/zegary-da-resin-art-bezowy-zloty-polska-60-cm-6-600x1067.jpg 600w, https:\/\/da-resin-art.com\/wp-content\/uploads\/2026\/01\/zegary-da-resin-art-bezowy-zloty-polska-60-cm-6-28x50.jpg 28w, https:\/\/da-resin-art.com\/wp-content\/uploads\/2026\/01\/zegary-da-resin-art-bezowy-zloty-polska-60-cm-6.jpg 1080w\" sizes=\"(max-width: 576px) 100vw, 576px\" \/>\t\t\t\t\t\t\t\t\t\t\t\t\t\t\t<\/div>\n\t\t\t\t<\/div>\n\t\t\t\t\t<\/div>\n\t\t<\/div>\n\t\t\t\t\t<\/div>\n\t\t<\/section>\n\t\t\t\t<section class=\"elementor-section elementor-top-section elementor-element elementor-element-b165ad8 elementor-section-boxed elementor-section-height-default elementor-section-height-default\" data-id=\"b165ad8\" data-element_type=\"section\">\n\t\t\t\t\t\t<div class=\"elementor-container elementor-column-gap-default\">\n\t\t\t\t\t<div class=\"elementor-column elementor-col-100 elementor-top-column elementor-element elementor-element-0208ec5\" data-id=\"0208ec5\" data-element_type=\"column\">\n\t\t\t<div class=\"elementor-widget-wrap elementor-element-populated\">\n\t\t\t\t\t\t<div class=\"elementor-element elementor-element-857b15e elementor-widget elementor-widget-text-editor\" data-id=\"857b15e\" data-element_type=\"widget\" data-widget_type=\"text-editor.default\">\n\t\t\t\t<div class=\"elementor-widget-container\">\n\t\t\t\t\t\t\t\t\t<p data-start=\"0\" data-end=\"91\">Zegar \u015bcienny <strong data-start=\"14\" data-end=\"26\">\u201ePolska\u201d<\/strong> \u2013 po\u0142\u0105czenie elegancji, symboliki i artystycznego wyrazu.<\/p><p data-start=\"93\" data-end=\"483\">Wykonany r\u0119cznie z \u017cywicy epoksydowej w <strong data-start=\"133\" data-end=\"158\">kszta\u0142cie mapy Polski<\/strong>, ten 60-centymetrowy zegar zachwyca subteln\u0105 kolorystyk\u0105 <strong data-start=\"216\" data-end=\"240\">bia\u0142o-be\u017cowych ton\u00f3w<\/strong> z <strong data-start=\"243\" data-end=\"277\">intensywnymi z\u0142otymi akcentami<\/strong>, kt\u00f3re dodaj\u0105 mu luksusowego blasku.<\/p><p><strong data-start=\"317\" data-end=\"373\">Z\u0142ote rzymskie cyfry i wskaz\u00f3wki z lustrzanego plexi<\/strong> podkre\u015blaj\u0105 jego szlachetny charakter, a <strong data-start=\"415\" data-end=\"434\">cichy mechanizm<\/strong> gwarantuje spok\u00f3j i harmoni\u0119 w ka\u017cdym wn\u0119trzu.<\/p><p data-start=\"485\" data-end=\"678\">Ten zegar to co\u015b wi\u0119cej ni\u017c przedmiot u\u017cytkowy \u2013 to <strong data-start=\"537\" data-end=\"569\">ho\u0142d dla pi\u0119kna i to\u017csamo\u015bci<\/strong>, wyj\u0105tkowy <strong data-start=\"581\" data-end=\"608\">symbol elegancji i dumy<\/strong>, stworzony na <strong data-start=\"623\" data-end=\"672\">indywidualne zam\u00f3wienie jako prezent z sercem<\/strong>. <img decoding=\"async\" class=\"emoji\" role=\"img\" draggable=\"false\" src=\"https:\/\/s.w.org\/images\/core\/emoji\/17.0.2\/svg\/1f49b.svg\" alt=\"\ud83d\udc9b\" \/><\/p><p data-start=\"680\" data-end=\"745\" data-is-last-node=\"\" data-is-only-node=\"\">Idealny dla tych, kt\u00f3rzy ceni\u0105 sztuk\u0119, znaczenie i polski design.<\/p>\t\t\t\t\t\t\t\t<\/div>\n\t\t\t\t<\/div>\n\t\t\t\t\t<\/div>\n\t\t<\/div>\n\t\t\t\t\t<\/div>\n\t\t<\/section>\n\t\t\t\t<section class=\"elementor-section elementor-top-section elementor-element elementor-element-e6cc6e8 elementor-section-boxed elementor-section-height-default elementor-section-height-default\" data-id=\"e6cc6e8\" data-element_type=\"section\">\n\t\t\t\t\t\t<div class=\"elementor-container elementor-column-gap-default\">\n\t\t\t\t\t<div class=\"elementor-column elementor-col-33 elementor-top-column elementor-element elementor-element-ca6c748\" data-id=\"ca6c748\" data-element_type=\"column\">\n\t\t\t<div class=\"elementor-widget-wrap elementor-element-populated\">\n\t\t\t\t\t\t<div class=\"elementor-element elementor-element-f8a13bc elementor-widget elementor-widget-image\" data-id=\"f8a13bc\" data-element_type=\"widget\" data-widget_type=\"image.default\">\n\t\t\t\t<div class=\"elementor-widget-container\">\n\t\t\t\t\t\t\t\t\t\t\t\t\t\t\t<img loading=\"lazy\" decoding=\"async\" width=\"576\" height=\"1024\" src=\"https:\/\/da-resin-art.com\/wp-content\/uploads\/2026\/01\/zegary-da-resin-art-bezowy-zloty-polska-60-cm-5-576x1024.jpg\" class=\"attachment-large size-large wp-image-4000\" alt=\"zegar \u015bcienny z \u017cywicy Polska be\u017cowy z\u0142oto\" srcset=\"https:\/\/da-resin-art.com\/wp-content\/uploads\/2026\/01\/zegary-da-resin-art-bezowy-zloty-polska-60-cm-5-576x1024.jpg 576w, https:\/\/da-resin-art.com\/wp-content\/uploads\/2026\/01\/zegary-da-resin-art-bezowy-zloty-polska-60-cm-5-169x300.jpg 169w, https:\/\/da-resin-art.com\/wp-content\/uploads\/2026\/01\/zegary-da-resin-art-bezowy-zloty-polska-60-cm-5-768x1365.jpg 768w, https:\/\/da-resin-art.com\/wp-content\/uploads\/2026\/01\/zegary-da-resin-art-bezowy-zloty-polska-60-cm-5-864x1536.jpg 864w, https:\/\/da-resin-art.com\/wp-content\/uploads\/2026\/01\/zegary-da-resin-art-bezowy-zloty-polska-60-cm-5-14x24.jpg 14w, https:\/\/da-resin-art.com\/wp-content\/uploads\/2026\/01\/zegary-da-resin-art-bezowy-zloty-polska-60-cm-5-20x36.jpg 20w, https:\/\/da-resin-art.com\/wp-content\/uploads\/2026\/01\/zegary-da-resin-art-bezowy-zloty-polska-60-cm-5-27x48.jpg 27w, https:\/\/da-resin-art.com\/wp-content\/uploads\/2026\/01\/zegary-da-resin-art-bezowy-zloty-polska-60-cm-5-600x1067.jpg 600w, https:\/\/da-resin-art.com\/wp-content\/uploads\/2026\/01\/zegary-da-resin-art-bezowy-zloty-polska-60-cm-5-28x50.jpg 28w, https:\/\/da-resin-art.com\/wp-content\/uploads\/2026\/01\/zegary-da-resin-art-bezowy-zloty-polska-60-cm-5.jpg 1080w\" sizes=\"(max-width: 576px) 100vw, 576px\" \/>\t\t\t\t\t\t\t\t\t\t\t\t\t\t\t<\/div>\n\t\t\t\t<\/div>\n\t\t\t\t\t<\/div>\n\t\t<\/div>\n\t\t\t\t<div class=\"elementor-column elementor-col-33 elementor-top-column elementor-element elementor-element-2d77b49\" data-id=\"2d77b49\" data-element_type=\"column\">\n\t\t\t<div class=\"elementor-widget-wrap elementor-element-populated\">\n\t\t\t\t\t\t<div class=\"elementor-element elementor-element-ebc2c3f elementor-widget elementor-widget-image\" data-id=\"ebc2c3f\" data-element_type=\"widget\" data-widget_type=\"image.default\">\n\t\t\t\t<div class=\"elementor-widget-container\">\n\t\t\t\t\t\t\t\t\t\t\t\t\t\t\t<img loading=\"lazy\" decoding=\"async\" width=\"576\" height=\"1024\" src=\"https:\/\/da-resin-art.com\/wp-content\/uploads\/2026\/01\/zegary-da-resin-art-bezowy-zloty-polska-60-cm-3-576x1024.jpg\" class=\"attachment-large size-large wp-image-3994\" alt=\"zegar \u015bcienny z \u017cywicy Polska be\u017cowy z\u0142oto\" srcset=\"https:\/\/da-resin-art.com\/wp-content\/uploads\/2026\/01\/zegary-da-resin-art-bezowy-zloty-polska-60-cm-3-576x1024.jpg 576w, https:\/\/da-resin-art.com\/wp-content\/uploads\/2026\/01\/zegary-da-resin-art-bezowy-zloty-polska-60-cm-3-169x300.jpg 169w, https:\/\/da-resin-art.com\/wp-content\/uploads\/2026\/01\/zegary-da-resin-art-bezowy-zloty-polska-60-cm-3-768x1365.jpg 768w, https:\/\/da-resin-art.com\/wp-content\/uploads\/2026\/01\/zegary-da-resin-art-bezowy-zloty-polska-60-cm-3-864x1536.jpg 864w, https:\/\/da-resin-art.com\/wp-content\/uploads\/2026\/01\/zegary-da-resin-art-bezowy-zloty-polska-60-cm-3-14x24.jpg 14w, https:\/\/da-resin-art.com\/wp-content\/uploads\/2026\/01\/zegary-da-resin-art-bezowy-zloty-polska-60-cm-3-20x36.jpg 20w, https:\/\/da-resin-art.com\/wp-content\/uploads\/2026\/01\/zegary-da-resin-art-bezowy-zloty-polska-60-cm-3-27x48.jpg 27w, https:\/\/da-resin-art.com\/wp-content\/uploads\/2026\/01\/zegary-da-resin-art-bezowy-zloty-polska-60-cm-3-600x1067.jpg 600w, https:\/\/da-resin-art.com\/wp-content\/uploads\/2026\/01\/zegary-da-resin-art-bezowy-zloty-polska-60-cm-3-28x50.jpg 28w, https:\/\/da-resin-art.com\/wp-content\/uploads\/2026\/01\/zegary-da-resin-art-bezowy-zloty-polska-60-cm-3.jpg 1080w\" sizes=\"(max-width: 576px) 100vw, 576px\" \/>\t\t\t\t\t\t\t\t\t\t\t\t\t\t\t<\/div>\n\t\t\t\t<\/div>\n\t\t\t\t\t<\/div>\n\t\t<\/div>\n\t\t\t\t<div class=\"elementor-column elementor-col-33 elementor-top-column elementor-element elementor-element-d167be2\" data-id=\"d167be2\" data-element_type=\"column\">\n\t\t\t<div class=\"elementor-widget-wrap elementor-element-populated\">\n\t\t\t\t\t\t<div class=\"elementor-element elementor-element-f797468 elementor-widget elementor-widget-image\" data-id=\"f797468\" data-element_type=\"widget\" data-widget_type=\"image.default\">\n\t\t\t\t<div class=\"elementor-widget-container\">\n\t\t\t\t\t\t\t\t\t\t\t\t\t\t\t<img loading=\"lazy\" decoding=\"async\" width=\"576\" height=\"1024\" src=\"https:\/\/da-resin-art.com\/wp-content\/uploads\/2026\/01\/zegary-da-resin-art-bezowy-zloty-polska-60-cm-4-576x1024.jpg\" class=\"attachment-large size-large wp-image-3997\" alt=\"zegar \u015bcienny z \u017cywicy Polska be\u017cowy z\u0142oto\" srcset=\"https:\/\/da-resin-art.com\/wp-content\/uploads\/2026\/01\/zegary-da-resin-art-bezowy-zloty-polska-60-cm-4-576x1024.jpg 576w, https:\/\/da-resin-art.com\/wp-content\/uploads\/2026\/01\/zegary-da-resin-art-bezowy-zloty-polska-60-cm-4-169x300.jpg 169w, https:\/\/da-resin-art.com\/wp-content\/uploads\/2026\/01\/zegary-da-resin-art-bezowy-zloty-polska-60-cm-4-768x1365.jpg 768w, https:\/\/da-resin-art.com\/wp-content\/uploads\/2026\/01\/zegary-da-resin-art-bezowy-zloty-polska-60-cm-4-864x1536.jpg 864w, https:\/\/da-resin-art.com\/wp-content\/uploads\/2026\/01\/zegary-da-resin-art-bezowy-zloty-polska-60-cm-4-14x24.jpg 14w, https:\/\/da-resin-art.com\/wp-content\/uploads\/2026\/01\/zegary-da-resin-art-bezowy-zloty-polska-60-cm-4-20x36.jpg 20w, https:\/\/da-resin-art.com\/wp-content\/uploads\/2026\/01\/zegary-da-resin-art-bezowy-zloty-polska-60-cm-4-27x48.jpg 27w, https:\/\/da-resin-art.com\/wp-content\/uploads\/2026\/01\/zegary-da-resin-art-bezowy-zloty-polska-60-cm-4-600x1067.jpg 600w, https:\/\/da-resin-art.com\/wp-content\/uploads\/2026\/01\/zegary-da-resin-art-bezowy-zloty-polska-60-cm-4-28x50.jpg 28w, https:\/\/da-resin-art.com\/wp-content\/uploads\/2026\/01\/zegary-da-resin-art-bezowy-zloty-polska-60-cm-4.jpg 1080w\" sizes=\"(max-width: 576px) 100vw, 576px\" \/>\t\t\t\t\t\t\t\t\t\t\t\t\t\t\t<\/div>\n\t\t\t\t<\/div>\n\t\t\t\t\t<\/div>\n\t\t<\/div>\n\t\t\t\t\t<\/div>\n\t\t<\/section>\n\t\t\t\t<\/div>\n\t\t","protected":false},"excerpt":{"rendered":"<p class=\"\" data-start=\"0\" data-end=\"284\">\u2705\ufe0f <strong data-start=\"3\" data-end=\"43\">Wymiary: 60 cm \u2013 kszta\u0142t mapy Polski<br \/>\n\u2705\ufe0f Baza z MDF<\/strong><br data-start=\"43\" data-end=\"46\" \/>\u2705\ufe0f <strong data-start=\"49\" data-end=\"75\">Cichy mechanizm zegara<\/strong><br data-start=\"75\" data-end=\"78\" \/>\u2705\ufe0f <strong data-start=\"81\" data-end=\"146\">Kolorystyka: bia\u0142o-be\u017cowa z subtelnymi z\u0142otymi akcentami<\/strong><br data-start=\"146\" data-end=\"149\" \/>\u2705\ufe0f <strong data-start=\"152\" data-end=\"208\">Z\u0142ote rzymskie cyfry i wskaz\u00f3wki z lustrzanego plexi<br \/>\n\u2705\ufe0f Dodatki: kruszone szk\u0142o, kamie\u0144 ksi\u0119\u017cycowy<br \/>\n<\/strong><\/p>\n<p class=\"\" data-start=\"286\" data-end=\"547\">Zegar \u015bcienny <strong data-start=\"300\" data-end=\"312\">\u201ePolska\u201d<\/strong> to prawdziwy ho\u0142d dla narodowego ducha w artystycznej formie.<br data-start=\"374\" data-end=\"377\" \/>R\u0119cznie wykonany w kszta\u0142cie mapy, \u0142\u0105czy g\u0142\u0119bokie barwy z b\u0142yskiem z\u0142ota.<br \/>\n<strong data-start=\"549\" data-end=\"605\">Zegar wykonany na zam\u00f3wienie indywidualne na prezent.<\/strong><\/p>\n","protected":false},"featured_media":3987,"template":"","meta":{"_acf_changed":false,"_kadence_starter_templates_imported_post":false,"_kad_post_transparent":"default","_kad_post_title":"","_kad_post_layout":"default","_kad_post_sidebar_id":"","_kad_post_content_style":"default","_kad_post_vertical_padding":"default","_kad_post_feature":"","_kad_post_feature_position":"","_kad_post_header":false,"_kad_post_footer":false},"product_brand":[],"product_cat":[18],"product_tag":[38,29],"class_list":{"0":"post-3985","1":"product","2":"type-product","3":"status-publish","4":"has-post-thumbnail","6":"product_cat-galeria","7":"product_tag-sprzedany","8":"product_tag-wszystko","10":"first","11":"outofstock","12":"shipping-taxable","13":"purchasable","14":"product-type-simple","15":"entry","16":"content-bg","17":"loop-entry"},"acf":[],"_links":{"self":[{"href":"https:\/\/da-resin-art.com\/en\/wp-json\/wp\/v2\/product\/3985","targetHints":{"allow":["GET"]}}],"collection":[{"href":"https:\/\/da-resin-art.com\/en\/wp-json\/wp\/v2\/product"}],"about":[{"href":"https:\/\/da-resin-art.com\/en\/wp-json\/wp\/v2\/types\/product"}],"version-history":[{"count":5,"href":"https:\/\/da-resin-art.com\/en\/wp-json\/wp\/v2\/product\/3985\/revisions"}],"predecessor-version":[{"id":4196,"href":"https:\/\/da-resin-art.com\/en\/wp-json\/wp\/v2\/product\/3985\/revisions\/4196"}],"wp:featuredmedia":[{"embeddable":true,"href":"https:\/\/da-resin-art.com\/en\/wp-json\/wp\/v2\/media\/3987"}],"wp:attachment":[{"href":"https:\/\/da-resin-art.com\/en\/wp-json\/wp\/v2\/media?parent=3985"}],"wp:term":[{"taxonomy":"product_brand","embeddable":true,"href":"https:\/\/da-resin-art.com\/en\/wp-json\/wp\/v2\/product_brand?post=3985"},{"taxonomy":"product_cat","embeddable":true,"href":"https:\/\/da-resin-art.com\/en\/wp-json\/wp\/v2\/product_cat?post=3985"},{"taxonomy":"product_tag","embeddable":true,"href":"https:\/\/da-resin-art.com\/en\/wp-json\/wp\/v2\/product_tag?post=3985"}],"curies":[{"name":"wp","href":"https:\/\/api.w.org\/{rel}","templated":true}]}}