{"id":4458,"date":"2026-02-10T21:21:40","date_gmt":"2026-02-10T20:21:40","guid":{"rendered":"https:\/\/da-resin-art.com\/?post_type=product&#038;p=4458"},"modified":"2026-02-10T21:37:23","modified_gmt":"2026-02-10T20:37:23","slug":"zegar-scienny-50-cm-prestige-black","status":"publish","type":"product","link":"https:\/\/da-resin-art.com\/en\/produkt\/zegar-scienny-50-cm-prestige-black\/","title":{"rendered":"Zegar \u015bcienny 50 cm \u201ePrestige Black\u201d"},"content":{"rendered":"\t\t<div data-elementor-type=\"product-post\" data-elementor-id=\"4458\" class=\"elementor elementor-4458\" data-elementor-post-type=\"product\">\n\t\t\t\t\t\t<section class=\"elementor-section elementor-top-section elementor-element elementor-element-1c05077 elementor-section-boxed elementor-section-height-default elementor-section-height-default\" data-id=\"1c05077\" data-element_type=\"section\">\n\t\t\t\t\t\t<div class=\"elementor-container elementor-column-gap-default\">\n\t\t\t\t\t<div class=\"elementor-column elementor-col-100 elementor-top-column elementor-element elementor-element-18dc669\" data-id=\"18dc669\" data-element_type=\"column\">\n\t\t\t<div class=\"elementor-widget-wrap elementor-element-populated\">\n\t\t\t\t\t\t<div class=\"elementor-element elementor-element-0aadb0f elementor-widget elementor-widget-image\" data-id=\"0aadb0f\" data-element_type=\"widget\" data-widget_type=\"image.default\">\n\t\t\t\t<div class=\"elementor-widget-container\">\n\t\t\t\t\t\t\t\t\t\t\t\t\t\t\t<img fetchpriority=\"high\" decoding=\"async\" width=\"1024\" height=\"576\" src=\"https:\/\/da-resin-art.com\/wp-content\/uploads\/2026\/02\/zegary-da-resin-art-czarno-zloty-prestige-4-1024x576.jpg\" class=\"attachment-large size-large wp-image-4470\" alt=\"Zegar z \u017cywicy da resin art czarno z\u0142oty\" srcset=\"https:\/\/da-resin-art.com\/wp-content\/uploads\/2026\/02\/zegary-da-resin-art-czarno-zloty-prestige-4-1024x576.jpg 1024w, https:\/\/da-resin-art.com\/wp-content\/uploads\/2026\/02\/zegary-da-resin-art-czarno-zloty-prestige-4-300x169.jpg 300w, https:\/\/da-resin-art.com\/wp-content\/uploads\/2026\/02\/zegary-da-resin-art-czarno-zloty-prestige-4-768x432.jpg 768w, https:\/\/da-resin-art.com\/wp-content\/uploads\/2026\/02\/zegary-da-resin-art-czarno-zloty-prestige-4-1536x864.jpg 1536w, https:\/\/da-resin-art.com\/wp-content\/uploads\/2026\/02\/zegary-da-resin-art-czarno-zloty-prestige-4-24x14.jpg 24w, https:\/\/da-resin-art.com\/wp-content\/uploads\/2026\/02\/zegary-da-resin-art-czarno-zloty-prestige-4-36x20.jpg 36w, https:\/\/da-resin-art.com\/wp-content\/uploads\/2026\/02\/zegary-da-resin-art-czarno-zloty-prestige-4-48x27.jpg 48w, https:\/\/da-resin-art.com\/wp-content\/uploads\/2026\/02\/zegary-da-resin-art-czarno-zloty-prestige-4-600x338.jpg 600w, https:\/\/da-resin-art.com\/wp-content\/uploads\/2026\/02\/zegary-da-resin-art-czarno-zloty-prestige-4-89x50.jpg 89w, https:\/\/da-resin-art.com\/wp-content\/uploads\/2026\/02\/zegary-da-resin-art-czarno-zloty-prestige-4-rotated.jpg 1920w\" sizes=\"(max-width: 1024px) 100vw, 1024px\" \/>\t\t\t\t\t\t\t\t\t\t\t\t\t\t\t<\/div>\n\t\t\t\t<\/div>\n\t\t\t\t\t<\/div>\n\t\t<\/div>\n\t\t\t\t\t<\/div>\n\t\t<\/section>\n\t\t\t\t<section class=\"elementor-section elementor-top-section elementor-element elementor-element-4e326855 elementor-section-boxed elementor-section-height-default elementor-section-height-default\" data-id=\"4e326855\" data-element_type=\"section\">\n\t\t\t\t\t\t<div class=\"elementor-container elementor-column-gap-default\">\n\t\t\t\t\t<div class=\"elementor-column elementor-col-100 elementor-top-column elementor-element elementor-element-42c485c1\" data-id=\"42c485c1\" data-element_type=\"column\">\n\t\t\t<div class=\"elementor-widget-wrap elementor-element-populated\">\n\t\t\t\t\t\t<div class=\"elementor-element elementor-element-67d3cb9 elementor-widget elementor-widget-text-editor\" data-id=\"67d3cb9\" data-element_type=\"widget\" data-widget_type=\"text-editor.default\">\n\t\t\t\t<div class=\"elementor-widget-container\">\n\t\t\t\t\t\t\t\t\t<p>\ud83d\udda4 \u015arednica 50 cm.<br \/>\ud83d\udda4Baza &#8211; MDF.<br \/>\ud83d\udda4 Zegar \u015bcienny \u201ePrestige Black\u201d &#8211; wz\u00f3r wykonany z \u017cywicy epoksydowej.<br \/>\ud83d\udda4 Dodatki: kruszone szk\u0142o.<br \/>\ud83d\udda4 Cichy mechanizm zegara.\u00a0<\/p>\t\t\t\t\t\t\t\t<\/div>\n\t\t\t\t<\/div>\n\t\t\t\t\t<\/div>\n\t\t<\/div>\n\t\t\t\t\t<\/div>\n\t\t<\/section>\n\t\t\t\t<section class=\"elementor-section elementor-top-section elementor-element elementor-element-1705c5e elementor-section-boxed elementor-section-height-default elementor-section-height-default\" data-id=\"1705c5e\" data-element_type=\"section\">\n\t\t\t\t\t\t<div class=\"elementor-container elementor-column-gap-default\">\n\t\t\t\t\t<div class=\"elementor-column elementor-col-33 elementor-top-column elementor-element elementor-element-e345a69\" data-id=\"e345a69\" data-element_type=\"column\">\n\t\t\t<div class=\"elementor-widget-wrap elementor-element-populated\">\n\t\t\t\t\t\t<div class=\"elementor-element elementor-element-d042564 elementor-widget elementor-widget-video\" data-id=\"d042564\" data-element_type=\"widget\" data-settings=\"{&quot;youtube_url&quot;:&quot;https:\\\/\\\/youtube.com\\\/watch?v=I2SE-NgS20s&quot;,&quot;video_type&quot;:&quot;youtube&quot;,&quot;controls&quot;:&quot;yes&quot;}\" data-widget_type=\"video.default\">\n\t\t\t\t<div class=\"elementor-widget-container\">\n\t\t\t\t\t\t\t<div class=\"elementor-wrapper elementor-open-inline\">\n\t\t\t<div class=\"elementor-video\"><\/div>\t\t<\/div>\n\t\t\t\t\t\t<\/div>\n\t\t\t\t<\/div>\n\t\t\t\t\t<\/div>\n\t\t<\/div>\n\t\t\t\t<div class=\"elementor-column elementor-col-33 elementor-top-column elementor-element elementor-element-d6da29c\" data-id=\"d6da29c\" data-element_type=\"column\">\n\t\t\t<div class=\"elementor-widget-wrap elementor-element-populated\">\n\t\t\t\t\t\t<div class=\"elementor-element elementor-element-65de88c elementor-widget elementor-widget-image\" data-id=\"65de88c\" data-element_type=\"widget\" data-widget_type=\"image.default\">\n\t\t\t\t<div class=\"elementor-widget-container\">\n\t\t\t\t\t\t\t\t\t\t\t\t\t\t\t<img decoding=\"async\" width=\"576\" height=\"1024\" src=\"https:\/\/da-resin-art.com\/wp-content\/uploads\/2026\/02\/zegary-da-resin-art-czarno-zloty-prestige-7-576x1024.jpg\" class=\"attachment-large size-large wp-image-4479\" alt=\"Zegar z \u017cywicy da resin art czarno z\u0142oty\" srcset=\"https:\/\/da-resin-art.com\/wp-content\/uploads\/2026\/02\/zegary-da-resin-art-czarno-zloty-prestige-7-576x1024.jpg 576w, https:\/\/da-resin-art.com\/wp-content\/uploads\/2026\/02\/zegary-da-resin-art-czarno-zloty-prestige-7-169x300.jpg 169w, https:\/\/da-resin-art.com\/wp-content\/uploads\/2026\/02\/zegary-da-resin-art-czarno-zloty-prestige-7-768x1365.jpg 768w, https:\/\/da-resin-art.com\/wp-content\/uploads\/2026\/02\/zegary-da-resin-art-czarno-zloty-prestige-7-864x1536.jpg 864w, https:\/\/da-resin-art.com\/wp-content\/uploads\/2026\/02\/zegary-da-resin-art-czarno-zloty-prestige-7-14x24.jpg 14w, https:\/\/da-resin-art.com\/wp-content\/uploads\/2026\/02\/zegary-da-resin-art-czarno-zloty-prestige-7-20x36.jpg 20w, https:\/\/da-resin-art.com\/wp-content\/uploads\/2026\/02\/zegary-da-resin-art-czarno-zloty-prestige-7-27x48.jpg 27w, https:\/\/da-resin-art.com\/wp-content\/uploads\/2026\/02\/zegary-da-resin-art-czarno-zloty-prestige-7-600x1067.jpg 600w, https:\/\/da-resin-art.com\/wp-content\/uploads\/2026\/02\/zegary-da-resin-art-czarno-zloty-prestige-7-28x50.jpg 28w, https:\/\/da-resin-art.com\/wp-content\/uploads\/2026\/02\/zegary-da-resin-art-czarno-zloty-prestige-7.jpg 1080w\" sizes=\"(max-width: 576px) 100vw, 576px\" \/>\t\t\t\t\t\t\t\t\t\t\t\t\t\t\t<\/div>\n\t\t\t\t<\/div>\n\t\t\t\t\t<\/div>\n\t\t<\/div>\n\t\t\t\t<div class=\"elementor-column elementor-col-33 elementor-top-column elementor-element elementor-element-f8aab89\" data-id=\"f8aab89\" data-element_type=\"column\">\n\t\t\t<div class=\"elementor-widget-wrap elementor-element-populated\">\n\t\t\t\t\t\t<div class=\"elementor-element elementor-element-d89be88 elementor-widget elementor-widget-image\" data-id=\"d89be88\" data-element_type=\"widget\" data-widget_type=\"image.default\">\n\t\t\t\t<div class=\"elementor-widget-container\">\n\t\t\t\t\t\t\t\t\t\t\t\t\t\t\t<img decoding=\"async\" width=\"576\" height=\"1024\" src=\"https:\/\/da-resin-art.com\/wp-content\/uploads\/2026\/02\/zegary-da-resin-art-czarno-zloty-prestige-5-576x1024.jpg\" class=\"attachment-large size-large wp-image-4473\" alt=\"Zegar z \u017cywicy da resin art czarno z\u0142oty\" srcset=\"https:\/\/da-resin-art.com\/wp-content\/uploads\/2026\/02\/zegary-da-resin-art-czarno-zloty-prestige-5-576x1024.jpg 576w, https:\/\/da-resin-art.com\/wp-content\/uploads\/2026\/02\/zegary-da-resin-art-czarno-zloty-prestige-5-169x300.jpg 169w, https:\/\/da-resin-art.com\/wp-content\/uploads\/2026\/02\/zegary-da-resin-art-czarno-zloty-prestige-5-768x1365.jpg 768w, https:\/\/da-resin-art.com\/wp-content\/uploads\/2026\/02\/zegary-da-resin-art-czarno-zloty-prestige-5-864x1536.jpg 864w, https:\/\/da-resin-art.com\/wp-content\/uploads\/2026\/02\/zegary-da-resin-art-czarno-zloty-prestige-5-14x24.jpg 14w, https:\/\/da-resin-art.com\/wp-content\/uploads\/2026\/02\/zegary-da-resin-art-czarno-zloty-prestige-5-20x36.jpg 20w, https:\/\/da-resin-art.com\/wp-content\/uploads\/2026\/02\/zegary-da-resin-art-czarno-zloty-prestige-5-27x48.jpg 27w, https:\/\/da-resin-art.com\/wp-content\/uploads\/2026\/02\/zegary-da-resin-art-czarno-zloty-prestige-5-600x1067.jpg 600w, https:\/\/da-resin-art.com\/wp-content\/uploads\/2026\/02\/zegary-da-resin-art-czarno-zloty-prestige-5-28x50.jpg 28w, https:\/\/da-resin-art.com\/wp-content\/uploads\/2026\/02\/zegary-da-resin-art-czarno-zloty-prestige-5.jpg 1080w\" sizes=\"(max-width: 576px) 100vw, 576px\" \/>\t\t\t\t\t\t\t\t\t\t\t\t\t\t\t<\/div>\n\t\t\t\t<\/div>\n\t\t\t\t\t<\/div>\n\t\t<\/div>\n\t\t\t\t\t<\/div>\n\t\t<\/section>\n\t\t\t\t<section class=\"elementor-section elementor-top-section elementor-element elementor-element-de9aa7f elementor-section-boxed elementor-section-height-default elementor-section-height-default\" data-id=\"de9aa7f\" data-element_type=\"section\">\n\t\t\t\t\t\t<div class=\"elementor-container elementor-column-gap-default\">\n\t\t\t\t\t<div class=\"elementor-column elementor-col-100 elementor-top-column elementor-element elementor-element-a0b9f94\" data-id=\"a0b9f94\" data-element_type=\"column\">\n\t\t\t<div class=\"elementor-widget-wrap elementor-element-populated\">\n\t\t\t\t\t\t<div class=\"elementor-element elementor-element-68b2ab8 elementor-widget elementor-widget-text-editor\" data-id=\"68b2ab8\" data-element_type=\"widget\" data-widget_type=\"text-editor.default\">\n\t\t\t\t<div class=\"elementor-widget-container\">\n\t\t\t\t\t\t\t\t\t<h3 data-start=\"0\" data-end=\"76\">Zegar \u015bcienny \u201ePrestige Black\u201d\u00a0\u2013 elegancja w najczystszej formie<\/h3><p data-start=\"78\" data-end=\"329\">Stylowy, 50-centymetrowy zegar \u015bcienny \u201ePrestige Black\u201d\u00a0to wyj\u0105tkowe po\u0142\u0105czenie nowoczesnej sztuki i luksusu. Wykonany z \u017cywicy epoksydowej, zachwyca <strong data-start=\"234\" data-end=\"253\">g\u0142\u0119bok\u0105 czerni\u0105<\/strong>, kt\u00f3r\u0105 prze\u0142amuj\u0105 <strong data-start=\"272\" data-end=\"289\">z\u0142ote akcenty<\/strong>, dodaj\u0105ce mu presti\u017cowego charakteru.<\/p><p data-start=\"331\" data-end=\"518\">Dodatkowe elementy, takie jak <strong data-start=\"361\" data-end=\"379\">kruszone szk\u0142o<\/strong>, podkre\u015blaj\u0105 wyj\u0105tkow\u0105 faktur\u0119 i nadaj\u0105 ca\u0142o\u015bci subtelnego blasku. Cichy mechanizm zapewnia komfort u\u017cytkowania.<\/p><p data-start=\"520\" data-end=\"692\" data-is-last-node=\"\" data-is-only-node=\"\"><strong data-start=\"520\" data-end=\"542\">Czarny ze z\u0142otem zegar z \u017cywic\u0105<\/strong> \u2013 to designerski akcent, kt\u00f3ry wniesie do Twojego wn\u0119trza elegancj\u0119 i ponadczasowy styl glamur. Niech czas p\u0142ynie w pi\u0119knym otoczeniu!<\/p>\t\t\t\t\t\t\t\t<\/div>\n\t\t\t\t<\/div>\n\t\t\t\t\t<\/div>\n\t\t<\/div>\n\t\t\t\t\t<\/div>\n\t\t<\/section>\n\t\t\t\t<section class=\"elementor-section elementor-top-section elementor-element elementor-element-e6cc6e8 elementor-section-boxed elementor-section-height-default elementor-section-height-default\" data-id=\"e6cc6e8\" data-element_type=\"section\">\n\t\t\t\t\t\t<div class=\"elementor-container elementor-column-gap-default\">\n\t\t\t\t\t<div class=\"elementor-column elementor-col-33 elementor-top-column elementor-element elementor-element-ca6c748\" data-id=\"ca6c748\" data-element_type=\"column\">\n\t\t\t<div class=\"elementor-widget-wrap elementor-element-populated\">\n\t\t\t\t\t\t<div class=\"elementor-element elementor-element-f8a13bc elementor-widget elementor-widget-image\" data-id=\"f8a13bc\" data-element_type=\"widget\" data-widget_type=\"image.default\">\n\t\t\t\t<div class=\"elementor-widget-container\">\n\t\t\t\t\t\t\t\t\t\t\t\t\t\t\t<img loading=\"lazy\" decoding=\"async\" width=\"576\" height=\"1024\" src=\"https:\/\/da-resin-art.com\/wp-content\/uploads\/2026\/02\/zegary-da-resin-art-czarno-zloty-prestige-6-576x1024.jpg\" class=\"attachment-large size-large wp-image-4476\" alt=\"Zegar z \u017cywicy da resin art czarno z\u0142oty\" srcset=\"https:\/\/da-resin-art.com\/wp-content\/uploads\/2026\/02\/zegary-da-resin-art-czarno-zloty-prestige-6-576x1024.jpg 576w, https:\/\/da-resin-art.com\/wp-content\/uploads\/2026\/02\/zegary-da-resin-art-czarno-zloty-prestige-6-169x300.jpg 169w, https:\/\/da-resin-art.com\/wp-content\/uploads\/2026\/02\/zegary-da-resin-art-czarno-zloty-prestige-6-768x1365.jpg 768w, https:\/\/da-resin-art.com\/wp-content\/uploads\/2026\/02\/zegary-da-resin-art-czarno-zloty-prestige-6-864x1536.jpg 864w, https:\/\/da-resin-art.com\/wp-content\/uploads\/2026\/02\/zegary-da-resin-art-czarno-zloty-prestige-6-14x24.jpg 14w, https:\/\/da-resin-art.com\/wp-content\/uploads\/2026\/02\/zegary-da-resin-art-czarno-zloty-prestige-6-20x36.jpg 20w, https:\/\/da-resin-art.com\/wp-content\/uploads\/2026\/02\/zegary-da-resin-art-czarno-zloty-prestige-6-27x48.jpg 27w, https:\/\/da-resin-art.com\/wp-content\/uploads\/2026\/02\/zegary-da-resin-art-czarno-zloty-prestige-6-600x1067.jpg 600w, https:\/\/da-resin-art.com\/wp-content\/uploads\/2026\/02\/zegary-da-resin-art-czarno-zloty-prestige-6-28x50.jpg 28w, https:\/\/da-resin-art.com\/wp-content\/uploads\/2026\/02\/zegary-da-resin-art-czarno-zloty-prestige-6.jpg 1080w\" sizes=\"(max-width: 576px) 100vw, 576px\" \/>\t\t\t\t\t\t\t\t\t\t\t\t\t\t\t<\/div>\n\t\t\t\t<\/div>\n\t\t\t\t\t<\/div>\n\t\t<\/div>\n\t\t\t\t<div class=\"elementor-column elementor-col-33 elementor-top-column elementor-element elementor-element-2d77b49\" data-id=\"2d77b49\" data-element_type=\"column\">\n\t\t\t<div class=\"elementor-widget-wrap elementor-element-populated\">\n\t\t\t\t\t\t<div class=\"elementor-element elementor-element-ebc2c3f elementor-widget elementor-widget-image\" data-id=\"ebc2c3f\" data-element_type=\"widget\" data-widget_type=\"image.default\">\n\t\t\t\t<div class=\"elementor-widget-container\">\n\t\t\t\t\t\t\t\t\t\t\t\t\t\t\t<img loading=\"lazy\" decoding=\"async\" width=\"576\" height=\"1024\" src=\"https:\/\/da-resin-art.com\/wp-content\/uploads\/2026\/02\/zegary-da-resin-art-czarno-zloty-prestige-2-576x1024.jpg\" class=\"attachment-large size-large wp-image-4464\" alt=\"Zegar z \u017cywicy da resin art czarno z\u0142oty\" srcset=\"https:\/\/da-resin-art.com\/wp-content\/uploads\/2026\/02\/zegary-da-resin-art-czarno-zloty-prestige-2-576x1024.jpg 576w, https:\/\/da-resin-art.com\/wp-content\/uploads\/2026\/02\/zegary-da-resin-art-czarno-zloty-prestige-2-169x300.jpg 169w, https:\/\/da-resin-art.com\/wp-content\/uploads\/2026\/02\/zegary-da-resin-art-czarno-zloty-prestige-2-768x1366.jpg 768w, https:\/\/da-resin-art.com\/wp-content\/uploads\/2026\/02\/zegary-da-resin-art-czarno-zloty-prestige-2-864x1536.jpg 864w, https:\/\/da-resin-art.com\/wp-content\/uploads\/2026\/02\/zegary-da-resin-art-czarno-zloty-prestige-2-13x24.jpg 13w, https:\/\/da-resin-art.com\/wp-content\/uploads\/2026\/02\/zegary-da-resin-art-czarno-zloty-prestige-2-20x36.jpg 20w, https:\/\/da-resin-art.com\/wp-content\/uploads\/2026\/02\/zegary-da-resin-art-czarno-zloty-prestige-2-27x48.jpg 27w, https:\/\/da-resin-art.com\/wp-content\/uploads\/2026\/02\/zegary-da-resin-art-czarno-zloty-prestige-2-600x1067.jpg 600w, https:\/\/da-resin-art.com\/wp-content\/uploads\/2026\/02\/zegary-da-resin-art-czarno-zloty-prestige-2-28x50.jpg 28w, https:\/\/da-resin-art.com\/wp-content\/uploads\/2026\/02\/zegary-da-resin-art-czarno-zloty-prestige-2.jpg 1080w\" sizes=\"(max-width: 576px) 100vw, 576px\" \/>\t\t\t\t\t\t\t\t\t\t\t\t\t\t\t<\/div>\n\t\t\t\t<\/div>\n\t\t\t\t\t<\/div>\n\t\t<\/div>\n\t\t\t\t<div class=\"elementor-column elementor-col-33 elementor-top-column elementor-element elementor-element-d167be2\" data-id=\"d167be2\" data-element_type=\"column\">\n\t\t\t<div class=\"elementor-widget-wrap elementor-element-populated\">\n\t\t\t\t\t\t<div class=\"elementor-element elementor-element-f797468 elementor-widget elementor-widget-image\" data-id=\"f797468\" data-element_type=\"widget\" data-widget_type=\"image.default\">\n\t\t\t\t<div class=\"elementor-widget-container\">\n\t\t\t\t\t\t\t\t\t\t\t\t\t\t\t<img loading=\"lazy\" decoding=\"async\" width=\"576\" height=\"1024\" src=\"https:\/\/da-resin-art.com\/wp-content\/uploads\/2026\/02\/zegary-da-resin-art-czarno-zloty-prestige-3-576x1024.jpg\" class=\"attachment-large size-large wp-image-4467\" alt=\"Zegar z \u017cywicy da resin art czarno z\u0142oty\" srcset=\"https:\/\/da-resin-art.com\/wp-content\/uploads\/2026\/02\/zegary-da-resin-art-czarno-zloty-prestige-3-576x1024.jpg 576w, https:\/\/da-resin-art.com\/wp-content\/uploads\/2026\/02\/zegary-da-resin-art-czarno-zloty-prestige-3-169x300.jpg 169w, https:\/\/da-resin-art.com\/wp-content\/uploads\/2026\/02\/zegary-da-resin-art-czarno-zloty-prestige-3-768x1365.jpg 768w, https:\/\/da-resin-art.com\/wp-content\/uploads\/2026\/02\/zegary-da-resin-art-czarno-zloty-prestige-3-864x1536.jpg 864w, https:\/\/da-resin-art.com\/wp-content\/uploads\/2026\/02\/zegary-da-resin-art-czarno-zloty-prestige-3-14x24.jpg 14w, https:\/\/da-resin-art.com\/wp-content\/uploads\/2026\/02\/zegary-da-resin-art-czarno-zloty-prestige-3-20x36.jpg 20w, https:\/\/da-resin-art.com\/wp-content\/uploads\/2026\/02\/zegary-da-resin-art-czarno-zloty-prestige-3-27x48.jpg 27w, https:\/\/da-resin-art.com\/wp-content\/uploads\/2026\/02\/zegary-da-resin-art-czarno-zloty-prestige-3-600x1067.jpg 600w, https:\/\/da-resin-art.com\/wp-content\/uploads\/2026\/02\/zegary-da-resin-art-czarno-zloty-prestige-3-28x50.jpg 28w, https:\/\/da-resin-art.com\/wp-content\/uploads\/2026\/02\/zegary-da-resin-art-czarno-zloty-prestige-3.jpg 1080w\" sizes=\"(max-width: 576px) 100vw, 576px\" \/>\t\t\t\t\t\t\t\t\t\t\t\t\t\t\t<\/div>\n\t\t\t\t<\/div>\n\t\t\t\t\t<\/div>\n\t\t<\/div>\n\t\t\t\t\t<\/div>\n\t\t<\/section>\n\t\t\t\t<\/div>\n\t\t","protected":false},"excerpt":{"rendered":"<p data-start=\"65\" data-end=\"267\">\u2705\ufe0f <strong data-start=\"68\" data-end=\"80\">Rozmiar:<\/strong> 50 cm \u015brednica<br data-start=\"95\" data-end=\"98\" \/>\u2705\ufe0f <strong data-start=\"101\" data-end=\"127\">Cichy mechanizm zegara<\/strong><br data-start=\"127\" data-end=\"130\" \/>\u2705\ufe0f <strong data-start=\"133\" data-end=\"188\">G\u0142\u0119bokie czarne t\u0142o z luksusowymi z\u0142otymi akcentami<\/strong><br data-start=\"188\" data-end=\"191\" \/>\u2705\ufe0f <strong data-start=\"194\" data-end=\"265\">Dodatki: kruszone szk\u0142o &#8211; podkre\u015blaj\u0105ce elegancj\u0119<\/strong><\/p>\n<p data-start=\"269\" data-end=\"645\">Zegar \u015bcienny \u201ePrestige Black\u201d to prawdziwa bi\u017cuteria dla Twojej \u015bciany \u2014 wykonany z \u017cywicy epoksydowej, \u0142\u0105czy nowoczesny design z ponadczasow\u0105 elegancj\u0105 w stylu glamour. Kontrast czerni i z\u0142ota, wzbogacony o blask kruszonego szk\u0142a, nadaje mu <strong data-start=\"540\" data-end=\"579\">wyrafinowany i presti\u017cowy charakter<\/strong>, kt\u00f3ry doskonale wpisuje si\u0119 w eleganckie i nowoczesne wn\u0119trza.<\/p>\n<p data-start=\"647\" data-end=\"871\">To wi\u0119cej ni\u017c zegar \u2014 to <strong data-start=\"672\" data-end=\"710\">dekoracyjny akcent w stylu glamour<\/strong>, kt\u00f3ry podkre\u015bla klas\u0119, luksus i wyj\u0105tkowy charakter przestrzeni. Idealny wyb\u00f3r dla tych, kt\u00f3rzy ceni\u0105 <strong data-start=\"816\" data-end=\"867\">elegancj\u0119, wyrazisty design i ponadczasowy szyk<\/strong> \u2728<\/p>\n","protected":false},"featured_media":4459,"template":"","meta":{"_acf_changed":false,"_kadence_starter_templates_imported_post":false,"_kad_post_transparent":"default","_kad_post_title":"","_kad_post_layout":"default","_kad_post_sidebar_id":"","_kad_post_content_style":"default","_kad_post_vertical_padding":"default","_kad_post_feature":"","_kad_post_feature_position":"","_kad_post_header":false,"_kad_post_footer":false},"product_brand":[],"product_cat":[18],"product_tag":[38,29],"class_list":{"0":"post-4458","1":"product","2":"type-product","3":"status-publish","4":"has-post-thumbnail","6":"product_cat-galeria","7":"product_tag-sprzedany","8":"product_tag-wszystko","10":"first","11":"outofstock","12":"shipping-taxable","13":"purchasable","14":"product-type-simple","15":"entry","16":"content-bg","17":"loop-entry"},"acf":[],"_links":{"self":[{"href":"https:\/\/da-resin-art.com\/en\/wp-json\/wp\/v2\/product\/4458","targetHints":{"allow":["GET"]}}],"collection":[{"href":"https:\/\/da-resin-art.com\/en\/wp-json\/wp\/v2\/product"}],"about":[{"href":"https:\/\/da-resin-art.com\/en\/wp-json\/wp\/v2\/types\/product"}],"version-history":[{"count":6,"href":"https:\/\/da-resin-art.com\/en\/wp-json\/wp\/v2\/product\/4458\/revisions"}],"predecessor-version":[{"id":4486,"href":"https:\/\/da-resin-art.com\/en\/wp-json\/wp\/v2\/product\/4458\/revisions\/4486"}],"wp:featuredmedia":[{"embeddable":true,"href":"https:\/\/da-resin-art.com\/en\/wp-json\/wp\/v2\/media\/4459"}],"wp:attachment":[{"href":"https:\/\/da-resin-art.com\/en\/wp-json\/wp\/v2\/media?parent=4458"}],"wp:term":[{"taxonomy":"product_brand","embeddable":true,"href":"https:\/\/da-resin-art.com\/en\/wp-json\/wp\/v2\/product_brand?post=4458"},{"taxonomy":"product_cat","embeddable":true,"href":"https:\/\/da-resin-art.com\/en\/wp-json\/wp\/v2\/product_cat?post=4458"},{"taxonomy":"product_tag","embeddable":true,"href":"https:\/\/da-resin-art.com\/en\/wp-json\/wp\/v2\/product_tag?post=4458"}],"curies":[{"name":"wp","href":"https:\/\/api.w.org\/{rel}","templated":true}]}}