{"id":536,"date":"2025-01-22T23:55:19","date_gmt":"2025-01-22T22:55:19","guid":{"rendered":"https:\/\/da-resin-art.com\/?post_type=product&#038;p=536"},"modified":"2026-02-10T19:15:17","modified_gmt":"2026-02-10T18:15:17","slug":"zegar-blekitne-niebo","status":"publish","type":"product","link":"https:\/\/da-resin-art.com\/en\/produkt\/zegar-blekitne-niebo\/","title":{"rendered":"Zegar \u015bcienny 40 cm \u201eB\u0142\u0119kitne niebo\u201d"},"content":{"rendered":"\t\t<div data-elementor-type=\"product-post\" data-elementor-id=\"536\" class=\"elementor elementor-536\" data-elementor-post-type=\"product\">\n\t\t\t\t\t\t<section class=\"elementor-section elementor-top-section elementor-element elementor-element-e96d34c elementor-section-boxed elementor-section-height-default elementor-section-height-default\" data-id=\"e96d34c\" data-element_type=\"section\">\n\t\t\t\t\t\t<div class=\"elementor-container elementor-column-gap-default\">\n\t\t\t\t\t<div class=\"elementor-column elementor-col-100 elementor-top-column elementor-element elementor-element-4af0f94\" data-id=\"4af0f94\" data-element_type=\"column\">\n\t\t\t<div class=\"elementor-widget-wrap elementor-element-populated\">\n\t\t\t\t\t\t<div class=\"elementor-element elementor-element-bb07383 elementor-widget elementor-widget-image\" data-id=\"bb07383\" data-element_type=\"widget\" data-widget_type=\"image.default\">\n\t\t\t\t<div class=\"elementor-widget-container\">\n\t\t\t\t\t\t\t\t\t\t\t\t\t\t\t<img fetchpriority=\"high\" decoding=\"async\" width=\"2000\" height=\"1126\" src=\"https:\/\/da-resin-art.com\/wp-content\/uploads\/2025\/01\/zegary-da-resinart-12.jpg\" class=\"attachment-full size-full wp-image-709\" alt=\"zegar z \u017cywic\u0105 niebieski srebro da resin art\" srcset=\"https:\/\/da-resin-art.com\/wp-content\/uploads\/2025\/01\/zegary-da-resinart-12.jpg 2000w, https:\/\/da-resin-art.com\/wp-content\/uploads\/2025\/01\/zegary-da-resinart-12-300x169.jpg 300w, https:\/\/da-resin-art.com\/wp-content\/uploads\/2025\/01\/zegary-da-resinart-12-1024x577.jpg 1024w, https:\/\/da-resin-art.com\/wp-content\/uploads\/2025\/01\/zegary-da-resinart-12-768x432.jpg 768w, https:\/\/da-resin-art.com\/wp-content\/uploads\/2025\/01\/zegary-da-resinart-12-1536x865.jpg 1536w, https:\/\/da-resin-art.com\/wp-content\/uploads\/2025\/01\/zegary-da-resinart-12-600x338.jpg 600w\" sizes=\"(max-width: 2000px) 100vw, 2000px\" \/>\t\t\t\t\t\t\t\t\t\t\t\t\t\t\t<\/div>\n\t\t\t\t<\/div>\n\t\t\t\t\t<\/div>\n\t\t<\/div>\n\t\t\t\t\t<\/div>\n\t\t<\/section>\n\t\t\t\t<section class=\"elementor-section elementor-top-section elementor-element elementor-element-6974737 elementor-section-boxed elementor-section-height-default elementor-section-height-default\" data-id=\"6974737\" data-element_type=\"section\">\n\t\t\t\t\t\t<div class=\"elementor-container elementor-column-gap-default\">\n\t\t\t\t\t<div class=\"elementor-column elementor-col-100 elementor-top-column elementor-element elementor-element-0a9af81\" data-id=\"0a9af81\" data-element_type=\"column\">\n\t\t\t<div class=\"elementor-widget-wrap elementor-element-populated\">\n\t\t\t\t\t\t<div class=\"elementor-element elementor-element-ff34693 elementor-widget elementor-widget-text-editor\" data-id=\"ff34693\" data-element_type=\"widget\" data-widget_type=\"text-editor.default\">\n\t\t\t\t<div class=\"elementor-widget-container\">\n\t\t\t\t\t\t\t\t\t<p>\ud83d\udda4 \u015arednica 40 cm.<\/p><p>\ud83d\udda4 Baza &#8211; MDF.<\/p><p>\ud83d\udda4 Zegar \u015bcienny &#8220;B\u0142\u0119kitne niebo&#8221; &#8211; wz\u00f3r wykonany z \u017cywicy epoksydowej.<\/p><p>\ud83d\udda4 Dodatki- naturalne kamienie: ksi\u0119\u017cycowy oraz magnezyt.<\/p><p>\ud83d\udda4Cichy mechanizm zegara.<\/p>\t\t\t\t\t\t\t\t<\/div>\n\t\t\t\t<\/div>\n\t\t\t\t\t<\/div>\n\t\t<\/div>\n\t\t\t\t\t<\/div>\n\t\t<\/section>\n\t\t\t\t<section class=\"elementor-section elementor-top-section elementor-element elementor-element-8f356d0 elementor-section-boxed elementor-section-height-default elementor-section-height-default\" data-id=\"8f356d0\" data-element_type=\"section\">\n\t\t\t\t\t\t<div class=\"elementor-container elementor-column-gap-default\">\n\t\t\t\t\t<div class=\"elementor-column elementor-col-33 elementor-top-column elementor-element elementor-element-f8bead0\" data-id=\"f8bead0\" data-element_type=\"column\">\n\t\t\t<div class=\"elementor-widget-wrap elementor-element-populated\">\n\t\t\t\t\t\t<div class=\"elementor-element elementor-element-d1a2af4 elementor-widget elementor-widget-video\" data-id=\"d1a2af4\" data-element_type=\"widget\" data-settings=\"{&quot;youtube_url&quot;:&quot;https:\\\/\\\/youtube.com\\\/watch?v=0WTvc_qNMaY?feature=share&quot;,&quot;video_type&quot;:&quot;youtube&quot;,&quot;controls&quot;:&quot;yes&quot;}\" data-widget_type=\"video.default\">\n\t\t\t\t<div class=\"elementor-widget-container\">\n\t\t\t\t\t\t\t<div class=\"elementor-wrapper elementor-open-inline\">\n\t\t\t<div class=\"elementor-video\"><\/div>\t\t<\/div>\n\t\t\t\t\t\t<\/div>\n\t\t\t\t<\/div>\n\t\t\t\t\t<\/div>\n\t\t<\/div>\n\t\t\t\t<div class=\"elementor-column elementor-col-33 elementor-top-column elementor-element elementor-element-0746d65\" data-id=\"0746d65\" data-element_type=\"column\">\n\t\t\t<div class=\"elementor-widget-wrap elementor-element-populated\">\n\t\t\t\t\t\t<div class=\"elementor-element elementor-element-eb70447 elementor-widget elementor-widget-image\" data-id=\"eb70447\" data-element_type=\"widget\" data-widget_type=\"image.default\">\n\t\t\t\t<div class=\"elementor-widget-container\">\n\t\t\t\t\t\t\t\t\t\t\t\t\t\t\t<img decoding=\"async\" width=\"576\" height=\"1024\" src=\"https:\/\/da-resin-art.com\/wp-content\/uploads\/2025\/01\/zegar-zywica-da-resin-art-niebo-3-576x1024.jpg\" class=\"attachment-large size-large wp-image-400\" alt=\"zegar z \u017cywic\u0105 niebieski srebro da resin art\" srcset=\"https:\/\/da-resin-art.com\/wp-content\/uploads\/2025\/01\/zegar-zywica-da-resin-art-niebo-3-576x1024.jpg 576w, https:\/\/da-resin-art.com\/wp-content\/uploads\/2025\/01\/zegar-zywica-da-resin-art-niebo-3-169x300.jpg 169w, https:\/\/da-resin-art.com\/wp-content\/uploads\/2025\/01\/zegar-zywica-da-resin-art-niebo-3-768x1365.jpg 768w, https:\/\/da-resin-art.com\/wp-content\/uploads\/2025\/01\/zegar-zywica-da-resin-art-niebo-3-864x1536.jpg 864w, https:\/\/da-resin-art.com\/wp-content\/uploads\/2025\/01\/zegar-zywica-da-resin-art-niebo-3-1152x2048.jpg 1152w, https:\/\/da-resin-art.com\/wp-content\/uploads\/2025\/01\/zegar-zywica-da-resin-art-niebo-3-600x1067.jpg 600w, https:\/\/da-resin-art.com\/wp-content\/uploads\/2025\/01\/zegar-zywica-da-resin-art-niebo-3-scaled.jpg 1440w\" sizes=\"(max-width: 576px) 100vw, 576px\" \/>\t\t\t\t\t\t\t\t\t\t\t\t\t\t\t<\/div>\n\t\t\t\t<\/div>\n\t\t\t\t\t<\/div>\n\t\t<\/div>\n\t\t\t\t<div class=\"elementor-column elementor-col-33 elementor-top-column elementor-element elementor-element-308e7bb\" data-id=\"308e7bb\" data-element_type=\"column\">\n\t\t\t<div class=\"elementor-widget-wrap elementor-element-populated\">\n\t\t\t\t\t\t<div class=\"elementor-element elementor-element-8108d8b elementor-widget elementor-widget-image\" data-id=\"8108d8b\" data-element_type=\"widget\" data-widget_type=\"image.default\">\n\t\t\t\t<div class=\"elementor-widget-container\">\n\t\t\t\t\t\t\t\t\t\t\t\t\t\t\t<img decoding=\"async\" width=\"576\" height=\"1024\" src=\"https:\/\/da-resin-art.com\/wp-content\/uploads\/2025\/01\/zegar-zywica-da-resin-art-niebo-2-576x1024.jpg\" class=\"attachment-large size-large wp-image-401\" alt=\"zegar z \u017cywic\u0105 niebieski srebro da resin art\" srcset=\"https:\/\/da-resin-art.com\/wp-content\/uploads\/2025\/01\/zegar-zywica-da-resin-art-niebo-2-576x1024.jpg 576w, https:\/\/da-resin-art.com\/wp-content\/uploads\/2025\/01\/zegar-zywica-da-resin-art-niebo-2-169x300.jpg 169w, https:\/\/da-resin-art.com\/wp-content\/uploads\/2025\/01\/zegar-zywica-da-resin-art-niebo-2-768x1364.jpg 768w, https:\/\/da-resin-art.com\/wp-content\/uploads\/2025\/01\/zegar-zywica-da-resin-art-niebo-2-865x1536.jpg 865w, https:\/\/da-resin-art.com\/wp-content\/uploads\/2025\/01\/zegar-zywica-da-resin-art-niebo-2-1153x2048.jpg 1153w, https:\/\/da-resin-art.com\/wp-content\/uploads\/2025\/01\/zegar-zywica-da-resin-art-niebo-2-600x1066.jpg 600w, https:\/\/da-resin-art.com\/wp-content\/uploads\/2025\/01\/zegar-zywica-da-resin-art-niebo-2.jpg 1364w\" sizes=\"(max-width: 576px) 100vw, 576px\" \/>\t\t\t\t\t\t\t\t\t\t\t\t\t\t\t<\/div>\n\t\t\t\t<\/div>\n\t\t\t\t\t<\/div>\n\t\t<\/div>\n\t\t\t\t\t<\/div>\n\t\t<\/section>\n\t\t\t\t<section class=\"elementor-section elementor-top-section elementor-element elementor-element-a2f7370 elementor-section-boxed elementor-section-height-default elementor-section-height-default\" data-id=\"a2f7370\" data-element_type=\"section\">\n\t\t\t\t\t\t<div class=\"elementor-container elementor-column-gap-default\">\n\t\t\t\t\t<div class=\"elementor-column elementor-col-100 elementor-top-column elementor-element elementor-element-63d316c\" data-id=\"63d316c\" data-element_type=\"column\">\n\t\t\t<div class=\"elementor-widget-wrap elementor-element-populated\">\n\t\t\t\t\t\t<div class=\"elementor-element elementor-element-2633efc elementor-widget elementor-widget-text-editor\" data-id=\"2633efc\" data-element_type=\"widget\" data-widget_type=\"text-editor.default\">\n\t\t\t\t<div class=\"elementor-widget-container\">\n\t\t\t\t\t\t\t\t\t<p>\u2728 <strong>Zegar \u015bcienny &#8220;B\u0142\u0119kitne niebo&#8221; \u2013 harmonia i sztuka w Twoim wn\u0119trzu!<\/strong> \u2728\u2601\ufe0f<\/p><p>R\u0119cznie wykonany z \u017cywicy epoksydowej i naturalnych kamieni \u2013 ksi\u0119\u017cycowego i magnezytu. Jego niepowtarzalny wz\u00f3r przypomina bezkres nieba, wprowadzaj\u0105c lekko\u015b\u0107 i spok\u00f3j do przestrzeni. Cichy mechanizm zapewnia harmoni\u0119, a subtelna elegancja dodaje wn\u0119trzu wyj\u0105tkowego charakteru.<\/p><p>\ud83d\udd39 <strong>Ponadczasowy design inspirowany natur\u0105!<\/strong> \ud83d\udd39<\/p><p>\ud83d\uded2 <strong>Kup teraz lub zam\u00f3w personalizowan\u0105 wersj\u0119!<\/strong> \ud83d\udc99<\/p>\t\t\t\t\t\t\t\t<\/div>\n\t\t\t\t<\/div>\n\t\t\t\t\t<\/div>\n\t\t<\/div>\n\t\t\t\t\t<\/div>\n\t\t<\/section>\n\t\t\t\t<section class=\"elementor-section elementor-top-section elementor-element elementor-element-dd427e2 elementor-section-boxed elementor-section-height-default elementor-section-height-default\" data-id=\"dd427e2\" data-element_type=\"section\">\n\t\t\t\t\t\t<div class=\"elementor-container elementor-column-gap-default\">\n\t\t\t\t\t<div class=\"elementor-column elementor-col-33 elementor-top-column elementor-element elementor-element-70ec8a8\" data-id=\"70ec8a8\" data-element_type=\"column\">\n\t\t\t<div class=\"elementor-widget-wrap elementor-element-populated\">\n\t\t\t\t\t\t<div class=\"elementor-element elementor-element-95f5727 elementor-widget elementor-widget-image\" data-id=\"95f5727\" data-element_type=\"widget\" data-widget_type=\"image.default\">\n\t\t\t\t<div class=\"elementor-widget-container\">\n\t\t\t\t\t\t\t\t\t\t\t\t\t\t\t<img loading=\"lazy\" decoding=\"async\" width=\"576\" height=\"1024\" src=\"https:\/\/da-resin-art.com\/wp-content\/uploads\/2025\/01\/zegar-zywica-da-resin-art-niebo-1-576x1024.jpg\" class=\"attachment-large size-large wp-image-402\" alt=\"zegar z \u017cywic\u0105 niebieski srebro da resin art\" srcset=\"https:\/\/da-resin-art.com\/wp-content\/uploads\/2025\/01\/zegar-zywica-da-resin-art-niebo-1-576x1024.jpg 576w, https:\/\/da-resin-art.com\/wp-content\/uploads\/2025\/01\/zegar-zywica-da-resin-art-niebo-1-169x300.jpg 169w, https:\/\/da-resin-art.com\/wp-content\/uploads\/2025\/01\/zegar-zywica-da-resin-art-niebo-1-768x1365.jpg 768w, https:\/\/da-resin-art.com\/wp-content\/uploads\/2025\/01\/zegar-zywica-da-resin-art-niebo-1-864x1536.jpg 864w, https:\/\/da-resin-art.com\/wp-content\/uploads\/2025\/01\/zegar-zywica-da-resin-art-niebo-1-1152x2048.jpg 1152w, https:\/\/da-resin-art.com\/wp-content\/uploads\/2025\/01\/zegar-zywica-da-resin-art-niebo-1-600x1067.jpg 600w, https:\/\/da-resin-art.com\/wp-content\/uploads\/2025\/01\/zegar-zywica-da-resin-art-niebo-1-scaled.jpg 1440w\" sizes=\"(max-width: 576px) 100vw, 576px\" \/>\t\t\t\t\t\t\t\t\t\t\t\t\t\t\t<\/div>\n\t\t\t\t<\/div>\n\t\t\t\t\t<\/div>\n\t\t<\/div>\n\t\t\t\t<div class=\"elementor-column elementor-col-33 elementor-top-column elementor-element elementor-element-1a4595f\" data-id=\"1a4595f\" data-element_type=\"column\">\n\t\t\t<div class=\"elementor-widget-wrap elementor-element-populated\">\n\t\t\t\t\t\t<div class=\"elementor-element elementor-element-3dc8c96 elementor-widget elementor-widget-image\" data-id=\"3dc8c96\" data-element_type=\"widget\" data-widget_type=\"image.default\">\n\t\t\t\t<div class=\"elementor-widget-container\">\n\t\t\t\t\t\t\t\t\t\t\t\t\t\t\t<img loading=\"lazy\" decoding=\"async\" width=\"576\" height=\"1024\" src=\"https:\/\/da-resin-art.com\/wp-content\/uploads\/2025\/01\/zegar-zywica-da-resin-art-niebo-4-576x1024.jpg\" class=\"attachment-large size-large wp-image-403\" alt=\"zegar z \u017cywic\u0105 niebieski srebro da resin art\" srcset=\"https:\/\/da-resin-art.com\/wp-content\/uploads\/2025\/01\/zegar-zywica-da-resin-art-niebo-4-576x1024.jpg 576w, https:\/\/da-resin-art.com\/wp-content\/uploads\/2025\/01\/zegar-zywica-da-resin-art-niebo-4-169x300.jpg 169w, https:\/\/da-resin-art.com\/wp-content\/uploads\/2025\/01\/zegar-zywica-da-resin-art-niebo-4-768x1365.jpg 768w, https:\/\/da-resin-art.com\/wp-content\/uploads\/2025\/01\/zegar-zywica-da-resin-art-niebo-4-864x1536.jpg 864w, https:\/\/da-resin-art.com\/wp-content\/uploads\/2025\/01\/zegar-zywica-da-resin-art-niebo-4-1152x2048.jpg 1152w, https:\/\/da-resin-art.com\/wp-content\/uploads\/2025\/01\/zegar-zywica-da-resin-art-niebo-4-600x1067.jpg 600w, https:\/\/da-resin-art.com\/wp-content\/uploads\/2025\/01\/zegar-zywica-da-resin-art-niebo-4-scaled.jpg 1440w\" sizes=\"(max-width: 576px) 100vw, 576px\" \/>\t\t\t\t\t\t\t\t\t\t\t\t\t\t\t<\/div>\n\t\t\t\t<\/div>\n\t\t\t\t\t<\/div>\n\t\t<\/div>\n\t\t\t\t<div class=\"elementor-column elementor-col-33 elementor-top-column elementor-element elementor-element-26a2340\" data-id=\"26a2340\" data-element_type=\"column\">\n\t\t\t<div class=\"elementor-widget-wrap elementor-element-populated\">\n\t\t\t\t\t\t<div class=\"elementor-element elementor-element-4b5612a elementor-widget elementor-widget-image\" data-id=\"4b5612a\" data-element_type=\"widget\" data-widget_type=\"image.default\">\n\t\t\t\t<div class=\"elementor-widget-container\">\n\t\t\t\t\t\t\t\t\t\t\t\t\t\t\t<img loading=\"lazy\" decoding=\"async\" width=\"576\" height=\"1024\" src=\"https:\/\/da-resin-art.com\/wp-content\/uploads\/2025\/01\/zegar-zywica-da-resin-art-niebo-5-576x1024.jpg\" class=\"attachment-large size-large wp-image-404\" alt=\"zegar z \u017cywic\u0105 niebieski srebro da resin art\" srcset=\"https:\/\/da-resin-art.com\/wp-content\/uploads\/2025\/01\/zegar-zywica-da-resin-art-niebo-5-576x1024.jpg 576w, https:\/\/da-resin-art.com\/wp-content\/uploads\/2025\/01\/zegar-zywica-da-resin-art-niebo-5-169x300.jpg 169w, https:\/\/da-resin-art.com\/wp-content\/uploads\/2025\/01\/zegar-zywica-da-resin-art-niebo-5-768x1365.jpg 768w, https:\/\/da-resin-art.com\/wp-content\/uploads\/2025\/01\/zegar-zywica-da-resin-art-niebo-5-864x1536.jpg 864w, https:\/\/da-resin-art.com\/wp-content\/uploads\/2025\/01\/zegar-zywica-da-resin-art-niebo-5-1152x2048.jpg 1152w, https:\/\/da-resin-art.com\/wp-content\/uploads\/2025\/01\/zegar-zywica-da-resin-art-niebo-5-600x1067.jpg 600w, https:\/\/da-resin-art.com\/wp-content\/uploads\/2025\/01\/zegar-zywica-da-resin-art-niebo-5-scaled.jpg 1440w\" sizes=\"(max-width: 576px) 100vw, 576px\" \/>\t\t\t\t\t\t\t\t\t\t\t\t\t\t\t<\/div>\n\t\t\t\t<\/div>\n\t\t\t\t\t<\/div>\n\t\t<\/div>\n\t\t\t\t\t<\/div>\n\t\t<\/section>\n\t\t\t\t<section class=\"elementor-section elementor-top-section elementor-element elementor-element-4546ee9 elementor-section-boxed elementor-section-height-default elementor-section-height-default\" data-id=\"4546ee9\" data-element_type=\"section\">\n\t\t\t\t\t\t<div class=\"elementor-container elementor-column-gap-default\">\n\t\t\t\t\t<div class=\"elementor-column elementor-col-100 elementor-top-column elementor-element elementor-element-2d5268f\" data-id=\"2d5268f\" data-element_type=\"column\">\n\t\t\t<div class=\"elementor-widget-wrap elementor-element-populated\">\n\t\t\t\t\t\t<div class=\"elementor-element elementor-element-bf8c31a elementor-widget elementor-widget-image\" data-id=\"bf8c31a\" data-element_type=\"widget\" data-widget_type=\"image.default\">\n\t\t\t\t<div class=\"elementor-widget-container\">\n\t\t\t\t\t\t\t\t\t\t\t\t\t\t\t<img loading=\"lazy\" decoding=\"async\" width=\"1500\" height=\"1500\" src=\"https:\/\/da-resin-art.com\/wp-content\/uploads\/2025\/01\/zegar-1.7.jpg\" class=\"attachment-full size-full wp-image-408\" alt=\"zegar z \u017cywic\u0105 niebieski srebro da resin art\" srcset=\"https:\/\/da-resin-art.com\/wp-content\/uploads\/2025\/01\/zegar-1.7.jpg 1500w, https:\/\/da-resin-art.com\/wp-content\/uploads\/2025\/01\/zegar-1.7-300x300.jpg 300w, https:\/\/da-resin-art.com\/wp-content\/uploads\/2025\/01\/zegar-1.7-1024x1024.jpg 1024w, https:\/\/da-resin-art.com\/wp-content\/uploads\/2025\/01\/zegar-1.7-150x150.jpg 150w, https:\/\/da-resin-art.com\/wp-content\/uploads\/2025\/01\/zegar-1.7-768x768.jpg 768w, https:\/\/da-resin-art.com\/wp-content\/uploads\/2025\/01\/zegar-1.7-600x600.jpg 600w, https:\/\/da-resin-art.com\/wp-content\/uploads\/2025\/01\/zegar-1.7-100x100.jpg 100w\" sizes=\"(max-width: 1500px) 100vw, 1500px\" \/>\t\t\t\t\t\t\t\t\t\t\t\t\t\t\t<\/div>\n\t\t\t\t<\/div>\n\t\t\t\t\t<\/div>\n\t\t<\/div>\n\t\t\t\t\t<\/div>\n\t\t<\/section>\n\t\t\t\t<\/div>\n\t\t","protected":false},"excerpt":{"rendered":"<p>40 cm. Zegar \u015bcienny &#8220;B\u0142\u0119kitne niebo&#8221; &#8211; wz\u00f3r wykonany z \u017cywicy epoksydowej. Dodatki- naturalne kamienie: ksi\u0119\u017cycowy oraz magnezyt. Cichy mechanizm zegara.<\/p>\n<ul>\n<li><strong>Zegar \u015bcienny &#8220;B\u0142\u0119kitne niebo&#8221;<\/strong> to delikatne odzwierciedlenie harmonii i sztuki, zegar wykonany z \u017cywicy epoksydowej z dodatkiem kamieni naturalnych \u2013 ksi\u0119\u017cycowego i magnezytu.<\/li>\n<li>Zegar z \u017cywic\u0105 w tych kolorach zachwyca niepowtarzalnym wzorem przypominaj\u0105cym bezkres nieba, wprowadzaj\u0105c lekko\u015b\u0107 i spok\u00f3j do wn\u0119trza.<\/li>\n<li>Naturalne kamienie dodaj\u0105 elegancji oraz subtelnej energii, czyni\u0105c zegar zar\u00f3wno praktycznym, jak i dekoracyjnym akcentem.<\/li>\n<li>Cichy mechanizm zapewnia bezszelestne dzia\u0142anie, idealne do przestrzeni, w kt\u00f3rej kr\u00f3luje spok\u00f3j i harmonia.<\/li>\n<li>Wybierz zegar z \u017cywicy, kt\u00f3ry odmierza czas w rytmie natury i doda Twojemu wn\u0119trzu niepowtarzalnego uroku!<\/li>\n<\/ul>\n","protected":false},"featured_media":302,"template":"","meta":{"_acf_changed":false,"_kadence_starter_templates_imported_post":false,"_kad_post_transparent":"default","_kad_post_title":"","_kad_post_layout":"default","_kad_post_sidebar_id":"","_kad_post_content_style":"default","_kad_post_vertical_padding":"default","_kad_post_feature":"","_kad_post_feature_position":"","_kad_post_header":false,"_kad_post_footer":false},"product_brand":[],"product_cat":[18],"product_tag":[38,29],"class_list":{"0":"post-536","1":"product","2":"type-product","3":"status-publish","4":"has-post-thumbnail","6":"product_cat-galeria","7":"product_tag-sprzedany","8":"product_tag-wszystko","10":"first","11":"outofstock","12":"shipping-taxable","13":"purchasable","14":"product-type-simple","15":"entry","16":"content-bg","17":"loop-entry"},"acf":[],"_links":{"self":[{"href":"https:\/\/da-resin-art.com\/en\/wp-json\/wp\/v2\/product\/536","targetHints":{"allow":["GET"]}}],"collection":[{"href":"https:\/\/da-resin-art.com\/en\/wp-json\/wp\/v2\/product"}],"about":[{"href":"https:\/\/da-resin-art.com\/en\/wp-json\/wp\/v2\/types\/product"}],"version-history":[{"count":19,"href":"https:\/\/da-resin-art.com\/en\/wp-json\/wp\/v2\/product\/536\/revisions"}],"predecessor-version":[{"id":4283,"href":"https:\/\/da-resin-art.com\/en\/wp-json\/wp\/v2\/product\/536\/revisions\/4283"}],"wp:featuredmedia":[{"embeddable":true,"href":"https:\/\/da-resin-art.com\/en\/wp-json\/wp\/v2\/media\/302"}],"wp:attachment":[{"href":"https:\/\/da-resin-art.com\/en\/wp-json\/wp\/v2\/media?parent=536"}],"wp:term":[{"taxonomy":"product_brand","embeddable":true,"href":"https:\/\/da-resin-art.com\/en\/wp-json\/wp\/v2\/product_brand?post=536"},{"taxonomy":"product_cat","embeddable":true,"href":"https:\/\/da-resin-art.com\/en\/wp-json\/wp\/v2\/product_cat?post=536"},{"taxonomy":"product_tag","embeddable":true,"href":"https:\/\/da-resin-art.com\/en\/wp-json\/wp\/v2\/product_tag?post=536"}],"curies":[{"name":"wp","href":"https:\/\/api.w.org\/{rel}","templated":true}]}}