{"id":650,"date":"2025-01-27T21:10:49","date_gmt":"2025-01-27T20:10:49","guid":{"rendered":"https:\/\/da-resin-art.com\/?post_type=product&#038;p=650"},"modified":"2026-03-12T14:46:45","modified_gmt":"2026-03-12T13:46:45","slug":"zegar-lawenda","status":"publish","type":"product","link":"https:\/\/da-resin-art.com\/en\/produkt\/zegar-lawenda\/","title":{"rendered":"Zegar \u015bcienny &#8220;Lawenda&#8221; 40 cm"},"content":{"rendered":"\t\t<div data-elementor-type=\"product-post\" data-elementor-id=\"650\" class=\"elementor elementor-650\" data-elementor-post-type=\"product\">\n\t\t\t\t\t\t<section class=\"elementor-section elementor-top-section elementor-element elementor-element-7f26fb9 elementor-section-boxed elementor-section-height-default elementor-section-height-default\" data-id=\"7f26fb9\" data-element_type=\"section\">\n\t\t\t\t\t\t<div class=\"elementor-container elementor-column-gap-default\">\n\t\t\t\t\t<div class=\"elementor-column elementor-col-100 elementor-top-column elementor-element elementor-element-bd7e34d\" data-id=\"bd7e34d\" data-element_type=\"column\">\n\t\t\t<div class=\"elementor-widget-wrap elementor-element-populated\">\n\t\t\t\t\t\t<div class=\"elementor-element elementor-element-4cbc311 elementor-widget elementor-widget-image\" data-id=\"4cbc311\" data-element_type=\"widget\" data-widget_type=\"image.default\">\n\t\t\t\t<div class=\"elementor-widget-container\">\n\t\t\t\t\t\t\t\t\t\t\t\t\t\t\t<img fetchpriority=\"high\" decoding=\"async\" width=\"1920\" height=\"1080\" src=\"https:\/\/da-resin-art.com\/wp-content\/uploads\/2025\/01\/zegary-da-resin-art-lawenda-srebro-40-cm-5.jpg\" class=\"attachment-full size-full wp-image-4149\" alt=\"zegar z \u017cywicy lawenda ametyst\" srcset=\"https:\/\/da-resin-art.com\/wp-content\/uploads\/2025\/01\/zegary-da-resin-art-lawenda-srebro-40-cm-5.jpg 1920w, https:\/\/da-resin-art.com\/wp-content\/uploads\/2025\/01\/zegary-da-resin-art-lawenda-srebro-40-cm-5-300x169.jpg 300w, https:\/\/da-resin-art.com\/wp-content\/uploads\/2025\/01\/zegary-da-resin-art-lawenda-srebro-40-cm-5-1024x576.jpg 1024w, https:\/\/da-resin-art.com\/wp-content\/uploads\/2025\/01\/zegary-da-resin-art-lawenda-srebro-40-cm-5-768x432.jpg 768w, https:\/\/da-resin-art.com\/wp-content\/uploads\/2025\/01\/zegary-da-resin-art-lawenda-srebro-40-cm-5-1536x864.jpg 1536w, https:\/\/da-resin-art.com\/wp-content\/uploads\/2025\/01\/zegary-da-resin-art-lawenda-srebro-40-cm-5-24x14.jpg 24w, https:\/\/da-resin-art.com\/wp-content\/uploads\/2025\/01\/zegary-da-resin-art-lawenda-srebro-40-cm-5-36x20.jpg 36w, https:\/\/da-resin-art.com\/wp-content\/uploads\/2025\/01\/zegary-da-resin-art-lawenda-srebro-40-cm-5-48x27.jpg 48w, https:\/\/da-resin-art.com\/wp-content\/uploads\/2025\/01\/zegary-da-resin-art-lawenda-srebro-40-cm-5-600x338.jpg 600w, https:\/\/da-resin-art.com\/wp-content\/uploads\/2025\/01\/zegary-da-resin-art-lawenda-srebro-40-cm-5-89x50.jpg 89w\" sizes=\"(max-width: 1920px) 100vw, 1920px\" \/>\t\t\t\t\t\t\t\t\t\t\t\t\t\t\t<\/div>\n\t\t\t\t<\/div>\n\t\t\t\t\t<\/div>\n\t\t<\/div>\n\t\t\t\t\t<\/div>\n\t\t<\/section>\n\t\t\t\t<section class=\"elementor-section elementor-top-section elementor-element elementor-element-7f7f596 elementor-section-boxed elementor-section-height-default elementor-section-height-default\" data-id=\"7f7f596\" data-element_type=\"section\">\n\t\t\t\t\t\t<div class=\"elementor-container elementor-column-gap-default\">\n\t\t\t\t\t<div class=\"elementor-column elementor-col-100 elementor-top-column elementor-element elementor-element-cd9ee26\" data-id=\"cd9ee26\" data-element_type=\"column\">\n\t\t\t<div class=\"elementor-widget-wrap elementor-element-populated\">\n\t\t\t\t\t\t<div class=\"elementor-element elementor-element-db7924d elementor-widget elementor-widget-text-editor\" data-id=\"db7924d\" data-element_type=\"widget\" data-widget_type=\"text-editor.default\">\n\t\t\t\t<div class=\"elementor-widget-container\">\n\t\t\t\t\t\t\t\t\t<p>\ud83d\udda4 \u015arednica 40 cm.<\/p><p>\ud83d\udda4Baza &#8211; MDF.<\/p><p>\ud83d\udda4 Zegar \u015bcienny &#8220;LAWENDA&#8221; &#8211; wz\u00f3r wykonany z \u017cywicy epoksydowej.<\/p><p>\ud83d\udda4Dodatki: kryszta\u0142 naturalny, ametyst.<\/p><p>\ud83d\udda4 Cichy mechanizm zegara.\u00a0<\/p>\t\t\t\t\t\t\t\t<\/div>\n\t\t\t\t<\/div>\n\t\t\t\t\t<\/div>\n\t\t<\/div>\n\t\t\t\t\t<\/div>\n\t\t<\/section>\n\t\t\t\t<section class=\"elementor-section elementor-top-section elementor-element elementor-element-76d1ca3 elementor-section-boxed elementor-section-height-default elementor-section-height-default\" data-id=\"76d1ca3\" data-element_type=\"section\">\n\t\t\t\t\t\t<div class=\"elementor-container elementor-column-gap-default\">\n\t\t\t\t\t<div class=\"elementor-column elementor-col-33 elementor-top-column elementor-element elementor-element-5c6dd13\" data-id=\"5c6dd13\" data-element_type=\"column\">\n\t\t\t<div class=\"elementor-widget-wrap elementor-element-populated\">\n\t\t\t\t\t\t<div class=\"elementor-element elementor-element-7fd3c6a elementor-widget elementor-widget-video\" data-id=\"7fd3c6a\" data-element_type=\"widget\" data-settings=\"{&quot;youtube_url&quot;:&quot;https:\\\/\\\/youtube.com\\\/watch?v=w7S_OQJMla8&quot;,&quot;video_type&quot;:&quot;youtube&quot;,&quot;controls&quot;:&quot;yes&quot;}\" data-widget_type=\"video.default\">\n\t\t\t\t<div class=\"elementor-widget-container\">\n\t\t\t\t\t\t\t<div class=\"elementor-wrapper elementor-open-inline\">\n\t\t\t<div class=\"elementor-video\"><\/div>\t\t<\/div>\n\t\t\t\t\t\t<\/div>\n\t\t\t\t<\/div>\n\t\t\t\t\t<\/div>\n\t\t<\/div>\n\t\t\t\t<div class=\"elementor-column elementor-col-33 elementor-top-column elementor-element elementor-element-611a548\" data-id=\"611a548\" data-element_type=\"column\">\n\t\t\t<div class=\"elementor-widget-wrap elementor-element-populated\">\n\t\t\t\t\t\t<div class=\"elementor-element elementor-element-85da993 elementor-widget elementor-widget-image\" data-id=\"85da993\" data-element_type=\"widget\" data-widget_type=\"image.default\">\n\t\t\t\t<div class=\"elementor-widget-container\">\n\t\t\t\t\t\t\t\t\t\t\t\t\t\t\t<img decoding=\"async\" width=\"576\" height=\"1024\" src=\"https:\/\/da-resin-art.com\/wp-content\/uploads\/2025\/01\/zegary-da-resin-art-lawenda-srebro-40-cm-7-576x1024.jpg\" class=\"attachment-large size-large wp-image-4155\" alt=\"zegar z \u017cywicy lawenda ametyst\" srcset=\"https:\/\/da-resin-art.com\/wp-content\/uploads\/2025\/01\/zegary-da-resin-art-lawenda-srebro-40-cm-7-576x1024.jpg 576w, https:\/\/da-resin-art.com\/wp-content\/uploads\/2025\/01\/zegary-da-resin-art-lawenda-srebro-40-cm-7-169x300.jpg 169w, https:\/\/da-resin-art.com\/wp-content\/uploads\/2025\/01\/zegary-da-resin-art-lawenda-srebro-40-cm-7-768x1365.jpg 768w, https:\/\/da-resin-art.com\/wp-content\/uploads\/2025\/01\/zegary-da-resin-art-lawenda-srebro-40-cm-7-864x1536.jpg 864w, https:\/\/da-resin-art.com\/wp-content\/uploads\/2025\/01\/zegary-da-resin-art-lawenda-srebro-40-cm-7-14x24.jpg 14w, https:\/\/da-resin-art.com\/wp-content\/uploads\/2025\/01\/zegary-da-resin-art-lawenda-srebro-40-cm-7-20x36.jpg 20w, https:\/\/da-resin-art.com\/wp-content\/uploads\/2025\/01\/zegary-da-resin-art-lawenda-srebro-40-cm-7-27x48.jpg 27w, https:\/\/da-resin-art.com\/wp-content\/uploads\/2025\/01\/zegary-da-resin-art-lawenda-srebro-40-cm-7-600x1067.jpg 600w, https:\/\/da-resin-art.com\/wp-content\/uploads\/2025\/01\/zegary-da-resin-art-lawenda-srebro-40-cm-7-28x50.jpg 28w, https:\/\/da-resin-art.com\/wp-content\/uploads\/2025\/01\/zegary-da-resin-art-lawenda-srebro-40-cm-7.jpg 1080w\" sizes=\"(max-width: 576px) 100vw, 576px\" \/>\t\t\t\t\t\t\t\t\t\t\t\t\t\t\t<\/div>\n\t\t\t\t<\/div>\n\t\t\t\t\t<\/div>\n\t\t<\/div>\n\t\t\t\t<div class=\"elementor-column elementor-col-33 elementor-top-column elementor-element elementor-element-9b3f86f\" data-id=\"9b3f86f\" data-element_type=\"column\">\n\t\t\t<div class=\"elementor-widget-wrap elementor-element-populated\">\n\t\t\t\t\t\t<div class=\"elementor-element elementor-element-386ffa4 elementor-widget elementor-widget-image\" data-id=\"386ffa4\" data-element_type=\"widget\" data-widget_type=\"image.default\">\n\t\t\t\t<div class=\"elementor-widget-container\">\n\t\t\t\t\t\t\t\t\t\t\t\t\t\t\t<img decoding=\"async\" width=\"576\" height=\"1024\" src=\"https:\/\/da-resin-art.com\/wp-content\/uploads\/2025\/01\/zegary-da-resin-art-lawenda-srebro-40-cm-6-576x1024.jpg\" class=\"attachment-large size-large wp-image-4152\" alt=\"zegar z \u017cywicy lawenda ametyst\" srcset=\"https:\/\/da-resin-art.com\/wp-content\/uploads\/2025\/01\/zegary-da-resin-art-lawenda-srebro-40-cm-6-576x1024.jpg 576w, https:\/\/da-resin-art.com\/wp-content\/uploads\/2025\/01\/zegary-da-resin-art-lawenda-srebro-40-cm-6-169x300.jpg 169w, https:\/\/da-resin-art.com\/wp-content\/uploads\/2025\/01\/zegary-da-resin-art-lawenda-srebro-40-cm-6-768x1365.jpg 768w, https:\/\/da-resin-art.com\/wp-content\/uploads\/2025\/01\/zegary-da-resin-art-lawenda-srebro-40-cm-6-864x1536.jpg 864w, https:\/\/da-resin-art.com\/wp-content\/uploads\/2025\/01\/zegary-da-resin-art-lawenda-srebro-40-cm-6-14x24.jpg 14w, https:\/\/da-resin-art.com\/wp-content\/uploads\/2025\/01\/zegary-da-resin-art-lawenda-srebro-40-cm-6-20x36.jpg 20w, https:\/\/da-resin-art.com\/wp-content\/uploads\/2025\/01\/zegary-da-resin-art-lawenda-srebro-40-cm-6-27x48.jpg 27w, https:\/\/da-resin-art.com\/wp-content\/uploads\/2025\/01\/zegary-da-resin-art-lawenda-srebro-40-cm-6-600x1067.jpg 600w, https:\/\/da-resin-art.com\/wp-content\/uploads\/2025\/01\/zegary-da-resin-art-lawenda-srebro-40-cm-6-28x50.jpg 28w, https:\/\/da-resin-art.com\/wp-content\/uploads\/2025\/01\/zegary-da-resin-art-lawenda-srebro-40-cm-6.jpg 1080w\" sizes=\"(max-width: 576px) 100vw, 576px\" \/>\t\t\t\t\t\t\t\t\t\t\t\t\t\t\t<\/div>\n\t\t\t\t<\/div>\n\t\t\t\t\t<\/div>\n\t\t<\/div>\n\t\t\t\t\t<\/div>\n\t\t<\/section>\n\t\t\t\t<section class=\"elementor-section elementor-top-section elementor-element elementor-element-260167c elementor-section-boxed elementor-section-height-default elementor-section-height-default\" data-id=\"260167c\" data-element_type=\"section\">\n\t\t\t\t\t\t<div class=\"elementor-container elementor-column-gap-default\">\n\t\t\t\t\t<div class=\"elementor-column elementor-col-100 elementor-top-column elementor-element elementor-element-a2449af\" data-id=\"a2449af\" data-element_type=\"column\">\n\t\t\t<div class=\"elementor-widget-wrap elementor-element-populated\">\n\t\t\t\t\t\t<div class=\"elementor-element elementor-element-aad78c5 elementor-widget elementor-widget-text-editor\" data-id=\"aad78c5\" data-element_type=\"widget\" data-widget_type=\"text-editor.default\">\n\t\t\t\t<div class=\"elementor-widget-container\">\n\t\t\t\t\t\t\t\t\t<p>\ud83d\udc9c\u2728 <strong>Zegar \u015bcienny &#8220;LAWENDA&#8221; \u2013 harmonia i elegancja w Twoim wn\u0119trzu!<\/strong> \u2728\ud83d\udc9c<\/p><p>R\u0119cznie wykonany z \u017cywicy epoksydowej, z dodatkiem ametystu i kryszta\u0142u, emanuje subtelnym blaskiem i spokojem. Cichy mechanizm gwarantuje harmoni\u0119, a unikalny design dodaje wn\u0119trzu luksusowego charakteru.<\/p><p>\ud83d\udd39 <strong>Styl, kt\u00f3ry odpr\u0119\u017ca i zachwyca!<\/strong> \ud83d\udd39<\/p><p>\ud83d\uded2 <strong>Kup teraz lub zam\u00f3w personalizowan\u0105 wersj\u0119!<\/strong><\/p>\t\t\t\t\t\t\t\t<\/div>\n\t\t\t\t<\/div>\n\t\t\t\t\t<\/div>\n\t\t<\/div>\n\t\t\t\t\t<\/div>\n\t\t<\/section>\n\t\t\t\t<section class=\"elementor-section elementor-top-section elementor-element elementor-element-c39395c elementor-section-boxed elementor-section-height-default elementor-section-height-default\" data-id=\"c39395c\" data-element_type=\"section\">\n\t\t\t\t\t\t<div class=\"elementor-container elementor-column-gap-default\">\n\t\t\t\t\t<div class=\"elementor-column elementor-col-33 elementor-top-column elementor-element elementor-element-a01263d\" data-id=\"a01263d\" data-element_type=\"column\">\n\t\t\t<div class=\"elementor-widget-wrap elementor-element-populated\">\n\t\t\t\t\t\t<div class=\"elementor-element elementor-element-90a02fe elementor-widget elementor-widget-image\" data-id=\"90a02fe\" data-element_type=\"widget\" data-widget_type=\"image.default\">\n\t\t\t\t<div class=\"elementor-widget-container\">\n\t\t\t\t\t\t\t\t\t\t\t\t\t\t\t<img loading=\"lazy\" decoding=\"async\" width=\"576\" height=\"1024\" src=\"https:\/\/da-resin-art.com\/wp-content\/uploads\/2025\/01\/zegary-da-resin-art-lawenda-srebro-40-cm-4-576x1024.jpg\" class=\"attachment-large size-large wp-image-4146\" alt=\"zegar z \u017cywicy lawenda ametyst\" srcset=\"https:\/\/da-resin-art.com\/wp-content\/uploads\/2025\/01\/zegary-da-resin-art-lawenda-srebro-40-cm-4-576x1024.jpg 576w, https:\/\/da-resin-art.com\/wp-content\/uploads\/2025\/01\/zegary-da-resin-art-lawenda-srebro-40-cm-4-169x300.jpg 169w, https:\/\/da-resin-art.com\/wp-content\/uploads\/2025\/01\/zegary-da-resin-art-lawenda-srebro-40-cm-4-768x1365.jpg 768w, https:\/\/da-resin-art.com\/wp-content\/uploads\/2025\/01\/zegary-da-resin-art-lawenda-srebro-40-cm-4-864x1536.jpg 864w, https:\/\/da-resin-art.com\/wp-content\/uploads\/2025\/01\/zegary-da-resin-art-lawenda-srebro-40-cm-4-14x24.jpg 14w, https:\/\/da-resin-art.com\/wp-content\/uploads\/2025\/01\/zegary-da-resin-art-lawenda-srebro-40-cm-4-20x36.jpg 20w, https:\/\/da-resin-art.com\/wp-content\/uploads\/2025\/01\/zegary-da-resin-art-lawenda-srebro-40-cm-4-27x48.jpg 27w, https:\/\/da-resin-art.com\/wp-content\/uploads\/2025\/01\/zegary-da-resin-art-lawenda-srebro-40-cm-4-600x1067.jpg 600w, https:\/\/da-resin-art.com\/wp-content\/uploads\/2025\/01\/zegary-da-resin-art-lawenda-srebro-40-cm-4-28x50.jpg 28w, https:\/\/da-resin-art.com\/wp-content\/uploads\/2025\/01\/zegary-da-resin-art-lawenda-srebro-40-cm-4.jpg 1080w\" sizes=\"(max-width: 576px) 100vw, 576px\" \/>\t\t\t\t\t\t\t\t\t\t\t\t\t\t\t<\/div>\n\t\t\t\t<\/div>\n\t\t\t\t\t<\/div>\n\t\t<\/div>\n\t\t\t\t<div class=\"elementor-column elementor-col-33 elementor-top-column elementor-element elementor-element-1be30e5\" data-id=\"1be30e5\" data-element_type=\"column\">\n\t\t\t<div class=\"elementor-widget-wrap elementor-element-populated\">\n\t\t\t\t\t\t<div class=\"elementor-element elementor-element-9079b23 elementor-widget elementor-widget-image\" data-id=\"9079b23\" data-element_type=\"widget\" data-widget_type=\"image.default\">\n\t\t\t\t<div class=\"elementor-widget-container\">\n\t\t\t\t\t\t\t\t\t\t\t\t\t\t\t<img loading=\"lazy\" decoding=\"async\" width=\"576\" height=\"1024\" src=\"https:\/\/da-resin-art.com\/wp-content\/uploads\/2025\/01\/zegary-da-resin-art-lawenda-srebro-40-cm-2-576x1024.jpg\" class=\"attachment-large size-large wp-image-4140\" alt=\"zegar z \u017cywicy lawenda ametyst\" srcset=\"https:\/\/da-resin-art.com\/wp-content\/uploads\/2025\/01\/zegary-da-resin-art-lawenda-srebro-40-cm-2-576x1024.jpg 576w, https:\/\/da-resin-art.com\/wp-content\/uploads\/2025\/01\/zegary-da-resin-art-lawenda-srebro-40-cm-2-169x300.jpg 169w, https:\/\/da-resin-art.com\/wp-content\/uploads\/2025\/01\/zegary-da-resin-art-lawenda-srebro-40-cm-2-768x1365.jpg 768w, https:\/\/da-resin-art.com\/wp-content\/uploads\/2025\/01\/zegary-da-resin-art-lawenda-srebro-40-cm-2-864x1536.jpg 864w, https:\/\/da-resin-art.com\/wp-content\/uploads\/2025\/01\/zegary-da-resin-art-lawenda-srebro-40-cm-2-14x24.jpg 14w, https:\/\/da-resin-art.com\/wp-content\/uploads\/2025\/01\/zegary-da-resin-art-lawenda-srebro-40-cm-2-20x36.jpg 20w, https:\/\/da-resin-art.com\/wp-content\/uploads\/2025\/01\/zegary-da-resin-art-lawenda-srebro-40-cm-2-27x48.jpg 27w, https:\/\/da-resin-art.com\/wp-content\/uploads\/2025\/01\/zegary-da-resin-art-lawenda-srebro-40-cm-2-600x1067.jpg 600w, https:\/\/da-resin-art.com\/wp-content\/uploads\/2025\/01\/zegary-da-resin-art-lawenda-srebro-40-cm-2-28x50.jpg 28w, https:\/\/da-resin-art.com\/wp-content\/uploads\/2025\/01\/zegary-da-resin-art-lawenda-srebro-40-cm-2.jpg 1080w\" sizes=\"(max-width: 576px) 100vw, 576px\" \/>\t\t\t\t\t\t\t\t\t\t\t\t\t\t\t<\/div>\n\t\t\t\t<\/div>\n\t\t\t\t\t<\/div>\n\t\t<\/div>\n\t\t\t\t<div class=\"elementor-column elementor-col-33 elementor-top-column elementor-element elementor-element-4719619\" data-id=\"4719619\" data-element_type=\"column\">\n\t\t\t<div class=\"elementor-widget-wrap elementor-element-populated\">\n\t\t\t\t\t\t<div class=\"elementor-element elementor-element-0c2a99b elementor-widget elementor-widget-image\" data-id=\"0c2a99b\" data-element_type=\"widget\" data-widget_type=\"image.default\">\n\t\t\t\t<div class=\"elementor-widget-container\">\n\t\t\t\t\t\t\t\t\t\t\t\t\t\t\t<img loading=\"lazy\" decoding=\"async\" width=\"576\" height=\"1024\" src=\"https:\/\/da-resin-art.com\/wp-content\/uploads\/2025\/01\/zegary-da-resin-art-lawenda-srebro-40-cm-3-576x1024.jpg\" class=\"attachment-large size-large wp-image-4143\" alt=\"zegar z \u017cywicy lawenda ametyst\" srcset=\"https:\/\/da-resin-art.com\/wp-content\/uploads\/2025\/01\/zegary-da-resin-art-lawenda-srebro-40-cm-3-576x1024.jpg 576w, https:\/\/da-resin-art.com\/wp-content\/uploads\/2025\/01\/zegary-da-resin-art-lawenda-srebro-40-cm-3-169x300.jpg 169w, https:\/\/da-resin-art.com\/wp-content\/uploads\/2025\/01\/zegary-da-resin-art-lawenda-srebro-40-cm-3-768x1365.jpg 768w, https:\/\/da-resin-art.com\/wp-content\/uploads\/2025\/01\/zegary-da-resin-art-lawenda-srebro-40-cm-3-864x1536.jpg 864w, https:\/\/da-resin-art.com\/wp-content\/uploads\/2025\/01\/zegary-da-resin-art-lawenda-srebro-40-cm-3-14x24.jpg 14w, https:\/\/da-resin-art.com\/wp-content\/uploads\/2025\/01\/zegary-da-resin-art-lawenda-srebro-40-cm-3-20x36.jpg 20w, https:\/\/da-resin-art.com\/wp-content\/uploads\/2025\/01\/zegary-da-resin-art-lawenda-srebro-40-cm-3-27x48.jpg 27w, https:\/\/da-resin-art.com\/wp-content\/uploads\/2025\/01\/zegary-da-resin-art-lawenda-srebro-40-cm-3-600x1067.jpg 600w, https:\/\/da-resin-art.com\/wp-content\/uploads\/2025\/01\/zegary-da-resin-art-lawenda-srebro-40-cm-3-28x50.jpg 28w, https:\/\/da-resin-art.com\/wp-content\/uploads\/2025\/01\/zegary-da-resin-art-lawenda-srebro-40-cm-3.jpg 1080w\" sizes=\"(max-width: 576px) 100vw, 576px\" \/>\t\t\t\t\t\t\t\t\t\t\t\t\t\t\t<\/div>\n\t\t\t\t<\/div>\n\t\t\t\t\t<\/div>\n\t\t<\/div>\n\t\t\t\t\t<\/div>\n\t\t<\/section>\n\t\t\t\t<section class=\"elementor-section elementor-top-section elementor-element elementor-element-48d35e6 elementor-section-boxed elementor-section-height-default elementor-section-height-default\" data-id=\"48d35e6\" data-element_type=\"section\">\n\t\t\t\t\t\t<div class=\"elementor-container elementor-column-gap-default\">\n\t\t\t\t\t<div class=\"elementor-column elementor-col-100 elementor-top-column elementor-element elementor-element-207b823\" data-id=\"207b823\" data-element_type=\"column\">\n\t\t\t<div class=\"elementor-widget-wrap elementor-element-populated\">\n\t\t\t\t\t\t<div class=\"elementor-element elementor-element-2a2da08 elementor-widget elementor-widget-image\" data-id=\"2a2da08\" data-element_type=\"widget\" data-widget_type=\"image.default\">\n\t\t\t\t<div class=\"elementor-widget-container\">\n\t\t\t\t\t\t\t\t\t\t\t\t\t\t\t<img loading=\"lazy\" decoding=\"async\" width=\"1500\" height=\"1500\" src=\"https:\/\/da-resin-art.com\/wp-content\/uploads\/2025\/01\/zegar-4.7.jpg\" class=\"attachment-full size-full wp-image-390\" alt=\"zegar z \u017cywic\u0105 lawendowy fioletowy srebro da resin art\" srcset=\"https:\/\/da-resin-art.com\/wp-content\/uploads\/2025\/01\/zegar-4.7.jpg 1500w, https:\/\/da-resin-art.com\/wp-content\/uploads\/2025\/01\/zegar-4.7-300x300.jpg 300w, https:\/\/da-resin-art.com\/wp-content\/uploads\/2025\/01\/zegar-4.7-1024x1024.jpg 1024w, https:\/\/da-resin-art.com\/wp-content\/uploads\/2025\/01\/zegar-4.7-150x150.jpg 150w, https:\/\/da-resin-art.com\/wp-content\/uploads\/2025\/01\/zegar-4.7-768x768.jpg 768w, https:\/\/da-resin-art.com\/wp-content\/uploads\/2025\/01\/zegar-4.7-600x600.jpg 600w, https:\/\/da-resin-art.com\/wp-content\/uploads\/2025\/01\/zegar-4.7-100x100.jpg 100w\" sizes=\"(max-width: 1500px) 100vw, 1500px\" \/>\t\t\t\t\t\t\t\t\t\t\t\t\t\t\t<\/div>\n\t\t\t\t<\/div>\n\t\t\t\t\t<\/div>\n\t\t<\/div>\n\t\t\t\t\t<\/div>\n\t\t<\/section>\n\t\t\t\t<\/div>\n\t\t","protected":false},"excerpt":{"rendered":"<p>40 cm. Zegar \u015bcienny &#8220;LAWENDA&#8221; &#8211; wz\u00f3r wykonany z \u017cywicy epoksydowej. Dodatki: kryszta\u0142 naturalny, ametyst. Cichy mechanizm zegara.<\/p>\n<ul>\n<li><strong>Zegar \u015bcienny &#8220;LAWENDA&#8221;<\/strong> to harmonijne po\u0142\u0105czenie elegancji i nowoczesnego designu, wykonane z \u017cywicy epoksydowej.<\/li>\n<li>Subtelne dodatki, takie jak naturalny kryszta\u0142 i ametyst, nadaj\u0105 zegarowi wyj\u0105tkowy urok i delikatn\u0105 energi\u0119.<\/li>\n<li>Cichy mechanizm zapewnia komfort i spok\u00f3j, idealny do ka\u017cdego wn\u0119trza.<\/li>\n<li>&#8220;LAWENDA&#8221; to nie tylko praktyczny zegar, ale r\u00f3wnie\u017c ozdoba, kt\u00f3ra wprowadzi nut\u0119 luksusu i relaksuj\u0105cej atmosfery do Twojego domu.<\/li>\n<li>Postaw na naturalne pi\u0119kno i ponadczasowy styl \u2013 wybierz zegar &#8220;LAWENDA&#8221;! \ud83d\udc9c<\/li>\n<\/ul>\n","protected":false},"featured_media":4134,"template":"","meta":{"_acf_changed":false,"_kadence_starter_templates_imported_post":false,"_kad_post_transparent":"default","_kad_post_title":"hide","_kad_post_layout":"default","_kad_post_sidebar_id":"","_kad_post_content_style":"default","_kad_post_vertical_padding":"default","_kad_post_feature":"hide","_kad_post_feature_position":"","_kad_post_header":false,"_kad_post_footer":false},"product_brand":[],"product_cat":[18],"product_tag":[38,29],"class_list":{"0":"post-650","1":"product","2":"type-product","3":"status-publish","4":"has-post-thumbnail","6":"product_cat-galeria","7":"product_tag-sprzedany","8":"product_tag-wszystko","10":"first","11":"outofstock","12":"shipping-taxable","13":"purchasable","14":"product-type-simple","15":"entry","16":"content-bg","17":"loop-entry"},"acf":[],"_links":{"self":[{"href":"https:\/\/da-resin-art.com\/en\/wp-json\/wp\/v2\/product\/650","targetHints":{"allow":["GET"]}}],"collection":[{"href":"https:\/\/da-resin-art.com\/en\/wp-json\/wp\/v2\/product"}],"about":[{"href":"https:\/\/da-resin-art.com\/en\/wp-json\/wp\/v2\/types\/product"}],"version-history":[{"count":28,"href":"https:\/\/da-resin-art.com\/en\/wp-json\/wp\/v2\/product\/650\/revisions"}],"predecessor-version":[{"id":4609,"href":"https:\/\/da-resin-art.com\/en\/wp-json\/wp\/v2\/product\/650\/revisions\/4609"}],"wp:featuredmedia":[{"embeddable":true,"href":"https:\/\/da-resin-art.com\/en\/wp-json\/wp\/v2\/media\/4134"}],"wp:attachment":[{"href":"https:\/\/da-resin-art.com\/en\/wp-json\/wp\/v2\/media?parent=650"}],"wp:term":[{"taxonomy":"product_brand","embeddable":true,"href":"https:\/\/da-resin-art.com\/en\/wp-json\/wp\/v2\/product_brand?post=650"},{"taxonomy":"product_cat","embeddable":true,"href":"https:\/\/da-resin-art.com\/en\/wp-json\/wp\/v2\/product_cat?post=650"},{"taxonomy":"product_tag","embeddable":true,"href":"https:\/\/da-resin-art.com\/en\/wp-json\/wp\/v2\/product_tag?post=650"}],"curies":[{"name":"wp","href":"https:\/\/api.w.org\/{rel}","templated":true}]}}