{"id":790,"date":"2025-02-14T17:12:07","date_gmt":"2025-02-14T16:12:07","guid":{"rendered":"https:\/\/da-resin-art.com\/?post_type=product&#038;p=790"},"modified":"2026-02-10T19:14:34","modified_gmt":"2026-02-10T18:14:34","slug":"zegar-scienny-aurum","status":"publish","type":"product","link":"https:\/\/da-resin-art.com\/en\/produkt\/zegar-scienny-aurum\/","title":{"rendered":"Zegar \u015bcienny 60 cm &#8220;AURUM&#8221;"},"content":{"rendered":"\t\t<div data-elementor-type=\"product-post\" data-elementor-id=\"790\" class=\"elementor elementor-790\" data-elementor-post-type=\"product\">\n\t\t\t\t\t\t<section class=\"elementor-section elementor-top-section elementor-element elementor-element-1c05077 elementor-section-boxed elementor-section-height-default elementor-section-height-default\" data-id=\"1c05077\" data-element_type=\"section\">\n\t\t\t\t\t\t<div class=\"elementor-container elementor-column-gap-default\">\n\t\t\t\t\t<div class=\"elementor-column elementor-col-100 elementor-top-column elementor-element elementor-element-18dc669\" data-id=\"18dc669\" data-element_type=\"column\">\n\t\t\t<div class=\"elementor-widget-wrap elementor-element-populated\">\n\t\t\t\t\t\t<div class=\"elementor-element elementor-element-0aadb0f elementor-widget elementor-widget-image\" data-id=\"0aadb0f\" data-element_type=\"widget\" data-widget_type=\"image.default\">\n\t\t\t\t<div class=\"elementor-widget-container\">\n\t\t\t\t\t\t\t\t\t\t\t\t\t\t\t<img fetchpriority=\"high\" decoding=\"async\" width=\"1024\" height=\"576\" src=\"https:\/\/da-resin-art.com\/wp-content\/uploads\/2025\/02\/zegary-da-resinart-14-1024x576.jpg\" class=\"attachment-large size-large wp-image-795\" alt=\"zegary \u015bcienne z \u017cywic\u0105\" srcset=\"https:\/\/da-resin-art.com\/wp-content\/uploads\/2025\/02\/zegary-da-resinart-14-1024x576.jpg 1024w, https:\/\/da-resin-art.com\/wp-content\/uploads\/2025\/02\/zegary-da-resinart-14-300x169.jpg 300w, https:\/\/da-resin-art.com\/wp-content\/uploads\/2025\/02\/zegary-da-resinart-14-768x432.jpg 768w, https:\/\/da-resin-art.com\/wp-content\/uploads\/2025\/02\/zegary-da-resinart-14-1536x864.jpg 1536w, https:\/\/da-resin-art.com\/wp-content\/uploads\/2025\/02\/zegary-da-resinart-14-600x338.jpg 600w, https:\/\/da-resin-art.com\/wp-content\/uploads\/2025\/02\/zegary-da-resinart-14.jpg 2000w\" sizes=\"(max-width: 1024px) 100vw, 1024px\" \/>\t\t\t\t\t\t\t\t\t\t\t\t\t\t\t<\/div>\n\t\t\t\t<\/div>\n\t\t\t\t\t<\/div>\n\t\t<\/div>\n\t\t\t\t\t<\/div>\n\t\t<\/section>\n\t\t\t\t<section class=\"elementor-section elementor-top-section elementor-element elementor-element-4e326855 elementor-section-boxed elementor-section-height-default elementor-section-height-default\" data-id=\"4e326855\" data-element_type=\"section\">\n\t\t\t\t\t\t<div class=\"elementor-container elementor-column-gap-default\">\n\t\t\t\t\t<div class=\"elementor-column elementor-col-100 elementor-top-column elementor-element elementor-element-42c485c1\" data-id=\"42c485c1\" data-element_type=\"column\">\n\t\t\t<div class=\"elementor-widget-wrap elementor-element-populated\">\n\t\t\t\t\t\t<div class=\"elementor-element elementor-element-67d3cb9 elementor-widget elementor-widget-text-editor\" data-id=\"67d3cb9\" data-element_type=\"widget\" data-widget_type=\"text-editor.default\">\n\t\t\t\t<div class=\"elementor-widget-container\">\n\t\t\t\t\t\t\t\t\t<p>\ud83d\udda4 \u015arednica 60 cm.<\/p><p>\ud83d\udda4Baza &#8211; MDF.<\/p><p>\ud83d\udda4 Zegar \u015bcienny &#8220;AURUM&#8221; &#8211; wz\u00f3r wykonany z \u017cywicy epoksydowej.<\/p><p>\ud83d\udda4Dodatki: kryszta\u0142 naturalny, tygrysie oko.<\/p><p>\ud83d\udda4 Cichy mechanizm zegara.\u00a0<\/p>\t\t\t\t\t\t\t\t<\/div>\n\t\t\t\t<\/div>\n\t\t\t\t\t<\/div>\n\t\t<\/div>\n\t\t\t\t\t<\/div>\n\t\t<\/section>\n\t\t\t\t<section class=\"elementor-section elementor-top-section elementor-element elementor-element-1705c5e elementor-section-boxed elementor-section-height-default elementor-section-height-default\" data-id=\"1705c5e\" data-element_type=\"section\">\n\t\t\t\t\t\t<div class=\"elementor-container elementor-column-gap-default\">\n\t\t\t\t\t<div class=\"elementor-column elementor-col-33 elementor-top-column elementor-element elementor-element-e345a69\" data-id=\"e345a69\" data-element_type=\"column\">\n\t\t\t<div class=\"elementor-widget-wrap elementor-element-populated\">\n\t\t\t\t\t\t<div class=\"elementor-element elementor-element-d042564 elementor-widget elementor-widget-video\" data-id=\"d042564\" data-element_type=\"widget\" data-settings=\"{&quot;youtube_url&quot;:&quot;https:\\\/\\\/youtube.com\\\/watch?v=U_lY4C8SS4I?feature=share&quot;,&quot;video_type&quot;:&quot;youtube&quot;,&quot;controls&quot;:&quot;yes&quot;}\" data-widget_type=\"video.default\">\n\t\t\t\t<div class=\"elementor-widget-container\">\n\t\t\t\t\t\t\t<div class=\"elementor-wrapper elementor-open-inline\">\n\t\t\t<div class=\"elementor-video\"><\/div>\t\t<\/div>\n\t\t\t\t\t\t<\/div>\n\t\t\t\t<\/div>\n\t\t\t\t\t<\/div>\n\t\t<\/div>\n\t\t\t\t<div class=\"elementor-column elementor-col-33 elementor-top-column elementor-element elementor-element-d6da29c\" data-id=\"d6da29c\" data-element_type=\"column\">\n\t\t\t<div class=\"elementor-widget-wrap elementor-element-populated\">\n\t\t\t\t\t\t<div class=\"elementor-element elementor-element-65de88c elementor-widget elementor-widget-image\" data-id=\"65de88c\" data-element_type=\"widget\" data-widget_type=\"image.default\">\n\t\t\t\t<div class=\"elementor-widget-container\">\n\t\t\t\t\t\t\t\t\t\t\t\t\t\t\t<img decoding=\"async\" width=\"576\" height=\"1024\" src=\"https:\/\/da-resin-art.com\/wp-content\/uploads\/2025\/02\/zegary-da-resinart-aurum-2-576x1024.jpg\" class=\"attachment-large size-large wp-image-797\" alt=\"zegar z \u017cywic\u0105 czarny z\u0142oty da resin art\" srcset=\"https:\/\/da-resin-art.com\/wp-content\/uploads\/2025\/02\/zegary-da-resinart-aurum-2-576x1024.jpg 576w, https:\/\/da-resin-art.com\/wp-content\/uploads\/2025\/02\/zegary-da-resinart-aurum-2-169x300.jpg 169w, https:\/\/da-resin-art.com\/wp-content\/uploads\/2025\/02\/zegary-da-resinart-aurum-2-768x1365.jpg 768w, https:\/\/da-resin-art.com\/wp-content\/uploads\/2025\/02\/zegary-da-resinart-aurum-2-864x1536.jpg 864w, https:\/\/da-resin-art.com\/wp-content\/uploads\/2025\/02\/zegary-da-resinart-aurum-2-1152x2048.jpg 1152w, https:\/\/da-resin-art.com\/wp-content\/uploads\/2025\/02\/zegary-da-resinart-aurum-2-600x1067.jpg 600w, https:\/\/da-resin-art.com\/wp-content\/uploads\/2025\/02\/zegary-da-resinart-aurum-2-scaled.jpg 1440w\" sizes=\"(max-width: 576px) 100vw, 576px\" \/>\t\t\t\t\t\t\t\t\t\t\t\t\t\t\t<\/div>\n\t\t\t\t<\/div>\n\t\t\t\t\t<\/div>\n\t\t<\/div>\n\t\t\t\t<div class=\"elementor-column elementor-col-33 elementor-top-column elementor-element elementor-element-f8aab89\" data-id=\"f8aab89\" data-element_type=\"column\">\n\t\t\t<div class=\"elementor-widget-wrap elementor-element-populated\">\n\t\t\t\t\t\t<div class=\"elementor-element elementor-element-d89be88 elementor-widget elementor-widget-image\" data-id=\"d89be88\" data-element_type=\"widget\" data-widget_type=\"image.default\">\n\t\t\t\t<div class=\"elementor-widget-container\">\n\t\t\t\t\t\t\t\t\t\t\t\t\t\t\t<img decoding=\"async\" width=\"576\" height=\"1024\" src=\"https:\/\/da-resin-art.com\/wp-content\/uploads\/2025\/02\/zegary-da-resinart-aurum-4-576x1024.jpg\" class=\"attachment-large size-large wp-image-798\" alt=\"zegar z \u017cywic\u0105 czarny z\u0142oty da resin art\" srcset=\"https:\/\/da-resin-art.com\/wp-content\/uploads\/2025\/02\/zegary-da-resinart-aurum-4-576x1024.jpg 576w, https:\/\/da-resin-art.com\/wp-content\/uploads\/2025\/02\/zegary-da-resinart-aurum-4-169x300.jpg 169w, https:\/\/da-resin-art.com\/wp-content\/uploads\/2025\/02\/zegary-da-resinart-aurum-4-768x1365.jpg 768w, https:\/\/da-resin-art.com\/wp-content\/uploads\/2025\/02\/zegary-da-resinart-aurum-4-864x1536.jpg 864w, https:\/\/da-resin-art.com\/wp-content\/uploads\/2025\/02\/zegary-da-resinart-aurum-4-1152x2048.jpg 1152w, https:\/\/da-resin-art.com\/wp-content\/uploads\/2025\/02\/zegary-da-resinart-aurum-4-600x1067.jpg 600w, https:\/\/da-resin-art.com\/wp-content\/uploads\/2025\/02\/zegary-da-resinart-aurum-4-scaled.jpg 1440w\" sizes=\"(max-width: 576px) 100vw, 576px\" \/>\t\t\t\t\t\t\t\t\t\t\t\t\t\t\t<\/div>\n\t\t\t\t<\/div>\n\t\t\t\t\t<\/div>\n\t\t<\/div>\n\t\t\t\t\t<\/div>\n\t\t<\/section>\n\t\t\t\t<section class=\"elementor-section elementor-top-section elementor-element elementor-element-de9aa7f elementor-section-boxed elementor-section-height-default elementor-section-height-default\" data-id=\"de9aa7f\" data-element_type=\"section\">\n\t\t\t\t\t\t<div class=\"elementor-container elementor-column-gap-default\">\n\t\t\t\t\t<div class=\"elementor-column elementor-col-100 elementor-top-column elementor-element elementor-element-a0b9f94\" data-id=\"a0b9f94\" data-element_type=\"column\">\n\t\t\t<div class=\"elementor-widget-wrap elementor-element-populated\">\n\t\t\t\t\t\t<div class=\"elementor-element elementor-element-68b2ab8 elementor-widget elementor-widget-text-editor\" data-id=\"68b2ab8\" data-element_type=\"widget\" data-widget_type=\"text-editor.default\">\n\t\t\t\t<div class=\"elementor-widget-container\">\n\t\t\t\t\t\t\t\t\t<h3 data-start=\"0\" data-end=\"57\">Zegar \u015bcienny <strong data-start=\"18\" data-end=\"29\">&#8220;AURUM&#8221;<\/strong> \u2013 si\u0142a natury i elegancji<\/h3><p data-start=\"59\" data-end=\"239\">Monumentalny, <strong data-start=\"73\" data-end=\"92\">60-centymetrowy<\/strong> zegar \u015bcienny <strong data-start=\"107\" data-end=\"118\">&#8220;AURUM&#8221;<\/strong> to wyj\u0105tkowe po\u0142\u0105czenie sztuki i natury. Wykonany z \u017cywicy epoksydowej, zachwyca g\u0142\u0119bi\u0105 barw i niepowtarzalnym wzorem.<\/p><p data-start=\"241\" data-end=\"450\">Dodatki w postaci <strong data-start=\"259\" data-end=\"277\">tygrysiego oka<\/strong> i <strong data-start=\"280\" data-end=\"303\">kryszta\u0142u g\u00f3rskiego<\/strong> nie tylko dodaj\u0105 luksusowego blasku, ale tak\u017ce nios\u0105 ze sob\u0105 energi\u0119 harmonii i si\u0142y. <strong data-start=\"390\" data-end=\"409\">Cichy mechanizm<\/strong> zapewnia spok\u00f3j i komfort u\u017cytkowania.<\/p><p data-start=\"452\" data-end=\"615\" data-is-last-node=\"\">&#8220;AURUM&#8221; to wi\u0119cej ni\u017c zegar \u2013 to wyj\u0105tkowa ozdoba, kt\u00f3ra przyci\u0105ga wzrok i podkre\u015bla charakter wn\u0119trza. <strong data-start=\"556\" data-end=\"612\">Postaw na ponadczasow\u0105 elegancj\u0119 i naturalne pi\u0119kno!<\/strong> \u23f3\u2728<\/p>\t\t\t\t\t\t\t\t<\/div>\n\t\t\t\t<\/div>\n\t\t\t\t\t<\/div>\n\t\t<\/div>\n\t\t\t\t\t<\/div>\n\t\t<\/section>\n\t\t\t\t<section class=\"elementor-section elementor-top-section elementor-element elementor-element-e6cc6e8 elementor-section-boxed elementor-section-height-default elementor-section-height-default\" data-id=\"e6cc6e8\" data-element_type=\"section\">\n\t\t\t\t\t\t<div class=\"elementor-container elementor-column-gap-default\">\n\t\t\t\t\t<div class=\"elementor-column elementor-col-33 elementor-top-column elementor-element elementor-element-ca6c748\" data-id=\"ca6c748\" data-element_type=\"column\">\n\t\t\t<div class=\"elementor-widget-wrap elementor-element-populated\">\n\t\t\t\t\t\t<div class=\"elementor-element elementor-element-f8a13bc elementor-widget elementor-widget-image\" data-id=\"f8a13bc\" data-element_type=\"widget\" data-widget_type=\"image.default\">\n\t\t\t\t<div class=\"elementor-widget-container\">\n\t\t\t\t\t\t\t\t\t\t\t\t\t\t\t<img loading=\"lazy\" decoding=\"async\" width=\"576\" height=\"1024\" src=\"https:\/\/da-resin-art.com\/wp-content\/uploads\/2025\/02\/zegary-da-resinart-aurum-1-576x1024.jpg\" class=\"attachment-large size-large wp-image-799\" alt=\"zegar z \u017cywic\u0105 czarny z\u0142oty da resin art\" srcset=\"https:\/\/da-resin-art.com\/wp-content\/uploads\/2025\/02\/zegary-da-resinart-aurum-1-576x1024.jpg 576w, https:\/\/da-resin-art.com\/wp-content\/uploads\/2025\/02\/zegary-da-resinart-aurum-1-169x300.jpg 169w, https:\/\/da-resin-art.com\/wp-content\/uploads\/2025\/02\/zegary-da-resinart-aurum-1-768x1365.jpg 768w, https:\/\/da-resin-art.com\/wp-content\/uploads\/2025\/02\/zegary-da-resinart-aurum-1-864x1536.jpg 864w, https:\/\/da-resin-art.com\/wp-content\/uploads\/2025\/02\/zegary-da-resinart-aurum-1-1152x2048.jpg 1152w, https:\/\/da-resin-art.com\/wp-content\/uploads\/2025\/02\/zegary-da-resinart-aurum-1-600x1067.jpg 600w, https:\/\/da-resin-art.com\/wp-content\/uploads\/2025\/02\/zegary-da-resinart-aurum-1-scaled.jpg 1440w\" sizes=\"(max-width: 576px) 100vw, 576px\" \/>\t\t\t\t\t\t\t\t\t\t\t\t\t\t\t<\/div>\n\t\t\t\t<\/div>\n\t\t\t\t\t<\/div>\n\t\t<\/div>\n\t\t\t\t<div class=\"elementor-column elementor-col-33 elementor-top-column elementor-element elementor-element-2d77b49\" data-id=\"2d77b49\" data-element_type=\"column\">\n\t\t\t<div class=\"elementor-widget-wrap elementor-element-populated\">\n\t\t\t\t\t\t<div class=\"elementor-element elementor-element-ebc2c3f elementor-widget elementor-widget-image\" data-id=\"ebc2c3f\" data-element_type=\"widget\" data-widget_type=\"image.default\">\n\t\t\t\t<div class=\"elementor-widget-container\">\n\t\t\t\t\t\t\t\t\t\t\t\t\t\t\t<img loading=\"lazy\" decoding=\"async\" width=\"576\" height=\"1024\" src=\"https:\/\/da-resin-art.com\/wp-content\/uploads\/2025\/02\/zegary-da-resinart-aurum-3-576x1024.jpg\" class=\"attachment-large size-large wp-image-800\" alt=\"zegar z \u017cywic\u0105 czarny z\u0142oty da resin art\" srcset=\"https:\/\/da-resin-art.com\/wp-content\/uploads\/2025\/02\/zegary-da-resinart-aurum-3-576x1024.jpg 576w, https:\/\/da-resin-art.com\/wp-content\/uploads\/2025\/02\/zegary-da-resinart-aurum-3-169x300.jpg 169w, https:\/\/da-resin-art.com\/wp-content\/uploads\/2025\/02\/zegary-da-resinart-aurum-3-768x1365.jpg 768w, https:\/\/da-resin-art.com\/wp-content\/uploads\/2025\/02\/zegary-da-resinart-aurum-3-864x1536.jpg 864w, https:\/\/da-resin-art.com\/wp-content\/uploads\/2025\/02\/zegary-da-resinart-aurum-3-1152x2048.jpg 1152w, https:\/\/da-resin-art.com\/wp-content\/uploads\/2025\/02\/zegary-da-resinart-aurum-3-600x1067.jpg 600w, https:\/\/da-resin-art.com\/wp-content\/uploads\/2025\/02\/zegary-da-resinart-aurum-3-scaled.jpg 1440w\" sizes=\"(max-width: 576px) 100vw, 576px\" \/>\t\t\t\t\t\t\t\t\t\t\t\t\t\t\t<\/div>\n\t\t\t\t<\/div>\n\t\t\t\t\t<\/div>\n\t\t<\/div>\n\t\t\t\t<div class=\"elementor-column elementor-col-33 elementor-top-column elementor-element elementor-element-d167be2\" data-id=\"d167be2\" data-element_type=\"column\">\n\t\t\t<div class=\"elementor-widget-wrap elementor-element-populated\">\n\t\t\t\t\t\t<div class=\"elementor-element elementor-element-f797468 elementor-widget elementor-widget-image\" data-id=\"f797468\" data-element_type=\"widget\" data-widget_type=\"image.default\">\n\t\t\t\t<div class=\"elementor-widget-container\">\n\t\t\t\t\t\t\t\t\t\t\t\t\t\t\t<img loading=\"lazy\" decoding=\"async\" width=\"576\" height=\"1024\" src=\"https:\/\/da-resin-art.com\/wp-content\/uploads\/2025\/02\/zegary-da-resinart-aurum-5-576x1024.jpg\" class=\"attachment-large size-large wp-image-801\" alt=\"zegar z \u017cywic\u0105 czarny z\u0142oty da resin art\" srcset=\"https:\/\/da-resin-art.com\/wp-content\/uploads\/2025\/02\/zegary-da-resinart-aurum-5-576x1024.jpg 576w, https:\/\/da-resin-art.com\/wp-content\/uploads\/2025\/02\/zegary-da-resinart-aurum-5-169x300.jpg 169w, https:\/\/da-resin-art.com\/wp-content\/uploads\/2025\/02\/zegary-da-resinart-aurum-5-768x1366.jpg 768w, https:\/\/da-resin-art.com\/wp-content\/uploads\/2025\/02\/zegary-da-resinart-aurum-5-864x1536.jpg 864w, https:\/\/da-resin-art.com\/wp-content\/uploads\/2025\/02\/zegary-da-resinart-aurum-5-1151x2048.jpg 1151w, https:\/\/da-resin-art.com\/wp-content\/uploads\/2025\/02\/zegary-da-resinart-aurum-5-600x1067.jpg 600w, https:\/\/da-resin-art.com\/wp-content\/uploads\/2025\/02\/zegary-da-resinart-aurum-5-scaled.jpg 1439w\" sizes=\"(max-width: 576px) 100vw, 576px\" \/>\t\t\t\t\t\t\t\t\t\t\t\t\t\t\t<\/div>\n\t\t\t\t<\/div>\n\t\t\t\t\t<\/div>\n\t\t<\/div>\n\t\t\t\t\t<\/div>\n\t\t<\/section>\n\t\t\t\t<\/div>\n\t\t","protected":false},"excerpt":{"rendered":"<p data-start=\"0\" data-end=\"140\">60 cm. Zegar \u015bcienny <strong data-start=\"21\" data-end=\"32\">&#8220;AURUM&#8221;<\/strong> \u2013 wz\u00f3r wykonany z \u017cywicy epoksydowej. Dodatki: <strong data-start=\"80\" data-end=\"113\">tygrysie oko, kryszta\u0142 g\u00f3rski<\/strong>. Cichy mechanizm zegara.<\/p>\n<ul data-start=\"142\" data-end=\"704\" data-is-last-node=\"\">\n<li data-start=\"142\" data-end=\"271\">Zegar \u015bcienny <strong data-start=\"158\" data-end=\"169\">&#8220;AURUM&#8221;<\/strong> to unikalne po\u0142\u0105czenie nowoczesnego designu i minera\u0142\u00f3w wysokiej jako\u015bci, wykonane z \u017cywicy epoksydowej.<\/li>\n<li data-start=\"272\" data-end=\"401\">Eleganckie dodatki, takie jak <strong data-start=\"304\" data-end=\"338\">tygrysie oko i kryszta\u0142 g\u00f3rski<\/strong>, dodaj\u0105 zegarowi wyj\u0105tkowego charakteru i subtelnej energii.<\/li>\n<li data-start=\"402\" data-end=\"511\"><strong data-start=\"404\" data-end=\"423\">Cichy mechanizm<\/strong> gwarantuje spok\u00f3j i komfort, sprawiaj\u0105c, \u017ce zegar idealnie pasuje do ka\u017cdego wn\u0119trza.<\/li>\n<li data-start=\"512\" data-end=\"626\"><strong data-start=\"514\" data-end=\"525\">&#8220;AURUM&#8221;<\/strong> to nie tylko zegar, ale r\u00f3wnie\u017c dekoracyjny akcent, kt\u00f3ry podkre\u015bli styl i elegancj\u0119 Twojego domu.<\/li>\n<li data-start=\"627\" data-end=\"704\" data-is-last-node=\"\">Wybierz si\u0142\u0119 natury i ponadczasowe pi\u0119kno \u2013 postaw na zegar <strong data-start=\"689\" data-end=\"700\">&#8220;AURUM&#8221;<\/strong>! \u23f3\u2728<\/li>\n<\/ul>\n","protected":false},"featured_media":791,"template":"","meta":{"_acf_changed":false,"_kadence_starter_templates_imported_post":false,"_kad_post_transparent":"default","_kad_post_title":"","_kad_post_layout":"default","_kad_post_sidebar_id":"","_kad_post_content_style":"default","_kad_post_vertical_padding":"default","_kad_post_feature":"","_kad_post_feature_position":"","_kad_post_header":false,"_kad_post_footer":false},"product_brand":[],"product_cat":[18],"product_tag":[38,29],"class_list":{"0":"post-790","1":"product","2":"type-product","3":"status-publish","4":"has-post-thumbnail","6":"product_cat-galeria","7":"product_tag-sprzedany","8":"product_tag-wszystko","10":"first","11":"outofstock","12":"shipping-taxable","13":"purchasable","14":"product-type-simple","15":"entry","16":"content-bg","17":"loop-entry"},"acf":[],"_links":{"self":[{"href":"https:\/\/da-resin-art.com\/en\/wp-json\/wp\/v2\/product\/790","targetHints":{"allow":["GET"]}}],"collection":[{"href":"https:\/\/da-resin-art.com\/en\/wp-json\/wp\/v2\/product"}],"about":[{"href":"https:\/\/da-resin-art.com\/en\/wp-json\/wp\/v2\/types\/product"}],"version-history":[{"count":10,"href":"https:\/\/da-resin-art.com\/en\/wp-json\/wp\/v2\/product\/790\/revisions"}],"predecessor-version":[{"id":4280,"href":"https:\/\/da-resin-art.com\/en\/wp-json\/wp\/v2\/product\/790\/revisions\/4280"}],"wp:featuredmedia":[{"embeddable":true,"href":"https:\/\/da-resin-art.com\/en\/wp-json\/wp\/v2\/media\/791"}],"wp:attachment":[{"href":"https:\/\/da-resin-art.com\/en\/wp-json\/wp\/v2\/media?parent=790"}],"wp:term":[{"taxonomy":"product_brand","embeddable":true,"href":"https:\/\/da-resin-art.com\/en\/wp-json\/wp\/v2\/product_brand?post=790"},{"taxonomy":"product_cat","embeddable":true,"href":"https:\/\/da-resin-art.com\/en\/wp-json\/wp\/v2\/product_cat?post=790"},{"taxonomy":"product_tag","embeddable":true,"href":"https:\/\/da-resin-art.com\/en\/wp-json\/wp\/v2\/product_tag?post=790"}],"curies":[{"name":"wp","href":"https:\/\/api.w.org\/{rel}","templated":true}]}}