{"id":1033,"date":"2025-03-11T19:57:58","date_gmt":"2025-03-11T18:57:58","guid":{"rendered":"https:\/\/da-resin-art.com\/?post_type=product&#038;p=1033"},"modified":"2026-02-10T19:13:13","modified_gmt":"2026-02-10T18:13:13","slug":"zegar-scienny-jin-jang-zloto","status":"publish","type":"product","link":"https:\/\/da-resin-art.com\/ru\/produkt\/zegar-scienny-jin-jang-zloto\/","title":{"rendered":"Zegar \u015bcienny 60 cm &#171;Jin-Jang z\u0142oto&#187;"},"content":{"rendered":"\t\t<div data-elementor-type=\"product-post\" data-elementor-id=\"1033\" class=\"elementor elementor-1033\" data-elementor-post-type=\"product\">\n\t\t\t\t\t\t<section class=\"elementor-section elementor-top-section elementor-element elementor-element-1c05077 elementor-section-boxed elementor-section-height-default elementor-section-height-default\" data-id=\"1c05077\" data-element_type=\"section\">\n\t\t\t\t\t\t<div class=\"elementor-container elementor-column-gap-default\">\n\t\t\t\t\t<div class=\"elementor-column elementor-col-100 elementor-top-column elementor-element elementor-element-18dc669\" data-id=\"18dc669\" data-element_type=\"column\">\n\t\t\t<div class=\"elementor-widget-wrap elementor-element-populated\">\n\t\t\t\t\t\t<div class=\"elementor-element elementor-element-0aadb0f elementor-widget elementor-widget-image\" data-id=\"0aadb0f\" data-element_type=\"widget\" data-widget_type=\"image.default\">\n\t\t\t\t<div class=\"elementor-widget-container\">\n\t\t\t\t\t\t\t\t\t\t\t\t\t\t\t<img fetchpriority=\"high\" decoding=\"async\" width=\"1024\" height=\"576\" src=\"https:\/\/da-resin-art.com\/wp-content\/uploads\/2025\/03\/zegar-da-resin-art-jin-jang-1-2-1024x576.jpg\" class=\"attachment-large size-large wp-image-1038\" alt=\"zegar z \u017cywicy Jin-Jang na czarnym tle Premium Z\u0142oto oraz bia\u0142y marmur\" srcset=\"https:\/\/da-resin-art.com\/wp-content\/uploads\/2025\/03\/zegar-da-resin-art-jin-jang-1-2-1024x576.jpg 1024w, https:\/\/da-resin-art.com\/wp-content\/uploads\/2025\/03\/zegar-da-resin-art-jin-jang-1-2-300x169.jpg 300w, https:\/\/da-resin-art.com\/wp-content\/uploads\/2025\/03\/zegar-da-resin-art-jin-jang-1-2-768x432.jpg 768w, https:\/\/da-resin-art.com\/wp-content\/uploads\/2025\/03\/zegar-da-resin-art-jin-jang-1-2-1536x864.jpg 1536w, https:\/\/da-resin-art.com\/wp-content\/uploads\/2025\/03\/zegar-da-resin-art-jin-jang-1-2-2048x1152.jpg 2048w, https:\/\/da-resin-art.com\/wp-content\/uploads\/2025\/03\/zegar-da-resin-art-jin-jang-1-2-600x338.jpg 600w\" sizes=\"(max-width: 1024px) 100vw, 1024px\" \/>\t\t\t\t\t\t\t\t\t\t\t\t\t\t\t<\/div>\n\t\t\t\t<\/div>\n\t\t\t\t\t<\/div>\n\t\t<\/div>\n\t\t\t\t\t<\/div>\n\t\t<\/section>\n\t\t\t\t<section class=\"elementor-section elementor-top-section elementor-element elementor-element-4e326855 elementor-section-boxed elementor-section-height-default elementor-section-height-default\" data-id=\"4e326855\" data-element_type=\"section\">\n\t\t\t\t\t\t<div class=\"elementor-container elementor-column-gap-default\">\n\t\t\t\t\t<div class=\"elementor-column elementor-col-100 elementor-top-column elementor-element elementor-element-42c485c1\" data-id=\"42c485c1\" data-element_type=\"column\">\n\t\t\t<div class=\"elementor-widget-wrap elementor-element-populated\">\n\t\t\t\t\t\t<div class=\"elementor-element elementor-element-67d3cb9 elementor-widget elementor-widget-text-editor\" data-id=\"67d3cb9\" data-element_type=\"widget\" data-widget_type=\"text-editor.default\">\n\t\t\t\t<div class=\"elementor-widget-container\">\n\t\t\t\t\t\t\t\t\t<p>\ud83d\udda4 \u015arednica 60 cm.<\/p>\n<p>\ud83d\udda4Baza &#8212; MDF.<\/p>\n<p>\ud83d\udda4 Zegar \u015bcienny &#171;Jin-Jang&#187; &#8212; wz\u00f3r wykonany z \u017cywicy epoksydowej.<\/p>\n<p>\ud83d\udda4Dodatki:&nbsp;<span style=\"color: var( --e-global-color-text ); font-family: var( --e-global-typography-text-font-family ), Sans-serif; font-weight: var( --e-global-typography-text-font-weight ); background-color: transparent;\">\u017cwirek dekoracyjny czarny.<\/span><\/p>\n<p>\ud83d\udda4 Cichy mechanizm zegara.&nbsp;<\/p>\t\t\t\t\t\t\t\t<\/div>\n\t\t\t\t<\/div>\n\t\t\t\t\t<\/div>\n\t\t<\/div>\n\t\t\t\t\t<\/div>\n\t\t<\/section>\n\t\t\t\t<section class=\"elementor-section elementor-top-section elementor-element elementor-element-1705c5e elementor-section-boxed elementor-section-height-default elementor-section-height-default\" data-id=\"1705c5e\" data-element_type=\"section\">\n\t\t\t\t\t\t<div class=\"elementor-container elementor-column-gap-default\">\n\t\t\t\t\t<div class=\"elementor-column elementor-col-33 elementor-top-column elementor-element elementor-element-e345a69\" data-id=\"e345a69\" data-element_type=\"column\">\n\t\t\t<div class=\"elementor-widget-wrap elementor-element-populated\">\n\t\t\t\t\t\t<div class=\"elementor-element elementor-element-d042564 elementor-widget elementor-widget-video\" data-id=\"d042564\" data-element_type=\"widget\" data-settings=\"{&quot;youtube_url&quot;:&quot;https:\\\/\\\/youtube.com\\\/watch?v=2csMae9TxMU?feature=share&quot;,&quot;video_type&quot;:&quot;youtube&quot;,&quot;controls&quot;:&quot;yes&quot;}\" data-widget_type=\"video.default\">\n\t\t\t\t<div class=\"elementor-widget-container\">\n\t\t\t\t\t\t\t<div class=\"elementor-wrapper elementor-open-inline\">\n\t\t\t<div class=\"elementor-video\"><\/div>\t\t<\/div>\n\t\t\t\t\t\t<\/div>\n\t\t\t\t<\/div>\n\t\t\t\t\t<\/div>\n\t\t<\/div>\n\t\t\t\t<div class=\"elementor-column elementor-col-33 elementor-top-column elementor-element elementor-element-d6da29c\" data-id=\"d6da29c\" data-element_type=\"column\">\n\t\t\t<div class=\"elementor-widget-wrap elementor-element-populated\">\n\t\t\t\t\t\t<div class=\"elementor-element elementor-element-65de88c elementor-widget elementor-widget-image\" data-id=\"65de88c\" data-element_type=\"widget\" data-widget_type=\"image.default\">\n\t\t\t\t<div class=\"elementor-widget-container\">\n\t\t\t\t\t\t\t\t\t\t\t\t\t\t\t<img decoding=\"async\" width=\"576\" height=\"1024\" src=\"https:\/\/da-resin-art.com\/wp-content\/uploads\/2025\/03\/zegar-da-resin-art-jin-jang-1-4-576x1024.jpg\" class=\"attachment-large size-large wp-image-1039\" alt=\"zegar z \u017cywicy Jin-Jang na czarnym tle Premium Z\u0142oto oraz bia\u0142y marmur\" srcset=\"https:\/\/da-resin-art.com\/wp-content\/uploads\/2025\/03\/zegar-da-resin-art-jin-jang-1-4-576x1024.jpg 576w, https:\/\/da-resin-art.com\/wp-content\/uploads\/2025\/03\/zegar-da-resin-art-jin-jang-1-4-169x300.jpg 169w, https:\/\/da-resin-art.com\/wp-content\/uploads\/2025\/03\/zegar-da-resin-art-jin-jang-1-4-768x1365.jpg 768w, https:\/\/da-resin-art.com\/wp-content\/uploads\/2025\/03\/zegar-da-resin-art-jin-jang-1-4-864x1536.jpg 864w, https:\/\/da-resin-art.com\/wp-content\/uploads\/2025\/03\/zegar-da-resin-art-jin-jang-1-4-1152x2048.jpg 1152w, https:\/\/da-resin-art.com\/wp-content\/uploads\/2025\/03\/zegar-da-resin-art-jin-jang-1-4-600x1067.jpg 600w, https:\/\/da-resin-art.com\/wp-content\/uploads\/2025\/03\/zegar-da-resin-art-jin-jang-1-4-scaled.jpg 1440w\" sizes=\"(max-width: 576px) 100vw, 576px\" \/>\t\t\t\t\t\t\t\t\t\t\t\t\t\t\t<\/div>\n\t\t\t\t<\/div>\n\t\t\t\t\t<\/div>\n\t\t<\/div>\n\t\t\t\t<div class=\"elementor-column elementor-col-33 elementor-top-column elementor-element elementor-element-f8aab89\" data-id=\"f8aab89\" data-element_type=\"column\">\n\t\t\t<div class=\"elementor-widget-wrap elementor-element-populated\">\n\t\t\t\t\t\t<div class=\"elementor-element elementor-element-d89be88 elementor-widget elementor-widget-image\" data-id=\"d89be88\" data-element_type=\"widget\" data-widget_type=\"image.default\">\n\t\t\t\t<div class=\"elementor-widget-container\">\n\t\t\t\t\t\t\t\t\t\t\t\t\t\t\t<img decoding=\"async\" width=\"576\" height=\"1024\" src=\"https:\/\/da-resin-art.com\/wp-content\/uploads\/2025\/03\/zegar-da-resin-art-jin-jang-1-1-576x1024.jpg\" class=\"attachment-large size-large wp-image-1040\" alt=\"\" srcset=\"https:\/\/da-resin-art.com\/wp-content\/uploads\/2025\/03\/zegar-da-resin-art-jin-jang-1-1-576x1024.jpg 576w, https:\/\/da-resin-art.com\/wp-content\/uploads\/2025\/03\/zegar-da-resin-art-jin-jang-1-1-169x300.jpg 169w, https:\/\/da-resin-art.com\/wp-content\/uploads\/2025\/03\/zegar-da-resin-art-jin-jang-1-1-768x1365.jpg 768w, https:\/\/da-resin-art.com\/wp-content\/uploads\/2025\/03\/zegar-da-resin-art-jin-jang-1-1-864x1536.jpg 864w, https:\/\/da-resin-art.com\/wp-content\/uploads\/2025\/03\/zegar-da-resin-art-jin-jang-1-1-1152x2048.jpg 1152w, https:\/\/da-resin-art.com\/wp-content\/uploads\/2025\/03\/zegar-da-resin-art-jin-jang-1-1-600x1067.jpg 600w, https:\/\/da-resin-art.com\/wp-content\/uploads\/2025\/03\/zegar-da-resin-art-jin-jang-1-1-scaled.jpg 1440w\" sizes=\"(max-width: 576px) 100vw, 576px\" \/>\t\t\t\t\t\t\t\t\t\t\t\t\t\t\t<\/div>\n\t\t\t\t<\/div>\n\t\t\t\t\t<\/div>\n\t\t<\/div>\n\t\t\t\t\t<\/div>\n\t\t<\/section>\n\t\t\t\t<section class=\"elementor-section elementor-top-section elementor-element elementor-element-de9aa7f elementor-section-boxed elementor-section-height-default elementor-section-height-default\" data-id=\"de9aa7f\" data-element_type=\"section\">\n\t\t\t\t\t\t<div class=\"elementor-container elementor-column-gap-default\">\n\t\t\t\t\t<div class=\"elementor-column elementor-col-100 elementor-top-column elementor-element elementor-element-a0b9f94\" data-id=\"a0b9f94\" data-element_type=\"column\">\n\t\t\t<div class=\"elementor-widget-wrap elementor-element-populated\">\n\t\t\t\t\t\t<div class=\"elementor-element elementor-element-68b2ab8 elementor-widget elementor-widget-text-editor\" data-id=\"68b2ab8\" data-element_type=\"widget\" data-widget_type=\"text-editor.default\">\n\t\t\t\t<div class=\"elementor-widget-container\">\n\t\t\t\t\t\t\t\t\t<h3 data-start=\"0\" data-end=\"72\">Zegar \u015bcienny <strong data-start=\"18\" data-end=\"38\">&#171;Jin-Jang Z\u0142oto&#187;<\/strong> \u2013 harmonia kontrast\u00f3w i luksusu<\/h3><p data-start=\"74\" data-end=\"319\">Monumentalny, 60-centymetrowy zegar \u015bcienny <strong data-start=\"118\" data-end=\"138\">&#171;Jin-Jang Z\u0142oto&#187;<\/strong> to po\u0142\u0105czenie r\u00f3wnowagi i elegancji. Wykonany z \u017cywicy epoksydowej w marmurowym stylu, zachwyca g\u0142\u0119bok\u0105 czerni\u0105, <strong data-start=\"252\" data-end=\"270\">Premium Z\u0142otem<\/strong> i bia\u0142ym marmurem, tworz\u0105c efektowny kontrast.<\/p><p data-start=\"321\" data-end=\"469\">Rzymskie cyfry z podzia\u0142ami nadaj\u0105 mu klasyczny charakter, a cichy mechanizm zapewnia komfort u\u017cytkowania, wprowadzaj\u0105c spok\u00f3j do Twojego wn\u0119trza.<\/p><p data-start=\"471\" data-end=\"637\" data-is-last-node=\"\" data-is-only-node=\"\"><strong data-start=\"471\" data-end=\"491\">&#171;Jin-Jang Z\u0142oto&#187;<\/strong> to nie tylko zegar \u2013 to wyj\u0105tkowy element dekoracyjny, kt\u00f3ry \u0142\u0105czy symbolik\u0119 harmonii z luksusowym stylem. Odkryj pi\u0119kno doskona\u0142ej r\u00f3wnowagi!<\/p>\t\t\t\t\t\t\t\t<\/div>\n\t\t\t\t<\/div>\n\t\t\t\t\t<\/div>\n\t\t<\/div>\n\t\t\t\t\t<\/div>\n\t\t<\/section>\n\t\t\t\t<section class=\"elementor-section elementor-top-section elementor-element elementor-element-e6cc6e8 elementor-section-boxed elementor-section-height-default elementor-section-height-default\" data-id=\"e6cc6e8\" data-element_type=\"section\">\n\t\t\t\t\t\t<div class=\"elementor-container elementor-column-gap-default\">\n\t\t\t\t\t<div class=\"elementor-column elementor-col-33 elementor-top-column elementor-element elementor-element-ca6c748\" data-id=\"ca6c748\" data-element_type=\"column\">\n\t\t\t<div class=\"elementor-widget-wrap elementor-element-populated\">\n\t\t\t\t\t\t<div class=\"elementor-element elementor-element-f8a13bc elementor-widget elementor-widget-image\" data-id=\"f8a13bc\" data-element_type=\"widget\" data-widget_type=\"image.default\">\n\t\t\t\t<div class=\"elementor-widget-container\">\n\t\t\t\t\t\t\t\t\t\t\t\t\t\t\t<img loading=\"lazy\" decoding=\"async\" width=\"576\" height=\"1024\" src=\"https:\/\/da-resin-art.com\/wp-content\/uploads\/2025\/03\/zegar-da-resin-art-jin-jang-1-3-576x1024.jpg\" class=\"attachment-large size-large wp-image-1041\" alt=\"zegar z \u017cywicy Jin-Jang na czarnym tle Premium Z\u0142oto oraz bia\u0142y marmur\" srcset=\"https:\/\/da-resin-art.com\/wp-content\/uploads\/2025\/03\/zegar-da-resin-art-jin-jang-1-3-576x1024.jpg 576w, https:\/\/da-resin-art.com\/wp-content\/uploads\/2025\/03\/zegar-da-resin-art-jin-jang-1-3-169x300.jpg 169w, https:\/\/da-resin-art.com\/wp-content\/uploads\/2025\/03\/zegar-da-resin-art-jin-jang-1-3-768x1365.jpg 768w, https:\/\/da-resin-art.com\/wp-content\/uploads\/2025\/03\/zegar-da-resin-art-jin-jang-1-3-864x1536.jpg 864w, https:\/\/da-resin-art.com\/wp-content\/uploads\/2025\/03\/zegar-da-resin-art-jin-jang-1-3-1152x2048.jpg 1152w, https:\/\/da-resin-art.com\/wp-content\/uploads\/2025\/03\/zegar-da-resin-art-jin-jang-1-3-600x1067.jpg 600w, https:\/\/da-resin-art.com\/wp-content\/uploads\/2025\/03\/zegar-da-resin-art-jin-jang-1-3-scaled.jpg 1440w\" sizes=\"(max-width: 576px) 100vw, 576px\" \/>\t\t\t\t\t\t\t\t\t\t\t\t\t\t\t<\/div>\n\t\t\t\t<\/div>\n\t\t\t\t\t<\/div>\n\t\t<\/div>\n\t\t\t\t<div class=\"elementor-column elementor-col-33 elementor-top-column elementor-element elementor-element-2d77b49\" data-id=\"2d77b49\" data-element_type=\"column\">\n\t\t\t<div class=\"elementor-widget-wrap elementor-element-populated\">\n\t\t\t\t\t\t<div class=\"elementor-element elementor-element-ebc2c3f elementor-widget elementor-widget-image\" data-id=\"ebc2c3f\" data-element_type=\"widget\" data-widget_type=\"image.default\">\n\t\t\t\t<div class=\"elementor-widget-container\">\n\t\t\t\t\t\t\t\t\t\t\t\t\t\t\t<img loading=\"lazy\" decoding=\"async\" width=\"576\" height=\"1024\" src=\"https:\/\/da-resin-art.com\/wp-content\/uploads\/2025\/03\/zegar-da-resin-art-jin-jang-1-6-576x1024.jpg\" class=\"attachment-large size-large wp-image-1042\" alt=\"\" srcset=\"https:\/\/da-resin-art.com\/wp-content\/uploads\/2025\/03\/zegar-da-resin-art-jin-jang-1-6-576x1024.jpg 576w, https:\/\/da-resin-art.com\/wp-content\/uploads\/2025\/03\/zegar-da-resin-art-jin-jang-1-6-169x300.jpg 169w, https:\/\/da-resin-art.com\/wp-content\/uploads\/2025\/03\/zegar-da-resin-art-jin-jang-1-6-768x1365.jpg 768w, https:\/\/da-resin-art.com\/wp-content\/uploads\/2025\/03\/zegar-da-resin-art-jin-jang-1-6-864x1536.jpg 864w, https:\/\/da-resin-art.com\/wp-content\/uploads\/2025\/03\/zegar-da-resin-art-jin-jang-1-6-1152x2048.jpg 1152w, https:\/\/da-resin-art.com\/wp-content\/uploads\/2025\/03\/zegar-da-resin-art-jin-jang-1-6-600x1067.jpg 600w, https:\/\/da-resin-art.com\/wp-content\/uploads\/2025\/03\/zegar-da-resin-art-jin-jang-1-6-scaled.jpg 1440w\" sizes=\"(max-width: 576px) 100vw, 576px\" \/>\t\t\t\t\t\t\t\t\t\t\t\t\t\t\t<\/div>\n\t\t\t\t<\/div>\n\t\t\t\t\t<\/div>\n\t\t<\/div>\n\t\t\t\t<div class=\"elementor-column elementor-col-33 elementor-top-column elementor-element elementor-element-d167be2\" data-id=\"d167be2\" data-element_type=\"column\">\n\t\t\t<div class=\"elementor-widget-wrap elementor-element-populated\">\n\t\t\t\t\t\t<div class=\"elementor-element elementor-element-f797468 elementor-widget elementor-widget-image\" data-id=\"f797468\" data-element_type=\"widget\" data-widget_type=\"image.default\">\n\t\t\t\t<div class=\"elementor-widget-container\">\n\t\t\t\t\t\t\t\t\t\t\t\t\t\t\t<img loading=\"lazy\" decoding=\"async\" width=\"576\" height=\"1024\" src=\"https:\/\/da-resin-art.com\/wp-content\/uploads\/2025\/03\/zegar-da-resin-art-jin-jang-1-5-576x1024.jpg\" class=\"attachment-large size-large wp-image-1043\" alt=\"zegar z \u017cywicy Jin-Jang na czarnym tle Premium Z\u0142oto oraz bia\u0142y marmur\" srcset=\"https:\/\/da-resin-art.com\/wp-content\/uploads\/2025\/03\/zegar-da-resin-art-jin-jang-1-5-576x1024.jpg 576w, https:\/\/da-resin-art.com\/wp-content\/uploads\/2025\/03\/zegar-da-resin-art-jin-jang-1-5-169x300.jpg 169w, https:\/\/da-resin-art.com\/wp-content\/uploads\/2025\/03\/zegar-da-resin-art-jin-jang-1-5-768x1365.jpg 768w, https:\/\/da-resin-art.com\/wp-content\/uploads\/2025\/03\/zegar-da-resin-art-jin-jang-1-5-864x1536.jpg 864w, https:\/\/da-resin-art.com\/wp-content\/uploads\/2025\/03\/zegar-da-resin-art-jin-jang-1-5-1152x2048.jpg 1152w, https:\/\/da-resin-art.com\/wp-content\/uploads\/2025\/03\/zegar-da-resin-art-jin-jang-1-5-600x1067.jpg 600w, https:\/\/da-resin-art.com\/wp-content\/uploads\/2025\/03\/zegar-da-resin-art-jin-jang-1-5-scaled.jpg 1440w\" sizes=\"(max-width: 576px) 100vw, 576px\" \/>\t\t\t\t\t\t\t\t\t\t\t\t\t\t\t<\/div>\n\t\t\t\t<\/div>\n\t\t\t\t\t<\/div>\n\t\t<\/div>\n\t\t\t\t\t<\/div>\n\t\t<\/section>\n\t\t\t\t<\/div>\n\t\t","protected":false},"excerpt":{"rendered":"<p data-start=\"0\" data-end=\"140\">60 cm. <strong>Zegar \u015bcienny &#171;Jin-Jang z\u0142oto&#187;<\/strong> &#8212; wz\u00f3r wykonany z \u017cywicy w stylu marmur: na czarnym tle Premium Z\u0142oto oraz bia\u0142y marmur, rzymskie cyfry z podzia\u0142ami. Ciczy mechanizm zegara.<\/p>\n<ul data-start=\"142\" data-end=\"704\" data-is-last-node=\"\">\n<li data-start=\"142\" data-end=\"271\">Zegar \u015bcienny <strong data-start=\"14\" data-end=\"34\">&#171;Jin-Jang Z\u0142oto&#187;<\/strong> to unikalne po\u0142\u0105czenie nowoczesnego designu i klasycznej symboliki, wykonane z \u017cywicy epoksydowej w marmurowym wzorze.<\/li>\n<li data-start=\"272\" data-end=\"401\">Elegancka kompozycja czerni, <strong data-start=\"185\" data-end=\"202\">Premium Z\u0142ota<\/strong> i bia\u0142ego marmuru tworzy harmonijny kontrast, kt\u00f3ry podkre\u015bla wyj\u0105tkowy charakter zegara.<\/li>\n<li data-start=\"402\" data-end=\"511\"><strong data-start=\"404\" data-end=\"423\">Cichy mechanizm<\/strong> gwarantuje spok\u00f3j i komfort, sprawiaj\u0105c, \u017ce zegar idealnie pasuje do ka\u017cdego wn\u0119trza.<\/li>\n<li data-start=\"402\" data-end=\"511\"><strong>Rzymskie cyfry z podzia\u0142ami<\/strong> dodaj\u0105 mu klasycznego uroku, a <strong>kamenie<\/strong> tworz\u0105 pi\u0119kny efekt 3D.<\/li>\n<li data-start=\"512\" data-end=\"626\"><strong data-start=\"402\" data-end=\"422\">&#171;Jin-Jang Z\u0142oto&#187;<\/strong> to wi\u0119cej ni\u017c zegar \u2013 to dekoracyjny akcent, kt\u00f3ry wniesie do Twojego wn\u0119trza r\u00f3wnowag\u0119 i styl.<\/li>\n<\/ul>\n","protected":false},"featured_media":1036,"template":"","meta":{"_acf_changed":false,"_kadence_starter_templates_imported_post":false,"_kad_post_transparent":"default","_kad_post_title":"","_kad_post_layout":"default","_kad_post_sidebar_id":"","_kad_post_content_style":"default","_kad_post_vertical_padding":"default","_kad_post_feature":"","_kad_post_feature_position":"","_kad_post_header":false,"_kad_post_footer":false},"product_brand":[],"product_cat":[18],"product_tag":[38,29],"class_list":{"0":"post-1033","1":"product","2":"type-product","3":"status-publish","4":"has-post-thumbnail","6":"product_cat-galeria","7":"product_tag-sprzedany","8":"product_tag-wszystko","10":"first","11":"outofstock","12":"shipping-taxable","13":"purchasable","14":"product-type-simple","15":"entry","16":"content-bg","17":"loop-entry"},"acf":[],"_links":{"self":[{"href":"https:\/\/da-resin-art.com\/ru\/wp-json\/wp\/v2\/product\/1033","targetHints":{"allow":["GET"]}}],"collection":[{"href":"https:\/\/da-resin-art.com\/ru\/wp-json\/wp\/v2\/product"}],"about":[{"href":"https:\/\/da-resin-art.com\/ru\/wp-json\/wp\/v2\/types\/product"}],"version-history":[{"count":13,"href":"https:\/\/da-resin-art.com\/ru\/wp-json\/wp\/v2\/product\/1033\/revisions"}],"predecessor-version":[{"id":4277,"href":"https:\/\/da-resin-art.com\/ru\/wp-json\/wp\/v2\/product\/1033\/revisions\/4277"}],"wp:featuredmedia":[{"embeddable":true,"href":"https:\/\/da-resin-art.com\/ru\/wp-json\/wp\/v2\/media\/1036"}],"wp:attachment":[{"href":"https:\/\/da-resin-art.com\/ru\/wp-json\/wp\/v2\/media?parent=1033"}],"wp:term":[{"taxonomy":"product_brand","embeddable":true,"href":"https:\/\/da-resin-art.com\/ru\/wp-json\/wp\/v2\/product_brand?post=1033"},{"taxonomy":"product_cat","embeddable":true,"href":"https:\/\/da-resin-art.com\/ru\/wp-json\/wp\/v2\/product_cat?post=1033"},{"taxonomy":"product_tag","embeddable":true,"href":"https:\/\/da-resin-art.com\/ru\/wp-json\/wp\/v2\/product_tag?post=1033"}],"curies":[{"name":"wp","href":"https:\/\/api.w.org\/{rel}","templated":true}]}}