{"id":1084,"date":"2025-03-12T16:21:26","date_gmt":"2025-03-12T15:21:26","guid":{"rendered":"https:\/\/da-resin-art.com\/?post_type=product&#038;p=1084"},"modified":"2026-02-10T19:12:02","modified_gmt":"2026-02-10T18:12:02","slug":"zegar-scienny-zloto","status":"publish","type":"product","link":"https:\/\/da-resin-art.com\/ru\/produkt\/zegar-scienny-zloto\/","title":{"rendered":"Zegar \u015bcienny 60 cm &#171;Z\u0142oto&#187;"},"content":{"rendered":"\t\t<div data-elementor-type=\"product-post\" data-elementor-id=\"1084\" class=\"elementor elementor-1084\" data-elementor-post-type=\"product\">\n\t\t\t\t\t\t<section class=\"elementor-section elementor-top-section elementor-element elementor-element-1c05077 elementor-section-boxed elementor-section-height-default elementor-section-height-default\" data-id=\"1c05077\" data-element_type=\"section\">\n\t\t\t\t\t\t<div class=\"elementor-container elementor-column-gap-default\">\n\t\t\t\t\t<div class=\"elementor-column elementor-col-100 elementor-top-column elementor-element elementor-element-18dc669\" data-id=\"18dc669\" data-element_type=\"column\">\n\t\t\t<div class=\"elementor-widget-wrap elementor-element-populated\">\n\t\t\t\t\t\t<div class=\"elementor-element elementor-element-0aadb0f elementor-widget elementor-widget-image\" data-id=\"0aadb0f\" data-element_type=\"widget\" data-widget_type=\"image.default\">\n\t\t\t\t<div class=\"elementor-widget-container\">\n\t\t\t\t\t\t\t\t\t\t\t\t\t\t\t<img fetchpriority=\"high\" decoding=\"async\" width=\"1024\" height=\"576\" src=\"https:\/\/da-resin-art.com\/wp-content\/uploads\/2025\/03\/zegar-da-resin-art-zloto-1-2-1024x576.jpg\" class=\"attachment-large size-large wp-image-1088\" alt=\"zegar z \u017cywic\u0105 czarno z\u0142oty\" srcset=\"https:\/\/da-resin-art.com\/wp-content\/uploads\/2025\/03\/zegar-da-resin-art-zloto-1-2-1024x576.jpg 1024w, https:\/\/da-resin-art.com\/wp-content\/uploads\/2025\/03\/zegar-da-resin-art-zloto-1-2-300x169.jpg 300w, https:\/\/da-resin-art.com\/wp-content\/uploads\/2025\/03\/zegar-da-resin-art-zloto-1-2-768x432.jpg 768w, https:\/\/da-resin-art.com\/wp-content\/uploads\/2025\/03\/zegar-da-resin-art-zloto-1-2-1536x864.jpg 1536w, https:\/\/da-resin-art.com\/wp-content\/uploads\/2025\/03\/zegar-da-resin-art-zloto-1-2-2048x1152.jpg 2048w, https:\/\/da-resin-art.com\/wp-content\/uploads\/2025\/03\/zegar-da-resin-art-zloto-1-2-600x338.jpg 600w\" sizes=\"(max-width: 1024px) 100vw, 1024px\" \/>\t\t\t\t\t\t\t\t\t\t\t\t\t\t\t<\/div>\n\t\t\t\t<\/div>\n\t\t\t\t\t<\/div>\n\t\t<\/div>\n\t\t\t\t\t<\/div>\n\t\t<\/section>\n\t\t\t\t<section class=\"elementor-section elementor-top-section elementor-element elementor-element-4e326855 elementor-section-boxed elementor-section-height-default elementor-section-height-default\" data-id=\"4e326855\" data-element_type=\"section\">\n\t\t\t\t\t\t<div class=\"elementor-container elementor-column-gap-default\">\n\t\t\t\t\t<div class=\"elementor-column elementor-col-100 elementor-top-column elementor-element elementor-element-42c485c1\" data-id=\"42c485c1\" data-element_type=\"column\">\n\t\t\t<div class=\"elementor-widget-wrap elementor-element-populated\">\n\t\t\t\t\t\t<div class=\"elementor-element elementor-element-67d3cb9 elementor-widget elementor-widget-text-editor\" data-id=\"67d3cb9\" data-element_type=\"widget\" data-widget_type=\"text-editor.default\">\n\t\t\t\t<div class=\"elementor-widget-container\">\n\t\t\t\t\t\t\t\t\t<p>\ud83d\udda4 \u015arednica 60 cm.<\/p><p>\ud83d\udda4Baza &#8212; MDF.<\/p><p>\ud83d\udda4 Zegar \u015bcienny &#171;Z\u0142oto&#187; &#8212; wz\u00f3r wykonany z \u017cywicy epoksydowej.<\/p><p>\ud83d\udda4 Cichy mechanizm zegara.\u00a0<\/p>\t\t\t\t\t\t\t\t<\/div>\n\t\t\t\t<\/div>\n\t\t\t\t\t<\/div>\n\t\t<\/div>\n\t\t\t\t\t<\/div>\n\t\t<\/section>\n\t\t\t\t<section class=\"elementor-section elementor-top-section elementor-element elementor-element-1705c5e elementor-section-boxed elementor-section-height-default elementor-section-height-default\" data-id=\"1705c5e\" data-element_type=\"section\">\n\t\t\t\t\t\t<div class=\"elementor-container elementor-column-gap-default\">\n\t\t\t\t\t<div class=\"elementor-column elementor-col-33 elementor-top-column elementor-element elementor-element-e345a69\" data-id=\"e345a69\" data-element_type=\"column\">\n\t\t\t<div class=\"elementor-widget-wrap elementor-element-populated\">\n\t\t\t\t\t\t<div class=\"elementor-element elementor-element-d042564 elementor-widget elementor-widget-video\" data-id=\"d042564\" data-element_type=\"widget\" data-settings=\"{&quot;youtube_url&quot;:&quot;https:\\\/\\\/youtube.com\\\/watch?v=psg8i2XtoQA?feature=share&quot;,&quot;video_type&quot;:&quot;youtube&quot;,&quot;controls&quot;:&quot;yes&quot;}\" data-widget_type=\"video.default\">\n\t\t\t\t<div class=\"elementor-widget-container\">\n\t\t\t\t\t\t\t<div class=\"elementor-wrapper elementor-open-inline\">\n\t\t\t<div class=\"elementor-video\"><\/div>\t\t<\/div>\n\t\t\t\t\t\t<\/div>\n\t\t\t\t<\/div>\n\t\t\t\t\t<\/div>\n\t\t<\/div>\n\t\t\t\t<div class=\"elementor-column elementor-col-33 elementor-top-column elementor-element elementor-element-d6da29c\" data-id=\"d6da29c\" data-element_type=\"column\">\n\t\t\t<div class=\"elementor-widget-wrap elementor-element-populated\">\n\t\t\t\t\t\t<div class=\"elementor-element elementor-element-65de88c elementor-widget elementor-widget-image\" data-id=\"65de88c\" data-element_type=\"widget\" data-widget_type=\"image.default\">\n\t\t\t\t<div class=\"elementor-widget-container\">\n\t\t\t\t\t\t\t\t\t\t\t\t\t\t\t<img decoding=\"async\" width=\"576\" height=\"1024\" src=\"https:\/\/da-resin-art.com\/wp-content\/uploads\/2025\/03\/zegar-da-resin-art-zloto-1-3-576x1024.jpg\" class=\"attachment-large size-large wp-image-1089\" alt=\"zegar z \u017cywic\u0105 czarno z\u0142oty\" srcset=\"https:\/\/da-resin-art.com\/wp-content\/uploads\/2025\/03\/zegar-da-resin-art-zloto-1-3-576x1024.jpg 576w, https:\/\/da-resin-art.com\/wp-content\/uploads\/2025\/03\/zegar-da-resin-art-zloto-1-3-169x300.jpg 169w, https:\/\/da-resin-art.com\/wp-content\/uploads\/2025\/03\/zegar-da-resin-art-zloto-1-3-768x1365.jpg 768w, https:\/\/da-resin-art.com\/wp-content\/uploads\/2025\/03\/zegar-da-resin-art-zloto-1-3-864x1536.jpg 864w, https:\/\/da-resin-art.com\/wp-content\/uploads\/2025\/03\/zegar-da-resin-art-zloto-1-3-1152x2048.jpg 1152w, https:\/\/da-resin-art.com\/wp-content\/uploads\/2025\/03\/zegar-da-resin-art-zloto-1-3-600x1067.jpg 600w, https:\/\/da-resin-art.com\/wp-content\/uploads\/2025\/03\/zegar-da-resin-art-zloto-1-3-scaled.jpg 1440w\" sizes=\"(max-width: 576px) 100vw, 576px\" \/>\t\t\t\t\t\t\t\t\t\t\t\t\t\t\t<\/div>\n\t\t\t\t<\/div>\n\t\t\t\t\t<\/div>\n\t\t<\/div>\n\t\t\t\t<div class=\"elementor-column elementor-col-33 elementor-top-column elementor-element elementor-element-f8aab89\" data-id=\"f8aab89\" data-element_type=\"column\">\n\t\t\t<div class=\"elementor-widget-wrap elementor-element-populated\">\n\t\t\t\t\t\t<div class=\"elementor-element elementor-element-d89be88 elementor-widget elementor-widget-image\" data-id=\"d89be88\" data-element_type=\"widget\" data-widget_type=\"image.default\">\n\t\t\t\t<div class=\"elementor-widget-container\">\n\t\t\t\t\t\t\t\t\t\t\t\t\t\t\t<img decoding=\"async\" width=\"576\" height=\"1024\" src=\"https:\/\/da-resin-art.com\/wp-content\/uploads\/2025\/03\/zegar-da-resin-art-zloto-1-4-576x1024.jpg\" class=\"attachment-large size-large wp-image-1091\" alt=\"zegar z \u017cywic\u0105 czarno z\u0142oty\" srcset=\"https:\/\/da-resin-art.com\/wp-content\/uploads\/2025\/03\/zegar-da-resin-art-zloto-1-4-576x1024.jpg 576w, https:\/\/da-resin-art.com\/wp-content\/uploads\/2025\/03\/zegar-da-resin-art-zloto-1-4-169x300.jpg 169w, https:\/\/da-resin-art.com\/wp-content\/uploads\/2025\/03\/zegar-da-resin-art-zloto-1-4-768x1365.jpg 768w, https:\/\/da-resin-art.com\/wp-content\/uploads\/2025\/03\/zegar-da-resin-art-zloto-1-4-864x1536.jpg 864w, https:\/\/da-resin-art.com\/wp-content\/uploads\/2025\/03\/zegar-da-resin-art-zloto-1-4-1152x2048.jpg 1152w, https:\/\/da-resin-art.com\/wp-content\/uploads\/2025\/03\/zegar-da-resin-art-zloto-1-4-600x1067.jpg 600w, https:\/\/da-resin-art.com\/wp-content\/uploads\/2025\/03\/zegar-da-resin-art-zloto-1-4-scaled.jpg 1440w\" sizes=\"(max-width: 576px) 100vw, 576px\" \/>\t\t\t\t\t\t\t\t\t\t\t\t\t\t\t<\/div>\n\t\t\t\t<\/div>\n\t\t\t\t\t<\/div>\n\t\t<\/div>\n\t\t\t\t\t<\/div>\n\t\t<\/section>\n\t\t\t\t<section class=\"elementor-section elementor-top-section elementor-element elementor-element-de9aa7f elementor-section-boxed elementor-section-height-default elementor-section-height-default\" data-id=\"de9aa7f\" data-element_type=\"section\">\n\t\t\t\t\t\t<div class=\"elementor-container elementor-column-gap-default\">\n\t\t\t\t\t<div class=\"elementor-column elementor-col-100 elementor-top-column elementor-element elementor-element-a0b9f94\" data-id=\"a0b9f94\" data-element_type=\"column\">\n\t\t\t<div class=\"elementor-widget-wrap elementor-element-populated\">\n\t\t\t\t\t\t<div class=\"elementor-element elementor-element-68b2ab8 elementor-widget elementor-widget-text-editor\" data-id=\"68b2ab8\" data-element_type=\"widget\" data-widget_type=\"text-editor.default\">\n\t\t\t\t<div class=\"elementor-widget-container\">\n\t\t\t\t\t\t\t\t\t<h3 data-start=\"0\" data-end=\"62\">Zegar \u015bcienny <strong data-start=\"18\" data-end=\"29\">&#171;Z\u0142oto&#187;<\/strong> \u2013 luksus w najczystszej formie<\/h3><p data-start=\"64\" data-end=\"292\">Wyrazisty, 60-centymetrowy zegar \u015bcienny <strong data-start=\"105\" data-end=\"116\">&#171;Z\u0142oto&#187;<\/strong> to symbol elegancji i nowoczesnego designu. Wykonany z \u017cywicy epoksydowej, zachwyca g\u0142\u0119bok\u0105 czerni\u0105 t\u0142a, na kt\u00f3rym <strong data-start=\"232\" data-end=\"249\">z\u0142ote akcenty<\/strong> dodaj\u0105 mu wyj\u0105tkowego blasku i presti\u017cu.<\/p><p data-start=\"294\" data-end=\"433\">Cichy mechanizm zapewnia komfort u\u017cytkowania, a wyrafinowany styl sprawia, \u017ce zegar idealnie pasuje do eleganckich i nowoczesnych wn\u0119trz.<\/p><p data-start=\"435\" data-end=\"536\" data-is-last-node=\"\" data-is-only-node=\"\"><strong data-start=\"435\" data-end=\"446\">&#171;Z\u0142oto&#187;<\/strong> to nie tylko zegar \u2013 to wyraz luksusu i dobrego smaku. Postaw na ponadczasow\u0105 klasyk\u0119!<\/p>\t\t\t\t\t\t\t\t<\/div>\n\t\t\t\t<\/div>\n\t\t\t\t\t<\/div>\n\t\t<\/div>\n\t\t\t\t\t<\/div>\n\t\t<\/section>\n\t\t\t\t<section class=\"elementor-section elementor-top-section elementor-element elementor-element-e6cc6e8 elementor-section-boxed elementor-section-height-default elementor-section-height-default\" data-id=\"e6cc6e8\" data-element_type=\"section\">\n\t\t\t\t\t\t<div class=\"elementor-container elementor-column-gap-default\">\n\t\t\t\t\t<div class=\"elementor-column elementor-col-33 elementor-top-column elementor-element elementor-element-ca6c748\" data-id=\"ca6c748\" data-element_type=\"column\">\n\t\t\t<div class=\"elementor-widget-wrap elementor-element-populated\">\n\t\t\t\t\t\t<div class=\"elementor-element elementor-element-f8a13bc elementor-widget elementor-widget-image\" data-id=\"f8a13bc\" data-element_type=\"widget\" data-widget_type=\"image.default\">\n\t\t\t\t<div class=\"elementor-widget-container\">\n\t\t\t\t\t\t\t\t\t\t\t\t\t\t\t<img loading=\"lazy\" decoding=\"async\" width=\"1024\" height=\"1024\" src=\"https:\/\/da-resin-art.com\/wp-content\/uploads\/2025\/03\/zegar-da-resin-art-zloto-1-6-1024x1024.jpg\" class=\"attachment-large size-large wp-image-1092\" alt=\"zegar z \u017cywic\u0105 czarno z\u0142oty\" srcset=\"https:\/\/da-resin-art.com\/wp-content\/uploads\/2025\/03\/zegar-da-resin-art-zloto-1-6-1024x1024.jpg 1024w, https:\/\/da-resin-art.com\/wp-content\/uploads\/2025\/03\/zegar-da-resin-art-zloto-1-6-300x300.jpg 300w, https:\/\/da-resin-art.com\/wp-content\/uploads\/2025\/03\/zegar-da-resin-art-zloto-1-6-150x150.jpg 150w, https:\/\/da-resin-art.com\/wp-content\/uploads\/2025\/03\/zegar-da-resin-art-zloto-1-6-768x768.jpg 768w, https:\/\/da-resin-art.com\/wp-content\/uploads\/2025\/03\/zegar-da-resin-art-zloto-1-6-600x600.jpg 600w, https:\/\/da-resin-art.com\/wp-content\/uploads\/2025\/03\/zegar-da-resin-art-zloto-1-6-100x100.jpg 100w, https:\/\/da-resin-art.com\/wp-content\/uploads\/2025\/03\/zegar-da-resin-art-zloto-1-6.jpg 1500w\" sizes=\"(max-width: 1024px) 100vw, 1024px\" \/>\t\t\t\t\t\t\t\t\t\t\t\t\t\t\t<\/div>\n\t\t\t\t<\/div>\n\t\t\t\t\t<\/div>\n\t\t<\/div>\n\t\t\t\t<div class=\"elementor-column elementor-col-33 elementor-top-column elementor-element elementor-element-2d77b49\" data-id=\"2d77b49\" data-element_type=\"column\">\n\t\t\t<div class=\"elementor-widget-wrap elementor-element-populated\">\n\t\t\t\t\t\t<div class=\"elementor-element elementor-element-ebc2c3f elementor-widget elementor-widget-image\" data-id=\"ebc2c3f\" data-element_type=\"widget\" data-widget_type=\"image.default\">\n\t\t\t\t<div class=\"elementor-widget-container\">\n\t\t\t\t\t\t\t\t\t\t\t\t\t\t\t<img loading=\"lazy\" decoding=\"async\" width=\"1024\" height=\"1024\" src=\"https:\/\/da-resin-art.com\/wp-content\/uploads\/2025\/03\/zegar-da-resin-art-zloto-1-1-1024x1024.jpg\" class=\"attachment-large size-large wp-image-1093\" alt=\"zegar z \u017cywic\u0105 czarno z\u0142oty\" srcset=\"https:\/\/da-resin-art.com\/wp-content\/uploads\/2025\/03\/zegar-da-resin-art-zloto-1-1-1024x1024.jpg 1024w, https:\/\/da-resin-art.com\/wp-content\/uploads\/2025\/03\/zegar-da-resin-art-zloto-1-1-300x300.jpg 300w, https:\/\/da-resin-art.com\/wp-content\/uploads\/2025\/03\/zegar-da-resin-art-zloto-1-1-150x150.jpg 150w, https:\/\/da-resin-art.com\/wp-content\/uploads\/2025\/03\/zegar-da-resin-art-zloto-1-1-768x768.jpg 768w, https:\/\/da-resin-art.com\/wp-content\/uploads\/2025\/03\/zegar-da-resin-art-zloto-1-1-600x600.jpg 600w, https:\/\/da-resin-art.com\/wp-content\/uploads\/2025\/03\/zegar-da-resin-art-zloto-1-1-100x100.jpg 100w, https:\/\/da-resin-art.com\/wp-content\/uploads\/2025\/03\/zegar-da-resin-art-zloto-1-1.jpg 1500w\" sizes=\"(max-width: 1024px) 100vw, 1024px\" \/>\t\t\t\t\t\t\t\t\t\t\t\t\t\t\t<\/div>\n\t\t\t\t<\/div>\n\t\t\t\t\t<\/div>\n\t\t<\/div>\n\t\t\t\t<div class=\"elementor-column elementor-col-33 elementor-top-column elementor-element elementor-element-d167be2\" data-id=\"d167be2\" data-element_type=\"column\">\n\t\t\t<div class=\"elementor-widget-wrap elementor-element-populated\">\n\t\t\t\t\t\t<div class=\"elementor-element elementor-element-f797468 elementor-widget elementor-widget-image\" data-id=\"f797468\" data-element_type=\"widget\" data-widget_type=\"image.default\">\n\t\t\t\t<div class=\"elementor-widget-container\">\n\t\t\t\t\t\t\t\t\t\t\t\t\t\t\t<img loading=\"lazy\" decoding=\"async\" width=\"1024\" height=\"1024\" src=\"https:\/\/da-resin-art.com\/wp-content\/uploads\/2025\/03\/zegar-da-resin-art-zloto-1-7-1024x1024.jpg\" class=\"attachment-large size-large wp-image-1094\" alt=\"\" srcset=\"https:\/\/da-resin-art.com\/wp-content\/uploads\/2025\/03\/zegar-da-resin-art-zloto-1-7-1024x1024.jpg 1024w, https:\/\/da-resin-art.com\/wp-content\/uploads\/2025\/03\/zegar-da-resin-art-zloto-1-7-300x300.jpg 300w, https:\/\/da-resin-art.com\/wp-content\/uploads\/2025\/03\/zegar-da-resin-art-zloto-1-7-150x150.jpg 150w, https:\/\/da-resin-art.com\/wp-content\/uploads\/2025\/03\/zegar-da-resin-art-zloto-1-7-768x768.jpg 768w, https:\/\/da-resin-art.com\/wp-content\/uploads\/2025\/03\/zegar-da-resin-art-zloto-1-7-600x600.jpg 600w, https:\/\/da-resin-art.com\/wp-content\/uploads\/2025\/03\/zegar-da-resin-art-zloto-1-7-100x100.jpg 100w, https:\/\/da-resin-art.com\/wp-content\/uploads\/2025\/03\/zegar-da-resin-art-zloto-1-7.jpg 1500w\" sizes=\"(max-width: 1024px) 100vw, 1024px\" \/>\t\t\t\t\t\t\t\t\t\t\t\t\t\t\t<\/div>\n\t\t\t\t<\/div>\n\t\t\t\t\t<\/div>\n\t\t<\/div>\n\t\t\t\t\t<\/div>\n\t\t<\/section>\n\t\t\t\t<\/div>\n\t\t","protected":false},"excerpt":{"rendered":"<p data-start=\"0\" data-end=\"140\">60 cm. <strong>Zegar \u015bcienny &#171;Z\u0142oto&#187;<\/strong> &#8212; wz\u00f3r wykonany z \u017cywicy epoksydowej: na czrnym tle z\u0142ote akcenty. Cichy mechanizm zegara.<\/p>\n<ul data-start=\"142\" data-end=\"704\" data-is-last-node=\"\">\n<li data-start=\"142\" data-end=\"271\">Zegar \u015bcienny <strong data-start=\"14\" data-end=\"25\">&#171;Z\u0142oto&#187;<\/strong> to unikalne po\u0142\u0105czenie nowoczesnego designu i luksusowej elegancji, wykonane z \u017cywicy epoksydowej.<\/li>\n<li data-start=\"142\" data-end=\"271\">G\u0142\u0119bokie <strong data-start=\"136\" data-end=\"150\">czarne t\u0142o<\/strong> w kontrastowym zestawieniu z <strong data-start=\"180\" data-end=\"201\">z\u0142otymi akcentami<\/strong> nadaje mu wyrafinowany i ponadczasowy charakter.<\/li>\n<li data-start=\"142\" data-end=\"271\"><strong>Cichy mechanizm<\/strong> gwarantuje komfort u\u017cytkowania, sprawiaj\u0105c, \u017ce zegar doskonale komponuje si\u0119 z ka\u017cdym wn\u0119trzem.<\/li>\n<li data-start=\"142\" data-end=\"271\"><strong data-start=\"367\" data-end=\"378\">&#171;Z\u0142oto&#187;<\/strong> to wi\u0119cej ni\u017c zegar \u2013 to dekoracyjny akcent, kt\u00f3ry podkre\u015bli styl i presti\u017c Twojej przestrzeni.<\/li>\n<li data-start=\"142\" data-end=\"271\">Wybierz klasyczn\u0105 elegancj\u0119 i blask luksusu \u2013 postaw na <strong data-start=\"533\" data-end=\"544\">&#171;Z\u0142oto&#187;<\/strong>!<\/li>\n<\/ul>\n","protected":false},"featured_media":1086,"template":"","meta":{"_acf_changed":false,"_kadence_starter_templates_imported_post":false,"_kad_post_transparent":"default","_kad_post_title":"","_kad_post_layout":"default","_kad_post_sidebar_id":"","_kad_post_content_style":"default","_kad_post_vertical_padding":"default","_kad_post_feature":"","_kad_post_feature_position":"","_kad_post_header":false,"_kad_post_footer":false},"product_brand":[],"product_cat":[18],"product_tag":[38,29],"class_list":{"0":"post-1084","1":"product","2":"type-product","3":"status-publish","4":"has-post-thumbnail","6":"product_cat-galeria","7":"product_tag-sprzedany","8":"product_tag-wszystko","10":"first","11":"outofstock","12":"shipping-taxable","13":"purchasable","14":"product-type-simple","15":"entry","16":"content-bg","17":"loop-entry"},"acf":[],"_links":{"self":[{"href":"https:\/\/da-resin-art.com\/ru\/wp-json\/wp\/v2\/product\/1084","targetHints":{"allow":["GET"]}}],"collection":[{"href":"https:\/\/da-resin-art.com\/ru\/wp-json\/wp\/v2\/product"}],"about":[{"href":"https:\/\/da-resin-art.com\/ru\/wp-json\/wp\/v2\/types\/product"}],"version-history":[{"count":11,"href":"https:\/\/da-resin-art.com\/ru\/wp-json\/wp\/v2\/product\/1084\/revisions"}],"predecessor-version":[{"id":4271,"href":"https:\/\/da-resin-art.com\/ru\/wp-json\/wp\/v2\/product\/1084\/revisions\/4271"}],"wp:featuredmedia":[{"embeddable":true,"href":"https:\/\/da-resin-art.com\/ru\/wp-json\/wp\/v2\/media\/1086"}],"wp:attachment":[{"href":"https:\/\/da-resin-art.com\/ru\/wp-json\/wp\/v2\/media?parent=1084"}],"wp:term":[{"taxonomy":"product_brand","embeddable":true,"href":"https:\/\/da-resin-art.com\/ru\/wp-json\/wp\/v2\/product_brand?post=1084"},{"taxonomy":"product_cat","embeddable":true,"href":"https:\/\/da-resin-art.com\/ru\/wp-json\/wp\/v2\/product_cat?post=1084"},{"taxonomy":"product_tag","embeddable":true,"href":"https:\/\/da-resin-art.com\/ru\/wp-json\/wp\/v2\/product_tag?post=1084"}],"curies":[{"name":"wp","href":"https:\/\/api.w.org\/{rel}","templated":true}]}}