{"id":1139,"date":"2025-03-12T17:18:56","date_gmt":"2025-03-12T16:18:56","guid":{"rendered":"https:\/\/da-resin-art.com\/?post_type=product&#038;p=1139"},"modified":"2026-02-10T19:11:20","modified_gmt":"2026-02-10T18:11:20","slug":"zegar-scienny-braz-2","status":"publish","type":"product","link":"https:\/\/da-resin-art.com\/ru\/produkt\/zegar-scienny-braz-2\/","title":{"rendered":"Zegar \u015bcienny 50 cm &#171;Br\u0105z&#187;"},"content":{"rendered":"\t\t<div data-elementor-type=\"product-post\" data-elementor-id=\"1139\" class=\"elementor elementor-1139\" data-elementor-post-type=\"product\">\n\t\t\t\t\t\t<section class=\"elementor-section elementor-top-section elementor-element elementor-element-1c05077 elementor-section-boxed elementor-section-height-default elementor-section-height-default\" data-id=\"1c05077\" data-element_type=\"section\">\n\t\t\t\t\t\t<div class=\"elementor-container elementor-column-gap-default\">\n\t\t\t\t\t<div class=\"elementor-column elementor-col-100 elementor-top-column elementor-element elementor-element-18dc669\" data-id=\"18dc669\" data-element_type=\"column\">\n\t\t\t<div class=\"elementor-widget-wrap elementor-element-populated\">\n\t\t\t\t\t\t<div class=\"elementor-element elementor-element-0aadb0f elementor-widget elementor-widget-image\" data-id=\"0aadb0f\" data-element_type=\"widget\" data-widget_type=\"image.default\">\n\t\t\t\t<div class=\"elementor-widget-container\">\n\t\t\t\t\t\t\t\t\t\t\t\t\t\t\t<img fetchpriority=\"high\" decoding=\"async\" width=\"1024\" height=\"576\" src=\"https:\/\/da-resin-art.com\/wp-content\/uploads\/2025\/03\/zegar-da-resin-art-braz-2-3-1024x576.jpg\" class=\"attachment-large size-large wp-image-1142\" alt=\"zegar z \u017cywic\u0105 czarny br\u0105zowy imitacja drzewa\" srcset=\"https:\/\/da-resin-art.com\/wp-content\/uploads\/2025\/03\/zegar-da-resin-art-braz-2-3-1024x576.jpg 1024w, https:\/\/da-resin-art.com\/wp-content\/uploads\/2025\/03\/zegar-da-resin-art-braz-2-3-300x169.jpg 300w, https:\/\/da-resin-art.com\/wp-content\/uploads\/2025\/03\/zegar-da-resin-art-braz-2-3-768x432.jpg 768w, https:\/\/da-resin-art.com\/wp-content\/uploads\/2025\/03\/zegar-da-resin-art-braz-2-3-1536x864.jpg 1536w, https:\/\/da-resin-art.com\/wp-content\/uploads\/2025\/03\/zegar-da-resin-art-braz-2-3-2048x1152.jpg 2048w, https:\/\/da-resin-art.com\/wp-content\/uploads\/2025\/03\/zegar-da-resin-art-braz-2-3-600x338.jpg 600w\" sizes=\"(max-width: 1024px) 100vw, 1024px\" \/>\t\t\t\t\t\t\t\t\t\t\t\t\t\t\t<\/div>\n\t\t\t\t<\/div>\n\t\t\t\t\t<\/div>\n\t\t<\/div>\n\t\t\t\t\t<\/div>\n\t\t<\/section>\n\t\t\t\t<section class=\"elementor-section elementor-top-section elementor-element elementor-element-4e326855 elementor-section-boxed elementor-section-height-default elementor-section-height-default\" data-id=\"4e326855\" data-element_type=\"section\">\n\t\t\t\t\t\t<div class=\"elementor-container elementor-column-gap-default\">\n\t\t\t\t\t<div class=\"elementor-column elementor-col-100 elementor-top-column elementor-element elementor-element-42c485c1\" data-id=\"42c485c1\" data-element_type=\"column\">\n\t\t\t<div class=\"elementor-widget-wrap elementor-element-populated\">\n\t\t\t\t\t\t<div class=\"elementor-element elementor-element-67d3cb9 elementor-widget elementor-widget-text-editor\" data-id=\"67d3cb9\" data-element_type=\"widget\" data-widget_type=\"text-editor.default\">\n\t\t\t\t<div class=\"elementor-widget-container\">\n\t\t\t\t\t\t\t\t\t<p>\ud83d\udda4 \u015arednica 50 cm.<\/p><p>\ud83d\udda4Baza &#8212; MDF.<\/p><p>\ud83d\udda4Dodatki- naturalne kamienie i z\u0142ote p\u0142atki.<\/p><p>\ud83d\udda4 Zegar \u015bcienny &#171;Br\u0105z&#187; &#8212; wz\u00f3r wykonany z \u017cywicy epoksydowej.<\/p><p>\ud83d\udda4 Cichy mechanizm zegara.\u00a0<\/p>\t\t\t\t\t\t\t\t<\/div>\n\t\t\t\t<\/div>\n\t\t\t\t\t<\/div>\n\t\t<\/div>\n\t\t\t\t\t<\/div>\n\t\t<\/section>\n\t\t\t\t<section class=\"elementor-section elementor-top-section elementor-element elementor-element-1705c5e elementor-section-boxed elementor-section-height-default elementor-section-height-default\" data-id=\"1705c5e\" data-element_type=\"section\">\n\t\t\t\t\t\t<div class=\"elementor-container elementor-column-gap-default\">\n\t\t\t\t\t<div class=\"elementor-column elementor-col-33 elementor-top-column elementor-element elementor-element-e345a69\" data-id=\"e345a69\" data-element_type=\"column\">\n\t\t\t<div class=\"elementor-widget-wrap elementor-element-populated\">\n\t\t\t\t\t\t<div class=\"elementor-element elementor-element-d042564 elementor-widget elementor-widget-video\" data-id=\"d042564\" data-element_type=\"widget\" data-settings=\"{&quot;youtube_url&quot;:&quot;https:\\\/\\\/youtube.com\\\/watch?v=DotSfpJaWPY?feature=share&quot;,&quot;video_type&quot;:&quot;youtube&quot;,&quot;controls&quot;:&quot;yes&quot;}\" data-widget_type=\"video.default\">\n\t\t\t\t<div class=\"elementor-widget-container\">\n\t\t\t\t\t\t\t<div class=\"elementor-wrapper elementor-open-inline\">\n\t\t\t<div class=\"elementor-video\"><\/div>\t\t<\/div>\n\t\t\t\t\t\t<\/div>\n\t\t\t\t<\/div>\n\t\t\t\t\t<\/div>\n\t\t<\/div>\n\t\t\t\t<div class=\"elementor-column elementor-col-33 elementor-top-column elementor-element elementor-element-d6da29c\" data-id=\"d6da29c\" data-element_type=\"column\">\n\t\t\t<div class=\"elementor-widget-wrap elementor-element-populated\">\n\t\t\t\t\t\t<div class=\"elementor-element elementor-element-65de88c elementor-widget elementor-widget-image\" data-id=\"65de88c\" data-element_type=\"widget\" data-widget_type=\"image.default\">\n\t\t\t\t<div class=\"elementor-widget-container\">\n\t\t\t\t\t\t\t\t\t\t\t\t\t\t\t<img decoding=\"async\" width=\"576\" height=\"1024\" src=\"https:\/\/da-resin-art.com\/wp-content\/uploads\/2025\/03\/zegar-da-resin-art-braz-2-2-576x1024.jpg\" class=\"attachment-large size-large wp-image-1143\" alt=\"zegar z \u017cywic\u0105 czarny br\u0105zowy imitacja drzewa\" srcset=\"https:\/\/da-resin-art.com\/wp-content\/uploads\/2025\/03\/zegar-da-resin-art-braz-2-2-576x1024.jpg 576w, https:\/\/da-resin-art.com\/wp-content\/uploads\/2025\/03\/zegar-da-resin-art-braz-2-2-169x300.jpg 169w, https:\/\/da-resin-art.com\/wp-content\/uploads\/2025\/03\/zegar-da-resin-art-braz-2-2-768x1365.jpg 768w, https:\/\/da-resin-art.com\/wp-content\/uploads\/2025\/03\/zegar-da-resin-art-braz-2-2-864x1536.jpg 864w, https:\/\/da-resin-art.com\/wp-content\/uploads\/2025\/03\/zegar-da-resin-art-braz-2-2-1152x2048.jpg 1152w, https:\/\/da-resin-art.com\/wp-content\/uploads\/2025\/03\/zegar-da-resin-art-braz-2-2-600x1067.jpg 600w, https:\/\/da-resin-art.com\/wp-content\/uploads\/2025\/03\/zegar-da-resin-art-braz-2-2-scaled.jpg 1440w\" sizes=\"(max-width: 576px) 100vw, 576px\" \/>\t\t\t\t\t\t\t\t\t\t\t\t\t\t\t<\/div>\n\t\t\t\t<\/div>\n\t\t\t\t\t<\/div>\n\t\t<\/div>\n\t\t\t\t<div class=\"elementor-column elementor-col-33 elementor-top-column elementor-element elementor-element-f8aab89\" data-id=\"f8aab89\" data-element_type=\"column\">\n\t\t\t<div class=\"elementor-widget-wrap elementor-element-populated\">\n\t\t\t\t\t\t<div class=\"elementor-element elementor-element-d89be88 elementor-widget elementor-widget-image\" data-id=\"d89be88\" data-element_type=\"widget\" data-widget_type=\"image.default\">\n\t\t\t\t<div class=\"elementor-widget-container\">\n\t\t\t\t\t\t\t\t\t\t\t\t\t\t\t<img decoding=\"async\" width=\"576\" height=\"1024\" src=\"https:\/\/da-resin-art.com\/wp-content\/uploads\/2025\/03\/zegar-da-resin-art-braz-2-4-576x1024.jpg\" class=\"attachment-large size-large wp-image-1144\" alt=\"\" srcset=\"https:\/\/da-resin-art.com\/wp-content\/uploads\/2025\/03\/zegar-da-resin-art-braz-2-4-576x1024.jpg 576w, https:\/\/da-resin-art.com\/wp-content\/uploads\/2025\/03\/zegar-da-resin-art-braz-2-4-169x300.jpg 169w, https:\/\/da-resin-art.com\/wp-content\/uploads\/2025\/03\/zegar-da-resin-art-braz-2-4-768x1365.jpg 768w, https:\/\/da-resin-art.com\/wp-content\/uploads\/2025\/03\/zegar-da-resin-art-braz-2-4-864x1536.jpg 864w, https:\/\/da-resin-art.com\/wp-content\/uploads\/2025\/03\/zegar-da-resin-art-braz-2-4-1152x2048.jpg 1152w, https:\/\/da-resin-art.com\/wp-content\/uploads\/2025\/03\/zegar-da-resin-art-braz-2-4-600x1067.jpg 600w, https:\/\/da-resin-art.com\/wp-content\/uploads\/2025\/03\/zegar-da-resin-art-braz-2-4-scaled.jpg 1440w\" sizes=\"(max-width: 576px) 100vw, 576px\" \/>\t\t\t\t\t\t\t\t\t\t\t\t\t\t\t<\/div>\n\t\t\t\t<\/div>\n\t\t\t\t\t<\/div>\n\t\t<\/div>\n\t\t\t\t\t<\/div>\n\t\t<\/section>\n\t\t\t\t<section class=\"elementor-section elementor-top-section elementor-element elementor-element-de9aa7f elementor-section-boxed elementor-section-height-default elementor-section-height-default\" data-id=\"de9aa7f\" data-element_type=\"section\">\n\t\t\t\t\t\t<div class=\"elementor-container elementor-column-gap-default\">\n\t\t\t\t\t<div class=\"elementor-column elementor-col-100 elementor-top-column elementor-element elementor-element-a0b9f94\" data-id=\"a0b9f94\" data-element_type=\"column\">\n\t\t\t<div class=\"elementor-widget-wrap elementor-element-populated\">\n\t\t\t\t\t\t<div class=\"elementor-element elementor-element-68b2ab8 elementor-widget elementor-widget-text-editor\" data-id=\"68b2ab8\" data-element_type=\"widget\" data-widget_type=\"text-editor.default\">\n\t\t\t\t<div class=\"elementor-widget-container\">\n\t\t\t\t\t\t\t\t\t<h3 data-start=\"0\" data-end=\"68\">Zegar \u015bcienny <strong data-start=\"18\" data-end=\"28\">&#171;Br\u0105z&#187;<\/strong> \u2013 elegancja natury zamkni\u0119ta w czasie<\/h3><p data-start=\"70\" data-end=\"327\">Stylowy, 50-centymetrowy zegar \u015bcienny <strong data-start=\"109\" data-end=\"119\">&#171;Br\u0105z&#187;<\/strong> to harmonijne po\u0142\u0105czenie natury i nowoczesnego wzornictwa. Wykonany z \u017cywicy epoksydowej, zachwyca g\u0142\u0119bokim czarnym t\u0142em, na kt\u00f3rym <strong data-start=\"252\" data-end=\"285\">br\u0105zowy wz\u00f3r imituj\u0105cy drewno<\/strong> nadaje mu ciep\u0142y, organiczny charakter.<\/p><p data-start=\"329\" data-end=\"493\">Cichy mechanizm zapewnia komfort u\u017cytkowania, a ponadczasowy design sprawia, \u017ce zegar doskonale komponuje si\u0119 zar\u00f3wno z klasycznymi, jak i nowoczesnymi wn\u0119trzami.<\/p><p data-start=\"495\" data-end=\"660\" data-is-last-node=\"\" data-is-only-node=\"\"><strong data-start=\"495\" data-end=\"505\">&#171;Br\u0105z&#187;<\/strong> to nie tylko zegar \u2013 to wyj\u0105tkowy element dekoracyjny, kt\u00f3ry wniesie do Twojego wn\u0119trza harmoni\u0119 natury i elegancj\u0119 drewna. Postaw na naturalne pi\u0119kno!<\/p>\t\t\t\t\t\t\t\t<\/div>\n\t\t\t\t<\/div>\n\t\t\t\t\t<\/div>\n\t\t<\/div>\n\t\t\t\t\t<\/div>\n\t\t<\/section>\n\t\t\t\t<section class=\"elementor-section elementor-top-section elementor-element elementor-element-e6cc6e8 elementor-section-boxed elementor-section-height-default elementor-section-height-default\" data-id=\"e6cc6e8\" data-element_type=\"section\">\n\t\t\t\t\t\t<div class=\"elementor-container elementor-column-gap-default\">\n\t\t\t\t\t<div class=\"elementor-column elementor-col-33 elementor-top-column elementor-element elementor-element-ca6c748\" data-id=\"ca6c748\" data-element_type=\"column\">\n\t\t\t<div class=\"elementor-widget-wrap elementor-element-populated\">\n\t\t\t\t\t\t<div class=\"elementor-element elementor-element-f8a13bc elementor-widget elementor-widget-image\" data-id=\"f8a13bc\" data-element_type=\"widget\" data-widget_type=\"image.default\">\n\t\t\t\t<div class=\"elementor-widget-container\">\n\t\t\t\t\t\t\t\t\t\t\t\t\t\t\t<img loading=\"lazy\" decoding=\"async\" width=\"1024\" height=\"1024\" src=\"https:\/\/da-resin-art.com\/wp-content\/uploads\/2025\/03\/zegar-da-resin-art-braz-2-6-1024x1024.jpg\" class=\"attachment-large size-large wp-image-1145\" alt=\"\" srcset=\"https:\/\/da-resin-art.com\/wp-content\/uploads\/2025\/03\/zegar-da-resin-art-braz-2-6-1024x1024.jpg 1024w, https:\/\/da-resin-art.com\/wp-content\/uploads\/2025\/03\/zegar-da-resin-art-braz-2-6-300x300.jpg 300w, https:\/\/da-resin-art.com\/wp-content\/uploads\/2025\/03\/zegar-da-resin-art-braz-2-6-150x150.jpg 150w, https:\/\/da-resin-art.com\/wp-content\/uploads\/2025\/03\/zegar-da-resin-art-braz-2-6-768x768.jpg 768w, https:\/\/da-resin-art.com\/wp-content\/uploads\/2025\/03\/zegar-da-resin-art-braz-2-6-600x600.jpg 600w, https:\/\/da-resin-art.com\/wp-content\/uploads\/2025\/03\/zegar-da-resin-art-braz-2-6-100x100.jpg 100w, https:\/\/da-resin-art.com\/wp-content\/uploads\/2025\/03\/zegar-da-resin-art-braz-2-6.jpg 1500w\" sizes=\"(max-width: 1024px) 100vw, 1024px\" \/>\t\t\t\t\t\t\t\t\t\t\t\t\t\t\t<\/div>\n\t\t\t\t<\/div>\n\t\t\t\t\t<\/div>\n\t\t<\/div>\n\t\t\t\t<div class=\"elementor-column elementor-col-33 elementor-top-column elementor-element elementor-element-2d77b49\" data-id=\"2d77b49\" data-element_type=\"column\">\n\t\t\t<div class=\"elementor-widget-wrap elementor-element-populated\">\n\t\t\t\t\t\t<div class=\"elementor-element elementor-element-ebc2c3f elementor-widget elementor-widget-image\" data-id=\"ebc2c3f\" data-element_type=\"widget\" data-widget_type=\"image.default\">\n\t\t\t\t<div class=\"elementor-widget-container\">\n\t\t\t\t\t\t\t\t\t\t\t\t\t\t\t<img loading=\"lazy\" decoding=\"async\" width=\"1024\" height=\"1024\" src=\"https:\/\/da-resin-art.com\/wp-content\/uploads\/2025\/03\/zegar-da-resin-art-braz-2-1-1024x1024.jpg\" class=\"attachment-large size-large wp-image-1146\" alt=\"\" srcset=\"https:\/\/da-resin-art.com\/wp-content\/uploads\/2025\/03\/zegar-da-resin-art-braz-2-1-1024x1024.jpg 1024w, https:\/\/da-resin-art.com\/wp-content\/uploads\/2025\/03\/zegar-da-resin-art-braz-2-1-300x300.jpg 300w, https:\/\/da-resin-art.com\/wp-content\/uploads\/2025\/03\/zegar-da-resin-art-braz-2-1-150x150.jpg 150w, https:\/\/da-resin-art.com\/wp-content\/uploads\/2025\/03\/zegar-da-resin-art-braz-2-1-768x768.jpg 768w, https:\/\/da-resin-art.com\/wp-content\/uploads\/2025\/03\/zegar-da-resin-art-braz-2-1-600x600.jpg 600w, https:\/\/da-resin-art.com\/wp-content\/uploads\/2025\/03\/zegar-da-resin-art-braz-2-1-100x100.jpg 100w, https:\/\/da-resin-art.com\/wp-content\/uploads\/2025\/03\/zegar-da-resin-art-braz-2-1.jpg 1500w\" sizes=\"(max-width: 1024px) 100vw, 1024px\" \/>\t\t\t\t\t\t\t\t\t\t\t\t\t\t\t<\/div>\n\t\t\t\t<\/div>\n\t\t\t\t\t<\/div>\n\t\t<\/div>\n\t\t\t\t<div class=\"elementor-column elementor-col-33 elementor-top-column elementor-element elementor-element-d167be2\" data-id=\"d167be2\" data-element_type=\"column\">\n\t\t\t<div class=\"elementor-widget-wrap elementor-element-populated\">\n\t\t\t\t\t\t<div class=\"elementor-element elementor-element-f797468 elementor-widget elementor-widget-image\" data-id=\"f797468\" data-element_type=\"widget\" data-widget_type=\"image.default\">\n\t\t\t\t<div class=\"elementor-widget-container\">\n\t\t\t\t\t\t\t\t\t\t\t\t\t\t\t<img loading=\"lazy\" decoding=\"async\" width=\"1024\" height=\"1024\" src=\"https:\/\/da-resin-art.com\/wp-content\/uploads\/2025\/03\/zegar-da-resin-art-braz-2-7-1024x1024.jpg\" class=\"attachment-large size-large wp-image-1147\" alt=\"zegar z \u017cywic\u0105 czarny br\u0105zowy imitacja drzewa\" srcset=\"https:\/\/da-resin-art.com\/wp-content\/uploads\/2025\/03\/zegar-da-resin-art-braz-2-7-1024x1024.jpg 1024w, https:\/\/da-resin-art.com\/wp-content\/uploads\/2025\/03\/zegar-da-resin-art-braz-2-7-300x300.jpg 300w, https:\/\/da-resin-art.com\/wp-content\/uploads\/2025\/03\/zegar-da-resin-art-braz-2-7-150x150.jpg 150w, https:\/\/da-resin-art.com\/wp-content\/uploads\/2025\/03\/zegar-da-resin-art-braz-2-7-768x768.jpg 768w, https:\/\/da-resin-art.com\/wp-content\/uploads\/2025\/03\/zegar-da-resin-art-braz-2-7-600x600.jpg 600w, https:\/\/da-resin-art.com\/wp-content\/uploads\/2025\/03\/zegar-da-resin-art-braz-2-7-100x100.jpg 100w, https:\/\/da-resin-art.com\/wp-content\/uploads\/2025\/03\/zegar-da-resin-art-braz-2-7.jpg 1500w\" sizes=\"(max-width: 1024px) 100vw, 1024px\" \/>\t\t\t\t\t\t\t\t\t\t\t\t\t\t\t<\/div>\n\t\t\t\t<\/div>\n\t\t\t\t\t<\/div>\n\t\t<\/div>\n\t\t\t\t\t<\/div>\n\t\t<\/section>\n\t\t\t\t<\/div>\n\t\t","protected":false},"excerpt":{"rendered":"<p data-start=\"0\" data-end=\"140\">50 cm. <strong>Zegar \u015bcienny &#171;Br\u0105z&#187;<\/strong> &#8212; wz\u00f3r wykonany z \u017cywicy epoksydowej: na czrnym tle br\u0105zowy wz\u00f3r &#8212; imitacja drzewa. Cichy mechanizm zegara.<\/p>\n<ul data-start=\"142\" data-end=\"704\" data-is-last-node=\"\">\n<li data-start=\"142\" data-end=\"271\">Zegar \u015bcienny <strong data-start=\"14\" data-end=\"24\">&#171;Br\u0105z&#187;<\/strong> to unikalne po\u0142\u0105czenie nowoczesnego designu i naturalnej estetyki, wykonane z \u017cywicy epoksydowej.<\/li>\n<li data-start=\"142\" data-end=\"271\">G\u0142\u0119bokie <strong data-start=\"134\" data-end=\"148\">czarne t\u0142o<\/strong> w zestawieniu z <strong data-start=\"165\" data-end=\"202\">br\u0105zowym wzorem imituj\u0105cym drewno<\/strong> tworzy elegancki i organiczny charakter zegara. Kamienie podkre\u015bla i ozdabia lini\u0119 wzoru.<\/li>\n<li data-start=\"142\" data-end=\"271\">Cichy mechanizm gwarantuje komfort u\u017cytkowania, sprawiaj\u0105c, \u017ce zegar idealnie wpasuje si\u0119 w ka\u017cde wn\u0119trze.<\/li>\n<li data-start=\"142\" data-end=\"271\"><strong data-start=\"362\" data-end=\"372\">&#171;Br\u0105z&#187;<\/strong> to wi\u0119cej ni\u017c zegar \u2013 to wyj\u0105tkowa dekoracja, kt\u00f3ra wniesie do Twojego domu ciep\u0142o natury i ponadczasowy styl.<\/li>\n<li data-start=\"142\" data-end=\"271\">Podkre\u015bl harmoni\u0119 drewna i nowoczesnego designu \u2013 postaw na <strong data-start=\"546\" data-end=\"556\">&#171;Br\u0105z&#187;<\/strong>!<\/li>\n<\/ul>\n","protected":false},"featured_media":1140,"template":"","meta":{"_acf_changed":false,"_kadence_starter_templates_imported_post":false,"_kad_post_transparent":"default","_kad_post_title":"","_kad_post_layout":"default","_kad_post_sidebar_id":"","_kad_post_content_style":"default","_kad_post_vertical_padding":"default","_kad_post_feature":"","_kad_post_feature_position":"","_kad_post_header":false,"_kad_post_footer":false},"product_brand":[],"product_cat":[18],"product_tag":[38,29],"class_list":{"0":"post-1139","1":"product","2":"type-product","3":"status-publish","4":"has-post-thumbnail","6":"product_cat-galeria","7":"product_tag-sprzedany","8":"product_tag-wszystko","10":"first","11":"outofstock","12":"shipping-taxable","13":"purchasable","14":"product-type-simple","15":"entry","16":"content-bg","17":"loop-entry"},"acf":[],"_links":{"self":[{"href":"https:\/\/da-resin-art.com\/ru\/wp-json\/wp\/v2\/product\/1139","targetHints":{"allow":["GET"]}}],"collection":[{"href":"https:\/\/da-resin-art.com\/ru\/wp-json\/wp\/v2\/product"}],"about":[{"href":"https:\/\/da-resin-art.com\/ru\/wp-json\/wp\/v2\/types\/product"}],"version-history":[{"count":14,"href":"https:\/\/da-resin-art.com\/ru\/wp-json\/wp\/v2\/product\/1139\/revisions"}],"predecessor-version":[{"id":4266,"href":"https:\/\/da-resin-art.com\/ru\/wp-json\/wp\/v2\/product\/1139\/revisions\/4266"}],"wp:featuredmedia":[{"embeddable":true,"href":"https:\/\/da-resin-art.com\/ru\/wp-json\/wp\/v2\/media\/1140"}],"wp:attachment":[{"href":"https:\/\/da-resin-art.com\/ru\/wp-json\/wp\/v2\/media?parent=1139"}],"wp:term":[{"taxonomy":"product_brand","embeddable":true,"href":"https:\/\/da-resin-art.com\/ru\/wp-json\/wp\/v2\/product_brand?post=1139"},{"taxonomy":"product_cat","embeddable":true,"href":"https:\/\/da-resin-art.com\/ru\/wp-json\/wp\/v2\/product_cat?post=1139"},{"taxonomy":"product_tag","embeddable":true,"href":"https:\/\/da-resin-art.com\/ru\/wp-json\/wp\/v2\/product_tag?post=1139"}],"curies":[{"name":"wp","href":"https:\/\/api.w.org\/{rel}","templated":true}]}}