{"id":1428,"date":"2025-03-26T18:55:40","date_gmt":"2025-03-26T17:55:40","guid":{"rendered":"https:\/\/da-resin-art.com\/?post_type=product&#038;p=1428"},"modified":"2026-02-10T19:06:54","modified_gmt":"2026-02-10T18:06:54","slug":"zegar-scienny-czarno-zielony","status":"publish","type":"product","link":"https:\/\/da-resin-art.com\/ru\/produkt\/zegar-scienny-czarno-zielony\/","title":{"rendered":"Zegar \u015bcienny 60 cm &#171;Czarno-zielony&#187;"},"content":{"rendered":"\t\t<div data-elementor-type=\"product-post\" data-elementor-id=\"1428\" class=\"elementor elementor-1428\" data-elementor-post-type=\"product\">\n\t\t\t\t\t\t<section class=\"elementor-section elementor-top-section elementor-element elementor-element-1c05077 elementor-section-boxed elementor-section-height-default elementor-section-height-default\" data-id=\"1c05077\" data-element_type=\"section\">\n\t\t\t\t\t\t<div class=\"elementor-container elementor-column-gap-default\">\n\t\t\t\t\t<div class=\"elementor-column elementor-col-100 elementor-top-column elementor-element elementor-element-18dc669\" data-id=\"18dc669\" data-element_type=\"column\">\n\t\t\t<div class=\"elementor-widget-wrap elementor-element-populated\">\n\t\t\t\t\t\t<div class=\"elementor-element elementor-element-0aadb0f elementor-widget elementor-widget-image\" data-id=\"0aadb0f\" data-element_type=\"widget\" data-widget_type=\"image.default\">\n\t\t\t\t<div class=\"elementor-widget-container\">\n\t\t\t\t\t\t\t\t\t\t\t\t\t\t\t<img fetchpriority=\"high\" decoding=\"async\" width=\"1024\" height=\"576\" src=\"https:\/\/da-resin-art.com\/wp-content\/uploads\/2025\/03\/zegary-da-resin-art-zielono-czarny-1-60-cm-2-1024x576.jpg\" class=\"attachment-large size-large wp-image-1431\" alt=\"zegar z \u017cywicy czarno zielony ze z\u0142otem\" srcset=\"https:\/\/da-resin-art.com\/wp-content\/uploads\/2025\/03\/zegary-da-resin-art-zielono-czarny-1-60-cm-2-1024x576.jpg 1024w, https:\/\/da-resin-art.com\/wp-content\/uploads\/2025\/03\/zegary-da-resin-art-zielono-czarny-1-60-cm-2-300x169.jpg 300w, https:\/\/da-resin-art.com\/wp-content\/uploads\/2025\/03\/zegary-da-resin-art-zielono-czarny-1-60-cm-2-768x432.jpg 768w, https:\/\/da-resin-art.com\/wp-content\/uploads\/2025\/03\/zegary-da-resin-art-zielono-czarny-1-60-cm-2-600x338.jpg 600w, https:\/\/da-resin-art.com\/wp-content\/uploads\/2025\/03\/zegary-da-resin-art-zielono-czarny-1-60-cm-2-rotated.jpg 1422w\" sizes=\"(max-width: 1024px) 100vw, 1024px\" \/>\t\t\t\t\t\t\t\t\t\t\t\t\t\t\t<\/div>\n\t\t\t\t<\/div>\n\t\t\t\t\t<\/div>\n\t\t<\/div>\n\t\t\t\t\t<\/div>\n\t\t<\/section>\n\t\t\t\t<section class=\"elementor-section elementor-top-section elementor-element elementor-element-4e326855 elementor-section-boxed elementor-section-height-default elementor-section-height-default\" data-id=\"4e326855\" data-element_type=\"section\">\n\t\t\t\t\t\t<div class=\"elementor-container elementor-column-gap-default\">\n\t\t\t\t\t<div class=\"elementor-column elementor-col-100 elementor-top-column elementor-element elementor-element-42c485c1\" data-id=\"42c485c1\" data-element_type=\"column\">\n\t\t\t<div class=\"elementor-widget-wrap elementor-element-populated\">\n\t\t\t\t\t\t<div class=\"elementor-element elementor-element-67d3cb9 elementor-widget elementor-widget-text-editor\" data-id=\"67d3cb9\" data-element_type=\"widget\" data-widget_type=\"text-editor.default\">\n\t\t\t\t<div class=\"elementor-widget-container\">\n\t\t\t\t\t\t\t\t\t<p>\ud83d\udda4 \u015arednica 60 cm.<\/p><p>\ud83d\udda4Baza &#8212; MDF.<\/p><p>\ud83d\udda4 Zegar \u015bcienny &#171;Czarno-zielony&#187; &#8212; wz\u00f3r wykonany z \u017cywicy epoksydowej.<\/p><p>\ud83d\udda4Srebne rzymskie cyfry i wskaz\u00f3wki z lustrzanego plexi.<\/p><p>\ud83d\udda4 Cichy mechanizm zegara.\u00a0<\/p>\t\t\t\t\t\t\t\t<\/div>\n\t\t\t\t<\/div>\n\t\t\t\t\t<\/div>\n\t\t<\/div>\n\t\t\t\t\t<\/div>\n\t\t<\/section>\n\t\t\t\t<section class=\"elementor-section elementor-top-section elementor-element elementor-element-1705c5e elementor-section-boxed elementor-section-height-default elementor-section-height-default\" data-id=\"1705c5e\" data-element_type=\"section\">\n\t\t\t\t\t\t<div class=\"elementor-container elementor-column-gap-default\">\n\t\t\t\t\t<div class=\"elementor-column elementor-col-33 elementor-top-column elementor-element elementor-element-e345a69\" data-id=\"e345a69\" data-element_type=\"column\">\n\t\t\t<div class=\"elementor-widget-wrap elementor-element-populated\">\n\t\t\t\t\t\t<div class=\"elementor-element elementor-element-d042564 elementor-widget elementor-widget-video\" data-id=\"d042564\" data-element_type=\"widget\" data-settings=\"{&quot;youtube_url&quot;:&quot;https:\\\/\\\/youtube.com\\\/watch?v=jjUP6VjXAkk?feature=share&quot;,&quot;video_type&quot;:&quot;youtube&quot;,&quot;controls&quot;:&quot;yes&quot;}\" data-widget_type=\"video.default\">\n\t\t\t\t<div class=\"elementor-widget-container\">\n\t\t\t\t\t\t\t<div class=\"elementor-wrapper elementor-open-inline\">\n\t\t\t<div class=\"elementor-video\"><\/div>\t\t<\/div>\n\t\t\t\t\t\t<\/div>\n\t\t\t\t<\/div>\n\t\t\t\t\t<\/div>\n\t\t<\/div>\n\t\t\t\t<div class=\"elementor-column elementor-col-33 elementor-top-column elementor-element elementor-element-d6da29c\" data-id=\"d6da29c\" data-element_type=\"column\">\n\t\t\t<div class=\"elementor-widget-wrap elementor-element-populated\">\n\t\t\t\t\t\t<div class=\"elementor-element elementor-element-65de88c elementor-widget elementor-widget-image\" data-id=\"65de88c\" data-element_type=\"widget\" data-widget_type=\"image.default\">\n\t\t\t\t<div class=\"elementor-widget-container\">\n\t\t\t\t\t\t\t\t\t\t\t\t\t\t\t<img decoding=\"async\" width=\"576\" height=\"1024\" src=\"https:\/\/da-resin-art.com\/wp-content\/uploads\/2025\/03\/zegary-da-resin-art-zielono-czarny-1-60-cm-1-576x1024.jpg\" class=\"attachment-large size-large wp-image-1432\" alt=\"zegar z \u017cywicy czarno zielony ze z\u0142otem\" srcset=\"https:\/\/da-resin-art.com\/wp-content\/uploads\/2025\/03\/zegary-da-resin-art-zielono-czarny-1-60-cm-1-576x1024.jpg 576w, https:\/\/da-resin-art.com\/wp-content\/uploads\/2025\/03\/zegary-da-resin-art-zielono-czarny-1-60-cm-1-169x300.jpg 169w, https:\/\/da-resin-art.com\/wp-content\/uploads\/2025\/03\/zegary-da-resin-art-zielono-czarny-1-60-cm-1-768x1365.jpg 768w, https:\/\/da-resin-art.com\/wp-content\/uploads\/2025\/03\/zegary-da-resin-art-zielono-czarny-1-60-cm-1-600x1067.jpg 600w, https:\/\/da-resin-art.com\/wp-content\/uploads\/2025\/03\/zegary-da-resin-art-zielono-czarny-1-60-cm-1.jpg 800w\" sizes=\"(max-width: 576px) 100vw, 576px\" \/>\t\t\t\t\t\t\t\t\t\t\t\t\t\t\t<\/div>\n\t\t\t\t<\/div>\n\t\t\t\t\t<\/div>\n\t\t<\/div>\n\t\t\t\t<div class=\"elementor-column elementor-col-33 elementor-top-column elementor-element elementor-element-f8aab89\" data-id=\"f8aab89\" data-element_type=\"column\">\n\t\t\t<div class=\"elementor-widget-wrap elementor-element-populated\">\n\t\t\t\t\t\t<div class=\"elementor-element elementor-element-d89be88 elementor-widget elementor-widget-image\" data-id=\"d89be88\" data-element_type=\"widget\" data-widget_type=\"image.default\">\n\t\t\t\t<div class=\"elementor-widget-container\">\n\t\t\t\t\t\t\t\t\t\t\t\t\t\t\t<img decoding=\"async\" width=\"576\" height=\"1024\" src=\"https:\/\/da-resin-art.com\/wp-content\/uploads\/2025\/03\/zegary-da-resin-art-zielono-czarny-1-60-cm-3-576x1024.jpg\" class=\"attachment-large size-large wp-image-1433\" alt=\"zegar z \u017cywicy czarno zielony ze z\u0142otem\" srcset=\"https:\/\/da-resin-art.com\/wp-content\/uploads\/2025\/03\/zegary-da-resin-art-zielono-czarny-1-60-cm-3-576x1024.jpg 576w, https:\/\/da-resin-art.com\/wp-content\/uploads\/2025\/03\/zegary-da-resin-art-zielono-czarny-1-60-cm-3-169x300.jpg 169w, https:\/\/da-resin-art.com\/wp-content\/uploads\/2025\/03\/zegary-da-resin-art-zielono-czarny-1-60-cm-3-768x1365.jpg 768w, https:\/\/da-resin-art.com\/wp-content\/uploads\/2025\/03\/zegary-da-resin-art-zielono-czarny-1-60-cm-3-600x1067.jpg 600w, https:\/\/da-resin-art.com\/wp-content\/uploads\/2025\/03\/zegary-da-resin-art-zielono-czarny-1-60-cm-3.jpg 800w\" sizes=\"(max-width: 576px) 100vw, 576px\" \/>\t\t\t\t\t\t\t\t\t\t\t\t\t\t\t<\/div>\n\t\t\t\t<\/div>\n\t\t\t\t\t<\/div>\n\t\t<\/div>\n\t\t\t\t\t<\/div>\n\t\t<\/section>\n\t\t\t\t<section class=\"elementor-section elementor-top-section elementor-element elementor-element-de9aa7f elementor-section-boxed elementor-section-height-default elementor-section-height-default\" data-id=\"de9aa7f\" data-element_type=\"section\">\n\t\t\t\t\t\t<div class=\"elementor-container elementor-column-gap-default\">\n\t\t\t\t\t<div class=\"elementor-column elementor-col-100 elementor-top-column elementor-element elementor-element-a0b9f94\" data-id=\"a0b9f94\" data-element_type=\"column\">\n\t\t\t<div class=\"elementor-widget-wrap elementor-element-populated\">\n\t\t\t\t\t\t<div class=\"elementor-element elementor-element-68b2ab8 elementor-widget elementor-widget-text-editor\" data-id=\"68b2ab8\" data-element_type=\"widget\" data-widget_type=\"text-editor.default\">\n\t\t\t\t<div class=\"elementor-widget-container\">\n\t\t\t\t\t\t\t\t\t<h3 data-start=\"0\" data-end=\"72\">Zegar \u015bcienny <strong data-start=\"18\" data-end=\"38\">&#171;Czarno-zielony&#187;<\/strong> \u2013 harmonia kontrast\u00f3w i luksusu<\/h3><p data-start=\"74\" data-end=\"319\">Ten zegar z \u017cywicy epoksydowej to prawdziwe dzie\u0142o sztuki! Jego okr\u0105g\u0142a tarcza \u0142\u0105czy g\u0142\u0119bok\u0105 czer\u0144 z malachitow\u0105 zieleni\u0105. Z\u0142ote, nieregularne linie dodaj\u0105 mu elegancji i przywodz\u0105 na my\u015bl naturalne p\u0119kni\u0119cia minera\u0142\u00f3w. Srebrne, rzymskie cyfry oraz wskaz\u00f3wki doskonale kontrastuj\u0105 z t\u0142em, nadaj\u0105c ca\u0142o\u015bci luksusowego wygl\u0105du. W po\u0142yskuj\u0105cej powierzchni odbija si\u0119 niebo, co dodatkowo pot\u0119guje jego hipnotyzuj\u0105cy efekt. To wyj\u0105tkowy element dekoracyjny dla os\u00f3b ceni\u0105cych unikatowe, artystyczne przedmioty!<\/p>\t\t\t\t\t\t\t\t<\/div>\n\t\t\t\t<\/div>\n\t\t\t\t\t<\/div>\n\t\t<\/div>\n\t\t\t\t\t<\/div>\n\t\t<\/section>\n\t\t\t\t<section class=\"elementor-section elementor-top-section elementor-element elementor-element-e6cc6e8 elementor-section-boxed elementor-section-height-default elementor-section-height-default\" data-id=\"e6cc6e8\" data-element_type=\"section\">\n\t\t\t\t\t\t<div class=\"elementor-container elementor-column-gap-default\">\n\t\t\t\t\t<div class=\"elementor-column elementor-col-33 elementor-top-column elementor-element elementor-element-ca6c748\" data-id=\"ca6c748\" data-element_type=\"column\">\n\t\t\t<div class=\"elementor-widget-wrap elementor-element-populated\">\n\t\t\t\t\t\t<div class=\"elementor-element elementor-element-f8a13bc elementor-widget elementor-widget-image\" data-id=\"f8a13bc\" data-element_type=\"widget\" data-widget_type=\"image.default\">\n\t\t\t\t<div class=\"elementor-widget-container\">\n\t\t\t\t\t\t\t\t\t\t\t\t\t\t\t<img loading=\"lazy\" decoding=\"async\" width=\"576\" height=\"1024\" src=\"https:\/\/da-resin-art.com\/wp-content\/uploads\/2025\/03\/zegary-da-resin-art-zielono-czarny-1-60-cm-5-576x1024.jpg\" class=\"attachment-large size-large wp-image-1435\" alt=\"zegar z \u017cywicy czarno zielony ze z\u0142otem\" srcset=\"https:\/\/da-resin-art.com\/wp-content\/uploads\/2025\/03\/zegary-da-resin-art-zielono-czarny-1-60-cm-5-576x1024.jpg 576w, https:\/\/da-resin-art.com\/wp-content\/uploads\/2025\/03\/zegary-da-resin-art-zielono-czarny-1-60-cm-5-169x300.jpg 169w, https:\/\/da-resin-art.com\/wp-content\/uploads\/2025\/03\/zegary-da-resin-art-zielono-czarny-1-60-cm-5-768x1365.jpg 768w, https:\/\/da-resin-art.com\/wp-content\/uploads\/2025\/03\/zegary-da-resin-art-zielono-czarny-1-60-cm-5-600x1067.jpg 600w, https:\/\/da-resin-art.com\/wp-content\/uploads\/2025\/03\/zegary-da-resin-art-zielono-czarny-1-60-cm-5.jpg 800w\" sizes=\"(max-width: 576px) 100vw, 576px\" \/>\t\t\t\t\t\t\t\t\t\t\t\t\t\t\t<\/div>\n\t\t\t\t<\/div>\n\t\t\t\t\t<\/div>\n\t\t<\/div>\n\t\t\t\t<div class=\"elementor-column elementor-col-33 elementor-top-column elementor-element elementor-element-2d77b49\" data-id=\"2d77b49\" data-element_type=\"column\">\n\t\t\t<div class=\"elementor-widget-wrap elementor-element-populated\">\n\t\t\t\t\t\t<div class=\"elementor-element elementor-element-ebc2c3f elementor-widget elementor-widget-image\" data-id=\"ebc2c3f\" data-element_type=\"widget\" data-widget_type=\"image.default\">\n\t\t\t\t<div class=\"elementor-widget-container\">\n\t\t\t\t\t\t\t\t\t\t\t\t\t\t\t<img loading=\"lazy\" decoding=\"async\" width=\"576\" height=\"1024\" src=\"https:\/\/da-resin-art.com\/wp-content\/uploads\/2025\/03\/zegary-da-resin-art-zielono-czarny-1-60-cm-6-576x1024.jpg\" class=\"attachment-large size-large wp-image-1436\" alt=\"zegar z \u017cywicy czarno zielony ze z\u0142otem\" srcset=\"https:\/\/da-resin-art.com\/wp-content\/uploads\/2025\/03\/zegary-da-resin-art-zielono-czarny-1-60-cm-6-576x1024.jpg 576w, https:\/\/da-resin-art.com\/wp-content\/uploads\/2025\/03\/zegary-da-resin-art-zielono-czarny-1-60-cm-6-169x300.jpg 169w, https:\/\/da-resin-art.com\/wp-content\/uploads\/2025\/03\/zegary-da-resin-art-zielono-czarny-1-60-cm-6-768x1365.jpg 768w, https:\/\/da-resin-art.com\/wp-content\/uploads\/2025\/03\/zegary-da-resin-art-zielono-czarny-1-60-cm-6-600x1067.jpg 600w, https:\/\/da-resin-art.com\/wp-content\/uploads\/2025\/03\/zegary-da-resin-art-zielono-czarny-1-60-cm-6.jpg 800w\" sizes=\"(max-width: 576px) 100vw, 576px\" \/>\t\t\t\t\t\t\t\t\t\t\t\t\t\t\t<\/div>\n\t\t\t\t<\/div>\n\t\t\t\t\t<\/div>\n\t\t<\/div>\n\t\t\t\t<div class=\"elementor-column elementor-col-33 elementor-top-column elementor-element elementor-element-d167be2\" data-id=\"d167be2\" data-element_type=\"column\">\n\t\t\t<div class=\"elementor-widget-wrap elementor-element-populated\">\n\t\t\t\t\t\t<div class=\"elementor-element elementor-element-f797468 elementor-widget elementor-widget-image\" data-id=\"f797468\" data-element_type=\"widget\" data-widget_type=\"image.default\">\n\t\t\t\t<div class=\"elementor-widget-container\">\n\t\t\t\t\t\t\t\t\t\t\t\t\t\t\t<img loading=\"lazy\" decoding=\"async\" width=\"576\" height=\"1024\" src=\"https:\/\/da-resin-art.com\/wp-content\/uploads\/2025\/03\/zegary-da-resin-art-zielono-czarny-1-60-cm-4-576x1024.jpg\" class=\"attachment-large size-large wp-image-1434\" alt=\"zegar z \u017cywicy czarno zielony ze z\u0142otem\" srcset=\"https:\/\/da-resin-art.com\/wp-content\/uploads\/2025\/03\/zegary-da-resin-art-zielono-czarny-1-60-cm-4-576x1024.jpg 576w, https:\/\/da-resin-art.com\/wp-content\/uploads\/2025\/03\/zegary-da-resin-art-zielono-czarny-1-60-cm-4-169x300.jpg 169w, https:\/\/da-resin-art.com\/wp-content\/uploads\/2025\/03\/zegary-da-resin-art-zielono-czarny-1-60-cm-4-768x1365.jpg 768w, https:\/\/da-resin-art.com\/wp-content\/uploads\/2025\/03\/zegary-da-resin-art-zielono-czarny-1-60-cm-4-600x1067.jpg 600w, https:\/\/da-resin-art.com\/wp-content\/uploads\/2025\/03\/zegary-da-resin-art-zielono-czarny-1-60-cm-4.jpg 800w\" sizes=\"(max-width: 576px) 100vw, 576px\" \/>\t\t\t\t\t\t\t\t\t\t\t\t\t\t\t<\/div>\n\t\t\t\t<\/div>\n\t\t\t\t\t<\/div>\n\t\t<\/div>\n\t\t\t\t\t<\/div>\n\t\t<\/section>\n\t\t\t\t<\/div>\n\t\t","protected":false},"excerpt":{"rendered":"<p data-start=\"0\" data-end=\"140\">60 cm. <strong>Zegar \u015bcienny &#171;Czarno-zielony&#187;<\/strong> &#8212;\u00a0wz\u00f3r wykonany z \u017cywicy: na czarnym i zielonym tle z\u0142ote i srebne akcenty, srebne rzymskie cyfry i wskaz\u00f3wki. Ciczy mechanizm zegara.<\/p>\n<ul data-start=\"142\" data-end=\"704\" data-is-last-node=\"\">\n<li data-start=\"512\" data-end=\"626\">Zegar \u015bcienny <strong data-start=\"14\" data-end=\"34\">&#171;Czarno-zielony&#187;<\/strong> to elegancka harmonia kolor\u00f3w i materia\u0142\u00f3w, stworzona z \u017cywicy epoksydowej.<\/li>\n<li data-start=\"512\" data-end=\"626\"><strong data-start=\"113\" data-end=\"137\">Czarne i zielone t\u0142o<\/strong> z subtelnymi <strong data-start=\"151\" data-end=\"184\">z\u0142otymi i srebrnymi akcentami<\/strong> tworzy eleganck\u0105 kompozycj\u0119, kt\u00f3ra przyci\u0105ga wzrok.<\/li>\n<li data-start=\"512\" data-end=\"626\"><strong data-start=\"239\" data-end=\"277\">Srebrne rzymskie cyfry i wskaz\u00f3wki<\/strong> podkre\u015blaj\u0105 klasyczny charakter zegara, nadaj\u0105c mu wyj\u0105tkowego szyku.<\/li>\n<li data-start=\"512\" data-end=\"626\">Cichy mechanizm zapewnia wygod\u0119 u\u017cytkowania, a jego ponadczasowy design pasuje do ka\u017cdego wn\u0119trza.<\/li>\n<li data-start=\"512\" data-end=\"626\"><strong data-start=\"451\" data-end=\"471\">&#171;Czarno-zielony&#187;<\/strong> to nie tylko zegar \u2013 to stylowy akcent, kt\u00f3ry wprowadza spok\u00f3j i elegancj\u0119 do przestrzeni.<\/li>\n<\/ul>\n","protected":false},"featured_media":1429,"template":"","meta":{"_acf_changed":false,"_kadence_starter_templates_imported_post":false,"_kad_post_transparent":"default","_kad_post_title":"","_kad_post_layout":"default","_kad_post_sidebar_id":"","_kad_post_content_style":"default","_kad_post_vertical_padding":"default","_kad_post_feature":"","_kad_post_feature_position":"","_kad_post_header":false,"_kad_post_footer":false},"product_brand":[],"product_cat":[18],"product_tag":[38,29],"class_list":{"0":"post-1428","1":"product","2":"type-product","3":"status-publish","4":"has-post-thumbnail","6":"product_cat-galeria","7":"product_tag-sprzedany","8":"product_tag-wszystko","10":"first","11":"outofstock","12":"shipping-taxable","13":"purchasable","14":"product-type-simple","15":"entry","16":"content-bg","17":"loop-entry"},"acf":[],"_links":{"self":[{"href":"https:\/\/da-resin-art.com\/ru\/wp-json\/wp\/v2\/product\/1428","targetHints":{"allow":["GET"]}}],"collection":[{"href":"https:\/\/da-resin-art.com\/ru\/wp-json\/wp\/v2\/product"}],"about":[{"href":"https:\/\/da-resin-art.com\/ru\/wp-json\/wp\/v2\/types\/product"}],"version-history":[{"count":13,"href":"https:\/\/da-resin-art.com\/ru\/wp-json\/wp\/v2\/product\/1428\/revisions"}],"predecessor-version":[{"id":4251,"href":"https:\/\/da-resin-art.com\/ru\/wp-json\/wp\/v2\/product\/1428\/revisions\/4251"}],"wp:featuredmedia":[{"embeddable":true,"href":"https:\/\/da-resin-art.com\/ru\/wp-json\/wp\/v2\/media\/1429"}],"wp:attachment":[{"href":"https:\/\/da-resin-art.com\/ru\/wp-json\/wp\/v2\/media?parent=1428"}],"wp:term":[{"taxonomy":"product_brand","embeddable":true,"href":"https:\/\/da-resin-art.com\/ru\/wp-json\/wp\/v2\/product_brand?post=1428"},{"taxonomy":"product_cat","embeddable":true,"href":"https:\/\/da-resin-art.com\/ru\/wp-json\/wp\/v2\/product_cat?post=1428"},{"taxonomy":"product_tag","embeddable":true,"href":"https:\/\/da-resin-art.com\/ru\/wp-json\/wp\/v2\/product_tag?post=1428"}],"curies":[{"name":"wp","href":"https:\/\/api.w.org\/{rel}","templated":true}]}}