{"id":1528,"date":"2025-03-26T21:21:23","date_gmt":"2025-03-26T20:21:23","guid":{"rendered":"https:\/\/da-resin-art.com\/?post_type=product&#038;p=1528"},"modified":"2026-02-10T19:03:24","modified_gmt":"2026-02-10T18:03:24","slug":"zegar-blekitne-ksiezyc","status":"publish","type":"product","link":"https:\/\/da-resin-art.com\/ru\/produkt\/zegar-blekitne-ksiezyc\/","title":{"rendered":"Zegar 50 cm \u201eKsi\u0119\u017cyc\u201d"},"content":{"rendered":"\t\t<div data-elementor-type=\"product-post\" data-elementor-id=\"1528\" class=\"elementor elementor-1528\" data-elementor-post-type=\"product\">\n\t\t\t\t\t\t<section class=\"elementor-section elementor-top-section elementor-element elementor-element-e96d34c elementor-section-boxed elementor-section-height-default elementor-section-height-default\" data-id=\"e96d34c\" data-element_type=\"section\">\n\t\t\t\t\t\t<div class=\"elementor-container elementor-column-gap-default\">\n\t\t\t\t\t<div class=\"elementor-column elementor-col-100 elementor-top-column elementor-element elementor-element-4af0f94\" data-id=\"4af0f94\" data-element_type=\"column\">\n\t\t\t<div class=\"elementor-widget-wrap elementor-element-populated\">\n\t\t\t\t\t\t<div class=\"elementor-element elementor-element-bb07383 elementor-widget elementor-widget-image\" data-id=\"bb07383\" data-element_type=\"widget\" data-widget_type=\"image.default\">\n\t\t\t\t<div class=\"elementor-widget-container\">\n\t\t\t\t\t\t\t\t\t\t\t\t\t\t\t<img fetchpriority=\"high\" decoding=\"async\" width=\"1422\" height=\"800\" src=\"https:\/\/da-resin-art.com\/wp-content\/uploads\/2025\/03\/zegary-da-resin-art-moon-1-50-cm-3-rotated.jpg\" class=\"attachment-full size-full wp-image-1531\" alt=\"zegar z \u017cywic\u0105 Ksi\u0119\u017cyc\" srcset=\"https:\/\/da-resin-art.com\/wp-content\/uploads\/2025\/03\/zegary-da-resin-art-moon-1-50-cm-3-rotated.jpg 1422w, https:\/\/da-resin-art.com\/wp-content\/uploads\/2025\/03\/zegary-da-resin-art-moon-1-50-cm-3-300x169.jpg 300w, https:\/\/da-resin-art.com\/wp-content\/uploads\/2025\/03\/zegary-da-resin-art-moon-1-50-cm-3-1024x576.jpg 1024w, https:\/\/da-resin-art.com\/wp-content\/uploads\/2025\/03\/zegary-da-resin-art-moon-1-50-cm-3-768x432.jpg 768w, https:\/\/da-resin-art.com\/wp-content\/uploads\/2025\/03\/zegary-da-resin-art-moon-1-50-cm-3-600x338.jpg 600w\" sizes=\"(max-width: 1422px) 100vw, 1422px\" \/>\t\t\t\t\t\t\t\t\t\t\t\t\t\t\t<\/div>\n\t\t\t\t<\/div>\n\t\t\t\t\t<\/div>\n\t\t<\/div>\n\t\t\t\t\t<\/div>\n\t\t<\/section>\n\t\t\t\t<section class=\"elementor-section elementor-top-section elementor-element elementor-element-6974737 elementor-section-boxed elementor-section-height-default elementor-section-height-default\" data-id=\"6974737\" data-element_type=\"section\">\n\t\t\t\t\t\t<div class=\"elementor-container elementor-column-gap-default\">\n\t\t\t\t\t<div class=\"elementor-column elementor-col-100 elementor-top-column elementor-element elementor-element-0a9af81\" data-id=\"0a9af81\" data-element_type=\"column\">\n\t\t\t<div class=\"elementor-widget-wrap elementor-element-populated\">\n\t\t\t\t\t\t<div class=\"elementor-element elementor-element-ff34693 elementor-widget elementor-widget-text-editor\" data-id=\"ff34693\" data-element_type=\"widget\" data-widget_type=\"text-editor.default\">\n\t\t\t\t<div class=\"elementor-widget-container\">\n\t\t\t\t\t\t\t\t\t<p>\ud83d\udda4 \u015arednica 50 cm.<\/p><p>\ud83d\udda4 Baza &#8212; MDF.<\/p><p>\ud83d\udda4 Zegar \u015bcienny &#171;<strong>Ksi\u0119\u017cyc<\/strong>&#187; &#8212; wz\u00f3r wykonany z \u017cywicy epoksydowej.<\/p><p>\ud83d\udda4 Dodatki- naturalne kamienie: ksi\u0119\u017cycowy oraz kryszta\u0142y g\u00f3rskie.<\/p><p>\ud83d\udda4 Srebny dekoracyjny zestaw arabskich cyfer i wskaz\u00f3wki z lustrzanego plexi.<\/p><p>\ud83d\udda4Cichy mechanizm zegara.<\/p>\t\t\t\t\t\t\t\t<\/div>\n\t\t\t\t<\/div>\n\t\t\t\t\t<\/div>\n\t\t<\/div>\n\t\t\t\t\t<\/div>\n\t\t<\/section>\n\t\t\t\t<section class=\"elementor-section elementor-top-section elementor-element elementor-element-8f356d0 elementor-section-boxed elementor-section-height-default elementor-section-height-default\" data-id=\"8f356d0\" data-element_type=\"section\">\n\t\t\t\t\t\t<div class=\"elementor-container elementor-column-gap-default\">\n\t\t\t\t\t<div class=\"elementor-column elementor-col-33 elementor-top-column elementor-element elementor-element-f8bead0\" data-id=\"f8bead0\" data-element_type=\"column\">\n\t\t\t<div class=\"elementor-widget-wrap elementor-element-populated\">\n\t\t\t\t\t\t<div class=\"elementor-element elementor-element-d1a2af4 elementor-widget elementor-widget-video\" data-id=\"d1a2af4\" data-element_type=\"widget\" data-settings=\"{&quot;youtube_url&quot;:&quot;https:\\\/\\\/youtube.com\\\/watch?v=hj_KVflT9zg?feature=share&quot;,&quot;video_type&quot;:&quot;youtube&quot;,&quot;controls&quot;:&quot;yes&quot;}\" data-widget_type=\"video.default\">\n\t\t\t\t<div class=\"elementor-widget-container\">\n\t\t\t\t\t\t\t<div class=\"elementor-wrapper elementor-open-inline\">\n\t\t\t<div class=\"elementor-video\"><\/div>\t\t<\/div>\n\t\t\t\t\t\t<\/div>\n\t\t\t\t<\/div>\n\t\t\t\t\t<\/div>\n\t\t<\/div>\n\t\t\t\t<div class=\"elementor-column elementor-col-33 elementor-top-column elementor-element elementor-element-0746d65\" data-id=\"0746d65\" data-element_type=\"column\">\n\t\t\t<div class=\"elementor-widget-wrap elementor-element-populated\">\n\t\t\t\t\t\t<div class=\"elementor-element elementor-element-eb70447 elementor-widget elementor-widget-image\" data-id=\"eb70447\" data-element_type=\"widget\" data-widget_type=\"image.default\">\n\t\t\t\t<div class=\"elementor-widget-container\">\n\t\t\t\t\t\t\t\t\t\t\t\t\t\t\t<img decoding=\"async\" width=\"609\" height=\"1024\" src=\"https:\/\/da-resin-art.com\/wp-content\/uploads\/2025\/03\/zegary-da-resin-art-moon-1-50-cm-5-609x1024.jpg\" class=\"attachment-large size-large wp-image-1532\" alt=\"zegar z \u017cywic\u0105 Ksi\u0119\u017cyc\" srcset=\"https:\/\/da-resin-art.com\/wp-content\/uploads\/2025\/03\/zegary-da-resin-art-moon-1-50-cm-5-609x1024.jpg 609w, https:\/\/da-resin-art.com\/wp-content\/uploads\/2025\/03\/zegary-da-resin-art-moon-1-50-cm-5-178x300.jpg 178w, https:\/\/da-resin-art.com\/wp-content\/uploads\/2025\/03\/zegary-da-resin-art-moon-1-50-cm-5-768x1291.jpg 768w, https:\/\/da-resin-art.com\/wp-content\/uploads\/2025\/03\/zegary-da-resin-art-moon-1-50-cm-5-600x1009.jpg 600w, https:\/\/da-resin-art.com\/wp-content\/uploads\/2025\/03\/zegary-da-resin-art-moon-1-50-cm-5.jpg 800w\" sizes=\"(max-width: 609px) 100vw, 609px\" \/>\t\t\t\t\t\t\t\t\t\t\t\t\t\t\t<\/div>\n\t\t\t\t<\/div>\n\t\t\t\t\t<\/div>\n\t\t<\/div>\n\t\t\t\t<div class=\"elementor-column elementor-col-33 elementor-top-column elementor-element elementor-element-308e7bb\" data-id=\"308e7bb\" data-element_type=\"column\">\n\t\t\t<div class=\"elementor-widget-wrap elementor-element-populated\">\n\t\t\t\t\t\t<div class=\"elementor-element elementor-element-8108d8b elementor-widget elementor-widget-image\" data-id=\"8108d8b\" data-element_type=\"widget\" data-widget_type=\"image.default\">\n\t\t\t\t<div class=\"elementor-widget-container\">\n\t\t\t\t\t\t\t\t\t\t\t\t\t\t\t<img decoding=\"async\" width=\"576\" height=\"1024\" src=\"https:\/\/da-resin-art.com\/wp-content\/uploads\/2025\/03\/zegary-da-resin-art-moon-1-50-cm-6-576x1024.jpg\" class=\"attachment-large size-large wp-image-1535\" alt=\"\" srcset=\"https:\/\/da-resin-art.com\/wp-content\/uploads\/2025\/03\/zegary-da-resin-art-moon-1-50-cm-6-576x1024.jpg 576w, https:\/\/da-resin-art.com\/wp-content\/uploads\/2025\/03\/zegary-da-resin-art-moon-1-50-cm-6-169x300.jpg 169w, https:\/\/da-resin-art.com\/wp-content\/uploads\/2025\/03\/zegary-da-resin-art-moon-1-50-cm-6-768x1365.jpg 768w, https:\/\/da-resin-art.com\/wp-content\/uploads\/2025\/03\/zegary-da-resin-art-moon-1-50-cm-6-600x1067.jpg 600w, https:\/\/da-resin-art.com\/wp-content\/uploads\/2025\/03\/zegary-da-resin-art-moon-1-50-cm-6.jpg 800w\" sizes=\"(max-width: 576px) 100vw, 576px\" \/>\t\t\t\t\t\t\t\t\t\t\t\t\t\t\t<\/div>\n\t\t\t\t<\/div>\n\t\t\t\t\t<\/div>\n\t\t<\/div>\n\t\t\t\t\t<\/div>\n\t\t<\/section>\n\t\t\t\t<section class=\"elementor-section elementor-top-section elementor-element elementor-element-a2f7370 elementor-section-boxed elementor-section-height-default elementor-section-height-default\" data-id=\"a2f7370\" data-element_type=\"section\">\n\t\t\t\t\t\t<div class=\"elementor-container elementor-column-gap-default\">\n\t\t\t\t\t<div class=\"elementor-column elementor-col-100 elementor-top-column elementor-element elementor-element-63d316c\" data-id=\"63d316c\" data-element_type=\"column\">\n\t\t\t<div class=\"elementor-widget-wrap elementor-element-populated\">\n\t\t\t\t\t\t<div class=\"elementor-element elementor-element-2633efc elementor-widget elementor-widget-text-editor\" data-id=\"2633efc\" data-element_type=\"widget\" data-widget_type=\"text-editor.default\">\n\t\t\t\t<div class=\"elementor-widget-container\">\n\t\t\t\t\t\t\t\t\t<p>\u2728 <strong>Zegar \u015bcienny &#171;Ksi\u0119\u017cyc&#187; \u2013 harmonia i sztuka w Twoim wn\u0119trzu!<\/strong>\u00a0<\/p><p>R\u0119cznie wykonany z \u017cywicy epoksydowej i naturalnych kamieni. Jego niepowtarzalny wz\u00f3r przypomina bezkres nieba, wprowadzaj\u0105c lekko\u015b\u0107 i spok\u00f3j do przestrzeni. Cichy mechanizm zapewnia harmoni\u0119, a subtelna elegancja dodaje wn\u0119trzu wyj\u0105tkowego charakteru.<\/p><p>\ud83d\udd39 <strong>Ponadczasowy design inspirowany natur\u0105!<\/strong> \ud83d\udd39<\/p><p>\ud83d\uded2 <strong>Kup teraz lub zam\u00f3w personalizowan\u0105 wersj\u0119!<\/strong> \ud83d\udc99<\/p>\t\t\t\t\t\t\t\t<\/div>\n\t\t\t\t<\/div>\n\t\t\t\t\t<\/div>\n\t\t<\/div>\n\t\t\t\t\t<\/div>\n\t\t<\/section>\n\t\t\t\t<section class=\"elementor-section elementor-top-section elementor-element elementor-element-dd427e2 elementor-section-boxed elementor-section-height-default elementor-section-height-default\" data-id=\"dd427e2\" data-element_type=\"section\">\n\t\t\t\t\t\t<div class=\"elementor-container elementor-column-gap-default\">\n\t\t\t\t\t<div class=\"elementor-column elementor-col-33 elementor-top-column elementor-element elementor-element-70ec8a8\" data-id=\"70ec8a8\" data-element_type=\"column\">\n\t\t\t<div class=\"elementor-widget-wrap elementor-element-populated\">\n\t\t\t\t\t\t<div class=\"elementor-element elementor-element-95f5727 elementor-widget elementor-widget-image\" data-id=\"95f5727\" data-element_type=\"widget\" data-widget_type=\"image.default\">\n\t\t\t\t<div class=\"elementor-widget-container\">\n\t\t\t\t\t\t\t\t\t\t\t\t\t\t\t<img loading=\"lazy\" decoding=\"async\" width=\"576\" height=\"1024\" src=\"https:\/\/da-resin-art.com\/wp-content\/uploads\/2025\/03\/zegary-da-resin-art-moon-1-50-cm-4-576x1024.jpg\" class=\"attachment-large size-large wp-image-1534\" alt=\"zegar z \u017cywic\u0105 Ksi\u0119\u017cyc\" srcset=\"https:\/\/da-resin-art.com\/wp-content\/uploads\/2025\/03\/zegary-da-resin-art-moon-1-50-cm-4-576x1024.jpg 576w, https:\/\/da-resin-art.com\/wp-content\/uploads\/2025\/03\/zegary-da-resin-art-moon-1-50-cm-4-169x300.jpg 169w, https:\/\/da-resin-art.com\/wp-content\/uploads\/2025\/03\/zegary-da-resin-art-moon-1-50-cm-4-768x1365.jpg 768w, https:\/\/da-resin-art.com\/wp-content\/uploads\/2025\/03\/zegary-da-resin-art-moon-1-50-cm-4-600x1067.jpg 600w, https:\/\/da-resin-art.com\/wp-content\/uploads\/2025\/03\/zegary-da-resin-art-moon-1-50-cm-4.jpg 800w\" sizes=\"(max-width: 576px) 100vw, 576px\" \/>\t\t\t\t\t\t\t\t\t\t\t\t\t\t\t<\/div>\n\t\t\t\t<\/div>\n\t\t\t\t\t<\/div>\n\t\t<\/div>\n\t\t\t\t<div class=\"elementor-column elementor-col-33 elementor-top-column elementor-element elementor-element-1a4595f\" data-id=\"1a4595f\" data-element_type=\"column\">\n\t\t\t<div class=\"elementor-widget-wrap elementor-element-populated\">\n\t\t\t\t\t\t<div class=\"elementor-element elementor-element-3dc8c96 elementor-widget elementor-widget-image\" data-id=\"3dc8c96\" data-element_type=\"widget\" data-widget_type=\"image.default\">\n\t\t\t\t<div class=\"elementor-widget-container\">\n\t\t\t\t\t\t\t\t\t\t\t\t\t\t\t<img loading=\"lazy\" decoding=\"async\" width=\"576\" height=\"1024\" src=\"https:\/\/da-resin-art.com\/wp-content\/uploads\/2025\/03\/zegary-da-resin-art-moon-1-50-cm-2-576x1024.jpg\" class=\"attachment-large size-large wp-image-1536\" alt=\"zegar z \u017cywic\u0105 Ksi\u0119\u017cyc\" srcset=\"https:\/\/da-resin-art.com\/wp-content\/uploads\/2025\/03\/zegary-da-resin-art-moon-1-50-cm-2-576x1024.jpg 576w, https:\/\/da-resin-art.com\/wp-content\/uploads\/2025\/03\/zegary-da-resin-art-moon-1-50-cm-2-169x300.jpg 169w, https:\/\/da-resin-art.com\/wp-content\/uploads\/2025\/03\/zegary-da-resin-art-moon-1-50-cm-2-768x1366.jpg 768w, https:\/\/da-resin-art.com\/wp-content\/uploads\/2025\/03\/zegary-da-resin-art-moon-1-50-cm-2-600x1067.jpg 600w, https:\/\/da-resin-art.com\/wp-content\/uploads\/2025\/03\/zegary-da-resin-art-moon-1-50-cm-2.jpg 800w\" sizes=\"(max-width: 576px) 100vw, 576px\" \/>\t\t\t\t\t\t\t\t\t\t\t\t\t\t\t<\/div>\n\t\t\t\t<\/div>\n\t\t\t\t\t<\/div>\n\t\t<\/div>\n\t\t\t\t<div class=\"elementor-column elementor-col-33 elementor-top-column elementor-element elementor-element-26a2340\" data-id=\"26a2340\" data-element_type=\"column\">\n\t\t\t<div class=\"elementor-widget-wrap elementor-element-populated\">\n\t\t\t\t\t\t<div class=\"elementor-element elementor-element-4b5612a elementor-widget elementor-widget-image\" data-id=\"4b5612a\" data-element_type=\"widget\" data-widget_type=\"image.default\">\n\t\t\t\t<div class=\"elementor-widget-container\">\n\t\t\t\t\t\t\t\t\t\t\t\t\t\t\t<img loading=\"lazy\" decoding=\"async\" width=\"576\" height=\"1024\" src=\"https:\/\/da-resin-art.com\/wp-content\/uploads\/2025\/03\/zegary-da-resin-art-moon-1-50-cm-1-576x1024.jpg\" class=\"attachment-large size-large wp-image-1533\" alt=\"zegar z \u017cywic\u0105 Ksi\u0119\u017cyc\" srcset=\"https:\/\/da-resin-art.com\/wp-content\/uploads\/2025\/03\/zegary-da-resin-art-moon-1-50-cm-1-576x1024.jpg 576w, https:\/\/da-resin-art.com\/wp-content\/uploads\/2025\/03\/zegary-da-resin-art-moon-1-50-cm-1-169x300.jpg 169w, https:\/\/da-resin-art.com\/wp-content\/uploads\/2025\/03\/zegary-da-resin-art-moon-1-50-cm-1-600x1067.jpg 600w, https:\/\/da-resin-art.com\/wp-content\/uploads\/2025\/03\/zegary-da-resin-art-moon-1-50-cm-1.jpg 720w\" sizes=\"(max-width: 576px) 100vw, 576px\" \/>\t\t\t\t\t\t\t\t\t\t\t\t\t\t\t<\/div>\n\t\t\t\t<\/div>\n\t\t\t\t\t<\/div>\n\t\t<\/div>\n\t\t\t\t\t<\/div>\n\t\t<\/section>\n\t\t\t\t<\/div>\n\t\t","protected":false},"excerpt":{"rendered":"<p>50 cm. Zegar \u015bcienny &#171;<strong>Ksi\u0119\u017cyc<\/strong>&#187; &#8212; wz\u00f3r wykonany z \u017cywicy epoksydowej. Dodatki- naturalne kamienie: ksi\u0119\u017cycowy oraz kryszta\u0142y g\u00f3rskie. Cichy mechanizm zegara.<\/p>\n<ul>\n<li><strong>Zegar \u015bcienny &#171;Ksi\u0119\u017cyc&#187;<\/strong> to delikatne odzwierciedlenie harmonii i sztuki, zegar wykonany z \u017cywicy epoksydowej z dodatkiem kamieni naturalnych \u2013 ksi\u0119\u017cycowego i kryszta\u0142ow.<\/li>\n<li>Zegar z \u017cywic\u0105 w tych kolorach zachwyca niepowtarzalnym wzorem przypominaj\u0105cym bezkres nieba, wprowadzaj\u0105c lekko\u015b\u0107 i spok\u00f3j do wn\u0119trza.<\/li>\n<li>Naturalne kamienie dodaj\u0105 elegancji oraz subtelnej energii, czyni\u0105c zegar zar\u00f3wno praktycznym, jak i dekoracyjnym akcentem.<\/li>\n<li>Srebny dekoracyjny zestaw arabskich cyfer i wskaz\u00f3wki z lustrzanego plexi.<\/li>\n<li>Cichy mechanizm zapewnia bezszelestne dzia\u0142anie, idealne do przestrzeni, w kt\u00f3rej kr\u00f3luje spok\u00f3j i harmonia.<\/li>\n<\/ul>\n","protected":false},"featured_media":1529,"template":"","meta":{"_acf_changed":false,"_kadence_starter_templates_imported_post":false,"_kad_post_transparent":"default","_kad_post_title":"","_kad_post_layout":"default","_kad_post_sidebar_id":"","_kad_post_content_style":"default","_kad_post_vertical_padding":"default","_kad_post_feature":"","_kad_post_feature_position":"","_kad_post_header":false,"_kad_post_footer":false},"product_brand":[],"product_cat":[18],"product_tag":[38,29],"class_list":{"0":"post-1528","1":"product","2":"type-product","3":"status-publish","4":"has-post-thumbnail","6":"product_cat-galeria","7":"product_tag-sprzedany","8":"product_tag-wszystko","10":"first","11":"outofstock","12":"shipping-taxable","13":"purchasable","14":"product-type-simple","15":"entry","16":"content-bg","17":"loop-entry"},"acf":[],"_links":{"self":[{"href":"https:\/\/da-resin-art.com\/ru\/wp-json\/wp\/v2\/product\/1528","targetHints":{"allow":["GET"]}}],"collection":[{"href":"https:\/\/da-resin-art.com\/ru\/wp-json\/wp\/v2\/product"}],"about":[{"href":"https:\/\/da-resin-art.com\/ru\/wp-json\/wp\/v2\/types\/product"}],"version-history":[{"count":10,"href":"https:\/\/da-resin-art.com\/ru\/wp-json\/wp\/v2\/product\/1528\/revisions"}],"predecessor-version":[{"id":4244,"href":"https:\/\/da-resin-art.com\/ru\/wp-json\/wp\/v2\/product\/1528\/revisions\/4244"}],"wp:featuredmedia":[{"embeddable":true,"href":"https:\/\/da-resin-art.com\/ru\/wp-json\/wp\/v2\/media\/1529"}],"wp:attachment":[{"href":"https:\/\/da-resin-art.com\/ru\/wp-json\/wp\/v2\/media?parent=1528"}],"wp:term":[{"taxonomy":"product_brand","embeddable":true,"href":"https:\/\/da-resin-art.com\/ru\/wp-json\/wp\/v2\/product_brand?post=1528"},{"taxonomy":"product_cat","embeddable":true,"href":"https:\/\/da-resin-art.com\/ru\/wp-json\/wp\/v2\/product_cat?post=1528"},{"taxonomy":"product_tag","embeddable":true,"href":"https:\/\/da-resin-art.com\/ru\/wp-json\/wp\/v2\/product_tag?post=1528"}],"curies":[{"name":"wp","href":"https:\/\/api.w.org\/{rel}","templated":true}]}}