{"id":1566,"date":"2025-03-26T22:12:20","date_gmt":"2025-03-26T21:12:20","guid":{"rendered":"https:\/\/da-resin-art.com\/?post_type=product&#038;p=1566"},"modified":"2026-02-10T19:02:54","modified_gmt":"2026-02-10T18:02:54","slug":"zegar-scienny-brazowy-marmur","status":"publish","type":"product","link":"https:\/\/da-resin-art.com\/ru\/produkt\/zegar-scienny-brazowy-marmur\/","title":{"rendered":"Zegar \u015bcienny 40 cm &#171;Br\u0105zowy marmur&#187;"},"content":{"rendered":"\t\t<div data-elementor-type=\"product-post\" data-elementor-id=\"1566\" class=\"elementor elementor-1566\" data-elementor-post-type=\"product\">\n\t\t\t\t\t\t<section class=\"elementor-section elementor-top-section elementor-element elementor-element-1c05077 elementor-section-boxed elementor-section-height-default elementor-section-height-default\" data-id=\"1c05077\" data-element_type=\"section\">\n\t\t\t\t\t\t<div class=\"elementor-container elementor-column-gap-default\">\n\t\t\t\t\t<div class=\"elementor-column elementor-col-100 elementor-top-column elementor-element elementor-element-18dc669\" data-id=\"18dc669\" data-element_type=\"column\">\n\t\t\t<div class=\"elementor-widget-wrap elementor-element-populated\">\n\t\t\t\t\t\t<div class=\"elementor-element elementor-element-0aadb0f elementor-widget elementor-widget-image\" data-id=\"0aadb0f\" data-element_type=\"widget\" data-widget_type=\"image.default\">\n\t\t\t\t<div class=\"elementor-widget-container\">\n\t\t\t\t\t\t\t\t\t\t\t\t\t\t\t<img fetchpriority=\"high\" decoding=\"async\" width=\"1024\" height=\"576\" src=\"https:\/\/da-resin-art.com\/wp-content\/uploads\/2025\/03\/zegary-da-resin-art-brazowy-marmur-1-40-cm-3-1024x576.jpg\" class=\"attachment-large size-large wp-image-1569\" alt=\"Zegar \u015bcienny &quot;Br\u0105zowy marmur&quot;\" srcset=\"https:\/\/da-resin-art.com\/wp-content\/uploads\/2025\/03\/zegary-da-resin-art-brazowy-marmur-1-40-cm-3-1024x576.jpg 1024w, https:\/\/da-resin-art.com\/wp-content\/uploads\/2025\/03\/zegary-da-resin-art-brazowy-marmur-1-40-cm-3-300x169.jpg 300w, https:\/\/da-resin-art.com\/wp-content\/uploads\/2025\/03\/zegary-da-resin-art-brazowy-marmur-1-40-cm-3-768x432.jpg 768w, https:\/\/da-resin-art.com\/wp-content\/uploads\/2025\/03\/zegary-da-resin-art-brazowy-marmur-1-40-cm-3-600x338.jpg 600w, https:\/\/da-resin-art.com\/wp-content\/uploads\/2025\/03\/zegary-da-resin-art-brazowy-marmur-1-40-cm-3-rotated.jpg 1422w\" sizes=\"(max-width: 1024px) 100vw, 1024px\" \/>\t\t\t\t\t\t\t\t\t\t\t\t\t\t\t<\/div>\n\t\t\t\t<\/div>\n\t\t\t\t\t<\/div>\n\t\t<\/div>\n\t\t\t\t\t<\/div>\n\t\t<\/section>\n\t\t\t\t<section class=\"elementor-section elementor-top-section elementor-element elementor-element-4e326855 elementor-section-boxed elementor-section-height-default elementor-section-height-default\" data-id=\"4e326855\" data-element_type=\"section\">\n\t\t\t\t\t\t<div class=\"elementor-container elementor-column-gap-default\">\n\t\t\t\t\t<div class=\"elementor-column elementor-col-100 elementor-top-column elementor-element elementor-element-42c485c1\" data-id=\"42c485c1\" data-element_type=\"column\">\n\t\t\t<div class=\"elementor-widget-wrap elementor-element-populated\">\n\t\t\t\t\t\t<div class=\"elementor-element elementor-element-67d3cb9 elementor-widget elementor-widget-text-editor\" data-id=\"67d3cb9\" data-element_type=\"widget\" data-widget_type=\"text-editor.default\">\n\t\t\t\t<div class=\"elementor-widget-container\">\n\t\t\t\t\t\t\t\t\t<p>\ud83d\udda4 \u015arednica 40 cm.<\/p><p>\ud83d\udda4Baza &#8212; MDF.<\/p><p>\ud83d\udda4 Zegar \u015bcienny &#171;Br\u0105zowy marmur&#187; &#8212; wz\u00f3r wykonany z \u017cywicy epoksydowej.<\/p><p>\ud83d\udda4 Dodatki: hematyt i tygrysie oko.<\/p><p>\ud83d\udda4 Z\u0142ote podzia\u0142y i wskaz\u00f3wki z lustrzanego plexi.<\/p><p>\ud83d\udda4 Cichy mechanizm zegara.\u00a0<\/p>\t\t\t\t\t\t\t\t<\/div>\n\t\t\t\t<\/div>\n\t\t\t\t\t<\/div>\n\t\t<\/div>\n\t\t\t\t\t<\/div>\n\t\t<\/section>\n\t\t\t\t<section class=\"elementor-section elementor-top-section elementor-element elementor-element-1705c5e elementor-section-boxed elementor-section-height-default elementor-section-height-default\" data-id=\"1705c5e\" data-element_type=\"section\">\n\t\t\t\t\t\t<div class=\"elementor-container elementor-column-gap-default\">\n\t\t\t\t\t<div class=\"elementor-column elementor-col-33 elementor-top-column elementor-element elementor-element-e345a69\" data-id=\"e345a69\" data-element_type=\"column\">\n\t\t\t<div class=\"elementor-widget-wrap elementor-element-populated\">\n\t\t\t\t\t\t<div class=\"elementor-element elementor-element-d042564 elementor-widget elementor-widget-video\" data-id=\"d042564\" data-element_type=\"widget\" data-settings=\"{&quot;youtube_url&quot;:&quot;https:\\\/\\\/youtube.com\\\/watch?v=7xL-z2O1p2w?feature=share&quot;,&quot;video_type&quot;:&quot;youtube&quot;,&quot;controls&quot;:&quot;yes&quot;}\" data-widget_type=\"video.default\">\n\t\t\t\t<div class=\"elementor-widget-container\">\n\t\t\t\t\t\t\t<div class=\"elementor-wrapper elementor-open-inline\">\n\t\t\t<div class=\"elementor-video\"><\/div>\t\t<\/div>\n\t\t\t\t\t\t<\/div>\n\t\t\t\t<\/div>\n\t\t\t\t\t<\/div>\n\t\t<\/div>\n\t\t\t\t<div class=\"elementor-column elementor-col-33 elementor-top-column elementor-element elementor-element-d6da29c\" data-id=\"d6da29c\" data-element_type=\"column\">\n\t\t\t<div class=\"elementor-widget-wrap elementor-element-populated\">\n\t\t\t\t\t\t<div class=\"elementor-element elementor-element-65de88c elementor-widget elementor-widget-image\" data-id=\"65de88c\" data-element_type=\"widget\" data-widget_type=\"image.default\">\n\t\t\t\t<div class=\"elementor-widget-container\">\n\t\t\t\t\t\t\t\t\t\t\t\t\t\t\t<img decoding=\"async\" width=\"576\" height=\"1024\" src=\"https:\/\/da-resin-art.com\/wp-content\/uploads\/2025\/03\/zegary-da-resin-art-brazowy-marmur-1-40-cm-5-576x1024.jpg\" class=\"attachment-large size-large wp-image-1570\" alt=\"Zegar \u015bcienny &quot;Br\u0105zowy marmur&quot;\" srcset=\"https:\/\/da-resin-art.com\/wp-content\/uploads\/2025\/03\/zegary-da-resin-art-brazowy-marmur-1-40-cm-5-576x1024.jpg 576w, https:\/\/da-resin-art.com\/wp-content\/uploads\/2025\/03\/zegary-da-resin-art-brazowy-marmur-1-40-cm-5-169x300.jpg 169w, https:\/\/da-resin-art.com\/wp-content\/uploads\/2025\/03\/zegary-da-resin-art-brazowy-marmur-1-40-cm-5-768x1365.jpg 768w, https:\/\/da-resin-art.com\/wp-content\/uploads\/2025\/03\/zegary-da-resin-art-brazowy-marmur-1-40-cm-5-600x1067.jpg 600w, https:\/\/da-resin-art.com\/wp-content\/uploads\/2025\/03\/zegary-da-resin-art-brazowy-marmur-1-40-cm-5.jpg 800w\" sizes=\"(max-width: 576px) 100vw, 576px\" \/>\t\t\t\t\t\t\t\t\t\t\t\t\t\t\t<\/div>\n\t\t\t\t<\/div>\n\t\t\t\t\t<\/div>\n\t\t<\/div>\n\t\t\t\t<div class=\"elementor-column elementor-col-33 elementor-top-column elementor-element elementor-element-f8aab89\" data-id=\"f8aab89\" data-element_type=\"column\">\n\t\t\t<div class=\"elementor-widget-wrap elementor-element-populated\">\n\t\t\t\t\t\t<div class=\"elementor-element elementor-element-d89be88 elementor-widget elementor-widget-image\" data-id=\"d89be88\" data-element_type=\"widget\" data-widget_type=\"image.default\">\n\t\t\t\t<div class=\"elementor-widget-container\">\n\t\t\t\t\t\t\t\t\t\t\t\t\t\t\t<img decoding=\"async\" width=\"576\" height=\"1024\" src=\"https:\/\/da-resin-art.com\/wp-content\/uploads\/2025\/03\/zegary-da-resin-art-brazowy-marmur-1-40-cm-2-576x1024.jpg\" class=\"attachment-large size-large wp-image-1571\" alt=\"\" srcset=\"https:\/\/da-resin-art.com\/wp-content\/uploads\/2025\/03\/zegary-da-resin-art-brazowy-marmur-1-40-cm-2-576x1024.jpg 576w, https:\/\/da-resin-art.com\/wp-content\/uploads\/2025\/03\/zegary-da-resin-art-brazowy-marmur-1-40-cm-2-169x300.jpg 169w, https:\/\/da-resin-art.com\/wp-content\/uploads\/2025\/03\/zegary-da-resin-art-brazowy-marmur-1-40-cm-2-768x1365.jpg 768w, https:\/\/da-resin-art.com\/wp-content\/uploads\/2025\/03\/zegary-da-resin-art-brazowy-marmur-1-40-cm-2-600x1067.jpg 600w, https:\/\/da-resin-art.com\/wp-content\/uploads\/2025\/03\/zegary-da-resin-art-brazowy-marmur-1-40-cm-2.jpg 800w\" sizes=\"(max-width: 576px) 100vw, 576px\" \/>\t\t\t\t\t\t\t\t\t\t\t\t\t\t\t<\/div>\n\t\t\t\t<\/div>\n\t\t\t\t\t<\/div>\n\t\t<\/div>\n\t\t\t\t\t<\/div>\n\t\t<\/section>\n\t\t\t\t<section class=\"elementor-section elementor-top-section elementor-element elementor-element-de9aa7f elementor-section-boxed elementor-section-height-default elementor-section-height-default\" data-id=\"de9aa7f\" data-element_type=\"section\">\n\t\t\t\t\t\t<div class=\"elementor-container elementor-column-gap-default\">\n\t\t\t\t\t<div class=\"elementor-column elementor-col-100 elementor-top-column elementor-element elementor-element-a0b9f94\" data-id=\"a0b9f94\" data-element_type=\"column\">\n\t\t\t<div class=\"elementor-widget-wrap elementor-element-populated\">\n\t\t\t\t\t\t<div class=\"elementor-element elementor-element-68b2ab8 elementor-widget elementor-widget-text-editor\" data-id=\"68b2ab8\" data-element_type=\"widget\" data-widget_type=\"text-editor.default\">\n\t\t\t\t<div class=\"elementor-widget-container\">\n\t\t\t\t\t\t\t\t\t<h3 data-start=\"0\" data-end=\"74\">Zegar \u015bcienny <strong data-start=\"18\" data-end=\"47\">&#171;Br\u0105zowy marmur&#187;<\/strong> \u2013 luksus w ka\u017cdym detalu<\/h3><p data-start=\"76\" data-end=\"345\">Elegancki, 40-centymetrowy\u00a0zegar z \u017cywicy epoksydowej emanuje ciep\u0142em i elegancj\u0105, przypominaj\u0105c piaskowe wydmy o zachodzie s\u0142o\u0144ca. Po\u0142\u0105czenie kremowej bieli i odcieni br\u0105zu tworzy efekt marmurowych fal, kt\u00f3re p\u0142ynnie przechodz\u0105 przez tarcz\u0119. Z\u0142ote akcenty oraz zatopione drobinki tygrysiego oka i czarnego minera\u0142u dodaj\u0105 mu szlachetnego charakteru. Minimalistyczne, z\u0142ote indeksy oraz wskaz\u00f3wki podkre\u015blaj\u0105 nowoczesny, ale jednocze\u015bnie luksusowy styl. To idealny wyb\u00f3r dla mi\u0142o\u015bnik\u00f3w natury i elegancji w jednym, a tak\u017ce \u015bwietna ozdoba wn\u0119trza w stylu boho, glamour czy klasycznym.<\/p>\t\t\t\t\t\t\t\t<\/div>\n\t\t\t\t<\/div>\n\t\t\t\t\t<\/div>\n\t\t<\/div>\n\t\t\t\t\t<\/div>\n\t\t<\/section>\n\t\t\t\t<section class=\"elementor-section elementor-top-section elementor-element elementor-element-e6cc6e8 elementor-section-boxed elementor-section-height-default elementor-section-height-default\" data-id=\"e6cc6e8\" data-element_type=\"section\">\n\t\t\t\t\t\t<div class=\"elementor-container elementor-column-gap-default\">\n\t\t\t\t\t<div class=\"elementor-column elementor-col-33 elementor-top-column elementor-element elementor-element-ca6c748\" data-id=\"ca6c748\" data-element_type=\"column\">\n\t\t\t<div class=\"elementor-widget-wrap elementor-element-populated\">\n\t\t\t\t\t\t<div class=\"elementor-element elementor-element-f8a13bc elementor-widget elementor-widget-image\" data-id=\"f8a13bc\" data-element_type=\"widget\" data-widget_type=\"image.default\">\n\t\t\t\t<div class=\"elementor-widget-container\">\n\t\t\t\t\t\t\t\t\t\t\t\t\t\t\t<img loading=\"lazy\" decoding=\"async\" width=\"576\" height=\"1024\" src=\"https:\/\/da-resin-art.com\/wp-content\/uploads\/2025\/03\/zegary-da-resin-art-brazowy-marmur-1-40-cm-4-576x1024.jpg\" class=\"attachment-large size-large wp-image-1572\" alt=\"\" srcset=\"https:\/\/da-resin-art.com\/wp-content\/uploads\/2025\/03\/zegary-da-resin-art-brazowy-marmur-1-40-cm-4-576x1024.jpg 576w, https:\/\/da-resin-art.com\/wp-content\/uploads\/2025\/03\/zegary-da-resin-art-brazowy-marmur-1-40-cm-4-169x300.jpg 169w, https:\/\/da-resin-art.com\/wp-content\/uploads\/2025\/03\/zegary-da-resin-art-brazowy-marmur-1-40-cm-4-768x1365.jpg 768w, https:\/\/da-resin-art.com\/wp-content\/uploads\/2025\/03\/zegary-da-resin-art-brazowy-marmur-1-40-cm-4-600x1067.jpg 600w, https:\/\/da-resin-art.com\/wp-content\/uploads\/2025\/03\/zegary-da-resin-art-brazowy-marmur-1-40-cm-4.jpg 800w\" sizes=\"(max-width: 576px) 100vw, 576px\" \/>\t\t\t\t\t\t\t\t\t\t\t\t\t\t\t<\/div>\n\t\t\t\t<\/div>\n\t\t\t\t\t<\/div>\n\t\t<\/div>\n\t\t\t\t<div class=\"elementor-column elementor-col-33 elementor-top-column elementor-element elementor-element-2d77b49\" data-id=\"2d77b49\" data-element_type=\"column\">\n\t\t\t<div class=\"elementor-widget-wrap elementor-element-populated\">\n\t\t\t\t\t\t<div class=\"elementor-element elementor-element-ebc2c3f elementor-widget elementor-widget-image\" data-id=\"ebc2c3f\" data-element_type=\"widget\" data-widget_type=\"image.default\">\n\t\t\t\t<div class=\"elementor-widget-container\">\n\t\t\t\t\t\t\t\t\t\t\t\t\t\t\t<img loading=\"lazy\" decoding=\"async\" width=\"576\" height=\"1024\" src=\"https:\/\/da-resin-art.com\/wp-content\/uploads\/2025\/03\/zegary-da-resin-art-brazowy-marmur-1-40-cm-1-576x1024.jpg\" class=\"attachment-large size-large wp-image-1573\" alt=\"\" srcset=\"https:\/\/da-resin-art.com\/wp-content\/uploads\/2025\/03\/zegary-da-resin-art-brazowy-marmur-1-40-cm-1-576x1024.jpg 576w, https:\/\/da-resin-art.com\/wp-content\/uploads\/2025\/03\/zegary-da-resin-art-brazowy-marmur-1-40-cm-1-169x300.jpg 169w, https:\/\/da-resin-art.com\/wp-content\/uploads\/2025\/03\/zegary-da-resin-art-brazowy-marmur-1-40-cm-1-768x1366.jpg 768w, https:\/\/da-resin-art.com\/wp-content\/uploads\/2025\/03\/zegary-da-resin-art-brazowy-marmur-1-40-cm-1-600x1067.jpg 600w, https:\/\/da-resin-art.com\/wp-content\/uploads\/2025\/03\/zegary-da-resin-art-brazowy-marmur-1-40-cm-1.jpg 800w\" sizes=\"(max-width: 576px) 100vw, 576px\" \/>\t\t\t\t\t\t\t\t\t\t\t\t\t\t\t<\/div>\n\t\t\t\t<\/div>\n\t\t\t\t\t<\/div>\n\t\t<\/div>\n\t\t\t\t<div class=\"elementor-column elementor-col-33 elementor-top-column elementor-element elementor-element-d167be2\" data-id=\"d167be2\" data-element_type=\"column\">\n\t\t\t<div class=\"elementor-widget-wrap elementor-element-populated\">\n\t\t\t\t\t\t<div class=\"elementor-element elementor-element-f797468 elementor-widget elementor-widget-image\" data-id=\"f797468\" data-element_type=\"widget\" data-widget_type=\"image.default\">\n\t\t\t\t<div class=\"elementor-widget-container\">\n\t\t\t\t\t\t\t\t\t\t\t\t\t\t\t<img loading=\"lazy\" decoding=\"async\" width=\"576\" height=\"1024\" src=\"https:\/\/da-resin-art.com\/wp-content\/uploads\/2025\/03\/zegary-da-resin-art-brazowy-marmur-1-40-cm-6-576x1024.jpg\" class=\"attachment-large size-large wp-image-1574\" alt=\"\" srcset=\"https:\/\/da-resin-art.com\/wp-content\/uploads\/2025\/03\/zegary-da-resin-art-brazowy-marmur-1-40-cm-6-576x1024.jpg 576w, https:\/\/da-resin-art.com\/wp-content\/uploads\/2025\/03\/zegary-da-resin-art-brazowy-marmur-1-40-cm-6-169x300.jpg 169w, https:\/\/da-resin-art.com\/wp-content\/uploads\/2025\/03\/zegary-da-resin-art-brazowy-marmur-1-40-cm-6-768x1365.jpg 768w, https:\/\/da-resin-art.com\/wp-content\/uploads\/2025\/03\/zegary-da-resin-art-brazowy-marmur-1-40-cm-6-600x1067.jpg 600w, https:\/\/da-resin-art.com\/wp-content\/uploads\/2025\/03\/zegary-da-resin-art-brazowy-marmur-1-40-cm-6.jpg 800w\" sizes=\"(max-width: 576px) 100vw, 576px\" \/>\t\t\t\t\t\t\t\t\t\t\t\t\t\t\t<\/div>\n\t\t\t\t<\/div>\n\t\t\t\t\t<\/div>\n\t\t<\/div>\n\t\t\t\t\t<\/div>\n\t\t<\/section>\n\t\t\t\t<\/div>\n\t\t","protected":false},"excerpt":{"rendered":"<p data-start=\"0\" data-end=\"140\">40 cm. <strong>Zegar \u015bcienny &#171;Br\u0105zowy marmur&#187;<\/strong> &#8212; wz\u00f3r wykonany z \u017cywicy epoksydowej: na bia\u0142ym tle br\u0105zowe wzory marmuru z dodatkiem kamienia naturalnego: hematyt i tygrysie oko. Cichy mechanizm zegara.<\/p>\n<ul data-start=\"142\" data-end=\"704\" data-is-last-node=\"\">\n<li data-start=\"142\" data-end=\"271\">Zegar \u015bcienny <strong data-start=\"106\" data-end=\"126\">&#171;Br\u0105zowy marmur&#187;<\/strong> to wyj\u0105tkowe po\u0142\u0105czenie subtelnej elegancji i naturalnych minera\u0142\u00f3w, wykonane z \u017cywicy epoksydowej.<\/li>\n<li data-start=\"142\" data-end=\"271\">Na <strong data-start=\"232\" data-end=\"246\">bia\u0142ym tle<\/strong> rozci\u0105gaj\u0105 si\u0119 <strong data-start=\"262\" data-end=\"287\">br\u0105zowe wzory marmuru<\/strong>, tworz\u0105c efekt luksusowego kamienia.<\/li>\n<li data-start=\"142\" data-end=\"271\">Dodatki w postaci <strong data-start=\"345\" data-end=\"357\">hematytu<\/strong> i <strong data-start=\"360\" data-end=\"378\">tygrysiego oka<\/strong> dodaj\u0105 zegarowi g\u0142\u0119bi oraz energetycznego charakteru.<\/li>\n<li data-start=\"142\" data-end=\"271\">Cichy mechanizm zapewnia komfort u\u017cytkowania, dzi\u0119ki czemu zegar doskonale wpasuje si\u0119 w ka\u017cde wn\u0119trze.<\/li>\n<li data-start=\"142\" data-end=\"271\"><strong data-start=\"541\" data-end=\"561\">&#171;Br\u0105zowy marmur&#187;<\/strong> to wi\u0119cej ni\u017c zegar \u2013 to stylowy akcent, kt\u00f3ry podkre\u015bli elegancj\u0119 i naturalne pi\u0119kno Twojego domu.<\/li>\n<\/ul>\n","protected":false},"featured_media":1567,"template":"","meta":{"_acf_changed":false,"_kadence_starter_templates_imported_post":false,"_kad_post_transparent":"default","_kad_post_title":"","_kad_post_layout":"default","_kad_post_sidebar_id":"","_kad_post_content_style":"default","_kad_post_vertical_padding":"default","_kad_post_feature":"","_kad_post_feature_position":"","_kad_post_header":false,"_kad_post_footer":false},"product_brand":[],"product_cat":[18],"product_tag":[38,29],"class_list":{"0":"post-1566","1":"product","2":"type-product","3":"status-publish","4":"has-post-thumbnail","6":"product_cat-galeria","7":"product_tag-sprzedany","8":"product_tag-wszystko","10":"first","11":"outofstock","12":"shipping-taxable","13":"purchasable","14":"product-type-simple","15":"entry","16":"content-bg","17":"loop-entry"},"acf":[],"_links":{"self":[{"href":"https:\/\/da-resin-art.com\/ru\/wp-json\/wp\/v2\/product\/1566","targetHints":{"allow":["GET"]}}],"collection":[{"href":"https:\/\/da-resin-art.com\/ru\/wp-json\/wp\/v2\/product"}],"about":[{"href":"https:\/\/da-resin-art.com\/ru\/wp-json\/wp\/v2\/types\/product"}],"version-history":[{"count":9,"href":"https:\/\/da-resin-art.com\/ru\/wp-json\/wp\/v2\/product\/1566\/revisions"}],"predecessor-version":[{"id":4241,"href":"https:\/\/da-resin-art.com\/ru\/wp-json\/wp\/v2\/product\/1566\/revisions\/4241"}],"wp:featuredmedia":[{"embeddable":true,"href":"https:\/\/da-resin-art.com\/ru\/wp-json\/wp\/v2\/media\/1567"}],"wp:attachment":[{"href":"https:\/\/da-resin-art.com\/ru\/wp-json\/wp\/v2\/media?parent=1566"}],"wp:term":[{"taxonomy":"product_brand","embeddable":true,"href":"https:\/\/da-resin-art.com\/ru\/wp-json\/wp\/v2\/product_brand?post=1566"},{"taxonomy":"product_cat","embeddable":true,"href":"https:\/\/da-resin-art.com\/ru\/wp-json\/wp\/v2\/product_cat?post=1566"},{"taxonomy":"product_tag","embeddable":true,"href":"https:\/\/da-resin-art.com\/ru\/wp-json\/wp\/v2\/product_tag?post=1566"}],"curies":[{"name":"wp","href":"https:\/\/api.w.org\/{rel}","templated":true}]}}