{"id":1925,"date":"2025-05-09T20:51:06","date_gmt":"2025-05-09T18:51:06","guid":{"rendered":"https:\/\/da-resin-art.com\/?post_type=product&#038;p=1925"},"modified":"2026-02-10T19:01:49","modified_gmt":"2026-02-10T18:01:49","slug":"zegar-scienny-rozowy-kwarc-1","status":"publish","type":"product","link":"https:\/\/da-resin-art.com\/ru\/produkt\/zegar-scienny-rozowy-kwarc-1\/","title":{"rendered":"Zegar \u015bcienny 40 cm &#171;R\u00f3\u017cowy kwarc&#187;"},"content":{"rendered":"\t\t<div data-elementor-type=\"product-post\" data-elementor-id=\"1925\" class=\"elementor elementor-1925\" data-elementor-post-type=\"product\">\n\t\t\t\t\t\t<section class=\"elementor-section elementor-top-section elementor-element elementor-element-1c05077 elementor-section-boxed elementor-section-height-default elementor-section-height-default\" data-id=\"1c05077\" data-element_type=\"section\">\n\t\t\t\t\t\t<div class=\"elementor-container elementor-column-gap-default\">\n\t\t\t\t\t<div class=\"elementor-column elementor-col-100 elementor-top-column elementor-element elementor-element-18dc669\" data-id=\"18dc669\" data-element_type=\"column\">\n\t\t\t<div class=\"elementor-widget-wrap elementor-element-populated\">\n\t\t\t\t\t\t<div class=\"elementor-element elementor-element-0aadb0f elementor-widget elementor-widget-image\" data-id=\"0aadb0f\" data-element_type=\"widget\" data-widget_type=\"image.default\">\n\t\t\t\t<div class=\"elementor-widget-container\">\n\t\t\t\t\t\t\t\t\t\t\t\t\t\t\t<img fetchpriority=\"high\" decoding=\"async\" width=\"1024\" height=\"576\" src=\"https:\/\/da-resin-art.com\/wp-content\/uploads\/2025\/05\/zegary-da-resinart-rozowy-kwarc-40-cm-1-1024x576.jpg\" class=\"attachment-large size-large wp-image-1930\" alt=\"zegar \u015bcienny z \u017cywicy r\u00f3\u017cowy na prezent\" srcset=\"https:\/\/da-resin-art.com\/wp-content\/uploads\/2025\/05\/zegary-da-resinart-rozowy-kwarc-40-cm-1-1024x576.jpg 1024w, https:\/\/da-resin-art.com\/wp-content\/uploads\/2025\/05\/zegary-da-resinart-rozowy-kwarc-40-cm-1-300x169.jpg 300w, https:\/\/da-resin-art.com\/wp-content\/uploads\/2025\/05\/zegary-da-resinart-rozowy-kwarc-40-cm-1-768x432.jpg 768w, https:\/\/da-resin-art.com\/wp-content\/uploads\/2025\/05\/zegary-da-resinart-rozowy-kwarc-40-cm-1-600x338.jpg 600w, https:\/\/da-resin-art.com\/wp-content\/uploads\/2025\/05\/zegary-da-resinart-rozowy-kwarc-40-cm-1.jpg 1500w\" sizes=\"(max-width: 1024px) 100vw, 1024px\" \/>\t\t\t\t\t\t\t\t\t\t\t\t\t\t\t<\/div>\n\t\t\t\t<\/div>\n\t\t\t\t\t<\/div>\n\t\t<\/div>\n\t\t\t\t\t<\/div>\n\t\t<\/section>\n\t\t\t\t<section class=\"elementor-section elementor-top-section elementor-element elementor-element-4e326855 elementor-section-boxed elementor-section-height-default elementor-section-height-default\" data-id=\"4e326855\" data-element_type=\"section\">\n\t\t\t\t\t\t<div class=\"elementor-container elementor-column-gap-default\">\n\t\t\t\t\t<div class=\"elementor-column elementor-col-100 elementor-top-column elementor-element elementor-element-42c485c1\" data-id=\"42c485c1\" data-element_type=\"column\">\n\t\t\t<div class=\"elementor-widget-wrap elementor-element-populated\">\n\t\t\t\t\t\t<div class=\"elementor-element elementor-element-67d3cb9 elementor-widget elementor-widget-text-editor\" data-id=\"67d3cb9\" data-element_type=\"widget\" data-widget_type=\"text-editor.default\">\n\t\t\t\t<div class=\"elementor-widget-container\">\n\t\t\t\t\t\t\t\t\t<p>\ud83d\udda4Baza &#8212; MDF.<\/p><p>\ud83d\udda4 Zegar \u015bcienny\u00a0<span style=\"background-color: transparent;\">\u00a0<\/span><strong style=\"background-color: transparent;\" data-start=\"233\" data-end=\"251\">\u201eR\u00f3\u017cowy kwarc\u201d<\/strong>\u00a0&#8212; wz\u00f3r wykonany z \u017cywicy epoksydowej.<\/p><p>\ud83d\udda4 Srebrne rzymskie cyfry z lustrzanego plexi.<\/p><p>\ud83d\udda4 Dodatki kamienie naturalne: r\u00f3\u017cowy kwarc.<\/p><p>\ud83d\udda4 Cichy mechanizm zegara.\u00a0<\/p>\t\t\t\t\t\t\t\t<\/div>\n\t\t\t\t<\/div>\n\t\t\t\t\t<\/div>\n\t\t<\/div>\n\t\t\t\t\t<\/div>\n\t\t<\/section>\n\t\t\t\t<section class=\"elementor-section elementor-top-section elementor-element elementor-element-1705c5e elementor-section-boxed elementor-section-height-default elementor-section-height-default\" data-id=\"1705c5e\" data-element_type=\"section\">\n\t\t\t\t\t\t<div class=\"elementor-container elementor-column-gap-default\">\n\t\t\t\t\t<div class=\"elementor-column elementor-col-33 elementor-top-column elementor-element elementor-element-e345a69\" data-id=\"e345a69\" data-element_type=\"column\">\n\t\t\t<div class=\"elementor-widget-wrap elementor-element-populated\">\n\t\t\t\t\t\t<div class=\"elementor-element elementor-element-d042564 elementor-widget elementor-widget-video\" data-id=\"d042564\" data-element_type=\"widget\" data-settings=\"{&quot;youtube_url&quot;:&quot;https:\\\/\\\/youtube.com\\\/watch?v=rtrouE0fX2A?feature=share&quot;,&quot;video_type&quot;:&quot;youtube&quot;,&quot;controls&quot;:&quot;yes&quot;}\" data-widget_type=\"video.default\">\n\t\t\t\t<div class=\"elementor-widget-container\">\n\t\t\t\t\t\t\t<div class=\"elementor-wrapper elementor-open-inline\">\n\t\t\t<div class=\"elementor-video\"><\/div>\t\t<\/div>\n\t\t\t\t\t\t<\/div>\n\t\t\t\t<\/div>\n\t\t\t\t\t<\/div>\n\t\t<\/div>\n\t\t\t\t<div class=\"elementor-column elementor-col-33 elementor-top-column elementor-element elementor-element-d6da29c\" data-id=\"d6da29c\" data-element_type=\"column\">\n\t\t\t<div class=\"elementor-widget-wrap elementor-element-populated\">\n\t\t\t\t\t\t<div class=\"elementor-element elementor-element-65de88c elementor-widget elementor-widget-image\" data-id=\"65de88c\" data-element_type=\"widget\" data-widget_type=\"image.default\">\n\t\t\t\t<div class=\"elementor-widget-container\">\n\t\t\t\t\t\t\t\t\t\t\t\t\t\t\t<img decoding=\"async\" width=\"576\" height=\"1024\" src=\"https:\/\/da-resin-art.com\/wp-content\/uploads\/2025\/05\/zegary-da-resinart-rozowy-kwarc-40-cm-3-576x1024.jpg\" class=\"attachment-large size-large wp-image-1934\" alt=\"zegar \u015bcienny z \u017cywicy r\u00f3\u017cowy na prezent\" srcset=\"https:\/\/da-resin-art.com\/wp-content\/uploads\/2025\/05\/zegary-da-resinart-rozowy-kwarc-40-cm-3-576x1024.jpg 576w, https:\/\/da-resin-art.com\/wp-content\/uploads\/2025\/05\/zegary-da-resinart-rozowy-kwarc-40-cm-3-169x300.jpg 169w, https:\/\/da-resin-art.com\/wp-content\/uploads\/2025\/05\/zegary-da-resinart-rozowy-kwarc-40-cm-3-768x1365.jpg 768w, https:\/\/da-resin-art.com\/wp-content\/uploads\/2025\/05\/zegary-da-resinart-rozowy-kwarc-40-cm-3-600x1066.jpg 600w, https:\/\/da-resin-art.com\/wp-content\/uploads\/2025\/05\/zegary-da-resinart-rozowy-kwarc-40-cm-3.jpg 844w\" sizes=\"(max-width: 576px) 100vw, 576px\" \/>\t\t\t\t\t\t\t\t\t\t\t\t\t\t\t<\/div>\n\t\t\t\t<\/div>\n\t\t\t\t\t<\/div>\n\t\t<\/div>\n\t\t\t\t<div class=\"elementor-column elementor-col-33 elementor-top-column elementor-element elementor-element-f8aab89\" data-id=\"f8aab89\" data-element_type=\"column\">\n\t\t\t<div class=\"elementor-widget-wrap elementor-element-populated\">\n\t\t\t\t\t\t<div class=\"elementor-element elementor-element-d89be88 elementor-widget elementor-widget-image\" data-id=\"d89be88\" data-element_type=\"widget\" data-widget_type=\"image.default\">\n\t\t\t\t<div class=\"elementor-widget-container\">\n\t\t\t\t\t\t\t\t\t\t\t\t\t\t\t<img decoding=\"async\" width=\"575\" height=\"1024\" src=\"https:\/\/da-resin-art.com\/wp-content\/uploads\/2025\/05\/zegary-da-resinart-rozowy-kwarc-40-cm-7-575x1024.jpg\" class=\"attachment-large size-large wp-image-1937\" alt=\"\" srcset=\"https:\/\/da-resin-art.com\/wp-content\/uploads\/2025\/05\/zegary-da-resinart-rozowy-kwarc-40-cm-7-575x1024.jpg 575w, https:\/\/da-resin-art.com\/wp-content\/uploads\/2025\/05\/zegary-da-resinart-rozowy-kwarc-40-cm-7-169x300.jpg 169w, https:\/\/da-resin-art.com\/wp-content\/uploads\/2025\/05\/zegary-da-resinart-rozowy-kwarc-40-cm-7-768x1367.jpg 768w, https:\/\/da-resin-art.com\/wp-content\/uploads\/2025\/05\/zegary-da-resinart-rozowy-kwarc-40-cm-7-600x1068.jpg 600w, https:\/\/da-resin-art.com\/wp-content\/uploads\/2025\/05\/zegary-da-resinart-rozowy-kwarc-40-cm-7.jpg 843w\" sizes=\"(max-width: 575px) 100vw, 575px\" \/>\t\t\t\t\t\t\t\t\t\t\t\t\t\t\t<\/div>\n\t\t\t\t<\/div>\n\t\t\t\t\t<\/div>\n\t\t<\/div>\n\t\t\t\t\t<\/div>\n\t\t<\/section>\n\t\t\t\t<section class=\"elementor-section elementor-top-section elementor-element elementor-element-de9aa7f elementor-section-boxed elementor-section-height-default elementor-section-height-default\" data-id=\"de9aa7f\" data-element_type=\"section\">\n\t\t\t\t\t\t<div class=\"elementor-container elementor-column-gap-default\">\n\t\t\t\t\t<div class=\"elementor-column elementor-col-100 elementor-top-column elementor-element elementor-element-a0b9f94\" data-id=\"a0b9f94\" data-element_type=\"column\">\n\t\t\t<div class=\"elementor-widget-wrap elementor-element-populated\">\n\t\t\t\t\t\t<div class=\"elementor-element elementor-element-68b2ab8 elementor-widget elementor-widget-text-editor\" data-id=\"68b2ab8\" data-element_type=\"widget\" data-widget_type=\"text-editor.default\">\n\t\t\t\t<div class=\"elementor-widget-container\">\n\t\t\t\t\t\t\t\t\t<h3 class=\"\" data-start=\"0\" data-end=\"36\"><strong data-start=\"4\" data-end=\"36\">Zegar \u015bcienny \u201eR\u00f3\u017cowy Kwarc\u201d<\/strong><\/h3><p class=\"\" data-start=\"38\" data-end=\"232\">Uroczy i elegancki \u2014 ten zegar to jak geoda, kt\u00f3ra przesz\u0142a przez r\u00f3\u017cow\u0105 chmurk\u0119 mi\u0142o\u015bci. Wykonany z \u017cywicy epoksydowej, zachwyca subtelnym marmurkowym wzorem w odcieniach jasnego r\u00f3\u017cu i bieli.<\/p><p class=\"\" data-start=\"234\" data-end=\"509\">Lustrzane <strong data-start=\"244\" data-end=\"270\">srebrne rzymskie cyfry<\/strong> i smuk\u0142e wskaz\u00f3wki wykonane z tego samego materia\u0142u dodaj\u0105 mu lekko futurystycznego sznytu. Dope\u0142nieniem ca\u0142o\u015bci s\u0105 naturalne drobinki <strong data-start=\"406\" data-end=\"425\">r\u00f3\u017cowego kwarcu<\/strong>, kt\u00f3re nie tylko b\u0142yszcz\u0105, ale te\u017c \u2014 wed\u0142ug legend \u2014 przynosz\u0105 mi\u0142o\u015b\u0107 i harmoni\u0119.<\/p><p class=\"\" data-start=\"511\" data-end=\"654\">\u015arednica: 40 cm. Cichy mechanizm w zestawie, wi\u0119c ty s\u0142yszysz cisz\u0119, a on \u2014 czas.<br data-start=\"592\" data-end=\"595\" \/>Ten zegar nie m\u00f3wi \u201etik-tak\u201d. On szepcze: \u201ejest pi\u0119knie\u201d.<\/p>\t\t\t\t\t\t\t\t<\/div>\n\t\t\t\t<\/div>\n\t\t\t\t\t<\/div>\n\t\t<\/div>\n\t\t\t\t\t<\/div>\n\t\t<\/section>\n\t\t\t\t<section class=\"elementor-section elementor-top-section elementor-element elementor-element-e6cc6e8 elementor-section-boxed elementor-section-height-default elementor-section-height-default\" data-id=\"e6cc6e8\" data-element_type=\"section\">\n\t\t\t\t\t\t<div class=\"elementor-container elementor-column-gap-default\">\n\t\t\t\t\t<div class=\"elementor-column elementor-col-33 elementor-top-column elementor-element elementor-element-ca6c748\" data-id=\"ca6c748\" data-element_type=\"column\">\n\t\t\t<div class=\"elementor-widget-wrap elementor-element-populated\">\n\t\t\t\t\t\t<div class=\"elementor-element elementor-element-f8a13bc elementor-widget elementor-widget-image\" data-id=\"f8a13bc\" data-element_type=\"widget\" data-widget_type=\"image.default\">\n\t\t\t\t<div class=\"elementor-widget-container\">\n\t\t\t\t\t\t\t\t\t\t\t\t\t\t\t<img loading=\"lazy\" decoding=\"async\" width=\"576\" height=\"1024\" src=\"https:\/\/da-resin-art.com\/wp-content\/uploads\/2025\/05\/zegary-da-resinart-rozowy-kwarc-40-cm-6-576x1024.jpg\" class=\"attachment-large size-large wp-image-1949\" alt=\"\" srcset=\"https:\/\/da-resin-art.com\/wp-content\/uploads\/2025\/05\/zegary-da-resinart-rozowy-kwarc-40-cm-6-576x1024.jpg 576w, https:\/\/da-resin-art.com\/wp-content\/uploads\/2025\/05\/zegary-da-resinart-rozowy-kwarc-40-cm-6-169x300.jpg 169w, https:\/\/da-resin-art.com\/wp-content\/uploads\/2025\/05\/zegary-da-resinart-rozowy-kwarc-40-cm-6-768x1365.jpg 768w, https:\/\/da-resin-art.com\/wp-content\/uploads\/2025\/05\/zegary-da-resinart-rozowy-kwarc-40-cm-6-600x1066.jpg 600w, https:\/\/da-resin-art.com\/wp-content\/uploads\/2025\/05\/zegary-da-resinart-rozowy-kwarc-40-cm-6.jpg 844w\" sizes=\"(max-width: 576px) 100vw, 576px\" \/>\t\t\t\t\t\t\t\t\t\t\t\t\t\t\t<\/div>\n\t\t\t\t<\/div>\n\t\t\t\t\t<\/div>\n\t\t<\/div>\n\t\t\t\t<div class=\"elementor-column elementor-col-33 elementor-top-column elementor-element elementor-element-2d77b49\" data-id=\"2d77b49\" data-element_type=\"column\">\n\t\t\t<div class=\"elementor-widget-wrap elementor-element-populated\">\n\t\t\t\t\t\t<div class=\"elementor-element elementor-element-ebc2c3f elementor-widget elementor-widget-image\" data-id=\"ebc2c3f\" data-element_type=\"widget\" data-widget_type=\"image.default\">\n\t\t\t\t<div class=\"elementor-widget-container\">\n\t\t\t\t\t\t\t\t\t\t\t\t\t\t\t<img loading=\"lazy\" decoding=\"async\" width=\"576\" height=\"1024\" src=\"https:\/\/da-resin-art.com\/wp-content\/uploads\/2025\/05\/zegary-da-resinart-rozowy-kwarc-40-cm-2-576x1024.jpg\" class=\"attachment-large size-large wp-image-1940\" alt=\"zegar \u015bcienny z \u017cywicy r\u00f3\u017cowy na prezent\" srcset=\"https:\/\/da-resin-art.com\/wp-content\/uploads\/2025\/05\/zegary-da-resinart-rozowy-kwarc-40-cm-2-576x1024.jpg 576w, https:\/\/da-resin-art.com\/wp-content\/uploads\/2025\/05\/zegary-da-resinart-rozowy-kwarc-40-cm-2-169x300.jpg 169w, https:\/\/da-resin-art.com\/wp-content\/uploads\/2025\/05\/zegary-da-resinart-rozowy-kwarc-40-cm-2-768x1365.jpg 768w, https:\/\/da-resin-art.com\/wp-content\/uploads\/2025\/05\/zegary-da-resinart-rozowy-kwarc-40-cm-2-600x1066.jpg 600w, https:\/\/da-resin-art.com\/wp-content\/uploads\/2025\/05\/zegary-da-resinart-rozowy-kwarc-40-cm-2.jpg 844w\" sizes=\"(max-width: 576px) 100vw, 576px\" \/>\t\t\t\t\t\t\t\t\t\t\t\t\t\t\t<\/div>\n\t\t\t\t<\/div>\n\t\t\t\t\t<\/div>\n\t\t<\/div>\n\t\t\t\t<div class=\"elementor-column elementor-col-33 elementor-top-column elementor-element elementor-element-d167be2\" data-id=\"d167be2\" data-element_type=\"column\">\n\t\t\t<div class=\"elementor-widget-wrap elementor-element-populated\">\n\t\t\t\t\t\t<div class=\"elementor-element elementor-element-f797468 elementor-widget elementor-widget-image\" data-id=\"f797468\" data-element_type=\"widget\" data-widget_type=\"image.default\">\n\t\t\t\t<div class=\"elementor-widget-container\">\n\t\t\t\t\t\t\t\t\t\t\t\t\t\t\t<img loading=\"lazy\" decoding=\"async\" width=\"576\" height=\"1024\" src=\"https:\/\/da-resin-art.com\/wp-content\/uploads\/2025\/05\/zegary-da-resinart-rozowy-kwarc-40-cm-4-576x1024.jpg\" class=\"attachment-large size-large wp-image-1943\" alt=\"zegar \u015bcienny z \u017cywicy r\u00f3\u017cowy na prezent\" srcset=\"https:\/\/da-resin-art.com\/wp-content\/uploads\/2025\/05\/zegary-da-resinart-rozowy-kwarc-40-cm-4-576x1024.jpg 576w, https:\/\/da-resin-art.com\/wp-content\/uploads\/2025\/05\/zegary-da-resinart-rozowy-kwarc-40-cm-4-169x300.jpg 169w, https:\/\/da-resin-art.com\/wp-content\/uploads\/2025\/05\/zegary-da-resinart-rozowy-kwarc-40-cm-4-768x1365.jpg 768w, https:\/\/da-resin-art.com\/wp-content\/uploads\/2025\/05\/zegary-da-resinart-rozowy-kwarc-40-cm-4-600x1066.jpg 600w, https:\/\/da-resin-art.com\/wp-content\/uploads\/2025\/05\/zegary-da-resinart-rozowy-kwarc-40-cm-4.jpg 844w\" sizes=\"(max-width: 576px) 100vw, 576px\" \/>\t\t\t\t\t\t\t\t\t\t\t\t\t\t\t<\/div>\n\t\t\t\t<\/div>\n\t\t\t\t\t<\/div>\n\t\t<\/div>\n\t\t\t\t\t<\/div>\n\t\t<\/section>\n\t\t\t\t<\/div>\n\t\t","protected":false},"excerpt":{"rendered":"<p data-start=\"0\" data-end=\"217\">Zegar \u015bcienny <strong data-start=\"233\" data-end=\"251\">\u201eR\u00f3\u017cowy kwarc\u201d<\/strong><\/p>\n<p class=\"\" data-start=\"0\" data-end=\"217\">\u2705\ufe0f <strong data-start=\"3\" data-end=\"16\">\u015arednica:<\/strong> 40 cm<br data-start=\"18\" data-end=\"21\" \/>\u2705\ufe0f <strong data-start=\"24\" data-end=\"50\">Cichy mechanizm zegara<\/strong><br data-start=\"50\" data-end=\"53\" \/>\u2705\ufe0f <strong data-start=\"56\" data-end=\"108\">Delikatna r\u00f3\u017cowa paleta barw z dodatkiem srebrnych akcent\u00f3w<\/strong><br data-start=\"108\" data-end=\"111\" \/>\u2705\ufe0f <strong data-start=\"114\" data-end=\"172\">Srebrne rzymskie cyfry z lustrzanego plexi<\/strong><br data-start=\"172\" data-end=\"175\" \/>\u2705\ufe0f <strong data-start=\"178\" data-end=\"212\">Naturalny kamie\u0144: r\u00f3\u017cowy kwarc<\/strong> \ud83d\udc8e<\/p>\n<p class=\"\" data-start=\"219\" data-end=\"535\">Zegar \u015bcienny <strong data-start=\"233\" data-end=\"251\">\u201eR\u00f3\u017cowy kwarc\u201d<\/strong> to po\u0142\u0105czenie subtelno\u015bci i szlachetno\u015bci, wykonany z \u017cywicy epoksydowej.<br data-start=\"325\" data-end=\"328\" \/>Elegancki akcent z <strong data-start=\"347\" data-end=\"366\">r\u00f3\u017cowym kwarcem<\/strong> przyci\u0105ga spojrzenia i wnosi do wn\u0119trza spokojn\u0105, koj\u0105c\u0105 energi\u0119.<br data-start=\"432\" data-end=\"435\" \/><strong data-start=\"435\" data-end=\"454\">Cichy mechanizm<\/strong> zapewnia komfort u\u017cytkowania, a <strong data-start=\"487\" data-end=\"505\">srebrne detale<\/strong> dodaj\u0105 nowoczesnego blasku.<\/p>\n<p class=\"\" data-start=\"537\" data-end=\"598\">Idealny do wn\u0119trz, kt\u00f3re kochaj\u0105 pi\u0119kno w delikatnym wydaniu.<\/p>\n","protected":false},"featured_media":1926,"template":"","meta":{"_acf_changed":false,"_kadence_starter_templates_imported_post":false,"_kad_post_transparent":"default","_kad_post_title":"","_kad_post_layout":"default","_kad_post_sidebar_id":"","_kad_post_content_style":"default","_kad_post_vertical_padding":"default","_kad_post_feature":"","_kad_post_feature_position":"","_kad_post_header":false,"_kad_post_footer":false},"product_brand":[],"product_cat":[18],"product_tag":[38,29],"class_list":{"0":"post-1925","1":"product","2":"type-product","3":"status-publish","4":"has-post-thumbnail","6":"product_cat-galeria","7":"product_tag-sprzedany","8":"product_tag-wszystko","10":"first","11":"outofstock","12":"shipping-taxable","13":"purchasable","14":"product-type-simple","15":"entry","16":"content-bg","17":"loop-entry"},"acf":[],"_links":{"self":[{"href":"https:\/\/da-resin-art.com\/ru\/wp-json\/wp\/v2\/product\/1925","targetHints":{"allow":["GET"]}}],"collection":[{"href":"https:\/\/da-resin-art.com\/ru\/wp-json\/wp\/v2\/product"}],"about":[{"href":"https:\/\/da-resin-art.com\/ru\/wp-json\/wp\/v2\/types\/product"}],"version-history":[{"count":5,"href":"https:\/\/da-resin-art.com\/ru\/wp-json\/wp\/v2\/product\/1925\/revisions"}],"predecessor-version":[{"id":4237,"href":"https:\/\/da-resin-art.com\/ru\/wp-json\/wp\/v2\/product\/1925\/revisions\/4237"}],"wp:featuredmedia":[{"embeddable":true,"href":"https:\/\/da-resin-art.com\/ru\/wp-json\/wp\/v2\/media\/1926"}],"wp:attachment":[{"href":"https:\/\/da-resin-art.com\/ru\/wp-json\/wp\/v2\/media?parent=1925"}],"wp:term":[{"taxonomy":"product_brand","embeddable":true,"href":"https:\/\/da-resin-art.com\/ru\/wp-json\/wp\/v2\/product_brand?post=1925"},{"taxonomy":"product_cat","embeddable":true,"href":"https:\/\/da-resin-art.com\/ru\/wp-json\/wp\/v2\/product_cat?post=1925"},{"taxonomy":"product_tag","embeddable":true,"href":"https:\/\/da-resin-art.com\/ru\/wp-json\/wp\/v2\/product_tag?post=1925"}],"curies":[{"name":"wp","href":"https:\/\/api.w.org\/{rel}","templated":true}]}}