{"id":2177,"date":"2025-06-23T20:31:59","date_gmt":"2025-06-23T18:31:59","guid":{"rendered":"https:\/\/da-resin-art.com\/?post_type=product&#038;p=2177"},"modified":"2026-02-10T18:59:40","modified_gmt":"2026-02-10T17:59:40","slug":"zegar-scienny-zloty-srebrny-marmur-na-czarnym","status":"publish","type":"product","link":"https:\/\/da-resin-art.com\/ru\/produkt\/zegar-scienny-zloty-srebrny-marmur-na-czarnym\/","title":{"rendered":"Zegar \u015bcienny 40 cm &#171;Z\u0142oto-srebrny marmur na czarnym&#187;"},"content":{"rendered":"\t\t<div data-elementor-type=\"product-post\" data-elementor-id=\"2177\" class=\"elementor elementor-2177\" data-elementor-post-type=\"product\">\n\t\t\t\t\t\t<section class=\"elementor-section elementor-top-section elementor-element elementor-element-1c05077 elementor-section-boxed elementor-section-height-default elementor-section-height-default\" data-id=\"1c05077\" data-element_type=\"section\">\n\t\t\t\t\t\t<div class=\"elementor-container elementor-column-gap-default\">\n\t\t\t\t\t<div class=\"elementor-column elementor-col-100 elementor-top-column elementor-element elementor-element-18dc669\" data-id=\"18dc669\" data-element_type=\"column\">\n\t\t\t<div class=\"elementor-widget-wrap elementor-element-populated\">\n\t\t\t\t\t\t<div class=\"elementor-element elementor-element-0aadb0f elementor-widget elementor-widget-image\" data-id=\"0aadb0f\" data-element_type=\"widget\" data-widget_type=\"image.default\">\n\t\t\t\t<div class=\"elementor-widget-container\">\n\t\t\t\t\t\t\t\t\t\t\t\t\t\t\t<img fetchpriority=\"high\" decoding=\"async\" width=\"1000\" height=\"563\" src=\"https:\/\/da-resin-art.com\/wp-content\/uploads\/2025\/06\/zegary-da-resin-art-czarno-srebrno-zloty-40-cm-3-rotated.jpg\" class=\"attachment-large size-large wp-image-2181\" alt=\"Zegar z \u017cywicy da resin art czarno z\u0142oty marmur 40 cm\" srcset=\"https:\/\/da-resin-art.com\/wp-content\/uploads\/2025\/06\/zegary-da-resin-art-czarno-srebrno-zloty-40-cm-3-rotated.jpg 1000w, https:\/\/da-resin-art.com\/wp-content\/uploads\/2025\/06\/zegary-da-resin-art-czarno-srebrno-zloty-40-cm-3-300x169.jpg 300w, https:\/\/da-resin-art.com\/wp-content\/uploads\/2025\/06\/zegary-da-resin-art-czarno-srebrno-zloty-40-cm-3-768x432.jpg 768w, https:\/\/da-resin-art.com\/wp-content\/uploads\/2025\/06\/zegary-da-resin-art-czarno-srebrno-zloty-40-cm-3-600x338.jpg 600w\" sizes=\"(max-width: 1000px) 100vw, 1000px\" \/>\t\t\t\t\t\t\t\t\t\t\t\t\t\t\t<\/div>\n\t\t\t\t<\/div>\n\t\t\t\t\t<\/div>\n\t\t<\/div>\n\t\t\t\t\t<\/div>\n\t\t<\/section>\n\t\t\t\t<section class=\"elementor-section elementor-top-section elementor-element elementor-element-4e326855 elementor-section-boxed elementor-section-height-default elementor-section-height-default\" data-id=\"4e326855\" data-element_type=\"section\">\n\t\t\t\t\t\t<div class=\"elementor-container elementor-column-gap-default\">\n\t\t\t\t\t<div class=\"elementor-column elementor-col-100 elementor-top-column elementor-element elementor-element-42c485c1\" data-id=\"42c485c1\" data-element_type=\"column\">\n\t\t\t<div class=\"elementor-widget-wrap elementor-element-populated\">\n\t\t\t\t\t\t<div class=\"elementor-element elementor-element-67d3cb9 elementor-widget elementor-widget-text-editor\" data-id=\"67d3cb9\" data-element_type=\"widget\" data-widget_type=\"text-editor.default\">\n\t\t\t\t<div class=\"elementor-widget-container\">\n\t\t\t\t\t\t\t\t\t<p>\ud83d\udda4 \u015arednica 40 cm.<\/p><p>\ud83d\udda4Baza &#8212; MDF.<\/p><p>\ud83d\udda4 Zegar \u015bcienny wz\u00f3r wykonany z \u017cywicy epoksydowej.<\/p><p>\ud83d\udda4 Dodatki: kruszone szk\u0142o i kryszta\u0142y g\u00f3rskie.<\/p><p>\ud83d\udda4 Cichy mechanizm zegara.\u00a0<\/p>\t\t\t\t\t\t\t\t<\/div>\n\t\t\t\t<\/div>\n\t\t\t\t\t<\/div>\n\t\t<\/div>\n\t\t\t\t\t<\/div>\n\t\t<\/section>\n\t\t\t\t<section class=\"elementor-section elementor-top-section elementor-element elementor-element-1705c5e elementor-section-boxed elementor-section-height-default elementor-section-height-default\" data-id=\"1705c5e\" data-element_type=\"section\">\n\t\t\t\t\t\t<div class=\"elementor-container elementor-column-gap-default\">\n\t\t\t\t\t<div class=\"elementor-column elementor-col-33 elementor-top-column elementor-element elementor-element-e345a69\" data-id=\"e345a69\" data-element_type=\"column\">\n\t\t\t<div class=\"elementor-widget-wrap elementor-element-populated\">\n\t\t\t\t\t\t<div class=\"elementor-element elementor-element-d042564 elementor-widget elementor-widget-video\" data-id=\"d042564\" data-element_type=\"widget\" data-settings=\"{&quot;youtube_url&quot;:&quot;https:\\\/\\\/youtube.com\\\/watch?v=XBVykL57wwg?feature=share&quot;,&quot;video_type&quot;:&quot;youtube&quot;,&quot;controls&quot;:&quot;yes&quot;}\" data-widget_type=\"video.default\">\n\t\t\t\t<div class=\"elementor-widget-container\">\n\t\t\t\t\t\t\t<div class=\"elementor-wrapper elementor-open-inline\">\n\t\t\t<div class=\"elementor-video\"><\/div>\t\t<\/div>\n\t\t\t\t\t\t<\/div>\n\t\t\t\t<\/div>\n\t\t\t\t\t<\/div>\n\t\t<\/div>\n\t\t\t\t<div class=\"elementor-column elementor-col-33 elementor-top-column elementor-element elementor-element-d6da29c\" data-id=\"d6da29c\" data-element_type=\"column\">\n\t\t\t<div class=\"elementor-widget-wrap elementor-element-populated\">\n\t\t\t\t\t\t<div class=\"elementor-element elementor-element-65de88c elementor-widget elementor-widget-image\" data-id=\"65de88c\" data-element_type=\"widget\" data-widget_type=\"image.default\">\n\t\t\t\t<div class=\"elementor-widget-container\">\n\t\t\t\t\t\t\t\t\t\t\t\t\t\t\t<img decoding=\"async\" width=\"563\" height=\"1000\" src=\"https:\/\/da-resin-art.com\/wp-content\/uploads\/2025\/06\/zegary-da-resin-art-czarno-srebrno-zloty-40-cm-1.jpg\" class=\"attachment-large size-large wp-image-2184\" alt=\"\" srcset=\"https:\/\/da-resin-art.com\/wp-content\/uploads\/2025\/06\/zegary-da-resin-art-czarno-srebrno-zloty-40-cm-1.jpg 563w, https:\/\/da-resin-art.com\/wp-content\/uploads\/2025\/06\/zegary-da-resin-art-czarno-srebrno-zloty-40-cm-1-169x300.jpg 169w\" sizes=\"(max-width: 563px) 100vw, 563px\" \/>\t\t\t\t\t\t\t\t\t\t\t\t\t\t\t<\/div>\n\t\t\t\t<\/div>\n\t\t\t\t\t<\/div>\n\t\t<\/div>\n\t\t\t\t<div class=\"elementor-column elementor-col-33 elementor-top-column elementor-element elementor-element-f8aab89\" data-id=\"f8aab89\" data-element_type=\"column\">\n\t\t\t<div class=\"elementor-widget-wrap elementor-element-populated\">\n\t\t\t\t\t\t<div class=\"elementor-element elementor-element-d89be88 elementor-widget elementor-widget-image\" data-id=\"d89be88\" data-element_type=\"widget\" data-widget_type=\"image.default\">\n\t\t\t\t<div class=\"elementor-widget-container\">\n\t\t\t\t\t\t\t\t\t\t\t\t\t\t\t<img decoding=\"async\" width=\"563\" height=\"1000\" src=\"https:\/\/da-resin-art.com\/wp-content\/uploads\/2025\/06\/zegary-da-resin-art-czarno-srebrno-zloty-40-cm-2.jpg\" class=\"attachment-large size-large wp-image-2187\" alt=\"Zegar z \u017cywicy da resin art czarno z\u0142oty marmur 40 cm\" srcset=\"https:\/\/da-resin-art.com\/wp-content\/uploads\/2025\/06\/zegary-da-resin-art-czarno-srebrno-zloty-40-cm-2.jpg 563w, https:\/\/da-resin-art.com\/wp-content\/uploads\/2025\/06\/zegary-da-resin-art-czarno-srebrno-zloty-40-cm-2-169x300.jpg 169w\" sizes=\"(max-width: 563px) 100vw, 563px\" \/>\t\t\t\t\t\t\t\t\t\t\t\t\t\t\t<\/div>\n\t\t\t\t<\/div>\n\t\t\t\t\t<\/div>\n\t\t<\/div>\n\t\t\t\t\t<\/div>\n\t\t<\/section>\n\t\t\t\t<section class=\"elementor-section elementor-top-section elementor-element elementor-element-de9aa7f elementor-section-boxed elementor-section-height-default elementor-section-height-default\" data-id=\"de9aa7f\" data-element_type=\"section\">\n\t\t\t\t\t\t<div class=\"elementor-container elementor-column-gap-default\">\n\t\t\t\t\t<div class=\"elementor-column elementor-col-100 elementor-top-column elementor-element elementor-element-a0b9f94\" data-id=\"a0b9f94\" data-element_type=\"column\">\n\t\t\t<div class=\"elementor-widget-wrap elementor-element-populated\">\n\t\t\t\t\t\t<div class=\"elementor-element elementor-element-68b2ab8 elementor-widget elementor-widget-text-editor\" data-id=\"68b2ab8\" data-element_type=\"widget\" data-widget_type=\"text-editor.default\">\n\t\t\t\t<div class=\"elementor-widget-container\">\n\t\t\t\t\t\t\t\t\t<h3 data-start=\"0\" data-end=\"74\">Zegar \u015bcienny \u2013 luksus w ka\u017cdym detalu<\/h3><p data-start=\"76\" data-end=\"345\">Elegancki, 40-centymetrowy zegar \u015bcienny\u00a0to po\u0142\u0105czenie nowoczesnego wzornictwa i klasycznej estetyki. Wykonany z \u017cywicy epoksydowej, zachwyca <strong data-start=\"248\" data-end=\"267\">g\u0142\u0119bok\u0105 czerni\u0105<\/strong>, przeplatan\u0105 <strong data-start=\"281\" data-end=\"300\">z\u0142otymi i srebrnymi wzorami<\/strong>, kt\u00f3re nadaj\u0105 mu ekskluzywnego charakteru.<\/p><p data-start=\"347\" data-end=\"541\">Dodatki w postaci <strong data-start=\"365\" data-end=\"385\">kruszonego szk\u0142a<\/strong> i <strong data-start=\"388\" data-end=\"411\">kryszta\u0142\u00f3w g\u00f3rskich<\/strong> podkre\u015blaj\u0105 jego wyj\u0105tkowy blask i g\u0142\u0119bi\u0119, tworz\u0105c efektown\u0105 gr\u0119 \u015bwiat\u0142a. Cichy mechanizm gwarantuje pe\u0142en komfort u\u017cytkowania.<\/p><p data-start=\"543\" data-end=\"719\" data-is-last-node=\"\" data-is-only-node=\"\"><strong data-start=\"543\" data-end=\"572\">Z\u0142oty i srebrny marmur na czarnym zegar z \u017cywicy<\/strong>\u00a0\u2013 to prawdziwa dekoracja, kt\u00f3ra wniesie do Twojego wn\u0119trza wyrafinowan\u0105 elegancj\u0119. Pozw\u00f3l mu doda\u0107 stylu Twojej przestrzeni!<\/p>\t\t\t\t\t\t\t\t<\/div>\n\t\t\t\t<\/div>\n\t\t\t\t\t<\/div>\n\t\t<\/div>\n\t\t\t\t\t<\/div>\n\t\t<\/section>\n\t\t\t\t<section class=\"elementor-section elementor-top-section elementor-element elementor-element-e6cc6e8 elementor-section-boxed elementor-section-height-default elementor-section-height-default\" data-id=\"e6cc6e8\" data-element_type=\"section\">\n\t\t\t\t\t\t<div class=\"elementor-container elementor-column-gap-default\">\n\t\t\t\t\t<div class=\"elementor-column elementor-col-33 elementor-top-column elementor-element elementor-element-ca6c748\" data-id=\"ca6c748\" data-element_type=\"column\">\n\t\t\t<div class=\"elementor-widget-wrap elementor-element-populated\">\n\t\t\t\t\t\t<div class=\"elementor-element elementor-element-f8a13bc elementor-widget elementor-widget-image\" data-id=\"f8a13bc\" data-element_type=\"widget\" data-widget_type=\"image.default\">\n\t\t\t\t<div class=\"elementor-widget-container\">\n\t\t\t\t\t\t\t\t\t\t\t\t\t\t\t<img loading=\"lazy\" decoding=\"async\" width=\"563\" height=\"1000\" src=\"https:\/\/da-resin-art.com\/wp-content\/uploads\/2025\/06\/zegary-da-resin-art-czarno-srebrno-zloty-40-cm-4.jpg\" class=\"attachment-large size-large wp-image-2190\" alt=\"Zegar z \u017cywicy da resin art czarno z\u0142oty marmur 40 cm\" srcset=\"https:\/\/da-resin-art.com\/wp-content\/uploads\/2025\/06\/zegary-da-resin-art-czarno-srebrno-zloty-40-cm-4.jpg 563w, https:\/\/da-resin-art.com\/wp-content\/uploads\/2025\/06\/zegary-da-resin-art-czarno-srebrno-zloty-40-cm-4-169x300.jpg 169w\" sizes=\"(max-width: 563px) 100vw, 563px\" \/>\t\t\t\t\t\t\t\t\t\t\t\t\t\t\t<\/div>\n\t\t\t\t<\/div>\n\t\t\t\t\t<\/div>\n\t\t<\/div>\n\t\t\t\t<div class=\"elementor-column elementor-col-33 elementor-top-column elementor-element elementor-element-2d77b49\" data-id=\"2d77b49\" data-element_type=\"column\">\n\t\t\t<div class=\"elementor-widget-wrap elementor-element-populated\">\n\t\t\t\t\t\t<div class=\"elementor-element elementor-element-ebc2c3f elementor-widget elementor-widget-image\" data-id=\"ebc2c3f\" data-element_type=\"widget\" data-widget_type=\"image.default\">\n\t\t\t\t<div class=\"elementor-widget-container\">\n\t\t\t\t\t\t\t\t\t\t\t\t\t\t\t<img loading=\"lazy\" decoding=\"async\" width=\"562\" height=\"1000\" src=\"https:\/\/da-resin-art.com\/wp-content\/uploads\/2025\/06\/zegary-da-resin-art-czarno-srebrno-zloty-40-cm-9.jpg\" class=\"attachment-large size-large wp-image-2193\" alt=\"Zegar z \u017cywicy da resin art czarno z\u0142oty marmur 40 cm\" srcset=\"https:\/\/da-resin-art.com\/wp-content\/uploads\/2025\/06\/zegary-da-resin-art-czarno-srebrno-zloty-40-cm-9.jpg 562w, https:\/\/da-resin-art.com\/wp-content\/uploads\/2025\/06\/zegary-da-resin-art-czarno-srebrno-zloty-40-cm-9-169x300.jpg 169w\" sizes=\"(max-width: 562px) 100vw, 562px\" \/>\t\t\t\t\t\t\t\t\t\t\t\t\t\t\t<\/div>\n\t\t\t\t<\/div>\n\t\t\t\t\t<\/div>\n\t\t<\/div>\n\t\t\t\t<div class=\"elementor-column elementor-col-33 elementor-top-column elementor-element elementor-element-d167be2\" data-id=\"d167be2\" data-element_type=\"column\">\n\t\t\t<div class=\"elementor-widget-wrap elementor-element-populated\">\n\t\t\t\t\t\t<div class=\"elementor-element elementor-element-f797468 elementor-widget elementor-widget-image\" data-id=\"f797468\" data-element_type=\"widget\" data-widget_type=\"image.default\">\n\t\t\t\t<div class=\"elementor-widget-container\">\n\t\t\t\t\t\t\t\t\t\t\t\t\t\t\t<img loading=\"lazy\" decoding=\"async\" width=\"563\" height=\"1000\" src=\"https:\/\/da-resin-art.com\/wp-content\/uploads\/2025\/06\/zegary-da-resin-art-czarno-srebrno-zloty-40-cm-5.jpg\" class=\"attachment-large size-large wp-image-2196\" alt=\"Zegar z \u017cywicy da resin art czarno z\u0142oty marmur 40 cm\" srcset=\"https:\/\/da-resin-art.com\/wp-content\/uploads\/2025\/06\/zegary-da-resin-art-czarno-srebrno-zloty-40-cm-5.jpg 563w, https:\/\/da-resin-art.com\/wp-content\/uploads\/2025\/06\/zegary-da-resin-art-czarno-srebrno-zloty-40-cm-5-169x300.jpg 169w\" sizes=\"(max-width: 563px) 100vw, 563px\" \/>\t\t\t\t\t\t\t\t\t\t\t\t\t\t\t<\/div>\n\t\t\t\t<\/div>\n\t\t\t\t\t<\/div>\n\t\t<\/div>\n\t\t\t\t\t<\/div>\n\t\t<\/section>\n\t\t\t\t<section class=\"elementor-section elementor-top-section elementor-element elementor-element-d5d4673 elementor-section-boxed elementor-section-height-default elementor-section-height-default\" data-id=\"d5d4673\" data-element_type=\"section\">\n\t\t\t\t\t\t<div class=\"elementor-container elementor-column-gap-default\">\n\t\t\t\t\t<div class=\"elementor-column elementor-col-33 elementor-top-column elementor-element elementor-element-1a8fe30\" data-id=\"1a8fe30\" data-element_type=\"column\">\n\t\t\t<div class=\"elementor-widget-wrap elementor-element-populated\">\n\t\t\t\t\t\t<div class=\"elementor-element elementor-element-f28fc87 elementor-widget elementor-widget-image\" data-id=\"f28fc87\" data-element_type=\"widget\" data-widget_type=\"image.default\">\n\t\t\t\t<div class=\"elementor-widget-container\">\n\t\t\t\t\t\t\t\t\t\t\t\t\t\t\t<img loading=\"lazy\" decoding=\"async\" width=\"563\" height=\"1000\" src=\"https:\/\/da-resin-art.com\/wp-content\/uploads\/2025\/06\/zegary-da-resin-art-czarno-srebrno-zloty-40-cm-6.jpg\" class=\"attachment-large size-large wp-image-2199\" alt=\"Zegar z \u017cywicy da resin art czarno z\u0142oty marmur 40 cm\" srcset=\"https:\/\/da-resin-art.com\/wp-content\/uploads\/2025\/06\/zegary-da-resin-art-czarno-srebrno-zloty-40-cm-6.jpg 563w, https:\/\/da-resin-art.com\/wp-content\/uploads\/2025\/06\/zegary-da-resin-art-czarno-srebrno-zloty-40-cm-6-169x300.jpg 169w\" sizes=\"(max-width: 563px) 100vw, 563px\" \/>\t\t\t\t\t\t\t\t\t\t\t\t\t\t\t<\/div>\n\t\t\t\t<\/div>\n\t\t\t\t\t<\/div>\n\t\t<\/div>\n\t\t\t\t<div class=\"elementor-column elementor-col-33 elementor-top-column elementor-element elementor-element-7cebf72\" data-id=\"7cebf72\" data-element_type=\"column\">\n\t\t\t<div class=\"elementor-widget-wrap elementor-element-populated\">\n\t\t\t\t\t\t<div class=\"elementor-element elementor-element-ec89dac elementor-widget elementor-widget-image\" data-id=\"ec89dac\" data-element_type=\"widget\" data-widget_type=\"image.default\">\n\t\t\t\t<div class=\"elementor-widget-container\">\n\t\t\t\t\t\t\t\t\t\t\t\t\t\t\t<img loading=\"lazy\" decoding=\"async\" width=\"562\" height=\"1000\" src=\"https:\/\/da-resin-art.com\/wp-content\/uploads\/2025\/06\/zegary-da-resin-art-czarno-srebrno-zloty-40-cm-10.jpg\" class=\"attachment-large size-large wp-image-2202\" alt=\"Zegar z \u017cywicy da resin art czarno z\u0142oty marmur 40 cm\" srcset=\"https:\/\/da-resin-art.com\/wp-content\/uploads\/2025\/06\/zegary-da-resin-art-czarno-srebrno-zloty-40-cm-10.jpg 562w, https:\/\/da-resin-art.com\/wp-content\/uploads\/2025\/06\/zegary-da-resin-art-czarno-srebrno-zloty-40-cm-10-169x300.jpg 169w\" sizes=\"(max-width: 562px) 100vw, 562px\" \/>\t\t\t\t\t\t\t\t\t\t\t\t\t\t\t<\/div>\n\t\t\t\t<\/div>\n\t\t\t\t\t<\/div>\n\t\t<\/div>\n\t\t\t\t<div class=\"elementor-column elementor-col-33 elementor-top-column elementor-element elementor-element-63542de\" data-id=\"63542de\" data-element_type=\"column\">\n\t\t\t<div class=\"elementor-widget-wrap elementor-element-populated\">\n\t\t\t\t\t\t<div class=\"elementor-element elementor-element-d159eab elementor-widget elementor-widget-image\" data-id=\"d159eab\" data-element_type=\"widget\" data-widget_type=\"image.default\">\n\t\t\t\t<div class=\"elementor-widget-container\">\n\t\t\t\t\t\t\t\t\t\t\t\t\t\t\t<img loading=\"lazy\" decoding=\"async\" width=\"563\" height=\"1000\" src=\"https:\/\/da-resin-art.com\/wp-content\/uploads\/2025\/06\/zegary-da-resin-art-czarno-srebrno-zloty-40-cm-8.jpg\" class=\"attachment-large size-large wp-image-2205\" alt=\"Zegar z \u017cywicy da resin art czarno z\u0142oty marmur 40 cm\" srcset=\"https:\/\/da-resin-art.com\/wp-content\/uploads\/2025\/06\/zegary-da-resin-art-czarno-srebrno-zloty-40-cm-8.jpg 563w, https:\/\/da-resin-art.com\/wp-content\/uploads\/2025\/06\/zegary-da-resin-art-czarno-srebrno-zloty-40-cm-8-169x300.jpg 169w\" sizes=\"(max-width: 563px) 100vw, 563px\" \/>\t\t\t\t\t\t\t\t\t\t\t\t\t\t\t<\/div>\n\t\t\t\t<\/div>\n\t\t\t\t\t<\/div>\n\t\t<\/div>\n\t\t\t\t\t<\/div>\n\t\t<\/section>\n\t\t\t\t<\/div>\n\t\t","protected":false},"excerpt":{"rendered":"<p data-start=\"0\" data-end=\"140\">40 cm. <strong>Zegar \u015bcienny &#171;Z\u0142oty marmur na czarnym&#187;<\/strong> &#8212; wz\u00f3r wykonany z \u017cywicy epoksydowej: na czrnym tle z\u0142ote wzory z dodatkiem kruszonego szk\u0142a i kryszta\u0142\u00f3w g\u00f3rskich. Cichy mechanizm zegara.<\/p>\n<ul data-start=\"142\" data-end=\"704\" data-is-last-node=\"\">\n<li data-start=\"142\" data-end=\"271\">Zegar \u015bcienny <strong data-start=\"14\" data-end=\"43\">&#171;Z\u0142oty marmur na czarnym&#187;<\/strong> to wyj\u0105tkowe po\u0142\u0105czenie elegancji i nowoczesnego designu, wykonane z \u017cywicy epoksydowej.<\/li>\n<li data-start=\"142\" data-end=\"271\">G\u0142\u0119bokie <strong data-start=\"144\" data-end=\"158\">czarne t\u0142o<\/strong> ozdobione <strong data-start=\"169\" data-end=\"188\">z\u0142otymi wzorami<\/strong> tworzy luksusow\u0105 kompozycj\u0119, dodatkowo wzbogacon\u0105 o <strong data-start=\"241\" data-end=\"259\">kruszone szk\u0142o<\/strong> i <strong data-start=\"262\" data-end=\"283\">kryszta\u0142y g\u00f3rskie<\/strong>, kt\u00f3re nadaj\u0105 mu niepowtarzalnego blasku i struktury.<\/li>\n<li data-start=\"142\" data-end=\"271\">Cichy mechanizm zapewnia komfort u\u017cytkowania, sprawiaj\u0105c, \u017ce zegar doskonale komponuje si\u0119 w ka\u017cdym wn\u0119trzu.<\/li>\n<li data-start=\"142\" data-end=\"271\"><strong data-start=\"451\" data-end=\"480\">Z\u0142oty marmur na czarnym zegar z \u017cywic\u0105<\/strong> \u2013 to elegancka ozdoba, kt\u00f3ra podkre\u015bli styl Twojej przestrzeni. Wybierz ponadczasowy design i wyrafinowan\u0105 estetyk\u0119 \u2013 postaw na <strong data-start=\"631\" data-end=\"660\">zegar z \u017cywic\u0105<\/strong>!<\/li>\n<\/ul>\n","protected":false},"featured_media":2178,"template":"","meta":{"_acf_changed":false,"_kadence_starter_templates_imported_post":false,"_kad_post_transparent":"default","_kad_post_title":"","_kad_post_layout":"default","_kad_post_sidebar_id":"","_kad_post_content_style":"default","_kad_post_vertical_padding":"default","_kad_post_feature":"","_kad_post_feature_position":"","_kad_post_header":false,"_kad_post_footer":false},"product_brand":[],"product_cat":[18],"product_tag":[38,29],"class_list":{"0":"post-2177","1":"product","2":"type-product","3":"status-publish","4":"has-post-thumbnail","6":"product_cat-galeria","7":"product_tag-sprzedany","8":"product_tag-wszystko","10":"first","11":"outofstock","12":"shipping-taxable","13":"purchasable","14":"product-type-simple","15":"entry","16":"content-bg","17":"loop-entry"},"acf":[],"_links":{"self":[{"href":"https:\/\/da-resin-art.com\/ru\/wp-json\/wp\/v2\/product\/2177","targetHints":{"allow":["GET"]}}],"collection":[{"href":"https:\/\/da-resin-art.com\/ru\/wp-json\/wp\/v2\/product"}],"about":[{"href":"https:\/\/da-resin-art.com\/ru\/wp-json\/wp\/v2\/types\/product"}],"version-history":[{"count":14,"href":"https:\/\/da-resin-art.com\/ru\/wp-json\/wp\/v2\/product\/2177\/revisions"}],"predecessor-version":[{"id":4230,"href":"https:\/\/da-resin-art.com\/ru\/wp-json\/wp\/v2\/product\/2177\/revisions\/4230"}],"wp:featuredmedia":[{"embeddable":true,"href":"https:\/\/da-resin-art.com\/ru\/wp-json\/wp\/v2\/media\/2178"}],"wp:attachment":[{"href":"https:\/\/da-resin-art.com\/ru\/wp-json\/wp\/v2\/media?parent=2177"}],"wp:term":[{"taxonomy":"product_brand","embeddable":true,"href":"https:\/\/da-resin-art.com\/ru\/wp-json\/wp\/v2\/product_brand?post=2177"},{"taxonomy":"product_cat","embeddable":true,"href":"https:\/\/da-resin-art.com\/ru\/wp-json\/wp\/v2\/product_cat?post=2177"},{"taxonomy":"product_tag","embeddable":true,"href":"https:\/\/da-resin-art.com\/ru\/wp-json\/wp\/v2\/product_tag?post=2177"}],"curies":[{"name":"wp","href":"https:\/\/api.w.org\/{rel}","templated":true}]}}