{"id":2367,"date":"2025-06-23T21:33:19","date_gmt":"2025-06-23T19:33:19","guid":{"rendered":"https:\/\/da-resin-art.com\/?post_type=product&#038;p=2367"},"modified":"2026-03-03T12:18:40","modified_gmt":"2026-03-03T11:18:40","slug":"zegar-scienny-polska-z-godlem-kosmos","status":"publish","type":"product","link":"https:\/\/da-resin-art.com\/ru\/produkt\/zegar-scienny-polska-z-godlem-kosmos\/","title":{"rendered":"Zegar \u015bcienny 60 cm &#171;Polska&#187; z god\u0142em"},"content":{"rendered":"\t\t<div data-elementor-type=\"product-post\" data-elementor-id=\"2367\" class=\"elementor elementor-2367\" data-elementor-post-type=\"product\">\n\t\t\t\t\t\t<section class=\"elementor-section elementor-top-section elementor-element elementor-element-1c05077 elementor-section-boxed elementor-section-height-default elementor-section-height-default\" data-id=\"1c05077\" data-element_type=\"section\">\n\t\t\t\t\t\t<div class=\"elementor-container elementor-column-gap-default\">\n\t\t\t\t\t<div class=\"elementor-column elementor-col-100 elementor-top-column elementor-element elementor-element-18dc669\" data-id=\"18dc669\" data-element_type=\"column\">\n\t\t\t<div class=\"elementor-widget-wrap elementor-element-populated\">\n\t\t\t\t\t\t<div class=\"elementor-element elementor-element-0aadb0f elementor-widget elementor-widget-image\" data-id=\"0aadb0f\" data-element_type=\"widget\" data-widget_type=\"image.default\">\n\t\t\t\t<div class=\"elementor-widget-container\">\n\t\t\t\t\t\t\t\t\t\t\t\t\t\t\t<img fetchpriority=\"high\" decoding=\"async\" width=\"1000\" height=\"563\" src=\"https:\/\/da-resin-art.com\/wp-content\/uploads\/2025\/06\/zegary-da-resinart-polska-czarny-niebeski-60-cm-5-rotated.jpg\" class=\"attachment-large size-large wp-image-2380\" alt=\"zegar \u015bcienny w kszta\u0142cie Polska czarno niebieski z srebrem\" srcset=\"https:\/\/da-resin-art.com\/wp-content\/uploads\/2025\/06\/zegary-da-resinart-polska-czarny-niebeski-60-cm-5-rotated.jpg 1000w, https:\/\/da-resin-art.com\/wp-content\/uploads\/2025\/06\/zegary-da-resinart-polska-czarny-niebeski-60-cm-5-300x169.jpg 300w, https:\/\/da-resin-art.com\/wp-content\/uploads\/2025\/06\/zegary-da-resinart-polska-czarny-niebeski-60-cm-5-768x432.jpg 768w, https:\/\/da-resin-art.com\/wp-content\/uploads\/2025\/06\/zegary-da-resinart-polska-czarny-niebeski-60-cm-5-600x338.jpg 600w\" sizes=\"(max-width: 1000px) 100vw, 1000px\" \/>\t\t\t\t\t\t\t\t\t\t\t\t\t\t\t<\/div>\n\t\t\t\t<\/div>\n\t\t\t\t\t<\/div>\n\t\t<\/div>\n\t\t\t\t\t<\/div>\n\t\t<\/section>\n\t\t\t\t<section class=\"elementor-section elementor-top-section elementor-element elementor-element-4e326855 elementor-section-boxed elementor-section-height-default elementor-section-height-default\" data-id=\"4e326855\" data-element_type=\"section\">\n\t\t\t\t\t\t<div class=\"elementor-container elementor-column-gap-default\">\n\t\t\t\t\t<div class=\"elementor-column elementor-col-100 elementor-top-column elementor-element elementor-element-42c485c1\" data-id=\"42c485c1\" data-element_type=\"column\">\n\t\t\t<div class=\"elementor-widget-wrap elementor-element-populated\">\n\t\t\t\t\t\t<div class=\"elementor-element elementor-element-67d3cb9 elementor-widget elementor-widget-text-editor\" data-id=\"67d3cb9\" data-element_type=\"widget\" data-widget_type=\"text-editor.default\">\n\t\t\t\t<div class=\"elementor-widget-container\">\n\t\t\t\t\t\t\t\t\t<p>\ud83d\udda4 Rozmiary &#8212; 60 cm.<\/p><p>\ud83d\udda4Baza &#8212; MDF w kszta\u0142cie mapy polski.<\/p><p>\ud83d\udda4 Zegar \u015bcienny &#171;Polska&#187; &#8212; wz\u00f3r wykonany z \u017cywicy epoksydowej.<\/p><p>\ud83d\udda4Dodatki: god\u0142o &#8212; orze\u0142 Polski oraz kamienie dekoracyjne.<\/p><p>\ud83d\udda4 Cichy mechanizm zegara.\u00a0<\/p>\t\t\t\t\t\t\t\t<\/div>\n\t\t\t\t<\/div>\n\t\t\t\t\t<\/div>\n\t\t<\/div>\n\t\t\t\t\t<\/div>\n\t\t<\/section>\n\t\t\t\t<section class=\"elementor-section elementor-top-section elementor-element elementor-element-1705c5e elementor-section-boxed elementor-section-height-default elementor-section-height-default\" data-id=\"1705c5e\" data-element_type=\"section\">\n\t\t\t\t\t\t<div class=\"elementor-container elementor-column-gap-default\">\n\t\t\t\t\t<div class=\"elementor-column elementor-col-33 elementor-top-column elementor-element elementor-element-e345a69\" data-id=\"e345a69\" data-element_type=\"column\">\n\t\t\t<div class=\"elementor-widget-wrap elementor-element-populated\">\n\t\t\t\t\t\t<div class=\"elementor-element elementor-element-d042564 elementor-widget elementor-widget-video\" data-id=\"d042564\" data-element_type=\"widget\" data-settings=\"{&quot;youtube_url&quot;:&quot;https:\\\/\\\/youtube.com\\\/watch?v=u3GRjFzAEhY?feature=share&quot;,&quot;video_type&quot;:&quot;youtube&quot;,&quot;controls&quot;:&quot;yes&quot;}\" data-widget_type=\"video.default\">\n\t\t\t\t<div class=\"elementor-widget-container\">\n\t\t\t\t\t\t\t<div class=\"elementor-wrapper elementor-open-inline\">\n\t\t\t<div class=\"elementor-video\"><\/div>\t\t<\/div>\n\t\t\t\t\t\t<\/div>\n\t\t\t\t<\/div>\n\t\t\t\t\t<\/div>\n\t\t<\/div>\n\t\t\t\t<div class=\"elementor-column elementor-col-33 elementor-top-column elementor-element elementor-element-d6da29c\" data-id=\"d6da29c\" data-element_type=\"column\">\n\t\t\t<div class=\"elementor-widget-wrap elementor-element-populated\">\n\t\t\t\t\t\t<div class=\"elementor-element elementor-element-65de88c elementor-widget elementor-widget-image\" data-id=\"65de88c\" data-element_type=\"widget\" data-widget_type=\"image.default\">\n\t\t\t\t<div class=\"elementor-widget-container\">\n\t\t\t\t\t\t\t\t\t\t\t\t\t\t\t<img decoding=\"async\" width=\"563\" height=\"1000\" src=\"https:\/\/da-resin-art.com\/wp-content\/uploads\/2025\/06\/zegary-da-resinart-polska-czarny-niebeski-60-cm-2.jpg\" class=\"attachment-large size-large wp-image-2371\" alt=\"zegar \u015bcienny w kszta\u0142cie Polska czarno niebieski z srebrem\" srcset=\"https:\/\/da-resin-art.com\/wp-content\/uploads\/2025\/06\/zegary-da-resinart-polska-czarny-niebeski-60-cm-2.jpg 563w, https:\/\/da-resin-art.com\/wp-content\/uploads\/2025\/06\/zegary-da-resinart-polska-czarny-niebeski-60-cm-2-169x300.jpg 169w\" sizes=\"(max-width: 563px) 100vw, 563px\" \/>\t\t\t\t\t\t\t\t\t\t\t\t\t\t\t<\/div>\n\t\t\t\t<\/div>\n\t\t\t\t\t<\/div>\n\t\t<\/div>\n\t\t\t\t<div class=\"elementor-column elementor-col-33 elementor-top-column elementor-element elementor-element-f8aab89\" data-id=\"f8aab89\" data-element_type=\"column\">\n\t\t\t<div class=\"elementor-widget-wrap elementor-element-populated\">\n\t\t\t\t\t\t<div class=\"elementor-element elementor-element-d89be88 elementor-widget elementor-widget-image\" data-id=\"d89be88\" data-element_type=\"widget\" data-widget_type=\"image.default\">\n\t\t\t\t<div class=\"elementor-widget-container\">\n\t\t\t\t\t\t\t\t\t\t\t\t\t\t\t<img decoding=\"async\" width=\"562\" height=\"1000\" src=\"https:\/\/da-resin-art.com\/wp-content\/uploads\/2025\/06\/zegary-da-resinart-polska-czarny-niebeski-60-cm-6.jpg\" class=\"attachment-large size-large wp-image-2383\" alt=\"zegar \u015bcienny w kszta\u0142cie Polska czarno niebieski z srebrem\" srcset=\"https:\/\/da-resin-art.com\/wp-content\/uploads\/2025\/06\/zegary-da-resinart-polska-czarny-niebeski-60-cm-6.jpg 562w, https:\/\/da-resin-art.com\/wp-content\/uploads\/2025\/06\/zegary-da-resinart-polska-czarny-niebeski-60-cm-6-169x300.jpg 169w\" sizes=\"(max-width: 562px) 100vw, 562px\" \/>\t\t\t\t\t\t\t\t\t\t\t\t\t\t\t<\/div>\n\t\t\t\t<\/div>\n\t\t\t\t\t<\/div>\n\t\t<\/div>\n\t\t\t\t\t<\/div>\n\t\t<\/section>\n\t\t\t\t<section class=\"elementor-section elementor-top-section elementor-element elementor-element-de9aa7f elementor-section-boxed elementor-section-height-default elementor-section-height-default\" data-id=\"de9aa7f\" data-element_type=\"section\">\n\t\t\t\t\t\t<div class=\"elementor-container elementor-column-gap-default\">\n\t\t\t\t\t<div class=\"elementor-column elementor-col-100 elementor-top-column elementor-element elementor-element-a0b9f94\" data-id=\"a0b9f94\" data-element_type=\"column\">\n\t\t\t<div class=\"elementor-widget-wrap elementor-element-populated\">\n\t\t\t\t\t\t<div class=\"elementor-element elementor-element-68b2ab8 elementor-widget elementor-widget-text-editor\" data-id=\"68b2ab8\" data-element_type=\"widget\" data-widget_type=\"text-editor.default\">\n\t\t\t\t<div class=\"elementor-widget-container\">\n\t\t\t\t\t\t\t\t\t<h3 data-start=\"0\" data-end=\"58\">Zegar \u015bcienny <strong data-start=\"18\" data-end=\"30\">&#171;Polska&#187;<\/strong> \u2013 symbol dumy i elegancji<\/h3>\n<p class=\"\" data-start=\"0\" data-end=\"303\">60 cm. Zegar \u015bcienny <strong data-start=\"21\" data-end=\"33\">&#171;POLSKA&#187;<\/strong> w kszta\u0142cie mapy Polski \u2013 wz\u00f3r wykonany z \u017cywicy epoksydowej. Kolorystyka: <strong data-start=\"109\" data-end=\"128\">czarno-niebieska&nbsp;<\/strong>z <strong data-start=\"131\" data-end=\"152\">srebrnymi akcentami<\/strong>. Dodatki: <strong data-start=\"163\" data-end=\"192\">orze\u0142 \u2013 god\u0142o Polski<\/strong> z lustrzanego srebrnego plexi, <strong data-start=\"222\" data-end=\"258\">srebrne rzymskie cyfry i wskaz\u00f3wki<\/strong> z lustrzanego plexi. Cichy mechanizm zegara.<\/p>\n<ul data-start=\"305\" data-end=\"834\" data-is-last-node=\"\" data-is-only-node=\"\">\n<li class=\"\" data-start=\"305\" data-end=\"426\">\n<p class=\"\" data-start=\"307\" data-end=\"426\">Zegar \u015bcienny <strong data-start=\"321\" data-end=\"333\">&#171;POLSKA&#187;<\/strong> to po\u0142\u0105czenie patriotyzmu, sztuki i nowoczesnego designu \u2013 w kszta\u0142cie mapy.<\/p>\n<\/li>\n<li class=\"\" data-start=\"427\" data-end=\"528\">\n<p class=\"\" data-start=\"429\" data-end=\"528\">G\u0142\u0119boka <strong data-start=\"437\" data-end=\"463\">niebiesko-czarna paleta<\/strong> z <strong data-start=\"466\" data-end=\"486\">srebrnymi detalami<\/strong> tworzy mocny, wyrazisty efekt wizualny.<\/p><\/li>\n<li class=\"\" data-start=\"626\" data-end=\"741\">\n<p class=\"\" data-start=\"628\" data-end=\"741\"><strong data-start=\"628\" data-end=\"659\">Lustrzane cyfry i wskaz\u00f3wki<\/strong> dodaj\u0105 elegancji i szlachetno\u015bci, a <strong data-start=\"696\" data-end=\"715\" data-is-only-node=\"\">cichy mechanizm<\/strong> dba o harmoni\u0119 wn\u0119trza.<\/p>\n<\/li>\n<\/ul>\t\t\t\t\t\t\t\t<\/div>\n\t\t\t\t<\/div>\n\t\t\t\t\t<\/div>\n\t\t<\/div>\n\t\t\t\t\t<\/div>\n\t\t<\/section>\n\t\t\t\t<section class=\"elementor-section elementor-top-section elementor-element elementor-element-e6cc6e8 elementor-section-boxed elementor-section-height-default elementor-section-height-default\" data-id=\"e6cc6e8\" data-element_type=\"section\">\n\t\t\t\t\t\t<div class=\"elementor-container elementor-column-gap-default\">\n\t\t\t\t\t<div class=\"elementor-column elementor-col-33 elementor-top-column elementor-element elementor-element-ca6c748\" data-id=\"ca6c748\" data-element_type=\"column\">\n\t\t\t<div class=\"elementor-widget-wrap elementor-element-populated\">\n\t\t\t\t\t\t<div class=\"elementor-element elementor-element-f8a13bc elementor-widget elementor-widget-image\" data-id=\"f8a13bc\" data-element_type=\"widget\" data-widget_type=\"image.default\">\n\t\t\t\t<div class=\"elementor-widget-container\">\n\t\t\t\t\t\t\t\t\t\t\t\t\t\t\t<img loading=\"lazy\" decoding=\"async\" width=\"563\" height=\"1000\" src=\"https:\/\/da-resin-art.com\/wp-content\/uploads\/2025\/06\/zegary-da-resinart-polska-czarny-niebeski-60-cm-1.jpg\" class=\"attachment-large size-large wp-image-2368\" alt=\"zegar \u015bcienny w kszta\u0142cie Polska czarno niebieski z srebrem\" srcset=\"https:\/\/da-resin-art.com\/wp-content\/uploads\/2025\/06\/zegary-da-resinart-polska-czarny-niebeski-60-cm-1.jpg 563w, https:\/\/da-resin-art.com\/wp-content\/uploads\/2025\/06\/zegary-da-resinart-polska-czarny-niebeski-60-cm-1-169x300.jpg 169w\" sizes=\"(max-width: 563px) 100vw, 563px\" \/>\t\t\t\t\t\t\t\t\t\t\t\t\t\t\t<\/div>\n\t\t\t\t<\/div>\n\t\t\t\t\t<\/div>\n\t\t<\/div>\n\t\t\t\t<div class=\"elementor-column elementor-col-33 elementor-top-column elementor-element elementor-element-2d77b49\" data-id=\"2d77b49\" data-element_type=\"column\">\n\t\t\t<div class=\"elementor-widget-wrap elementor-element-populated\">\n\t\t\t\t\t\t<div class=\"elementor-element elementor-element-ebc2c3f elementor-widget elementor-widget-image\" data-id=\"ebc2c3f\" data-element_type=\"widget\" data-widget_type=\"image.default\">\n\t\t\t\t<div class=\"elementor-widget-container\">\n\t\t\t\t\t\t\t\t\t\t\t\t\t\t\t<img loading=\"lazy\" decoding=\"async\" width=\"563\" height=\"1000\" src=\"https:\/\/da-resin-art.com\/wp-content\/uploads\/2025\/06\/zegary-da-resinart-polska-czarny-niebeski-60-cm-8.jpg\" class=\"attachment-large size-large wp-image-2389\" alt=\"zegar \u015bcienny w kszta\u0142cie Polska czarno niebieski z srebrem\" srcset=\"https:\/\/da-resin-art.com\/wp-content\/uploads\/2025\/06\/zegary-da-resinart-polska-czarny-niebeski-60-cm-8.jpg 563w, https:\/\/da-resin-art.com\/wp-content\/uploads\/2025\/06\/zegary-da-resinart-polska-czarny-niebeski-60-cm-8-169x300.jpg 169w\" sizes=\"(max-width: 563px) 100vw, 563px\" \/>\t\t\t\t\t\t\t\t\t\t\t\t\t\t\t<\/div>\n\t\t\t\t<\/div>\n\t\t\t\t\t<\/div>\n\t\t<\/div>\n\t\t\t\t<div class=\"elementor-column elementor-col-33 elementor-top-column elementor-element elementor-element-d167be2\" data-id=\"d167be2\" data-element_type=\"column\">\n\t\t\t<div class=\"elementor-widget-wrap elementor-element-populated\">\n\t\t\t\t\t\t<div class=\"elementor-element elementor-element-f797468 elementor-widget elementor-widget-image\" data-id=\"f797468\" data-element_type=\"widget\" data-widget_type=\"image.default\">\n\t\t\t\t<div class=\"elementor-widget-container\">\n\t\t\t\t\t\t\t\t\t\t\t\t\t\t\t<img loading=\"lazy\" decoding=\"async\" width=\"563\" height=\"1000\" src=\"https:\/\/da-resin-art.com\/wp-content\/uploads\/2025\/06\/zegary-da-resinart-polska-czarny-niebeski-60-cm-3.jpg\" class=\"attachment-large size-large wp-image-2374\" alt=\"zegar \u015bcienny w kszta\u0142cie Polska czarno niebieski z srebrem\" srcset=\"https:\/\/da-resin-art.com\/wp-content\/uploads\/2025\/06\/zegary-da-resinart-polska-czarny-niebeski-60-cm-3.jpg 563w, https:\/\/da-resin-art.com\/wp-content\/uploads\/2025\/06\/zegary-da-resinart-polska-czarny-niebeski-60-cm-3-169x300.jpg 169w\" sizes=\"(max-width: 563px) 100vw, 563px\" \/>\t\t\t\t\t\t\t\t\t\t\t\t\t\t\t<\/div>\n\t\t\t\t<\/div>\n\t\t\t\t\t<\/div>\n\t\t<\/div>\n\t\t\t\t\t<\/div>\n\t\t<\/section>\n\t\t\t\t<section class=\"elementor-section elementor-top-section elementor-element elementor-element-e936ea7 elementor-section-boxed elementor-section-height-default elementor-section-height-default\" data-id=\"e936ea7\" data-element_type=\"section\">\n\t\t\t\t\t\t<div class=\"elementor-container elementor-column-gap-default\">\n\t\t\t\t\t<div class=\"elementor-column elementor-col-33 elementor-top-column elementor-element elementor-element-f257634\" data-id=\"f257634\" data-element_type=\"column\">\n\t\t\t<div class=\"elementor-widget-wrap elementor-element-populated\">\n\t\t\t\t\t\t<div class=\"elementor-element elementor-element-47aae6b elementor-widget elementor-widget-image\" data-id=\"47aae6b\" data-element_type=\"widget\" data-widget_type=\"image.default\">\n\t\t\t\t<div class=\"elementor-widget-container\">\n\t\t\t\t\t\t\t\t\t\t\t\t\t\t\t<img loading=\"lazy\" decoding=\"async\" width=\"563\" height=\"1000\" src=\"https:\/\/da-resin-art.com\/wp-content\/uploads\/2025\/06\/zegary-da-resinart-polska-czarny-niebeski-60-cm-4.jpg\" class=\"attachment-large size-large wp-image-2377\" alt=\"zegar \u015bcienny w kszta\u0142cie Polska czarno niebieski z srebrem\" srcset=\"https:\/\/da-resin-art.com\/wp-content\/uploads\/2025\/06\/zegary-da-resinart-polska-czarny-niebeski-60-cm-4.jpg 563w, https:\/\/da-resin-art.com\/wp-content\/uploads\/2025\/06\/zegary-da-resinart-polska-czarny-niebeski-60-cm-4-169x300.jpg 169w\" sizes=\"(max-width: 563px) 100vw, 563px\" \/>\t\t\t\t\t\t\t\t\t\t\t\t\t\t\t<\/div>\n\t\t\t\t<\/div>\n\t\t\t\t\t<\/div>\n\t\t<\/div>\n\t\t\t\t<div class=\"elementor-column elementor-col-33 elementor-top-column elementor-element elementor-element-b1f8580\" data-id=\"b1f8580\" data-element_type=\"column\">\n\t\t\t<div class=\"elementor-widget-wrap elementor-element-populated\">\n\t\t\t\t\t\t<div class=\"elementor-element elementor-element-b3e2068 elementor-widget elementor-widget-image\" data-id=\"b3e2068\" data-element_type=\"widget\" data-widget_type=\"image.default\">\n\t\t\t\t<div class=\"elementor-widget-container\">\n\t\t\t\t\t\t\t\t\t\t\t\t\t\t\t<img loading=\"lazy\" decoding=\"async\" width=\"562\" height=\"1000\" src=\"https:\/\/da-resin-art.com\/wp-content\/uploads\/2025\/06\/zegary-da-resinart-polska-czarny-niebeski-60-cm-10.jpg\" class=\"attachment-large size-large wp-image-2396\" alt=\"\" srcset=\"https:\/\/da-resin-art.com\/wp-content\/uploads\/2025\/06\/zegary-da-resinart-polska-czarny-niebeski-60-cm-10.jpg 562w, https:\/\/da-resin-art.com\/wp-content\/uploads\/2025\/06\/zegary-da-resinart-polska-czarny-niebeski-60-cm-10-169x300.jpg 169w\" sizes=\"(max-width: 562px) 100vw, 562px\" \/>\t\t\t\t\t\t\t\t\t\t\t\t\t\t\t<\/div>\n\t\t\t\t<\/div>\n\t\t\t\t\t<\/div>\n\t\t<\/div>\n\t\t\t\t<div class=\"elementor-column elementor-col-33 elementor-top-column elementor-element elementor-element-fc5bf3f\" data-id=\"fc5bf3f\" data-element_type=\"column\">\n\t\t\t<div class=\"elementor-widget-wrap elementor-element-populated\">\n\t\t\t\t\t\t<div class=\"elementor-element elementor-element-093d668 elementor-widget elementor-widget-image\" data-id=\"093d668\" data-element_type=\"widget\" data-widget_type=\"image.default\">\n\t\t\t\t<div class=\"elementor-widget-container\">\n\t\t\t\t\t\t\t\t\t\t\t\t\t\t\t<img loading=\"lazy\" decoding=\"async\" width=\"563\" height=\"1000\" src=\"https:\/\/da-resin-art.com\/wp-content\/uploads\/2025\/06\/zegary-da-resinart-polska-czarny-niebeski-60-cm-7.jpg\" class=\"attachment-large size-large wp-image-2386\" alt=\"zegar \u015bcienny w kszta\u0142cie Polska czarno niebieski z srebrem\" srcset=\"https:\/\/da-resin-art.com\/wp-content\/uploads\/2025\/06\/zegary-da-resinart-polska-czarny-niebeski-60-cm-7.jpg 563w, https:\/\/da-resin-art.com\/wp-content\/uploads\/2025\/06\/zegary-da-resinart-polska-czarny-niebeski-60-cm-7-169x300.jpg 169w\" sizes=\"(max-width: 563px) 100vw, 563px\" \/>\t\t\t\t\t\t\t\t\t\t\t\t\t\t\t<\/div>\n\t\t\t\t<\/div>\n\t\t\t\t\t<\/div>\n\t\t<\/div>\n\t\t\t\t\t<\/div>\n\t\t<\/section>\n\t\t\t\t<\/div>\n\t\t","protected":false},"excerpt":{"rendered":"<p class=\"\" data-start=\"0\" data-end=\"284\">\u2705\ufe0f <strong data-start=\"3\" data-end=\"43\">Wymiary: 60 cm \u2013 kszta\u0142t mapy Polski<\/strong><br data-start=\"43\" data-end=\"46\" \/>\u2705\ufe0f <strong data-start=\"49\" data-end=\"75\">Cichy mechanizm zegara<\/strong><br data-start=\"75\" data-end=\"78\" \/>\u2705\ufe0f <strong data-start=\"81\" data-end=\"146\">Kolorystyka: czarno-niebieski z intensywnymi srebrnymi akcentami\u00a0<\/strong><br data-start=\"146\" data-end=\"149\" \/>\u2705\ufe0f <strong data-start=\"152\" data-end=\"208\">Srebrne rzymskie cyfry i wskaz\u00f3wki z lustrzanego plexi<\/strong><br data-start=\"208\" data-end=\"211\" \/>\u2705\ufe0f <strong data-start=\"214\" data-end=\"278\">Dodatki: orze\u0142 \u2013 god\u0142o Polski wykonane z srebrnego plexi<\/strong> \ud83e\udd85\u2728<\/p>\n","protected":false},"featured_media":2392,"template":"","meta":{"_acf_changed":false,"_kadence_starter_templates_imported_post":false,"_kad_post_transparent":"default","_kad_post_title":"","_kad_post_layout":"default","_kad_post_sidebar_id":"","_kad_post_content_style":"default","_kad_post_vertical_padding":"default","_kad_post_feature":"","_kad_post_feature_position":"","_kad_post_header":false,"_kad_post_footer":false},"product_brand":[],"product_cat":[18],"product_tag":[38,29],"class_list":{"0":"post-2367","1":"product","2":"type-product","3":"status-publish","4":"has-post-thumbnail","6":"product_cat-galeria","7":"product_tag-sprzedany","8":"product_tag-wszystko","10":"first","11":"outofstock","12":"shipping-taxable","13":"purchasable","14":"product-type-simple","15":"entry","16":"content-bg","17":"loop-entry"},"acf":[],"_links":{"self":[{"href":"https:\/\/da-resin-art.com\/ru\/wp-json\/wp\/v2\/product\/2367","targetHints":{"allow":["GET"]}}],"collection":[{"href":"https:\/\/da-resin-art.com\/ru\/wp-json\/wp\/v2\/product"}],"about":[{"href":"https:\/\/da-resin-art.com\/ru\/wp-json\/wp\/v2\/types\/product"}],"version-history":[{"count":19,"href":"https:\/\/da-resin-art.com\/ru\/wp-json\/wp\/v2\/product\/2367\/revisions"}],"predecessor-version":[{"id":4225,"href":"https:\/\/da-resin-art.com\/ru\/wp-json\/wp\/v2\/product\/2367\/revisions\/4225"}],"wp:featuredmedia":[{"embeddable":true,"href":"https:\/\/da-resin-art.com\/ru\/wp-json\/wp\/v2\/media\/2392"}],"wp:attachment":[{"href":"https:\/\/da-resin-art.com\/ru\/wp-json\/wp\/v2\/media?parent=2367"}],"wp:term":[{"taxonomy":"product_brand","embeddable":true,"href":"https:\/\/da-resin-art.com\/ru\/wp-json\/wp\/v2\/product_brand?post=2367"},{"taxonomy":"product_cat","embeddable":true,"href":"https:\/\/da-resin-art.com\/ru\/wp-json\/wp\/v2\/product_cat?post=2367"},{"taxonomy":"product_tag","embeddable":true,"href":"https:\/\/da-resin-art.com\/ru\/wp-json\/wp\/v2\/product_tag?post=2367"}],"curies":[{"name":"wp","href":"https:\/\/api.w.org\/{rel}","templated":true}]}}