{"id":2889,"date":"2025-09-28T13:44:03","date_gmt":"2025-09-28T11:44:03","guid":{"rendered":"https:\/\/da-resin-art.com\/produkt\/mini-kurs-jak-stworzyc-zegar-z-zywica-czarne-morze\/"},"modified":"2026-03-27T11:54:12","modified_gmt":"2026-03-27T10:54:12","slug":"mini-kurs-jak-stworzyc-zegar-z-zywica-czarne-morze","status":"publish","type":"product","link":"https:\/\/da-resin-art.com\/ru\/produkt\/mini-kurs-jak-stworzyc-zegar-z-zywica-czarne-morze\/","title":{"rendered":"Mini-kurs &#8212; jak stworzy\u0107 zegar z \u017cywic\u0105 &#171;Czarne morze&#187;"},"content":{"rendered":"","protected":false},"excerpt":{"rendered":"","protected":false},"featured_media":2886,"template":"","meta":{"_acf_changed":false,"_kadence_starter_templates_imported_post":false,"_kad_post_transparent":"default","_kad_post_title":"","_kad_post_layout":"default","_kad_post_sidebar_id":"","_kad_post_content_style":"default","_kad_post_vertical_padding":"default","_kad_post_feature":"","_kad_post_feature_position":"","_kad_post_header":false,"_kad_post_footer":false},"product_brand":[],"product_cat":[48],"product_tag":[],"class_list":{"0":"post-2889","1":"product","2":"type-product","3":"status-publish","4":"has-post-thumbnail","6":"product_cat-kursy-z-cena","8":"first","9":"instock","10":"sale","11":"virtual","12":"sold-individually","13":"purchasable","14":"product-type-simple","15":"entry","16":"content-bg","17":"loop-entry"},"acf":[],"_links":{"self":[{"href":"https:\/\/da-resin-art.com\/ru\/wp-json\/wp\/v2\/product\/2889","targetHints":{"allow":["GET"]}}],"collection":[{"href":"https:\/\/da-resin-art.com\/ru\/wp-json\/wp\/v2\/product"}],"about":[{"href":"https:\/\/da-resin-art.com\/ru\/wp-json\/wp\/v2\/types\/product"}],"version-history":[{"count":1,"href":"https:\/\/da-resin-art.com\/ru\/wp-json\/wp\/v2\/product\/2889\/revisions"}],"predecessor-version":[{"id":2896,"href":"https:\/\/da-resin-art.com\/ru\/wp-json\/wp\/v2\/product\/2889\/revisions\/2896"}],"wp:featuredmedia":[{"embeddable":true,"href":"https:\/\/da-resin-art.com\/ru\/wp-json\/wp\/v2\/media\/2886"}],"wp:attachment":[{"href":"https:\/\/da-resin-art.com\/ru\/wp-json\/wp\/v2\/media?parent=2889"}],"wp:term":[{"taxonomy":"product_brand","embeddable":true,"href":"https:\/\/da-resin-art.com\/ru\/wp-json\/wp\/v2\/product_brand?post=2889"},{"taxonomy":"product_cat","embeddable":true,"href":"https:\/\/da-resin-art.com\/ru\/wp-json\/wp\/v2\/product_cat?post=2889"},{"taxonomy":"product_tag","embeddable":true,"href":"https:\/\/da-resin-art.com\/ru\/wp-json\/wp\/v2\/product_tag?post=2889"}],"curies":[{"name":"wp","href":"https:\/\/api.w.org\/{rel}","templated":true}]}}