{"id":3840,"date":"2026-01-08T14:29:13","date_gmt":"2026-01-08T13:29:13","guid":{"rendered":"https:\/\/da-resin-art.com\/?post_type=product&#038;p=3840"},"modified":"2026-02-10T18:50:52","modified_gmt":"2026-02-10T17:50:52","slug":"zegar-scienny-szlachetna-rownowaga","status":"publish","type":"product","link":"https:\/\/da-resin-art.com\/ru\/produkt\/zegar-scienny-szlachetna-rownowaga\/","title":{"rendered":"Zegar \u015bcienny 30 cm &#171;Szlachetna R\u00f3wnowaga&#187;"},"content":{"rendered":"\t\t<div data-elementor-type=\"product-post\" data-elementor-id=\"3840\" class=\"elementor elementor-3840\" data-elementor-post-type=\"product\">\n\t\t\t\t\t\t<section class=\"elementor-section elementor-top-section elementor-element elementor-element-1c05077 elementor-section-boxed elementor-section-height-default elementor-section-height-default\" data-id=\"1c05077\" data-element_type=\"section\">\n\t\t\t\t\t\t<div class=\"elementor-container elementor-column-gap-default\">\n\t\t\t\t\t<div class=\"elementor-column elementor-col-100 elementor-top-column elementor-element elementor-element-18dc669\" data-id=\"18dc669\" data-element_type=\"column\">\n\t\t\t<div class=\"elementor-widget-wrap elementor-element-populated\">\n\t\t\t\t\t\t<div class=\"elementor-element elementor-element-0aadb0f elementor-widget elementor-widget-image\" data-id=\"0aadb0f\" data-element_type=\"widget\" data-widget_type=\"image.default\">\n\t\t\t\t<div class=\"elementor-widget-container\">\n\t\t\t\t\t\t\t\t\t\t\t\t\t\t\t<img fetchpriority=\"high\" decoding=\"async\" width=\"1024\" height=\"576\" src=\"https:\/\/da-resin-art.com\/wp-content\/uploads\/2026\/01\/zegary-da-resin-art-bialo-szary-30-cm-9-1024x576.jpg\" class=\"attachment-large size-large wp-image-3865\" alt=\"zegar \u015bcienny szary bia\u0142y 30 cm\" srcset=\"https:\/\/da-resin-art.com\/wp-content\/uploads\/2026\/01\/zegary-da-resin-art-bialo-szary-30-cm-9-1024x576.jpg 1024w, https:\/\/da-resin-art.com\/wp-content\/uploads\/2026\/01\/zegary-da-resin-art-bialo-szary-30-cm-9-300x169.jpg 300w, https:\/\/da-resin-art.com\/wp-content\/uploads\/2026\/01\/zegary-da-resin-art-bialo-szary-30-cm-9-768x432.jpg 768w, https:\/\/da-resin-art.com\/wp-content\/uploads\/2026\/01\/zegary-da-resin-art-bialo-szary-30-cm-9-1536x864.jpg 1536w, https:\/\/da-resin-art.com\/wp-content\/uploads\/2026\/01\/zegary-da-resin-art-bialo-szary-30-cm-9-24x14.jpg 24w, https:\/\/da-resin-art.com\/wp-content\/uploads\/2026\/01\/zegary-da-resin-art-bialo-szary-30-cm-9-36x20.jpg 36w, https:\/\/da-resin-art.com\/wp-content\/uploads\/2026\/01\/zegary-da-resin-art-bialo-szary-30-cm-9-48x27.jpg 48w, https:\/\/da-resin-art.com\/wp-content\/uploads\/2026\/01\/zegary-da-resin-art-bialo-szary-30-cm-9-600x338.jpg 600w, https:\/\/da-resin-art.com\/wp-content\/uploads\/2026\/01\/zegary-da-resin-art-bialo-szary-30-cm-9-89x50.jpg 89w, https:\/\/da-resin-art.com\/wp-content\/uploads\/2026\/01\/zegary-da-resin-art-bialo-szary-30-cm-9.jpg 1920w\" sizes=\"(max-width: 1024px) 100vw, 1024px\" \/>\t\t\t\t\t\t\t\t\t\t\t\t\t\t\t<\/div>\n\t\t\t\t<\/div>\n\t\t\t\t\t<\/div>\n\t\t<\/div>\n\t\t\t\t\t<\/div>\n\t\t<\/section>\n\t\t\t\t<section class=\"elementor-section elementor-top-section elementor-element elementor-element-4e326855 elementor-section-boxed elementor-section-height-default elementor-section-height-default\" data-id=\"4e326855\" data-element_type=\"section\">\n\t\t\t\t\t\t<div class=\"elementor-container elementor-column-gap-default\">\n\t\t\t\t\t<div class=\"elementor-column elementor-col-100 elementor-top-column elementor-element elementor-element-42c485c1\" data-id=\"42c485c1\" data-element_type=\"column\">\n\t\t\t<div class=\"elementor-widget-wrap elementor-element-populated\">\n\t\t\t\t\t\t<div class=\"elementor-element elementor-element-67d3cb9 elementor-widget elementor-widget-text-editor\" data-id=\"67d3cb9\" data-element_type=\"widget\" data-widget_type=\"text-editor.default\">\n\t\t\t\t<div class=\"elementor-widget-container\">\n\t\t\t\t\t\t\t\t\t<p><img decoding=\"async\" class=\"emoji\" role=\"img\" draggable=\"false\" src=\"https:\/\/s.w.org\/images\/core\/emoji\/17.0.2\/svg\/1f5a4.svg\" alt=\"\ud83d\udda4\" \/>Baza &#8212; MDF.<\/p><p><img decoding=\"async\" class=\"emoji\" role=\"img\" draggable=\"false\" src=\"https:\/\/s.w.org\/images\/core\/emoji\/17.0.2\/svg\/1f5a4.svg\" alt=\"\ud83d\udda4\" \/> Zegar \u015bcienny &#171;Szlachetna R\u00f3wnowaga&#187; &#8212; wz\u00f3r wykonany z \u017cywicy epoksydowej.<\/p><p><img decoding=\"async\" class=\"emoji\" role=\"img\" draggable=\"false\" src=\"https:\/\/s.w.org\/images\/core\/emoji\/17.0.2\/svg\/1f5a4.svg\" alt=\"\ud83d\udda4\" \/> Z\u0142ote rzymskie cyfry i wskaz\u00f3wki z lustrzanego plexi.<\/p><p><img decoding=\"async\" class=\"emoji\" role=\"img\" draggable=\"false\" src=\"https:\/\/s.w.org\/images\/core\/emoji\/17.0.2\/svg\/1f5a4.svg\" alt=\"\ud83d\udda4\" \/> Dodatki: kruszone szk\u0142o, magnezyt, kamie\u0144 ksi\u0119\u017cycowy.<\/p>\t\t\t\t\t\t\t\t<\/div>\n\t\t\t\t<\/div>\n\t\t\t\t\t<\/div>\n\t\t<\/div>\n\t\t\t\t\t<\/div>\n\t\t<\/section>\n\t\t\t\t<section class=\"elementor-section elementor-top-section elementor-element elementor-element-1705c5e elementor-section-boxed elementor-section-height-default elementor-section-height-default\" data-id=\"1705c5e\" data-element_type=\"section\">\n\t\t\t\t\t\t<div class=\"elementor-container elementor-column-gap-default\">\n\t\t\t\t\t<div class=\"elementor-column elementor-col-33 elementor-top-column elementor-element elementor-element-e345a69\" data-id=\"e345a69\" data-element_type=\"column\">\n\t\t\t<div class=\"elementor-widget-wrap elementor-element-populated\">\n\t\t\t\t\t\t<div class=\"elementor-element elementor-element-d042564 elementor-widget elementor-widget-video\" data-id=\"d042564\" data-element_type=\"widget\" data-settings=\"{&quot;youtube_url&quot;:&quot;https:\\\/\\\/youtube.com\\\/watch?v=_bp7QqBUtbc&quot;,&quot;video_type&quot;:&quot;youtube&quot;,&quot;controls&quot;:&quot;yes&quot;}\" data-widget_type=\"video.default\">\n\t\t\t\t<div class=\"elementor-widget-container\">\n\t\t\t\t\t\t\t<div class=\"elementor-wrapper elementor-open-inline\">\n\t\t\t<div class=\"elementor-video\"><\/div>\t\t<\/div>\n\t\t\t\t\t\t<\/div>\n\t\t\t\t<\/div>\n\t\t\t\t\t<\/div>\n\t\t<\/div>\n\t\t\t\t<div class=\"elementor-column elementor-col-33 elementor-top-column elementor-element elementor-element-d6da29c\" data-id=\"d6da29c\" data-element_type=\"column\">\n\t\t\t<div class=\"elementor-widget-wrap elementor-element-populated\">\n\t\t\t\t\t\t<div class=\"elementor-element elementor-element-65de88c elementor-widget elementor-widget-image\" data-id=\"65de88c\" data-element_type=\"widget\" data-widget_type=\"image.default\">\n\t\t\t\t<div class=\"elementor-widget-container\">\n\t\t\t\t\t\t\t\t\t\t\t\t\t\t\t<img decoding=\"async\" width=\"576\" height=\"1024\" src=\"https:\/\/da-resin-art.com\/wp-content\/uploads\/2026\/01\/zegary-da-resin-art-bialo-szary-30-cm-4-576x1024.jpg\" class=\"attachment-large size-large wp-image-3850\" alt=\"zegar \u015bcienny szary bia\u0142y 30 cm\" srcset=\"https:\/\/da-resin-art.com\/wp-content\/uploads\/2026\/01\/zegary-da-resin-art-bialo-szary-30-cm-4-576x1024.jpg 576w, https:\/\/da-resin-art.com\/wp-content\/uploads\/2026\/01\/zegary-da-resin-art-bialo-szary-30-cm-4-169x300.jpg 169w, https:\/\/da-resin-art.com\/wp-content\/uploads\/2026\/01\/zegary-da-resin-art-bialo-szary-30-cm-4-768x1365.jpg 768w, https:\/\/da-resin-art.com\/wp-content\/uploads\/2026\/01\/zegary-da-resin-art-bialo-szary-30-cm-4-864x1536.jpg 864w, https:\/\/da-resin-art.com\/wp-content\/uploads\/2026\/01\/zegary-da-resin-art-bialo-szary-30-cm-4-14x24.jpg 14w, https:\/\/da-resin-art.com\/wp-content\/uploads\/2026\/01\/zegary-da-resin-art-bialo-szary-30-cm-4-20x36.jpg 20w, https:\/\/da-resin-art.com\/wp-content\/uploads\/2026\/01\/zegary-da-resin-art-bialo-szary-30-cm-4-27x48.jpg 27w, https:\/\/da-resin-art.com\/wp-content\/uploads\/2026\/01\/zegary-da-resin-art-bialo-szary-30-cm-4-600x1067.jpg 600w, https:\/\/da-resin-art.com\/wp-content\/uploads\/2026\/01\/zegary-da-resin-art-bialo-szary-30-cm-4-28x50.jpg 28w, https:\/\/da-resin-art.com\/wp-content\/uploads\/2026\/01\/zegary-da-resin-art-bialo-szary-30-cm-4.jpg 1080w\" sizes=\"(max-width: 576px) 100vw, 576px\" \/>\t\t\t\t\t\t\t\t\t\t\t\t\t\t\t<\/div>\n\t\t\t\t<\/div>\n\t\t\t\t\t<\/div>\n\t\t<\/div>\n\t\t\t\t<div class=\"elementor-column elementor-col-33 elementor-top-column elementor-element elementor-element-f8aab89\" data-id=\"f8aab89\" data-element_type=\"column\">\n\t\t\t<div class=\"elementor-widget-wrap elementor-element-populated\">\n\t\t\t\t\t\t<div class=\"elementor-element elementor-element-d89be88 elementor-widget elementor-widget-image\" data-id=\"d89be88\" data-element_type=\"widget\" data-widget_type=\"image.default\">\n\t\t\t\t<div class=\"elementor-widget-container\">\n\t\t\t\t\t\t\t\t\t\t\t\t\t\t\t<img decoding=\"async\" width=\"576\" height=\"1024\" src=\"https:\/\/da-resin-art.com\/wp-content\/uploads\/2026\/01\/zegary-da-resin-art-bialo-szary-30-cm-2-576x1024.jpg\" class=\"attachment-large size-large wp-image-3844\" alt=\"zegar \u015bcienny szary bia\u0142y 30 cm\" srcset=\"https:\/\/da-resin-art.com\/wp-content\/uploads\/2026\/01\/zegary-da-resin-art-bialo-szary-30-cm-2-576x1024.jpg 576w, https:\/\/da-resin-art.com\/wp-content\/uploads\/2026\/01\/zegary-da-resin-art-bialo-szary-30-cm-2-169x300.jpg 169w, https:\/\/da-resin-art.com\/wp-content\/uploads\/2026\/01\/zegary-da-resin-art-bialo-szary-30-cm-2-768x1365.jpg 768w, https:\/\/da-resin-art.com\/wp-content\/uploads\/2026\/01\/zegary-da-resin-art-bialo-szary-30-cm-2-864x1536.jpg 864w, https:\/\/da-resin-art.com\/wp-content\/uploads\/2026\/01\/zegary-da-resin-art-bialo-szary-30-cm-2-14x24.jpg 14w, https:\/\/da-resin-art.com\/wp-content\/uploads\/2026\/01\/zegary-da-resin-art-bialo-szary-30-cm-2-20x36.jpg 20w, https:\/\/da-resin-art.com\/wp-content\/uploads\/2026\/01\/zegary-da-resin-art-bialo-szary-30-cm-2-27x48.jpg 27w, https:\/\/da-resin-art.com\/wp-content\/uploads\/2026\/01\/zegary-da-resin-art-bialo-szary-30-cm-2-600x1067.jpg 600w, https:\/\/da-resin-art.com\/wp-content\/uploads\/2026\/01\/zegary-da-resin-art-bialo-szary-30-cm-2-28x50.jpg 28w, https:\/\/da-resin-art.com\/wp-content\/uploads\/2026\/01\/zegary-da-resin-art-bialo-szary-30-cm-2.jpg 1080w\" sizes=\"(max-width: 576px) 100vw, 576px\" \/>\t\t\t\t\t\t\t\t\t\t\t\t\t\t\t<\/div>\n\t\t\t\t<\/div>\n\t\t\t\t\t<\/div>\n\t\t<\/div>\n\t\t\t\t\t<\/div>\n\t\t<\/section>\n\t\t\t\t<section class=\"elementor-section elementor-top-section elementor-element elementor-element-fb10bca elementor-section-boxed elementor-section-height-default elementor-section-height-default\" data-id=\"fb10bca\" data-element_type=\"section\">\n\t\t\t\t\t\t<div class=\"elementor-container elementor-column-gap-default\">\n\t\t\t\t\t<div class=\"elementor-column elementor-col-33 elementor-top-column elementor-element elementor-element-1c9ad07\" data-id=\"1c9ad07\" data-element_type=\"column\">\n\t\t\t<div class=\"elementor-widget-wrap elementor-element-populated\">\n\t\t\t\t\t\t<div class=\"elementor-element elementor-element-109d1d7 elementor-widget elementor-widget-image\" data-id=\"109d1d7\" data-element_type=\"widget\" data-widget_type=\"image.default\">\n\t\t\t\t<div class=\"elementor-widget-container\">\n\t\t\t\t\t\t\t\t\t\t\t\t\t\t\t<img loading=\"lazy\" decoding=\"async\" width=\"576\" height=\"1024\" src=\"https:\/\/da-resin-art.com\/wp-content\/uploads\/2026\/01\/zegary-da-resin-art-bialo-szary-30-cm-3-576x1024.jpg\" class=\"attachment-large size-large wp-image-3847\" alt=\"zegar \u015bcienny szary bia\u0142y 30 cm\" srcset=\"https:\/\/da-resin-art.com\/wp-content\/uploads\/2026\/01\/zegary-da-resin-art-bialo-szary-30-cm-3-576x1024.jpg 576w, https:\/\/da-resin-art.com\/wp-content\/uploads\/2026\/01\/zegary-da-resin-art-bialo-szary-30-cm-3-169x300.jpg 169w, https:\/\/da-resin-art.com\/wp-content\/uploads\/2026\/01\/zegary-da-resin-art-bialo-szary-30-cm-3-768x1365.jpg 768w, https:\/\/da-resin-art.com\/wp-content\/uploads\/2026\/01\/zegary-da-resin-art-bialo-szary-30-cm-3-864x1536.jpg 864w, https:\/\/da-resin-art.com\/wp-content\/uploads\/2026\/01\/zegary-da-resin-art-bialo-szary-30-cm-3-14x24.jpg 14w, https:\/\/da-resin-art.com\/wp-content\/uploads\/2026\/01\/zegary-da-resin-art-bialo-szary-30-cm-3-20x36.jpg 20w, https:\/\/da-resin-art.com\/wp-content\/uploads\/2026\/01\/zegary-da-resin-art-bialo-szary-30-cm-3-27x48.jpg 27w, https:\/\/da-resin-art.com\/wp-content\/uploads\/2026\/01\/zegary-da-resin-art-bialo-szary-30-cm-3-600x1067.jpg 600w, https:\/\/da-resin-art.com\/wp-content\/uploads\/2026\/01\/zegary-da-resin-art-bialo-szary-30-cm-3-28x50.jpg 28w, https:\/\/da-resin-art.com\/wp-content\/uploads\/2026\/01\/zegary-da-resin-art-bialo-szary-30-cm-3.jpg 1080w\" sizes=\"(max-width: 576px) 100vw, 576px\" \/>\t\t\t\t\t\t\t\t\t\t\t\t\t\t\t<\/div>\n\t\t\t\t<\/div>\n\t\t\t\t\t<\/div>\n\t\t<\/div>\n\t\t\t\t<div class=\"elementor-column elementor-col-33 elementor-top-column elementor-element elementor-element-8325f27\" data-id=\"8325f27\" data-element_type=\"column\">\n\t\t\t<div class=\"elementor-widget-wrap elementor-element-populated\">\n\t\t\t\t\t\t<div class=\"elementor-element elementor-element-fb55b93 elementor-widget elementor-widget-image\" data-id=\"fb55b93\" data-element_type=\"widget\" data-widget_type=\"image.default\">\n\t\t\t\t<div class=\"elementor-widget-container\">\n\t\t\t\t\t\t\t\t\t\t\t\t\t\t\t<img loading=\"lazy\" decoding=\"async\" width=\"576\" height=\"1024\" src=\"https:\/\/da-resin-art.com\/wp-content\/uploads\/2026\/01\/zegary-da-resin-art-bialo-szary-30-cm-8-576x1024.jpg\" class=\"attachment-large size-large wp-image-3862\" alt=\"zegar \u015bcienny szary bia\u0142y 30 cm\" srcset=\"https:\/\/da-resin-art.com\/wp-content\/uploads\/2026\/01\/zegary-da-resin-art-bialo-szary-30-cm-8-576x1024.jpg 576w, https:\/\/da-resin-art.com\/wp-content\/uploads\/2026\/01\/zegary-da-resin-art-bialo-szary-30-cm-8-169x300.jpg 169w, https:\/\/da-resin-art.com\/wp-content\/uploads\/2026\/01\/zegary-da-resin-art-bialo-szary-30-cm-8-768x1365.jpg 768w, https:\/\/da-resin-art.com\/wp-content\/uploads\/2026\/01\/zegary-da-resin-art-bialo-szary-30-cm-8-864x1536.jpg 864w, https:\/\/da-resin-art.com\/wp-content\/uploads\/2026\/01\/zegary-da-resin-art-bialo-szary-30-cm-8-14x24.jpg 14w, https:\/\/da-resin-art.com\/wp-content\/uploads\/2026\/01\/zegary-da-resin-art-bialo-szary-30-cm-8-20x36.jpg 20w, https:\/\/da-resin-art.com\/wp-content\/uploads\/2026\/01\/zegary-da-resin-art-bialo-szary-30-cm-8-27x48.jpg 27w, https:\/\/da-resin-art.com\/wp-content\/uploads\/2026\/01\/zegary-da-resin-art-bialo-szary-30-cm-8-600x1067.jpg 600w, https:\/\/da-resin-art.com\/wp-content\/uploads\/2026\/01\/zegary-da-resin-art-bialo-szary-30-cm-8-28x50.jpg 28w, https:\/\/da-resin-art.com\/wp-content\/uploads\/2026\/01\/zegary-da-resin-art-bialo-szary-30-cm-8.jpg 1080w\" sizes=\"(max-width: 576px) 100vw, 576px\" \/>\t\t\t\t\t\t\t\t\t\t\t\t\t\t\t<\/div>\n\t\t\t\t<\/div>\n\t\t\t\t\t<\/div>\n\t\t<\/div>\n\t\t\t\t<div class=\"elementor-column elementor-col-33 elementor-top-column elementor-element elementor-element-8c5aac4\" data-id=\"8c5aac4\" data-element_type=\"column\">\n\t\t\t<div class=\"elementor-widget-wrap elementor-element-populated\">\n\t\t\t\t\t\t<div class=\"elementor-element elementor-element-e748c0e elementor-widget elementor-widget-image\" data-id=\"e748c0e\" data-element_type=\"widget\" data-widget_type=\"image.default\">\n\t\t\t\t<div class=\"elementor-widget-container\">\n\t\t\t\t\t\t\t\t\t\t\t\t\t\t\t<img loading=\"lazy\" decoding=\"async\" width=\"576\" height=\"1024\" src=\"https:\/\/da-resin-art.com\/wp-content\/uploads\/2026\/01\/zegary-da-resin-art-bialo-szary-30-cm-5-576x1024.jpg\" class=\"attachment-large size-large wp-image-3853\" alt=\"zegar \u015bcienny szary bia\u0142y 30 cm\" srcset=\"https:\/\/da-resin-art.com\/wp-content\/uploads\/2026\/01\/zegary-da-resin-art-bialo-szary-30-cm-5-576x1024.jpg 576w, https:\/\/da-resin-art.com\/wp-content\/uploads\/2026\/01\/zegary-da-resin-art-bialo-szary-30-cm-5-169x300.jpg 169w, https:\/\/da-resin-art.com\/wp-content\/uploads\/2026\/01\/zegary-da-resin-art-bialo-szary-30-cm-5-768x1365.jpg 768w, https:\/\/da-resin-art.com\/wp-content\/uploads\/2026\/01\/zegary-da-resin-art-bialo-szary-30-cm-5-864x1536.jpg 864w, https:\/\/da-resin-art.com\/wp-content\/uploads\/2026\/01\/zegary-da-resin-art-bialo-szary-30-cm-5-14x24.jpg 14w, https:\/\/da-resin-art.com\/wp-content\/uploads\/2026\/01\/zegary-da-resin-art-bialo-szary-30-cm-5-20x36.jpg 20w, https:\/\/da-resin-art.com\/wp-content\/uploads\/2026\/01\/zegary-da-resin-art-bialo-szary-30-cm-5-27x48.jpg 27w, https:\/\/da-resin-art.com\/wp-content\/uploads\/2026\/01\/zegary-da-resin-art-bialo-szary-30-cm-5-600x1067.jpg 600w, https:\/\/da-resin-art.com\/wp-content\/uploads\/2026\/01\/zegary-da-resin-art-bialo-szary-30-cm-5-28x50.jpg 28w, https:\/\/da-resin-art.com\/wp-content\/uploads\/2026\/01\/zegary-da-resin-art-bialo-szary-30-cm-5.jpg 1080w\" sizes=\"(max-width: 576px) 100vw, 576px\" \/>\t\t\t\t\t\t\t\t\t\t\t\t\t\t\t<\/div>\n\t\t\t\t<\/div>\n\t\t\t\t\t<\/div>\n\t\t<\/div>\n\t\t\t\t\t<\/div>\n\t\t<\/section>\n\t\t\t\t<section class=\"elementor-section elementor-top-section elementor-element elementor-element-57d3673 elementor-section-boxed elementor-section-height-default elementor-section-height-default\" data-id=\"57d3673\" data-element_type=\"section\">\n\t\t\t\t\t\t<div class=\"elementor-container elementor-column-gap-default\">\n\t\t\t\t\t<div class=\"elementor-column elementor-col-33 elementor-top-column elementor-element elementor-element-5104d5e\" data-id=\"5104d5e\" data-element_type=\"column\">\n\t\t\t<div class=\"elementor-widget-wrap elementor-element-populated\">\n\t\t\t\t\t\t<div class=\"elementor-element elementor-element-6147cac elementor-widget elementor-widget-image\" data-id=\"6147cac\" data-element_type=\"widget\" data-widget_type=\"image.default\">\n\t\t\t\t<div class=\"elementor-widget-container\">\n\t\t\t\t\t\t\t\t\t\t\t\t\t\t\t<img loading=\"lazy\" decoding=\"async\" width=\"576\" height=\"1024\" src=\"https:\/\/da-resin-art.com\/wp-content\/uploads\/2026\/01\/zegary-da-resin-art-bialo-szary-30-cm-6-576x1024.jpg\" class=\"attachment-large size-large wp-image-3856\" alt=\"zegar \u015bcienny szary bia\u0142y 30 cm\" srcset=\"https:\/\/da-resin-art.com\/wp-content\/uploads\/2026\/01\/zegary-da-resin-art-bialo-szary-30-cm-6-576x1024.jpg 576w, https:\/\/da-resin-art.com\/wp-content\/uploads\/2026\/01\/zegary-da-resin-art-bialo-szary-30-cm-6-169x300.jpg 169w, https:\/\/da-resin-art.com\/wp-content\/uploads\/2026\/01\/zegary-da-resin-art-bialo-szary-30-cm-6-768x1365.jpg 768w, https:\/\/da-resin-art.com\/wp-content\/uploads\/2026\/01\/zegary-da-resin-art-bialo-szary-30-cm-6-864x1536.jpg 864w, https:\/\/da-resin-art.com\/wp-content\/uploads\/2026\/01\/zegary-da-resin-art-bialo-szary-30-cm-6-14x24.jpg 14w, https:\/\/da-resin-art.com\/wp-content\/uploads\/2026\/01\/zegary-da-resin-art-bialo-szary-30-cm-6-20x36.jpg 20w, https:\/\/da-resin-art.com\/wp-content\/uploads\/2026\/01\/zegary-da-resin-art-bialo-szary-30-cm-6-27x48.jpg 27w, https:\/\/da-resin-art.com\/wp-content\/uploads\/2026\/01\/zegary-da-resin-art-bialo-szary-30-cm-6-600x1067.jpg 600w, https:\/\/da-resin-art.com\/wp-content\/uploads\/2026\/01\/zegary-da-resin-art-bialo-szary-30-cm-6-28x50.jpg 28w, https:\/\/da-resin-art.com\/wp-content\/uploads\/2026\/01\/zegary-da-resin-art-bialo-szary-30-cm-6.jpg 1080w\" sizes=\"(max-width: 576px) 100vw, 576px\" \/>\t\t\t\t\t\t\t\t\t\t\t\t\t\t\t<\/div>\n\t\t\t\t<\/div>\n\t\t\t\t\t<\/div>\n\t\t<\/div>\n\t\t\t\t<div class=\"elementor-column elementor-col-33 elementor-top-column elementor-element elementor-element-c69a2fe\" data-id=\"c69a2fe\" data-element_type=\"column\">\n\t\t\t<div class=\"elementor-widget-wrap elementor-element-populated\">\n\t\t\t\t\t\t<div class=\"elementor-element elementor-element-54ac9fe elementor-widget elementor-widget-image\" data-id=\"54ac9fe\" data-element_type=\"widget\" data-widget_type=\"image.default\">\n\t\t\t\t<div class=\"elementor-widget-container\">\n\t\t\t\t\t\t\t\t\t\t\t\t\t\t\t<img loading=\"lazy\" decoding=\"async\" width=\"576\" height=\"1024\" src=\"https:\/\/da-resin-art.com\/wp-content\/uploads\/2026\/01\/zegary-da-resin-art-bialo-szary-30-cm-10-576x1024.jpg\" class=\"attachment-large size-large wp-image-3868\" alt=\"zegar \u015bcienny szary bia\u0142y 30 cm\" srcset=\"https:\/\/da-resin-art.com\/wp-content\/uploads\/2026\/01\/zegary-da-resin-art-bialo-szary-30-cm-10-576x1024.jpg 576w, https:\/\/da-resin-art.com\/wp-content\/uploads\/2026\/01\/zegary-da-resin-art-bialo-szary-30-cm-10-169x300.jpg 169w, https:\/\/da-resin-art.com\/wp-content\/uploads\/2026\/01\/zegary-da-resin-art-bialo-szary-30-cm-10-768x1365.jpg 768w, https:\/\/da-resin-art.com\/wp-content\/uploads\/2026\/01\/zegary-da-resin-art-bialo-szary-30-cm-10-864x1536.jpg 864w, https:\/\/da-resin-art.com\/wp-content\/uploads\/2026\/01\/zegary-da-resin-art-bialo-szary-30-cm-10-14x24.jpg 14w, https:\/\/da-resin-art.com\/wp-content\/uploads\/2026\/01\/zegary-da-resin-art-bialo-szary-30-cm-10-20x36.jpg 20w, https:\/\/da-resin-art.com\/wp-content\/uploads\/2026\/01\/zegary-da-resin-art-bialo-szary-30-cm-10-27x48.jpg 27w, https:\/\/da-resin-art.com\/wp-content\/uploads\/2026\/01\/zegary-da-resin-art-bialo-szary-30-cm-10-600x1067.jpg 600w, https:\/\/da-resin-art.com\/wp-content\/uploads\/2026\/01\/zegary-da-resin-art-bialo-szary-30-cm-10-28x50.jpg 28w, https:\/\/da-resin-art.com\/wp-content\/uploads\/2026\/01\/zegary-da-resin-art-bialo-szary-30-cm-10.jpg 1080w\" sizes=\"(max-width: 576px) 100vw, 576px\" \/>\t\t\t\t\t\t\t\t\t\t\t\t\t\t\t<\/div>\n\t\t\t\t<\/div>\n\t\t\t\t\t<\/div>\n\t\t<\/div>\n\t\t\t\t<div class=\"elementor-column elementor-col-33 elementor-top-column elementor-element elementor-element-bf1c6a5\" data-id=\"bf1c6a5\" data-element_type=\"column\">\n\t\t\t<div class=\"elementor-widget-wrap elementor-element-populated\">\n\t\t\t\t\t\t<div class=\"elementor-element elementor-element-2fab658 elementor-widget elementor-widget-image\" data-id=\"2fab658\" data-element_type=\"widget\" data-widget_type=\"image.default\">\n\t\t\t\t<div class=\"elementor-widget-container\">\n\t\t\t\t\t\t\t\t\t\t\t\t\t\t\t<img loading=\"lazy\" decoding=\"async\" width=\"576\" height=\"1024\" src=\"https:\/\/da-resin-art.com\/wp-content\/uploads\/2026\/01\/zegary-da-resin-art-bialo-szary-30-cm-7-576x1024.jpg\" class=\"attachment-large size-large wp-image-3859\" alt=\"zegar \u015bcienny szary bia\u0142y 30 cm\" srcset=\"https:\/\/da-resin-art.com\/wp-content\/uploads\/2026\/01\/zegary-da-resin-art-bialo-szary-30-cm-7-576x1024.jpg 576w, https:\/\/da-resin-art.com\/wp-content\/uploads\/2026\/01\/zegary-da-resin-art-bialo-szary-30-cm-7-169x300.jpg 169w, https:\/\/da-resin-art.com\/wp-content\/uploads\/2026\/01\/zegary-da-resin-art-bialo-szary-30-cm-7-768x1365.jpg 768w, https:\/\/da-resin-art.com\/wp-content\/uploads\/2026\/01\/zegary-da-resin-art-bialo-szary-30-cm-7-864x1536.jpg 864w, https:\/\/da-resin-art.com\/wp-content\/uploads\/2026\/01\/zegary-da-resin-art-bialo-szary-30-cm-7-14x24.jpg 14w, https:\/\/da-resin-art.com\/wp-content\/uploads\/2026\/01\/zegary-da-resin-art-bialo-szary-30-cm-7-20x36.jpg 20w, https:\/\/da-resin-art.com\/wp-content\/uploads\/2026\/01\/zegary-da-resin-art-bialo-szary-30-cm-7-27x48.jpg 27w, https:\/\/da-resin-art.com\/wp-content\/uploads\/2026\/01\/zegary-da-resin-art-bialo-szary-30-cm-7-600x1067.jpg 600w, https:\/\/da-resin-art.com\/wp-content\/uploads\/2026\/01\/zegary-da-resin-art-bialo-szary-30-cm-7-28x50.jpg 28w, https:\/\/da-resin-art.com\/wp-content\/uploads\/2026\/01\/zegary-da-resin-art-bialo-szary-30-cm-7.jpg 1080w\" sizes=\"(max-width: 576px) 100vw, 576px\" \/>\t\t\t\t\t\t\t\t\t\t\t\t\t\t\t<\/div>\n\t\t\t\t<\/div>\n\t\t\t\t\t<\/div>\n\t\t<\/div>\n\t\t\t\t\t<\/div>\n\t\t<\/section>\n\t\t\t\t<\/div>\n\t\t","protected":false},"excerpt":{"rendered":"<p data-pm-slice=\"1 1 []\">\u2705\ufe0f <strong data-start=\"3\" data-end=\"16\">Rozmiar: 30 cm \u015brednica<\/strong><br data-start=\"18\" data-end=\"21\" \/>\u2705\ufe0f <strong data-start=\"24\" data-end=\"50\">Cichy mechanizm zegara<\/strong><br data-start=\"50\" data-end=\"53\" \/>\u2705\ufe0f <strong>Elegancki szary, biel i z\u0142ote akcenty<\/strong><br data-start=\"125\" data-end=\"128\" \/>\u2705\ufe0f <strong data-start=\"131\" data-end=\"175\">Z\u0142ote rzymskie cyfry z lustrzanego plexi i wskaz\u00f3wki<br \/>\n\u2705\ufe0f Dodatki: kruszone szk\u0142o, magnezyt, kamie\u0144 ksi\u0119\u017cycowy<br \/>\n<\/strong><\/p>\n<p class=\"\" data-start=\"231\" data-end=\"618\">Zegar \u015bcienny <strong data-start=\"245\" data-end=\"269\">\u201eSzlachetna R\u00f3wnowaga\u201d<\/strong> to prawdziwa bi\u017cuteria dla Twojej \u015bciany \u2013 wykonany z \u017cywicy epoksydowej, zachwyca szlachetn\u0105 kolorystyk\u0105 i bogatymi detalami.<\/p>\n<p class=\"\" data-start=\"620\" data-end=\"694\">Idealny wyb\u00f3r dla tych, kt\u00f3rzy ceni\u0105 elegancki styl \u2728<\/p>\n","protected":false},"featured_media":3841,"template":"","meta":{"_acf_changed":false,"_kadence_starter_templates_imported_post":false,"_kad_post_transparent":"default","_kad_post_title":"","_kad_post_layout":"default","_kad_post_sidebar_id":"","_kad_post_content_style":"default","_kad_post_vertical_padding":"default","_kad_post_feature":"","_kad_post_feature_position":"","_kad_post_header":false,"_kad_post_footer":false},"product_brand":[],"product_cat":[18],"product_tag":[38,29],"class_list":{"0":"post-3840","1":"product","2":"type-product","3":"status-publish","4":"has-post-thumbnail","6":"product_cat-galeria","7":"product_tag-sprzedany","8":"product_tag-wszystko","10":"first","11":"outofstock","12":"shipping-taxable","13":"purchasable","14":"product-type-simple","15":"entry","16":"content-bg","17":"loop-entry"},"acf":[],"_links":{"self":[{"href":"https:\/\/da-resin-art.com\/ru\/wp-json\/wp\/v2\/product\/3840","targetHints":{"allow":["GET"]}}],"collection":[{"href":"https:\/\/da-resin-art.com\/ru\/wp-json\/wp\/v2\/product"}],"about":[{"href":"https:\/\/da-resin-art.com\/ru\/wp-json\/wp\/v2\/types\/product"}],"version-history":[{"count":6,"href":"https:\/\/da-resin-art.com\/ru\/wp-json\/wp\/v2\/product\/3840\/revisions"}],"predecessor-version":[{"id":4200,"href":"https:\/\/da-resin-art.com\/ru\/wp-json\/wp\/v2\/product\/3840\/revisions\/4200"}],"wp:featuredmedia":[{"embeddable":true,"href":"https:\/\/da-resin-art.com\/ru\/wp-json\/wp\/v2\/media\/3841"}],"wp:attachment":[{"href":"https:\/\/da-resin-art.com\/ru\/wp-json\/wp\/v2\/media?parent=3840"}],"wp:term":[{"taxonomy":"product_brand","embeddable":true,"href":"https:\/\/da-resin-art.com\/ru\/wp-json\/wp\/v2\/product_brand?post=3840"},{"taxonomy":"product_cat","embeddable":true,"href":"https:\/\/da-resin-art.com\/ru\/wp-json\/wp\/v2\/product_cat?post=3840"},{"taxonomy":"product_tag","embeddable":true,"href":"https:\/\/da-resin-art.com\/ru\/wp-json\/wp\/v2\/product_tag?post=3840"}],"curies":[{"name":"wp","href":"https:\/\/api.w.org\/{rel}","templated":true}]}}