{"id":4163,"date":"2026-02-10T18:19:48","date_gmt":"2026-02-10T17:19:48","guid":{"rendered":"https:\/\/da-resin-art.com\/?post_type=product&#038;p=4163"},"modified":"2026-02-10T19:30:26","modified_gmt":"2026-02-10T18:30:26","slug":"zegar-scienny-nocny-szafir-30cm","status":"publish","type":"product","link":"https:\/\/da-resin-art.com\/ru\/produkt\/zegar-scienny-nocny-szafir-30cm\/","title":{"rendered":"Zegar \u015bcienny 30 cm \u201eNocny Szafir\u201d"},"content":{"rendered":"\t\t<div data-elementor-type=\"product-post\" data-elementor-id=\"4163\" class=\"elementor elementor-4163\" data-elementor-post-type=\"product\">\n\t\t\t\t\t\t<section class=\"elementor-section elementor-top-section elementor-element elementor-element-1c05077 elementor-section-boxed elementor-section-height-default elementor-section-height-default\" data-id=\"1c05077\" data-element_type=\"section\">\n\t\t\t\t\t\t<div class=\"elementor-container elementor-column-gap-default\">\n\t\t\t\t\t<div class=\"elementor-column elementor-col-100 elementor-top-column elementor-element elementor-element-18dc669\" data-id=\"18dc669\" data-element_type=\"column\">\n\t\t\t<div class=\"elementor-widget-wrap elementor-element-populated\">\n\t\t\t\t\t\t<div class=\"elementor-element elementor-element-0aadb0f elementor-widget elementor-widget-image\" data-id=\"0aadb0f\" data-element_type=\"widget\" data-widget_type=\"image.default\">\n\t\t\t\t<div class=\"elementor-widget-container\">\n\t\t\t\t\t\t\t\t\t\t\t\t\t\t\t<img fetchpriority=\"high\" decoding=\"async\" width=\"1024\" height=\"576\" src=\"https:\/\/da-resin-art.com\/wp-content\/uploads\/2026\/02\/zegary-da-resin-art-granatowy-srebro-30-cm-3-1024x576.jpg\" class=\"attachment-large size-large wp-image-4170\" alt=\"Zegar \u015bcienny granatowy srebrny\" srcset=\"https:\/\/da-resin-art.com\/wp-content\/uploads\/2026\/02\/zegary-da-resin-art-granatowy-srebro-30-cm-3-1024x576.jpg 1024w, https:\/\/da-resin-art.com\/wp-content\/uploads\/2026\/02\/zegary-da-resin-art-granatowy-srebro-30-cm-3-300x169.jpg 300w, https:\/\/da-resin-art.com\/wp-content\/uploads\/2026\/02\/zegary-da-resin-art-granatowy-srebro-30-cm-3-768x432.jpg 768w, https:\/\/da-resin-art.com\/wp-content\/uploads\/2026\/02\/zegary-da-resin-art-granatowy-srebro-30-cm-3-1536x864.jpg 1536w, https:\/\/da-resin-art.com\/wp-content\/uploads\/2026\/02\/zegary-da-resin-art-granatowy-srebro-30-cm-3-24x14.jpg 24w, https:\/\/da-resin-art.com\/wp-content\/uploads\/2026\/02\/zegary-da-resin-art-granatowy-srebro-30-cm-3-36x20.jpg 36w, https:\/\/da-resin-art.com\/wp-content\/uploads\/2026\/02\/zegary-da-resin-art-granatowy-srebro-30-cm-3-48x27.jpg 48w, https:\/\/da-resin-art.com\/wp-content\/uploads\/2026\/02\/zegary-da-resin-art-granatowy-srebro-30-cm-3-600x338.jpg 600w, https:\/\/da-resin-art.com\/wp-content\/uploads\/2026\/02\/zegary-da-resin-art-granatowy-srebro-30-cm-3-89x50.jpg 89w, https:\/\/da-resin-art.com\/wp-content\/uploads\/2026\/02\/zegary-da-resin-art-granatowy-srebro-30-cm-3.jpg 1920w\" sizes=\"(max-width: 1024px) 100vw, 1024px\" \/>\t\t\t\t\t\t\t\t\t\t\t\t\t\t\t<\/div>\n\t\t\t\t<\/div>\n\t\t\t\t\t<\/div>\n\t\t<\/div>\n\t\t\t\t\t<\/div>\n\t\t<\/section>\n\t\t\t\t<section class=\"elementor-section elementor-top-section elementor-element elementor-element-4e326855 elementor-section-boxed elementor-section-height-default elementor-section-height-default\" data-id=\"4e326855\" data-element_type=\"section\">\n\t\t\t\t\t\t<div class=\"elementor-container elementor-column-gap-default\">\n\t\t\t\t\t<div class=\"elementor-column elementor-col-100 elementor-top-column elementor-element elementor-element-42c485c1\" data-id=\"42c485c1\" data-element_type=\"column\">\n\t\t\t<div class=\"elementor-widget-wrap elementor-element-populated\">\n\t\t\t\t\t\t<div class=\"elementor-element elementor-element-67d3cb9 elementor-widget elementor-widget-text-editor\" data-id=\"67d3cb9\" data-element_type=\"widget\" data-widget_type=\"text-editor.default\">\n\t\t\t\t<div class=\"elementor-widget-container\">\n\t\t\t\t\t\t\t\t\t<p><img decoding=\"async\" class=\"emoji\" role=\"img\" draggable=\"false\" src=\"https:\/\/s.w.org\/images\/core\/emoji\/17.0.2\/svg\/1f5a4.svg\" alt=\"\ud83d\udda4\" \/>Baza &#8212; MDF.<br \/><img decoding=\"async\" class=\"emoji\" role=\"img\" draggable=\"false\" src=\"https:\/\/s.w.org\/images\/core\/emoji\/17.0.2\/svg\/1f5a4.svg\" alt=\"\ud83d\udda4\" \/> Zegar \u015bcienny \u201eNocny Szafir\u201d &#8212; wz\u00f3r wykonany z \u017cywicy epoksydowej.<br \/><img decoding=\"async\" class=\"emoji\" role=\"img\" draggable=\"false\" src=\"https:\/\/s.w.org\/images\/core\/emoji\/17.0.2\/svg\/1f5a4.svg\" alt=\"\ud83d\udda4\" \/> Srebrne arabskie cyfry i wskaz\u00f3wki z lustrzanego plexi.<br \/><img decoding=\"async\" class=\"emoji\" role=\"img\" draggable=\"false\" src=\"https:\/\/s.w.org\/images\/core\/emoji\/17.0.2\/svg\/1f5a4.svg\" alt=\"\ud83d\udda4\" \/> Cichy p\u0142yn\u0105cy mechanizm zegara.<\/p>\t\t\t\t\t\t\t\t<\/div>\n\t\t\t\t<\/div>\n\t\t\t\t\t<\/div>\n\t\t<\/div>\n\t\t\t\t\t<\/div>\n\t\t<\/section>\n\t\t\t\t<section class=\"elementor-section elementor-top-section elementor-element elementor-element-1705c5e elementor-section-boxed elementor-section-height-default elementor-section-height-default\" data-id=\"1705c5e\" data-element_type=\"section\">\n\t\t\t\t\t\t<div class=\"elementor-container elementor-column-gap-default\">\n\t\t\t\t\t<div class=\"elementor-column elementor-col-33 elementor-top-column elementor-element elementor-element-e345a69\" data-id=\"e345a69\" data-element_type=\"column\">\n\t\t\t<div class=\"elementor-widget-wrap elementor-element-populated\">\n\t\t\t\t\t\t<div class=\"elementor-element elementor-element-d042564 elementor-widget elementor-widget-video\" data-id=\"d042564\" data-element_type=\"widget\" data-settings=\"{&quot;youtube_url&quot;:&quot;https:\\\/\\\/youtube.com\\\/watch?v=NIveA8AS-64&quot;,&quot;video_type&quot;:&quot;youtube&quot;,&quot;controls&quot;:&quot;yes&quot;}\" data-widget_type=\"video.default\">\n\t\t\t\t<div class=\"elementor-widget-container\">\n\t\t\t\t\t\t\t<div class=\"elementor-wrapper elementor-open-inline\">\n\t\t\t<div class=\"elementor-video\"><\/div>\t\t<\/div>\n\t\t\t\t\t\t<\/div>\n\t\t\t\t<\/div>\n\t\t\t\t\t<\/div>\n\t\t<\/div>\n\t\t\t\t<div class=\"elementor-column elementor-col-33 elementor-top-column elementor-element elementor-element-d6da29c\" data-id=\"d6da29c\" data-element_type=\"column\">\n\t\t\t<div class=\"elementor-widget-wrap elementor-element-populated\">\n\t\t\t\t\t\t<div class=\"elementor-element elementor-element-65de88c elementor-widget elementor-widget-image\" data-id=\"65de88c\" data-element_type=\"widget\" data-widget_type=\"image.default\">\n\t\t\t\t<div class=\"elementor-widget-container\">\n\t\t\t\t\t\t\t\t\t\t\t\t\t\t\t<img decoding=\"async\" width=\"576\" height=\"1024\" src=\"https:\/\/da-resin-art.com\/wp-content\/uploads\/2026\/02\/zegary-da-resin-art-granatowy-srebro-30-cm-6-576x1024.jpg\" class=\"attachment-large size-large wp-image-4179\" alt=\"Zegar \u015bcienny granatowy srebrny\" srcset=\"https:\/\/da-resin-art.com\/wp-content\/uploads\/2026\/02\/zegary-da-resin-art-granatowy-srebro-30-cm-6-576x1024.jpg 576w, https:\/\/da-resin-art.com\/wp-content\/uploads\/2026\/02\/zegary-da-resin-art-granatowy-srebro-30-cm-6-169x300.jpg 169w, https:\/\/da-resin-art.com\/wp-content\/uploads\/2026\/02\/zegary-da-resin-art-granatowy-srebro-30-cm-6-768x1365.jpg 768w, https:\/\/da-resin-art.com\/wp-content\/uploads\/2026\/02\/zegary-da-resin-art-granatowy-srebro-30-cm-6-864x1536.jpg 864w, https:\/\/da-resin-art.com\/wp-content\/uploads\/2026\/02\/zegary-da-resin-art-granatowy-srebro-30-cm-6-14x24.jpg 14w, https:\/\/da-resin-art.com\/wp-content\/uploads\/2026\/02\/zegary-da-resin-art-granatowy-srebro-30-cm-6-20x36.jpg 20w, https:\/\/da-resin-art.com\/wp-content\/uploads\/2026\/02\/zegary-da-resin-art-granatowy-srebro-30-cm-6-27x48.jpg 27w, https:\/\/da-resin-art.com\/wp-content\/uploads\/2026\/02\/zegary-da-resin-art-granatowy-srebro-30-cm-6-600x1067.jpg 600w, https:\/\/da-resin-art.com\/wp-content\/uploads\/2026\/02\/zegary-da-resin-art-granatowy-srebro-30-cm-6-28x50.jpg 28w, https:\/\/da-resin-art.com\/wp-content\/uploads\/2026\/02\/zegary-da-resin-art-granatowy-srebro-30-cm-6.jpg 1080w\" sizes=\"(max-width: 576px) 100vw, 576px\" \/>\t\t\t\t\t\t\t\t\t\t\t\t\t\t\t<\/div>\n\t\t\t\t<\/div>\n\t\t\t\t\t<\/div>\n\t\t<\/div>\n\t\t\t\t<div class=\"elementor-column elementor-col-33 elementor-top-column elementor-element elementor-element-f8aab89\" data-id=\"f8aab89\" data-element_type=\"column\">\n\t\t\t<div class=\"elementor-widget-wrap elementor-element-populated\">\n\t\t\t\t\t\t<div class=\"elementor-element elementor-element-d89be88 elementor-widget elementor-widget-image\" data-id=\"d89be88\" data-element_type=\"widget\" data-widget_type=\"image.default\">\n\t\t\t\t<div class=\"elementor-widget-container\">\n\t\t\t\t\t\t\t\t\t\t\t\t\t\t\t<img decoding=\"async\" width=\"576\" height=\"1024\" src=\"https:\/\/da-resin-art.com\/wp-content\/uploads\/2026\/02\/zegary-da-resin-art-granatowy-srebro-30-cm-5-576x1024.jpg\" class=\"attachment-large size-large wp-image-4176\" alt=\"Zegar \u015bcienny granatowy srebrny\" srcset=\"https:\/\/da-resin-art.com\/wp-content\/uploads\/2026\/02\/zegary-da-resin-art-granatowy-srebro-30-cm-5-576x1024.jpg 576w, https:\/\/da-resin-art.com\/wp-content\/uploads\/2026\/02\/zegary-da-resin-art-granatowy-srebro-30-cm-5-169x300.jpg 169w, https:\/\/da-resin-art.com\/wp-content\/uploads\/2026\/02\/zegary-da-resin-art-granatowy-srebro-30-cm-5-768x1365.jpg 768w, https:\/\/da-resin-art.com\/wp-content\/uploads\/2026\/02\/zegary-da-resin-art-granatowy-srebro-30-cm-5-864x1536.jpg 864w, https:\/\/da-resin-art.com\/wp-content\/uploads\/2026\/02\/zegary-da-resin-art-granatowy-srebro-30-cm-5-14x24.jpg 14w, https:\/\/da-resin-art.com\/wp-content\/uploads\/2026\/02\/zegary-da-resin-art-granatowy-srebro-30-cm-5-20x36.jpg 20w, https:\/\/da-resin-art.com\/wp-content\/uploads\/2026\/02\/zegary-da-resin-art-granatowy-srebro-30-cm-5-27x48.jpg 27w, https:\/\/da-resin-art.com\/wp-content\/uploads\/2026\/02\/zegary-da-resin-art-granatowy-srebro-30-cm-5-600x1067.jpg 600w, https:\/\/da-resin-art.com\/wp-content\/uploads\/2026\/02\/zegary-da-resin-art-granatowy-srebro-30-cm-5-28x50.jpg 28w, https:\/\/da-resin-art.com\/wp-content\/uploads\/2026\/02\/zegary-da-resin-art-granatowy-srebro-30-cm-5.jpg 1080w\" sizes=\"(max-width: 576px) 100vw, 576px\" \/>\t\t\t\t\t\t\t\t\t\t\t\t\t\t\t<\/div>\n\t\t\t\t<\/div>\n\t\t\t\t\t<\/div>\n\t\t<\/div>\n\t\t\t\t\t<\/div>\n\t\t<\/section>\n\t\t\t\t<section class=\"elementor-section elementor-top-section elementor-element elementor-element-f212c8a elementor-section-boxed elementor-section-height-default elementor-section-height-default\" data-id=\"f212c8a\" data-element_type=\"section\">\n\t\t\t\t\t\t<div class=\"elementor-container elementor-column-gap-default\">\n\t\t\t\t\t<div class=\"elementor-column elementor-col-33 elementor-top-column elementor-element elementor-element-6ff5fa4\" data-id=\"6ff5fa4\" data-element_type=\"column\">\n\t\t\t<div class=\"elementor-widget-wrap elementor-element-populated\">\n\t\t\t\t\t\t<div class=\"elementor-element elementor-element-a688f18 elementor-widget elementor-widget-image\" data-id=\"a688f18\" data-element_type=\"widget\" data-widget_type=\"image.default\">\n\t\t\t\t<div class=\"elementor-widget-container\">\n\t\t\t\t\t\t\t\t\t\t\t\t\t\t\t<img loading=\"lazy\" decoding=\"async\" width=\"576\" height=\"1024\" src=\"https:\/\/da-resin-art.com\/wp-content\/uploads\/2026\/02\/zegary-da-resin-art-granatowy-srebro-30-cm-7-576x1024.jpg\" class=\"attachment-large size-large wp-image-4182\" alt=\"Zegar \u015bcienny granatowy srebrny\" srcset=\"https:\/\/da-resin-art.com\/wp-content\/uploads\/2026\/02\/zegary-da-resin-art-granatowy-srebro-30-cm-7-576x1024.jpg 576w, https:\/\/da-resin-art.com\/wp-content\/uploads\/2026\/02\/zegary-da-resin-art-granatowy-srebro-30-cm-7-169x300.jpg 169w, https:\/\/da-resin-art.com\/wp-content\/uploads\/2026\/02\/zegary-da-resin-art-granatowy-srebro-30-cm-7-768x1365.jpg 768w, https:\/\/da-resin-art.com\/wp-content\/uploads\/2026\/02\/zegary-da-resin-art-granatowy-srebro-30-cm-7-864x1536.jpg 864w, https:\/\/da-resin-art.com\/wp-content\/uploads\/2026\/02\/zegary-da-resin-art-granatowy-srebro-30-cm-7-14x24.jpg 14w, https:\/\/da-resin-art.com\/wp-content\/uploads\/2026\/02\/zegary-da-resin-art-granatowy-srebro-30-cm-7-20x36.jpg 20w, https:\/\/da-resin-art.com\/wp-content\/uploads\/2026\/02\/zegary-da-resin-art-granatowy-srebro-30-cm-7-27x48.jpg 27w, https:\/\/da-resin-art.com\/wp-content\/uploads\/2026\/02\/zegary-da-resin-art-granatowy-srebro-30-cm-7-600x1067.jpg 600w, https:\/\/da-resin-art.com\/wp-content\/uploads\/2026\/02\/zegary-da-resin-art-granatowy-srebro-30-cm-7-28x50.jpg 28w, https:\/\/da-resin-art.com\/wp-content\/uploads\/2026\/02\/zegary-da-resin-art-granatowy-srebro-30-cm-7.jpg 1080w\" sizes=\"(max-width: 576px) 100vw, 576px\" \/>\t\t\t\t\t\t\t\t\t\t\t\t\t\t\t<\/div>\n\t\t\t\t<\/div>\n\t\t\t\t\t<\/div>\n\t\t<\/div>\n\t\t\t\t<div class=\"elementor-column elementor-col-33 elementor-top-column elementor-element elementor-element-5019113\" data-id=\"5019113\" data-element_type=\"column\">\n\t\t\t<div class=\"elementor-widget-wrap elementor-element-populated\">\n\t\t\t\t\t\t<div class=\"elementor-element elementor-element-7a4d916 elementor-widget elementor-widget-image\" data-id=\"7a4d916\" data-element_type=\"widget\" data-widget_type=\"image.default\">\n\t\t\t\t<div class=\"elementor-widget-container\">\n\t\t\t\t\t\t\t\t\t\t\t\t\t\t\t<img loading=\"lazy\" decoding=\"async\" width=\"576\" height=\"1024\" src=\"https:\/\/da-resin-art.com\/wp-content\/uploads\/2026\/02\/zegary-da-resin-art-granatowy-srebro-30-cm-4-576x1024.jpg\" class=\"attachment-large size-large wp-image-4173\" alt=\"Zegar \u015bcienny granatowy srebrny\" srcset=\"https:\/\/da-resin-art.com\/wp-content\/uploads\/2026\/02\/zegary-da-resin-art-granatowy-srebro-30-cm-4-576x1024.jpg 576w, https:\/\/da-resin-art.com\/wp-content\/uploads\/2026\/02\/zegary-da-resin-art-granatowy-srebro-30-cm-4-169x300.jpg 169w, https:\/\/da-resin-art.com\/wp-content\/uploads\/2026\/02\/zegary-da-resin-art-granatowy-srebro-30-cm-4-768x1365.jpg 768w, https:\/\/da-resin-art.com\/wp-content\/uploads\/2026\/02\/zegary-da-resin-art-granatowy-srebro-30-cm-4-864x1536.jpg 864w, https:\/\/da-resin-art.com\/wp-content\/uploads\/2026\/02\/zegary-da-resin-art-granatowy-srebro-30-cm-4-14x24.jpg 14w, https:\/\/da-resin-art.com\/wp-content\/uploads\/2026\/02\/zegary-da-resin-art-granatowy-srebro-30-cm-4-20x36.jpg 20w, https:\/\/da-resin-art.com\/wp-content\/uploads\/2026\/02\/zegary-da-resin-art-granatowy-srebro-30-cm-4-27x48.jpg 27w, https:\/\/da-resin-art.com\/wp-content\/uploads\/2026\/02\/zegary-da-resin-art-granatowy-srebro-30-cm-4-600x1067.jpg 600w, https:\/\/da-resin-art.com\/wp-content\/uploads\/2026\/02\/zegary-da-resin-art-granatowy-srebro-30-cm-4-28x50.jpg 28w, https:\/\/da-resin-art.com\/wp-content\/uploads\/2026\/02\/zegary-da-resin-art-granatowy-srebro-30-cm-4.jpg 1080w\" sizes=\"(max-width: 576px) 100vw, 576px\" \/>\t\t\t\t\t\t\t\t\t\t\t\t\t\t\t<\/div>\n\t\t\t\t<\/div>\n\t\t\t\t\t<\/div>\n\t\t<\/div>\n\t\t\t\t<div class=\"elementor-column elementor-col-33 elementor-top-column elementor-element elementor-element-2ef9ea4\" data-id=\"2ef9ea4\" data-element_type=\"column\">\n\t\t\t<div class=\"elementor-widget-wrap elementor-element-populated\">\n\t\t\t\t\t\t<div class=\"elementor-element elementor-element-dfe2fa8 elementor-widget elementor-widget-image\" data-id=\"dfe2fa8\" data-element_type=\"widget\" data-widget_type=\"image.default\">\n\t\t\t\t<div class=\"elementor-widget-container\">\n\t\t\t\t\t\t\t\t\t\t\t\t\t\t\t<img loading=\"lazy\" decoding=\"async\" width=\"576\" height=\"1024\" src=\"https:\/\/da-resin-art.com\/wp-content\/uploads\/2026\/02\/zegary-da-resin-art-granatowy-srebro-30-cm-2-576x1024.jpg\" class=\"attachment-large size-large wp-image-4167\" alt=\"Zegar \u015bcienny granatowy srebrny\" srcset=\"https:\/\/da-resin-art.com\/wp-content\/uploads\/2026\/02\/zegary-da-resin-art-granatowy-srebro-30-cm-2-576x1024.jpg 576w, https:\/\/da-resin-art.com\/wp-content\/uploads\/2026\/02\/zegary-da-resin-art-granatowy-srebro-30-cm-2-169x300.jpg 169w, https:\/\/da-resin-art.com\/wp-content\/uploads\/2026\/02\/zegary-da-resin-art-granatowy-srebro-30-cm-2-768x1365.jpg 768w, https:\/\/da-resin-art.com\/wp-content\/uploads\/2026\/02\/zegary-da-resin-art-granatowy-srebro-30-cm-2-864x1536.jpg 864w, https:\/\/da-resin-art.com\/wp-content\/uploads\/2026\/02\/zegary-da-resin-art-granatowy-srebro-30-cm-2-14x24.jpg 14w, https:\/\/da-resin-art.com\/wp-content\/uploads\/2026\/02\/zegary-da-resin-art-granatowy-srebro-30-cm-2-20x36.jpg 20w, https:\/\/da-resin-art.com\/wp-content\/uploads\/2026\/02\/zegary-da-resin-art-granatowy-srebro-30-cm-2-27x48.jpg 27w, https:\/\/da-resin-art.com\/wp-content\/uploads\/2026\/02\/zegary-da-resin-art-granatowy-srebro-30-cm-2-600x1067.jpg 600w, https:\/\/da-resin-art.com\/wp-content\/uploads\/2026\/02\/zegary-da-resin-art-granatowy-srebro-30-cm-2-28x50.jpg 28w, https:\/\/da-resin-art.com\/wp-content\/uploads\/2026\/02\/zegary-da-resin-art-granatowy-srebro-30-cm-2.jpg 1080w\" sizes=\"(max-width: 576px) 100vw, 576px\" \/>\t\t\t\t\t\t\t\t\t\t\t\t\t\t\t<\/div>\n\t\t\t\t<\/div>\n\t\t\t\t\t<\/div>\n\t\t<\/div>\n\t\t\t\t\t<\/div>\n\t\t<\/section>\n\t\t\t\t<section class=\"elementor-section elementor-top-section elementor-element elementor-element-487d70b elementor-section-boxed elementor-section-height-default elementor-section-height-default\" data-id=\"487d70b\" data-element_type=\"section\">\n\t\t\t\t\t\t<div class=\"elementor-container elementor-column-gap-default\">\n\t\t\t\t\t<div class=\"elementor-column elementor-col-100 elementor-top-column elementor-element elementor-element-d6ef102\" data-id=\"d6ef102\" data-element_type=\"column\">\n\t\t\t<div class=\"elementor-widget-wrap elementor-element-populated\">\n\t\t\t\t\t\t<div class=\"elementor-element elementor-element-e807ef7 elementor-widget elementor-widget-text-editor\" data-id=\"e807ef7\" data-element_type=\"widget\" data-widget_type=\"text-editor.default\">\n\t\t\t\t<div class=\"elementor-widget-container\">\n\t\t\t\t\t\t\t\t\t<p data-start=\"0\" data-end=\"267\">Patrz\u0105c na zegar <strong data-start=\"17\" data-end=\"35\">\u201eNocny Szafir\u201d<\/strong> od razu wida\u0107, \u017ce to projekt przemy\u015blany w ka\u017cdym detalu. Jako osoba pracuj\u0105ca z designem i \u017cywic\u0105 epoksydow\u0105 wiem jedno \u2014 takie po\u0142\u0105czenie koloru, proporcji i \u015bwiat\u0142a <strong data-start=\"204\" data-end=\"266\">nie tylko zdobi wn\u0119trze, ale realnie wp\u0142ywa na jego odbi\u00f3r<\/strong>.<\/p><p data-start=\"269\" data-end=\"668\">G\u0142\u0119bokie granaty i niebiesko-srebrne akcenty wprowadzaj\u0105 do przestrzeni spok\u00f3j, elegancj\u0119 i wra\u017cenie uporz\u0105dkowania. To zegar, kt\u00f3ry nie dominuje agresywnie, ale <strong data-start=\"431\" data-end=\"458\">buduje klas\u0119 i harmoni\u0119<\/strong> \u2014 idealny do salonu, gabinetu czy biura, gdzie liczy si\u0119 estetyka i koncentracja. Cichy mechanizm sprawia, \u017ce czas p\u0142ynie dyskretnie, bez rozpraszania, co doceni ka\u017cdy, kto pracuje lub odpoczywa w tym wn\u0119trzu.<\/p><p data-start=\"670\" data-end=\"941\">Dla w\u0142a\u015bciciela to co\u015b wi\u0119cej ni\u017c praktyczny przedmiot. To <strong data-start=\"729\" data-end=\"755\">\u015bwiadomy wyb\u00f3r designu<\/strong>, detal, kt\u00f3ry pokazuje gust i dba\u0142o\u015b\u0107 o jako\u015b\u0107. A dla osoby obdarowanej \u2014 <strong data-start=\"830\" data-end=\"852\">oryginalny prezent<\/strong>, kt\u00f3ry nie jest kolejn\u0105 przypadkow\u0105 rzecz\u0105, lecz przedmiotem z charakterem i histori\u0105.<\/p><p data-start=\"943\" data-end=\"1026\" data-is-last-node=\"\" data-is-only-node=\"\">Takie zegary zostaj\u0105 z nami na lata. I w\u0142a\u015bnie na tym polega ich prawdziwa warto\u015b\u0107.<\/p>\t\t\t\t\t\t\t\t<\/div>\n\t\t\t\t<\/div>\n\t\t\t\t\t<\/div>\n\t\t<\/div>\n\t\t\t\t\t<\/div>\n\t\t<\/section>\n\t\t\t\t<\/div>\n\t\t","protected":false},"excerpt":{"rendered":"<p data-start=\"0\" data-end=\"156\">\u2705\ufe0f <strong>Rozmiar: 30 cm \u015brednica<\/strong><br data-start=\"26\" data-end=\"29\" \/><strong>\u2705\ufe0f Cichy mechanizm zegara<\/strong><br data-start=\"54\" data-end=\"57\" data-is-only-node=\"\" \/><strong>\u2705\ufe0f G\u0142\u0119boki granatowy, niebieski i srebrne akcenty<\/strong><br data-start=\"106\" data-end=\"109\" \/><strong>\u2705\ufe0f Srebrne arabskie cyfry z lustrzanego plexi<\/strong><\/p>\n<p data-start=\"158\" data-end=\"415\">Zegar \u015bcienny <strong data-start=\"172\" data-end=\"190\">\u201eNocny Szafir\u201d<\/strong> to prawdziwa bi\u017cuteria dla Twojej \u015bciany \u2014 wykonany z \u017cywicy epoksydowej, zachwyca szlachetn\u0105 kolorystyk\u0105 i subtelnymi detalami.<br data-start=\"319\" data-end=\"322\" \/>To <strong data-start=\"325\" data-end=\"357\">unikalne dope\u0142nienie wn\u0119trza<\/strong>, kt\u00f3re przyci\u0105ga wzrok i nadaje przestrzeni charakteru.<\/p>\n<p data-start=\"417\" data-end=\"470\" data-is-last-node=\"\" data-is-only-node=\"\">Idealny wyb\u00f3r dla tych, kt\u00f3rzy ceni\u0105 elegancki styl \u2728<\/p>\n","protected":false},"featured_media":4164,"template":"","meta":{"_acf_changed":false,"_kadence_starter_templates_imported_post":false,"_kad_post_transparent":"default","_kad_post_title":"","_kad_post_layout":"default","_kad_post_sidebar_id":"","_kad_post_content_style":"default","_kad_post_vertical_padding":"default","_kad_post_feature":"","_kad_post_feature_position":"","_kad_post_header":false,"_kad_post_footer":false},"product_brand":[],"product_cat":[18],"product_tag":[28,29],"class_list":{"0":"post-4163","1":"product","2":"type-product","3":"status-publish","4":"has-post-thumbnail","6":"product_cat-galeria","7":"product_tag-dostepne","8":"product_tag-wszystko","10":"first","11":"instock","12":"shipping-taxable","13":"purchasable","14":"product-type-simple","15":"entry","16":"content-bg","17":"loop-entry"},"acf":[],"_links":{"self":[{"href":"https:\/\/da-resin-art.com\/ru\/wp-json\/wp\/v2\/product\/4163","targetHints":{"allow":["GET"]}}],"collection":[{"href":"https:\/\/da-resin-art.com\/ru\/wp-json\/wp\/v2\/product"}],"about":[{"href":"https:\/\/da-resin-art.com\/ru\/wp-json\/wp\/v2\/types\/product"}],"version-history":[{"count":8,"href":"https:\/\/da-resin-art.com\/ru\/wp-json\/wp\/v2\/product\/4163\/revisions"}],"predecessor-version":[{"id":4193,"href":"https:\/\/da-resin-art.com\/ru\/wp-json\/wp\/v2\/product\/4163\/revisions\/4193"}],"wp:featuredmedia":[{"embeddable":true,"href":"https:\/\/da-resin-art.com\/ru\/wp-json\/wp\/v2\/media\/4164"}],"wp:attachment":[{"href":"https:\/\/da-resin-art.com\/ru\/wp-json\/wp\/v2\/media?parent=4163"}],"wp:term":[{"taxonomy":"product_brand","embeddable":true,"href":"https:\/\/da-resin-art.com\/ru\/wp-json\/wp\/v2\/product_brand?post=4163"},{"taxonomy":"product_cat","embeddable":true,"href":"https:\/\/da-resin-art.com\/ru\/wp-json\/wp\/v2\/product_cat?post=4163"},{"taxonomy":"product_tag","embeddable":true,"href":"https:\/\/da-resin-art.com\/ru\/wp-json\/wp\/v2\/product_tag?post=4163"}],"curies":[{"name":"wp","href":"https:\/\/api.w.org\/{rel}","templated":true}]}}