{"id":4288,"date":"2026-02-10T19:16:19","date_gmt":"2026-02-10T18:16:19","guid":{"rendered":"https:\/\/da-resin-art.com\/?post_type=product&#038;p=4288"},"modified":"2026-02-10T19:34:34","modified_gmt":"2026-02-10T18:34:34","slug":"zegar-scienny-30-cm-nefryt","status":"publish","type":"product","link":"https:\/\/da-resin-art.com\/ru\/produkt\/zegar-scienny-30-cm-nefryt\/","title":{"rendered":"Zegar \u015bcienny 30 cm \u201eNefryt\u201d"},"content":{"rendered":"\t\t<div data-elementor-type=\"product-post\" data-elementor-id=\"4288\" class=\"elementor elementor-4288\" data-elementor-post-type=\"product\">\n\t\t\t\t\t\t<section class=\"elementor-section elementor-top-section elementor-element elementor-element-1c05077 elementor-section-boxed elementor-section-height-default elementor-section-height-default\" data-id=\"1c05077\" data-element_type=\"section\">\n\t\t\t\t\t\t<div class=\"elementor-container elementor-column-gap-default\">\n\t\t\t\t\t<div class=\"elementor-column elementor-col-100 elementor-top-column elementor-element elementor-element-18dc669\" data-id=\"18dc669\" data-element_type=\"column\">\n\t\t\t<div class=\"elementor-widget-wrap elementor-element-populated\">\n\t\t\t\t\t\t<div class=\"elementor-element elementor-element-0aadb0f elementor-widget elementor-widget-image\" data-id=\"0aadb0f\" data-element_type=\"widget\" data-widget_type=\"image.default\">\n\t\t\t\t<div class=\"elementor-widget-container\">\n\t\t\t\t\t\t\t\t\t\t\t\t\t\t\t<img fetchpriority=\"high\" decoding=\"async\" width=\"1024\" height=\"576\" src=\"https:\/\/da-resin-art.com\/wp-content\/uploads\/2026\/02\/zegary-da-resin-art-nefryt-zloto-30-cm-6-1024x576.jpg\" class=\"attachment-large size-large wp-image-4306\" alt=\"zegar z \u017cywicy zielony z\u0142oty 30 cm\" srcset=\"https:\/\/da-resin-art.com\/wp-content\/uploads\/2026\/02\/zegary-da-resin-art-nefryt-zloto-30-cm-6-1024x576.jpg 1024w, https:\/\/da-resin-art.com\/wp-content\/uploads\/2026\/02\/zegary-da-resin-art-nefryt-zloto-30-cm-6-300x169.jpg 300w, https:\/\/da-resin-art.com\/wp-content\/uploads\/2026\/02\/zegary-da-resin-art-nefryt-zloto-30-cm-6-768x432.jpg 768w, https:\/\/da-resin-art.com\/wp-content\/uploads\/2026\/02\/zegary-da-resin-art-nefryt-zloto-30-cm-6-24x14.jpg 24w, https:\/\/da-resin-art.com\/wp-content\/uploads\/2026\/02\/zegary-da-resin-art-nefryt-zloto-30-cm-6-36x20.jpg 36w, https:\/\/da-resin-art.com\/wp-content\/uploads\/2026\/02\/zegary-da-resin-art-nefryt-zloto-30-cm-6-48x27.jpg 48w, https:\/\/da-resin-art.com\/wp-content\/uploads\/2026\/02\/zegary-da-resin-art-nefryt-zloto-30-cm-6-600x338.jpg 600w, https:\/\/da-resin-art.com\/wp-content\/uploads\/2026\/02\/zegary-da-resin-art-nefryt-zloto-30-cm-6-89x50.jpg 89w, https:\/\/da-resin-art.com\/wp-content\/uploads\/2026\/02\/zegary-da-resin-art-nefryt-zloto-30-cm-6.jpg 1080w\" sizes=\"(max-width: 1024px) 100vw, 1024px\" \/>\t\t\t\t\t\t\t\t\t\t\t\t\t\t\t<\/div>\n\t\t\t\t<\/div>\n\t\t\t\t\t<\/div>\n\t\t<\/div>\n\t\t\t\t\t<\/div>\n\t\t<\/section>\n\t\t\t\t<section class=\"elementor-section elementor-top-section elementor-element elementor-element-4e326855 elementor-section-boxed elementor-section-height-default elementor-section-height-default\" data-id=\"4e326855\" data-element_type=\"section\">\n\t\t\t\t\t\t<div class=\"elementor-container elementor-column-gap-default\">\n\t\t\t\t\t<div class=\"elementor-column elementor-col-100 elementor-top-column elementor-element elementor-element-42c485c1\" data-id=\"42c485c1\" data-element_type=\"column\">\n\t\t\t<div class=\"elementor-widget-wrap elementor-element-populated\">\n\t\t\t\t\t\t<div class=\"elementor-element elementor-element-67d3cb9 elementor-widget elementor-widget-text-editor\" data-id=\"67d3cb9\" data-element_type=\"widget\" data-widget_type=\"text-editor.default\">\n\t\t\t\t<div class=\"elementor-widget-container\">\n\t\t\t\t\t\t\t\t\t<p><img decoding=\"async\" class=\"emoji\" role=\"img\" draggable=\"false\" src=\"https:\/\/s.w.org\/images\/core\/emoji\/17.0.2\/svg\/1f5a4.svg\" alt=\"\ud83d\udda4\" \/>Baza &#8212; MDF.<br \/><img decoding=\"async\" class=\"emoji\" role=\"img\" draggable=\"false\" src=\"https:\/\/s.w.org\/images\/core\/emoji\/17.0.2\/svg\/1f5a4.svg\" alt=\"\ud83d\udda4\" \/> Zegar \u015bcienny \u201eNefryt\u201d &#8212; wz\u00f3r wykonany z \u017cywicy epoksydowej.<br \/><img decoding=\"async\" class=\"emoji\" role=\"img\" draggable=\"false\" src=\"https:\/\/s.w.org\/images\/core\/emoji\/17.0.2\/svg\/1f5a4.svg\" alt=\"\ud83d\udda4\" \/> Z\u0142ote arabskie cyfry i wskaz\u00f3wki z lustrzanego plexi.<br \/><img decoding=\"async\" class=\"emoji\" role=\"img\" draggable=\"false\" src=\"https:\/\/s.w.org\/images\/core\/emoji\/17.0.2\/svg\/1f5a4.svg\" alt=\"\ud83d\udda4\" \/> Cichy p\u0142yn\u0105cy mechanizm zegara.<\/p>\t\t\t\t\t\t\t\t<\/div>\n\t\t\t\t<\/div>\n\t\t\t\t\t<\/div>\n\t\t<\/div>\n\t\t\t\t\t<\/div>\n\t\t<\/section>\n\t\t\t\t<section class=\"elementor-section elementor-top-section elementor-element elementor-element-1705c5e elementor-section-boxed elementor-section-height-default elementor-section-height-default\" data-id=\"1705c5e\" data-element_type=\"section\">\n\t\t\t\t\t\t<div class=\"elementor-container elementor-column-gap-default\">\n\t\t\t\t\t<div class=\"elementor-column elementor-col-33 elementor-top-column elementor-element elementor-element-e345a69\" data-id=\"e345a69\" data-element_type=\"column\">\n\t\t\t<div class=\"elementor-widget-wrap elementor-element-populated\">\n\t\t\t\t\t\t<div class=\"elementor-element elementor-element-d042564 elementor-widget elementor-widget-video\" data-id=\"d042564\" data-element_type=\"widget\" data-settings=\"{&quot;youtube_url&quot;:&quot;https:\\\/\\\/youtube.com\\\/watch?v=NEsxXHnjI3g&quot;,&quot;video_type&quot;:&quot;youtube&quot;,&quot;controls&quot;:&quot;yes&quot;}\" data-widget_type=\"video.default\">\n\t\t\t\t<div class=\"elementor-widget-container\">\n\t\t\t\t\t\t\t<div class=\"elementor-wrapper elementor-open-inline\">\n\t\t\t<div class=\"elementor-video\"><\/div>\t\t<\/div>\n\t\t\t\t\t\t<\/div>\n\t\t\t\t<\/div>\n\t\t\t\t\t<\/div>\n\t\t<\/div>\n\t\t\t\t<div class=\"elementor-column elementor-col-33 elementor-top-column elementor-element elementor-element-d6da29c\" data-id=\"d6da29c\" data-element_type=\"column\">\n\t\t\t<div class=\"elementor-widget-wrap elementor-element-populated\">\n\t\t\t\t\t\t<div class=\"elementor-element elementor-element-65de88c elementor-widget elementor-widget-image\" data-id=\"65de88c\" data-element_type=\"widget\" data-widget_type=\"image.default\">\n\t\t\t\t<div class=\"elementor-widget-container\">\n\t\t\t\t\t\t\t\t\t\t\t\t\t\t\t<img decoding=\"async\" width=\"576\" height=\"1024\" src=\"https:\/\/da-resin-art.com\/wp-content\/uploads\/2026\/02\/zegary-da-resin-art-nefryt-zloto-30-cm-8-576x1024.jpg\" class=\"attachment-large size-large wp-image-4312\" alt=\"zegar z \u017cywicy zielony z\u0142oty 30 cm\" srcset=\"https:\/\/da-resin-art.com\/wp-content\/uploads\/2026\/02\/zegary-da-resin-art-nefryt-zloto-30-cm-8-576x1024.jpg 576w, https:\/\/da-resin-art.com\/wp-content\/uploads\/2026\/02\/zegary-da-resin-art-nefryt-zloto-30-cm-8-169x300.jpg 169w, https:\/\/da-resin-art.com\/wp-content\/uploads\/2026\/02\/zegary-da-resin-art-nefryt-zloto-30-cm-8-768x1365.jpg 768w, https:\/\/da-resin-art.com\/wp-content\/uploads\/2026\/02\/zegary-da-resin-art-nefryt-zloto-30-cm-8-864x1536.jpg 864w, https:\/\/da-resin-art.com\/wp-content\/uploads\/2026\/02\/zegary-da-resin-art-nefryt-zloto-30-cm-8-14x24.jpg 14w, https:\/\/da-resin-art.com\/wp-content\/uploads\/2026\/02\/zegary-da-resin-art-nefryt-zloto-30-cm-8-20x36.jpg 20w, https:\/\/da-resin-art.com\/wp-content\/uploads\/2026\/02\/zegary-da-resin-art-nefryt-zloto-30-cm-8-27x48.jpg 27w, https:\/\/da-resin-art.com\/wp-content\/uploads\/2026\/02\/zegary-da-resin-art-nefryt-zloto-30-cm-8-600x1067.jpg 600w, https:\/\/da-resin-art.com\/wp-content\/uploads\/2026\/02\/zegary-da-resin-art-nefryt-zloto-30-cm-8-28x50.jpg 28w, https:\/\/da-resin-art.com\/wp-content\/uploads\/2026\/02\/zegary-da-resin-art-nefryt-zloto-30-cm-8.jpg 1080w\" sizes=\"(max-width: 576px) 100vw, 576px\" \/>\t\t\t\t\t\t\t\t\t\t\t\t\t\t\t<\/div>\n\t\t\t\t<\/div>\n\t\t\t\t\t<\/div>\n\t\t<\/div>\n\t\t\t\t<div class=\"elementor-column elementor-col-33 elementor-top-column elementor-element elementor-element-f8aab89\" data-id=\"f8aab89\" data-element_type=\"column\">\n\t\t\t<div class=\"elementor-widget-wrap elementor-element-populated\">\n\t\t\t\t\t\t<div class=\"elementor-element elementor-element-d89be88 elementor-widget elementor-widget-image\" data-id=\"d89be88\" data-element_type=\"widget\" data-widget_type=\"image.default\">\n\t\t\t\t<div class=\"elementor-widget-container\">\n\t\t\t\t\t\t\t\t\t\t\t\t\t\t\t<img decoding=\"async\" width=\"576\" height=\"1024\" src=\"https:\/\/da-resin-art.com\/wp-content\/uploads\/2026\/02\/zegary-da-resin-art-nefryt-zloto-30-cm-2-576x1024.jpg\" class=\"attachment-large size-large wp-image-4294\" alt=\"zegar z \u017cywicy zielony z\u0142oty 30 cm\" srcset=\"https:\/\/da-resin-art.com\/wp-content\/uploads\/2026\/02\/zegary-da-resin-art-nefryt-zloto-30-cm-2-576x1024.jpg 576w, https:\/\/da-resin-art.com\/wp-content\/uploads\/2026\/02\/zegary-da-resin-art-nefryt-zloto-30-cm-2-169x300.jpg 169w, https:\/\/da-resin-art.com\/wp-content\/uploads\/2026\/02\/zegary-da-resin-art-nefryt-zloto-30-cm-2-768x1365.jpg 768w, https:\/\/da-resin-art.com\/wp-content\/uploads\/2026\/02\/zegary-da-resin-art-nefryt-zloto-30-cm-2-864x1536.jpg 864w, https:\/\/da-resin-art.com\/wp-content\/uploads\/2026\/02\/zegary-da-resin-art-nefryt-zloto-30-cm-2-14x24.jpg 14w, https:\/\/da-resin-art.com\/wp-content\/uploads\/2026\/02\/zegary-da-resin-art-nefryt-zloto-30-cm-2-20x36.jpg 20w, https:\/\/da-resin-art.com\/wp-content\/uploads\/2026\/02\/zegary-da-resin-art-nefryt-zloto-30-cm-2-27x48.jpg 27w, https:\/\/da-resin-art.com\/wp-content\/uploads\/2026\/02\/zegary-da-resin-art-nefryt-zloto-30-cm-2-600x1067.jpg 600w, https:\/\/da-resin-art.com\/wp-content\/uploads\/2026\/02\/zegary-da-resin-art-nefryt-zloto-30-cm-2-28x50.jpg 28w, https:\/\/da-resin-art.com\/wp-content\/uploads\/2026\/02\/zegary-da-resin-art-nefryt-zloto-30-cm-2.jpg 1080w\" sizes=\"(max-width: 576px) 100vw, 576px\" \/>\t\t\t\t\t\t\t\t\t\t\t\t\t\t\t<\/div>\n\t\t\t\t<\/div>\n\t\t\t\t\t<\/div>\n\t\t<\/div>\n\t\t\t\t\t<\/div>\n\t\t<\/section>\n\t\t\t\t<section class=\"elementor-section elementor-top-section elementor-element elementor-element-f212c8a elementor-section-boxed elementor-section-height-default elementor-section-height-default\" data-id=\"f212c8a\" data-element_type=\"section\">\n\t\t\t\t\t\t<div class=\"elementor-container elementor-column-gap-default\">\n\t\t\t\t\t<div class=\"elementor-column elementor-col-33 elementor-top-column elementor-element elementor-element-6ff5fa4\" data-id=\"6ff5fa4\" data-element_type=\"column\">\n\t\t\t<div class=\"elementor-widget-wrap elementor-element-populated\">\n\t\t\t\t\t\t<div class=\"elementor-element elementor-element-a688f18 elementor-widget elementor-widget-image\" data-id=\"a688f18\" data-element_type=\"widget\" data-widget_type=\"image.default\">\n\t\t\t\t<div class=\"elementor-widget-container\">\n\t\t\t\t\t\t\t\t\t\t\t\t\t\t\t<img loading=\"lazy\" decoding=\"async\" width=\"576\" height=\"1024\" src=\"https:\/\/da-resin-art.com\/wp-content\/uploads\/2026\/02\/zegary-da-resin-art-nefryt-zloto-30-cm-7-576x1024.jpg\" class=\"attachment-large size-large wp-image-4309\" alt=\"zegar z \u017cywicy zielony z\u0142oty 30 cm\" srcset=\"https:\/\/da-resin-art.com\/wp-content\/uploads\/2026\/02\/zegary-da-resin-art-nefryt-zloto-30-cm-7-576x1024.jpg 576w, https:\/\/da-resin-art.com\/wp-content\/uploads\/2026\/02\/zegary-da-resin-art-nefryt-zloto-30-cm-7-169x300.jpg 169w, https:\/\/da-resin-art.com\/wp-content\/uploads\/2026\/02\/zegary-da-resin-art-nefryt-zloto-30-cm-7-768x1365.jpg 768w, https:\/\/da-resin-art.com\/wp-content\/uploads\/2026\/02\/zegary-da-resin-art-nefryt-zloto-30-cm-7-864x1536.jpg 864w, https:\/\/da-resin-art.com\/wp-content\/uploads\/2026\/02\/zegary-da-resin-art-nefryt-zloto-30-cm-7-14x24.jpg 14w, https:\/\/da-resin-art.com\/wp-content\/uploads\/2026\/02\/zegary-da-resin-art-nefryt-zloto-30-cm-7-20x36.jpg 20w, https:\/\/da-resin-art.com\/wp-content\/uploads\/2026\/02\/zegary-da-resin-art-nefryt-zloto-30-cm-7-27x48.jpg 27w, https:\/\/da-resin-art.com\/wp-content\/uploads\/2026\/02\/zegary-da-resin-art-nefryt-zloto-30-cm-7-600x1067.jpg 600w, https:\/\/da-resin-art.com\/wp-content\/uploads\/2026\/02\/zegary-da-resin-art-nefryt-zloto-30-cm-7-28x50.jpg 28w, https:\/\/da-resin-art.com\/wp-content\/uploads\/2026\/02\/zegary-da-resin-art-nefryt-zloto-30-cm-7.jpg 1080w\" sizes=\"(max-width: 576px) 100vw, 576px\" \/>\t\t\t\t\t\t\t\t\t\t\t\t\t\t\t<\/div>\n\t\t\t\t<\/div>\n\t\t\t\t\t<\/div>\n\t\t<\/div>\n\t\t\t\t<div class=\"elementor-column elementor-col-33 elementor-top-column elementor-element elementor-element-5019113\" data-id=\"5019113\" data-element_type=\"column\">\n\t\t\t<div class=\"elementor-widget-wrap elementor-element-populated\">\n\t\t\t\t\t\t<div class=\"elementor-element elementor-element-7a4d916 elementor-widget elementor-widget-image\" data-id=\"7a4d916\" data-element_type=\"widget\" data-widget_type=\"image.default\">\n\t\t\t\t<div class=\"elementor-widget-container\">\n\t\t\t\t\t\t\t\t\t\t\t\t\t\t\t<img loading=\"lazy\" decoding=\"async\" width=\"576\" height=\"1024\" src=\"https:\/\/da-resin-art.com\/wp-content\/uploads\/2026\/02\/zegary-da-resin-art-nefryt-zloto-30-cm-3-576x1024.jpg\" class=\"attachment-large size-large wp-image-4297\" alt=\"zegar z \u017cywicy zielony z\u0142oty 30 cm\" srcset=\"https:\/\/da-resin-art.com\/wp-content\/uploads\/2026\/02\/zegary-da-resin-art-nefryt-zloto-30-cm-3-576x1024.jpg 576w, https:\/\/da-resin-art.com\/wp-content\/uploads\/2026\/02\/zegary-da-resin-art-nefryt-zloto-30-cm-3-169x300.jpg 169w, https:\/\/da-resin-art.com\/wp-content\/uploads\/2026\/02\/zegary-da-resin-art-nefryt-zloto-30-cm-3-768x1365.jpg 768w, https:\/\/da-resin-art.com\/wp-content\/uploads\/2026\/02\/zegary-da-resin-art-nefryt-zloto-30-cm-3-864x1536.jpg 864w, https:\/\/da-resin-art.com\/wp-content\/uploads\/2026\/02\/zegary-da-resin-art-nefryt-zloto-30-cm-3-14x24.jpg 14w, https:\/\/da-resin-art.com\/wp-content\/uploads\/2026\/02\/zegary-da-resin-art-nefryt-zloto-30-cm-3-20x36.jpg 20w, https:\/\/da-resin-art.com\/wp-content\/uploads\/2026\/02\/zegary-da-resin-art-nefryt-zloto-30-cm-3-27x48.jpg 27w, https:\/\/da-resin-art.com\/wp-content\/uploads\/2026\/02\/zegary-da-resin-art-nefryt-zloto-30-cm-3-600x1067.jpg 600w, https:\/\/da-resin-art.com\/wp-content\/uploads\/2026\/02\/zegary-da-resin-art-nefryt-zloto-30-cm-3-28x50.jpg 28w, https:\/\/da-resin-art.com\/wp-content\/uploads\/2026\/02\/zegary-da-resin-art-nefryt-zloto-30-cm-3.jpg 1080w\" sizes=\"(max-width: 576px) 100vw, 576px\" \/>\t\t\t\t\t\t\t\t\t\t\t\t\t\t\t<\/div>\n\t\t\t\t<\/div>\n\t\t\t\t\t<\/div>\n\t\t<\/div>\n\t\t\t\t<div class=\"elementor-column elementor-col-33 elementor-top-column elementor-element elementor-element-2ef9ea4\" data-id=\"2ef9ea4\" data-element_type=\"column\">\n\t\t\t<div class=\"elementor-widget-wrap elementor-element-populated\">\n\t\t\t\t\t\t<div class=\"elementor-element elementor-element-dfe2fa8 elementor-widget elementor-widget-image\" data-id=\"dfe2fa8\" data-element_type=\"widget\" data-widget_type=\"image.default\">\n\t\t\t\t<div class=\"elementor-widget-container\">\n\t\t\t\t\t\t\t\t\t\t\t\t\t\t\t<img loading=\"lazy\" decoding=\"async\" width=\"576\" height=\"1024\" src=\"https:\/\/da-resin-art.com\/wp-content\/uploads\/2026\/02\/zegary-da-resin-art-nefryt-zloto-30-cm-4-576x1024.jpg\" class=\"attachment-large size-large wp-image-4300\" alt=\"zegar z \u017cywicy zielony z\u0142oty 30 cm\" srcset=\"https:\/\/da-resin-art.com\/wp-content\/uploads\/2026\/02\/zegary-da-resin-art-nefryt-zloto-30-cm-4-576x1024.jpg 576w, https:\/\/da-resin-art.com\/wp-content\/uploads\/2026\/02\/zegary-da-resin-art-nefryt-zloto-30-cm-4-169x300.jpg 169w, https:\/\/da-resin-art.com\/wp-content\/uploads\/2026\/02\/zegary-da-resin-art-nefryt-zloto-30-cm-4-768x1365.jpg 768w, https:\/\/da-resin-art.com\/wp-content\/uploads\/2026\/02\/zegary-da-resin-art-nefryt-zloto-30-cm-4-864x1536.jpg 864w, https:\/\/da-resin-art.com\/wp-content\/uploads\/2026\/02\/zegary-da-resin-art-nefryt-zloto-30-cm-4-14x24.jpg 14w, https:\/\/da-resin-art.com\/wp-content\/uploads\/2026\/02\/zegary-da-resin-art-nefryt-zloto-30-cm-4-20x36.jpg 20w, https:\/\/da-resin-art.com\/wp-content\/uploads\/2026\/02\/zegary-da-resin-art-nefryt-zloto-30-cm-4-27x48.jpg 27w, https:\/\/da-resin-art.com\/wp-content\/uploads\/2026\/02\/zegary-da-resin-art-nefryt-zloto-30-cm-4-600x1067.jpg 600w, https:\/\/da-resin-art.com\/wp-content\/uploads\/2026\/02\/zegary-da-resin-art-nefryt-zloto-30-cm-4-28x50.jpg 28w, https:\/\/da-resin-art.com\/wp-content\/uploads\/2026\/02\/zegary-da-resin-art-nefryt-zloto-30-cm-4.jpg 1080w\" sizes=\"(max-width: 576px) 100vw, 576px\" \/>\t\t\t\t\t\t\t\t\t\t\t\t\t\t\t<\/div>\n\t\t\t\t<\/div>\n\t\t\t\t\t<\/div>\n\t\t<\/div>\n\t\t\t\t\t<\/div>\n\t\t<\/section>\n\t\t\t\t<section class=\"elementor-section elementor-top-section elementor-element elementor-element-487d70b elementor-section-boxed elementor-section-height-default elementor-section-height-default\" data-id=\"487d70b\" data-element_type=\"section\">\n\t\t\t\t\t\t<div class=\"elementor-container elementor-column-gap-default\">\n\t\t\t\t\t<div class=\"elementor-column elementor-col-100 elementor-top-column elementor-element elementor-element-d6ef102\" data-id=\"d6ef102\" data-element_type=\"column\">\n\t\t\t<div class=\"elementor-widget-wrap elementor-element-populated\">\n\t\t\t\t\t\t<div class=\"elementor-element elementor-element-e807ef7 elementor-widget elementor-widget-text-editor\" data-id=\"e807ef7\" data-element_type=\"widget\" data-widget_type=\"text-editor.default\">\n\t\t\t\t<div class=\"elementor-widget-container\">\n\t\t\t\t\t\t\t\t\t<p data-start=\"0\" data-end=\"243\">Zegar <strong data-start=\"6\" data-end=\"28\">\u201eNefryt\u201d<\/strong> to propozycja dla os\u00f3b, kt\u00f3re \u015bwiadomie buduj\u0105 przestrze\u0144 wok\u00f3\u0142 siebie i wiedz\u0105, jak ogromne znaczenie maj\u0105 detale. Z perspektywy designu to model, kt\u00f3ry <strong data-start=\"183\" data-end=\"242\">wnosi do wn\u0119trza poczucie stabilno\u015bci, klasy i presti\u017cu<\/strong>.<\/p><p data-start=\"245\" data-end=\"616\">Butelkowa ziele\u0144 i g\u0142\u0119boki odcie\u0144 nefrytu, prze\u0142amane z\u0142otymi akcentami, dzia\u0142aj\u0105 koj\u0105co, a jednocze\u015bnie bardzo szlachetnie. To kolory, kt\u00f3re sprzyjaj\u0105 skupieniu, r\u00f3wnowadze i poczuciu komfortu \u2014 idealne do salonu, gabinetu czy eleganckiego biura. Z\u0142ote, lustrzane cyfry pi\u0119knie odbijaj\u0105 \u015bwiat\u0142o, dodaj\u0105c ca\u0142o\u015bci luksusowego charakteru, bez przesady i zb\u0119dnego przepychu.<\/p><p data-start=\"618\" data-end=\"801\">Cichy mechanizm sprawia, \u017ce zegar pracuje dyskretnie, nie zak\u0142\u00f3caj\u0105c codziennego rytmu. Dla w\u0142a\u015bciciela to <strong data-start=\"725\" data-end=\"759\">nie tylko funkcjonalny element<\/strong>, ale \u015bwiadomy wyb\u00f3r estetyki i jako\u015bci.<\/p><p data-start=\"803\" data-end=\"1015\" data-is-last-node=\"\" data-is-only-node=\"\">\u201eNefryt\u201d doskonale sprawdzi si\u0119 tak\u017ce jako <strong data-start=\"856\" data-end=\"878\">oryginalny prezent<\/strong> \u2014 elegancki, ponadczasowy i uniwersalny. Taki, kt\u00f3ry zostaje na d\u0142ugo i ka\u017cdego dnia przypomina o dobrym gu\u015bcie osoby, kt\u00f3ra go wybra\u0142a.<\/p>\t\t\t\t\t\t\t\t<\/div>\n\t\t\t\t<\/div>\n\t\t\t\t\t<\/div>\n\t\t<\/div>\n\t\t\t\t\t<\/div>\n\t\t<\/section>\n\t\t\t\t<\/div>\n\t\t","protected":false},"excerpt":{"rendered":"<p data-pm-slice=\"1 1 []\"><img decoding=\"async\" class=\"emoji\" role=\"img\" draggable=\"false\" src=\"https:\/\/s.w.org\/images\/core\/emoji\/17.0.2\/svg\/2705.svg\" alt=\"\u2705\" \/>\ufe0f\u00a0<strong data-start=\"3\" data-end=\"16\">Rozmiar:\u00a030 cm \u015brednica<\/strong><br data-start=\"18\" data-end=\"21\" \/><img decoding=\"async\" class=\"emoji\" role=\"img\" draggable=\"false\" src=\"https:\/\/s.w.org\/images\/core\/emoji\/17.0.2\/svg\/2705.svg\" alt=\"\u2705\" \/>\ufe0f\u00a0<strong data-start=\"24\" data-end=\"50\">Cichy mechanizm zegara<\/strong><br data-start=\"50\" data-end=\"53\" \/><img decoding=\"async\" class=\"emoji\" role=\"img\" draggable=\"false\" src=\"https:\/\/s.w.org\/images\/core\/emoji\/17.0.2\/svg\/2705.svg\" alt=\"\u2705\" \/>\ufe0f\u00a0<strong data-start=\"56\" data-end=\"125\">Butelkowa ziele\u0144, g\u0142\u0119boki nefryt i z\u0142ote akcenty<\/strong><br data-start=\"125\" data-end=\"128\" \/><img decoding=\"async\" class=\"emoji\" role=\"img\" draggable=\"false\" src=\"https:\/\/s.w.org\/images\/core\/emoji\/17.0.2\/svg\/2705.svg\" alt=\"\u2705\" \/>\ufe0f\u00a0<strong data-start=\"131\" data-end=\"175\">Z\u0142ote arabskie cyfry z lustrzanego plexi<\/strong><\/p>\n<p class=\"\" data-start=\"231\" data-end=\"618\">Zegar \u015bcienny\u00a0<strong data-start=\"245\" data-end=\"269\">\u201eNefryt\u201d<\/strong>\u00a0to prawdziwa bi\u017cuteria dla Twojej \u015bciany \u2013 wykonany z \u017cywicy epoksydowej, zachwyca szlachetn\u0105 kolorystyk\u0105 i bogatymi detalami.<\/p>\n<p class=\"\" data-start=\"620\" data-end=\"694\">Idealny wyb\u00f3r dla tych, kt\u00f3rzy ceni\u0105 elegancki styl\u00a0<img decoding=\"async\" class=\"emoji\" role=\"img\" draggable=\"false\" src=\"https:\/\/s.w.org\/images\/core\/emoji\/17.0.2\/svg\/2728.svg\" alt=\"\u2728\" \/><\/p>\n","protected":false},"featured_media":4301,"template":"","meta":{"_acf_changed":false,"_kadence_starter_templates_imported_post":false,"_kad_post_transparent":"default","_kad_post_title":"","_kad_post_layout":"default","_kad_post_sidebar_id":"","_kad_post_content_style":"default","_kad_post_vertical_padding":"default","_kad_post_feature":"","_kad_post_feature_position":"","_kad_post_header":false,"_kad_post_footer":false},"product_brand":[],"product_cat":[18],"product_tag":[28,29],"class_list":{"0":"post-4288","1":"product","2":"type-product","3":"status-publish","4":"has-post-thumbnail","6":"product_cat-galeria","7":"product_tag-dostepne","8":"product_tag-wszystko","10":"first","11":"instock","12":"shipping-taxable","13":"purchasable","14":"product-type-simple","15":"entry","16":"content-bg","17":"loop-entry"},"acf":[],"_links":{"self":[{"href":"https:\/\/da-resin-art.com\/ru\/wp-json\/wp\/v2\/product\/4288","targetHints":{"allow":["GET"]}}],"collection":[{"href":"https:\/\/da-resin-art.com\/ru\/wp-json\/wp\/v2\/product"}],"about":[{"href":"https:\/\/da-resin-art.com\/ru\/wp-json\/wp\/v2\/types\/product"}],"version-history":[{"count":4,"href":"https:\/\/da-resin-art.com\/ru\/wp-json\/wp\/v2\/product\/4288\/revisions"}],"predecessor-version":[{"id":4317,"href":"https:\/\/da-resin-art.com\/ru\/wp-json\/wp\/v2\/product\/4288\/revisions\/4317"}],"wp:featuredmedia":[{"embeddable":true,"href":"https:\/\/da-resin-art.com\/ru\/wp-json\/wp\/v2\/media\/4301"}],"wp:attachment":[{"href":"https:\/\/da-resin-art.com\/ru\/wp-json\/wp\/v2\/media?parent=4288"}],"wp:term":[{"taxonomy":"product_brand","embeddable":true,"href":"https:\/\/da-resin-art.com\/ru\/wp-json\/wp\/v2\/product_brand?post=4288"},{"taxonomy":"product_cat","embeddable":true,"href":"https:\/\/da-resin-art.com\/ru\/wp-json\/wp\/v2\/product_cat?post=4288"},{"taxonomy":"product_tag","embeddable":true,"href":"https:\/\/da-resin-art.com\/ru\/wp-json\/wp\/v2\/product_tag?post=4288"}],"curies":[{"name":"wp","href":"https:\/\/api.w.org\/{rel}","templated":true}]}}