{"id":4356,"date":"2026-02-10T20:27:48","date_gmt":"2026-02-10T19:27:48","guid":{"rendered":"https:\/\/da-resin-art.com\/?post_type=product&#038;p=4356"},"modified":"2026-02-17T17:42:46","modified_gmt":"2026-02-17T16:42:46","slug":"zegar-scienny-60-cm-zloto-czern","status":"publish","type":"product","link":"https:\/\/da-resin-art.com\/ru\/produkt\/zegar-scienny-60-cm-zloto-czern\/","title":{"rendered":"Zegar \u015bcienny 60 cm \u201eGolden Night\u201d"},"content":{"rendered":"\t\t<div data-elementor-type=\"product-post\" data-elementor-id=\"4356\" class=\"elementor elementor-4356\" data-elementor-post-type=\"product\">\n\t\t\t\t\t\t<section class=\"elementor-section elementor-top-section elementor-element elementor-element-1c05077 elementor-section-boxed elementor-section-height-default elementor-section-height-default\" data-id=\"1c05077\" data-element_type=\"section\">\n\t\t\t\t\t\t<div class=\"elementor-container elementor-column-gap-default\">\n\t\t\t\t\t<div class=\"elementor-column elementor-col-100 elementor-top-column elementor-element elementor-element-18dc669\" data-id=\"18dc669\" data-element_type=\"column\">\n\t\t\t<div class=\"elementor-widget-wrap elementor-element-populated\">\n\t\t\t\t\t\t<div class=\"elementor-element elementor-element-0aadb0f elementor-widget elementor-widget-image\" data-id=\"0aadb0f\" data-element_type=\"widget\" data-widget_type=\"image.default\">\n\t\t\t\t<div class=\"elementor-widget-container\">\n\t\t\t\t\t\t\t\t\t\t\t\t\t\t\t<img fetchpriority=\"high\" decoding=\"async\" width=\"1024\" height=\"576\" src=\"https:\/\/da-resin-art.com\/wp-content\/uploads\/2026\/02\/zegary-da-resin-art-czarny-zloto-60-cm-4-1024x576.jpg\" class=\"attachment-large size-large wp-image-4368\" alt=\"zegar z \u017cywic\u0105 czarno z\u0142oty\" srcset=\"https:\/\/da-resin-art.com\/wp-content\/uploads\/2026\/02\/zegary-da-resin-art-czarny-zloto-60-cm-4-1024x576.jpg 1024w, https:\/\/da-resin-art.com\/wp-content\/uploads\/2026\/02\/zegary-da-resin-art-czarny-zloto-60-cm-4-300x169.jpg 300w, https:\/\/da-resin-art.com\/wp-content\/uploads\/2026\/02\/zegary-da-resin-art-czarny-zloto-60-cm-4-768x432.jpg 768w, https:\/\/da-resin-art.com\/wp-content\/uploads\/2026\/02\/zegary-da-resin-art-czarny-zloto-60-cm-4-1536x864.jpg 1536w, https:\/\/da-resin-art.com\/wp-content\/uploads\/2026\/02\/zegary-da-resin-art-czarny-zloto-60-cm-4-24x14.jpg 24w, https:\/\/da-resin-art.com\/wp-content\/uploads\/2026\/02\/zegary-da-resin-art-czarny-zloto-60-cm-4-36x20.jpg 36w, https:\/\/da-resin-art.com\/wp-content\/uploads\/2026\/02\/zegary-da-resin-art-czarny-zloto-60-cm-4-48x27.jpg 48w, https:\/\/da-resin-art.com\/wp-content\/uploads\/2026\/02\/zegary-da-resin-art-czarny-zloto-60-cm-4-600x338.jpg 600w, https:\/\/da-resin-art.com\/wp-content\/uploads\/2026\/02\/zegary-da-resin-art-czarny-zloto-60-cm-4-89x50.jpg 89w, https:\/\/da-resin-art.com\/wp-content\/uploads\/2026\/02\/zegary-da-resin-art-czarny-zloto-60-cm-4.jpg 1920w\" sizes=\"(max-width: 1024px) 100vw, 1024px\" \/>\t\t\t\t\t\t\t\t\t\t\t\t\t\t\t<\/div>\n\t\t\t\t<\/div>\n\t\t\t\t\t<\/div>\n\t\t<\/div>\n\t\t\t\t\t<\/div>\n\t\t<\/section>\n\t\t\t\t<section class=\"elementor-section elementor-top-section elementor-element elementor-element-4e326855 elementor-section-boxed elementor-section-height-default elementor-section-height-default\" data-id=\"4e326855\" data-element_type=\"section\">\n\t\t\t\t\t\t<div class=\"elementor-container elementor-column-gap-default\">\n\t\t\t\t\t<div class=\"elementor-column elementor-col-100 elementor-top-column elementor-element elementor-element-42c485c1\" data-id=\"42c485c1\" data-element_type=\"column\">\n\t\t\t<div class=\"elementor-widget-wrap elementor-element-populated\">\n\t\t\t\t\t\t<div class=\"elementor-element elementor-element-67d3cb9 elementor-widget elementor-widget-text-editor\" data-id=\"67d3cb9\" data-element_type=\"widget\" data-widget_type=\"text-editor.default\">\n\t\t\t\t<div class=\"elementor-widget-container\">\n\t\t\t\t\t\t\t\t\t<p>\ud83d\udda4 \u015arednica 60 cm.<br \/>\ud83d\udda4Baza &#8212; MDF.<br \/>\ud83d\udda4 Zegar \u015bcienny \u201eGolden Night\u201d &#8212; wz\u00f3r wykonany z \u017cywicy epoksydowej.<br \/>\ud83d\udda4 Cichy mechanizm zegara.\u00a0<\/p>\t\t\t\t\t\t\t\t<\/div>\n\t\t\t\t<\/div>\n\t\t\t\t\t<\/div>\n\t\t<\/div>\n\t\t\t\t\t<\/div>\n\t\t<\/section>\n\t\t\t\t<section class=\"elementor-section elementor-top-section elementor-element elementor-element-1705c5e elementor-section-boxed elementor-section-height-default elementor-section-height-default\" data-id=\"1705c5e\" data-element_type=\"section\">\n\t\t\t\t\t\t<div class=\"elementor-container elementor-column-gap-default\">\n\t\t\t\t\t<div class=\"elementor-column elementor-col-33 elementor-top-column elementor-element elementor-element-e345a69\" data-id=\"e345a69\" data-element_type=\"column\">\n\t\t\t<div class=\"elementor-widget-wrap elementor-element-populated\">\n\t\t\t\t\t\t<div class=\"elementor-element elementor-element-d042564 elementor-widget elementor-widget-video\" data-id=\"d042564\" data-element_type=\"widget\" data-settings=\"{&quot;youtube_url&quot;:&quot;https:\\\/\\\/youtube.com\\\/watch?v=s9mphxFt3Xo&quot;,&quot;video_type&quot;:&quot;youtube&quot;,&quot;controls&quot;:&quot;yes&quot;}\" data-widget_type=\"video.default\">\n\t\t\t\t<div class=\"elementor-widget-container\">\n\t\t\t\t\t\t\t<div class=\"elementor-wrapper elementor-open-inline\">\n\t\t\t<div class=\"elementor-video\"><\/div>\t\t<\/div>\n\t\t\t\t\t\t<\/div>\n\t\t\t\t<\/div>\n\t\t\t\t\t<\/div>\n\t\t<\/div>\n\t\t\t\t<div class=\"elementor-column elementor-col-33 elementor-top-column elementor-element elementor-element-d6da29c\" data-id=\"d6da29c\" data-element_type=\"column\">\n\t\t\t<div class=\"elementor-widget-wrap elementor-element-populated\">\n\t\t\t\t\t\t<div class=\"elementor-element elementor-element-65de88c elementor-widget elementor-widget-image\" data-id=\"65de88c\" data-element_type=\"widget\" data-widget_type=\"image.default\">\n\t\t\t\t<div class=\"elementor-widget-container\">\n\t\t\t\t\t\t\t\t\t\t\t\t\t\t\t<img decoding=\"async\" width=\"576\" height=\"1024\" src=\"https:\/\/da-resin-art.com\/wp-content\/uploads\/2026\/02\/zegary-da-resin-art-czarny-zloto-60-cm-7-576x1024.jpg\" class=\"attachment-large size-large wp-image-4377\" alt=\"zegar z \u017cywic\u0105 czarno z\u0142oty\" srcset=\"https:\/\/da-resin-art.com\/wp-content\/uploads\/2026\/02\/zegary-da-resin-art-czarny-zloto-60-cm-7-576x1024.jpg 576w, https:\/\/da-resin-art.com\/wp-content\/uploads\/2026\/02\/zegary-da-resin-art-czarny-zloto-60-cm-7-169x300.jpg 169w, https:\/\/da-resin-art.com\/wp-content\/uploads\/2026\/02\/zegary-da-resin-art-czarny-zloto-60-cm-7-768x1366.jpg 768w, https:\/\/da-resin-art.com\/wp-content\/uploads\/2026\/02\/zegary-da-resin-art-czarny-zloto-60-cm-7-864x1536.jpg 864w, https:\/\/da-resin-art.com\/wp-content\/uploads\/2026\/02\/zegary-da-resin-art-czarny-zloto-60-cm-7-13x24.jpg 13w, https:\/\/da-resin-art.com\/wp-content\/uploads\/2026\/02\/zegary-da-resin-art-czarny-zloto-60-cm-7-20x36.jpg 20w, https:\/\/da-resin-art.com\/wp-content\/uploads\/2026\/02\/zegary-da-resin-art-czarny-zloto-60-cm-7-27x48.jpg 27w, https:\/\/da-resin-art.com\/wp-content\/uploads\/2026\/02\/zegary-da-resin-art-czarny-zloto-60-cm-7-600x1067.jpg 600w, https:\/\/da-resin-art.com\/wp-content\/uploads\/2026\/02\/zegary-da-resin-art-czarny-zloto-60-cm-7-28x50.jpg 28w, https:\/\/da-resin-art.com\/wp-content\/uploads\/2026\/02\/zegary-da-resin-art-czarny-zloto-60-cm-7.jpg 1080w\" sizes=\"(max-width: 576px) 100vw, 576px\" \/>\t\t\t\t\t\t\t\t\t\t\t\t\t\t\t<\/div>\n\t\t\t\t<\/div>\n\t\t\t\t\t<\/div>\n\t\t<\/div>\n\t\t\t\t<div class=\"elementor-column elementor-col-33 elementor-top-column elementor-element elementor-element-f8aab89\" data-id=\"f8aab89\" data-element_type=\"column\">\n\t\t\t<div class=\"elementor-widget-wrap elementor-element-populated\">\n\t\t\t\t\t\t<div class=\"elementor-element elementor-element-d89be88 elementor-widget elementor-widget-image\" data-id=\"d89be88\" data-element_type=\"widget\" data-widget_type=\"image.default\">\n\t\t\t\t<div class=\"elementor-widget-container\">\n\t\t\t\t\t\t\t\t\t\t\t\t\t\t\t<img decoding=\"async\" width=\"576\" height=\"1024\" src=\"https:\/\/da-resin-art.com\/wp-content\/uploads\/2026\/02\/zegary-da-resin-art-czarny-zloto-60-cm-5-576x1024.jpg\" class=\"attachment-large size-large wp-image-4371\" alt=\"zegar z \u017cywic\u0105 czarno z\u0142oty\" srcset=\"https:\/\/da-resin-art.com\/wp-content\/uploads\/2026\/02\/zegary-da-resin-art-czarny-zloto-60-cm-5-576x1024.jpg 576w, https:\/\/da-resin-art.com\/wp-content\/uploads\/2026\/02\/zegary-da-resin-art-czarny-zloto-60-cm-5-169x300.jpg 169w, https:\/\/da-resin-art.com\/wp-content\/uploads\/2026\/02\/zegary-da-resin-art-czarny-zloto-60-cm-5-768x1365.jpg 768w, https:\/\/da-resin-art.com\/wp-content\/uploads\/2026\/02\/zegary-da-resin-art-czarny-zloto-60-cm-5-864x1536.jpg 864w, https:\/\/da-resin-art.com\/wp-content\/uploads\/2026\/02\/zegary-da-resin-art-czarny-zloto-60-cm-5-14x24.jpg 14w, https:\/\/da-resin-art.com\/wp-content\/uploads\/2026\/02\/zegary-da-resin-art-czarny-zloto-60-cm-5-20x36.jpg 20w, https:\/\/da-resin-art.com\/wp-content\/uploads\/2026\/02\/zegary-da-resin-art-czarny-zloto-60-cm-5-27x48.jpg 27w, https:\/\/da-resin-art.com\/wp-content\/uploads\/2026\/02\/zegary-da-resin-art-czarny-zloto-60-cm-5-600x1067.jpg 600w, https:\/\/da-resin-art.com\/wp-content\/uploads\/2026\/02\/zegary-da-resin-art-czarny-zloto-60-cm-5-28x50.jpg 28w, https:\/\/da-resin-art.com\/wp-content\/uploads\/2026\/02\/zegary-da-resin-art-czarny-zloto-60-cm-5.jpg 1080w\" sizes=\"(max-width: 576px) 100vw, 576px\" \/>\t\t\t\t\t\t\t\t\t\t\t\t\t\t\t<\/div>\n\t\t\t\t<\/div>\n\t\t\t\t\t<\/div>\n\t\t<\/div>\n\t\t\t\t\t<\/div>\n\t\t<\/section>\n\t\t\t\t<section class=\"elementor-section elementor-top-section elementor-element elementor-element-de9aa7f elementor-section-boxed elementor-section-height-default elementor-section-height-default\" data-id=\"de9aa7f\" data-element_type=\"section\">\n\t\t\t\t\t\t<div class=\"elementor-container elementor-column-gap-default\">\n\t\t\t\t\t<div class=\"elementor-column elementor-col-100 elementor-top-column elementor-element elementor-element-a0b9f94\" data-id=\"a0b9f94\" data-element_type=\"column\">\n\t\t\t<div class=\"elementor-widget-wrap elementor-element-populated\">\n\t\t\t\t\t\t<div class=\"elementor-element elementor-element-68b2ab8 elementor-widget elementor-widget-text-editor\" data-id=\"68b2ab8\" data-element_type=\"widget\" data-widget_type=\"text-editor.default\">\n\t\t\t\t<div class=\"elementor-widget-container\">\n\t\t\t\t\t\t\t\t\t<h3 data-start=\"0\" data-end=\"62\">Zegar \u015bcienny \u201eGolden Night\u201d\u00a0\u2013 luksus w najczystszej formie<\/h3><p data-start=\"64\" data-end=\"292\">Wyrazisty, 60-centymetrowy zegar \u015bcienny \u201eGolden Night\u201d\u00a0to symbol elegancji i nowoczesnego designu. Wykonany z \u017cywicy epoksydowej, zachwyca g\u0142\u0119bok\u0105 czerni\u0105 t\u0142a, na kt\u00f3rym <strong data-start=\"232\" data-end=\"249\">z\u0142ote akcenty<\/strong> dodaj\u0105 mu wyj\u0105tkowego blasku i presti\u017cu.<\/p><p data-start=\"294\" data-end=\"433\">Cichy mechanizm zapewnia komfort u\u017cytkowania, a wyrafinowany styl sprawia, \u017ce zegar idealnie pasuje do eleganckich i nowoczesnych wn\u0119trz.<\/p><p data-start=\"435\" data-end=\"536\" data-is-last-node=\"\" data-is-only-node=\"\">To nie tylko zegar \u2013 to wyraz luksusu i dobrego smaku. Postaw na ponadczasow\u0105 klasyk\u0119!<\/p>\t\t\t\t\t\t\t\t<\/div>\n\t\t\t\t<\/div>\n\t\t\t\t\t<\/div>\n\t\t<\/div>\n\t\t\t\t\t<\/div>\n\t\t<\/section>\n\t\t\t\t<section class=\"elementor-section elementor-top-section elementor-element elementor-element-e6cc6e8 elementor-section-boxed elementor-section-height-default elementor-section-height-default\" data-id=\"e6cc6e8\" data-element_type=\"section\">\n\t\t\t\t\t\t<div class=\"elementor-container elementor-column-gap-default\">\n\t\t\t\t\t<div class=\"elementor-column elementor-col-33 elementor-top-column elementor-element elementor-element-ca6c748\" data-id=\"ca6c748\" data-element_type=\"column\">\n\t\t\t<div class=\"elementor-widget-wrap elementor-element-populated\">\n\t\t\t\t\t\t<div class=\"elementor-element elementor-element-f8a13bc elementor-widget elementor-widget-image\" data-id=\"f8a13bc\" data-element_type=\"widget\" data-widget_type=\"image.default\">\n\t\t\t\t<div class=\"elementor-widget-container\">\n\t\t\t\t\t\t\t\t\t\t\t\t\t\t\t<img loading=\"lazy\" decoding=\"async\" width=\"576\" height=\"1024\" src=\"https:\/\/da-resin-art.com\/wp-content\/uploads\/2026\/02\/zegary-da-resin-art-czarny-zloto-60-cm-6-576x1024.jpg\" class=\"attachment-large size-large wp-image-4374\" alt=\"zegar z \u017cywic\u0105 czarno z\u0142oty\" srcset=\"https:\/\/da-resin-art.com\/wp-content\/uploads\/2026\/02\/zegary-da-resin-art-czarny-zloto-60-cm-6-576x1024.jpg 576w, https:\/\/da-resin-art.com\/wp-content\/uploads\/2026\/02\/zegary-da-resin-art-czarny-zloto-60-cm-6-169x300.jpg 169w, https:\/\/da-resin-art.com\/wp-content\/uploads\/2026\/02\/zegary-da-resin-art-czarny-zloto-60-cm-6-768x1365.jpg 768w, https:\/\/da-resin-art.com\/wp-content\/uploads\/2026\/02\/zegary-da-resin-art-czarny-zloto-60-cm-6-864x1536.jpg 864w, https:\/\/da-resin-art.com\/wp-content\/uploads\/2026\/02\/zegary-da-resin-art-czarny-zloto-60-cm-6-14x24.jpg 14w, https:\/\/da-resin-art.com\/wp-content\/uploads\/2026\/02\/zegary-da-resin-art-czarny-zloto-60-cm-6-20x36.jpg 20w, https:\/\/da-resin-art.com\/wp-content\/uploads\/2026\/02\/zegary-da-resin-art-czarny-zloto-60-cm-6-27x48.jpg 27w, https:\/\/da-resin-art.com\/wp-content\/uploads\/2026\/02\/zegary-da-resin-art-czarny-zloto-60-cm-6-600x1067.jpg 600w, https:\/\/da-resin-art.com\/wp-content\/uploads\/2026\/02\/zegary-da-resin-art-czarny-zloto-60-cm-6-28x50.jpg 28w, https:\/\/da-resin-art.com\/wp-content\/uploads\/2026\/02\/zegary-da-resin-art-czarny-zloto-60-cm-6.jpg 1080w\" sizes=\"(max-width: 576px) 100vw, 576px\" \/>\t\t\t\t\t\t\t\t\t\t\t\t\t\t\t<\/div>\n\t\t\t\t<\/div>\n\t\t\t\t\t<\/div>\n\t\t<\/div>\n\t\t\t\t<div class=\"elementor-column elementor-col-33 elementor-top-column elementor-element elementor-element-2d77b49\" data-id=\"2d77b49\" data-element_type=\"column\">\n\t\t\t<div class=\"elementor-widget-wrap elementor-element-populated\">\n\t\t\t\t\t\t<div class=\"elementor-element elementor-element-ebc2c3f elementor-widget elementor-widget-image\" data-id=\"ebc2c3f\" data-element_type=\"widget\" data-widget_type=\"image.default\">\n\t\t\t\t<div class=\"elementor-widget-container\">\n\t\t\t\t\t\t\t\t\t\t\t\t\t\t\t<img loading=\"lazy\" decoding=\"async\" width=\"576\" height=\"1024\" src=\"https:\/\/da-resin-art.com\/wp-content\/uploads\/2026\/02\/zegary-da-resin-art-czarny-zloto-60-cm-2-576x1024.jpg\" class=\"attachment-large size-large wp-image-4362\" alt=\"zegar z \u017cywic\u0105 czarno z\u0142oty\" srcset=\"https:\/\/da-resin-art.com\/wp-content\/uploads\/2026\/02\/zegary-da-resin-art-czarny-zloto-60-cm-2-576x1024.jpg 576w, https:\/\/da-resin-art.com\/wp-content\/uploads\/2026\/02\/zegary-da-resin-art-czarny-zloto-60-cm-2-169x300.jpg 169w, https:\/\/da-resin-art.com\/wp-content\/uploads\/2026\/02\/zegary-da-resin-art-czarny-zloto-60-cm-2-768x1366.jpg 768w, https:\/\/da-resin-art.com\/wp-content\/uploads\/2026\/02\/zegary-da-resin-art-czarny-zloto-60-cm-2-864x1536.jpg 864w, https:\/\/da-resin-art.com\/wp-content\/uploads\/2026\/02\/zegary-da-resin-art-czarny-zloto-60-cm-2-13x24.jpg 13w, https:\/\/da-resin-art.com\/wp-content\/uploads\/2026\/02\/zegary-da-resin-art-czarny-zloto-60-cm-2-20x36.jpg 20w, https:\/\/da-resin-art.com\/wp-content\/uploads\/2026\/02\/zegary-da-resin-art-czarny-zloto-60-cm-2-27x48.jpg 27w, https:\/\/da-resin-art.com\/wp-content\/uploads\/2026\/02\/zegary-da-resin-art-czarny-zloto-60-cm-2-600x1067.jpg 600w, https:\/\/da-resin-art.com\/wp-content\/uploads\/2026\/02\/zegary-da-resin-art-czarny-zloto-60-cm-2-28x50.jpg 28w, https:\/\/da-resin-art.com\/wp-content\/uploads\/2026\/02\/zegary-da-resin-art-czarny-zloto-60-cm-2.jpg 1080w\" sizes=\"(max-width: 576px) 100vw, 576px\" \/>\t\t\t\t\t\t\t\t\t\t\t\t\t\t\t<\/div>\n\t\t\t\t<\/div>\n\t\t\t\t\t<\/div>\n\t\t<\/div>\n\t\t\t\t<div class=\"elementor-column elementor-col-33 elementor-top-column elementor-element elementor-element-d167be2\" data-id=\"d167be2\" data-element_type=\"column\">\n\t\t\t<div class=\"elementor-widget-wrap elementor-element-populated\">\n\t\t\t\t\t\t<div class=\"elementor-element elementor-element-f797468 elementor-widget elementor-widget-image\" data-id=\"f797468\" data-element_type=\"widget\" data-widget_type=\"image.default\">\n\t\t\t\t<div class=\"elementor-widget-container\">\n\t\t\t\t\t\t\t\t\t\t\t\t\t\t\t<img loading=\"lazy\" decoding=\"async\" width=\"576\" height=\"1024\" src=\"https:\/\/da-resin-art.com\/wp-content\/uploads\/2026\/02\/zegary-da-resin-art-czarny-zloto-60-cm-3-576x1024.jpg\" class=\"attachment-large size-large wp-image-4365\" alt=\"zegar z \u017cywic\u0105 czarno z\u0142oty\" srcset=\"https:\/\/da-resin-art.com\/wp-content\/uploads\/2026\/02\/zegary-da-resin-art-czarny-zloto-60-cm-3-576x1024.jpg 576w, https:\/\/da-resin-art.com\/wp-content\/uploads\/2026\/02\/zegary-da-resin-art-czarny-zloto-60-cm-3-169x300.jpg 169w, https:\/\/da-resin-art.com\/wp-content\/uploads\/2026\/02\/zegary-da-resin-art-czarny-zloto-60-cm-3-768x1365.jpg 768w, https:\/\/da-resin-art.com\/wp-content\/uploads\/2026\/02\/zegary-da-resin-art-czarny-zloto-60-cm-3-864x1536.jpg 864w, https:\/\/da-resin-art.com\/wp-content\/uploads\/2026\/02\/zegary-da-resin-art-czarny-zloto-60-cm-3-14x24.jpg 14w, https:\/\/da-resin-art.com\/wp-content\/uploads\/2026\/02\/zegary-da-resin-art-czarny-zloto-60-cm-3-20x36.jpg 20w, https:\/\/da-resin-art.com\/wp-content\/uploads\/2026\/02\/zegary-da-resin-art-czarny-zloto-60-cm-3-27x48.jpg 27w, https:\/\/da-resin-art.com\/wp-content\/uploads\/2026\/02\/zegary-da-resin-art-czarny-zloto-60-cm-3-600x1067.jpg 600w, https:\/\/da-resin-art.com\/wp-content\/uploads\/2026\/02\/zegary-da-resin-art-czarny-zloto-60-cm-3-28x50.jpg 28w, https:\/\/da-resin-art.com\/wp-content\/uploads\/2026\/02\/zegary-da-resin-art-czarny-zloto-60-cm-3.jpg 1080w\" sizes=\"(max-width: 576px) 100vw, 576px\" \/>\t\t\t\t\t\t\t\t\t\t\t\t\t\t\t<\/div>\n\t\t\t\t<\/div>\n\t\t\t\t\t<\/div>\n\t\t<\/div>\n\t\t\t\t\t<\/div>\n\t\t<\/section>\n\t\t\t\t<\/div>\n\t\t","protected":false},"excerpt":{"rendered":"<p data-start=\"0\" data-end=\"190\">\u2705\ufe0f <strong data-start=\"3\" data-end=\"15\">Rozmiar:<\/strong> 60 cm \u015brednica<br data-start=\"30\" data-end=\"33\" \/>\u2705\ufe0f <strong data-start=\"36\" data-end=\"62\">Cichy mechanizm zegara<\/strong><br data-start=\"62\" data-end=\"65\" \/>\u2705\ufe0f <strong data-start=\"68\" data-end=\"123\">G\u0142\u0119bokie czarne t\u0142o z luksusowymi z\u0142otymi akcentami<\/strong><br data-start=\"123\" data-end=\"126\" \/>\u2705\ufe0f <strong data-start=\"129\" data-end=\"188\">Z\u0142ote lustrzane arabskie cyfry podkre\u015blaj\u0105ce elegancki charakter projektu<\/strong><\/p>\n<p data-start=\"192\" data-end=\"513\">Zegar \u015bcienny \u201eGolden Night\u201d\u00a0to prawdziwa bi\u017cuteria dla Twojej \u015bciany \u2014 wykonany z \u017cywicy epoksydowej, \u0142\u0105czy nowoczesny design z ponadczasow\u0105 elegancj\u0105 <strong data-start=\"341\" data-end=\"360\">w stylu glamour<\/strong>. Kontrast czerni i z\u0142ota nadaje mu wyrafinowany, presti\u017cowy charakter, idealnie wpisuj\u0105cy si\u0119 we wn\u0119trza w stylu glamour, nowoczesne i eleganckie.<\/p>\n<p data-start=\"515\" data-end=\"731\" data-is-last-node=\"\" data-is-only-node=\"\">To wi\u0119cej ni\u017c zegar \u2014 to <strong data-start=\"540\" data-end=\"578\">dekoracyjny akcent<\/strong>, kt\u00f3ry podkre\u015bla klas\u0119, luksus i charakter Twojej przestrzeni.<br data-start=\"641\" data-end=\"644\" \/>Idealny wyb\u00f3r dla tych, kt\u00f3rzy ceni\u0105 elegancj\u0119 i wyrazisty design w stylu glamour \u2728<\/p>\n","protected":false},"featured_media":4357,"template":"","meta":{"_acf_changed":false,"_kadence_starter_templates_imported_post":false,"_kad_post_transparent":"default","_kad_post_title":"","_kad_post_layout":"default","_kad_post_sidebar_id":"","_kad_post_content_style":"default","_kad_post_vertical_padding":"default","_kad_post_feature":"","_kad_post_feature_position":"","_kad_post_header":false,"_kad_post_footer":false},"product_brand":[],"product_cat":[18],"product_tag":[38,29],"class_list":{"0":"post-4356","1":"product","2":"type-product","3":"status-publish","4":"has-post-thumbnail","6":"product_cat-galeria","7":"product_tag-sprzedany","8":"product_tag-wszystko","10":"first","11":"outofstock","12":"shipping-taxable","13":"purchasable","14":"product-type-simple","15":"entry","16":"content-bg","17":"loop-entry"},"acf":[],"_links":{"self":[{"href":"https:\/\/da-resin-art.com\/ru\/wp-json\/wp\/v2\/product\/4356","targetHints":{"allow":["GET"]}}],"collection":[{"href":"https:\/\/da-resin-art.com\/ru\/wp-json\/wp\/v2\/product"}],"about":[{"href":"https:\/\/da-resin-art.com\/ru\/wp-json\/wp\/v2\/types\/product"}],"version-history":[{"count":8,"href":"https:\/\/da-resin-art.com\/ru\/wp-json\/wp\/v2\/product\/4356\/revisions"}],"predecessor-version":[{"id":4597,"href":"https:\/\/da-resin-art.com\/ru\/wp-json\/wp\/v2\/product\/4356\/revisions\/4597"}],"wp:featuredmedia":[{"embeddable":true,"href":"https:\/\/da-resin-art.com\/ru\/wp-json\/wp\/v2\/media\/4357"}],"wp:attachment":[{"href":"https:\/\/da-resin-art.com\/ru\/wp-json\/wp\/v2\/media?parent=4356"}],"wp:term":[{"taxonomy":"product_brand","embeddable":true,"href":"https:\/\/da-resin-art.com\/ru\/wp-json\/wp\/v2\/product_brand?post=4356"},{"taxonomy":"product_cat","embeddable":true,"href":"https:\/\/da-resin-art.com\/ru\/wp-json\/wp\/v2\/product_cat?post=4356"},{"taxonomy":"product_tag","embeddable":true,"href":"https:\/\/da-resin-art.com\/ru\/wp-json\/wp\/v2\/product_tag?post=4356"}],"curies":[{"name":"wp","href":"https:\/\/api.w.org\/{rel}","templated":true}]}}