{"id":4610,"date":"2026-03-12T14:33:05","date_gmt":"2026-03-12T13:33:05","guid":{"rendered":"https:\/\/da-resin-art.com\/?post_type=product&#038;p=4610"},"modified":"2026-03-12T16:47:40","modified_gmt":"2026-03-12T15:47:40","slug":"obraz-geoda-oddech-natury-40-x-70-cm","status":"publish","type":"product","link":"https:\/\/da-resin-art.com\/ru\/produkt\/obraz-geoda-oddech-natury-40-x-70-cm\/","title":{"rendered":"Obraz Geoda &#171;Oddech natury&#187; 40 x 70 cm"},"content":{"rendered":"\t\t<div data-elementor-type=\"product-post\" data-elementor-id=\"4610\" class=\"elementor elementor-4610\" data-elementor-post-type=\"product\">\n\t\t\t\t\t\t<section class=\"elementor-section elementor-top-section elementor-element elementor-element-81168f0 elementor-section-boxed elementor-section-height-default elementor-section-height-default\" data-id=\"81168f0\" data-element_type=\"section\">\n\t\t\t\t\t\t<div class=\"elementor-container elementor-column-gap-default\">\n\t\t\t\t\t<div class=\"elementor-column elementor-col-100 elementor-top-column elementor-element elementor-element-46d8bea\" data-id=\"46d8bea\" data-element_type=\"column\">\n\t\t\t<div class=\"elementor-widget-wrap elementor-element-populated\">\n\t\t\t\t\t\t<div class=\"elementor-element elementor-element-4355de5 elementor-widget elementor-widget-image\" data-id=\"4355de5\" data-element_type=\"widget\" data-widget_type=\"image.default\">\n\t\t\t\t<div class=\"elementor-widget-container\">\n\t\t\t\t\t\t\t\t\t\t\t\t\t\t\t<img fetchpriority=\"high\" decoding=\"async\" width=\"1024\" height=\"576\" src=\"https:\/\/da-resin-art.com\/wp-content\/uploads\/2026\/03\/obrazy-da-resin-art-zielony-geode-3-1024x576.jpg\" class=\"attachment-large size-large wp-image-4616\" alt=\"obraz z \u017cywicy geoda zielony\" srcset=\"https:\/\/da-resin-art.com\/wp-content\/uploads\/2026\/03\/obrazy-da-resin-art-zielony-geode-3-1024x576.jpg 1024w, https:\/\/da-resin-art.com\/wp-content\/uploads\/2026\/03\/obrazy-da-resin-art-zielony-geode-3-300x169.jpg 300w, https:\/\/da-resin-art.com\/wp-content\/uploads\/2026\/03\/obrazy-da-resin-art-zielony-geode-3-768x432.jpg 768w, https:\/\/da-resin-art.com\/wp-content\/uploads\/2026\/03\/obrazy-da-resin-art-zielony-geode-3-1536x864.jpg 1536w, https:\/\/da-resin-art.com\/wp-content\/uploads\/2026\/03\/obrazy-da-resin-art-zielony-geode-3-24x14.jpg 24w, https:\/\/da-resin-art.com\/wp-content\/uploads\/2026\/03\/obrazy-da-resin-art-zielony-geode-3-36x20.jpg 36w, https:\/\/da-resin-art.com\/wp-content\/uploads\/2026\/03\/obrazy-da-resin-art-zielony-geode-3-48x27.jpg 48w, https:\/\/da-resin-art.com\/wp-content\/uploads\/2026\/03\/obrazy-da-resin-art-zielony-geode-3-600x338.jpg 600w, https:\/\/da-resin-art.com\/wp-content\/uploads\/2026\/03\/obrazy-da-resin-art-zielony-geode-3-89x50.jpg 89w, https:\/\/da-resin-art.com\/wp-content\/uploads\/2026\/03\/obrazy-da-resin-art-zielony-geode-3.jpg 1920w\" sizes=\"(max-width: 1024px) 100vw, 1024px\" \/>\t\t\t\t\t\t\t\t\t\t\t\t\t\t\t<\/div>\n\t\t\t\t<\/div>\n\t\t\t\t\t<\/div>\n\t\t<\/div>\n\t\t\t\t\t<\/div>\n\t\t<\/section>\n\t\t\t\t<section class=\"elementor-section elementor-top-section elementor-element elementor-element-bdda93b elementor-section-boxed elementor-section-height-default elementor-section-height-default\" data-id=\"bdda93b\" data-element_type=\"section\">\n\t\t\t\t\t\t<div class=\"elementor-container elementor-column-gap-default\">\n\t\t\t\t\t<div class=\"elementor-column elementor-col-100 elementor-top-column elementor-element elementor-element-bd078dd\" data-id=\"bd078dd\" data-element_type=\"column\">\n\t\t\t<div class=\"elementor-widget-wrap elementor-element-populated\">\n\t\t\t\t\t\t<div class=\"elementor-element elementor-element-de33469 elementor-widget elementor-widget-text-editor\" data-id=\"de33469\" data-element_type=\"widget\" data-widget_type=\"text-editor.default\">\n\t\t\t\t<div class=\"elementor-widget-container\">\n\t\t\t\t\t\t\t\t\t<p>Kolor zielony symbolizuje natur\u0119, \u017cycie, nadziej\u0119, harmoni\u0119 i spok\u00f3j. W psychologii dzia\u0142a odpr\u0119\u017caj\u0105co, redukuje stres, zapewnia r\u00f3wnowag\u0119 psychiczn\u0105 i od\u015bwie\u017ca zmys\u0142y. Kojarzony jest r\u00f3wnie\u017c ze zdrowiem, witalno\u015bci\u0105, rozwojem, pieni\u0119dzmi (dobrobytem) \ud83c\udf3e<\/p><p>Wzbogacony ozdobami: kruszone szk\u0142o dla efektu 3D oraz kamienie naturalne- Labradoryt oraz kryszta\u0142y g\u00f3rskie \u263a\ufe0f\ud83e\udd0c<\/p><p>\ud83d\udc49 Labradoryt to pot\u0119\u017cny \u201ekamie\u0144 przemian\u201d i mistycznej ochrony, symbolizuj\u0105cy g\u0142\u0119bok\u0105 intuicj\u0119, kreatywno\u015b\u0107 oraz rozw\u00f3j duchowy. Pomaga w realizacji cel\u00f3w, dodaje odwagi, rozprasza negatywn\u0105 energi\u0119 i wspiera w zmianach \u017cyciowych, \u0142\u0105cz\u0105c energi\u0119 S\u0142o\u0144ca i Ksi\u0119\u017cyca.<\/p><p>\ud83d\udc49 Kryszta\u0142 g\u00f3rski symbolizuje czysto\u015b\u0107. Cz\u0119sto u\u017cywa si\u0119 przy medytacji by oczy\u015bci\u0107 umys\u0142 i zresetowa\u0107 si\u0119.<\/p>\t\t\t\t\t\t\t\t<\/div>\n\t\t\t\t<\/div>\n\t\t\t\t\t<\/div>\n\t\t<\/div>\n\t\t\t\t\t<\/div>\n\t\t<\/section>\n\t\t\t\t<section class=\"elementor-section elementor-top-section elementor-element elementor-element-463aeaf elementor-section-boxed elementor-section-height-default elementor-section-height-default\" data-id=\"463aeaf\" data-element_type=\"section\">\n\t\t\t\t\t\t<div class=\"elementor-container elementor-column-gap-default\">\n\t\t\t\t\t<div class=\"elementor-column elementor-col-33 elementor-top-column elementor-element elementor-element-c084dac\" data-id=\"c084dac\" data-element_type=\"column\">\n\t\t\t<div class=\"elementor-widget-wrap elementor-element-populated\">\n\t\t\t\t\t\t<div class=\"elementor-element elementor-element-9b05577 elementor-widget elementor-widget-video\" data-id=\"9b05577\" data-element_type=\"widget\" data-settings=\"{&quot;youtube_url&quot;:&quot;https:\\\/\\\/www.youtube.com\\\/watch?v=7XgX4a4MnBQ&quot;,&quot;video_type&quot;:&quot;youtube&quot;,&quot;controls&quot;:&quot;yes&quot;}\" data-widget_type=\"video.default\">\n\t\t\t\t<div class=\"elementor-widget-container\">\n\t\t\t\t\t\t\t<div class=\"elementor-wrapper elementor-open-inline\">\n\t\t\t<div class=\"elementor-video\"><\/div>\t\t<\/div>\n\t\t\t\t\t\t<\/div>\n\t\t\t\t<\/div>\n\t\t\t\t\t<\/div>\n\t\t<\/div>\n\t\t\t\t<div class=\"elementor-column elementor-col-33 elementor-top-column elementor-element elementor-element-cc19459\" data-id=\"cc19459\" data-element_type=\"column\">\n\t\t\t<div class=\"elementor-widget-wrap elementor-element-populated\">\n\t\t\t\t\t\t<div class=\"elementor-element elementor-element-bcc726c elementor-widget elementor-widget-image\" data-id=\"bcc726c\" data-element_type=\"widget\" data-widget_type=\"image.default\">\n\t\t\t\t<div class=\"elementor-widget-container\">\n\t\t\t\t\t\t\t\t\t\t\t\t\t\t\t<img decoding=\"async\" width=\"576\" height=\"1024\" src=\"https:\/\/da-resin-art.com\/wp-content\/uploads\/2026\/03\/obrazy-da-resin-art-zielony-geode-2-576x1024.jpg\" class=\"attachment-large size-large wp-image-4620\" alt=\"obraz z \u017cywicy geoda zielony\" srcset=\"https:\/\/da-resin-art.com\/wp-content\/uploads\/2026\/03\/obrazy-da-resin-art-zielony-geode-2-576x1024.jpg 576w, https:\/\/da-resin-art.com\/wp-content\/uploads\/2026\/03\/obrazy-da-resin-art-zielony-geode-2-169x300.jpg 169w, https:\/\/da-resin-art.com\/wp-content\/uploads\/2026\/03\/obrazy-da-resin-art-zielony-geode-2-768x1365.jpg 768w, https:\/\/da-resin-art.com\/wp-content\/uploads\/2026\/03\/obrazy-da-resin-art-zielony-geode-2-864x1536.jpg 864w, https:\/\/da-resin-art.com\/wp-content\/uploads\/2026\/03\/obrazy-da-resin-art-zielony-geode-2-14x24.jpg 14w, https:\/\/da-resin-art.com\/wp-content\/uploads\/2026\/03\/obrazy-da-resin-art-zielony-geode-2-20x36.jpg 20w, https:\/\/da-resin-art.com\/wp-content\/uploads\/2026\/03\/obrazy-da-resin-art-zielony-geode-2-27x48.jpg 27w, https:\/\/da-resin-art.com\/wp-content\/uploads\/2026\/03\/obrazy-da-resin-art-zielony-geode-2-600x1067.jpg 600w, https:\/\/da-resin-art.com\/wp-content\/uploads\/2026\/03\/obrazy-da-resin-art-zielony-geode-2-28x50.jpg 28w, https:\/\/da-resin-art.com\/wp-content\/uploads\/2026\/03\/obrazy-da-resin-art-zielony-geode-2.jpg 1080w\" sizes=\"(max-width: 576px) 100vw, 576px\" \/>\t\t\t\t\t\t\t\t\t\t\t\t\t\t\t<\/div>\n\t\t\t\t<\/div>\n\t\t\t\t\t<\/div>\n\t\t<\/div>\n\t\t\t\t<div class=\"elementor-column elementor-col-33 elementor-top-column elementor-element elementor-element-e2af7bb\" data-id=\"e2af7bb\" data-element_type=\"column\">\n\t\t\t<div class=\"elementor-widget-wrap elementor-element-populated\">\n\t\t\t\t\t\t<div class=\"elementor-element elementor-element-ea19077 elementor-widget elementor-widget-image\" data-id=\"ea19077\" data-element_type=\"widget\" data-widget_type=\"image.default\">\n\t\t\t\t<div class=\"elementor-widget-container\">\n\t\t\t\t\t\t\t\t\t\t\t\t\t\t\t<img decoding=\"async\" width=\"576\" height=\"1024\" src=\"https:\/\/da-resin-art.com\/wp-content\/uploads\/2026\/03\/obrazy-da-resin-art-zielony-geode-7-576x1024.jpg\" class=\"attachment-large size-large wp-image-4632\" alt=\"obraz z \u017cywicy geoda zielony\" srcset=\"https:\/\/da-resin-art.com\/wp-content\/uploads\/2026\/03\/obrazy-da-resin-art-zielony-geode-7-576x1024.jpg 576w, https:\/\/da-resin-art.com\/wp-content\/uploads\/2026\/03\/obrazy-da-resin-art-zielony-geode-7-169x300.jpg 169w, https:\/\/da-resin-art.com\/wp-content\/uploads\/2026\/03\/obrazy-da-resin-art-zielony-geode-7-768x1366.jpg 768w, https:\/\/da-resin-art.com\/wp-content\/uploads\/2026\/03\/obrazy-da-resin-art-zielony-geode-7-864x1536.jpg 864w, https:\/\/da-resin-art.com\/wp-content\/uploads\/2026\/03\/obrazy-da-resin-art-zielony-geode-7-13x24.jpg 13w, https:\/\/da-resin-art.com\/wp-content\/uploads\/2026\/03\/obrazy-da-resin-art-zielony-geode-7-20x36.jpg 20w, https:\/\/da-resin-art.com\/wp-content\/uploads\/2026\/03\/obrazy-da-resin-art-zielony-geode-7-27x48.jpg 27w, https:\/\/da-resin-art.com\/wp-content\/uploads\/2026\/03\/obrazy-da-resin-art-zielony-geode-7-600x1067.jpg 600w, https:\/\/da-resin-art.com\/wp-content\/uploads\/2026\/03\/obrazy-da-resin-art-zielony-geode-7-28x50.jpg 28w, https:\/\/da-resin-art.com\/wp-content\/uploads\/2026\/03\/obrazy-da-resin-art-zielony-geode-7.jpg 1080w\" sizes=\"(max-width: 576px) 100vw, 576px\" \/>\t\t\t\t\t\t\t\t\t\t\t\t\t\t\t<\/div>\n\t\t\t\t<\/div>\n\t\t\t\t\t<\/div>\n\t\t<\/div>\n\t\t\t\t\t<\/div>\n\t\t<\/section>\n\t\t\t\t<section class=\"elementor-section elementor-top-section elementor-element elementor-element-1a8f027 elementor-section-boxed elementor-section-height-default elementor-section-height-default\" data-id=\"1a8f027\" data-element_type=\"section\">\n\t\t\t\t\t\t<div class=\"elementor-container elementor-column-gap-default\">\n\t\t\t\t\t<div class=\"elementor-column elementor-col-33 elementor-top-column elementor-element elementor-element-529bff9\" data-id=\"529bff9\" data-element_type=\"column\">\n\t\t\t<div class=\"elementor-widget-wrap elementor-element-populated\">\n\t\t\t\t\t\t<div class=\"elementor-element elementor-element-55e7d72 elementor-widget elementor-widget-image\" data-id=\"55e7d72\" data-element_type=\"widget\" data-widget_type=\"image.default\">\n\t\t\t\t<div class=\"elementor-widget-container\">\n\t\t\t\t\t\t\t\t\t\t\t\t\t\t\t<img loading=\"lazy\" decoding=\"async\" width=\"576\" height=\"1024\" src=\"https:\/\/da-resin-art.com\/wp-content\/uploads\/2026\/03\/obrazy-da-resin-art-zielony-geode-4-576x1024.jpg\" class=\"attachment-large size-large wp-image-4623\" alt=\"obraz z \u017cywicy geoda zielony\" srcset=\"https:\/\/da-resin-art.com\/wp-content\/uploads\/2026\/03\/obrazy-da-resin-art-zielony-geode-4-576x1024.jpg 576w, https:\/\/da-resin-art.com\/wp-content\/uploads\/2026\/03\/obrazy-da-resin-art-zielony-geode-4-169x300.jpg 169w, https:\/\/da-resin-art.com\/wp-content\/uploads\/2026\/03\/obrazy-da-resin-art-zielony-geode-4-768x1365.jpg 768w, https:\/\/da-resin-art.com\/wp-content\/uploads\/2026\/03\/obrazy-da-resin-art-zielony-geode-4-864x1536.jpg 864w, https:\/\/da-resin-art.com\/wp-content\/uploads\/2026\/03\/obrazy-da-resin-art-zielony-geode-4-14x24.jpg 14w, https:\/\/da-resin-art.com\/wp-content\/uploads\/2026\/03\/obrazy-da-resin-art-zielony-geode-4-20x36.jpg 20w, https:\/\/da-resin-art.com\/wp-content\/uploads\/2026\/03\/obrazy-da-resin-art-zielony-geode-4-27x48.jpg 27w, https:\/\/da-resin-art.com\/wp-content\/uploads\/2026\/03\/obrazy-da-resin-art-zielony-geode-4-600x1067.jpg 600w, https:\/\/da-resin-art.com\/wp-content\/uploads\/2026\/03\/obrazy-da-resin-art-zielony-geode-4-28x50.jpg 28w, https:\/\/da-resin-art.com\/wp-content\/uploads\/2026\/03\/obrazy-da-resin-art-zielony-geode-4.jpg 1080w\" sizes=\"(max-width: 576px) 100vw, 576px\" \/>\t\t\t\t\t\t\t\t\t\t\t\t\t\t\t<\/div>\n\t\t\t\t<\/div>\n\t\t\t\t\t<\/div>\n\t\t<\/div>\n\t\t\t\t<div class=\"elementor-column elementor-col-33 elementor-top-column elementor-element elementor-element-7b2d77e\" data-id=\"7b2d77e\" data-element_type=\"column\">\n\t\t\t<div class=\"elementor-widget-wrap elementor-element-populated\">\n\t\t\t\t\t\t<div class=\"elementor-element elementor-element-89a041a elementor-widget elementor-widget-image\" data-id=\"89a041a\" data-element_type=\"widget\" data-widget_type=\"image.default\">\n\t\t\t\t<div class=\"elementor-widget-container\">\n\t\t\t\t\t\t\t\t\t\t\t\t\t\t\t<img loading=\"lazy\" decoding=\"async\" width=\"576\" height=\"1024\" src=\"https:\/\/da-resin-art.com\/wp-content\/uploads\/2026\/03\/obrazy-da-resin-art-zielony-geode-6-576x1024.jpg\" class=\"attachment-large size-large wp-image-4629\" alt=\"obraz z \u017cywicy geoda zielony\" srcset=\"https:\/\/da-resin-art.com\/wp-content\/uploads\/2026\/03\/obrazy-da-resin-art-zielony-geode-6-576x1024.jpg 576w, https:\/\/da-resin-art.com\/wp-content\/uploads\/2026\/03\/obrazy-da-resin-art-zielony-geode-6-169x300.jpg 169w, https:\/\/da-resin-art.com\/wp-content\/uploads\/2026\/03\/obrazy-da-resin-art-zielony-geode-6-768x1366.jpg 768w, https:\/\/da-resin-art.com\/wp-content\/uploads\/2026\/03\/obrazy-da-resin-art-zielony-geode-6-864x1536.jpg 864w, https:\/\/da-resin-art.com\/wp-content\/uploads\/2026\/03\/obrazy-da-resin-art-zielony-geode-6-13x24.jpg 13w, https:\/\/da-resin-art.com\/wp-content\/uploads\/2026\/03\/obrazy-da-resin-art-zielony-geode-6-20x36.jpg 20w, https:\/\/da-resin-art.com\/wp-content\/uploads\/2026\/03\/obrazy-da-resin-art-zielony-geode-6-27x48.jpg 27w, https:\/\/da-resin-art.com\/wp-content\/uploads\/2026\/03\/obrazy-da-resin-art-zielony-geode-6-600x1067.jpg 600w, https:\/\/da-resin-art.com\/wp-content\/uploads\/2026\/03\/obrazy-da-resin-art-zielony-geode-6-28x50.jpg 28w, https:\/\/da-resin-art.com\/wp-content\/uploads\/2026\/03\/obrazy-da-resin-art-zielony-geode-6.jpg 1080w\" sizes=\"(max-width: 576px) 100vw, 576px\" \/>\t\t\t\t\t\t\t\t\t\t\t\t\t\t\t<\/div>\n\t\t\t\t<\/div>\n\t\t\t\t\t<\/div>\n\t\t<\/div>\n\t\t\t\t<div class=\"elementor-column elementor-col-33 elementor-top-column elementor-element elementor-element-b985465\" data-id=\"b985465\" data-element_type=\"column\">\n\t\t\t<div class=\"elementor-widget-wrap elementor-element-populated\">\n\t\t\t\t\t\t<div class=\"elementor-element elementor-element-4d84a57 elementor-widget elementor-widget-image\" data-id=\"4d84a57\" data-element_type=\"widget\" data-widget_type=\"image.default\">\n\t\t\t\t<div class=\"elementor-widget-container\">\n\t\t\t\t\t\t\t\t\t\t\t\t\t\t\t<img loading=\"lazy\" decoding=\"async\" width=\"576\" height=\"1024\" src=\"https:\/\/da-resin-art.com\/wp-content\/uploads\/2026\/03\/obrazy-da-resin-art-zielony-geode-9-576x1024.jpg\" class=\"attachment-large size-large wp-image-4638\" alt=\"obraz z \u017cywicy geoda zielony\" srcset=\"https:\/\/da-resin-art.com\/wp-content\/uploads\/2026\/03\/obrazy-da-resin-art-zielony-geode-9-576x1024.jpg 576w, https:\/\/da-resin-art.com\/wp-content\/uploads\/2026\/03\/obrazy-da-resin-art-zielony-geode-9-169x300.jpg 169w, https:\/\/da-resin-art.com\/wp-content\/uploads\/2026\/03\/obrazy-da-resin-art-zielony-geode-9-768x1365.jpg 768w, https:\/\/da-resin-art.com\/wp-content\/uploads\/2026\/03\/obrazy-da-resin-art-zielony-geode-9-864x1536.jpg 864w, https:\/\/da-resin-art.com\/wp-content\/uploads\/2026\/03\/obrazy-da-resin-art-zielony-geode-9-14x24.jpg 14w, https:\/\/da-resin-art.com\/wp-content\/uploads\/2026\/03\/obrazy-da-resin-art-zielony-geode-9-20x36.jpg 20w, https:\/\/da-resin-art.com\/wp-content\/uploads\/2026\/03\/obrazy-da-resin-art-zielony-geode-9-27x48.jpg 27w, https:\/\/da-resin-art.com\/wp-content\/uploads\/2026\/03\/obrazy-da-resin-art-zielony-geode-9-600x1067.jpg 600w, https:\/\/da-resin-art.com\/wp-content\/uploads\/2026\/03\/obrazy-da-resin-art-zielony-geode-9-28x50.jpg 28w, https:\/\/da-resin-art.com\/wp-content\/uploads\/2026\/03\/obrazy-da-resin-art-zielony-geode-9.jpg 1080w\" sizes=\"(max-width: 576px) 100vw, 576px\" \/>\t\t\t\t\t\t\t\t\t\t\t\t\t\t\t<\/div>\n\t\t\t\t<\/div>\n\t\t\t\t\t<\/div>\n\t\t<\/div>\n\t\t\t\t\t<\/div>\n\t\t<\/section>\n\t\t\t\t<section class=\"elementor-section elementor-top-section elementor-element elementor-element-c51f714 elementor-section-boxed elementor-section-height-default elementor-section-height-default\" data-id=\"c51f714\" data-element_type=\"section\">\n\t\t\t\t\t\t<div class=\"elementor-container elementor-column-gap-default\">\n\t\t\t\t\t<div class=\"elementor-column elementor-col-33 elementor-top-column elementor-element elementor-element-beb06f5\" data-id=\"beb06f5\" data-element_type=\"column\">\n\t\t\t<div class=\"elementor-widget-wrap elementor-element-populated\">\n\t\t\t\t\t\t<div class=\"elementor-element elementor-element-4c34c35 elementor-widget elementor-widget-image\" data-id=\"4c34c35\" data-element_type=\"widget\" data-widget_type=\"image.default\">\n\t\t\t\t<div class=\"elementor-widget-container\">\n\t\t\t\t\t\t\t\t\t\t\t\t\t\t\t<img loading=\"lazy\" decoding=\"async\" width=\"576\" height=\"1024\" src=\"https:\/\/da-resin-art.com\/wp-content\/uploads\/2026\/03\/obrazy-da-resin-art-zielony-geode-10-576x1024.jpg\" class=\"attachment-large size-large wp-image-4641\" alt=\"obraz z \u017cywicy geoda zielony\" srcset=\"https:\/\/da-resin-art.com\/wp-content\/uploads\/2026\/03\/obrazy-da-resin-art-zielony-geode-10-576x1024.jpg 576w, https:\/\/da-resin-art.com\/wp-content\/uploads\/2026\/03\/obrazy-da-resin-art-zielony-geode-10-169x300.jpg 169w, https:\/\/da-resin-art.com\/wp-content\/uploads\/2026\/03\/obrazy-da-resin-art-zielony-geode-10-768x1365.jpg 768w, https:\/\/da-resin-art.com\/wp-content\/uploads\/2026\/03\/obrazy-da-resin-art-zielony-geode-10-864x1536.jpg 864w, https:\/\/da-resin-art.com\/wp-content\/uploads\/2026\/03\/obrazy-da-resin-art-zielony-geode-10-14x24.jpg 14w, https:\/\/da-resin-art.com\/wp-content\/uploads\/2026\/03\/obrazy-da-resin-art-zielony-geode-10-20x36.jpg 20w, https:\/\/da-resin-art.com\/wp-content\/uploads\/2026\/03\/obrazy-da-resin-art-zielony-geode-10-27x48.jpg 27w, https:\/\/da-resin-art.com\/wp-content\/uploads\/2026\/03\/obrazy-da-resin-art-zielony-geode-10-600x1067.jpg 600w, https:\/\/da-resin-art.com\/wp-content\/uploads\/2026\/03\/obrazy-da-resin-art-zielony-geode-10-28x50.jpg 28w, https:\/\/da-resin-art.com\/wp-content\/uploads\/2026\/03\/obrazy-da-resin-art-zielony-geode-10.jpg 1080w\" sizes=\"(max-width: 576px) 100vw, 576px\" \/>\t\t\t\t\t\t\t\t\t\t\t\t\t\t\t<\/div>\n\t\t\t\t<\/div>\n\t\t\t\t\t<\/div>\n\t\t<\/div>\n\t\t\t\t<div class=\"elementor-column elementor-col-33 elementor-top-column elementor-element elementor-element-fe3a0ea\" data-id=\"fe3a0ea\" data-element_type=\"column\">\n\t\t\t<div class=\"elementor-widget-wrap elementor-element-populated\">\n\t\t\t\t\t\t<div class=\"elementor-element elementor-element-c1037b4 elementor-widget elementor-widget-image\" data-id=\"c1037b4\" data-element_type=\"widget\" data-widget_type=\"image.default\">\n\t\t\t\t<div class=\"elementor-widget-container\">\n\t\t\t\t\t\t\t\t\t\t\t\t\t\t\t<img loading=\"lazy\" decoding=\"async\" width=\"576\" height=\"1024\" src=\"https:\/\/da-resin-art.com\/wp-content\/uploads\/2026\/03\/obrazy-da-resin-art-zielony-geode-5-576x1024.jpg\" class=\"attachment-large size-large wp-image-4626\" alt=\"obraz z \u017cywicy geoda zielony\" srcset=\"https:\/\/da-resin-art.com\/wp-content\/uploads\/2026\/03\/obrazy-da-resin-art-zielony-geode-5-576x1024.jpg 576w, https:\/\/da-resin-art.com\/wp-content\/uploads\/2026\/03\/obrazy-da-resin-art-zielony-geode-5-169x300.jpg 169w, https:\/\/da-resin-art.com\/wp-content\/uploads\/2026\/03\/obrazy-da-resin-art-zielony-geode-5-768x1365.jpg 768w, https:\/\/da-resin-art.com\/wp-content\/uploads\/2026\/03\/obrazy-da-resin-art-zielony-geode-5-864x1536.jpg 864w, https:\/\/da-resin-art.com\/wp-content\/uploads\/2026\/03\/obrazy-da-resin-art-zielony-geode-5-14x24.jpg 14w, https:\/\/da-resin-art.com\/wp-content\/uploads\/2026\/03\/obrazy-da-resin-art-zielony-geode-5-20x36.jpg 20w, https:\/\/da-resin-art.com\/wp-content\/uploads\/2026\/03\/obrazy-da-resin-art-zielony-geode-5-27x48.jpg 27w, https:\/\/da-resin-art.com\/wp-content\/uploads\/2026\/03\/obrazy-da-resin-art-zielony-geode-5-600x1067.jpg 600w, https:\/\/da-resin-art.com\/wp-content\/uploads\/2026\/03\/obrazy-da-resin-art-zielony-geode-5-28x50.jpg 28w, https:\/\/da-resin-art.com\/wp-content\/uploads\/2026\/03\/obrazy-da-resin-art-zielony-geode-5.jpg 1080w\" sizes=\"(max-width: 576px) 100vw, 576px\" \/>\t\t\t\t\t\t\t\t\t\t\t\t\t\t\t<\/div>\n\t\t\t\t<\/div>\n\t\t\t\t\t<\/div>\n\t\t<\/div>\n\t\t\t\t<div class=\"elementor-column elementor-col-33 elementor-top-column elementor-element elementor-element-c44de5f\" data-id=\"c44de5f\" data-element_type=\"column\">\n\t\t\t<div class=\"elementor-widget-wrap elementor-element-populated\">\n\t\t\t\t\t\t<div class=\"elementor-element elementor-element-ce08ef5 elementor-widget elementor-widget-image\" data-id=\"ce08ef5\" data-element_type=\"widget\" data-widget_type=\"image.default\">\n\t\t\t\t<div class=\"elementor-widget-container\">\n\t\t\t\t\t\t\t\t\t\t\t\t\t\t\t<img loading=\"lazy\" decoding=\"async\" width=\"576\" height=\"1024\" src=\"https:\/\/da-resin-art.com\/wp-content\/uploads\/2026\/03\/obrazy-da-resin-art-zielony-geode-8-576x1024.jpg\" class=\"attachment-large size-large wp-image-4635\" alt=\"obraz z \u017cywicy geoda zielony\" srcset=\"https:\/\/da-resin-art.com\/wp-content\/uploads\/2026\/03\/obrazy-da-resin-art-zielony-geode-8-576x1024.jpg 576w, https:\/\/da-resin-art.com\/wp-content\/uploads\/2026\/03\/obrazy-da-resin-art-zielony-geode-8-169x300.jpg 169w, https:\/\/da-resin-art.com\/wp-content\/uploads\/2026\/03\/obrazy-da-resin-art-zielony-geode-8-768x1365.jpg 768w, https:\/\/da-resin-art.com\/wp-content\/uploads\/2026\/03\/obrazy-da-resin-art-zielony-geode-8-864x1536.jpg 864w, https:\/\/da-resin-art.com\/wp-content\/uploads\/2026\/03\/obrazy-da-resin-art-zielony-geode-8-14x24.jpg 14w, https:\/\/da-resin-art.com\/wp-content\/uploads\/2026\/03\/obrazy-da-resin-art-zielony-geode-8-20x36.jpg 20w, https:\/\/da-resin-art.com\/wp-content\/uploads\/2026\/03\/obrazy-da-resin-art-zielony-geode-8-27x48.jpg 27w, https:\/\/da-resin-art.com\/wp-content\/uploads\/2026\/03\/obrazy-da-resin-art-zielony-geode-8-600x1067.jpg 600w, https:\/\/da-resin-art.com\/wp-content\/uploads\/2026\/03\/obrazy-da-resin-art-zielony-geode-8-28x50.jpg 28w, https:\/\/da-resin-art.com\/wp-content\/uploads\/2026\/03\/obrazy-da-resin-art-zielony-geode-8.jpg 1080w\" sizes=\"(max-width: 576px) 100vw, 576px\" \/>\t\t\t\t\t\t\t\t\t\t\t\t\t\t\t<\/div>\n\t\t\t\t<\/div>\n\t\t\t\t\t<\/div>\n\t\t<\/div>\n\t\t\t\t\t<\/div>\n\t\t<\/section>\n\t\t\t\t<\/div>\n\t\t","protected":false},"excerpt":{"rendered":"<p>\u2705 Baza z MDF &#8212; 40 x 70 cm<br \/>\n\u2705 Wz\u00f3r z \u017cywicy epoksydowej w zielonej kolorystyce ze z\u0142otymi akcentami<br \/>\n\u2705 Bogaty na ozdoby: kruszone szk\u0142o, kamienie naturalne \u2013 Labradoryt, kryszta\u0142y g\u00f3rskie<\/p>\n<p>Obraz Geoda &#171;Oddech natury&#187; dla mi\u0142o\u015bnik\u00f3w kolor\u00f3w natury \ud83d\udc9a\ud83c\udf3fObraz z \u017cywicy &#8212; to prawdziwa bi\u017cuteria dla Twojej \u015bciany \u2013 wykonany z \u017cywicy epoksydowej, zachwyca szlachetn\u0105 kolorystyk\u0105 i bogatymi detalami. Idealny wyb\u00f3r dla tych, kt\u00f3rzy ceni\u0105 elegancki styl, zainspirowany natur\u0105 \u2728 Idealny dodatek do wn\u0119trz z kwiatami i ro\u015blinami \ud83e\udeb4<\/p>\n","protected":false},"featured_media":4611,"template":"","meta":{"_acf_changed":false,"_kadence_starter_templates_imported_post":false,"_kad_post_transparent":"default","_kad_post_title":"hide","_kad_post_layout":"fullwidth","_kad_post_sidebar_id":"","_kad_post_content_style":"unboxed","_kad_post_vertical_padding":"hide","_kad_post_feature":"hide","_kad_post_feature_position":"","_kad_post_header":false,"_kad_post_footer":false},"product_brand":[],"product_cat":[18],"product_tag":[28,29],"class_list":{"0":"post-4610","1":"product","2":"type-product","3":"status-publish","4":"has-post-thumbnail","6":"product_cat-galeria","7":"product_tag-dostepne","8":"product_tag-wszystko","10":"first","11":"instock","12":"shipping-taxable","13":"purchasable","14":"product-type-simple","15":"entry","16":"content-bg","17":"loop-entry"},"acf":[],"_links":{"self":[{"href":"https:\/\/da-resin-art.com\/ru\/wp-json\/wp\/v2\/product\/4610","targetHints":{"allow":["GET"]}}],"collection":[{"href":"https:\/\/da-resin-art.com\/ru\/wp-json\/wp\/v2\/product"}],"about":[{"href":"https:\/\/da-resin-art.com\/ru\/wp-json\/wp\/v2\/types\/product"}],"version-history":[{"count":8,"href":"https:\/\/da-resin-art.com\/ru\/wp-json\/wp\/v2\/product\/4610\/revisions"}],"predecessor-version":[{"id":4809,"href":"https:\/\/da-resin-art.com\/ru\/wp-json\/wp\/v2\/product\/4610\/revisions\/4809"}],"wp:featuredmedia":[{"embeddable":true,"href":"https:\/\/da-resin-art.com\/ru\/wp-json\/wp\/v2\/media\/4611"}],"wp:attachment":[{"href":"https:\/\/da-resin-art.com\/ru\/wp-json\/wp\/v2\/media?parent=4610"}],"wp:term":[{"taxonomy":"product_brand","embeddable":true,"href":"https:\/\/da-resin-art.com\/ru\/wp-json\/wp\/v2\/product_brand?post=4610"},{"taxonomy":"product_cat","embeddable":true,"href":"https:\/\/da-resin-art.com\/ru\/wp-json\/wp\/v2\/product_cat?post=4610"},{"taxonomy":"product_tag","embeddable":true,"href":"https:\/\/da-resin-art.com\/ru\/wp-json\/wp\/v2\/product_tag?post=4610"}],"curies":[{"name":"wp","href":"https:\/\/api.w.org\/{rel}","templated":true}]}}