{"id":4963,"date":"2026-03-27T12:53:43","date_gmt":"2026-03-27T11:53:43","guid":{"rendered":"https:\/\/da-resin-art.com\/produkt\/kurs-jak-stworzyc-zegar-z-zywicy-od-a-do-z-4-rozne-techniki\/"},"modified":"2026-03-27T13:49:58","modified_gmt":"2026-03-27T12:49:58","slug":"kurs-jak-stworzyc-zegar-z-zywicy-od-a-do-z-4-rozne-techniki","status":"publish","type":"product","link":"https:\/\/da-resin-art.com\/ru\/produkt\/kurs-jak-stworzyc-zegar-z-zywicy-od-a-do-z-4-rozne-techniki\/","title":{"rendered":"Kurs &#8212; jak stworzy\u0107 zegar z \u017cywicy od A do Z &#8212; 4 r\u00f3\u017cne techniki!"},"content":{"rendered":"","protected":false},"excerpt":{"rendered":"","protected":false},"featured_media":4933,"template":"","meta":{"_acf_changed":false,"_kadence_starter_templates_imported_post":false,"_kad_post_transparent":"default","_kad_post_title":"","_kad_post_layout":"default","_kad_post_sidebar_id":"","_kad_post_content_style":"default","_kad_post_vertical_padding":"default","_kad_post_feature":"","_kad_post_feature_position":"","_kad_post_header":false,"_kad_post_footer":false},"product_brand":[],"product_cat":[48],"product_tag":[],"class_list":{"0":"post-4963","1":"product","2":"type-product","3":"status-publish","4":"has-post-thumbnail","6":"product_cat-kursy-z-cena","8":"first","9":"instock","10":"sale","11":"virtual","12":"sold-individually","13":"purchasable","14":"product-type-simple","15":"entry","16":"content-bg","17":"loop-entry"},"acf":[],"_links":{"self":[{"href":"https:\/\/da-resin-art.com\/ru\/wp-json\/wp\/v2\/product\/4963","targetHints":{"allow":["GET"]}}],"collection":[{"href":"https:\/\/da-resin-art.com\/ru\/wp-json\/wp\/v2\/product"}],"about":[{"href":"https:\/\/da-resin-art.com\/ru\/wp-json\/wp\/v2\/types\/product"}],"version-history":[{"count":1,"href":"https:\/\/da-resin-art.com\/ru\/wp-json\/wp\/v2\/product\/4963\/revisions"}],"predecessor-version":[{"id":4964,"href":"https:\/\/da-resin-art.com\/ru\/wp-json\/wp\/v2\/product\/4963\/revisions\/4964"}],"wp:featuredmedia":[{"embeddable":true,"href":"https:\/\/da-resin-art.com\/ru\/wp-json\/wp\/v2\/media\/4933"}],"wp:attachment":[{"href":"https:\/\/da-resin-art.com\/ru\/wp-json\/wp\/v2\/media?parent=4963"}],"wp:term":[{"taxonomy":"product_brand","embeddable":true,"href":"https:\/\/da-resin-art.com\/ru\/wp-json\/wp\/v2\/product_brand?post=4963"},{"taxonomy":"product_cat","embeddable":true,"href":"https:\/\/da-resin-art.com\/ru\/wp-json\/wp\/v2\/product_cat?post=4963"},{"taxonomy":"product_tag","embeddable":true,"href":"https:\/\/da-resin-art.com\/ru\/wp-json\/wp\/v2\/product_tag?post=4963"}],"curies":[{"name":"wp","href":"https:\/\/api.w.org\/{rel}","templated":true}]}}