{"id":533,"date":"2025-01-22T23:54:05","date_gmt":"2025-01-22T22:54:05","guid":{"rendered":"https:\/\/da-resin-art.com\/?post_type=product&#038;p=533"},"modified":"2026-02-10T19:15:31","modified_gmt":"2026-02-10T18:15:31","slug":"zegar-czarno-niebieski","status":"publish","type":"product","link":"https:\/\/da-resin-art.com\/ru\/produkt\/zegar-czarno-niebieski\/","title":{"rendered":"Zegar \u015bcienny 40 cm czarno-niebieski"},"content":{"rendered":"\t\t<div data-elementor-type=\"product-post\" data-elementor-id=\"533\" class=\"elementor elementor-533\" data-elementor-post-type=\"product\">\n\t\t\t\t\t\t<section class=\"elementor-section elementor-top-section elementor-element elementor-element-46cdd2a elementor-section-boxed elementor-section-height-default elementor-section-height-default\" data-id=\"46cdd2a\" data-element_type=\"section\">\n\t\t\t\t\t\t<div class=\"elementor-container elementor-column-gap-default\">\n\t\t\t\t\t<div class=\"elementor-column elementor-col-100 elementor-top-column elementor-element elementor-element-ae2f1ae\" data-id=\"ae2f1ae\" data-element_type=\"column\">\n\t\t\t<div class=\"elementor-widget-wrap elementor-element-populated\">\n\t\t\t\t\t\t<div class=\"elementor-element elementor-element-5e65576 elementor-widget elementor-widget-image\" data-id=\"5e65576\" data-element_type=\"widget\" data-widget_type=\"image.default\">\n\t\t\t\t<div class=\"elementor-widget-container\">\n\t\t\t\t\t\t\t\t\t\t\t\t\t\t\t<img fetchpriority=\"high\" decoding=\"async\" width=\"2000\" height=\"1125\" src=\"https:\/\/da-resin-art.com\/wp-content\/uploads\/2025\/01\/zegary-da-resinart-11.jpg\" class=\"attachment-full size-full wp-image-703\" alt=\"zegar z \u017cywic\u0105 czarny niebieski srebro da resin art\" srcset=\"https:\/\/da-resin-art.com\/wp-content\/uploads\/2025\/01\/zegary-da-resinart-11.jpg 2000w, https:\/\/da-resin-art.com\/wp-content\/uploads\/2025\/01\/zegary-da-resinart-11-300x169.jpg 300w, https:\/\/da-resin-art.com\/wp-content\/uploads\/2025\/01\/zegary-da-resinart-11-1024x576.jpg 1024w, https:\/\/da-resin-art.com\/wp-content\/uploads\/2025\/01\/zegary-da-resinart-11-768x432.jpg 768w, https:\/\/da-resin-art.com\/wp-content\/uploads\/2025\/01\/zegary-da-resinart-11-1536x864.jpg 1536w, https:\/\/da-resin-art.com\/wp-content\/uploads\/2025\/01\/zegary-da-resinart-11-600x338.jpg 600w\" sizes=\"(max-width: 2000px) 100vw, 2000px\" \/>\t\t\t\t\t\t\t\t\t\t\t\t\t\t\t<\/div>\n\t\t\t\t<\/div>\n\t\t\t\t\t<\/div>\n\t\t<\/div>\n\t\t\t\t\t<\/div>\n\t\t<\/section>\n\t\t\t\t<section class=\"elementor-section elementor-top-section elementor-element elementor-element-8e2d8b1 elementor-section-boxed elementor-section-height-default elementor-section-height-default\" data-id=\"8e2d8b1\" data-element_type=\"section\">\n\t\t\t\t\t\t<div class=\"elementor-container elementor-column-gap-default\">\n\t\t\t\t\t<div class=\"elementor-column elementor-col-100 elementor-top-column elementor-element elementor-element-77bc8d4\" data-id=\"77bc8d4\" data-element_type=\"column\">\n\t\t\t<div class=\"elementor-widget-wrap elementor-element-populated\">\n\t\t\t\t\t\t<div class=\"elementor-element elementor-element-a28d42b elementor-widget elementor-widget-text-editor\" data-id=\"a28d42b\" data-element_type=\"widget\" data-widget_type=\"text-editor.default\">\n\t\t\t\t<div class=\"elementor-widget-container\">\n\t\t\t\t\t\t\t\t\t<p>\ud83d\udda4 \u015arednica &#8212; 40 cm.<\/p><p>\ud83d\udda4 Baza &#8212; MDF.<\/p><p>\ud83d\udda4 Zegar \u015bcienny z \u017cywic\u0105 czarno-niebieski ze srebrem.<\/p><p>\ud83d\udda4Dodatki &#8212; naturalny czarny \u017cwirek dekoracyjny.<\/p><p>\ud83d\udda4Cichy mechanizm zegara.\u00a0<\/p>\t\t\t\t\t\t\t\t<\/div>\n\t\t\t\t<\/div>\n\t\t\t\t\t<\/div>\n\t\t<\/div>\n\t\t\t\t\t<\/div>\n\t\t<\/section>\n\t\t\t\t<section class=\"elementor-section elementor-top-section elementor-element elementor-element-1eee46c elementor-section-boxed elementor-section-height-default elementor-section-height-default\" data-id=\"1eee46c\" data-element_type=\"section\">\n\t\t\t\t\t\t<div class=\"elementor-container elementor-column-gap-default\">\n\t\t\t\t\t<div class=\"elementor-column elementor-col-33 elementor-top-column elementor-element elementor-element-e3fa644\" data-id=\"e3fa644\" data-element_type=\"column\">\n\t\t\t<div class=\"elementor-widget-wrap elementor-element-populated\">\n\t\t\t\t\t\t<div class=\"elementor-element elementor-element-db2b244 elementor-widget elementor-widget-video\" data-id=\"db2b244\" data-element_type=\"widget\" data-settings=\"{&quot;youtube_url&quot;:&quot;https:\\\/\\\/youtube.com\\\/watch?v=SYcYC_y-oug?feature=share&quot;,&quot;video_type&quot;:&quot;youtube&quot;,&quot;controls&quot;:&quot;yes&quot;}\" data-widget_type=\"video.default\">\n\t\t\t\t<div class=\"elementor-widget-container\">\n\t\t\t\t\t\t\t<div class=\"elementor-wrapper elementor-open-inline\">\n\t\t\t<div class=\"elementor-video\"><\/div>\t\t<\/div>\n\t\t\t\t\t\t<\/div>\n\t\t\t\t<\/div>\n\t\t\t\t\t<\/div>\n\t\t<\/div>\n\t\t\t\t<div class=\"elementor-column elementor-col-33 elementor-top-column elementor-element elementor-element-9c6f434\" data-id=\"9c6f434\" data-element_type=\"column\">\n\t\t\t<div class=\"elementor-widget-wrap elementor-element-populated\">\n\t\t\t\t\t\t<div class=\"elementor-element elementor-element-816d2b8 elementor-widget elementor-widget-image\" data-id=\"816d2b8\" data-element_type=\"widget\" data-widget_type=\"image.default\">\n\t\t\t\t<div class=\"elementor-widget-container\">\n\t\t\t\t\t\t\t\t\t\t\t\t\t\t\t<img decoding=\"async\" width=\"576\" height=\"1024\" src=\"https:\/\/da-resin-art.com\/wp-content\/uploads\/2025\/01\/zegar-da-resin-aer-niebiesko-czarny-2-576x1024.jpg\" class=\"attachment-large size-large wp-image-413\" alt=\"zegar z \u017cywic\u0105 czarny niebieski srebro da resin art\" srcset=\"https:\/\/da-resin-art.com\/wp-content\/uploads\/2025\/01\/zegar-da-resin-aer-niebiesko-czarny-2-576x1024.jpg 576w, https:\/\/da-resin-art.com\/wp-content\/uploads\/2025\/01\/zegar-da-resin-aer-niebiesko-czarny-2-169x300.jpg 169w, https:\/\/da-resin-art.com\/wp-content\/uploads\/2025\/01\/zegar-da-resin-aer-niebiesko-czarny-2-768x1365.jpg 768w, https:\/\/da-resin-art.com\/wp-content\/uploads\/2025\/01\/zegar-da-resin-aer-niebiesko-czarny-2-864x1536.jpg 864w, https:\/\/da-resin-art.com\/wp-content\/uploads\/2025\/01\/zegar-da-resin-aer-niebiesko-czarny-2-1152x2048.jpg 1152w, https:\/\/da-resin-art.com\/wp-content\/uploads\/2025\/01\/zegar-da-resin-aer-niebiesko-czarny-2-600x1067.jpg 600w, https:\/\/da-resin-art.com\/wp-content\/uploads\/2025\/01\/zegar-da-resin-aer-niebiesko-czarny-2-scaled.jpg 1440w\" sizes=\"(max-width: 576px) 100vw, 576px\" \/>\t\t\t\t\t\t\t\t\t\t\t\t\t\t\t<\/div>\n\t\t\t\t<\/div>\n\t\t\t\t\t<\/div>\n\t\t<\/div>\n\t\t\t\t<div class=\"elementor-column elementor-col-33 elementor-top-column elementor-element elementor-element-12eb6a1\" data-id=\"12eb6a1\" data-element_type=\"column\">\n\t\t\t<div class=\"elementor-widget-wrap elementor-element-populated\">\n\t\t\t\t\t\t<div class=\"elementor-element elementor-element-245c536 elementor-widget elementor-widget-image\" data-id=\"245c536\" data-element_type=\"widget\" data-widget_type=\"image.default\">\n\t\t\t\t<div class=\"elementor-widget-container\">\n\t\t\t\t\t\t\t\t\t\t\t\t\t\t\t<img decoding=\"async\" width=\"576\" height=\"1024\" src=\"https:\/\/da-resin-art.com\/wp-content\/uploads\/2025\/01\/zegar-da-resin-aer-niebiesko-czarny-1-576x1024.jpg\" class=\"attachment-large size-large wp-image-414\" alt=\"zegar z \u017cywic\u0105 czarny niebieski srebro da resin art\" srcset=\"https:\/\/da-resin-art.com\/wp-content\/uploads\/2025\/01\/zegar-da-resin-aer-niebiesko-czarny-1-576x1024.jpg 576w, https:\/\/da-resin-art.com\/wp-content\/uploads\/2025\/01\/zegar-da-resin-aer-niebiesko-czarny-1-169x300.jpg 169w, https:\/\/da-resin-art.com\/wp-content\/uploads\/2025\/01\/zegar-da-resin-aer-niebiesko-czarny-1-768x1366.jpg 768w, https:\/\/da-resin-art.com\/wp-content\/uploads\/2025\/01\/zegar-da-resin-aer-niebiesko-czarny-1-864x1536.jpg 864w, https:\/\/da-resin-art.com\/wp-content\/uploads\/2025\/01\/zegar-da-resin-aer-niebiesko-czarny-1-1151x2048.jpg 1151w, https:\/\/da-resin-art.com\/wp-content\/uploads\/2025\/01\/zegar-da-resin-aer-niebiesko-czarny-1-600x1067.jpg 600w, https:\/\/da-resin-art.com\/wp-content\/uploads\/2025\/01\/zegar-da-resin-aer-niebiesko-czarny-1-scaled.jpg 1439w\" sizes=\"(max-width: 576px) 100vw, 576px\" \/>\t\t\t\t\t\t\t\t\t\t\t\t\t\t\t<\/div>\n\t\t\t\t<\/div>\n\t\t\t\t\t<\/div>\n\t\t<\/div>\n\t\t\t\t\t<\/div>\n\t\t<\/section>\n\t\t\t\t<section class=\"elementor-section elementor-top-section elementor-element elementor-element-15a617b elementor-section-boxed elementor-section-height-default elementor-section-height-default\" data-id=\"15a617b\" data-element_type=\"section\">\n\t\t\t\t\t\t<div class=\"elementor-container elementor-column-gap-default\">\n\t\t\t\t\t<div class=\"elementor-column elementor-col-100 elementor-top-column elementor-element elementor-element-e0134e3\" data-id=\"e0134e3\" data-element_type=\"column\">\n\t\t\t<div class=\"elementor-widget-wrap elementor-element-populated\">\n\t\t\t\t\t\t<div class=\"elementor-element elementor-element-2c0155b elementor-widget elementor-widget-text-editor\" data-id=\"2c0155b\" data-element_type=\"widget\" data-widget_type=\"text-editor.default\">\n\t\t\t\t<div class=\"elementor-widget-container\">\n\t\t\t\t\t\t\t\t\t<p>\u2728 <strong>Czarno-niebieski zegar \u015bcienny \u2013 elegancja i luksus w Twoim wn\u0119trzu!<\/strong> \u2728<\/p><p>O\u017cyw swoje wn\u0119trze unikalnym zegarem z \u017cywicy epoksydowej! R\u0119cznie wykonany, z niepowtarzalnym wzorem i naturalnymi kamieniami, doda charakteru ka\u017cdej przestrzeni. Cichy mechanizm zapewni spok\u00f3j, a g\u0142\u0119bia czerni i intensywny niebieski stworz\u0105 wyj\u0105tkowy akcent dekoracyjny.<\/p><p>\ud83d\uded2 <strong>Kup teraz lub zam\u00f3w personalizowany model dopasowany do Twojego stylu!<\/strong> \ud83d\udc99\ud83d\udda4<\/p>\t\t\t\t\t\t\t\t<\/div>\n\t\t\t\t<\/div>\n\t\t\t\t\t<\/div>\n\t\t<\/div>\n\t\t\t\t\t<\/div>\n\t\t<\/section>\n\t\t\t\t<section class=\"elementor-section elementor-top-section elementor-element elementor-element-e629738 elementor-section-boxed elementor-section-height-default elementor-section-height-default\" data-id=\"e629738\" data-element_type=\"section\">\n\t\t\t\t\t\t<div class=\"elementor-container elementor-column-gap-default\">\n\t\t\t\t\t<div class=\"elementor-column elementor-col-33 elementor-top-column elementor-element elementor-element-068aa3d\" data-id=\"068aa3d\" data-element_type=\"column\">\n\t\t\t<div class=\"elementor-widget-wrap elementor-element-populated\">\n\t\t\t\t\t\t<div class=\"elementor-element elementor-element-d5ade66 elementor-widget elementor-widget-image\" data-id=\"d5ade66\" data-element_type=\"widget\" data-widget_type=\"image.default\">\n\t\t\t\t<div class=\"elementor-widget-container\">\n\t\t\t\t\t\t\t\t\t\t\t\t\t\t\t<img loading=\"lazy\" decoding=\"async\" width=\"576\" height=\"1024\" src=\"https:\/\/da-resin-art.com\/wp-content\/uploads\/2025\/01\/zegar-da-resin-aer-niebiesko-czarny-3-576x1024.jpg\" class=\"attachment-large size-large wp-image-415\" alt=\"zegar z \u017cywic\u0105 czarny niebieski srebro da resin art\" srcset=\"https:\/\/da-resin-art.com\/wp-content\/uploads\/2025\/01\/zegar-da-resin-aer-niebiesko-czarny-3-576x1024.jpg 576w, https:\/\/da-resin-art.com\/wp-content\/uploads\/2025\/01\/zegar-da-resin-aer-niebiesko-czarny-3-169x300.jpg 169w, https:\/\/da-resin-art.com\/wp-content\/uploads\/2025\/01\/zegar-da-resin-aer-niebiesko-czarny-3-768x1365.jpg 768w, https:\/\/da-resin-art.com\/wp-content\/uploads\/2025\/01\/zegar-da-resin-aer-niebiesko-czarny-3-864x1536.jpg 864w, https:\/\/da-resin-art.com\/wp-content\/uploads\/2025\/01\/zegar-da-resin-aer-niebiesko-czarny-3-1152x2048.jpg 1152w, https:\/\/da-resin-art.com\/wp-content\/uploads\/2025\/01\/zegar-da-resin-aer-niebiesko-czarny-3-600x1067.jpg 600w, https:\/\/da-resin-art.com\/wp-content\/uploads\/2025\/01\/zegar-da-resin-aer-niebiesko-czarny-3-scaled.jpg 1440w\" sizes=\"(max-width: 576px) 100vw, 576px\" \/>\t\t\t\t\t\t\t\t\t\t\t\t\t\t\t<\/div>\n\t\t\t\t<\/div>\n\t\t\t\t\t<\/div>\n\t\t<\/div>\n\t\t\t\t<div class=\"elementor-column elementor-col-33 elementor-top-column elementor-element elementor-element-4022652\" data-id=\"4022652\" data-element_type=\"column\">\n\t\t\t<div class=\"elementor-widget-wrap elementor-element-populated\">\n\t\t\t\t\t\t<div class=\"elementor-element elementor-element-dfeaec9 elementor-widget elementor-widget-image\" data-id=\"dfeaec9\" data-element_type=\"widget\" data-widget_type=\"image.default\">\n\t\t\t\t<div class=\"elementor-widget-container\">\n\t\t\t\t\t\t\t\t\t\t\t\t\t\t\t<img loading=\"lazy\" decoding=\"async\" width=\"576\" height=\"1024\" src=\"https:\/\/da-resin-art.com\/wp-content\/uploads\/2025\/01\/zegar-da-resin-aer-niebiesko-czarny-5-576x1024.jpg\" class=\"attachment-large size-large wp-image-416\" alt=\"zegar z \u017cywic\u0105 czarny niebieski srebro da resin art\" srcset=\"https:\/\/da-resin-art.com\/wp-content\/uploads\/2025\/01\/zegar-da-resin-aer-niebiesko-czarny-5-576x1024.jpg 576w, https:\/\/da-resin-art.com\/wp-content\/uploads\/2025\/01\/zegar-da-resin-aer-niebiesko-czarny-5-169x300.jpg 169w, https:\/\/da-resin-art.com\/wp-content\/uploads\/2025\/01\/zegar-da-resin-aer-niebiesko-czarny-5-768x1365.jpg 768w, https:\/\/da-resin-art.com\/wp-content\/uploads\/2025\/01\/zegar-da-resin-aer-niebiesko-czarny-5-864x1536.jpg 864w, https:\/\/da-resin-art.com\/wp-content\/uploads\/2025\/01\/zegar-da-resin-aer-niebiesko-czarny-5-1152x2048.jpg 1152w, https:\/\/da-resin-art.com\/wp-content\/uploads\/2025\/01\/zegar-da-resin-aer-niebiesko-czarny-5-600x1067.jpg 600w, https:\/\/da-resin-art.com\/wp-content\/uploads\/2025\/01\/zegar-da-resin-aer-niebiesko-czarny-5-scaled.jpg 1440w\" sizes=\"(max-width: 576px) 100vw, 576px\" \/>\t\t\t\t\t\t\t\t\t\t\t\t\t\t\t<\/div>\n\t\t\t\t<\/div>\n\t\t\t\t\t<\/div>\n\t\t<\/div>\n\t\t\t\t<div class=\"elementor-column elementor-col-33 elementor-top-column elementor-element elementor-element-5797ef9\" data-id=\"5797ef9\" data-element_type=\"column\">\n\t\t\t<div class=\"elementor-widget-wrap elementor-element-populated\">\n\t\t\t\t\t\t<div class=\"elementor-element elementor-element-7fcabde elementor-widget elementor-widget-image\" data-id=\"7fcabde\" data-element_type=\"widget\" data-widget_type=\"image.default\">\n\t\t\t\t<div class=\"elementor-widget-container\">\n\t\t\t\t\t\t\t\t\t\t\t\t\t\t\t<img loading=\"lazy\" decoding=\"async\" width=\"576\" height=\"1024\" src=\"https:\/\/da-resin-art.com\/wp-content\/uploads\/2025\/01\/zegar-da-resin-aer-niebiesko-czarny-4-576x1024.jpg\" class=\"attachment-large size-large wp-image-417\" alt=\"zegar z \u017cywic\u0105 czarny niebieski srebro da resin art\" srcset=\"https:\/\/da-resin-art.com\/wp-content\/uploads\/2025\/01\/zegar-da-resin-aer-niebiesko-czarny-4-576x1024.jpg 576w, https:\/\/da-resin-art.com\/wp-content\/uploads\/2025\/01\/zegar-da-resin-aer-niebiesko-czarny-4-169x300.jpg 169w, https:\/\/da-resin-art.com\/wp-content\/uploads\/2025\/01\/zegar-da-resin-aer-niebiesko-czarny-4-768x1365.jpg 768w, https:\/\/da-resin-art.com\/wp-content\/uploads\/2025\/01\/zegar-da-resin-aer-niebiesko-czarny-4-864x1536.jpg 864w, https:\/\/da-resin-art.com\/wp-content\/uploads\/2025\/01\/zegar-da-resin-aer-niebiesko-czarny-4-1152x2048.jpg 1152w, https:\/\/da-resin-art.com\/wp-content\/uploads\/2025\/01\/zegar-da-resin-aer-niebiesko-czarny-4-600x1067.jpg 600w, https:\/\/da-resin-art.com\/wp-content\/uploads\/2025\/01\/zegar-da-resin-aer-niebiesko-czarny-4-scaled.jpg 1440w\" sizes=\"(max-width: 576px) 100vw, 576px\" \/>\t\t\t\t\t\t\t\t\t\t\t\t\t\t\t<\/div>\n\t\t\t\t<\/div>\n\t\t\t\t\t<\/div>\n\t\t<\/div>\n\t\t\t\t\t<\/div>\n\t\t<\/section>\n\t\t\t\t<section class=\"elementor-section elementor-top-section elementor-element elementor-element-0f5225d elementor-section-boxed elementor-section-height-default elementor-section-height-default\" data-id=\"0f5225d\" data-element_type=\"section\">\n\t\t\t\t\t\t<div class=\"elementor-container elementor-column-gap-default\">\n\t\t\t\t\t<div class=\"elementor-column elementor-col-100 elementor-top-column elementor-element elementor-element-c22bf6a\" data-id=\"c22bf6a\" data-element_type=\"column\">\n\t\t\t<div class=\"elementor-widget-wrap elementor-element-populated\">\n\t\t\t\t\t\t<div class=\"elementor-element elementor-element-397cc5e elementor-widget elementor-widget-image\" data-id=\"397cc5e\" data-element_type=\"widget\" data-widget_type=\"image.default\">\n\t\t\t\t<div class=\"elementor-widget-container\">\n\t\t\t\t\t\t\t\t\t\t\t\t\t\t\t<img loading=\"lazy\" decoding=\"async\" width=\"1500\" height=\"1500\" src=\"https:\/\/da-resin-art.com\/wp-content\/uploads\/2025\/01\/zegar-7.7.jpg\" class=\"attachment-full size-full wp-image-418\" alt=\"zegar z \u017cywic\u0105 czarny niebieski srebro da resin art\" srcset=\"https:\/\/da-resin-art.com\/wp-content\/uploads\/2025\/01\/zegar-7.7.jpg 1500w, https:\/\/da-resin-art.com\/wp-content\/uploads\/2025\/01\/zegar-7.7-300x300.jpg 300w, https:\/\/da-resin-art.com\/wp-content\/uploads\/2025\/01\/zegar-7.7-1024x1024.jpg 1024w, https:\/\/da-resin-art.com\/wp-content\/uploads\/2025\/01\/zegar-7.7-150x150.jpg 150w, https:\/\/da-resin-art.com\/wp-content\/uploads\/2025\/01\/zegar-7.7-768x768.jpg 768w, https:\/\/da-resin-art.com\/wp-content\/uploads\/2025\/01\/zegar-7.7-600x600.jpg 600w, https:\/\/da-resin-art.com\/wp-content\/uploads\/2025\/01\/zegar-7.7-100x100.jpg 100w\" sizes=\"(max-width: 1500px) 100vw, 1500px\" \/>\t\t\t\t\t\t\t\t\t\t\t\t\t\t\t<\/div>\n\t\t\t\t<\/div>\n\t\t\t\t\t<\/div>\n\t\t<\/div>\n\t\t\t\t\t<\/div>\n\t\t<\/section>\n\t\t\t\t<\/div>\n\t\t","protected":false},"excerpt":{"rendered":"<p>40 cm. Zegar \u015bcienny czarno-niebieski &#8212; wz\u00f3r wykonany z \u017cywicy epoksydowej. Dodatki- naturalne kamienie. Cichy mechanizm zegara.<\/p>\n<ul>\n<li><strong>Czarno-niebieski zegar \u015bcienny<\/strong> to wyj\u0105tkowy element dekoracyjny, zegar wykonany z \u017cywicy epoksydowej z niepowtarzalnym, artystycznym wzorem.<\/li>\n<li>Wzbogacony naturalnymi kamieniami, przyci\u0105ga uwag\u0119 i wnosi odrobin\u0119 luksusu oraz harmonii do ka\u017cdego wn\u0119trza.<\/li>\n<li>Cichy mechanizm zapewnia komfort u\u017cytkowania, idealny do przestrzeni, w kt\u00f3rych cenisz sobie cisz\u0119 i spok\u00f3j.<\/li>\n<li>G\u0142\u0119bia czerni i intensywno\u015b\u0107 niebieskiego tworz\u0105 elegancki kontrast, kt\u00f3ry dodaje charakteru Twojemu domowi lub biuru.<\/li>\n<li>Postaw na zegar z \u017cywic\u0105, kt\u00f3ry odmieni Twoje wn\u0119trze!<\/li>\n<\/ul>\n","protected":false},"featured_media":413,"template":"","meta":{"_acf_changed":false,"_kadence_starter_templates_imported_post":false,"_kad_post_transparent":"default","_kad_post_title":"","_kad_post_layout":"default","_kad_post_sidebar_id":"","_kad_post_content_style":"default","_kad_post_vertical_padding":"default","_kad_post_feature":"","_kad_post_feature_position":"","_kad_post_header":false,"_kad_post_footer":false},"product_brand":[],"product_cat":[18],"product_tag":[38,29],"class_list":{"0":"post-533","1":"product","2":"type-product","3":"status-publish","4":"has-post-thumbnail","6":"product_cat-galeria","7":"product_tag-sprzedany","8":"product_tag-wszystko","10":"first","11":"outofstock","12":"shipping-taxable","13":"purchasable","14":"product-type-simple","15":"entry","16":"content-bg","17":"loop-entry"},"acf":[],"_links":{"self":[{"href":"https:\/\/da-resin-art.com\/ru\/wp-json\/wp\/v2\/product\/533","targetHints":{"allow":["GET"]}}],"collection":[{"href":"https:\/\/da-resin-art.com\/ru\/wp-json\/wp\/v2\/product"}],"about":[{"href":"https:\/\/da-resin-art.com\/ru\/wp-json\/wp\/v2\/types\/product"}],"version-history":[{"count":21,"href":"https:\/\/da-resin-art.com\/ru\/wp-json\/wp\/v2\/product\/533\/revisions"}],"predecessor-version":[{"id":4285,"href":"https:\/\/da-resin-art.com\/ru\/wp-json\/wp\/v2\/product\/533\/revisions\/4285"}],"wp:featuredmedia":[{"embeddable":true,"href":"https:\/\/da-resin-art.com\/ru\/wp-json\/wp\/v2\/media\/413"}],"wp:attachment":[{"href":"https:\/\/da-resin-art.com\/ru\/wp-json\/wp\/v2\/media?parent=533"}],"wp:term":[{"taxonomy":"product_brand","embeddable":true,"href":"https:\/\/da-resin-art.com\/ru\/wp-json\/wp\/v2\/product_brand?post=533"},{"taxonomy":"product_cat","embeddable":true,"href":"https:\/\/da-resin-art.com\/ru\/wp-json\/wp\/v2\/product_cat?post=533"},{"taxonomy":"product_tag","embeddable":true,"href":"https:\/\/da-resin-art.com\/ru\/wp-json\/wp\/v2\/product_tag?post=533"}],"curies":[{"name":"wp","href":"https:\/\/api.w.org\/{rel}","templated":true}]}}