{"id":661,"date":"2025-01-27T21:19:29","date_gmt":"2025-01-27T20:19:29","guid":{"rendered":"https:\/\/da-resin-art.com\/?post_type=product&#038;p=661"},"modified":"2026-02-10T19:14:49","modified_gmt":"2026-02-10T18:14:49","slug":"zegar-galaxy","status":"publish","type":"product","link":"https:\/\/da-resin-art.com\/ru\/produkt\/zegar-galaxy\/","title":{"rendered":"Zegar \u015bcienny 40 cm &#171;Galaxy&#187;"},"content":{"rendered":"\t\t<div data-elementor-type=\"product-post\" data-elementor-id=\"661\" class=\"elementor elementor-661\" data-elementor-post-type=\"product\">\n\t\t\t\t\t\t<section class=\"elementor-section elementor-top-section elementor-element elementor-element-367b1f8 elementor-section-boxed elementor-section-height-default elementor-section-height-default\" data-id=\"367b1f8\" data-element_type=\"section\">\n\t\t\t\t\t\t<div class=\"elementor-container elementor-column-gap-default\">\n\t\t\t\t\t<div class=\"elementor-column elementor-col-100 elementor-top-column elementor-element elementor-element-4c2be78\" data-id=\"4c2be78\" data-element_type=\"column\">\n\t\t\t<div class=\"elementor-widget-wrap elementor-element-populated\">\n\t\t\t\t\t\t<div class=\"elementor-element elementor-element-01ed82f elementor-widget elementor-widget-image\" data-id=\"01ed82f\" data-element_type=\"widget\" data-widget_type=\"image.default\">\n\t\t\t\t<div class=\"elementor-widget-container\">\n\t\t\t\t\t\t\t\t\t\t\t\t\t\t\t<img fetchpriority=\"high\" decoding=\"async\" width=\"2000\" height=\"1125\" src=\"https:\/\/da-resin-art.com\/wp-content\/uploads\/2025\/01\/zegary-da-resinart-10.jpg\" class=\"attachment-full size-full wp-image-698\" alt=\"zegar z \u017cywic\u0105 galaxy da resin art\" srcset=\"https:\/\/da-resin-art.com\/wp-content\/uploads\/2025\/01\/zegary-da-resinart-10.jpg 2000w, https:\/\/da-resin-art.com\/wp-content\/uploads\/2025\/01\/zegary-da-resinart-10-300x169.jpg 300w, https:\/\/da-resin-art.com\/wp-content\/uploads\/2025\/01\/zegary-da-resinart-10-1024x576.jpg 1024w, https:\/\/da-resin-art.com\/wp-content\/uploads\/2025\/01\/zegary-da-resinart-10-768x432.jpg 768w, https:\/\/da-resin-art.com\/wp-content\/uploads\/2025\/01\/zegary-da-resinart-10-1536x864.jpg 1536w, https:\/\/da-resin-art.com\/wp-content\/uploads\/2025\/01\/zegary-da-resinart-10-600x338.jpg 600w\" sizes=\"(max-width: 2000px) 100vw, 2000px\" \/>\t\t\t\t\t\t\t\t\t\t\t\t\t\t\t<\/div>\n\t\t\t\t<\/div>\n\t\t\t\t\t<\/div>\n\t\t<\/div>\n\t\t\t\t\t<\/div>\n\t\t<\/section>\n\t\t\t\t<section class=\"elementor-section elementor-top-section elementor-element elementor-element-15a79c8 elementor-section-boxed elementor-section-height-default elementor-section-height-default\" data-id=\"15a79c8\" data-element_type=\"section\">\n\t\t\t\t\t\t<div class=\"elementor-container elementor-column-gap-default\">\n\t\t\t\t\t<div class=\"elementor-column elementor-col-100 elementor-top-column elementor-element elementor-element-a57d9bc\" data-id=\"a57d9bc\" data-element_type=\"column\">\n\t\t\t<div class=\"elementor-widget-wrap elementor-element-populated\">\n\t\t\t\t\t\t<div class=\"elementor-element elementor-element-a035fc2 elementor-widget elementor-widget-text-editor\" data-id=\"a035fc2\" data-element_type=\"widget\" data-widget_type=\"text-editor.default\">\n\t\t\t\t<div class=\"elementor-widget-container\">\n\t\t\t\t\t\t\t\t\t<p>\ud83d\udda4\u015arednica 40 cm.<\/p><p>\ud83d\udda4 Baza &#8212; MDF.<\/p><p>\ud83d\udda4Zegar \u015bcienny &#171;GALAXY&#187; &#8212; wz\u00f3r wykonany z \u017cywicy epoksydowej.<\/p><p>\ud83d\udda4Cichy mechanizm zegara.<\/p>\t\t\t\t\t\t\t\t<\/div>\n\t\t\t\t<\/div>\n\t\t\t\t\t<\/div>\n\t\t<\/div>\n\t\t\t\t\t<\/div>\n\t\t<\/section>\n\t\t\t\t<section class=\"elementor-section elementor-top-section elementor-element elementor-element-730b658 elementor-section-boxed elementor-section-height-default elementor-section-height-default\" data-id=\"730b658\" data-element_type=\"section\">\n\t\t\t\t\t\t<div class=\"elementor-container elementor-column-gap-default\">\n\t\t\t\t\t<div class=\"elementor-column elementor-col-33 elementor-top-column elementor-element elementor-element-a962bc2\" data-id=\"a962bc2\" data-element_type=\"column\">\n\t\t\t<div class=\"elementor-widget-wrap elementor-element-populated\">\n\t\t\t\t\t\t<div class=\"elementor-element elementor-element-d4f70c1 elementor-widget elementor-widget-video\" data-id=\"d4f70c1\" data-element_type=\"widget\" data-settings=\"{&quot;youtube_url&quot;:&quot;https:\\\/\\\/youtube.com\\\/watch?v=nmOvXi6m2xY?feature=share&quot;,&quot;video_type&quot;:&quot;youtube&quot;,&quot;controls&quot;:&quot;yes&quot;}\" data-widget_type=\"video.default\">\n\t\t\t\t<div class=\"elementor-widget-container\">\n\t\t\t\t\t\t\t<div class=\"elementor-wrapper elementor-open-inline\">\n\t\t\t<div class=\"elementor-video\"><\/div>\t\t<\/div>\n\t\t\t\t\t\t<\/div>\n\t\t\t\t<\/div>\n\t\t\t\t\t<\/div>\n\t\t<\/div>\n\t\t\t\t<div class=\"elementor-column elementor-col-33 elementor-top-column elementor-element elementor-element-955593d\" data-id=\"955593d\" data-element_type=\"column\">\n\t\t\t<div class=\"elementor-widget-wrap elementor-element-populated\">\n\t\t\t\t\t\t<div class=\"elementor-element elementor-element-2cc9e6d elementor-widget elementor-widget-image\" data-id=\"2cc9e6d\" data-element_type=\"widget\" data-widget_type=\"image.default\">\n\t\t\t\t<div class=\"elementor-widget-container\">\n\t\t\t\t\t\t\t\t\t\t\t\t\t\t\t<img decoding=\"async\" width=\"576\" height=\"1024\" src=\"https:\/\/da-resin-art.com\/wp-content\/uploads\/2024\/12\/zegary-da-resinart-3.4-576x1024.jpg\" class=\"attachment-large size-large wp-image-376\" alt=\"zegar z \u017cywic\u0105 galaxy da resin art\" srcset=\"https:\/\/da-resin-art.com\/wp-content\/uploads\/2024\/12\/zegary-da-resinart-3.4-576x1024.jpg 576w, https:\/\/da-resin-art.com\/wp-content\/uploads\/2024\/12\/zegary-da-resinart-3.4-169x300.jpg 169w, https:\/\/da-resin-art.com\/wp-content\/uploads\/2024\/12\/zegary-da-resinart-3.4-768x1364.jpg 768w, https:\/\/da-resin-art.com\/wp-content\/uploads\/2024\/12\/zegary-da-resinart-3.4-865x1536.jpg 865w, https:\/\/da-resin-art.com\/wp-content\/uploads\/2024\/12\/zegary-da-resinart-3.4-1153x2048.jpg 1153w, https:\/\/da-resin-art.com\/wp-content\/uploads\/2024\/12\/zegary-da-resinart-3.4-600x1066.jpg 600w, https:\/\/da-resin-art.com\/wp-content\/uploads\/2024\/12\/zegary-da-resinart-3.4.jpg 1364w\" sizes=\"(max-width: 576px) 100vw, 576px\" \/>\t\t\t\t\t\t\t\t\t\t\t\t\t\t\t<\/div>\n\t\t\t\t<\/div>\n\t\t\t\t\t<\/div>\n\t\t<\/div>\n\t\t\t\t<div class=\"elementor-column elementor-col-33 elementor-top-column elementor-element elementor-element-86cb227\" data-id=\"86cb227\" data-element_type=\"column\">\n\t\t\t<div class=\"elementor-widget-wrap elementor-element-populated\">\n\t\t\t\t\t\t<div class=\"elementor-element elementor-element-f6a346b elementor-widget elementor-widget-image\" data-id=\"f6a346b\" data-element_type=\"widget\" data-widget_type=\"image.default\">\n\t\t\t\t<div class=\"elementor-widget-container\">\n\t\t\t\t\t\t\t\t\t\t\t\t\t\t\t<img decoding=\"async\" width=\"576\" height=\"1024\" src=\"https:\/\/da-resin-art.com\/wp-content\/uploads\/2024\/12\/zegary-da-resinart-3.3-576x1024.jpg\" class=\"attachment-large size-large wp-image-377\" alt=\"zegar z \u017cywic\u0105 galaxy da resin art\" srcset=\"https:\/\/da-resin-art.com\/wp-content\/uploads\/2024\/12\/zegary-da-resinart-3.3-576x1024.jpg 576w, https:\/\/da-resin-art.com\/wp-content\/uploads\/2024\/12\/zegary-da-resinart-3.3-169x300.jpg 169w, https:\/\/da-resin-art.com\/wp-content\/uploads\/2024\/12\/zegary-da-resinart-3.3-768x1364.jpg 768w, https:\/\/da-resin-art.com\/wp-content\/uploads\/2024\/12\/zegary-da-resinart-3.3-865x1536.jpg 865w, https:\/\/da-resin-art.com\/wp-content\/uploads\/2024\/12\/zegary-da-resinart-3.3-1153x2048.jpg 1153w, https:\/\/da-resin-art.com\/wp-content\/uploads\/2024\/12\/zegary-da-resinart-3.3-600x1066.jpg 600w, https:\/\/da-resin-art.com\/wp-content\/uploads\/2024\/12\/zegary-da-resinart-3.3.jpg 1364w\" sizes=\"(max-width: 576px) 100vw, 576px\" \/>\t\t\t\t\t\t\t\t\t\t\t\t\t\t\t<\/div>\n\t\t\t\t<\/div>\n\t\t\t\t\t<\/div>\n\t\t<\/div>\n\t\t\t\t\t<\/div>\n\t\t<\/section>\n\t\t\t\t<section class=\"elementor-section elementor-top-section elementor-element elementor-element-64a62cc elementor-section-boxed elementor-section-height-default elementor-section-height-default\" data-id=\"64a62cc\" data-element_type=\"section\">\n\t\t\t\t\t\t<div class=\"elementor-container elementor-column-gap-default\">\n\t\t\t\t\t<div class=\"elementor-column elementor-col-100 elementor-top-column elementor-element elementor-element-d15bca8\" data-id=\"d15bca8\" data-element_type=\"column\">\n\t\t\t<div class=\"elementor-widget-wrap elementor-element-populated\">\n\t\t\t\t\t\t<div class=\"elementor-element elementor-element-7d7e219 elementor-widget elementor-widget-text-editor\" data-id=\"7d7e219\" data-element_type=\"widget\" data-widget_type=\"text-editor.default\">\n\t\t\t\t<div class=\"elementor-widget-container\">\n\t\t\t\t\t\t\t\t\t<p>\ud83c\udf0c\u2728 <strong>Zegar \u015bcienny &#171;GALAXY&#187; \u2013 kosmiczny akcent w Twoim wn\u0119trzu!<\/strong> \u2728\ud83c\udf0c<\/p><p>Nowoczesny design inspirowany wszech\u015bwiatem, wykonany z \u017cywicy epoksydowej z niepowtarzalnym wzorem. Cichy mechanizm zapewnia harmoni\u0119, a unikalna kolorystyka dodaje wn\u0119trzu g\u0142\u0119bi i charakteru.<\/p><p>\ud83d\udd39 <strong>Styl, kt\u00f3ry przenosi w inny wymiar!<\/strong> \ud83d\udd39<\/p><p>\ud83d\uded2 <strong>Kup teraz lub zam\u00f3w personalizowan\u0105 wersj\u0119!<\/strong> \ud83d\ude80<\/p>\t\t\t\t\t\t\t\t<\/div>\n\t\t\t\t<\/div>\n\t\t\t\t\t<\/div>\n\t\t<\/div>\n\t\t\t\t\t<\/div>\n\t\t<\/section>\n\t\t\t\t<\/div>\n\t\t","protected":false},"excerpt":{"rendered":"<p>40 cm. Zegar \u015bcienny &#171;GALAXY&#187; &#8212; wz\u00f3r wykonany z \u017cywicy epoksydowej. Cichy mechanizm zegara.<\/p>\n<ul>\n<li><strong>Zegar \u015bcienny &#171;GALAXY&#187;<\/strong> to po\u0142\u0105czenie nowoczesnego designu z magi\u0105 kosmosu \u2013 ka\u017cdy detal zosta\u0142 wykonany z pasj\u0105, tworz\u0105c niepowtarzalny wz\u00f3r z \u017cywicy epoksydowej. \u2728<\/li>\n<li>Dzi\u0119ki cichemu mechanizmowi zegar dzia\u0142a bezszelestnie, zapewniaj\u0105c harmoni\u0119 i spok\u00f3j w Twoim wn\u0119trzu.<\/li>\n<li>Idealnie sprawdzi si\u0119 jako oryginalny dodatek do salonu, biura lub sypialni, nadaj\u0105c przestrzeni wyj\u0105tkowego charakteru.<\/li>\n<li>Wyj\u0105tkowa struktura i kolory sprawiaj\u0105, \u017ce zegar &#171;GALAXY&#187; jest unikatowym dzie\u0142em sztuki.<\/li>\n<li>Wybierz zegar, kt\u00f3ry odmierza czas w kosmicznym stylu!<\/li>\n<\/ul>\n","protected":false},"featured_media":280,"template":"","meta":{"_acf_changed":false,"_kadence_starter_templates_imported_post":false,"_kad_post_transparent":"default","_kad_post_title":"hide","_kad_post_layout":"default","_kad_post_sidebar_id":"","_kad_post_content_style":"default","_kad_post_vertical_padding":"default","_kad_post_feature":"hide","_kad_post_feature_position":"","_kad_post_header":false,"_kad_post_footer":false},"product_brand":[],"product_cat":[18],"product_tag":[28,29],"class_list":{"0":"post-661","1":"product","2":"type-product","3":"status-publish","4":"has-post-thumbnail","6":"product_cat-galeria","7":"product_tag-dostepne","8":"product_tag-wszystko","10":"first","11":"instock","12":"shipping-taxable","13":"purchasable","14":"product-type-simple","15":"entry","16":"content-bg","17":"loop-entry"},"acf":[],"_links":{"self":[{"href":"https:\/\/da-resin-art.com\/ru\/wp-json\/wp\/v2\/product\/661","targetHints":{"allow":["GET"]}}],"collection":[{"href":"https:\/\/da-resin-art.com\/ru\/wp-json\/wp\/v2\/product"}],"about":[{"href":"https:\/\/da-resin-art.com\/ru\/wp-json\/wp\/v2\/types\/product"}],"version-history":[{"count":14,"href":"https:\/\/da-resin-art.com\/ru\/wp-json\/wp\/v2\/product\/661\/revisions"}],"predecessor-version":[{"id":4282,"href":"https:\/\/da-resin-art.com\/ru\/wp-json\/wp\/v2\/product\/661\/revisions\/4282"}],"wp:featuredmedia":[{"embeddable":true,"href":"https:\/\/da-resin-art.com\/ru\/wp-json\/wp\/v2\/media\/280"}],"wp:attachment":[{"href":"https:\/\/da-resin-art.com\/ru\/wp-json\/wp\/v2\/media?parent=661"}],"wp:term":[{"taxonomy":"product_brand","embeddable":true,"href":"https:\/\/da-resin-art.com\/ru\/wp-json\/wp\/v2\/product_brand?post=661"},{"taxonomy":"product_cat","embeddable":true,"href":"https:\/\/da-resin-art.com\/ru\/wp-json\/wp\/v2\/product_cat?post=661"},{"taxonomy":"product_tag","embeddable":true,"href":"https:\/\/da-resin-art.com\/ru\/wp-json\/wp\/v2\/product_tag?post=661"}],"curies":[{"name":"wp","href":"https:\/\/api.w.org\/{rel}","templated":true}]}}